
{"id":1628,"date":"2025-08-29T12:34:24","date_gmt":"2025-08-29T10:34:24","guid":{"rendered":"https:\/\/bno-travel.com\/?page_id=1628"},"modified":"2025-08-29T13:52:59","modified_gmt":"2025-08-29T11:52:59","slug":"leigubill","status":"publish","type":"page","link":"https:\/\/bno-travel.com\/is\/leigubill\/","title":{"rendered":"Leigub\u00edll"},"content":{"rendered":"\n<div class=\"wp-block-cover alignfull\" style=\"margin-top:0;margin-bottom:0;padding-top:var(--wp--preset--spacing--20);padding-right:var(--wp--preset--spacing--40);padding-bottom:var(--wp--preset--spacing--20);padding-left:var(--wp--preset--spacing--40)\"><img data-recalc-dims=\"1\" fetchpriority=\"high\" decoding=\"async\" width=\"1024\" height=\"341\" class=\"wp-block-cover__image-background wp-image-904 size-large\" alt=\"\" src=\"https:\/\/i0.wp.com\/bno-travel.com\/wp-content\/uploads\/2025\/06\/AdobeStock_460444160.jpeg?resize=1024%2C341&#038;ssl=1\" data-object-fit=\"cover\" srcset=\"https:\/\/i0.wp.com\/bno-travel.com\/wp-content\/uploads\/2025\/06\/AdobeStock_460444160.jpeg?resize=1024%2C341&amp;ssl=1 1024w, https:\/\/i0.wp.com\/bno-travel.com\/wp-content\/uploads\/2025\/06\/AdobeStock_460444160.jpeg?resize=300%2C100&amp;ssl=1 300w, https:\/\/i0.wp.com\/bno-travel.com\/wp-content\/uploads\/2025\/06\/AdobeStock_460444160.jpeg?resize=768%2C256&amp;ssl=1 768w, https:\/\/i0.wp.com\/bno-travel.com\/wp-content\/uploads\/2025\/06\/AdobeStock_460444160.jpeg?resize=1536%2C512&amp;ssl=1 1536w, https:\/\/i0.wp.com\/bno-travel.com\/wp-content\/uploads\/2025\/06\/AdobeStock_460444160.jpeg?resize=2048%2C683&amp;ssl=1 2048w, https:\/\/i0.wp.com\/bno-travel.com\/wp-content\/uploads\/2025\/06\/AdobeStock_460444160.jpeg?w=3000&amp;ssl=1 3000w\" sizes=\"(max-width: 1000px) 100vw, 1000px\" \/><span aria-hidden=\"true\" class=\"wp-block-cover__background has-theme-1-background-color has-background-dim-30 has-background-dim\"><\/span><div class=\"wp-block-cover__inner-container is-layout-flow wp-block-cover-is-layout-flow\">\n<div style=\"height:var(--wp--preset--spacing--50)\" aria-hidden=\"true\" class=\"wp-block-spacer\"><\/div>\n\n\n\n<div class=\"wp-block-group has-global-padding is-layout-constrained wp-block-group-is-layout-constrained\">\n<div class=\"wp-block-buttons is-content-justification-center is-layout-flex wp-container-core-buttons-is-layout-a0cd93e3 wp-block-buttons-is-layout-flex\"><\/div>\n<\/div>\n\n\n\n<div style=\"height:var(--wp--preset--spacing--50)\" aria-hidden=\"true\" class=\"wp-block-spacer\"><\/div>\n<\/div><\/div>\n\n<div class=\"wp-block-group alignfull is-style-section-2 has-global-padding is-content-justification-center is-layout-constrained wp-container-core-group-is-layout-d6182406 wp-block-group-is-layout-constrained\" style=\"margin-top:0;margin-bottom:0;padding-top:var(--wp--preset--spacing--50);padding-bottom:var(--wp--preset--spacing--30)\">\n<h2 class=\"wp-block-heading alignwide wp-container-content-958eb9dc\">b\u00f3ka b\u00edlaleigub\u00edla um allan heim  <\/h2>\n\n\n\n<p class=\"wp-block-paragraph\">[bno_cartrawler mode=&#8220;hosted&#8220; locale=&#8220;no&#8220; lang=&#8220;no&#8220; currency=&#8220;NOK&#8220; pickupid=&#8220;4410&#8243; returnid=&#8220;4410&#8243; pickupdate=&#8220;2025-08-30T10:00&#8243; returndate=&#8220;2025-08-31T10:00&#8243; residenceid=&#8220;NO&#8220; age=&#8220;30&#8243;]\n\n<\/p>\n<\/div>\n","protected":false},"excerpt":{"rendered":"<p>b\u00f3ka b\u00edlaleigub\u00edla um allan heim [bno_cartrawler mode=&#8220;hosted&#8220; locale=&#8220;no&#8220; lang=&#8220;no&#8220; currency=&#8220;NOK&#8220; pickupid=&#8220;4410&#8243; returnid=&#8220;4410&#8243; pickupdate=&#8220;2025-08-30T10:00&#8243; returndate=&#8220;2025-08-31T10:00&#8243; residenceid=&#8220;NO&#8220; age=&#8220;30&#8243;]<\/p>\n","protected":false},"author":260013438,"featured_media":0,"parent":0,"menu_order":0,"comment_status":"closed","ping_status":"closed","template":"","meta":{"_crdt_document":"","jetpack_post_was_ever_published":false,"footnotes":""},"class_list":["post-1628","page","type-page","status-publish","hentry"],"jetpack_likes_enabled":true,"jetpack_sharing_enabled":true,"jetpack_shortlink":"https:\/\/wp.me\/PgDuwj-qg","jetpack-related-posts":[{"id":3952,"url":"https:\/\/bno-travel.com\/is\/hundasledaferd-i-salen\/","url_meta":{"origin":1628,"position":0},"title":"Hundasle\u00f0afer\u00f0 \u00ed S\u00e4len","author":"Jan Terje \u00c5s","date":"18. j\u00fal\u00ed, 2025","format":false,"excerpt":"Hundasle\u00f0afer\u00f0 \u00ed S\u00e4len \u2013 Upplif\u00f0u alv\u00f6ru vetrargaldra \u00e1 bak vi\u00f0 hundasle\u00f0a Velkomin til S\u00e4len \u2013 vetrarparad\u00edsar \u00fear sem \u00fe\u00fa getur ekki a\u00f0eins fari\u00f0 \u00e1 sk\u00ed\u00f0i heldur einnig upplifa\u00f0 fj\u00f6llin \u00e1 alveg n\u00fdjan h\u00e1tt. Hundasle\u00f0afer\u00f0 \u00ed S\u00e4len er t\u00f6frandi n\u00e1tt\u00faruupplifun sem tekur \u00feig \u00fat \u00ed kyrrl\u00e1ta, sn\u00e6vi\u00feakta sk\u00f3ga og opnar sl\u00e9ttur\u2026","rel":"","context":"Similar post","block_context":{"text":"Similar post","link":""},"img":{"alt_text":"Hundekj\u00f8ring i Trysil","src":"https:\/\/i0.wp.com\/bno-travel.com\/wp-content\/uploads\/2025\/07\/AdobeStock_198754456.jpeg?resize=350%2C200&ssl=1","width":350,"height":200,"srcset":"https:\/\/i0.wp.com\/bno-travel.com\/wp-content\/uploads\/2025\/07\/AdobeStock_198754456.jpeg?resize=350%2C200&ssl=1 1x, https:\/\/i0.wp.com\/bno-travel.com\/wp-content\/uploads\/2025\/07\/AdobeStock_198754456.jpeg?resize=525%2C300&ssl=1 1.5x, https:\/\/i0.wp.com\/bno-travel.com\/wp-content\/uploads\/2025\/07\/AdobeStock_198754456.jpeg?resize=700%2C400&ssl=1 2x, https:\/\/i0.wp.com\/bno-travel.com\/wp-content\/uploads\/2025\/07\/AdobeStock_198754456.jpeg?resize=1050%2C600&ssl=1 3x, https:\/\/i0.wp.com\/bno-travel.com\/wp-content\/uploads\/2025\/07\/AdobeStock_198754456.jpeg?resize=1400%2C800&ssl=1 4x"},"classes":[]}],"_links":{"self":[{"href":"https:\/\/bno-travel.com\/is\/wp-json\/wp\/v2\/pages\/1628","targetHints":{"allow":["GET"]}}],"collection":[{"href":"https:\/\/bno-travel.com\/is\/wp-json\/wp\/v2\/pages"}],"about":[{"href":"https:\/\/bno-travel.com\/is\/wp-json\/wp\/v2\/types\/page"}],"author":[{"embeddable":true,"href":"https:\/\/bno-travel.com\/is\/wp-json\/wp\/v2\/users\/260013438"}],"replies":[{"embeddable":true,"href":"https:\/\/bno-travel.com\/is\/wp-json\/wp\/v2\/comments?post=1628"}],"version-history":[{"count":14,"href":"https:\/\/bno-travel.com\/is\/wp-json\/wp\/v2\/pages\/1628\/revisions"}],"predecessor-version":[{"id":9147,"href":"https:\/\/bno-travel.com\/is\/wp-json\/wp\/v2\/pages\/1628\/revisions\/9147"}],"wp:attachment":[{"href":"https:\/\/bno-travel.com\/is\/wp-json\/wp\/v2\/media?parent=1628"}],"curies":[{"name":"wp","href":"https:\/\/api.w.org\/{rel}","templated":true}]}}