{"id":2712,"date":"2025-07-11T13:50:20","date_gmt":"2025-07-11T11:50:20","guid":{"rendered":"https:\/\/bno-travel.com\/?page_id=2712"},"modified":"2025-07-11T13:51:01","modified_gmt":"2025-07-11T11:51:01","slug":"hafdu-samband-vid-okkur","status":"publish","type":"page","link":"https:\/\/bno-travel.com\/is\/hafdu-samband-vid-okkur\/","title":{"rendered":"Haf\u00f0u samband vi\u00f0 okkur"},"content":{"rendered":"\n<div class=\"wp-block-group alignfull is-layout-constrained wp-container-core-group-is-layout-082b0574 wp-block-group-is-layout-constrained\" style=\"padding-top:var(--wp--preset--spacing--50);padding-bottom:var(--wp--preset--spacing--40)\">\n<div class=\"wp-block-columns alignwide is-layout-flex wp-container-core-columns-is-layout-632e7d69 wp-block-columns-is-layout-flex\">\n<div class=\"wp-block-column is-layout-flow wp-container-core-column-is-layout-5185c3d0 wp-block-column-is-layout-flow\" style=\"flex-basis:50%\">\n<h2 class=\"wp-block-heading\"><\/h2>\n\n\n\n<figure class=\"wp-block-image size-full is-resized\"><img data-recalc-dims=\"1\" fetchpriority=\"high\" decoding=\"async\" width=\"732\" height=\"924\" src=\"https:\/\/i0.wp.com\/bno-travel.com\/wp-content\/uploads\/2025\/06\/AdobeStock_182554441-e1750784403298.jpeg?resize=732%2C924&#038;ssl=1\" alt=\"\" class=\"wp-image-887\" style=\"aspect-ratio:1;object-fit:cover;width:501px;height:auto\" srcset=\"https:\/\/i0.wp.com\/bno-travel.com\/wp-content\/uploads\/2025\/06\/AdobeStock_182554441-e1750784403298.jpeg?w=732&amp;ssl=1 732w, https:\/\/i0.wp.com\/bno-travel.com\/wp-content\/uploads\/2025\/06\/AdobeStock_182554441-e1750784403298.jpeg?resize=238%2C300&amp;ssl=1 238w\" sizes=\"(max-width: 732px) 100vw, 732px\" \/><\/figure>\n<\/div>\n\n\n\n<div class=\"wp-block-column is-layout-flow wp-container-core-column-is-layout-23912308 wp-block-column-is-layout-flow\" style=\"flex-basis:50%\">\n<p class=\"wp-block-paragraph\">Hefur \u00fe\u00fa einhverjar spurningar um fer\u00f0al\u00f6g, b\u00f3kanir e\u00f0a \u00fej\u00f3nustu okkar? Vi\u00f0 a\u00f0sto\u00f0um \u00feig me\u00f0 \u00e1n\u00e6gju! <\/p>\n\n\n\n<p class=\"wp-block-paragraph\"><br\/>Fylli\u00f0 \u00fat tengili\u00f0sey\u00f0ubla\u00f0i\u00f0, sendi\u00f0 okkur t\u00f6lvup\u00f3st e\u00f0a hringi\u00f0 \u2013 og vi\u00f0 sv\u00f6rum ykkur eins flj\u00f3tt og au\u00f0i\u00f0 er.<\/p>\n\n\n<\/div>\n<\/div>\n\n\n\n<div class=\"wp-block-group alignfull has-background-color has-foreground-background-color has-text-color has-background has-link-color wp-elements-badd51add40a58b36e63781d1fc09524 is-layout-flow wp-block-group-is-layout-flow\" style=\"padding-top:0;padding-right:var(--wp--preset--spacing--40);padding-bottom:0;padding-left:var(--wp--preset--spacing--40)\">\n<div class=\"wp-block-jetpack-map is-style-default\" data-map-id=\"jp-map-1\" data-map-provider=\"mapkit\" data-api-key=\"pk.eyJ1IjoiYXV0b21hdHRpYyIsImEiOiJjazVpZjA5aWswYTFvM21sOWtzNW1rNG9lIn0.Gu-sp4wRxnnQB-Qa8CpuZQ\" data-map-style=\"default\" data-blog-id=\"245833491\"><ul><li><a href=\"https:\/\/www.google.com\/maps\/search\/?api=1&amp;query=61.300231,12.2643206\" target=\"_blank\" rel=\"noopener\">Vestmovegen 7, 2420 Trysil, Noregi<\/a><\/li><\/ul><\/div>\n<\/div>\n<\/div>\n","protected":false},"excerpt":{"rendered":"<p>Hefur \u00fe\u00fa einhverjar spurningar um fer\u00f0al\u00f6g, b\u00f3kanir e\u00f0a \u00fej\u00f3nustu okkar? Vi\u00f0 a\u00f0sto\u00f0um \u00feig me\u00f0 \u00e1n\u00e6gju! Fylli\u00f0 \u00fat tengili\u00f0sey\u00f0ubla\u00f0i\u00f0, sendi\u00f0 okkur t\u00f6lvup\u00f3st e\u00f0a hringi\u00f0 \u2013 og vi\u00f0 sv\u00f6rum ykkur eins flj\u00f3tt og au\u00f0i\u00f0 er.<\/p>\n","protected":false},"author":260013438,"featured_media":0,"parent":0,"menu_order":0,"comment_status":"closed","ping_status":"closed","template":"","meta":{"_crdt_document":"","footnotes":""},"class_list":["post-2712","page","type-page","status-publish","hentry"],"jetpack_likes_enabled":true,"jetpack_sharing_enabled":true,"jetpack_shortlink":"https:\/\/wp.me\/PgDuwj-HK","jetpack-related-posts":[{"id":11515,"url":"https:\/\/bno-travel.com\/is\/viltu-vita-meira-um-leiguhusnaedi\/","url_meta":{"origin":2712,"position":0},"title":"Viltu vita meira um leiguh\u00fasn\u00e6\u00f0i?","author":"Jan Terje \u00c5s","date":"29. september, 2025","format":false,"excerpt":"Haf\u00f0u samband vi\u00f0 okkur \u00ed dag!","rel":"","context":"Similar post","block_context":{"text":"Similar post","link":""},"img":{"alt_text":"","src":"","width":0,"height":0},"classes":[]},{"id":4559,"url":"https:\/\/bno-travel.com\/is\/personuvernd\/","url_meta":{"origin":2712,"position":1},"title":"Pers\u00f3nuvernd","author":"Jan Terje \u00c5s","date":"11. j\u00fal\u00ed, 2025","format":false,"excerpt":"Pers\u00f3nuverndarstefna Pers\u00f3nuverndarstefna \u00deessi pers\u00f3nuverndarstefna fjallar um hvernig BNO TRAVEL safnar og notar pers\u00f3nuuppl\u00fdsingar um \u00feig. Vi\u00f0 notum vafrak\u00f6kur \u00e1 bno-travel.com. Me\u00f0 \u00fev\u00ed a\u00f0 nota vefs\u00ed\u00f0u okkar me\u00f0 vafrak\u00f6kur virkja\u00f0ar \u00ed vafranum \u00fe\u00ednum (sem er sj\u00e1lfgefi\u00f0) sam\u00feykkir \u00fe\u00fa a\u00f0 vi\u00f0 geymum vafrak\u00f6kur til a\u00f0 veita \u00fej\u00f3nustu okkar. Ef \u00fe\u00fa vilt getur\u00f0u\u2026","rel":"","context":"Similar post","block_context":{"text":"Similar post","link":""},"img":{"alt_text":"","src":"","width":0,"height":0},"classes":[]},{"id":11579,"url":"https:\/\/bno-travel.com\/is\/hysing-bno-travel\/","url_meta":{"origin":2712,"position":2},"title":"H\u00fdsing \u2013 BNO Travel","author":"Jan Terje \u00c5s","date":"29. september, 2025","format":false,"excerpt":"H\u00fdsing hj\u00e1 BNO Travel: BNO Travel s\u00e9r um yfirs\u00fdn, b\u00f3kun og gestastj\u00f3rnun, en \u00fe\u00fa heldur stj\u00f3rninni. Kostir \u00feess a\u00f0 nota BNO Travel L\u00e1gt \u00fe\u00f3knun \u2013 a\u00f0eins 3% til BNO Travel. (Haf\u00f0u samband vi\u00f0 okkur og vi\u00f0 s\u00fdnum \u00fe\u00e9r \u00fatreikninginn) Vikuleg grei\u00f0sla beint inn \u00e1 reikninginn \u00feinn. Full stj\u00f3rn \u00e1 eigin\u2026","rel":"","context":"Similar post","block_context":{"text":"Similar post","link":""},"img":{"alt_text":"Utleie av hytter i Trysil & S\u00e4len","src":"https:\/\/i0.wp.com\/bno-travel.com\/wp-content\/uploads\/2025\/09\/10001-Fagerasen1120_3616.jpg?resize=350%2C200&ssl=1","width":350,"height":200,"srcset":"https:\/\/i0.wp.com\/bno-travel.com\/wp-content\/uploads\/2025\/09\/10001-Fagerasen1120_3616.jpg?resize=350%2C200&ssl=1 1x, https:\/\/i0.wp.com\/bno-travel.com\/wp-content\/uploads\/2025\/09\/10001-Fagerasen1120_3616.jpg?resize=525%2C300&ssl=1 1.5x, https:\/\/i0.wp.com\/bno-travel.com\/wp-content\/uploads\/2025\/09\/10001-Fagerasen1120_3616.jpg?resize=700%2C400&ssl=1 2x, https:\/\/i0.wp.com\/bno-travel.com\/wp-content\/uploads\/2025\/09\/10001-Fagerasen1120_3616.jpg?resize=1050%2C600&ssl=1 3x, https:\/\/i0.wp.com\/bno-travel.com\/wp-content\/uploads\/2025\/09\/10001-Fagerasen1120_3616.jpg?resize=1400%2C800&ssl=1 4x"},"classes":[]},{"id":34749,"url":"https:\/\/bno-travel.com\/is\/opinberir-skilmalar\/","url_meta":{"origin":2712,"position":3},"title":"Opinberir skilm\u00e1lar","author":"Jan Terje \u00c5s","date":"13. apr\u00edl, 2026","format":false,"excerpt":"Skilm\u00e1lar samstarfsa\u00f0ila Opinberir skilm\u00e1lar og samstarfsreglur fyrir faga\u00f0ila \u00ed gistingu \u00deessi s\u00ed\u00f0a l\u00fdsir meginreglum um samstarf BNO Travel og faglegra gisti\u00fej\u00f3nustua\u00f0ila. Vi\u00f0skiptam\u00f3del, einst\u00f6k skilyr\u00f0i og s\u00e9rt\u00e6k uppsetning fyrir samstarfsa\u00f0ila er sami\u00f0 s\u00e9rstaklega \u00ed s\u00e9rst\u00f6kum samstarfssamningi. Lestu skilm\u00e1lana Haf\u00f0u samband vi\u00f0 okkur Fyrir samstarfsa\u00f0ila Mews Sk\u00fdrt rammaverk fyrir samstarf, tengsl og\u2026","rel":"","context":"Similar post","block_context":{"text":"Similar post","link":""},"img":{"alt_text":"","src":"","width":0,"height":0},"classes":[]},{"id":4063,"url":"https:\/\/bno-travel.com\/is\/heilsulind-og-bad-i-trysil\/","url_meta":{"origin":2712,"position":4},"title":"Heilsulind og ba\u00f0 \u00ed Trysil","author":"Jan Terje \u00c5s","date":"18. j\u00fal\u00ed, 2025","format":false,"excerpt":"Heilsulind og ba\u00f0 \u00ed Trysil \u2013 Sl\u00f6kun og vell\u00ed\u00f0an \u00e1 fj\u00f6llum Trysil er ekki bara fyrir \u00fe\u00e1 sem s\u00e6kjast eftir hra\u00f0a og spennu \u2013 \u00fea\u00f0 er l\u00edka \u00e1fangasta\u00f0ur fyrir \u00fe\u00e1 sem leita a\u00f0 fri\u00f0i, vell\u00ed\u00f0an og sannri fjallasl\u00f6ppun. Me\u00f0 g\u00f3\u00f0u \u00farvali af heilsulindum og sundupplifunum, b\u00e6\u00f0i fyrir fj\u00f6lskyldur og p\u00f6r,\u2026","rel":"","context":"Similar post","block_context":{"text":"Similar post","link":""},"img":{"alt_text":"Spa og bad i Trysil","src":"https:\/\/i0.wp.com\/bno-travel.com\/wp-content\/uploads\/2025\/07\/52199820901_706171c188_c.jpg?resize=350%2C200&ssl=1","width":350,"height":200,"srcset":"https:\/\/i0.wp.com\/bno-travel.com\/wp-content\/uploads\/2025\/07\/52199820901_706171c188_c.jpg?resize=350%2C200&ssl=1 1x, https:\/\/i0.wp.com\/bno-travel.com\/wp-content\/uploads\/2025\/07\/52199820901_706171c188_c.jpg?resize=525%2C300&ssl=1 1.5x, https:\/\/i0.wp.com\/bno-travel.com\/wp-content\/uploads\/2025\/07\/52199820901_706171c188_c.jpg?resize=700%2C400&ssl=1 2x"},"classes":[]},{"id":3842,"url":"https:\/\/bno-travel.com\/is\/heilsulind-og-bad-i-salen\/","url_meta":{"origin":2712,"position":5},"title":"Heilsulind og ba\u00f0 \u00ed S\u00e4len","author":"Jan Terje \u00c5s","date":"18. j\u00fal\u00ed, 2025","format":false,"excerpt":"Heilsulind og ba\u00f0 \u00ed S\u00e4len \u2013 Vell\u00ed\u00f0an og sl\u00f6kun \u00ed fjallaumhverfi S\u00e4len sn\u00fdst ekki bara um sk\u00ed\u00f0i, hj\u00f3lrei\u00f0ar og \u00fativist \u2013 \u00fea\u00f0 er l\u00edka fr\u00e1b\u00e6r \u00e1fangasta\u00f0ur fyrir \u00fe\u00e1 sem leita a\u00f0 fri\u00f0i, bata og sannri fjallasamlyndi. Hvort sem \u00fe\u00fa kemur \u00ed r\u00f3mant\u00edska helgi, fj\u00f6lskyldufr\u00ed e\u00f0a vilt bara hla\u00f0a batter\u00edin eftir\u2026","rel":"","context":"Similar post","block_context":{"text":"Similar post","link":""},"img":{"alt_text":"","src":"https:\/\/i0.wp.com\/bno-travel.com\/wp-content\/uploads\/2025\/07\/52200128044_b550a6c33d_c.jpg?resize=350%2C200&ssl=1","width":350,"height":200,"srcset":"https:\/\/i0.wp.com\/bno-travel.com\/wp-content\/uploads\/2025\/07\/52200128044_b550a6c33d_c.jpg?resize=350%2C200&ssl=1 1x, https:\/\/i0.wp.com\/bno-travel.com\/wp-content\/uploads\/2025\/07\/52200128044_b550a6c33d_c.jpg?resize=525%2C300&ssl=1 1.5x, https:\/\/i0.wp.com\/bno-travel.com\/wp-content\/uploads\/2025\/07\/52200128044_b550a6c33d_c.jpg?resize=700%2C400&ssl=1 2x"},"classes":[]}],"_links":{"self":[{"href":"https:\/\/bno-travel.com\/is\/wp-json\/wp\/v2\/pages\/2712","targetHints":{"allow":["GET"]}}],"collection":[{"href":"https:\/\/bno-travel.com\/is\/wp-json\/wp\/v2\/pages"}],"about":[{"href":"https:\/\/bno-travel.com\/is\/wp-json\/wp\/v2\/types\/page"}],"author":[{"embeddable":true,"href":"https:\/\/bno-travel.com\/is\/wp-json\/wp\/v2\/users\/260013438"}],"replies":[{"embeddable":true,"href":"https:\/\/bno-travel.com\/is\/wp-json\/wp\/v2\/comments?post=2712"}],"version-history":[{"count":4,"href":"https:\/\/bno-travel.com\/is\/wp-json\/wp\/v2\/pages\/2712\/revisions"}],"predecessor-version":[{"id":4975,"href":"https:\/\/bno-travel.com\/is\/wp-json\/wp\/v2\/pages\/2712\/revisions\/4975"}],"wp:attachment":[{"href":"https:\/\/bno-travel.com\/is\/wp-json\/wp\/v2\/media?parent=2712"}],"curies":[{"name":"wp","href":"https:\/\/api.w.org\/{rel}","templated":true}]}}