{"id":2857,"date":"2025-07-11T13:54:41","date_gmt":"2025-07-11T11:54:41","guid":{"rendered":"https:\/\/bno-travel.com\/?page_id=2857"},"modified":"2026-04-03T12:39:07","modified_gmt":"2026-04-03T10:39:07","slug":"ferdin-hingad-til-salenfjellet","status":"publish","type":"page","link":"https:\/\/bno-travel.com\/is\/ferdin-hingad-til-salenfjellet\/","title":{"rendered":"Fer\u00f0in hinga\u00f0 til S\u00e4lenfjellet"},"content":{"rendered":"\n<div class=\"wp-block-group alignfull is-content-justification-center is-layout-constrained wp-block-group-is-layout-constrained\" style=\"margin-top:0;margin-bottom:0;padding-top:var(--wp--preset--spacing--40);padding-bottom:var(--wp--preset--spacing--40)\">\n<figure class=\"wp-block-image alignwide size-full aspect-16\/9\"><img data-recalc-dims=\"1\" fetchpriority=\"high\" decoding=\"async\" width=\"800\" height=\"528\" src=\"https:\/\/i0.wp.com\/bno-travel.com\/wp-content\/uploads\/2025\/06\/AdobeStock_121113275-e1751307052527.jpeg?resize=800%2C528&#038;ssl=1\" alt=\"\" class=\"wp-image-2549\" srcset=\"https:\/\/i0.wp.com\/bno-travel.com\/wp-content\/uploads\/2025\/06\/AdobeStock_121113275-e1751307052527.jpeg?w=2545&amp;ssl=1 2545w, https:\/\/i0.wp.com\/bno-travel.com\/wp-content\/uploads\/2025\/06\/AdobeStock_121113275-e1751307052527.jpeg?resize=300%2C198&amp;ssl=1 300w, https:\/\/i0.wp.com\/bno-travel.com\/wp-content\/uploads\/2025\/06\/AdobeStock_121113275-e1751307052527.jpeg?resize=1024%2C676&amp;ssl=1 1024w, https:\/\/i0.wp.com\/bno-travel.com\/wp-content\/uploads\/2025\/06\/AdobeStock_121113275-e1751307052527.jpeg?resize=768%2C507&amp;ssl=1 768w, https:\/\/i0.wp.com\/bno-travel.com\/wp-content\/uploads\/2025\/06\/AdobeStock_121113275-e1751307052527.jpeg?resize=1536%2C1014&amp;ssl=1 1536w, https:\/\/i0.wp.com\/bno-travel.com\/wp-content\/uploads\/2025\/06\/AdobeStock_121113275-e1751307052527.jpeg?resize=2048%2C1352&amp;ssl=1 2048w, https:\/\/i0.wp.com\/bno-travel.com\/wp-content\/uploads\/2025\/06\/AdobeStock_121113275-e1751307052527.jpeg?w=1600&amp;ssl=1 1600w, https:\/\/i0.wp.com\/bno-travel.com\/wp-content\/uploads\/2025\/06\/AdobeStock_121113275-e1751307052527.jpeg?w=2400&amp;ssl=1 2400w\" sizes=\"(max-width: 800px) 100vw, 800px\" \/><figcaption class=\"wp-element-caption\">.<\/figcaption><\/figure>\n<\/div>\n\n<div class=\"wp-block-group alignfull is-style-section-3 is-content-justification-center is-layout-constrained wp-container-core-group-is-layout-b54e18b3 wp-block-group-is-layout-constrained\" style=\"margin-top:0;margin-bottom:0;padding-top:var(--wp--preset--spacing--50);padding-bottom:var(--wp--preset--spacing--50)\">\n<h2 class=\"wp-block-heading has-text-align-left alignwide\">Hvernig \u00e1 a\u00f0 komast til S\u00e4lenfjellet \u2013 me\u00f0 flugv\u00e9l, leigub\u00edl, str\u00e6t\u00f3, lest e\u00f0a eigin b\u00edl<\/h2>\n\n\n\n<p class=\"wp-block-paragraph\"><\/p>\n\n\n\n<div class=\"wp-block-group alignwide is-layout-flow wp-container-core-group-is-layout-a7dce961 wp-block-group-is-layout-flow\">\n<div class=\"wp-block-columns alignwide is-layout-flex wp-container-core-columns-is-layout-cb1de518 wp-block-columns-is-layout-flex\">\n<div class=\"wp-block-column is-layout-flow wp-block-column-is-layout-flow\" style=\"padding-top:24px;padding-bottom:24px\">\n<h3 class=\"wp-block-heading has-text-align-left alignwide is-service-name\">\u2708\ufe0f Me\u00f0 flugi til Oslo Airport Gardermoen (OSL)<\/h3>\n<\/div>\n\n\n\n<div class=\"wp-block-column is-layout-flow wp-block-column-is-layout-flow\">\n<div class=\"wp-block-group alignwide is-layout-flow wp-block-group-is-layout-flow\" style=\"border-bottom-width:1px;padding-top:40px;padding-bottom:40px\">\n<p class=\"is-service-description wp-block-paragraph\"><\/p>\n\n\n\n<p class=\"wp-block-paragraph\">\u00d3sl\u00f3arflugv\u00f6llur er einn algengasti komusta\u00f0ur fer\u00f0amanna til S\u00e4len. \u00dea\u00f0 eru beinar fluglei\u00f0ir fr\u00e1 fj\u00f6lda st\u00f3rborga \u00ed Evr\u00f3pu. <\/p>\n\n\n\n<p class=\"wp-block-paragraph\"><strong>\u00c1fram til S\u00e4len fr\u00e1 Gardermoen:<\/strong><\/p>\n\n\n\n<p class=\"is-service-description wp-block-paragraph\"><strong>Str\u00e6t\u00f3:<\/strong> \u00dea\u00f0 eru str\u00e6t\u00f3tengingar fr\u00e1 \u00d3sl\u00f3arsv\u00e6\u00f0inu til S\u00e4len \u00e1 veturna. Fer\u00f0at\u00edmi er breytilegur eftir lei\u00f0 og tengingum. <\/p>\n\n\n\n<p class=\"wp-block-paragraph\"><strong>B\u00edlaleiga:<\/strong> B\u00edlaleiga er sveigjanlegur kostur fyrir fer\u00f0ina til S\u00e4len. Aksturst\u00edminn fr\u00e1 Gardermoen er um \u00fea\u00f0 bil 3,5\u20134 klukkustundir, allt eftir \u00e1fangasta\u00f0 \u00e1 S\u00e4len-sv\u00e6\u00f0inu.  <\/p>\n<\/div>\n<\/div>\n<\/div>\n\n\n\n<div class=\"wp-block-columns alignwide is-layout-flex wp-container-core-columns-is-layout-cb1de518 wp-block-columns-is-layout-flex\">\n<div class=\"wp-block-column is-layout-flow wp-block-column-is-layout-flow\" style=\"padding-top:24px;padding-bottom:24px\">\n<h3 class=\"wp-block-heading has-text-align-left alignwide is-service-name\">\u2708\ufe0f Me\u00f0 flugi til Scandinavian Mountains flugvallar (SCR)<\/h3>\n<\/div>\n\n\n\n<div class=\"wp-block-column is-layout-flow wp-block-column-is-layout-flow\">\n<div class=\"wp-block-group alignwide is-layout-flow wp-block-group-is-layout-flow\" style=\"border-bottom-width:1px;padding-top:40px;padding-bottom:40px\">\n<p class=\"is-service-description wp-block-paragraph\">Flugv\u00f6llurinn Scandinavian Mountains er n\u00e6sti flugv\u00f6llur vi\u00f0 S\u00e4len og er a\u00f0eins \u00ed um 10\u201315 m\u00edn\u00fatna fjarl\u00e6g\u00f0 fr\u00e1 flestum a\u00f0st\u00f6\u00f0u \u00e1 sv\u00e6\u00f0inu. Flugv\u00f6llurinn b\u00fd\u00f0ur upp \u00e1 \u00e1rst\u00ed\u00f0abundin flug fr\u00e1 nokkrum evr\u00f3pskum borgum.  <\/p>\n\n\n\n<p class=\"wp-block-paragraph\"><strong>\u00c1fram til S\u00e4len fr\u00e1 SCR:<\/strong><\/p>\n\n\n\n<p class=\"is-service-description wp-block-paragraph\"><strong>R\u00fata:<\/strong> Bo\u00f0i\u00f0 er upp \u00e1 skutlu\u00fej\u00f3nustu fyrir gesti sem koma \u00e1 veturna til gistista\u00f0a og sk\u00ed\u00f0asv\u00e6\u00f0a \u00e1 S\u00e4len-sv\u00e6\u00f0inu.<\/p>\n\n\n\n<p class=\"wp-block-paragraph\"><strong>B\u00edlaleiga:<\/strong> B\u00edlaleiga er \u00ed bo\u00f0i fyrir \u00fe\u00e1 sem vilja fer\u00f0ast frj\u00e1lslega um sv\u00e6\u00f0i\u00f0.<\/p>\n<\/div>\n<\/div>\n<\/div>\n\n\n\n<div class=\"wp-block-columns alignwide is-layout-flex wp-container-core-columns-is-layout-cb1de518 wp-block-columns-is-layout-flex\">\n<div class=\"wp-block-column is-layout-flow wp-block-column-is-layout-flow\" style=\"padding-top:24px;padding-bottom:24px\">\n<h3 class=\"wp-block-heading has-text-align-left alignwide is-service-name\">\ud83d\ude86\ud83d\ude8d Fer\u00f0ast \u00e1 milli borgar \u2013 me\u00f0 lest, str\u00e6t\u00f3 e\u00f0a b\u00edl<\/h3>\n<\/div>\n\n\n\n<div class=\"wp-block-column is-layout-flow wp-block-column-is-layout-flow\">\n<div class=\"wp-block-group alignwide is-layout-flow wp-block-group-is-layout-flow\" style=\"border-bottom-width:1px;padding-top:40px;padding-bottom:40px\">\n<p class=\"wp-block-paragraph\"><\/p>\n\n\n\n<h3 class=\"wp-block-heading\"><strong>Fr\u00e1 Stokkh\u00f3lmi<\/strong><\/h3>\n\n\n\n<p class=\"is-service-description wp-block-paragraph\"><strong>B\u00edll:<\/strong> Um \u00fea\u00f0 bil 5\u20136 klukkustundir, allt eftir \u00fev\u00ed hvert \u00fe\u00fa ert a\u00f0 fara \u00ed S\u00e4len. <\/p>\n\n\n\n<p class=\"wp-block-paragraph\"><strong>Lest og str\u00e6t\u00f3:<\/strong> Taki\u00f0 lestina til Mora e\u00f0a Borl\u00e4nge og s\u00ed\u00f0an str\u00e6t\u00f3 til S\u00e4len. Heildarfer\u00f0at\u00edmi er breytilegur eftir tengingum. <\/p>\n\n\n\n<p class=\"wp-block-paragraph\"><strong>R\u00fata:<\/strong> \u00dea\u00f0 eru r\u00fatutengingar fr\u00e1 Stokkh\u00f3lmi til S\u00e4len, s\u00e9rstaklega \u00e1 veturna.<\/p>\n\n\n\n<h3 class=\"wp-block-heading\"><strong>Fr\u00e1 Gautaborg<\/strong><\/h3>\n\n\n\n<ul class=\"wp-block-list\">\n<li><strong>Lest:<\/strong> Lest til Borl\u00e4nge e\u00f0a Mora, s\u00ed\u00f0an r\u00fata til S\u00e4len.<\/li>\n\n\n\n<li><strong>R\u00fata:<\/strong> Fer\u00f0ast me\u00f0 r\u00fatu um Stokkh\u00f3lm e\u00f0a a\u00f0rar mi\u00f0st\u00f6\u00f0var, allt eftir \u00e1rst\u00ed\u00f0 og lei\u00f0atilbo\u00f0um.<\/li>\n\n\n\n<li><strong>B\u00edll:<\/strong> Um \u00fea\u00f0 bil 6\u20137 klukkustundir. <\/li>\n<\/ul>\n\n\n\n<h3 class=\"wp-block-heading\"><strong>Fr\u00e1 Helsinki<\/strong><\/h3>\n\n\n\n<ul class=\"wp-block-list\">\n<li><strong>Lest og ferja:<\/strong> Taktu ferjuna til Stokkh\u00f3lms og far\u00f0u \u00fea\u00f0an me\u00f0 lest, r\u00fatu e\u00f0a b\u00edl til S\u00e4len.<\/li>\n\n\n\n<li><strong>R\u00fatur:<\/strong> M\u00f6gulegar eru samfer\u00f0ir me\u00f0 ferju og langfer\u00f0arr\u00fatu um Sv\u00ed\u00fej\u00f3\u00f0, allt eftir \u00e1rst\u00ed\u00f0.<\/li>\n\n\n\n<li><strong>B\u00edll:<\/strong> Um \u00fea\u00f0 bil 11\u201313 klukkustundir, allt eftir lei\u00f0 og ferjutengingu. <\/li>\n<\/ul>\n\n\n\n<h3 class=\"wp-block-heading\"><strong>Fr\u00e1 Kaupmannah\u00f6fn<\/strong><\/h3>\n\n\n\n<div class=\"wp-block-group is-nowrap is-layout-flex wp-container-core-group-is-layout-7387b849 wp-block-group-is-layout-flex\">\n<ul class=\"wp-block-list\">\n<li><strong>Lest:<\/strong> Lest til Stokkh\u00f3lms, Borl\u00e4nge e\u00f0a Mora, og s\u00ed\u00f0an r\u00fata til S\u00e4len.<\/li>\n\n\n\n<li><strong>R\u00fata:<\/strong> Langfer\u00f0arr\u00fata um Sv\u00ed\u00fej\u00f3\u00f0 me\u00f0 frekari tengingu vi\u00f0 S\u00e4len.<\/li>\n\n\n\n<li><strong>B\u00edll:<\/strong> Um \u00fea\u00f0 bil 8\u201310 klukkustundir um Eyrarsundsbr\u00fana og lengra nor\u00f0ur \u00ed Sv\u00ed\u00fej\u00f3\u00f0. <\/li>\n<\/ul>\n\n\n\n<p class=\"wp-block-paragraph\">.<\/p>\n<\/div>\n\n\n\n<h3 class=\"wp-block-heading\"><strong>Fr\u00e1 Fredrikshavn<\/strong> (ferja fr\u00e1 Danm\u00f6rku)<\/h3>\n\n\n\n<ul class=\"wp-block-list\">\n<li><strong>Lest:<\/strong> Lest fr\u00e1 Frederikshavn um Gautaborg og \u00e1fram \u00ed gegnum Sv\u00ed\u00fej\u00f3\u00f0 \u00ed \u00e1tt a\u00f0 Mora e\u00f0a Borl\u00e4nge, s\u00ed\u00f0an r\u00fata til S\u00e4len.<\/li>\n\n\n\n<li><strong>Str\u00e6t\u00f3:<\/strong> Str\u00e6t\u00f3tengingar um Sv\u00ed\u00fej\u00f3\u00f0 me\u00f0 tengingum vi\u00f0 sv\u00e6\u00f0isbundnar lei\u00f0ir til S\u00e4len.<\/li>\n\n\n\n<li><strong>B\u00edll:<\/strong> Um \u00fea\u00f0 bil 7\u20138 klukkustundir, allt eftir \u00fev\u00ed hva\u00f0a lei\u00f0 er valin. <\/li>\n<\/ul>\n\n\n\n<h3 class=\"wp-block-heading\"><strong>Fr\u00e1 Kiel<\/strong> (ferja fr\u00e1 \u00de\u00fdskalandi)<\/h3>\n\n\n\n<ul class=\"wp-block-list\">\n<li><strong>Lest:<\/strong> Lest um Danm\u00f6rku og Sv\u00ed\u00fej\u00f3\u00f0, me\u00f0 \u00e1framhaldandi tengingu til Mora e\u00f0a Borl\u00e4nge og r\u00fatu til S\u00e4len.<\/li>\n\n\n\n<li><strong>R\u00fatur:<\/strong> Langfer\u00f0ir um Danm\u00f6rku og Sv\u00ed\u00fej\u00f3\u00f0 me\u00f0 frekari tengingum vi\u00f0 S\u00e4len.<\/li>\n\n\n\n<li><strong>B\u00edll:<\/strong> Um \u00fea\u00f0 bil 11\u201313 klukkustundir, allt eftir lei\u00f0 og ferjuvali. <\/li>\n<\/ul>\n\n\n\n<p class=\"wp-block-paragraph\"><\/p>\n<\/div>\n<\/div>\n<\/div>\n<\/div>\n<\/div>\n\n<div class=\"wp-block-group alignwide is-layout-flow wp-block-group-is-layout-flow\" style=\"border-bottom-width:1px;padding-top:40px;padding-bottom:40px\">\n<p class=\"is-service-description wp-block-paragraph\"><mark style=\"background-color:rgba(0, 0, 0, 0);color:#000000\" class=\"has-inline-color\">\ud83d\ude99 BNO Travel \u2013 fer\u00f0af\u00e9lagi \u00feinn til S\u00e4len<\/mark><\/p>\n\n\n\n<p class=\"wp-block-paragraph\">Sama hvernig \u00fe\u00fa velur a\u00f0 fer\u00f0ast, \u00fe\u00e1 gerum vi\u00f0 fer\u00f0ina \u00fe\u00edna au\u00f0veldari:<\/p>\n\n\n\n<ul class=\"wp-block-list\">\n<li><strong>B\u00edlaleiga \u00e1 m\u00f6rgum \u00e1fangast\u00f6\u00f0um<\/strong><\/li>\n\n\n\n<li><strong>B\u00f3kanir \u00e1 r\u00fatu og samg\u00f6ngum<\/strong><\/li>\n\n\n\n<li><strong>R\u00e1\u00f0gj\u00f6f og fer\u00f0a\u00e1\u00e6tlun<\/strong><\/li>\n<\/ul>\n\n\n\n<p class=\"wp-block-paragraph\">Haf\u00f0u samband vi\u00f0 okkur til a\u00f0 f\u00e1 a\u00f0sto\u00f0 vi\u00f0 fer\u00f0 \u00fe\u00edna til S\u00e4len!<\/p>\n<\/div>\n\n<p class=\"wp-block-paragraph\"><\/p>\n","protected":false},"excerpt":{"rendered":"<p>Hvernig \u00e1 a\u00f0 komast til S\u00e4lenfjellet \u2013 me\u00f0 flugv\u00e9l, leigub\u00edl, str\u00e6t\u00f3, lest e\u00f0a eigin b\u00edl \u2708\ufe0f Me\u00f0 flugi til Oslo Airport Gardermoen (OSL) \u00d3sl\u00f3arflugv\u00f6llur er einn algengasti komusta\u00f0ur fer\u00f0amanna til S\u00e4len. \u00dea\u00f0 eru beinar fluglei\u00f0ir fr\u00e1 fj\u00f6lda st\u00f3rborga \u00ed Evr\u00f3pu. \u00c1fram til S\u00e4len fr\u00e1 Gardermoen: Str\u00e6t\u00f3: \u00dea\u00f0 eru str\u00e6t\u00f3tengingar fr\u00e1 \u00d3sl\u00f3arsv\u00e6\u00f0inu til S\u00e4len \u00e1 veturna. [&hellip;]<\/p>\n","protected":false},"author":260013438,"featured_media":0,"parent":0,"menu_order":0,"comment_status":"closed","ping_status":"closed","template":"","meta":{"_crdt_document":"","footnotes":""},"class_list":["post-2857","page","type-page","status-publish","hentry"],"jetpack_likes_enabled":true,"jetpack_sharing_enabled":true,"jetpack_shortlink":"https:\/\/wp.me\/PgDuwj-K5","jetpack-related-posts":[{"id":2840,"url":"https:\/\/bno-travel.com\/is\/ferdalag-thitt\/","url_meta":{"origin":2857,"position":0},"title":"Fer\u00f0 \u00fe\u00edn til Trysil og S\u00e4len","author":"Jan Terje \u00c5s","date":"11. j\u00fal\u00ed, 2025","format":false,"excerpt":"Finndu upp\u00e1haldssta\u00f0inn \u00feinn Fer\u00f0 \u00fe\u00edn til Trysil og S\u00e4len. Dreymir \u00feig um fjallafr\u00ed \u00ed Trysil e\u00f0a S\u00e4len? Fer\u00f0 \u00fe\u00edn me\u00f0 BNO Travel b\u00fd\u00f0ur upp \u00e1 \u00f6ruggar og sveigjanlegar fer\u00f0ir til vins\u00e6lustu vetrar\u00ed\u00fer\u00f3tta\u00e1fangasta\u00f0a Noregs og Sv\u00ed\u00fej\u00f3\u00f0ar. Nj\u00f3ttu sk\u00ed\u00f0ai\u00f0kunar, snj\u00f3s, n\u00e1tt\u00faruupplifunar og fj\u00f6lskylduaf\u00fereyingar - me\u00f0 sk\u00fdrum fer\u00f0askilyr\u00f0um og \u00f6llu fyrirkomulagi fyrir \u00e1hyggjulausa\u2026","rel":"","context":"Similar post","block_context":{"text":"Similar post","link":""},"img":{"alt_text":"Vandring i Trysil Skagsvola - en herlig vandretur for hele familien.","src":"https:\/\/i0.wp.com\/bno-travel.com\/wp-content\/uploads\/2025\/06\/28177379886_c8a50193b0_c.jpg?resize=350%2C200","width":350,"height":200,"srcset":"https:\/\/i0.wp.com\/bno-travel.com\/wp-content\/uploads\/2025\/06\/28177379886_c8a50193b0_c.jpg?resize=350%2C200 1x, https:\/\/i0.wp.com\/bno-travel.com\/wp-content\/uploads\/2025\/06\/28177379886_c8a50193b0_c.jpg?resize=525%2C300 1.5x, https:\/\/i0.wp.com\/bno-travel.com\/wp-content\/uploads\/2025\/06\/28177379886_c8a50193b0_c.jpg?resize=700%2C400 2x"},"classes":[]},{"id":1887,"url":"https:\/\/bno-travel.com\/is\/ferdin-hingad-til-trysil\/","url_meta":{"origin":2857,"position":1},"title":"Fer\u00f0in hinga\u00f0 til Trysil","author":"Jan Terje \u00c5s","date":"11. j\u00fal\u00ed, 2025","format":false,"excerpt":"Hvernig \u00e1 a\u00f0 komast til Trysil \u2013 me\u00f0 flugv\u00e9l, leigub\u00edl, str\u00e6t\u00f3, lest e\u00f0a eigin b\u00edl \u2708\ufe0f Me\u00f0 flugi til Oslo Airport Gardermoen (OSL) \u00d3sl\u00f3arflugv\u00f6llur er algengasti komusta\u00f0ur fer\u00f0amanna til Trysil. Bein flug eru fr\u00e1 fj\u00f6lda st\u00f3rborga \u00ed Evr\u00f3pu. \u00c1fram til Trysil fr\u00e1 Gardermoen: R\u00fatur : Trysilekspressen b\u00fd\u00f0ur upp \u00e1 nokkrar\u2026","rel":"","context":"Similar post","block_context":{"text":"Similar post","link":""},"img":{"alt_text":"Trysil Ski resort, skiferie i Trysil,","src":"https:\/\/i0.wp.com\/bno-travel.com\/wp-content\/uploads\/2025\/06\/10001-20191216-Drone0784-scaled-1.jpg?resize=350%2C200&ssl=1","width":350,"height":200,"srcset":"https:\/\/i0.wp.com\/bno-travel.com\/wp-content\/uploads\/2025\/06\/10001-20191216-Drone0784-scaled-1.jpg?resize=350%2C200&ssl=1 1x, https:\/\/i0.wp.com\/bno-travel.com\/wp-content\/uploads\/2025\/06\/10001-20191216-Drone0784-scaled-1.jpg?resize=525%2C300&ssl=1 1.5x, https:\/\/i0.wp.com\/bno-travel.com\/wp-content\/uploads\/2025\/06\/10001-20191216-Drone0784-scaled-1.jpg?resize=700%2C400&ssl=1 2x, https:\/\/i0.wp.com\/bno-travel.com\/wp-content\/uploads\/2025\/06\/10001-20191216-Drone0784-scaled-1.jpg?resize=1050%2C600&ssl=1 3x, https:\/\/i0.wp.com\/bno-travel.com\/wp-content\/uploads\/2025\/06\/10001-20191216-Drone0784-scaled-1.jpg?resize=1400%2C800&ssl=1 4x"},"classes":[]},{"id":2869,"url":"https:\/\/bno-travel.com\/da\/salenfjellet\/","url_meta":{"origin":2857,"position":2},"title":"S\u00e4lenfjellet","author":"Jan Terje \u00c5s","date":"30. september, 2025","format":false,"excerpt":". Lindvallen, H\u00f6gfj\u00e4llet og Tand\u00e5dalen Velkommen til snefyldte eventyr og et afslappende hytteliv i S\u00e4len!Med BNO TRAVEL kan du bo komfortabelt i hjertet af S\u00e4lenfjellet - t\u00e6t p\u00e5 Lindvallen, H\u00f6gfj\u00e4llet og Tand\u00e5dalen. Omr\u00e5det er kendt for sit brede udvalg af alpine pister, familievenlige atmosf\u00e6re og fremragende langrendsforhold. Vores overnatningstilbud i\u2026","rel":"","context":"Similar post","block_context":{"text":"Similar post","link":""},"img":{"alt_text":"overnatting i salen","src":"https:\/\/i0.wp.com\/bno-travel.com\/wp-content\/uploads\/2025\/06\/AdobeStock_121113275-e1751307052527.jpeg?resize=350%2C200&ssl=1","width":350,"height":200,"srcset":"https:\/\/i0.wp.com\/bno-travel.com\/wp-content\/uploads\/2025\/06\/AdobeStock_121113275-e1751307052527.jpeg?resize=350%2C200&ssl=1 1x, https:\/\/i0.wp.com\/bno-travel.com\/wp-content\/uploads\/2025\/06\/AdobeStock_121113275-e1751307052527.jpeg?resize=525%2C300&ssl=1 1.5x, https:\/\/i0.wp.com\/bno-travel.com\/wp-content\/uploads\/2025\/06\/AdobeStock_121113275-e1751307052527.jpeg?resize=700%2C400&ssl=1 2x, https:\/\/i0.wp.com\/bno-travel.com\/wp-content\/uploads\/2025\/06\/AdobeStock_121113275-e1751307052527.jpeg?resize=1050%2C600&ssl=1 3x, https:\/\/i0.wp.com\/bno-travel.com\/wp-content\/uploads\/2025\/06\/AdobeStock_121113275-e1751307052527.jpeg?resize=1400%2C800&ssl=1 4x"},"classes":[]},{"id":2640,"url":"https:\/\/bno-travel.com\/hytter-leiligheter-og-overnatting-i-salenfjellet\/","url_meta":{"origin":2857,"position":3},"title":"S\u00e4lenfjellet","author":"Jan Terje \u00c5s","date":"30. september, 2025","format":false,"excerpt":". Lindvallen, H\u00f6gfj\u00e4llet og Tand\u00e5dalen Velkommen til sn\u00f8rike eventyr og avslappende hytteliv i S\u00e4len!Med BNO TRAVEL bor du komfortabelt i hjertet av S\u00e4lenfjellet \u2013 n\u00e6r Lindvallen, H\u00f6gfj\u00e4llet og Tand\u00e5dalen. Omr\u00e5det er kjent for sitt brede tilbud av alpinbakker, familievennlig atmosf\u00e6re og gode langrennsforhold. V\u00e5re overnattingstilbud i S\u00e4len: Ski-in\/ski-out: Bo med\u2026","rel":"","context":"Similar post","block_context":{"text":"Similar post","link":""},"img":{"alt_text":"overnatting i salen","src":"https:\/\/i0.wp.com\/bno-travel.com\/wp-content\/uploads\/2025\/06\/AdobeStock_121113275-e1751307052527.jpeg?resize=350%2C200&ssl=1","width":350,"height":200,"srcset":"https:\/\/i0.wp.com\/bno-travel.com\/wp-content\/uploads\/2025\/06\/AdobeStock_121113275-e1751307052527.jpeg?resize=350%2C200&ssl=1 1x, https:\/\/i0.wp.com\/bno-travel.com\/wp-content\/uploads\/2025\/06\/AdobeStock_121113275-e1751307052527.jpeg?resize=525%2C300&ssl=1 1.5x, https:\/\/i0.wp.com\/bno-travel.com\/wp-content\/uploads\/2025\/06\/AdobeStock_121113275-e1751307052527.jpeg?resize=700%2C400&ssl=1 2x, https:\/\/i0.wp.com\/bno-travel.com\/wp-content\/uploads\/2025\/06\/AdobeStock_121113275-e1751307052527.jpeg?resize=1050%2C600&ssl=1 3x, https:\/\/i0.wp.com\/bno-travel.com\/wp-content\/uploads\/2025\/06\/AdobeStock_121113275-e1751307052527.jpeg?resize=1400%2C800&ssl=1 4x"},"classes":[]},{"id":2921,"url":"https:\/\/bno-travel.com\/da\/rejser-her-til-salenfjellet\/","url_meta":{"origin":2857,"position":4},"title":"Rejser her til S\u00e4lenfjellet","author":"Jan Terje \u00c5s","date":"11. j\u00fal\u00ed, 2025","format":false,"excerpt":". S\u00e5dan kommer du til S\u00e4lenfjellet - med fly, biludlejning, bus, tog eller privatbil \u2708\ufe0f Med fly til Oslo Lufthavn Gardermoen (OSL) Oslo Lufthavn er en af de mest almindelige indgange for rejsende til S\u00e4len. Der er direkte fly fra en r\u00e6kke st\u00f8rre europ\u00e6iske byer. Forts\u00e6t til S\u00e4len fra Gardermoen:\u2026","rel":"","context":"Similar post","block_context":{"text":"Similar post","link":""},"img":{"alt_text":"overnatting i salen","src":"https:\/\/i0.wp.com\/bno-travel.com\/wp-content\/uploads\/2025\/06\/AdobeStock_121113275-e1751307052527.jpeg?resize=350%2C200&ssl=1","width":350,"height":200,"srcset":"https:\/\/i0.wp.com\/bno-travel.com\/wp-content\/uploads\/2025\/06\/AdobeStock_121113275-e1751307052527.jpeg?resize=350%2C200&ssl=1 1x, https:\/\/i0.wp.com\/bno-travel.com\/wp-content\/uploads\/2025\/06\/AdobeStock_121113275-e1751307052527.jpeg?resize=525%2C300&ssl=1 1.5x, https:\/\/i0.wp.com\/bno-travel.com\/wp-content\/uploads\/2025\/06\/AdobeStock_121113275-e1751307052527.jpeg?resize=700%2C400&ssl=1 2x, https:\/\/i0.wp.com\/bno-travel.com\/wp-content\/uploads\/2025\/06\/AdobeStock_121113275-e1751307052527.jpeg?resize=1050%2C600&ssl=1 3x, https:\/\/i0.wp.com\/bno-travel.com\/wp-content\/uploads\/2025\/06\/AdobeStock_121113275-e1751307052527.jpeg?resize=1400%2C800&ssl=1 4x"},"classes":[]},{"id":2636,"url":"https:\/\/bno-travel.com\/reisen-hit-til-salenfjellet\/","url_meta":{"origin":2857,"position":5},"title":"Reisen hit til S\u00e4lenfjellet","author":"Jan Terje \u00c5s","date":"11. j\u00fal\u00ed, 2025","format":false,"excerpt":"Slik kommer du deg til S\u00e4lenfjellet Enklere vei til S\u00e4len \u2013 med fly, bil, buss eller tog Reisen til S\u00e4lenfjellet kan v\u00e6re b\u00e5de enkel, fleksibel og godt planlagt. Med BNO Travel f\u00e5r du en tydelig oversikt over hvordan du kommer deg frem \u2013 enten du flyr til Oslo eller Scandinavian\u2026","rel":"","context":"Similar post","block_context":{"text":"Similar post","link":""},"img":{"alt_text":"","src":"","width":0,"height":0},"classes":[]}],"_links":{"self":[{"href":"https:\/\/bno-travel.com\/is\/wp-json\/wp\/v2\/pages\/2857","targetHints":{"allow":["GET"]}}],"collection":[{"href":"https:\/\/bno-travel.com\/is\/wp-json\/wp\/v2\/pages"}],"about":[{"href":"https:\/\/bno-travel.com\/is\/wp-json\/wp\/v2\/types\/page"}],"author":[{"embeddable":true,"href":"https:\/\/bno-travel.com\/is\/wp-json\/wp\/v2\/users\/260013438"}],"replies":[{"embeddable":true,"href":"https:\/\/bno-travel.com\/is\/wp-json\/wp\/v2\/comments?post=2857"}],"version-history":[{"count":2,"href":"https:\/\/bno-travel.com\/is\/wp-json\/wp\/v2\/pages\/2857\/revisions"}],"predecessor-version":[{"id":28310,"href":"https:\/\/bno-travel.com\/is\/wp-json\/wp\/v2\/pages\/2857\/revisions\/28310"}],"wp:attachment":[{"href":"https:\/\/bno-travel.com\/is\/wp-json\/wp\/v2\/media?parent=2857"}],"curies":[{"name":"wp","href":"https:\/\/api.w.org\/{rel}","templated":true}]}}