{"id":3855,"date":"2025-07-18T20:25:31","date_gmt":"2025-07-18T18:25:31","guid":{"rendered":"https:\/\/bno-travel.com\/?page_id=3855"},"modified":"2025-07-18T20:25:51","modified_gmt":"2025-07-18T18:25:51","slug":"keiluleikur-i-salen","status":"publish","type":"page","link":"https:\/\/bno-travel.com\/is\/keiluleikur-i-salen\/","title":{"rendered":"Keiluleikur \u00ed S\u00e4len"},"content":{"rendered":"\n<p class=\"wp-block-paragraph\"><\/p>\n\n<div class=\"wp-block-cover alignfull\" style=\"margin-top:0;margin-bottom:0;padding-top:var(--wp--preset--spacing--20);padding-right:var(--wp--preset--spacing--40);padding-bottom:var(--wp--preset--spacing--20);padding-left:var(--wp--preset--spacing--40);min-height:857px;aspect-ratio:unset;\"><img data-recalc-dims=\"1\" fetchpriority=\"high\" decoding=\"async\" width=\"800\" height=\"636\" class=\"wp-block-cover__image-background wp-image-2526 size-full\" alt=\"Bowling i Trysil\" src=\"https:\/\/i0.wp.com\/bno-travel.com\/wp-content\/uploads\/2025\/06\/52198855347_f963be3dbf_c.jpg?resize=800%2C636&#038;ssl=1\" style=\"object-position:50% 20%\" data-object-fit=\"cover\" data-object-position=\"50% 20%\" srcset=\"https:\/\/i0.wp.com\/bno-travel.com\/wp-content\/uploads\/2025\/06\/52198855347_f963be3dbf_c.jpg?w=800&amp;ssl=1 800w, https:\/\/i0.wp.com\/bno-travel.com\/wp-content\/uploads\/2025\/06\/52198855347_f963be3dbf_c.jpg?resize=300%2C239&amp;ssl=1 300w, https:\/\/i0.wp.com\/bno-travel.com\/wp-content\/uploads\/2025\/06\/52198855347_f963be3dbf_c.jpg?resize=768%2C611&amp;ssl=1 768w\" sizes=\"(max-width: 800px) 100vw, 800px\" \/><span aria-hidden=\"true\" class=\"wp-block-cover__background has-theme-1-background-color has-background-dim-30 has-background-dim\"><\/span><div class=\"wp-block-cover__inner-container is-layout-flow wp-block-cover-is-layout-flow\">\n<div style=\"height:var(--wp--preset--spacing--50)\" aria-hidden=\"true\" class=\"wp-block-spacer\"><\/div>\n\n\n\n<div style=\"height:var(--wp--preset--spacing--50)\" aria-hidden=\"true\" class=\"wp-block-spacer\"><\/div>\n<\/div><\/div>\n\n<div class=\"wp-block-group alignfull is-style-section-3 is-layout-constrained wp-block-group-is-layout-constrained\" style=\"margin-top:0;margin-bottom:0;padding-top:var(--wp--preset--spacing--40);padding-bottom:var(--wp--preset--spacing--40)\">\n<div class=\"wp-block-columns alignwide are-vertically-aligned-center is-layout-flex wp-container-core-columns-is-layout-d9ad523d wp-block-columns-is-layout-flex\">\n<div class=\"wp-block-column is-vertically-aligned-center is-layout-flow wp-block-column-is-layout-flow\">\n<figure class=\"wp-block-image size-full\"><img data-recalc-dims=\"1\" decoding=\"async\" width=\"685\" height=\"386\" src=\"https:\/\/i0.wp.com\/bno-travel.com\/wp-content\/uploads\/2025\/07\/bowling-salen-experium-aktiviteter-1.jpg?resize=685%2C386&#038;ssl=1\" alt=\"Keiluleikur &#xED; S&#xE4;len\" class=\"wp-image-3788\" style=\"aspect-ratio:3\/4;object-fit:cover\" title=\"titill\" srcset=\"https:\/\/i0.wp.com\/bno-travel.com\/wp-content\/uploads\/2025\/07\/bowling-salen-experium-aktiviteter-1.jpg?w=685&amp;ssl=1 685w, https:\/\/i0.wp.com\/bno-travel.com\/wp-content\/uploads\/2025\/07\/bowling-salen-experium-aktiviteter-1.jpg?resize=300%2C169&amp;ssl=1 300w\" sizes=\"(max-width: 685px) 100vw, 685px\" \/><\/figure>\n<\/div>\n\n\n\n<div class=\"wp-block-column is-vertically-aligned-center is-content-justification-left is-layout-constrained wp-container-core-column-is-layout-b64f6bf5 wp-block-column-is-layout-constrained\">\n<p class=\"wp-block-paragraph\"><\/p>\n\n\n\n<h2 class=\"wp-block-heading\"><strong>Keila \u00ed S\u00e4len \u2013 Skemmtileg af\u00fereying fyrir alla fj\u00f6lskylduna, allt \u00e1ri\u00f0 um kring<\/strong><\/h2>\n\n\n\n<p class=\"wp-block-paragraph\">Keila er f\u00e9lagsleg og fj\u00f6lskylduv\u00e6n af\u00fereying sem hentar fullkomlega sem hl\u00e9 fr\u00e1 sk\u00ed\u00f0um, hj\u00f3lrei\u00f0um e\u00f0a fjallag\u00f6ngum \u2013 og \u00ed S\u00e4len er a\u00f0 finna n\u00fat\u00edmalega keiluh\u00f6ll mitt \u00ed Lindvallen. \u00dear geta b\u00e6\u00f0i b\u00f6rn og fullor\u00f0nir noti\u00f0 \u00feess a\u00f0 spila og keppa, \u00f3h\u00e1\u00f0 ve\u00f0ri og \u00e1rst\u00ed\u00f0. <\/p>\n\n\n\n<p class=\"wp-block-paragraph\"><strong>Experium Bowling<\/strong> er sta\u00f0sett \u00ed vins\u00e6la \u00e6vint\u00fdrami\u00f0st\u00f6\u00f0inni <strong>Experium<\/strong> og b\u00fd\u00f0ur upp \u00e1 allt sem \u00fe\u00fa \u00fearft fyrir skemmtilega og virka fr\u00edfer\u00f0 fr\u00e1 fj\u00f6llunum. <a href=\"https:\/\/www.skistar.com\/no\/experium\/bowling-spill\/bowling\/\" target=\"_blank\" rel=\"noopener\">Keiluh\u00f6llin<\/a> er me\u00f0 nokkrar n\u00fat\u00edmalegar brautir me\u00f0 stafr\u00e6num stigakerfum og barnv\u00e6num r\u00falluteinum, svo jafnvel yngstu a\u00f0ilarnir geta teki\u00f0 \u00fe\u00e1tt. Andr\u00famslofti\u00f0 er \u00f3formlegt og a\u00f0la\u00f0andi \u2013 fullkomi\u00f0 fyrir kv\u00f6ldskemmtun me\u00f0 fj\u00f6lskyldunni, vinah\u00f3pi e\u00f0a sem hluta af fyrirt\u00e6kjafer\u00f0 og h\u00f3pum. <\/p>\n\n\n\n<p class=\"wp-block-paragraph\">Auk keilu b\u00fd\u00f0ur Experium upp \u00e1 <strong>billjard, spilakassa og veitingas\u00f6lu<\/strong> , svo \u00fe\u00fa getur au\u00f0veldlega sameina\u00f0 af\u00fereyinguna vi\u00f0 mat, drykki og sl\u00f6kun. \u00de\u00fa getur l\u00edka panta\u00f0 brautir fyrir afm\u00e6li e\u00f0a \u00f6nnur tilefni. <\/p>\n\n\n\n<p class=\"wp-block-paragraph\">Keila \u00ed S\u00e4len er fr\u00e1b\u00e6r valkostur \u00e1 d\u00f6gum me\u00f0 sl\u00e6mu ve\u00f0ri \u2013 e\u00f0a bara sem skemmtileg af\u00fereying eftir dag \u00fati \u00ed n\u00e1tt\u00farunni. N\u00e1tt\u00farulegur samkomusta\u00f0ur fyrir leik, hl\u00e1tur og f\u00e9lagsskap \u2013 mitt \u00ed hjarta Lindvallen. <\/p>\n<\/div>\n<\/div>\n<\/div>\n\n<div class=\"wp-block-group alignfull is-style-default is-content-justification-center is-layout-constrained wp-container-core-group-is-layout-69af11d0 wp-block-group-is-layout-constrained\" style=\"margin-top:0;margin-bottom:0;padding-top:var(--wp--preset--spacing--40);padding-bottom:var(--wp--preset--spacing--40)\"><\/div>\n\n<div class=\"wp-block-group alignfull is-content-justification-center is-layout-constrained wp-block-group-is-layout-constrained\" style=\"margin-top:0;margin-bottom:0;padding-top:var(--wp--preset--spacing--40);padding-bottom:var(--wp--preset--spacing--40)\">\n<div class=\"wp-block-columns alignwide are-vertically-aligned-center is-layout-flex wp-container-core-columns-is-layout-7387b849 wp-block-columns-is-layout-flex\">\n<div class=\"wp-block-column is-vertically-aligned-center is-content-justification-left is-layout-constrained wp-container-core-column-is-layout-b64f6bf5 wp-block-column-is-layout-constrained\">\n<p class=\"wp-block-paragraph\"><strong>Af hverju a\u00f0 velja keilu \u00ed S\u00e4len?<\/strong><\/p>\n\n\n\n<p class=\"wp-block-paragraph\">Keila \u00ed S\u00e4len er fullkomin af\u00fereying allt \u00e1ri\u00f0 um kring \u2013 \u00f3h\u00e1\u00f0 ve\u00f0ri e\u00f0a \u00e1rst\u00ed\u00f0. H\u00fan hentar b\u00f6rnum, fullor\u00f0num, vinah\u00f3pum og fj\u00f6lskyldum og b\u00fd\u00f0ur upp \u00e1 skemmtilega hv\u00edld fr\u00e1 sk\u00ed\u00f0um, hj\u00f3lrei\u00f0um e\u00f0a fjallag\u00f6ngum. <\/p>\n\n\n\n<ul class=\"wp-block-list\">\n<li>Opi\u00f0 allt \u00e1ri\u00f0 um kring \u2013 g\u00f3\u00f0ur kostur \u00feegar ve\u00f0ri\u00f0 er sl\u00e6mt<\/li>\n\n\n\n<li>Hentar \u00f6llum aldri og getustigum<\/li>\n\n\n\n<li>Barnv\u00e6nar brautir me\u00f0 r\u00falluteinum og lj\u00f3sak\u00falum<\/li>\n\n\n\n<li>Au\u00f0velt a\u00f0 sameina mat, kaffih\u00fasaheims\u00f3knir e\u00f0a a\u00f0ra af\u00fereyingu<\/li>\n\n\n\n<li>Sta\u00f0setning \u00ed mi\u00f0ri Lindvallen \u2013 stutt \u00ed gistingu og samg\u00f6ngur<\/li>\n<\/ul>\n\n\n\n<p class=\"wp-block-paragraph\"><strong>Upplifanir \u00ed S\u00e4len \u2013 meira en bara sk\u00ed\u00f0ai\u00f0kun<\/strong><\/p>\n\n\n\n<p class=\"wp-block-paragraph\">S\u00e4len er einn st\u00e6rsti vetrar\u00ed\u00fer\u00f3ttasta\u00f0ur Skandinav\u00edu, en \u00fear er l\u00edka margt \u00ed bo\u00f0i fyrir \u00fe\u00e1 sem vilja meira en bara sk\u00ed\u00f0i \u2013 b\u00e6\u00f0i vetur og sumar.<\/p>\n\n\n\n<p class=\"wp-block-paragraph\"><strong>Vetrarstarfsemi \u00ed S\u00e4len (nema alpask\u00ed\u00f0i)<\/strong><\/p>\n\n\n\n<ul class=\"wp-block-list\">\n<li>G\u00f6ngusk\u00ed\u00f0i: Yfir 250 km af pr\u00fa\u00f0um sl\u00f3\u00f0um \u00ed fj\u00f6lbreyttu landslagi<\/li>\n\n\n\n<li>Hundasle\u00f0afer\u00f0: R\u00f3leg og t\u00f6frandi lei\u00f0 til a\u00f0 upplifa vetrarfj\u00f6ll<\/li>\n\n\n\n<li>Snj\u00f3\u00fer\u00fagug\u00f6ngur: Fyrir \u00fe\u00e1 sem vilja sko\u00f0a fj\u00f6llin \u00ed fr\u00edstundum s\u00ednum.<\/li>\n\n\n\n<li>Snj\u00f3sle\u00f0afer\u00f0ir: Lei\u00f0s\u00f6gn fyrir b\u00e6\u00f0i byrjendur og reynda knapa<\/li>\n\n\n\n<li>Ba\u00f0 og heilsulind: Upplif\u00f0u Experium Spa me\u00f0 sundlaug, gufuba\u00f0i og vell\u00ed\u00f0unarme\u00f0fer\u00f0um<\/li>\n<\/ul>\n\n\n\n<p class=\"wp-block-paragraph\"><strong>Sumarstarfsemi \u00ed S\u00e4len<\/strong><\/p>\n\n\n\n<ul class=\"wp-block-list\">\n<li>Hj\u00f3lrei\u00f0ar \u00e1 sl\u00f3\u00f0um og ni\u00f0urlei\u00f0ir: Hj\u00f3lrei\u00f0ar me\u00f0 lyftum og n\u00e1tt\u00farulegar sl\u00f3\u00f0ir fyrir alla fj\u00f6lskylduna<\/li>\n\n\n\n<li>Klifurgar\u00f0ar og rennil\u00ednur: Skemmtilegt og krefjandi \u00ed h\u00e6\u00f0 fyrir b\u00f6rn og fullor\u00f0na<\/li>\n\n\n\n<li>G\u00f6ngufer\u00f0ir \u00e1 fj\u00f6llum: Merktar lei\u00f0ir, fjallstindar og \u00fats\u00fdnissta\u00f0ir<\/li>\n\n\n\n<li>Vei\u00f0i og r\u00f3\u00f0rarfer\u00f0ir: \u00de\u00f6gn og n\u00e1tt\u00fara \u00ed fjallav\u00f6tnum og \u00e1m<\/li>\n\n\n\n<li>Golf: Spila\u00f0u \u00e1 fallega S\u00e4lenfj\u00e4llens golfkl\u00fabbnum, mitt \u00ed n\u00e1tt\u00farunni<\/li>\n<\/ul>\n\n\n\n<p class=\"wp-block-paragraph\"><strong>Me\u00f0 keilu sem hluta af dv\u00f6l \u00feinni f\u00e6r\u00f0u heildst\u00e6\u00f0a fr\u00edupplifun \u00ed S\u00e4len \u2013 \u00f3h\u00e1\u00f0 \u00e1rst\u00ed\u00f0.<\/strong> Hj\u00e1 <strong>BNO TRAVEL<\/strong> a\u00f0sto\u00f0um vi\u00f0 \u00feig me\u00f0 gistingu, af\u00fereyingarskipulagningu og r\u00e1\u00f0leggingar um hva\u00f0 er h\u00e6gt a\u00f0 gera \u2013 b\u00e6\u00f0i \u00e1 og utan keiluhallarinnar.<\/p>\n<\/div>\n\n\n\n<div class=\"wp-block-column is-vertically-aligned-center is-layout-flow wp-block-column-is-layout-flow\">\n<figure class=\"wp-block-image size-full\"><img data-recalc-dims=\"1\" decoding=\"async\" width=\"799\" height=\"532\" src=\"https:\/\/i0.wp.com\/bno-travel.com\/wp-content\/uploads\/2025\/06\/19105672288_2155e3dd4c_c.jpg?resize=799%2C532&#038;ssl=1\" alt=\"Sumar &#xED; Trysil\" class=\"wp-image-2278\" style=\"aspect-ratio:3\/4;object-fit:cover\" srcset=\"https:\/\/i0.wp.com\/bno-travel.com\/wp-content\/uploads\/2025\/06\/19105672288_2155e3dd4c_c.jpg?w=799&amp;ssl=1 799w, https:\/\/i0.wp.com\/bno-travel.com\/wp-content\/uploads\/2025\/06\/19105672288_2155e3dd4c_c.jpg?resize=300%2C200&amp;ssl=1 300w, https:\/\/i0.wp.com\/bno-travel.com\/wp-content\/uploads\/2025\/06\/19105672288_2155e3dd4c_c.jpg?resize=768%2C511&amp;ssl=1 768w\" sizes=\"(max-width: 799px) 100vw, 799px\" \/><\/figure>\n<\/div>\n<\/div>\n<\/div>\n\n<div class=\"wp-block-group alignfull is-style-default is-content-justification-center is-layout-constrained wp-container-core-group-is-layout-69af11d0 wp-block-group-is-layout-constrained\" style=\"margin-top:0;margin-bottom:0;padding-top:var(--wp--preset--spacing--40);padding-bottom:var(--wp--preset--spacing--40)\">\n<div class=\"wp-block-group alignfull is-content-justification-center is-layout-constrained wp-container-core-group-is-layout-4853c3a7 wp-block-group-is-layout-constrained\" style=\"margin-top:0;margin-bottom:0;padding-top:calc( 0.5 * var(u002du002dwpu002du002dstyleu002du002drootu002du002dpadding-right, var(u002du002dwpu002du002dcustomu002du002dgapu002du002dhorizontal)));padding-right:var(u002du002dwpu002du002dstyleu002du002drootu002du002dpadding-right, var(u002du002dwpu002du002dcustomu002du002dgapu002du002dhorizontal));padding-bottom:calc( 0.5 * var(u002du002dwpu002du002dstyleu002du002drootu002du002dpadding-right, var(u002du002dwpu002du002dcustomu002du002dgapu002du002dhorizontal)));padding-left:var(u002du002dwpu002du002dstyleu002du002drootu002du002dpadding-left, var(u002du002dwpu002du002dcustomu002du002dgapu002du002dhorizontal))\">\n<div style=\"height:calc( 0.25 * var(u002du002dwpu002du002dstyleu002du002drootu002du002dpadding-right, var(u002du002dwpu002du002dcustomu002du002dgapu002du002dhorizontal)))\" aria-hidden=\"true\" class=\"wp-block-spacer\"><\/div>\n\n\n\n<div class=\"wp-block-columns alignwide is-layout-flex wp-container-core-columns-is-layout-7387b849 wp-block-columns-is-layout-flex\">\n<div class=\"wp-block-column is-vertically-aligned-center is-layout-flow wp-block-column-is-layout-flow\">\n<figure class=\"wp-block-image size-full\"><img data-recalc-dims=\"1\" loading=\"lazy\" decoding=\"async\" width=\"532\" height=\"799\" src=\"https:\/\/i0.wp.com\/bno-travel.com\/wp-content\/uploads\/2025\/06\/18670754034_e10bf74a7e_c.jpg?resize=532%2C799&#038;ssl=1\" alt=\"\" class=\"wp-image-2265\" style=\"aspect-ratio:3\/4;object-fit:cover\" srcset=\"https:\/\/i0.wp.com\/bno-travel.com\/wp-content\/uploads\/2025\/06\/18670754034_e10bf74a7e_c.jpg?w=532&amp;ssl=1 532w, https:\/\/i0.wp.com\/bno-travel.com\/wp-content\/uploads\/2025\/06\/18670754034_e10bf74a7e_c.jpg?resize=200%2C300&amp;ssl=1 200w\" sizes=\"(max-width: 532px) 100vw, 532px\" \/><\/figure>\n<\/div>\n\n\n\n<div class=\"wp-block-column is-vertically-aligned-center is-layout-flow wp-block-column-is-layout-flow\">\n<p class=\"has-text-align-left wp-block-paragraph\"><strong>B\u00f3ka\u00f0u fr\u00edi\u00f0 \u00feitt me\u00f0 BNO TRAVEL \u2013 Upplif\u00f0u \u00fea\u00f0 besta sem S\u00e4len hefur upp \u00e1 a\u00f0 bj\u00f3\u00f0a<\/strong><\/p>\n\n\n\n<p class=\"wp-block-paragraph\">Hvort sem \u00fe\u00fa ert a\u00f0 skipuleggja virka vetrarfr\u00ed me\u00f0 sk\u00ed\u00f0um og snj\u00f3, sumarfr\u00ed fullt af fjalla\u00e6vint\u00fdrum og hj\u00f3lrei\u00f0um, e\u00f0a afslappandi helgarfer\u00f0 me\u00f0 vinum e\u00f0a fj\u00f6lskyldu \u2013 <strong>BNO TRAVEL<\/strong> hj\u00e1lpar \u00fe\u00e9r a\u00f0 sn\u00ed\u00f0a dv\u00f6l a\u00f0 \u00fe\u00ednum \u00fe\u00f6rfum. Vi\u00f0 bj\u00f3\u00f0um upp \u00e1 heildarpakka me\u00f0 <strong>gistingu og pers\u00f3nulegum r\u00e1\u00f0um um af\u00fereyingu<\/strong> \u2013 \u00fear \u00e1 me\u00f0al keilu, g\u00f6ngusk\u00ed\u00f0i, g\u00f6ngufer\u00f0ir og margt fleira. <\/p>\n\n\n\n<p class=\"wp-block-paragraph\">\u00deegar kemur a\u00f0 gistingu \u00ed S\u00e4len bj\u00f3\u00f0um vi\u00f0 upp \u00e1 valkosti \u00e1 nokkrum af vins\u00e6lustu sv\u00e6\u00f0unum:<\/p>\n\n\n\n<p class=\"wp-block-paragraph\"><strong>Lindvallen \u2013 mitt \u00ed hjarta af\u00fereyingarinnar<\/strong><br\/> Lindvallen er mi\u00f0sv\u00e6\u00f0is og fj\u00f6lskylduv\u00e6nasta hverfi S\u00e4len, \u00ed g\u00f6nguf\u00e6ri vi\u00f0 lyftur, hj\u00f3last\u00edga, verslanir, veitingasta\u00f0i, vatnsrennibrautagar\u00f0 og <strong>Experium \u2013 \u00e6vint\u00fdrami\u00f0st\u00f6\u00f0 me\u00f0 keilu, heilsulind og kvikmyndah\u00fasi<\/strong> . H\u00e9r finnur \u00fe\u00fa n\u00fat\u00edmalegar \u00edb\u00fa\u00f0ir og h\u00f3tel me\u00f0 miklum \u00fe\u00e6gindum, fullkomi\u00f0 fyrir \u00fe\u00e1 sem vilja b\u00faa mi\u00f0sv\u00e6\u00f0is me\u00f0 allt r\u00e9tt fyrir utan dyrnar. <\/p>\n\n\n\n<p class=\"wp-block-paragraph\"><strong>H\u00f6gfj\u00e4llet \u2013 hef\u00f0bundin fjallakyrr\u00f0 me\u00f0 grei\u00f0um a\u00f0gangi a\u00f0 \u00f6llu<\/strong><br\/> H\u00f6gfj\u00e4llet b\u00fd\u00f0ur upp \u00e1 klass\u00edskari fjallaupplifun me\u00f0 kyrrl\u00e1tu umhverfi og fallegri n\u00e1tt\u00faru. H\u00e9r gistir \u00fe\u00fa \u00ed kofum og \u00edb\u00fa\u00f0um n\u00e1l\u00e6gt g\u00f6ngusk\u00ed\u00f0abrautum, \u00ed g\u00f6nguf\u00e6ri vi\u00f0 veitingasta\u00f0i og me\u00f0 einfaldari stemningu. Fr\u00e1b\u00e6r kostur fyrir fj\u00f6lskyldur og p\u00f6r sem vilja \u00fe\u00e6gindi \u00e1 fjallinu og a\u00f0gang a\u00f0 b\u00e6\u00f0i n\u00e1tt\u00faru og a\u00f0st\u00f6\u00f0u.  <\/p>\n\n\n\n<p class=\"wp-block-paragraph\"><strong>Tand\u00e5dalen og Hundfj\u00e4llet \u2013 fyrir \u00fe\u00e1 sem vilja mikinn snj\u00f3 og n\u00f3g pl\u00e1ss<\/strong><br\/> Tand\u00e5dalen og Hundfj\u00e4llet bj\u00f3\u00f0a upp \u00e1 fj\u00f6lbreytt landslag b\u00e6\u00f0i sumar og vetur og \u00fear er a\u00f0 finna margar einkareknar sumarh\u00fas og \u00edb\u00fa\u00f0ir \u2013 oft me\u00f0 sk\u00ed\u00f0aa\u00f0st\u00f6\u00f0u a\u00f0gengileg \u00f6llum og n\u00e1l\u00e6g\u00f0 vi\u00f0 g\u00f6ngusk\u00ed\u00f0abrautir og g\u00f6ngulei\u00f0ir. \u00deetta sv\u00e6\u00f0i er fullkomi\u00f0 fyrir st\u00e6rri h\u00f3pa, fj\u00f6lskyldur me\u00f0 b\u00f6rn og \u00fe\u00e1 sem vilja sameina af\u00fereyingu og r\u00f3legra umhverfi. <\/p>\n\n\n\n<p class=\"wp-block-paragraph\"><strong>Haf\u00f0u samband vi\u00f0 BNO TRAVEL \u00ed dag<\/strong> til a\u00f0 skipuleggja n\u00e6stu fer\u00f0 \u00fe\u00edna til S\u00e4len \u2013 vi\u00f0 hj\u00e1lpum \u00fe\u00e9r a\u00f0 finna r\u00e9ttu <a href=\"https:\/\/bno-travel.com\/is\/?page_id=2882\">gistingu<\/a> , m\u00e6lum me\u00f0 af\u00fereyingu og tryggjum a\u00f0 dv\u00f6lin \u00fe\u00edn s\u00e9 \u00f3a\u00f0finnanleg fr\u00e1 upphafi til enda. Og ekki gleyma a\u00f0 gefa \u00fe\u00e9r t\u00edma fyrir <strong>keilu \u00ed Lindvallen<\/strong> \u2013 \u00f6rugg sigurvegari fyrir b\u00e6\u00f0i unga sem aldna! <\/p>\n<\/div>\n<\/div>\n\n\n\n<div style=\"height:calc( 0.25 * var(u002du002dwpu002du002dstyleu002du002drootu002du002dpadding-right, var(u002du002dwpu002du002dcustomu002du002dgapu002du002dhorizontal)))\" aria-hidden=\"true\" class=\"wp-block-spacer\"><\/div>\n<\/div>\n<\/div>\n\n<div class=\"wp-block-group alignfull is-style-default is-content-justification-center is-layout-constrained wp-container-core-group-is-layout-cdf99998 wp-block-group-is-layout-constrained\" style=\"margin-top:0;margin-bottom:0;padding-top:var(--wp--preset--spacing--40);padding-bottom:var(--wp--preset--spacing--40)\"><\/div>\n\n<p class=\"wp-block-paragraph\"><\/p>\n","protected":false},"excerpt":{"rendered":"<p>Keila \u00ed S\u00e4len \u2013 Skemmtileg af\u00fereying fyrir alla fj\u00f6lskylduna, allt \u00e1ri\u00f0 um kring Keila er f\u00e9lagsleg og fj\u00f6lskylduv\u00e6n af\u00fereying sem hentar fullkomlega sem hl\u00e9 fr\u00e1 sk\u00ed\u00f0um, hj\u00f3lrei\u00f0um e\u00f0a fjallag\u00f6ngum \u2013 og \u00ed S\u00e4len er a\u00f0 finna n\u00fat\u00edmalega keiluh\u00f6ll mitt \u00ed Lindvallen. \u00dear geta b\u00e6\u00f0i b\u00f6rn og fullor\u00f0nir noti\u00f0 \u00feess a\u00f0 spila og keppa, \u00f3h\u00e1\u00f0 ve\u00f0ri [&hellip;]<\/p>\n","protected":false},"author":260013438,"featured_media":0,"parent":0,"menu_order":0,"comment_status":"closed","ping_status":"closed","template":"","meta":{"_crdt_document":"","footnotes":""},"class_list":["post-3855","page","type-page","status-publish","hentry"],"jetpack_likes_enabled":true,"jetpack_sharing_enabled":true,"jetpack_shortlink":"https:\/\/wp.me\/PgDuwj-10b","jetpack-related-posts":[{"id":2875,"url":"https:\/\/bno-travel.com\/is\/uppgotvadu-salenfjellet-allt-arid-um-kring-fyrir-virka-ferdamenn\/","url_meta":{"origin":3855,"position":0},"title":"Uppg\u00f6tva\u00f0u S\u00e4lenfjellet \u2013 \u00c6vint\u00fdri\u00f0 byrjar h\u00e9r","author":"Jan Terje \u00c5s","date":"18. j\u00fal\u00ed, 2025","format":false,"excerpt":"Uppg\u00f6tva\u00f0u Salen \u2605 \u2605 \u2605 \u2605 \u2605 H\u00e9r finnur \u00fe\u00fa gistingu \u00ed S\u00e4len Uppg\u00f6tva\u00f0u S\u00e4len og S\u00e4lenfjellet , \u00e1fangasta\u00f0 sem er opinn allt \u00e1ri\u00f0 um kring og sameinar st\u00f3rkostlega n\u00e1tt\u00faru me\u00f0 fj\u00f6lbreyttu \u00farvali af af\u00fereyingu og upplifunum. Me\u00f0 BNO TRAVEL ver\u00f0ur fer\u00f0 \u00fe\u00edn til S\u00e4len au\u00f0veld og \u00fe\u00e6gileg \u2013 hvort\u2026","rel":"","context":"Similar post","block_context":{"text":"Similar post","link":""},"img":{"alt_text":"","src":"https:\/\/i0.wp.com\/bno-travel.com\/wp-content\/uploads\/2025\/06\/2016JH070404.jpg?resize=350%2C200&ssl=1","width":350,"height":200,"srcset":"https:\/\/i0.wp.com\/bno-travel.com\/wp-content\/uploads\/2025\/06\/2016JH070404.jpg?resize=350%2C200&ssl=1 1x, https:\/\/i0.wp.com\/bno-travel.com\/wp-content\/uploads\/2025\/06\/2016JH070404.jpg?resize=525%2C300&ssl=1 1.5x, https:\/\/i0.wp.com\/bno-travel.com\/wp-content\/uploads\/2025\/06\/2016JH070404.jpg?resize=700%2C400&ssl=1 2x, https:\/\/i0.wp.com\/bno-travel.com\/wp-content\/uploads\/2025\/06\/2016JH070404.jpg?resize=1050%2C600&ssl=1 3x, https:\/\/i0.wp.com\/bno-travel.com\/wp-content\/uploads\/2025\/06\/2016JH070404.jpg?resize=1400%2C800&ssl=1 4x"},"classes":[]},{"id":3556,"url":"https:\/\/bno-travel.com\/langrenn-i-salen-perfekt-for-den-aktive-familien\/","url_meta":{"origin":3855,"position":1},"title":"Langrenn i S\u00e4len","author":"Jan Terje \u00c5s","date":"18. j\u00fal\u00ed, 2025","format":false,"excerpt":"","rel":"","context":"Similar post","block_context":{"text":"Similar post","link":""},"img":{"alt_text":"","src":"","width":0,"height":0},"classes":[]},{"id":2633,"url":"https:\/\/bno-travel.com\/oppdag-salen-familiens-feriefavoritt-i-sverige\/","url_meta":{"origin":3855,"position":2},"title":"Oppdag S\u00e4lenfjellet \u2013 Eventyret starter her","author":"Jan Terje \u00c5s","date":"18. j\u00fal\u00ed, 2025","format":false,"excerpt":"Oppdag S\u00e4len Hel\u00e5rsdestinasjonen for gode opplevelser, aktivitet og minner i naturen Oppdag S\u00e4len og S\u00e4lenfjellet, en destinasjon der vintereventyr, sommerdager i fjellet og roligere naturopplevelser m\u00f8tes i samme reise. Med BNO Travel blir det enklere \u00e5 planlegge opphold, aktiviteter og opplevelser \u2013 med naturen i sentrum. Oppdag S\u00e4len Se aktiviteter\u2026","rel":"","context":"Similar post","block_context":{"text":"Similar post","link":""},"img":{"alt_text":"","src":"","width":0,"height":0},"classes":[]},{"id":28637,"url":"https:\/\/bno-travel.com\/overnatting-i-salen\/","url_meta":{"origin":3855,"position":3},"title":"overnatting-i-salen","author":"Jan Terje \u00c5s","date":"4. apr\u00edl, 2026","format":false,"excerpt":"Destinasjon \u00b7 S\u00e4len Overnatting i S\u00e4len med tilgang til omr\u00e5dene som passer best for oppholdet ditt Utforsk omr\u00e5der i S\u00e4len som Lindvallen, Tand\u00e5dalen, H\u00f6gfj\u00e4llet og Hundfj\u00e4llet \u2013 og finn et opphold som gir riktig balanse mellom beliggenhet, natur og aktiviteter. Se omr\u00e5der i S\u00e4len Oppdag S\u00e4len Finn riktig omr\u00e5de for\u2026","rel":"","context":"Similar post","block_context":{"text":"Similar post","link":""},"img":{"alt_text":"","src":"","width":0,"height":0},"classes":[]},{"id":2733,"url":"https:\/\/bno-travel.com\/sv\/upptack-salenfjellet-aret-runt-for-aktiva-semesterfirare\/","url_meta":{"origin":3855,"position":4},"title":"Uppt\u00e4ck S\u00e4lenfjellet \u2013 \u00c4ventyret b\u00f6rjar h\u00e4r","author":"Jan Terje \u00c5s","date":"18. j\u00fal\u00ed, 2025","format":false,"excerpt":"Uppt\u00e4ck S\u00e4len \u2605\u2605\u2605\u2605\u2605 H\u00e4r hittar du boende i S\u00e4len Uppt\u00e4ck S\u00e4len och S\u00e4lenfjellet, en \u00e5ret-runt-destination som kombinerar fantastisk natur med ett brett utbud av aktiviteter och upplevelser. Med BNO TRAVEL \u00e4r det enkelt och bekv\u00e4mt att resa till S\u00e4len - oavsett om du letar efter sn\u00f6iga vinter\u00e4ventyr eller soliga sommardagar\u2026","rel":"","context":"Similar post","block_context":{"text":"Similar post","link":""},"img":{"alt_text":"","src":"https:\/\/i0.wp.com\/bno-travel.com\/wp-content\/uploads\/2025\/06\/2016JH070404.jpg?resize=350%2C200&ssl=1","width":350,"height":200,"srcset":"https:\/\/i0.wp.com\/bno-travel.com\/wp-content\/uploads\/2025\/06\/2016JH070404.jpg?resize=350%2C200&ssl=1 1x, https:\/\/i0.wp.com\/bno-travel.com\/wp-content\/uploads\/2025\/06\/2016JH070404.jpg?resize=525%2C300&ssl=1 1.5x, https:\/\/i0.wp.com\/bno-travel.com\/wp-content\/uploads\/2025\/06\/2016JH070404.jpg?resize=700%2C400&ssl=1 2x, https:\/\/i0.wp.com\/bno-travel.com\/wp-content\/uploads\/2025\/06\/2016JH070404.jpg?resize=1050%2C600&ssl=1 3x, https:\/\/i0.wp.com\/bno-travel.com\/wp-content\/uploads\/2025\/06\/2016JH070404.jpg?resize=1400%2C800&ssl=1 4x"},"classes":[]},{"id":2972,"url":"https:\/\/bno-travel.com\/pl\/odkryj-salenfjellet-przez-caly-rok-dla-aktywnych-wczasowiczow\/","url_meta":{"origin":3855,"position":5},"title":"Odkryj S\u00e4lenfjellet \u2013 przygoda zaczyna si\u0119 tutaj","author":"Jan Terje \u00c5s","date":"18. j\u00fal\u00ed, 2025","format":false,"excerpt":"Odkryj S\u00e4len \u2605\u2605\u2605\u2605\u2605 Tutaj znajdziesz zakwaterowanie w S\u00e4len Odkryj S\u00e4len i S\u00e4lenfjellet, ca\u0142oroczn\u0105 destynacj\u0119, kt\u00f3ra \u0142\u0105czy osza\u0142amiaj\u0105c\u0105 przyrod\u0119 z szerok\u0105 gam\u0105 aktywno\u015bci i do\u015bwiadcze\u0144. Dzi\u0119ki BNO TRAVEL podr\u00f3\u017c do S\u00e4len jest \u0142atwa i wygodna - niezale\u017cnie od tego, czy szukasz \u015bnie\u017cnych zimowych przyg\u00f3d, czy s\u0142onecznych letnich dni w g\u00f3rach. Niezale\u017cnie\u2026","rel":"","context":"Similar post","block_context":{"text":"Similar post","link":""},"img":{"alt_text":"","src":"https:\/\/i0.wp.com\/bno-travel.com\/wp-content\/uploads\/2025\/06\/2016JH070404.jpg?resize=350%2C200&ssl=1","width":350,"height":200,"srcset":"https:\/\/i0.wp.com\/bno-travel.com\/wp-content\/uploads\/2025\/06\/2016JH070404.jpg?resize=350%2C200&ssl=1 1x, https:\/\/i0.wp.com\/bno-travel.com\/wp-content\/uploads\/2025\/06\/2016JH070404.jpg?resize=525%2C300&ssl=1 1.5x, https:\/\/i0.wp.com\/bno-travel.com\/wp-content\/uploads\/2025\/06\/2016JH070404.jpg?resize=700%2C400&ssl=1 2x, https:\/\/i0.wp.com\/bno-travel.com\/wp-content\/uploads\/2025\/06\/2016JH070404.jpg?resize=1050%2C600&ssl=1 3x, https:\/\/i0.wp.com\/bno-travel.com\/wp-content\/uploads\/2025\/06\/2016JH070404.jpg?resize=1400%2C800&ssl=1 4x"},"classes":[]}],"_links":{"self":[{"href":"https:\/\/bno-travel.com\/is\/wp-json\/wp\/v2\/pages\/3855","targetHints":{"allow":["GET"]}}],"collection":[{"href":"https:\/\/bno-travel.com\/is\/wp-json\/wp\/v2\/pages"}],"about":[{"href":"https:\/\/bno-travel.com\/is\/wp-json\/wp\/v2\/types\/page"}],"author":[{"embeddable":true,"href":"https:\/\/bno-travel.com\/is\/wp-json\/wp\/v2\/users\/260013438"}],"replies":[{"embeddable":true,"href":"https:\/\/bno-travel.com\/is\/wp-json\/wp\/v2\/comments?post=3855"}],"version-history":[{"count":2,"href":"https:\/\/bno-travel.com\/is\/wp-json\/wp\/v2\/pages\/3855\/revisions"}],"predecessor-version":[{"id":4637,"href":"https:\/\/bno-travel.com\/is\/wp-json\/wp\/v2\/pages\/3855\/revisions\/4637"}],"wp:attachment":[{"href":"https:\/\/bno-travel.com\/is\/wp-json\/wp\/v2\/media?parent=3855"}],"curies":[{"name":"wp","href":"https:\/\/api.w.org\/{rel}","templated":true}]}}