{"id":4063,"date":"2025-07-18T20:52:27","date_gmt":"2025-07-18T18:52:27","guid":{"rendered":"https:\/\/bno-travel.com\/?page_id=4063"},"modified":"2025-07-18T20:52:31","modified_gmt":"2025-07-18T18:52:31","slug":"heilsulind-og-bad-i-trysil","status":"publish","type":"page","link":"https:\/\/bno-travel.com\/is\/heilsulind-og-bad-i-trysil\/","title":{"rendered":"Heilsulind og ba\u00f0 \u00ed Trysil"},"content":{"rendered":"\n<p class=\"wp-block-paragraph\"><\/p>\n\n<div class=\"wp-block-cover alignfull\" style=\"margin-top:0;margin-bottom:0;padding-top:var(--wp--preset--spacing--20);padding-right:var(--wp--preset--spacing--40);padding-bottom:var(--wp--preset--spacing--20);padding-left:var(--wp--preset--spacing--40);min-height:953px;aspect-ratio:unset;\"><img data-recalc-dims=\"1\" fetchpriority=\"high\" decoding=\"async\" width=\"799\" height=\"616\" class=\"wp-block-cover__image-background wp-image-3469 size-full\" alt=\"Spa og bad i Trysil\" src=\"https:\/\/i0.wp.com\/bno-travel.com\/wp-content\/uploads\/2025\/07\/52199820901_706171c188_c.jpg?resize=799%2C616&#038;ssl=1\" style=\"object-position:51% 84%\" data-object-fit=\"cover\" data-object-position=\"51% 84%\" srcset=\"https:\/\/i0.wp.com\/bno-travel.com\/wp-content\/uploads\/2025\/07\/52199820901_706171c188_c.jpg?w=799&amp;ssl=1 799w, https:\/\/i0.wp.com\/bno-travel.com\/wp-content\/uploads\/2025\/07\/52199820901_706171c188_c.jpg?resize=300%2C231&amp;ssl=1 300w, https:\/\/i0.wp.com\/bno-travel.com\/wp-content\/uploads\/2025\/07\/52199820901_706171c188_c.jpg?resize=768%2C592&amp;ssl=1 768w\" sizes=\"(max-width: 799px) 100vw, 799px\" \/><span aria-hidden=\"true\" class=\"wp-block-cover__background has-theme-1-background-color has-background-dim-30 has-background-dim\"><\/span><div class=\"wp-block-cover__inner-container is-layout-flow wp-block-cover-is-layout-flow\">\n<div style=\"height:var(--wp--preset--spacing--50)\" aria-hidden=\"true\" class=\"wp-block-spacer\"><\/div>\n\n\n\n<div style=\"height:var(--wp--preset--spacing--50)\" aria-hidden=\"true\" class=\"wp-block-spacer\"><\/div>\n<\/div><\/div>\n\n<div class=\"wp-block-group alignfull is-style-section-3 is-layout-constrained wp-block-group-is-layout-constrained\" style=\"margin-top:0;margin-bottom:0;padding-top:var(--wp--preset--spacing--40);padding-bottom:var(--wp--preset--spacing--40)\">\n<div class=\"wp-block-columns alignwide are-vertically-aligned-center is-layout-flex wp-container-core-columns-is-layout-d9ad523d wp-block-columns-is-layout-flex\">\n<div class=\"wp-block-column is-vertically-aligned-center is-layout-flow wp-block-column-is-layout-flow\">\n<figure class=\"wp-block-image size-full\"><img data-recalc-dims=\"1\" decoding=\"async\" width=\"799\" height=\"597\" src=\"https:\/\/i0.wp.com\/bno-travel.com\/wp-content\/uploads\/2025\/07\/52200128044_b550a6c33d_c.jpg?resize=799%2C597&#038;ssl=1\" alt=\"\" class=\"wp-image-3443\" style=\"aspect-ratio:3\/4;object-fit:cover\" title=\"titill\" srcset=\"https:\/\/i0.wp.com\/bno-travel.com\/wp-content\/uploads\/2025\/07\/52200128044_b550a6c33d_c.jpg?w=799&amp;ssl=1 799w, https:\/\/i0.wp.com\/bno-travel.com\/wp-content\/uploads\/2025\/07\/52200128044_b550a6c33d_c.jpg?resize=300%2C224&amp;ssl=1 300w, https:\/\/i0.wp.com\/bno-travel.com\/wp-content\/uploads\/2025\/07\/52200128044_b550a6c33d_c.jpg?resize=768%2C574&amp;ssl=1 768w\" sizes=\"(max-width: 799px) 100vw, 799px\" \/><\/figure>\n<\/div>\n\n\n\n<div class=\"wp-block-column is-vertically-aligned-center is-content-justification-left is-layout-constrained wp-container-core-column-is-layout-b64f6bf5 wp-block-column-is-layout-constrained\">\n<p class=\"wp-block-paragraph\"><\/p>\n\n\n\n<h2 class=\"wp-block-heading\">Heilsulind og ba\u00f0 \u00ed Trysil \u2013 Sl\u00f6kun og vell\u00ed\u00f0an \u00e1 fj\u00f6llum<\/h2>\n\n\n\n<p class=\"wp-block-paragraph\">Trysil er ekki bara fyrir \u00fe\u00e1 sem s\u00e6kjast eftir hra\u00f0a og spennu \u2013 \u00fea\u00f0 er l\u00edka \u00e1fangasta\u00f0ur fyrir \u00fe\u00e1 sem leita a\u00f0 fri\u00f0i, vell\u00ed\u00f0an og sannri fjallasl\u00f6ppun. Me\u00f0 g\u00f3\u00f0u \u00farvali af heilsulindum og sundupplifunum, b\u00e6\u00f0i fyrir fj\u00f6lskyldur og p\u00f6r, er Trysil fullkominn sta\u00f0ur til a\u00f0 sameina virka daga me\u00f0 sl\u00f6kun og sj\u00e1lfsum\u00f6nnun. <\/p>\n\n\n\n<p class=\"wp-block-paragraph\">Hvort sem \u00fe\u00fa heims\u00e6kir fj\u00f6llin a\u00f0 vetri til me\u00f0 sn\u00e6\u00fe\u00f6ktum tindum og frostreyk \u00ed loftinu, e\u00f0a a\u00f0 sumri \u00feegar n\u00e1tt\u00faran bl\u00f3mstrar, \u00fe\u00e1 eru heilsulindir og b\u00f6\u00f0 fr\u00e1b\u00e6r hv\u00edld fr\u00e1 amstri dagsins.<\/p>\n\n\n\n<p class=\"wp-block-paragraph\">Heilsu- og heilsulindarupplifanir \u00ed Trysil<\/p>\n\n\n\n<p class=\"wp-block-paragraph\">Trysil b\u00fd\u00f0ur upp \u00e1 nokkrar heilsulindir og vell\u00ed\u00f0unarsv\u00e6\u00f0i \u00fear sem h\u00e6gt er a\u00f0 slaka \u00e1 eftir annasaman dag. Tv\u00e6r af vins\u00e6lustu a\u00f0st\u00f6\u00f0unum eru \u00e1 Radisson Blu Resort og Radisson Blu Mountain Resort &amp; Residences. <\/p>\n\n\n\n<p class=\"wp-block-paragraph\">1. <strong>Radisson Blu Resort Trysil \u2013 vatnagar\u00f0ur og vell\u00ed\u00f0unara\u00f0sta\u00f0a<\/strong><\/p>\n\n\n\n<p class=\"wp-block-paragraph\">\u00c1 <a href=\"https:\/\/www.trysil.com\/bedrifter\/radisson-blu-resort-trysil\/radisson-blu-resort-trysil\/\" target=\"_blank\" rel=\"noopener\">Radisson Blu Resort Trysil<\/a> er innisundlaug fyrir alla fj\u00f6lskylduna. \u00dear finnur \u00fe\u00fa: <\/p>\n\n\n\n<ul class=\"wp-block-list\">\n<li>Upphita\u00f0ar sundlaugar<\/li>\n\n\n\n<li>Barnasundlaug og rennibrautir<\/li>\n\n\n\n<li>Heitir pottar og fossar<\/li>\n\n\n\n<li>Sl\u00f6kunarsv\u00e6\u00f0i me\u00f0 upphitu\u00f0um st\u00f3lum<\/li>\n\n\n\n<li>Brimbrettahermir (FlowRider) \u2013 einstakt \u00ed fjallar\u00edkum Noregi!<\/li>\n<\/ul>\n\n\n\n<p class=\"wp-block-paragraph\"><\/p>\n<\/div>\n<\/div>\n<\/div>\n\n<div class=\"wp-block-group alignfull is-style-default is-content-justification-center is-layout-constrained wp-container-core-group-is-layout-69af11d0 wp-block-group-is-layout-constrained\" style=\"margin-top:0;margin-bottom:0;padding-top:var(--wp--preset--spacing--40);padding-bottom:var(--wp--preset--spacing--40)\"><\/div>\n\n<div class=\"wp-block-group alignfull is-content-justification-center is-layout-constrained wp-block-group-is-layout-constrained\" style=\"margin-top:0;margin-bottom:0;padding-top:var(--wp--preset--spacing--40);padding-bottom:var(--wp--preset--spacing--40)\">\n<div class=\"wp-block-columns alignwide are-vertically-aligned-center is-layout-flex wp-container-core-columns-is-layout-7387b849 wp-block-columns-is-layout-flex\">\n<div class=\"wp-block-column is-vertically-aligned-center is-content-justification-left is-layout-constrained wp-container-core-column-is-layout-b64f6bf5 wp-block-column-is-layout-constrained\">\n<p class=\"wp-block-paragraph\">\u00deetta er sta\u00f0urinn \u00fear sem b\u00e6\u00f0i b\u00f6rn og fullor\u00f0nir geta skemmt s\u00e9r, \u00f3h\u00e1\u00f0 ve\u00f0ri e\u00f0a \u00e1rst\u00ed\u00f0. Tilvali\u00f0 fyrir rigningardaga, hv\u00edldardaga e\u00f0a sem kv\u00f6ldskemmtun eftir g\u00f6ngufer\u00f0ir e\u00f0a sk\u00ed\u00f0i. <\/p>\n\n\n\n<p class=\"wp-block-paragraph\">2. <strong>Skistar Lodge Trysil \u2013 <a href=\"https:\/\/www.trysil.com\/bedrifter\/skistar-lodge-trysil\/kulpen-spa\/\" target=\"_blank\" rel=\"noopener\">Spa &amp; Relax<\/a><\/strong><\/p>\n\n\n\n<p class=\"wp-block-paragraph\">\u00c1 <strong>Skistar Logde Trysil<\/strong> \u00ed Fager\u00e5sen finnur \u00fe\u00fa afslappandi heilsulindartilbo\u00f0 fyrir fullor\u00f0na og p\u00f6r. H\u00e9r finnur \u00fe\u00fa: <\/p>\n\n\n\n<ul class=\"wp-block-list\">\n<li>Heilsulind me\u00f0 nuddpotti, gufuba\u00f0i og eimba\u00f0i<\/li>\n\n\n\n<li>Heilsulindarme\u00f0fer\u00f0ir eins og nudd, andlitsme\u00f0fer\u00f0ir og ilmme\u00f0fer\u00f0ir<\/li>\n\n\n\n<li>R\u00f3legt umhverfi me\u00f0 fjallas\u00fdn og \u00e1herslu \u00e1 andlega sl\u00f6kun<\/li>\n<\/ul>\n\n\n\n<p class=\"wp-block-paragraph\">Heilsulindin er fullkomin fyrir p\u00f6r, vinah\u00f3pa e\u00f0a alla sem vilja dekra vi\u00f0 sig me\u00f0 sm\u00e1 l\u00faxus eftir annasaman dag.<\/p>\n\n\n\n<p class=\"wp-block-paragraph\">Sumar- og vetrarstarfsemi sem veitir jafnv\u00e6gi<\/p>\n\n\n\n<p class=\"wp-block-paragraph\">Trysil er \u00feekkt fyrir fj\u00f6lbreytt \u00farval af\u00fereyingar og heilsulindar- og sundupplifanir eru fr\u00e1b\u00e6r vi\u00f0b\u00f3t vi\u00f0 \u00feetta. H\u00e9r eru nokkur r\u00e1\u00f0 um hva\u00f0 \u00fe\u00fa getur sameina\u00f0 heilsulindarhelgi e\u00f0a fr\u00edi \u00ed Trysil: <\/p>\n\n\n\n<p class=\"wp-block-paragraph\">Vetrarstarfsemi (nema sk\u00ed\u00f0i):<\/p>\n\n\n\n<ul class=\"wp-block-list\">\n<li><strong>G\u00f6ngusk\u00ed\u00f0i:<\/strong> Yfir 100 km af pr\u00fa\u00f0um sl\u00f3\u00f0um \u00ed sk\u00f3gum og fj\u00f6llum<\/li>\n\n\n\n<li><strong>Snj\u00f3\u00fer\u00fagug\u00f6ngur:<\/strong> Gangi\u00f0 r\u00f3lega \u00ed snj\u00f3num og nj\u00f3ti\u00f0 vetrarlandslagsins.<\/li>\n\n\n\n<li><strong>Hundasle\u00f0afer\u00f0:<\/strong> Einst\u00f6k upplifun fyrir b\u00e6\u00f0i b\u00f6rn og fullor\u00f0na<\/li>\n\n\n\n<li><strong>Sle\u00f0a- og rennibrautir:<\/strong> Skemmtun fyrir alla fj\u00f6lskylduna<\/li>\n\n\n\n<li><strong>\u00cdsvei\u00f0i og snj\u00f3sle\u00f0afer\u00f0ir:<\/strong> Lei\u00f0s\u00f6gn um vetrar\u00e6vint\u00fdri \u00e1n sk\u00ed\u00f0a<\/li>\n<\/ul>\n<\/div>\n\n\n\n<div class=\"wp-block-column is-vertically-aligned-center is-layout-flow wp-block-column-is-layout-flow\">\n<figure class=\"wp-block-image size-full\"><img data-recalc-dims=\"1\" decoding=\"async\" width=\"800\" height=\"644\" src=\"https:\/\/i0.wp.com\/bno-travel.com\/wp-content\/uploads\/2025\/07\/52200319610_bcc6ac05f8_c.jpg?resize=800%2C644&#038;ssl=1\" alt=\"Heilsulind og ba&#xF0; &#xED; Trysil\" class=\"wp-image-3456\" style=\"aspect-ratio:3\/4;object-fit:cover\" srcset=\"https:\/\/i0.wp.com\/bno-travel.com\/wp-content\/uploads\/2025\/07\/52200319610_bcc6ac05f8_c.jpg?w=800&amp;ssl=1 800w, https:\/\/i0.wp.com\/bno-travel.com\/wp-content\/uploads\/2025\/07\/52200319610_bcc6ac05f8_c.jpg?resize=300%2C242&amp;ssl=1 300w, https:\/\/i0.wp.com\/bno-travel.com\/wp-content\/uploads\/2025\/07\/52200319610_bcc6ac05f8_c.jpg?resize=768%2C618&amp;ssl=1 768w\" sizes=\"(max-width: 800px) 100vw, 800px\" \/><\/figure>\n<\/div>\n<\/div>\n<\/div>\n\n<div class=\"wp-block-group alignfull is-style-default is-content-justification-center is-layout-constrained wp-container-core-group-is-layout-69af11d0 wp-block-group-is-layout-constrained\" style=\"margin-top:0;margin-bottom:0;padding-top:var(--wp--preset--spacing--40);padding-bottom:var(--wp--preset--spacing--40)\">\n<div class=\"wp-block-group alignfull is-content-justification-center is-layout-constrained wp-container-core-group-is-layout-4853c3a7 wp-block-group-is-layout-constrained\" style=\"margin-top:0;margin-bottom:0;padding-top:calc( 0.5 * var(u002du002dwpu002du002dstyleu002du002drootu002du002dpadding-right, var(u002du002dwpu002du002dcustomu002du002dgapu002du002dhorizontal)));padding-right:var(u002du002dwpu002du002dstyleu002du002drootu002du002dpadding-right, var(u002du002dwpu002du002dcustomu002du002dgapu002du002dhorizontal));padding-bottom:calc( 0.5 * var(u002du002dwpu002du002dstyleu002du002drootu002du002dpadding-right, var(u002du002dwpu002du002dcustomu002du002dgapu002du002dhorizontal)));padding-left:var(u002du002dwpu002du002dstyleu002du002drootu002du002dpadding-left, var(u002du002dwpu002du002dcustomu002du002dgapu002du002dhorizontal))\">\n<div style=\"height:calc( 0.25 * var(u002du002dwpu002du002dstyleu002du002drootu002du002dpadding-right, var(u002du002dwpu002du002dcustomu002du002dgapu002du002dhorizontal)))\" aria-hidden=\"true\" class=\"wp-block-spacer\"><\/div>\n\n\n\n<div class=\"wp-block-columns alignwide is-layout-flex wp-container-core-columns-is-layout-7387b849 wp-block-columns-is-layout-flex\">\n<div class=\"wp-block-column is-vertically-aligned-center is-layout-flow wp-block-column-is-layout-flow\">\n<figure class=\"wp-block-image size-full\"><img data-recalc-dims=\"1\" loading=\"lazy\" decoding=\"async\" width=\"467\" height=\"579\" src=\"https:\/\/i0.wp.com\/bno-travel.com\/wp-content\/uploads\/2025\/06\/52200127764_e04c4f3d8d_c-e1751028430750.jpg?resize=467%2C579&#038;ssl=1\" alt=\"Ba&#xF0;herbergi &#xED; Trysil\" class=\"wp-image-2512\" style=\"aspect-ratio:3\/4;object-fit:cover\" srcset=\"https:\/\/i0.wp.com\/bno-travel.com\/wp-content\/uploads\/2025\/06\/52200127764_e04c4f3d8d_c-e1751028430750.jpg?w=467&amp;ssl=1 467w, https:\/\/i0.wp.com\/bno-travel.com\/wp-content\/uploads\/2025\/06\/52200127764_e04c4f3d8d_c-e1751028430750.jpg?resize=242%2C300&amp;ssl=1 242w\" sizes=\"(max-width: 467px) 100vw, 467px\" \/><\/figure>\n<\/div>\n\n\n\n<div class=\"wp-block-column is-vertically-aligned-center is-layout-flow wp-block-column-is-layout-flow\">\n<p class=\"has-text-align-left wp-block-paragraph\">B\u00f3ka\u00f0u fr\u00edi\u00f0 \u00feitt hj\u00e1 BNO TRAVEL<\/p>\n\n\n\n<p class=\"wp-block-paragraph\">Hvort sem \u00fe\u00fa ert a\u00f0 skipuleggja virka vetrarfr\u00ed, sumarupplifun \u00ed fj\u00f6llunum e\u00f0a afslappandi helgarfer\u00f0, \u00fe\u00e1 hj\u00e1lpar <strong>BNO TRAVEL<\/strong> \u00fe\u00e9r a\u00f0 sn\u00ed\u00f0a dv\u00f6l a\u00f0 \u00fe\u00ednum \u00fe\u00f6rfum. Vi\u00f0 bj\u00f3\u00f0um upp \u00e1 heildarpakka me\u00f0 gistingu og r\u00e1\u00f0leggingum um af\u00fereyingu \u2013 \u00fear \u00e1 me\u00f0al keilu og margt fleira.   <\/p>\n\n\n\n<p class=\"wp-block-paragraph\">Dekra\u00f0u vi\u00f0 \u00feig me\u00f0 fersku lofti. Upplif\u00f0u <strong>heilsulindir og b\u00f6\u00f0 \u00ed Trysil<\/strong> \u2013 me\u00f0 heitum b\u00f6\u00f0um, \u00fats\u00fdni yfir fj\u00f6llin og sannri vell\u00ed\u00f0an. Haf\u00f0u samband vi\u00f0 okkur \u00ed dag til a\u00f0 finna fullkomna bl\u00f6ndu af upplifun og sl\u00f6kun.  <\/p>\n\n\n\n<p class=\"wp-block-paragraph\">\u00deegar kemur a\u00f0 gistingu \u00ed Trysil bj\u00f3\u00f0um vi\u00f0 upp \u00e1 \u00ferj\u00fa meginsv\u00e6\u00f0i:<\/p>\n\n\n\n<p class=\"wp-block-paragraph\"><a href=\"https:\/\/bno-travel.com\/is\/?page_id=2954\">Fer\u00f0am\u00e1lami\u00f0st\u00f6\u00f0 Trysil<\/a><\/p>\n\n\n\n<p class=\"wp-block-paragraph\">\u00deetta er mi\u00f0l\u00e6gasta og l\u00edflegasta sv\u00e6\u00f0i\u00f0 \u00ed Trysil. H\u00e9r b\u00fdr\u00f0u r\u00e9tt vi\u00f0 hli\u00f0ina \u00e1 lyftunum, barnasv\u00e6\u00f0um, sk\u00ed\u00f0ask\u00f3lum, verslunum, veitingast\u00f6\u00f0um og eftirsk\u00ed\u00f0asv\u00e6\u00f0i. Fullkomi\u00f0 fyrir \u00fe\u00e1 sem vilja allt \u00ed g\u00f6nguf\u00e6ri og f\u00e9lagslegt andr\u00famsloft. \u00cdb\u00fa\u00f0ir og h\u00f3tel me\u00f0 mikilli \u00fe\u00e6gindum gera \u00feetta a\u00f0 vins\u00e6lum valkosti fyrir b\u00e6\u00f0i vetrar- og sumarfr\u00ed.   <\/p>\n\n\n\n<p class=\"wp-block-paragraph\"><a href=\"https:\/\/bno-travel.com\/is\/?page_id=2692\">Sk\u00e1lasv\u00e6\u00f0i\u00f0 \u00ed Trysilfjell<\/a><\/p>\n\n\n\n<p class=\"wp-block-paragraph\">Sta\u00f0sett \u00ed sk\u00f3gi v\u00f6xnum og r\u00f3legum umhverfi milli Fer\u00f0am\u00e1lami\u00f0st\u00f6\u00f0varinnar og H\u00e1fjallami\u00f0st\u00f6\u00f0varinnar. H\u00e9r finnur \u00fe\u00fa hef\u00f0bundnar sumarh\u00fas og n\u00fat\u00edmalegar fjallask\u00e1lar \u2013 margar me\u00f0 sk\u00ed\u00f0aa\u00f0st\u00f6\u00f0u a\u00f0gengileg \u00f6llum og fallegu \u00fats\u00fdni. G\u00f3\u00f0ur kostur fyrir \u00fe\u00e1 sem vilja meiri n\u00e6\u00f0i en samt vera n\u00e1l\u00e6gt \u00f6llu sem fj\u00f6llin hafa upp \u00e1 a\u00f0 bj\u00f3\u00f0a.  <\/p>\n\n\n\n<p class=\"wp-block-paragraph\"><a href=\"https:\/\/bno-travel.com\/is\/?page_id=2684\">Trysil High Mountain Center \/ Fager\u00e5sen<\/a><\/p>\n\n\n\n<p class=\"wp-block-paragraph\">\u00deetta sv\u00e6\u00f0i er sta\u00f0sett h\u00e1tt og opi\u00f0 me\u00f0 \u00fats\u00fdni og mikilli s\u00f3l. H\u00e9r finnur \u00fe\u00fa fj\u00f6lskylduv\u00e6nar brekkur, g\u00f3\u00f0 sv\u00e6\u00f0i fyrir b\u00f6rn, sk\u00ed\u00f0aleigu, matv\u00f6ruverslun og r\u00f3legt umhverfi. Sumarh\u00fas og \u00edb\u00fa\u00f0ir h\u00e9r eru fullkomnar fyrir fj\u00f6lskyldur me\u00f0 b\u00f6rn og \u00fe\u00e1 sem vilja afslappandi fjallaupplifun.  <\/p>\n\n\n\n<p class=\"wp-block-paragraph\">Haf\u00f0u samband vi\u00f0 okkur \u00ed dag til a\u00f0 skipuleggja n\u00e6stu upplifun \u00fe\u00edna \u00ed Trysil \u2013 og mundu a\u00f0 gefa \u00fe\u00e9r t\u00edma fyrir keiluspil!<\/p>\n<\/div>\n<\/div>\n\n\n\n<div style=\"height:calc( 0.25 * var(u002du002dwpu002du002dstyleu002du002drootu002du002dpadding-right, var(u002du002dwpu002du002dcustomu002du002dgapu002du002dhorizontal)))\" aria-hidden=\"true\" class=\"wp-block-spacer\"><\/div>\n<\/div>\n<\/div>\n\n<div class=\"wp-block-group alignfull is-style-default is-content-justification-center is-layout-constrained wp-container-core-group-is-layout-cdf99998 wp-block-group-is-layout-constrained\" style=\"margin-top:0;margin-bottom:0;padding-top:var(--wp--preset--spacing--40);padding-bottom:var(--wp--preset--spacing--40)\"><\/div>\n\n<p class=\"wp-block-paragraph\"><\/p>\n","protected":false},"excerpt":{"rendered":"<p>Heilsulind og ba\u00f0 \u00ed Trysil \u2013 Sl\u00f6kun og vell\u00ed\u00f0an \u00e1 fj\u00f6llum Trysil er ekki bara fyrir \u00fe\u00e1 sem s\u00e6kjast eftir hra\u00f0a og spennu \u2013 \u00fea\u00f0 er l\u00edka \u00e1fangasta\u00f0ur fyrir \u00fe\u00e1 sem leita a\u00f0 fri\u00f0i, vell\u00ed\u00f0an og sannri fjallasl\u00f6ppun. Me\u00f0 g\u00f3\u00f0u \u00farvali af heilsulindum og sundupplifunum, b\u00e6\u00f0i fyrir fj\u00f6lskyldur og p\u00f6r, er Trysil fullkominn sta\u00f0ur til [&hellip;]<\/p>\n","protected":false},"author":260013438,"featured_media":0,"parent":0,"menu_order":0,"comment_status":"closed","ping_status":"closed","template":"","meta":{"_crdt_document":"","footnotes":""},"class_list":["post-4063","page","type-page","status-publish","hentry"],"jetpack_likes_enabled":true,"jetpack_sharing_enabled":true,"jetpack_shortlink":"https:\/\/wp.me\/PgDuwj-13x","jetpack-related-posts":[{"id":3842,"url":"https:\/\/bno-travel.com\/is\/heilsulind-og-bad-i-salen\/","url_meta":{"origin":4063,"position":0},"title":"Heilsulind og ba\u00f0 \u00ed S\u00e4len","author":"Jan Terje \u00c5s","date":"18. j\u00fal\u00ed, 2025","format":false,"excerpt":"Heilsulind og ba\u00f0 \u00ed S\u00e4len \u2013 Vell\u00ed\u00f0an og sl\u00f6kun \u00ed fjallaumhverfi S\u00e4len sn\u00fdst ekki bara um sk\u00ed\u00f0i, hj\u00f3lrei\u00f0ar og \u00fativist \u2013 \u00fea\u00f0 er l\u00edka fr\u00e1b\u00e6r \u00e1fangasta\u00f0ur fyrir \u00fe\u00e1 sem leita a\u00f0 fri\u00f0i, bata og sannri fjallasamlyndi. Hvort sem \u00fe\u00fa kemur \u00ed r\u00f3mant\u00edska helgi, fj\u00f6lskyldufr\u00ed e\u00f0a vilt bara hla\u00f0a batter\u00edin eftir\u2026","rel":"","context":"Similar post","block_context":{"text":"Similar post","link":""},"img":{"alt_text":"","src":"https:\/\/i0.wp.com\/bno-travel.com\/wp-content\/uploads\/2025\/07\/52200128044_b550a6c33d_c.jpg?resize=350%2C200&ssl=1","width":350,"height":200,"srcset":"https:\/\/i0.wp.com\/bno-travel.com\/wp-content\/uploads\/2025\/07\/52200128044_b550a6c33d_c.jpg?resize=350%2C200&ssl=1 1x, https:\/\/i0.wp.com\/bno-travel.com\/wp-content\/uploads\/2025\/07\/52200128044_b550a6c33d_c.jpg?resize=525%2C300&ssl=1 1.5x, https:\/\/i0.wp.com\/bno-travel.com\/wp-content\/uploads\/2025\/07\/52200128044_b550a6c33d_c.jpg?resize=700%2C400&ssl=1 2x"},"classes":[]},{"id":4085,"url":"https:\/\/bno-travel.com\/is\/keila-i-trysil\/","url_meta":{"origin":4063,"position":1},"title":"Keila \u00ed Trysil","author":"Jan Terje \u00c5s","date":"18. j\u00fal\u00ed, 2025","format":false,"excerpt":"Keila \u00ed Trysil \u2013 Fullkomin af\u00fereying fyrir alla fj\u00f6lskylduna Keila er vins\u00e6l og f\u00e9lagsleg af\u00fereying fyrir b\u00e6\u00f0i unga sem aldna, og \u00ed Trysil finnur \u00fe\u00fa n\u00fat\u00edmalega og a\u00f0la\u00f0andi keilua\u00f0st\u00f6\u00f0u \u00ed hjarta fjallasv\u00e6\u00f0isins. Hvort sem \u00fe\u00fa ert \u00ed Trysil \u00ed fr\u00edi me\u00f0 fj\u00f6lskyldunni, vinah\u00f3pi e\u00f0a \u00ed fyrirt\u00e6kjafer\u00f0, \u00fe\u00e1 er keila fr\u00e1b\u00e6r\u2026","rel":"","context":"Similar post","block_context":{"text":"Similar post","link":""},"img":{"alt_text":"Bowling i Trysil","src":"https:\/\/i0.wp.com\/bno-travel.com\/wp-content\/uploads\/2025\/06\/52198855347_f963be3dbf_c.jpg?resize=350%2C200&ssl=1","width":350,"height":200,"srcset":"https:\/\/i0.wp.com\/bno-travel.com\/wp-content\/uploads\/2025\/06\/52198855347_f963be3dbf_c.jpg?resize=350%2C200&ssl=1 1x, https:\/\/i0.wp.com\/bno-travel.com\/wp-content\/uploads\/2025\/06\/52198855347_f963be3dbf_c.jpg?resize=525%2C300&ssl=1 1.5x, https:\/\/i0.wp.com\/bno-travel.com\/wp-content\/uploads\/2025\/06\/52198855347_f963be3dbf_c.jpg?resize=700%2C400&ssl=1 2x"},"classes":[]},{"id":2816,"url":"https:\/\/bno-travel.com\/is\/uppgotvadu-trysil-allt-arid-um-kring-fyrir-virka-ferdamenn\/","url_meta":{"origin":4063,"position":2},"title":"Uppg\u00f6tva\u00f0u Trysil: Allt \u00e1ri\u00f0 um kring fyrir virka fer\u00f0amenn","author":"Jan Terje \u00c5s","date":"18. j\u00fal\u00ed, 2025","format":false,"excerpt":"Upplif\u00f0u Trysil \u2605 \u2605 \u2605 \u2605 \u2605 H\u00e9r finnur \u00fe\u00fa gistingu \u00ed Trysil Trysil er ekki a\u00f0eins st\u00e6rsti sk\u00ed\u00f0asta\u00f0ur Noregs \u2013 \u00fea\u00f0 er l\u00edka parad\u00eds allt \u00e1ri\u00f0 um kring fyrir virka gesti, fj\u00f6lskyldur og n\u00e1tt\u00faruunnendur. Hvort sem \u00fe\u00fa heims\u00e6kir fj\u00f6llin til a\u00f0 s\u00e6kjast eftir hra\u00f0a og spennu, sl\u00f6kun e\u00f0a g\u00e6\u00f0astundum\u2026","rel":"","context":"Similar post","block_context":{"text":"Similar post","link":""},"img":{"alt_text":"Opplev Trysil","src":"https:\/\/i0.wp.com\/bno-travel.com\/wp-content\/uploads\/2025\/07\/20.06.19_Dronebilder-Sentrum_FULLSIZE-2.jpg?resize=350%2C200&ssl=1","width":350,"height":200,"srcset":"https:\/\/i0.wp.com\/bno-travel.com\/wp-content\/uploads\/2025\/07\/20.06.19_Dronebilder-Sentrum_FULLSIZE-2.jpg?resize=350%2C200&ssl=1 1x, https:\/\/i0.wp.com\/bno-travel.com\/wp-content\/uploads\/2025\/07\/20.06.19_Dronebilder-Sentrum_FULLSIZE-2.jpg?resize=525%2C300&ssl=1 1.5x, https:\/\/i0.wp.com\/bno-travel.com\/wp-content\/uploads\/2025\/07\/20.06.19_Dronebilder-Sentrum_FULLSIZE-2.jpg?resize=700%2C400&ssl=1 2x, https:\/\/i0.wp.com\/bno-travel.com\/wp-content\/uploads\/2025\/07\/20.06.19_Dronebilder-Sentrum_FULLSIZE-2.jpg?resize=1050%2C600&ssl=1 3x, https:\/\/i0.wp.com\/bno-travel.com\/wp-content\/uploads\/2025\/07\/20.06.19_Dronebilder-Sentrum_FULLSIZE-2.jpg?resize=1400%2C800&ssl=1 4x"},"classes":[]},{"id":3442,"url":"https:\/\/bno-travel.com\/spa-og-bad-i-trysil-varme-bad-og-nyttelse\/","url_meta":{"origin":4063,"position":3},"title":"Spa og bad i Trysil","author":"Jan Terje \u00c5s","date":"18. j\u00fal\u00ed, 2025","format":false,"excerpt":"Spa og bad i Trysil Avslapning og velv\u00e6re i fjellene \u2013 for deg som vil kombinere aktive dager med varme pauser og ekte avkobling Trysil er ikke bare et reisem\u00e5l for fart og aktivitet, men ogs\u00e5 for ro, velv\u00e6re og gode pusterom i fjellet. Med familievennlige badeopplevelser, varme bassenger og\u2026","rel":"","context":"Similar post","block_context":{"text":"Similar post","link":""},"img":{"alt_text":"","src":"","width":0,"height":0},"classes":[]},{"id":4064,"url":"https:\/\/bno-travel.com\/da\/spa-og-bad-i-trysil\/","url_meta":{"origin":4063,"position":4},"title":"Spa og bad i Trysil","author":"Jan Terje \u00c5s","date":"18. j\u00fal\u00ed, 2025","format":false,"excerpt":"Spa og bad i Trysil - Afslapning og wellness i fjeldene Trysil er ikke kun for dem, der s\u00f8ger fart og sp\u00e6nding - det er ogs\u00e5 en destination for dem, der s\u00f8ger ro, velv\u00e6re og \u00e6gte fjeldhygge. Med et godt udvalg af spa- og badeoplevelser for b\u00e5de familier og par\u2026","rel":"","context":"Similar post","block_context":{"text":"Similar post","link":""},"img":{"alt_text":"","src":"https:\/\/i0.wp.com\/bno-travel.com\/wp-content\/uploads\/2025\/07\/52200128044_b550a6c33d_c.jpg?resize=350%2C200&ssl=1","width":350,"height":200,"srcset":"https:\/\/i0.wp.com\/bno-travel.com\/wp-content\/uploads\/2025\/07\/52200128044_b550a6c33d_c.jpg?resize=350%2C200&ssl=1 1x, https:\/\/i0.wp.com\/bno-travel.com\/wp-content\/uploads\/2025\/07\/52200128044_b550a6c33d_c.jpg?resize=525%2C300&ssl=1 1.5x, https:\/\/i0.wp.com\/bno-travel.com\/wp-content\/uploads\/2025\/07\/52200128044_b550a6c33d_c.jpg?resize=700%2C400&ssl=1 2x"},"classes":[]},{"id":4111,"url":"https:\/\/bno-travel.com\/is\/veitingastadir-i-trysil\/","url_meta":{"origin":4063,"position":5},"title":"Veitingasta\u00f0ir \u00ed Trysil","author":"Jan Terje \u00c5s","date":"18. j\u00fal\u00ed, 2025","format":false,"excerpt":"Veitingasta\u00f0ir \u00ed Trysil \u2013 Lj\u00faffengt allt \u00e1ri\u00f0 um kring Trysil b\u00fd\u00f0ur upp \u00e1 miklu meira en fr\u00e1b\u00e6rar sk\u00ed\u00f0abrekkur og fjallalandslag. Hvort sem \u00fe\u00fa heims\u00e6kir sv\u00e6\u00f0i\u00f0 a\u00f0 vetri e\u00f0a sumri getur\u00f0u noti\u00f0 fj\u00f6lbreytts \u00farvals af veitingast\u00f6\u00f0um, kaffih\u00fasum og st\u00f6\u00f0um eftir sk\u00ed\u00f0i \u2013 allt fr\u00e1 g\u00f3ms\u00e6tum mat til skyndibita . H\u00e9r finnur\u2026","rel":"","context":"Similar post","block_context":{"text":"Similar post","link":""},"img":{"alt_text":"Skistar Logde Trysil","src":"https:\/\/i0.wp.com\/bno-travel.com\/wp-content\/uploads\/2025\/07\/52199845033_2c000ed2d7_c.jpg?resize=350%2C200&ssl=1","width":350,"height":200,"srcset":"https:\/\/i0.wp.com\/bno-travel.com\/wp-content\/uploads\/2025\/07\/52199845033_2c000ed2d7_c.jpg?resize=350%2C200&ssl=1 1x, https:\/\/i0.wp.com\/bno-travel.com\/wp-content\/uploads\/2025\/07\/52199845033_2c000ed2d7_c.jpg?resize=525%2C300&ssl=1 1.5x, https:\/\/i0.wp.com\/bno-travel.com\/wp-content\/uploads\/2025\/07\/52199845033_2c000ed2d7_c.jpg?resize=700%2C400&ssl=1 2x"},"classes":[]}],"_links":{"self":[{"href":"https:\/\/bno-travel.com\/is\/wp-json\/wp\/v2\/pages\/4063","targetHints":{"allow":["GET"]}}],"collection":[{"href":"https:\/\/bno-travel.com\/is\/wp-json\/wp\/v2\/pages"}],"about":[{"href":"https:\/\/bno-travel.com\/is\/wp-json\/wp\/v2\/types\/page"}],"author":[{"embeddable":true,"href":"https:\/\/bno-travel.com\/is\/wp-json\/wp\/v2\/users\/260013438"}],"replies":[{"embeddable":true,"href":"https:\/\/bno-travel.com\/is\/wp-json\/wp\/v2\/comments?post=4063"}],"version-history":[{"count":2,"href":"https:\/\/bno-travel.com\/is\/wp-json\/wp\/v2\/pages\/4063\/revisions"}],"predecessor-version":[{"id":4850,"href":"https:\/\/bno-travel.com\/is\/wp-json\/wp\/v2\/pages\/4063\/revisions\/4850"}],"wp:attachment":[{"href":"https:\/\/bno-travel.com\/is\/wp-json\/wp\/v2\/media?parent=4063"}],"curies":[{"name":"wp","href":"https:\/\/api.w.org\/{rel}","templated":true}]}}