{"id":4085,"date":"2025-07-18T20:26:42","date_gmt":"2025-07-18T18:26:42","guid":{"rendered":"https:\/\/bno-travel.com\/?page_id=4085"},"modified":"2025-07-18T20:27:20","modified_gmt":"2025-07-18T18:27:20","slug":"keila-i-trysil","status":"publish","type":"page","link":"https:\/\/bno-travel.com\/is\/keila-i-trysil\/","title":{"rendered":"Keila \u00ed Trysil"},"content":{"rendered":"\n<p class=\"wp-block-paragraph\"><\/p>\n\n<div class=\"wp-block-cover alignfull\" style=\"margin-top:0;margin-bottom:0;padding-top:var(--wp--preset--spacing--20);padding-right:var(--wp--preset--spacing--40);padding-bottom:var(--wp--preset--spacing--20);padding-left:var(--wp--preset--spacing--40);min-height:897px;aspect-ratio:unset;\"><img data-recalc-dims=\"1\" fetchpriority=\"high\" decoding=\"async\" width=\"800\" height=\"636\" class=\"wp-block-cover__image-background wp-image-2526 size-full\" alt=\"Bowling i Trysil\" src=\"https:\/\/i0.wp.com\/bno-travel.com\/wp-content\/uploads\/2025\/06\/52198855347_f963be3dbf_c.jpg?resize=800%2C636&#038;ssl=1\" style=\"object-position:53% 14%\" data-object-fit=\"cover\" data-object-position=\"53% 14%\" srcset=\"https:\/\/i0.wp.com\/bno-travel.com\/wp-content\/uploads\/2025\/06\/52198855347_f963be3dbf_c.jpg?w=800&amp;ssl=1 800w, https:\/\/i0.wp.com\/bno-travel.com\/wp-content\/uploads\/2025\/06\/52198855347_f963be3dbf_c.jpg?resize=300%2C239&amp;ssl=1 300w, https:\/\/i0.wp.com\/bno-travel.com\/wp-content\/uploads\/2025\/06\/52198855347_f963be3dbf_c.jpg?resize=768%2C611&amp;ssl=1 768w\" sizes=\"(max-width: 800px) 100vw, 800px\" \/><span aria-hidden=\"true\" class=\"wp-block-cover__background has-theme-1-background-color has-background-dim-30 has-background-dim\"><\/span><div class=\"wp-block-cover__inner-container is-layout-flow wp-block-cover-is-layout-flow\">\n<div style=\"height:var(--wp--preset--spacing--50)\" aria-hidden=\"true\" class=\"wp-block-spacer\"><\/div>\n\n\n\n<div style=\"height:var(--wp--preset--spacing--50)\" aria-hidden=\"true\" class=\"wp-block-spacer\"><\/div>\n<\/div><\/div>\n\n<div class=\"wp-block-group alignfull is-style-section-3 is-layout-constrained wp-block-group-is-layout-constrained\" style=\"margin-top:0;margin-bottom:0;padding-top:var(--wp--preset--spacing--40);padding-bottom:var(--wp--preset--spacing--40)\">\n<div class=\"wp-block-columns alignwide are-vertically-aligned-center is-layout-flex wp-container-core-columns-is-layout-d9ad523d wp-block-columns-is-layout-flex\">\n<div class=\"wp-block-column is-vertically-aligned-center is-layout-flow wp-block-column-is-layout-flow\">\n<figure class=\"wp-block-image size-full\"><img data-recalc-dims=\"1\" decoding=\"async\" width=\"800\" height=\"636\" src=\"https:\/\/i0.wp.com\/bno-travel.com\/wp-content\/uploads\/2025\/06\/52198855347_f963be3dbf_c.jpg?resize=800%2C636&#038;ssl=1\" alt=\"Keila &#xED; Trysil\" class=\"wp-image-2526\" style=\"aspect-ratio:3\/4;object-fit:cover\" title=\"title\" srcset=\"https:\/\/i0.wp.com\/bno-travel.com\/wp-content\/uploads\/2025\/06\/52198855347_f963be3dbf_c.jpg?w=800&amp;ssl=1 800w, https:\/\/i0.wp.com\/bno-travel.com\/wp-content\/uploads\/2025\/06\/52198855347_f963be3dbf_c.jpg?resize=300%2C239&amp;ssl=1 300w, https:\/\/i0.wp.com\/bno-travel.com\/wp-content\/uploads\/2025\/06\/52198855347_f963be3dbf_c.jpg?resize=768%2C611&amp;ssl=1 768w\" sizes=\"(max-width: 800px) 100vw, 800px\" \/><\/figure>\n<\/div>\n\n\n\n<div class=\"wp-block-column is-vertically-aligned-center is-content-justification-left is-layout-constrained wp-container-core-column-is-layout-b64f6bf5 wp-block-column-is-layout-constrained\">\n<p class=\"wp-block-paragraph\"><\/p>\n\n\n\n<h2 class=\"wp-block-heading\">Keila \u00ed Trysil \u2013 Fullkomin af\u00fereying fyrir alla fj\u00f6lskylduna<\/h2>\n\n\n\n<p class=\"wp-block-paragraph\">Keila er vins\u00e6l og f\u00e9lagsleg af\u00fereying fyrir b\u00e6\u00f0i unga sem aldna, og \u00ed Trysil finnur \u00fe\u00fa n\u00fat\u00edmalega og a\u00f0la\u00f0andi keilua\u00f0st\u00f6\u00f0u \u00ed hjarta fjallasv\u00e6\u00f0isins. Hvort sem \u00fe\u00fa ert \u00ed Trysil \u00ed fr\u00edi me\u00f0 fj\u00f6lskyldunni, vinah\u00f3pi e\u00f0a \u00ed fyrirt\u00e6kjafer\u00f0, \u00fe\u00e1 er keila fr\u00e1b\u00e6r valkostur vi\u00f0 \u00fativist \u2013 s\u00e9rstaklega \u00e1 d\u00f6gum me\u00f0 sl\u00e6mu ve\u00f0ri, e\u00f0a sem skemmtileg kv\u00f6ldskemmtun eftir virkan dag \u00fati. <\/p>\n\n\n\n<p class=\"wp-block-paragraph\"><strong>Trysil Bowling<\/strong> , sta\u00f0sett mi\u00f0sv\u00e6\u00f0is \u00e1 Radisson Blu Resort Trysil, er <strong>keiluh\u00f6ll me\u00f0 \u00e1tta brautum<\/strong> , n\u00fat\u00edmat\u00e6kni, fr\u00e1b\u00e6ru andr\u00famslofti og a\u00f0st\u00f6\u00f0u sem hentar b\u00e6\u00f0i b\u00f6rnum og fullor\u00f0num. H\u00e9r er h\u00e6gt a\u00f0 nj\u00f3ta keilu me\u00f0 mat, drykk og sl\u00f6kun \u2013 allt undir sama \u00feaki. Einnig er h\u00e6gt a\u00f0 panta brautir fyrir h\u00f3pa og vi\u00f0bur\u00f0i, sem gerir hana a\u00f0 vins\u00e6lum valkosti fyrir afm\u00e6li, h\u00f3pefli og fj\u00f6lskylduvi\u00f0bur\u00f0i.  <\/p>\n\n\n\n<p class=\"wp-block-paragraph\"><a href=\"https:\/\/www.trysil.com\/bedrifter\/radisson-blu-resort-trysil\/chill-bowl--dine\/\" target=\"_blank\" rel=\"noopener\">Keiluh\u00f6llin<\/a> er einnig me\u00f0 billjardbor\u00f0i, spilakassa og setusv\u00e6\u00f0i, sem gerir hana a\u00f0 n\u00e1tt\u00farulegum samkomusta\u00f0 fyrir b\u00e6\u00f0i sl\u00f6kun og skemmtun. Barnv\u00e6nar brautir me\u00f0 r\u00falluteinum og l\u00e9ttum boltum \u00fe\u00fd\u00f0a a\u00f0 jafnvel sm\u00e1b\u00f6rnin geta teki\u00f0 \u00fe\u00e1tt \u2013 og skemmt s\u00e9r! <\/p>\n<\/div>\n<\/div>\n<\/div>\n\n<div class=\"wp-block-group alignfull is-style-default is-content-justification-center is-layout-constrained wp-container-core-group-is-layout-69af11d0 wp-block-group-is-layout-constrained\" style=\"margin-top:0;margin-bottom:0;padding-top:var(--wp--preset--spacing--40);padding-bottom:var(--wp--preset--spacing--40)\"><\/div>\n\n<div class=\"wp-block-group alignfull is-content-justification-center is-layout-constrained wp-block-group-is-layout-constrained\" style=\"margin-top:0;margin-bottom:0;padding-top:var(--wp--preset--spacing--40);padding-bottom:var(--wp--preset--spacing--40)\">\n<div class=\"wp-block-columns alignwide are-vertically-aligned-center is-layout-flex wp-container-core-columns-is-layout-7387b849 wp-block-columns-is-layout-flex\">\n<div class=\"wp-block-column is-vertically-aligned-center is-content-justification-left is-layout-constrained wp-container-core-column-is-layout-b64f6bf5 wp-block-column-is-layout-constrained\">\n<p class=\"wp-block-paragraph\">Af hverju a\u00f0 velja keilu \u00ed Trysil?<\/p>\n\n\n\n<ul class=\"wp-block-list\">\n<li>Fullkomin af\u00fereying allt \u00e1ri\u00f0 um kring \u2013 \u00f3h\u00e1\u00f0 ve\u00f0ri og \u00e1rst\u00ed\u00f0<\/li>\n\n\n\n<li>Hentar \u00f6llum aldri og f\u00e6rnistigum<\/li>\n\n\n\n<li>Fj\u00f6lskylduv\u00e6nt og f\u00e9lagslynt<\/li>\n\n\n\n<li>Au\u00f0velt a\u00f0 sameina kv\u00f6ldmat og a\u00f0ra af\u00fereyingu<\/li>\n\n\n\n<li>Stutt \u00ed gistingu og samg\u00f6ngur<\/li>\n<\/ul>\n\n\n\n<p class=\"wp-block-paragraph\">Af\u00fereying \u00ed Trysil \u2013 meira en bara sk\u00ed\u00f0i<\/p>\n\n\n\n<p class=\"wp-block-paragraph\">\u00de\u00f3 a\u00f0 Trysil s\u00e9 \u00feekktust sem st\u00e6rsta vetrar\u00ed\u00fer\u00f3ttasv\u00e6\u00f0i Noregs, \u00fe\u00e1 er fj\u00f6lbreytt \u00farval <strong>annarrar af\u00fereyingar<\/strong> \u00ed bo\u00f0i allt \u00e1ri\u00f0 um kring. \u00deegar \u00fe\u00fa ert \u00ed Trysil til a\u00f0 spila keilu g\u00e6ti veri\u00f0 \u00feess vir\u00f0i a\u00f0 sameina dv\u00f6lina vi\u00f0 a\u00f0rar upplifanir: <\/p>\n\n\n\n<p class=\"wp-block-paragraph\">Vetraraf\u00fereying \u00ed Trysil (nema sk\u00ed\u00f0i)<\/p>\n\n\n\n<ul class=\"wp-block-list\">\n<li><strong>G\u00f6ngusk\u00ed\u00f0i:<\/strong> Yfir 100 km af vel pr\u00fdddum g\u00f6ngusk\u00ed\u00f0um \u00ed fj\u00f6lbreyttu landslagi.<\/li>\n\n\n\n<li><strong>Hundasle\u00f0afer\u00f0:<\/strong> \u00c6vint\u00fdraleg upplifun \u00fear sem \u00fe\u00fa getur stj\u00f3rna\u00f0 \u00fe\u00ednu eigin hundateymi.<\/li>\n\n\n\n<li><strong>Snj\u00f3\u00fer\u00fagur og vetrarg\u00f6ngur:<\/strong> Fyrir \u00fe\u00e1 sem vilja upplifa fj\u00f6llin \u00e1 h\u00e6gari hra\u00f0a.<\/li>\n\n\n\n<li><strong>Sle\u00f0a- og rennibrautir:<\/strong> Skemmtilegt fyrir b\u00e6\u00f0i b\u00f6rn og fullor\u00f0na, me\u00f0 eigin rennibrautum \u00e1 nokkrum st\u00f6\u00f0um.<\/li>\n\n\n\n<li><strong>Heilsulind og heilsulind:<\/strong> Nj\u00f3ttu afslappandi me\u00f0fer\u00f0a e\u00f0a d\u00fdfingar \u00ed heitu sundlauginni eftir dags af\u00fereyingu.<\/li>\n<\/ul>\n\n\n\n<p class=\"wp-block-paragraph\">Sumaraf\u00fereying \u00ed Trysil<\/p>\n\n\n\n<ul class=\"wp-block-list\">\n<li><strong>Klifurgar\u00f0ur og rennil\u00edna:<\/strong> Tilvali\u00f0 fyrir b\u00f6rn og ungmenni sem vilja hra\u00f0a og \u00e1skoranir. Regluleg m\u00f3t og kl\u00fabbkv\u00f6ld.<\/li>\n<\/ul>\n\n\n\n<ul class=\"wp-block-list\">\n<li><strong>Trysil Bike Arena:<\/strong> Eitt besta sv\u00e6\u00f0i Noregs fyrir hj\u00f3lrei\u00f0ar \u00e1 sl\u00f3\u00f0um, me\u00f0 sl\u00f3\u00f0um fyrir \u00f6ll getustig.<\/li>\n<\/ul>\n\n\n\n<ul class=\"wp-block-list\">\n<li><strong>Af\u00fereying \u00e1 \u00e1nni:<\/strong> R\u00f3\u00f0rarfer\u00f0ir, fl\u00fa\u00f0asiglingar og SUP-siglingar \u00ed Trysil-\u00e1nni.<\/li>\n<\/ul>\n\n\n\n<ul class=\"wp-block-list\">\n<li><strong>G\u00f6ngufer\u00f0ir:<\/strong> Margar merktar lei\u00f0ir um sk\u00f3ga, fj\u00f6ll og v\u00ed\u00f0\u00e1ttumikil sv\u00e6\u00f0i.<\/li>\n\n\n\n<li><strong>Vei\u00f0i og golf:<\/strong> G\u00f3\u00f0 t\u00e6kif\u00e6ri til sportvei\u00f0i og fj\u00e1rh\u00e6ttuspila \u00e1 18 holu golfvellinum \u00ed Trysil.<\/li>\n<\/ul>\n<\/div>\n\n\n\n<div class=\"wp-block-column is-vertically-aligned-center is-layout-flow wp-block-column-is-layout-flow\">\n<figure class=\"wp-block-image size-full\"><img data-recalc-dims=\"1\" decoding=\"async\" width=\"799\" height=\"532\" src=\"https:\/\/i0.wp.com\/bno-travel.com\/wp-content\/uploads\/2025\/06\/19105672288_2155e3dd4c_c.jpg?resize=799%2C532&#038;ssl=1\" alt=\"Sumar &#xED; Trysil\" class=\"wp-image-2278\" style=\"aspect-ratio:3\/4;object-fit:cover\" srcset=\"https:\/\/i0.wp.com\/bno-travel.com\/wp-content\/uploads\/2025\/06\/19105672288_2155e3dd4c_c.jpg?w=799&amp;ssl=1 799w, https:\/\/i0.wp.com\/bno-travel.com\/wp-content\/uploads\/2025\/06\/19105672288_2155e3dd4c_c.jpg?resize=300%2C200&amp;ssl=1 300w, https:\/\/i0.wp.com\/bno-travel.com\/wp-content\/uploads\/2025\/06\/19105672288_2155e3dd4c_c.jpg?resize=768%2C511&amp;ssl=1 768w\" sizes=\"(max-width: 799px) 100vw, 799px\" \/><\/figure>\n<\/div>\n<\/div>\n<\/div>\n\n<div class=\"wp-block-group alignfull is-style-default is-content-justification-center is-layout-constrained wp-container-core-group-is-layout-69af11d0 wp-block-group-is-layout-constrained\" style=\"margin-top:0;margin-bottom:0;padding-top:var(--wp--preset--spacing--40);padding-bottom:var(--wp--preset--spacing--40)\">\n<div class=\"wp-block-group alignfull is-content-justification-center is-layout-constrained wp-container-core-group-is-layout-4853c3a7 wp-block-group-is-layout-constrained\" style=\"margin-top:0;margin-bottom:0;padding-top:calc( 0.5 * var(u002du002dwpu002du002dstyleu002du002drootu002du002dpadding-right, var(u002du002dwpu002du002dcustomu002du002dgapu002du002dhorizontal)));padding-right:var(u002du002dwpu002du002dstyleu002du002drootu002du002dpadding-right, var(u002du002dwpu002du002dcustomu002du002dgapu002du002dhorizontal));padding-bottom:calc( 0.5 * var(u002du002dwpu002du002dstyleu002du002drootu002du002dpadding-right, var(u002du002dwpu002du002dcustomu002du002dgapu002du002dhorizontal)));padding-left:var(u002du002dwpu002du002dstyleu002du002drootu002du002dpadding-left, var(u002du002dwpu002du002dcustomu002du002dgapu002du002dhorizontal))\">\n<div style=\"height:calc( 0.25 * var(u002du002dwpu002du002dstyleu002du002drootu002du002dpadding-right, var(u002du002dwpu002du002dcustomu002du002dgapu002du002dhorizontal)))\" aria-hidden=\"true\" class=\"wp-block-spacer\"><\/div>\n\n\n\n<div class=\"wp-block-columns alignwide is-layout-flex wp-container-core-columns-is-layout-7387b849 wp-block-columns-is-layout-flex\">\n<div class=\"wp-block-column is-vertically-aligned-center is-layout-flow wp-block-column-is-layout-flow\">\n<figure class=\"wp-block-image size-full\"><img data-recalc-dims=\"1\" loading=\"lazy\" decoding=\"async\" width=\"532\" height=\"799\" src=\"https:\/\/i0.wp.com\/bno-travel.com\/wp-content\/uploads\/2025\/06\/18670754034_e10bf74a7e_c.jpg?resize=532%2C799&#038;ssl=1\" alt=\"\" class=\"wp-image-2265\" style=\"aspect-ratio:3\/4;object-fit:cover\" srcset=\"https:\/\/i0.wp.com\/bno-travel.com\/wp-content\/uploads\/2025\/06\/18670754034_e10bf74a7e_c.jpg?w=532&amp;ssl=1 532w, https:\/\/i0.wp.com\/bno-travel.com\/wp-content\/uploads\/2025\/06\/18670754034_e10bf74a7e_c.jpg?resize=200%2C300&amp;ssl=1 200w\" sizes=\"(max-width: 532px) 100vw, 532px\" \/><\/figure>\n<\/div>\n\n\n\n<div class=\"wp-block-column is-vertically-aligned-center is-layout-flow wp-block-column-is-layout-flow\">\n<p class=\"has-text-align-left wp-block-paragraph\">B\u00f3ka\u00f0u fr\u00edi\u00f0 \u00feitt hj\u00e1 BNO TRAVEL<\/p>\n\n\n\n<p class=\"wp-block-paragraph\">Hvort sem \u00fe\u00fa ert a\u00f0 skipuleggja virka vetrarfr\u00ed, sumarupplifun \u00ed fj\u00f6llunum e\u00f0a afslappandi helgarfer\u00f0, \u00fe\u00e1 hj\u00e1lpar <strong>BNO TRAVEL<\/strong> \u00fe\u00e9r a\u00f0 sn\u00ed\u00f0a dv\u00f6l a\u00f0 \u00fe\u00ednum \u00fe\u00f6rfum. Vi\u00f0 bj\u00f3\u00f0um upp \u00e1 heildarpakka me\u00f0 gistingu og r\u00e1\u00f0leggingum um af\u00fereyingu \u2013 \u00fear \u00e1 me\u00f0al keilu og margt fleira. <\/p>\n\n\n\n<p class=\"wp-block-paragraph\">\u00deegar kemur a\u00f0 gistingu \u00ed Trysil bj\u00f3\u00f0um vi\u00f0 upp \u00e1 \u00ferj\u00fa meginsv\u00e6\u00f0i:<\/p>\n\n\n\n<p class=\"wp-block-paragraph\"><a href=\"https:\/\/bno-travel.com\/is\/?page_id=2954\">Fer\u00f0am\u00e1lami\u00f0st\u00f6\u00f0 Trysil<\/a><\/p>\n\n\n\n<p class=\"wp-block-paragraph\">\u00deetta er mi\u00f0l\u00e6gasta og l\u00edflegasta sv\u00e6\u00f0i\u00f0 \u00ed Trysil. H\u00e9r b\u00fdr\u00f0u r\u00e9tt vi\u00f0 hli\u00f0ina \u00e1 lyftunum, barnasv\u00e6\u00f0um, sk\u00ed\u00f0ask\u00f3lum, verslunum, veitingast\u00f6\u00f0um og eftirsk\u00ed\u00f0asv\u00e6\u00f0i. Fullkomi\u00f0 fyrir \u00fe\u00e1 sem vilja allt \u00ed g\u00f6nguf\u00e6ri og f\u00e9lagslegt andr\u00famsloft. \u00cdb\u00fa\u00f0ir og h\u00f3tel me\u00f0 mikilli \u00fe\u00e6gindum gera \u00feetta a\u00f0 vins\u00e6lum valkosti fyrir b\u00e6\u00f0i vetrar- og sumarfr\u00ed.   <\/p>\n\n\n\n<p class=\"wp-block-paragraph\"><a href=\"https:\/\/bno-travel.com\/is\/?page_id=2692\">Trysilfjell Hytteomr\u00e5de<\/a><\/p>\n\n\n\n<p class=\"wp-block-paragraph\">Sta\u00f0sett \u00ed sk\u00f3gi v\u00f6xnum og r\u00f3legum umhverfi milli Fer\u00f0am\u00e1lami\u00f0st\u00f6\u00f0varinnar og H\u00e1fjallami\u00f0st\u00f6\u00f0varinnar. H\u00e9r finnur \u00fe\u00fa hef\u00f0bundnar sumarh\u00fas og n\u00fat\u00edmalegar fjallask\u00e1lar \u2013 margar me\u00f0 sk\u00ed\u00f0aa\u00f0st\u00f6\u00f0u a\u00f0gengileg \u00f6llum og fallegu \u00fats\u00fdni. G\u00f3\u00f0ur kostur fyrir \u00fe\u00e1 sem vilja meiri n\u00e6\u00f0i en samt vera n\u00e1l\u00e6gt \u00f6llu sem fj\u00f6llin hafa upp \u00e1 a\u00f0 bj\u00f3\u00f0a.  <\/p>\n\n\n\n<p class=\"wp-block-paragraph\"><a href=\"https:\/\/bno-travel.com\/is\/?page_id=2684\">Trysil H\u00f8yfjellssenter \/ Fager\u00e5sen<\/a><\/p>\n\n\n\n<p class=\"wp-block-paragraph\">\u00deetta sv\u00e6\u00f0i er sta\u00f0sett h\u00e1tt og opi\u00f0 me\u00f0 \u00fats\u00fdni og mikilli s\u00f3l. H\u00e9r finnur \u00fe\u00fa fj\u00f6lskylduv\u00e6nar brekkur, g\u00f3\u00f0 sv\u00e6\u00f0i fyrir b\u00f6rn, sk\u00ed\u00f0aleigu, matv\u00f6ruverslun og r\u00f3legt umhverfi. Sumarh\u00fas og \u00edb\u00fa\u00f0ir h\u00e9r eru fullkomnar fyrir fj\u00f6lskyldur me\u00f0 b\u00f6rn og \u00fe\u00e1 sem vilja afslappandi fjallaupplifun.  <\/p>\n\n\n\n<p class=\"wp-block-paragraph\">Haf\u00f0u samband vi\u00f0 okkur \u00ed dag til a\u00f0 skipuleggja n\u00e6stu upplifun \u00fe\u00edna \u00ed Trysil \u2013 og mundu a\u00f0 gefa \u00fe\u00e9r t\u00edma fyrir keiluspil!<\/p>\n<\/div>\n<\/div>\n\n\n\n<div style=\"height:calc( 0.25 * var(u002du002dwpu002du002dstyleu002du002drootu002du002dpadding-right, var(u002du002dwpu002du002dcustomu002du002dgapu002du002dhorizontal)))\" aria-hidden=\"true\" class=\"wp-block-spacer\"><\/div>\n<\/div>\n\n\n\n<div class=\"wp-block-group alignwide is-content-justification-left is-layout-constrained wp-container-core-group-is-layout-54d22900 wp-block-group-is-layout-constrained\"><\/div>\n<\/div>\n\n<div class=\"wp-block-group alignfull is-style-default is-content-justification-center is-layout-constrained wp-container-core-group-is-layout-cdf99998 wp-block-group-is-layout-constrained\" style=\"margin-top:0;margin-bottom:0;padding-top:var(--wp--preset--spacing--40);padding-bottom:var(--wp--preset--spacing--40)\"><\/div>\n\n<p class=\"wp-block-paragraph\"><\/p>\n","protected":false},"excerpt":{"rendered":"<p>Keila \u00ed Trysil \u2013 Fullkomin af\u00fereying fyrir alla fj\u00f6lskylduna Keila er vins\u00e6l og f\u00e9lagsleg af\u00fereying fyrir b\u00e6\u00f0i unga sem aldna, og \u00ed Trysil finnur \u00fe\u00fa n\u00fat\u00edmalega og a\u00f0la\u00f0andi keilua\u00f0st\u00f6\u00f0u \u00ed hjarta fjallasv\u00e6\u00f0isins. Hvort sem \u00fe\u00fa ert \u00ed Trysil \u00ed fr\u00edi me\u00f0 fj\u00f6lskyldunni, vinah\u00f3pi e\u00f0a \u00ed fyrirt\u00e6kjafer\u00f0, \u00fe\u00e1 er keila fr\u00e1b\u00e6r valkostur vi\u00f0 \u00fativist \u2013 s\u00e9rstaklega [&hellip;]<\/p>\n","protected":false},"author":260013438,"featured_media":0,"parent":0,"menu_order":0,"comment_status":"closed","ping_status":"closed","template":"","meta":{"_crdt_document":"","footnotes":""},"class_list":["post-4085","page","type-page","status-publish","hentry"],"jetpack_likes_enabled":true,"jetpack_sharing_enabled":true,"jetpack_shortlink":"https:\/\/wp.me\/PgDuwj-13T","jetpack-related-posts":[{"id":2816,"url":"https:\/\/bno-travel.com\/is\/uppgotvadu-trysil-allt-arid-um-kring-fyrir-virka-ferdamenn\/","url_meta":{"origin":4085,"position":0},"title":"Uppg\u00f6tva\u00f0u Trysil: Allt \u00e1ri\u00f0 um kring fyrir virka fer\u00f0amenn","author":"Jan Terje \u00c5s","date":"18. j\u00fal\u00ed, 2025","format":false,"excerpt":"Upplif\u00f0u Trysil \u2605 \u2605 \u2605 \u2605 \u2605 H\u00e9r finnur \u00fe\u00fa gistingu \u00ed Trysil Trysil er ekki a\u00f0eins st\u00e6rsti sk\u00ed\u00f0asta\u00f0ur Noregs \u2013 \u00fea\u00f0 er l\u00edka parad\u00eds allt \u00e1ri\u00f0 um kring fyrir virka gesti, fj\u00f6lskyldur og n\u00e1tt\u00faruunnendur. Hvort sem \u00fe\u00fa heims\u00e6kir fj\u00f6llin til a\u00f0 s\u00e6kjast eftir hra\u00f0a og spennu, sl\u00f6kun e\u00f0a g\u00e6\u00f0astundum\u2026","rel":"","context":"Similar post","block_context":{"text":"Similar post","link":""},"img":{"alt_text":"Opplev Trysil","src":"https:\/\/i0.wp.com\/bno-travel.com\/wp-content\/uploads\/2025\/07\/20.06.19_Dronebilder-Sentrum_FULLSIZE-2.jpg?resize=350%2C200&ssl=1","width":350,"height":200,"srcset":"https:\/\/i0.wp.com\/bno-travel.com\/wp-content\/uploads\/2025\/07\/20.06.19_Dronebilder-Sentrum_FULLSIZE-2.jpg?resize=350%2C200&ssl=1 1x, https:\/\/i0.wp.com\/bno-travel.com\/wp-content\/uploads\/2025\/07\/20.06.19_Dronebilder-Sentrum_FULLSIZE-2.jpg?resize=525%2C300&ssl=1 1.5x, https:\/\/i0.wp.com\/bno-travel.com\/wp-content\/uploads\/2025\/07\/20.06.19_Dronebilder-Sentrum_FULLSIZE-2.jpg?resize=700%2C400&ssl=1 2x, https:\/\/i0.wp.com\/bno-travel.com\/wp-content\/uploads\/2025\/07\/20.06.19_Dronebilder-Sentrum_FULLSIZE-2.jpg?resize=1050%2C600&ssl=1 3x, https:\/\/i0.wp.com\/bno-travel.com\/wp-content\/uploads\/2025\/07\/20.06.19_Dronebilder-Sentrum_FULLSIZE-2.jpg?resize=1400%2C800&ssl=1 4x"},"classes":[]},{"id":3855,"url":"https:\/\/bno-travel.com\/is\/keiluleikur-i-salen\/","url_meta":{"origin":4085,"position":1},"title":"Keiluleikur \u00ed S\u00e4len","author":"Jan Terje \u00c5s","date":"18. j\u00fal\u00ed, 2025","format":false,"excerpt":"Keila \u00ed S\u00e4len \u2013 Skemmtileg af\u00fereying fyrir alla fj\u00f6lskylduna, allt \u00e1ri\u00f0 um kring Keila er f\u00e9lagsleg og fj\u00f6lskylduv\u00e6n af\u00fereying sem hentar fullkomlega sem hl\u00e9 fr\u00e1 sk\u00ed\u00f0um, hj\u00f3lrei\u00f0um e\u00f0a fjallag\u00f6ngum \u2013 og \u00ed S\u00e4len er a\u00f0 finna n\u00fat\u00edmalega keiluh\u00f6ll mitt \u00ed Lindvallen. \u00dear geta b\u00e6\u00f0i b\u00f6rn og fullor\u00f0nir noti\u00f0 \u00feess a\u00f0\u2026","rel":"","context":"Similar post","block_context":{"text":"Similar post","link":""},"img":{"alt_text":"Bowling i S\u00e4len","src":"https:\/\/i0.wp.com\/bno-travel.com\/wp-content\/uploads\/2025\/07\/bowling-salen-experium-aktiviteter-1.jpg?resize=350%2C200&ssl=1","width":350,"height":200,"srcset":"https:\/\/i0.wp.com\/bno-travel.com\/wp-content\/uploads\/2025\/07\/bowling-salen-experium-aktiviteter-1.jpg?resize=350%2C200&ssl=1 1x, https:\/\/i0.wp.com\/bno-travel.com\/wp-content\/uploads\/2025\/07\/bowling-salen-experium-aktiviteter-1.jpg?resize=525%2C300&ssl=1 1.5x"},"classes":[]},{"id":28397,"url":"https:\/\/bno-travel.com\/overnatting-i-trysil\/","url_meta":{"origin":4085,"position":2},"title":"overnatting-i-trysil","author":"Jan Terje \u00c5s","date":"4. apr\u00edl, 2026","format":false,"excerpt":"Destinasjon \u00b7 Trysil Overnatting i Trysil med tilgang til omr\u00e5dene som passer best for reisen din Utforsk omr\u00e5der i Trysil som Trysil Turistsenter, Trysil Sentrum, Trysilfjell Hytteomr\u00e5de og Fager\u00e5sen \/ Trysil H\u00f8yfjellssenter \u2013 og finn et opphold som passer reisen din. Se omr\u00e5der i Trysil Oppdag Trysil Finn riktig omr\u00e5de\u2026","rel":"","context":"Similar post","block_context":{"text":"Similar post","link":""},"img":{"alt_text":"","src":"","width":0,"height":0},"classes":[]},{"id":28457,"url":"https:\/\/bno-travel.com\/pl\/elementor-28397\/","url_meta":{"origin":4085,"position":3},"title":"Elementor #28397","author":"Jan Terje \u00c5s","date":"4. apr\u00edl, 2026","format":false,"excerpt":"Miejsce docelowe - Trysil Zakwaterowanie w Trysil z dost\u0119pem do obszar\u00f3w najbardziej odpowiednich do podr\u00f3\u017cy Trysil - odkryj takie miejsca jak Trysil Turistsenter, Trysil Sentrum, Trysilfjell Hytteomr\u00e5de i Fager\u00e5sen \/ Trysil H\u00f8yfjellssenter i znajd\u017a nocleg odpowiedni dla Twojej podr\u00f3\u017cy. Zobacz obszary w Trysil Odkryj Trysil Znajd\u017a odpowiedni obszar dla zakwaterowania\u2026","rel":"","context":"Similar post","block_context":{"text":"Similar post","link":""},"img":{"alt_text":"","src":"","width":0,"height":0},"classes":[]},{"id":1951,"url":"https:\/\/bno-travel.com\/trysil-turistsenter-sentral-overnatting-i-trysil\/","url_meta":{"origin":4085,"position":4},"title":"Trysil Turistsenter","author":"Jan Terje \u00c5s","date":"18. j\u00fal\u00ed, 2025","format":false,"excerpt":"Trysil \u00b7 Hovedomr\u00e5de Trysil Turistsenter \u2013 overnatting i Trysil med kort vei til aktiviteter, skiskole og skiutleie Trysil Turistsenter er et av de mest popul\u00e6re omr\u00e5dene for overnatting i Trysil, med n\u00e6rhet til aktivitet, servicetilbud og et godt utgangspunkt for b\u00e5de vinter- og sommeropphold. Se enheter Se kart Bo sentralt\u2026","rel":"","context":"Similar post","block_context":{"text":"Similar post","link":""},"img":{"alt_text":"","src":"","width":0,"height":0},"classes":[]},{"id":2950,"url":"https:\/\/bno-travel.com\/pl\/centrum-turystyczne-trysil\/","url_meta":{"origin":4085,"position":5},"title":"Centrum turystyczne Trysil","author":"Jan Terje \u00c5s","date":"18. j\u00fal\u00ed, 2025","format":false,"excerpt":"Trysil - obszar g\u0142\u00f3wny Trysil Turistsenter - zakwaterowanie w Trysil z \u0142atwym dost\u0119pem do atrakcji, szk\u00f3\u0142ki narciarskiej i wypo\u017cyczalni sprz\u0119tu narciarskiego Trysil Turistsenter to jeden z najpopularniejszych obszar\u00f3w zakwaterowania w Trysil, z blisko\u015bci\u0105 atrakcji, us\u0142ug i dobr\u0105 baz\u0105 wypadow\u0105 zar\u00f3wno na zimowe, jak i letnie pobyty. Zobacz urz\u0105dzenia Zobacz map\u0119\u2026","rel":"","context":"Similar post","block_context":{"text":"Similar post","link":""},"img":{"alt_text":"","src":"","width":0,"height":0},"classes":[]}],"_links":{"self":[{"href":"https:\/\/bno-travel.com\/is\/wp-json\/wp\/v2\/pages\/4085","targetHints":{"allow":["GET"]}}],"collection":[{"href":"https:\/\/bno-travel.com\/is\/wp-json\/wp\/v2\/pages"}],"about":[{"href":"https:\/\/bno-travel.com\/is\/wp-json\/wp\/v2\/types\/page"}],"author":[{"embeddable":true,"href":"https:\/\/bno-travel.com\/is\/wp-json\/wp\/v2\/users\/260013438"}],"replies":[{"embeddable":true,"href":"https:\/\/bno-travel.com\/is\/wp-json\/wp\/v2\/comments?post=4085"}],"version-history":[{"count":2,"href":"https:\/\/bno-travel.com\/is\/wp-json\/wp\/v2\/pages\/4085\/revisions"}],"predecessor-version":[{"id":5218,"href":"https:\/\/bno-travel.com\/is\/wp-json\/wp\/v2\/pages\/4085\/revisions\/5218"}],"wp:attachment":[{"href":"https:\/\/bno-travel.com\/is\/wp-json\/wp\/v2\/media?parent=4085"}],"curies":[{"name":"wp","href":"https:\/\/api.w.org\/{rel}","templated":true}]}}