{"id":4278,"date":"2025-07-18T20:36:15","date_gmt":"2025-07-18T18:36:15","guid":{"rendered":"https:\/\/bno-travel.com\/?page_id=4278"},"modified":"2025-07-18T20:36:41","modified_gmt":"2025-07-18T18:36:41","slug":"klifurgardur-i-trysil","status":"publish","type":"page","link":"https:\/\/bno-travel.com\/is\/klifurgardur-i-trysil\/","title":{"rendered":"Klifurgar\u00f0ur \u00ed Trysil"},"content":{"rendered":"\n<p class=\"wp-block-paragraph\"><\/p>\n\n<div class=\"wp-block-cover alignfull\" style=\"margin-top:0;margin-bottom:0;padding-top:var(--wp--preset--spacing--20);padding-right:var(--wp--preset--spacing--40);padding-bottom:var(--wp--preset--spacing--20);padding-left:var(--wp--preset--spacing--40);min-height:906px;aspect-ratio:unset;\"><img data-recalc-dims=\"1\" fetchpriority=\"high\" decoding=\"async\" width=\"800\" height=\"534\" class=\"wp-block-cover__image-background wp-image-2239 size-full\" alt=\"\" src=\"https:\/\/i0.wp.com\/bno-travel.com\/wp-content\/uploads\/2025\/06\/43124442155_8f90996eef_c.jpg?resize=800%2C534&#038;ssl=1\" style=\"object-position:54% 56%\" data-object-fit=\"cover\" data-object-position=\"54% 56%\" srcset=\"https:\/\/i0.wp.com\/bno-travel.com\/wp-content\/uploads\/2025\/06\/43124442155_8f90996eef_c.jpg?w=800&amp;ssl=1 800w, https:\/\/i0.wp.com\/bno-travel.com\/wp-content\/uploads\/2025\/06\/43124442155_8f90996eef_c.jpg?resize=300%2C200&amp;ssl=1 300w, https:\/\/i0.wp.com\/bno-travel.com\/wp-content\/uploads\/2025\/06\/43124442155_8f90996eef_c.jpg?resize=768%2C513&amp;ssl=1 768w\" sizes=\"(max-width: 800px) 100vw, 800px\" \/><span aria-hidden=\"true\" class=\"wp-block-cover__background has-theme-1-background-color has-background-dim-30 has-background-dim\"><\/span><div class=\"wp-block-cover__inner-container is-layout-flow wp-block-cover-is-layout-flow\">\n<div style=\"height:var(--wp--preset--spacing--50)\" aria-hidden=\"true\" class=\"wp-block-spacer\"><\/div>\n\n\n\n<div style=\"height:var(--wp--preset--spacing--50)\" aria-hidden=\"true\" class=\"wp-block-spacer\"><\/div>\n<\/div><\/div>\n\n<div class=\"wp-block-group alignfull is-style-section-3 is-layout-constrained wp-block-group-is-layout-constrained\" style=\"margin-top:0;margin-bottom:0;padding-top:var(--wp--preset--spacing--40);padding-bottom:var(--wp--preset--spacing--40)\">\n<div class=\"wp-block-columns alignwide are-vertically-aligned-center is-layout-flex wp-container-core-columns-is-layout-d9ad523d wp-block-columns-is-layout-flex\">\n<div class=\"wp-block-column is-vertically-aligned-center is-layout-flow wp-block-column-is-layout-flow\">\n<figure class=\"wp-block-image size-full\"><img data-recalc-dims=\"1\" decoding=\"async\" width=\"800\" height=\"534\" src=\"https:\/\/i0.wp.com\/bno-travel.com\/wp-content\/uploads\/2025\/06\/43311668904_2a700093da_c.jpg?resize=800%2C534&#038;ssl=1\" alt=\"\" class=\"wp-image-2434\" style=\"aspect-ratio:3\/4;object-fit:cover\" title=\"titill\" srcset=\"https:\/\/i0.wp.com\/bno-travel.com\/wp-content\/uploads\/2025\/06\/43311668904_2a700093da_c.jpg?w=800&amp;ssl=1 800w, https:\/\/i0.wp.com\/bno-travel.com\/wp-content\/uploads\/2025\/06\/43311668904_2a700093da_c.jpg?resize=300%2C200&amp;ssl=1 300w, https:\/\/i0.wp.com\/bno-travel.com\/wp-content\/uploads\/2025\/06\/43311668904_2a700093da_c.jpg?resize=768%2C513&amp;ssl=1 768w\" sizes=\"(max-width: 800px) 100vw, 800px\" \/><\/figure>\n<\/div>\n\n\n\n<div class=\"wp-block-column is-vertically-aligned-center is-content-justification-left is-layout-constrained wp-container-core-column-is-layout-b64f6bf5 wp-block-column-is-layout-constrained\">\n<p class=\"wp-block-paragraph\"><\/p>\n\n\n\n<h2 class=\"wp-block-heading\">Klifurgar\u00f0ur \u00ed Trysil \u2013 Spenna, leikni og skemmtun fyrir alla fj\u00f6lskylduna<\/h2>\n\n\n\n<p class=\"wp-block-paragraph\">Velkomin \u00ed <strong><a href=\"https:\/\/www.trysil.com\/bedrifter\/skistar-trysil\/hoyt--lavt-klatrepark\/\" target=\"_blank\" rel=\"noopener\">H\u00f8yt &amp; Lavt Trysil<\/a><\/strong> , einn vins\u00e6lasta og n\u00fat\u00edmalegasta klifurgar\u00f0 Noregs \u2013 mitt \u00ed hjarta fallegu sk\u00f3ga Trysil. \u00dear b\u00ed\u00f0a sv\u00edfandi rennil\u00ednur, hindrunarbrautir \u00ed trj\u00e1num og \u00e1skoranir fyrir b\u00f6rn, fullor\u00f0na og adrenal\u00ednsj\u00faka \u00e6vint\u00fdramenn. <\/p>\n\n\n\n<p class=\"wp-block-paragraph\">Me\u00f0 BNO TRAVEL getur \u00fe\u00fa au\u00f0veldlega skipulagt og b\u00f3ka\u00f0 virka fer\u00f0 \u00ed Trysil, \u00fear sem klifurgar\u00f0urinn ver\u00f0ur h\u00e1punktur \u2013 hvort sem \u00fe\u00fa kemur me\u00f0 fj\u00f6lskyldunni, vinah\u00f3pi e\u00f0a samstarfsm\u00f6nnum.<\/p>\n\n\n\n<p class=\"wp-block-paragraph\">Upplifun sem hentar \u00f6llum<\/p>\n\n\n\n<p class=\"wp-block-paragraph\"><a href=\"https:\/\/www.trysil.com\/bedrifter\/skistar-trysil\/hoyt--lavt-klatrepark\/\" target=\"_blank\" rel=\"noopener\">High &amp; Low \u00ed Trysil<\/a> er hanna\u00f0 til a\u00f0 henta b\u00e6\u00f0i ungum og \u00f6ldnum \u2013 b\u00f6rn fr\u00e1 tveggja \u00e1ra aldri og eldri geta klifra\u00f0 \u00f6ruggar og skemmtilegar lei\u00f0ir, en ungmenni og fullor\u00f0nir geta tekist \u00e1 vi\u00f0 h\u00e6rri og krefjandi kafla.<\/p>\n\n\n\n<p class=\"wp-block-paragraph\">\u00deetta er fullkomin af\u00fereying fyrir:<\/p>\n\n\n\n<ul class=\"wp-block-list\">\n<li><strong>Fj\u00f6lskyldufr\u00ed<\/strong><\/li>\n\n\n\n<li><strong>Li\u00f0suppbygging og fyrirt\u00e6kjafer\u00f0ir<\/strong><\/li>\n\n\n\n<li><strong>Vinah\u00f3par og svensexjur<\/strong><\/li>\n\n\n\n<li><strong>Virk fr\u00ed fyrir p\u00f6r og einstaklinga<\/strong><\/li>\n<\/ul>\n\n\n\n<p class=\"wp-block-paragraph\">A\u00f0 vera \u00ed h\u00e6\u00f0 yfir sj\u00e1varm\u00e1li, skora \u00e1 eigin m\u00f6rk og upplifa meistaralegan \u00e1rangur \u00e1samt \u00f6\u00f0rum skapar b\u00e6\u00f0i g\u00f3\u00f0ar minningar og sanna samf\u00e9lagsger\u00f0.<\/p>\n\n\n\n<div class=\"wp-block-buttons is-layout-flex wp-block-buttons-is-layout-flex\"><\/div>\n<\/div>\n<\/div>\n<\/div>\n\n<div class=\"wp-block-group alignfull is-style-default is-content-justification-center is-layout-constrained wp-container-core-group-is-layout-69af11d0 wp-block-group-is-layout-constrained\" style=\"margin-top:0;margin-bottom:0;padding-top:var(--wp--preset--spacing--40);padding-bottom:var(--wp--preset--spacing--40)\">\n<div class=\"wp-block-group alignwide is-content-justification-left is-layout-constrained wp-container-core-group-is-layout-54d22900 wp-block-group-is-layout-constrained\">\n<div class=\"wp-block-buttons is-layout-flex wp-block-buttons-is-layout-flex\"><\/div>\n<\/div>\n<\/div>\n\n<div class=\"wp-block-group alignfull is-content-justification-center is-layout-constrained wp-block-group-is-layout-constrained\" style=\"margin-top:0;margin-bottom:0;padding-top:var(--wp--preset--spacing--40);padding-bottom:var(--wp--preset--spacing--40)\">\n<div class=\"wp-block-columns alignwide are-vertically-aligned-center is-layout-flex wp-container-core-columns-is-layout-7387b849 wp-block-columns-is-layout-flex\">\n<div class=\"wp-block-column is-vertically-aligned-center is-content-justification-left is-layout-constrained wp-container-core-column-is-layout-b64f6bf5 wp-block-column-is-layout-constrained\">\n<h2 class=\"wp-block-heading has-xx-large-font-size\">Sta\u00f0reyndir um klifurgar\u00f0inn \u00ed Trysil<\/h2>\n\n\n\n<p class=\"wp-block-paragraph\">Klifurgar\u00f0urinn er sta\u00f0settur mi\u00f0sv\u00e6\u00f0is \u00ed Trysil fer\u00f0amannami\u00f0st\u00f6\u00f0inni og er hluti af fj\u00f6lbreyttu sumar- og hausttilbo\u00f0i \u00e1 sv\u00e6\u00f0inu. H\u00e9r finnur \u00fe\u00fa: <\/p>\n\n\n\n<ul class=\"wp-block-list\">\n<li><strong>Yfir 130 mismunandi hindranir og athafnir \u00ed trj\u00e1num<\/strong><\/li>\n\n\n\n<li><strong>10 mismunandi klifurlei\u00f0ir<\/strong> , a\u00f0laga\u00f0ar a\u00f0 mismunandi h\u00e6\u00f0 og f\u00e6rnistigum<\/li>\n\n\n\n<li><strong>Reipil\u00ednur<\/strong> af mismunandi lengd \u2013 sumar yfir 100 metra<\/li>\n\n\n\n<li>S\u00e9rstakar <strong>barnalei\u00f0ir fr\u00e1 80 cm h\u00e6\u00f0<\/strong> og \u00e1skoranir fyrir \u00fe\u00e1 sem eru lengra komnir.<\/li>\n\n\n\n<li>\u00c1hersla \u00e1 \u00f6ryggi me\u00f0 n\u00fat\u00edmalegum \u00f6ryggisbeltum og \u00f6ryggiskerfum<\/li>\n\n\n\n<li>S\u00f6luturn, ver\u00f6nd og kyrr\u00f0arsv\u00e6\u00f0i fyrir hl\u00e9 og lautarfer\u00f0ir<\/li>\n<\/ul>\n\n\n\n<p class=\"wp-block-paragraph\">Gar\u00f0urinn er skipt eftir erfi\u00f0leikastigum, \u00feannig a\u00f0 allir geti fundi\u00f0 g\u00f6ngulei\u00f0 vi\u00f0 sitt h\u00e6fi. \u00de\u00fa getur byrja\u00f0 \u00e1 gr\u00e6nu g\u00f6ngulei\u00f0inni til a\u00f0 f\u00e1 yfirs\u00fdn og n\u00e1 t\u00f6kum \u00e1 henni og unni\u00f0 \u00feig upp \u00ed rau\u00f0u og sv\u00f6rtu g\u00f6ngulei\u00f0irnar fyrir h\u00e1marks \u00e1skorun og spennu. <\/p>\n\n\n\n<p class=\"wp-block-paragraph\">Aukar\u00e1\u00f0: <a href=\"https:\/\/www.trysil.com\/bedrifter\/skistar-trysil\/rafting\/\" target=\"_blank\" rel=\"noopener\">Pr\u00f3fa\u00f0u fl\u00fa\u00f0asiglingar og af\u00fereyingu \u00e1 Trysile-\u00e1nni<\/a><\/p>\n\n\n\n<p class=\"wp-block-paragraph\">Klifurgar\u00f0urinn er bara ein af m\u00f6rgum spennandi af\u00fereyingum \u00ed Trysil! \u00deegar \u00fe\u00fa ert kominn \u00feanga\u00f0 \u00e6ttir\u00f0u l\u00edka a\u00f0 \u00edhuga a\u00f0 upplifa <strong>Trysil-\u00e1na<\/strong> \u2013 fallega og \u00f6fluga \u00e1 sem b\u00fd\u00f0ur upp \u00e1 spennandi vatna\u00ed\u00fer\u00f3ttir. <\/p>\n\n\n\n<p class=\"wp-block-paragraph\"><strong>Fl\u00fa\u00f0asiglingar \u00ed Trysil<\/strong> eru ein vins\u00e6lasta sumarstarfsemin. Fer\u00f0irnar eru undir lei\u00f0s\u00f6gn fagmanna og henta b\u00e6\u00f0i byrjendum og \u00feeim sem vilja meiri hreyfingu. \u00de\u00fa getur vali\u00f0 \u00e1 milli r\u00f3legri fj\u00f6lskyldufer\u00f0a \u00ed fl\u00fa\u00f0asiglingum e\u00f0a krefjandi fer\u00f0a \u00ed hra\u00f0skrei\u00f0um fl\u00fa\u00f0um.  <\/p>\n\n\n\n<div class=\"wp-block-buttons is-layout-flex wp-block-buttons-is-layout-flex\"><\/div>\n<\/div>\n\n\n\n<div class=\"wp-block-column is-vertically-aligned-center is-layout-flow wp-block-column-is-layout-flow\">\n<figure class=\"wp-block-image size-full\"><img data-recalc-dims=\"1\" decoding=\"async\" width=\"800\" height=\"534\" src=\"https:\/\/i0.wp.com\/bno-travel.com\/wp-content\/uploads\/2025\/06\/43124440865_479eca7e07_c.jpg?resize=800%2C534&#038;ssl=1\" alt=\"Klifurgar&#xF0;ur &#xED; Trysil\" class=\"wp-image-2421\" style=\"aspect-ratio:3\/4;object-fit:cover\" srcset=\"https:\/\/i0.wp.com\/bno-travel.com\/wp-content\/uploads\/2025\/06\/43124440865_479eca7e07_c.jpg?w=800&amp;ssl=1 800w, https:\/\/i0.wp.com\/bno-travel.com\/wp-content\/uploads\/2025\/06\/43124440865_479eca7e07_c.jpg?resize=300%2C200&amp;ssl=1 300w, https:\/\/i0.wp.com\/bno-travel.com\/wp-content\/uploads\/2025\/06\/43124440865_479eca7e07_c.jpg?resize=768%2C513&amp;ssl=1 768w\" sizes=\"(max-width: 800px) 100vw, 800px\" \/><\/figure>\n<\/div>\n<\/div>\n<\/div>\n\n<div class=\"wp-block-group alignfull is-style-default is-content-justification-center is-layout-constrained wp-container-core-group-is-layout-69af11d0 wp-block-group-is-layout-constrained\" style=\"margin-top:0;margin-bottom:0;padding-top:var(--wp--preset--spacing--40);padding-bottom:var(--wp--preset--spacing--40)\">\n<div class=\"wp-block-group alignfull is-content-justification-center is-layout-constrained wp-container-core-group-is-layout-4853c3a7 wp-block-group-is-layout-constrained\" style=\"margin-top:0;margin-bottom:0;padding-top:calc( 0.5 * var(u002du002dwpu002du002dstyleu002du002drootu002du002dpadding-right, var(u002du002dwpu002du002dcustomu002du002dgapu002du002dhorizontal)));padding-right:var(u002du002dwpu002du002dstyleu002du002drootu002du002dpadding-right, var(u002du002dwpu002du002dcustomu002du002dgapu002du002dhorizontal));padding-bottom:calc( 0.5 * var(u002du002dwpu002du002dstyleu002du002drootu002du002dpadding-right, var(u002du002dwpu002du002dcustomu002du002dgapu002du002dhorizontal)));padding-left:var(u002du002dwpu002du002dstyleu002du002drootu002du002dpadding-left, var(u002du002dwpu002du002dcustomu002du002dgapu002du002dhorizontal))\">\n<div style=\"height:calc( 0.25 * var(u002du002dwpu002du002dstyleu002du002drootu002du002dpadding-right, var(u002du002dwpu002du002dcustomu002du002dgapu002du002dhorizontal)))\" aria-hidden=\"true\" class=\"wp-block-spacer\"><\/div>\n\n\n\n<div class=\"wp-block-columns alignwide is-layout-flex wp-container-core-columns-is-layout-7387b849 wp-block-columns-is-layout-flex\">\n<div class=\"wp-block-column is-vertically-aligned-center is-layout-flow wp-block-column-is-layout-flow\">\n<figure class=\"wp-block-image size-full\"><img data-recalc-dims=\"1\" loading=\"lazy\" decoding=\"async\" width=\"800\" height=\"530\" src=\"https:\/\/i0.wp.com\/bno-travel.com\/wp-content\/uploads\/2025\/06\/19105869168_e052658c34_c.jpg?resize=800%2C530&#038;ssl=1\" alt=\"Fl&#xFA;&#xF0;asiglingar &#xED; Trysil\" class=\"wp-image-2317\" style=\"aspect-ratio:3\/4;object-fit:cover\" srcset=\"https:\/\/i0.wp.com\/bno-travel.com\/wp-content\/uploads\/2025\/06\/19105869168_e052658c34_c.jpg?w=800&amp;ssl=1 800w, https:\/\/i0.wp.com\/bno-travel.com\/wp-content\/uploads\/2025\/06\/19105869168_e052658c34_c.jpg?resize=300%2C199&amp;ssl=1 300w, https:\/\/i0.wp.com\/bno-travel.com\/wp-content\/uploads\/2025\/06\/19105869168_e052658c34_c.jpg?resize=768%2C509&amp;ssl=1 768w\" sizes=\"(max-width: 800px) 100vw, 800px\" \/><\/figure>\n<\/div>\n\n\n\n<div class=\"wp-block-column is-vertically-aligned-center is-layout-flow wp-block-column-is-layout-flow\">\n<p class=\"has-text-align-left wp-block-paragraph\">\u00d6nnur af\u00fereying \u00e1 \u00e1nni er me\u00f0al annars:<\/p>\n\n\n\n<ul class=\"wp-block-list\">\n<li><strong>Flj\u00f3tafer\u00f0ir og kajaksiglingar<\/strong><\/li>\n\n\n\n<li><strong>Sundsv\u00e6\u00f0i og g\u00f6ngulei\u00f0ir \u00e1na<\/strong><\/li>\n\n\n\n<li><strong>SUP (Stand Up Paddle) \u00e1 r\u00f3legri k\u00f6flum<\/strong><\/li>\n\n\n\n<li><strong>Vei\u00f0i<\/strong> \u00ed Trysil-\u00e1nni \u2013 fr\u00e6g fyrir silung og gr\u00e1sleppu<\/li>\n<\/ul>\n\n\n\n<p class=\"wp-block-paragraph\">\u00deessar athafnir sameina n\u00e1tt\u00faruupplifanir, adrenal\u00edn og sl\u00f6kun \u00e1 alveg einstakan h\u00e1tt.<\/p>\n\n\n\n<p class=\"wp-block-paragraph\"><a href=\"https:\/\/bno-travel.com\/is\/?page_id=2789\">Gisting \u00ed Trysil<\/a> \u2013 vertu n\u00e1l\u00e6gt af\u00fereyingunni<\/p>\n\n\n\n<p class=\"wp-block-paragraph\">BNO TRAVEL b\u00fd\u00f0ur upp \u00e1 fj\u00f6lbreytt \u00farval <strong>gistim\u00f6guleika \u00ed Trysil<\/strong> , b\u00e6\u00f0i \u00ed og \u200b\u200b\u00ed kringum Trysil Turistsenter og Trysil H\u00f8yfjellssenter\/Fager\u00e5sen. \u00de\u00fa getur vali\u00f0 \u00e1 milli: <\/p>\n\n\n\n<ul class=\"wp-block-list\">\n<li><strong>N\u00fat\u00edmalegar sumarh\u00fas og \u00edb\u00fa\u00f0ir me\u00f0 h\u00e1um g\u00e6\u00f0aflokki og n\u00e1l\u00e6g\u00f0 vi\u00f0 klifurgar\u00f0inn<\/strong><\/li>\n\n\n\n<li><strong>Fj\u00f6lskylduv\u00e6nt gisting<\/strong> me\u00f0 pl\u00e1ssi fyrir fleiri og g\u00f3\u00f0ri a\u00f0st\u00f6\u00f0u<\/li>\n<\/ul>\n\n\n\n<p class=\"wp-block-paragraph\">Allar gistim\u00f6guleikar veita \u00fe\u00e9r a\u00f0gang a\u00f0 n\u00e1tt\u00faruupplifunum, g\u00f6ngulei\u00f0um, hj\u00f3lalei\u00f0um og af\u00fereyingarsv\u00e6\u00f0um. Me\u00f0 okkar hj\u00e1lp finnur \u00fe\u00fa sta\u00f0inn sem hentar \u00fe\u00e9r best \u2013 hvort sem \u00fe\u00fa vilt mikil \u00fe\u00e6gindi, hagkv\u00e6ma lausn e\u00f0a eitthva\u00f0 \u00fear \u00e1 milli. Haf\u00f0u einnig \u00ed huga a\u00f0 ver\u00f0 \u00e1 gistingu er s\u00e9rstaklega hagst\u00e6tt \u00e1 sumrin. \u00deetta \u00fe\u00fd\u00f0ir a\u00f0 fr\u00ed \u00ed Trysil gefur \u00fe\u00e9r auki\u00f0 gildi fyrir peningana. Margar af\u00fereyingar eru vel skipulag\u00f0ar og oft alveg \u00f3keypis, svo eitt aukar\u00e1\u00f0, taktu fram hj\u00f3li\u00f0 og g\u00f6ngusk\u00f3na og far\u00f0u \u00ed fer\u00f0ina til Trysil.    <\/p>\n\n\n\n<hr class=\"wp-block-separator has-alpha-channel-opacity\"\/>\n\n\n\n<p class=\"wp-block-paragraph\">Skipulegg\u00f0u virka fr\u00edi\u00f0 \u00feitt me\u00f0 BNO TRAVEL<\/p>\n\n\n\n<p class=\"wp-block-paragraph\">Hj\u00e1 BNO TRAVEL getur \u00fe\u00fa au\u00f0veldlega <strong>sn\u00ed\u00f0a\u00f0 a\u00f0 \u00fe\u00e9r fr\u00ed sem er fullt af af\u00fereyingu, n\u00e1tt\u00faru og upplifunum<\/strong> . Vi\u00f0 a\u00f0sto\u00f0um \u00feig me\u00f0: <\/p>\n\n\n\n<ul class=\"wp-block-list\">\n<li>B\u00f3kun \u00e1 klifurgar\u00f0inum og \u00f6\u00f0rum af\u00fereyingum<\/li>\n\n\n\n<li>Gisting \u00e1 \u00f6llu Trysil sv\u00e6\u00f0inu<\/li>\n\n\n\n<li>R\u00e1\u00f0leggingar um veitingasta\u00f0i og upplifanir<\/li>\n\n\n\n<li>Sta\u00f0bundin \u00feekking og pers\u00f3nuleg \u00fej\u00f3nusta<\/li>\n<\/ul>\n\n\n\n<p class=\"wp-block-paragraph\">Trysil er meira en bara sk\u00ed\u00f0i \u2013 \u00fea\u00f0 er \u00e1fangasta\u00f0ur allt \u00e1ri\u00f0 um kring \u00fear sem n\u00e1tt\u00fara, af\u00fereying og fj\u00f6lskylduupplifanir m\u00e6tast. Hvort sem \u00fe\u00fa vilt klifra \u00ed trj\u00e1m, r\u00f3a \u00e1, hj\u00f3la \u00ed fj\u00f6llunum e\u00f0a bara nj\u00f3ta fersks lofts og fjallakyrr\u00f0ar, \u00fe\u00e1 er Trysil sta\u00f0urinn fyrir \u00feig. <\/p>\n\n\n\n<div class=\"wp-block-buttons is-content-justification-center is-layout-flex wp-container-core-buttons-is-layout-3e41869c wp-block-buttons-is-layout-flex\"><\/div>\n<\/div>\n<\/div>\n\n\n\n<div style=\"height:calc( 0.25 * var(u002du002dwpu002du002dstyleu002du002drootu002du002dpadding-right, var(u002du002dwpu002du002dcustomu002du002dgapu002du002dhorizontal)))\" aria-hidden=\"true\" class=\"wp-block-spacer\"><\/div>\n<\/div>\n\n\n\n<div class=\"wp-block-group alignwide is-content-justification-left is-layout-constrained wp-container-core-group-is-layout-54d22900 wp-block-group-is-layout-constrained\">\n<div class=\"wp-block-buttons is-layout-flex wp-block-buttons-is-layout-flex\"><\/div>\n<\/div>\n<\/div>\n\n<div class=\"wp-block-group alignfull is-style-default is-content-justification-center is-layout-constrained wp-container-core-group-is-layout-cdf99998 wp-block-group-is-layout-constrained\" style=\"margin-top:0;margin-bottom:0;padding-top:var(--wp--preset--spacing--40);padding-bottom:var(--wp--preset--spacing--40)\"><\/div>\n\n<p class=\"wp-block-paragraph\"><\/p>\n","protected":false},"excerpt":{"rendered":"<p>Klifurgar\u00f0ur \u00ed Trysil \u2013 Spenna, leikni og skemmtun fyrir alla fj\u00f6lskylduna Velkomin \u00ed H\u00f8yt &amp; Lavt Trysil , einn vins\u00e6lasta og n\u00fat\u00edmalegasta klifurgar\u00f0 Noregs \u2013 mitt \u00ed hjarta fallegu sk\u00f3ga Trysil. \u00dear b\u00ed\u00f0a sv\u00edfandi rennil\u00ednur, hindrunarbrautir \u00ed trj\u00e1num og \u00e1skoranir fyrir b\u00f6rn, fullor\u00f0na og adrenal\u00ednsj\u00faka \u00e6vint\u00fdramenn. Me\u00f0 BNO TRAVEL getur \u00fe\u00fa au\u00f0veldlega skipulagt og b\u00f3ka\u00f0 [&hellip;]<\/p>\n","protected":false},"author":260013438,"featured_media":0,"parent":0,"menu_order":0,"comment_status":"closed","ping_status":"closed","template":"","meta":{"_crdt_document":"","footnotes":""},"class_list":["post-4278","page","type-page","status-publish","hentry"],"jetpack_likes_enabled":true,"jetpack_sharing_enabled":true,"jetpack_shortlink":"https:\/\/wp.me\/PgDuwj-170","jetpack-related-posts":[{"id":3907,"url":"https:\/\/bno-travel.com\/is\/klifurgardur-i-salen\/","url_meta":{"origin":4278,"position":0},"title":"Klifurgar\u00f0ur \u00ed S\u00e4len","author":"Jan Terje \u00c5s","date":"18. j\u00fal\u00ed, 2025","format":false,"excerpt":"Klifurgar\u00f0ur \u00ed S\u00e4len \u2013 Spenna, meistaraleg f\u00e6rni og skemmtun fyrir alla fj\u00f6lskylduna Velkomin \u00ed H\u00f6gt & L\u00e5gt S\u00e4len , n\u00fat\u00edmalegan og fj\u00f6lskylduv\u00e6nan klifurgar\u00f0 sem er fallega sta\u00f0settur vi\u00f0 Svansj\u00f6n \u00ed Lindvallen. \u00dear finnur \u00fe\u00fa loftg\u00f3\u00f0ar rennil\u00ednur, spennandi hindrunarbrautir \u00ed trj\u00e1num og \u00e1skoranir sem henta ungum b\u00f6rnum, unglingum, fullor\u00f0num og adrenal\u00ednsj\u00fakum\u2026","rel":"","context":"Similar post","block_context":{"text":"Similar post","link":""},"img":{"alt_text":"Overnatting i S\u00e4len","src":"https:\/\/i0.wp.com\/bno-travel.com\/wp-content\/uploads\/2025\/07\/20D.jpg?resize=350%2C200&ssl=1","width":350,"height":200,"srcset":"https:\/\/i0.wp.com\/bno-travel.com\/wp-content\/uploads\/2025\/07\/20D.jpg?resize=350%2C200&ssl=1 1x, https:\/\/i0.wp.com\/bno-travel.com\/wp-content\/uploads\/2025\/07\/20D.jpg?resize=525%2C300&ssl=1 1.5x, https:\/\/i0.wp.com\/bno-travel.com\/wp-content\/uploads\/2025\/07\/20D.jpg?resize=700%2C400&ssl=1 2x, https:\/\/i0.wp.com\/bno-travel.com\/wp-content\/uploads\/2025\/07\/20D.jpg?resize=1050%2C600&ssl=1 3x"},"classes":[]},{"id":4111,"url":"https:\/\/bno-travel.com\/is\/veitingastadir-i-trysil\/","url_meta":{"origin":4278,"position":1},"title":"Veitingasta\u00f0ir \u00ed Trysil","author":"Jan Terje \u00c5s","date":"18. j\u00fal\u00ed, 2025","format":false,"excerpt":"Veitingasta\u00f0ir \u00ed Trysil \u2013 Lj\u00faffengt allt \u00e1ri\u00f0 um kring Trysil b\u00fd\u00f0ur upp \u00e1 miklu meira en fr\u00e1b\u00e6rar sk\u00ed\u00f0abrekkur og fjallalandslag. Hvort sem \u00fe\u00fa heims\u00e6kir sv\u00e6\u00f0i\u00f0 a\u00f0 vetri e\u00f0a sumri getur\u00f0u noti\u00f0 fj\u00f6lbreytts \u00farvals af veitingast\u00f6\u00f0um, kaffih\u00fasum og st\u00f6\u00f0um eftir sk\u00ed\u00f0i \u2013 allt fr\u00e1 g\u00f3ms\u00e6tum mat til skyndibita . H\u00e9r finnur\u2026","rel":"","context":"Similar post","block_context":{"text":"Similar post","link":""},"img":{"alt_text":"Skistar Logde Trysil","src":"https:\/\/i0.wp.com\/bno-travel.com\/wp-content\/uploads\/2025\/07\/52199845033_2c000ed2d7_c.jpg?resize=350%2C200&ssl=1","width":350,"height":200,"srcset":"https:\/\/i0.wp.com\/bno-travel.com\/wp-content\/uploads\/2025\/07\/52199845033_2c000ed2d7_c.jpg?resize=350%2C200&ssl=1 1x, https:\/\/i0.wp.com\/bno-travel.com\/wp-content\/uploads\/2025\/07\/52199845033_2c000ed2d7_c.jpg?resize=525%2C300&ssl=1 1.5x, https:\/\/i0.wp.com\/bno-travel.com\/wp-content\/uploads\/2025\/07\/52199845033_2c000ed2d7_c.jpg?resize=700%2C400&ssl=1 2x"},"classes":[]},{"id":4085,"url":"https:\/\/bno-travel.com\/is\/keila-i-trysil\/","url_meta":{"origin":4278,"position":2},"title":"Keila \u00ed Trysil","author":"Jan Terje \u00c5s","date":"18. j\u00fal\u00ed, 2025","format":false,"excerpt":"Keila \u00ed Trysil \u2013 Fullkomin af\u00fereying fyrir alla fj\u00f6lskylduna Keila er vins\u00e6l og f\u00e9lagsleg af\u00fereying fyrir b\u00e6\u00f0i unga sem aldna, og \u00ed Trysil finnur \u00fe\u00fa n\u00fat\u00edmalega og a\u00f0la\u00f0andi keilua\u00f0st\u00f6\u00f0u \u00ed hjarta fjallasv\u00e6\u00f0isins. Hvort sem \u00fe\u00fa ert \u00ed Trysil \u00ed fr\u00edi me\u00f0 fj\u00f6lskyldunni, vinah\u00f3pi e\u00f0a \u00ed fyrirt\u00e6kjafer\u00f0, \u00fe\u00e1 er keila fr\u00e1b\u00e6r\u2026","rel":"","context":"Similar post","block_context":{"text":"Similar post","link":""},"img":{"alt_text":"Bowling i Trysil","src":"https:\/\/i0.wp.com\/bno-travel.com\/wp-content\/uploads\/2025\/06\/52198855347_f963be3dbf_c.jpg?resize=350%2C200&ssl=1","width":350,"height":200,"srcset":"https:\/\/i0.wp.com\/bno-travel.com\/wp-content\/uploads\/2025\/06\/52198855347_f963be3dbf_c.jpg?resize=350%2C200&ssl=1 1x, https:\/\/i0.wp.com\/bno-travel.com\/wp-content\/uploads\/2025\/06\/52198855347_f963be3dbf_c.jpg?resize=525%2C300&ssl=1 1.5x, https:\/\/i0.wp.com\/bno-travel.com\/wp-content\/uploads\/2025\/06\/52198855347_f963be3dbf_c.jpg?resize=700%2C400&ssl=1 2x"},"classes":[]},{"id":4187,"url":"https:\/\/bno-travel.com\/is\/gonguferdir-i-trysil\/","url_meta":{"origin":4278,"position":3},"title":"G\u00f6ngufer\u00f0ir \u00ed Trysil","author":"Jan Terje \u00c5s","date":"18. j\u00fal\u00ed, 2025","format":false,"excerpt":"G\u00f6ngufer\u00f0ir \u00ed Trysil \u2013 Fr\u00e1b\u00e6rar g\u00f6ngufer\u00f0ir, tindar og n\u00e1tt\u00faruupplifanir Velkomin til Trysil \u2013 \u00e1fangasta\u00f0ar allt \u00e1ri\u00f0 um kring sem b\u00fd\u00f0ur upp \u00e1 miklu meira en snj\u00f3 og sk\u00ed\u00f0i! \u00deegar fj\u00f6llin gr\u00e6nka og lofti\u00f0 hl\u00fdnar opnast Trysil fyrir fj\u00f6lbreytt \u00farval g\u00f6ngufer\u00f0a, fjallaklifurs og spennandi n\u00e1tt\u00faruupplifana . Hvort sem \u00fe\u00fa ert a\u00f0\u2026","rel":"","context":"Similar post","block_context":{"text":"Similar post","link":""},"img":{"alt_text":"Vandring i Trysil","src":"https:\/\/i0.wp.com\/bno-travel.com\/wp-content\/uploads\/2025\/06\/27930399740_e3e100021e_c.jpg?resize=350%2C200&ssl=1","width":350,"height":200,"srcset":"https:\/\/i0.wp.com\/bno-travel.com\/wp-content\/uploads\/2025\/06\/27930399740_e3e100021e_c.jpg?resize=350%2C200&ssl=1 1x, https:\/\/i0.wp.com\/bno-travel.com\/wp-content\/uploads\/2025\/06\/27930399740_e3e100021e_c.jpg?resize=525%2C300&ssl=1 1.5x, https:\/\/i0.wp.com\/bno-travel.com\/wp-content\/uploads\/2025\/06\/27930399740_e3e100021e_c.jpg?resize=700%2C400&ssl=1 2x"},"classes":[]},{"id":4302,"url":"https:\/\/bno-travel.com\/is\/golf-i-trysil\/","url_meta":{"origin":4278,"position":4},"title":"Golf \u00ed Trysil","author":"Jan Terje \u00c5s","date":"18. j\u00fal\u00ed, 2025","format":false,"excerpt":"Golf \u00ed Trysil og Engerdal \u2013 Spila\u00f0u me\u00f0 \u00fats\u00fdni yfir fj\u00f6ll, sk\u00f3ga og \u00fe\u00f6gn Velkomin til Trysil og Engerdal \u2013 sannkalla\u00f0rar golfparad\u00edsar \u00ed fallegu umhverfi! H\u00e9r finnur \u00fe\u00fa vel hirta golfvelli, st\u00f3rkostlegt \u00fats\u00fdni og fri\u00f0s\u00e6lt umhverfi sem veitir einstaka golfupplifun. Hvort sem \u00fe\u00fa ert vanur kylfingur e\u00f0a n\u00fdr \u00ed \u00ed\u00fer\u00f3ttinni,\u2026","rel":"","context":"Similar post","block_context":{"text":"Similar post","link":""},"img":{"alt_text":"Golf i Trysil","src":"https:\/\/i0.wp.com\/bno-travel.com\/wp-content\/uploads\/2025\/06\/18670754034_e10bf74a7e_c.jpg?resize=350%2C200&ssl=1","width":350,"height":200,"srcset":"https:\/\/i0.wp.com\/bno-travel.com\/wp-content\/uploads\/2025\/06\/18670754034_e10bf74a7e_c.jpg?resize=350%2C200&ssl=1 1x, https:\/\/i0.wp.com\/bno-travel.com\/wp-content\/uploads\/2025\/06\/18670754034_e10bf74a7e_c.jpg?resize=525%2C300&ssl=1 1.5x"},"classes":[]}],"_links":{"self":[{"href":"https:\/\/bno-travel.com\/is\/wp-json\/wp\/v2\/pages\/4278","targetHints":{"allow":["GET"]}}],"collection":[{"href":"https:\/\/bno-travel.com\/is\/wp-json\/wp\/v2\/pages"}],"about":[{"href":"https:\/\/bno-travel.com\/is\/wp-json\/wp\/v2\/types\/page"}],"author":[{"embeddable":true,"href":"https:\/\/bno-travel.com\/is\/wp-json\/wp\/v2\/users\/260013438"}],"replies":[{"embeddable":true,"href":"https:\/\/bno-travel.com\/is\/wp-json\/wp\/v2\/comments?post=4278"}],"version-history":[{"count":2,"href":"https:\/\/bno-travel.com\/is\/wp-json\/wp\/v2\/pages\/4278\/revisions"}],"predecessor-version":[{"id":4728,"href":"https:\/\/bno-travel.com\/is\/wp-json\/wp\/v2\/pages\/4278\/revisions\/4728"}],"wp:attachment":[{"href":"https:\/\/bno-travel.com\/is\/wp-json\/wp\/v2\/media?parent=4278"}],"curies":[{"name":"wp","href":"https:\/\/api.w.org\/{rel}","templated":true}]}}