{"id":4314,"date":"2025-10-11T13:38:52","date_gmt":"2025-10-11T11:38:52","guid":{"rendered":"https:\/\/bno-travel.com\/?page_id=4314"},"modified":"2025-10-11T13:39:20","modified_gmt":"2025-10-11T11:39:20","slug":"snjosledi-i-trysil","status":"publish","type":"page","link":"https:\/\/bno-travel.com\/is\/snjosledi-i-trysil\/","title":{"rendered":"Snj\u00f3sle\u00f0i \u00ed Trysil"},"content":{"rendered":"\n<p class=\"wp-block-paragraph\"><\/p>\n\n<div class=\"wp-block-cover alignfull\" style=\"margin-top:0;margin-bottom:0;padding-top:var(--wp--preset--spacing--20);padding-right:var(--wp--preset--spacing--40);padding-bottom:var(--wp--preset--spacing--20);padding-left:var(--wp--preset--spacing--40);min-height:916px;aspect-ratio:unset;\"><img data-recalc-dims=\"1\" fetchpriority=\"high\" decoding=\"async\" width=\"800\" height=\"534\" class=\"wp-block-cover__image-background wp-image-3280 size-large\" alt=\"Sn\u00f8scooter i Trysil\" src=\"https:\/\/i0.wp.com\/bno-travel.com\/wp-content\/uploads\/2025\/07\/10000-4718.jpg?resize=800%2C534&#038;ssl=1\" style=\"object-position:49% 68%\" data-object-fit=\"cover\" data-object-position=\"49% 68%\" srcset=\"https:\/\/i0.wp.com\/bno-travel.com\/wp-content\/uploads\/2025\/07\/10000-4718.jpg?resize=1024%2C683&amp;ssl=1 1024w, https:\/\/i0.wp.com\/bno-travel.com\/wp-content\/uploads\/2025\/07\/10000-4718.jpg?resize=300%2C200&amp;ssl=1 300w, https:\/\/i0.wp.com\/bno-travel.com\/wp-content\/uploads\/2025\/07\/10000-4718.jpg?resize=768%2C512&amp;ssl=1 768w, https:\/\/i0.wp.com\/bno-travel.com\/wp-content\/uploads\/2025\/07\/10000-4718.jpg?resize=1536%2C1024&amp;ssl=1 1536w, https:\/\/i0.wp.com\/bno-travel.com\/wp-content\/uploads\/2025\/07\/10000-4718.jpg?resize=2048%2C1365&amp;ssl=1 2048w, https:\/\/i0.wp.com\/bno-travel.com\/wp-content\/uploads\/2025\/07\/10000-4718.jpg?w=1600&amp;ssl=1 1600w, https:\/\/i0.wp.com\/bno-travel.com\/wp-content\/uploads\/2025\/07\/10000-4718.jpg?w=2400&amp;ssl=1 2400w\" sizes=\"(max-width: 800px) 100vw, 800px\" \/><span aria-hidden=\"true\" class=\"wp-block-cover__background has-theme-1-background-color has-background-dim-30 has-background-dim\"><\/span><div class=\"wp-block-cover__inner-container is-layout-flow wp-block-cover-is-layout-flow\">\n<div style=\"height:var(--wp--preset--spacing--50)\" aria-hidden=\"true\" class=\"wp-block-spacer\"><\/div>\n\n\n\n<div class=\"wp-block-group is-layout-constrained wp-block-group-is-layout-constrained\">\n<p class=\"has-text-align-center wp-block-paragraph\"><\/p>\n\n\n\n<div class=\"wp-block-buttons is-content-justification-center is-layout-flex wp-container-core-buttons-is-layout-3e41869c wp-block-buttons-is-layout-flex\"><\/div>\n<\/div>\n\n\n\n<div style=\"height:var(--wp--preset--spacing--50)\" aria-hidden=\"true\" class=\"wp-block-spacer\"><\/div>\n<\/div><\/div>\n\n<div class=\"wp-block-group alignfull is-style-section-3 is-layout-constrained wp-block-group-is-layout-constrained\" style=\"margin-top:0;margin-bottom:0;padding-top:var(--wp--preset--spacing--40);padding-bottom:var(--wp--preset--spacing--40)\">\n<div class=\"wp-block-columns alignwide are-vertically-aligned-center is-layout-flex wp-container-core-columns-is-layout-d9ad523d wp-block-columns-is-layout-flex\">\n<div class=\"wp-block-column is-vertically-aligned-center is-layout-flow wp-block-column-is-layout-flow\">\n<figure class=\"wp-block-image size-full\"><img data-recalc-dims=\"1\" decoding=\"async\" width=\"800\" height=\"533\" src=\"https:\/\/i0.wp.com\/bno-travel.com\/wp-content\/uploads\/2025\/07\/10001-4897.jpg?resize=800%2C533&#038;ssl=1\" alt=\"V&#xE9;lsle&#xF0;afer&#xF0;ir &#xED; Trysil og Engerdal\" class=\"wp-image-3293\" style=\"aspect-ratio:3\/4;object-fit:cover\" title=\"title\" srcset=\"https:\/\/i0.wp.com\/bno-travel.com\/wp-content\/uploads\/2025\/07\/10001-4897.jpg?w=5025&amp;ssl=1 5025w, https:\/\/i0.wp.com\/bno-travel.com\/wp-content\/uploads\/2025\/07\/10001-4897.jpg?resize=300%2C200&amp;ssl=1 300w, https:\/\/i0.wp.com\/bno-travel.com\/wp-content\/uploads\/2025\/07\/10001-4897.jpg?resize=1024%2C683&amp;ssl=1 1024w, https:\/\/i0.wp.com\/bno-travel.com\/wp-content\/uploads\/2025\/07\/10001-4897.jpg?resize=768%2C512&amp;ssl=1 768w, https:\/\/i0.wp.com\/bno-travel.com\/wp-content\/uploads\/2025\/07\/10001-4897.jpg?resize=1536%2C1024&amp;ssl=1 1536w, https:\/\/i0.wp.com\/bno-travel.com\/wp-content\/uploads\/2025\/07\/10001-4897.jpg?resize=2048%2C1365&amp;ssl=1 2048w, https:\/\/i0.wp.com\/bno-travel.com\/wp-content\/uploads\/2025\/07\/10001-4897.jpg?w=1600&amp;ssl=1 1600w, https:\/\/i0.wp.com\/bno-travel.com\/wp-content\/uploads\/2025\/07\/10001-4897.jpg?w=2400&amp;ssl=1 2400w\" sizes=\"(max-width: 800px) 100vw, 800px\" \/><\/figure>\n<\/div>\n\n\n\n<div class=\"wp-block-column is-vertically-aligned-center is-content-justification-left is-layout-constrained wp-container-core-column-is-layout-b64f6bf5 wp-block-column-is-layout-constrained\">\n<p class=\"wp-block-paragraph\"><\/p>\n\n\n\n<h2 class=\"wp-block-heading\">Snj\u00f3sle\u00f0afer\u00f0ir \u00ed Trysil og Engerdal \u2013 Hra\u00f0skrei\u00f0ar \u00e6vint\u00fdri \u00ed villtri norskri n\u00e1tt\u00faru<\/h2>\n\n\n\n<p class=\"wp-block-paragraph\">Velkomin til Trysil og Engerdal \u2013 tveggja af fallegustu snj\u00f3sle\u00f0asv\u00e6\u00f0um Noregs, \u00fear sem \u00fe\u00fa getur upplifa\u00f0 sannkalla\u00f0 vetrar\u00e6vint\u00fdri \u00e1 beltum! H\u00e9r finnur \u00fe\u00fa k\u00edl\u00f3metra af merktum sl\u00f3\u00f0um, faglegar lei\u00f0sagnarfer\u00f0ir og t\u00e6kif\u00e6ri til a\u00f0 leigja snj\u00f3sle\u00f0a \u00ed einn dag e\u00f0a helgi. Hvort sem \u00fe\u00fa ert a\u00f0 leita a\u00f0 hra\u00f0a, n\u00e1tt\u00faruupplifunum e\u00f0a vilt bara pr\u00f3fa eitthva\u00f0 n\u00fdtt \u2013 snj\u00f3sle\u00f0aakstur er fr\u00e1b\u00e6r valkostur vi\u00f0 sk\u00ed\u00f0i og snj\u00f3bretti.  <\/p>\n\n\n\n<p class=\"wp-block-paragraph\">Me\u00f0 <strong>BNO TRAVEL<\/strong> f\u00e6r\u00f0u a\u00f0sto\u00f0 vi\u00f0 a\u00f0 skipuleggja snj\u00f3sle\u00f0afer\u00f0 \u00fe\u00edna fr\u00e1 upphafi til enda \u2013 me\u00f0 gistingu, vespuleigu, lei\u00f0s\u00f6gn og flutningi. Allt er skipulagt til a\u00f0 tryggja \u00f6rugga, skemmtilega og \u00f3gleymanlega upplifun \u00ed vetrarfj\u00f6llum.   <\/p>\n\n\n\n<p class=\"wp-block-paragraph\">\u00derj\u00fa sv\u00e6\u00f0i sem \u00fe\u00fa getur sko\u00f0a\u00f0 \u00e1 snj\u00f3sle\u00f0a<\/p>\n\n\n\n<p class=\"wp-block-paragraph\">1. Snj\u00f3sle\u00f0alei\u00f0ir \u00ed Engerdal<\/p>\n\n\n\n<p class=\"wp-block-paragraph\">V\u00ed\u00f0t\u00e6kasta snj\u00f3sle\u00f0alei\u00f0akerfi Noregs. G\u00f6ngulei\u00f0irnar liggja um sk\u00f3ga, yfir fj\u00f6ll og v\u00f6tn \u2013 me\u00f0 st\u00f3rkostlegu \u00fats\u00fdni og vel skipul\u00f6g\u00f0um akstri. <\/p>\n\n\n\n<p class=\"wp-block-paragraph\">2. Drevsj\u00f8 og Femund<\/p>\n\n\n\n<p class=\"wp-block-paragraph\">Snj\u00f3sle\u00f0afer\u00f0ir um \u00fej\u00f3\u00f0r\u00f3mant\u00edskt fjallalandslag og n\u00e1l\u00e6gt Femundsmarka. Hentar vel \u00feeim sem vilja lengri fer\u00f0ir og \u00f3bygg\u00f0atilfinningu. <\/p>\n\n\n\n<p class=\"wp-block-paragraph\">3. Trysil-sv\u00e6\u00f0i\u00f0<\/p>\n\n\n\n<p class=\"wp-block-paragraph\">Skipulag\u00f0ar lei\u00f0sagnarfer\u00f0ir n\u00e1l\u00e6gt Trysilfjellet. Tilvali\u00f0 fyrir \u00fe\u00e1 sem vilja sameina sk\u00ed\u00f0afer\u00f0 og n\u00fdja og \u00f6\u00f0ruv\u00edsi vetrarstarfsemi. <\/p>\n\n\n\n<div class=\"wp-block-buttons is-layout-flex wp-block-buttons-is-layout-flex\"><\/div>\n<\/div>\n<\/div>\n<\/div>\n\n<div class=\"wp-block-group alignfull is-style-default is-content-justification-center is-layout-constrained wp-container-core-group-is-layout-69af11d0 wp-block-group-is-layout-constrained\" style=\"margin-top:0;margin-bottom:0;padding-top:var(--wp--preset--spacing--40);padding-bottom:var(--wp--preset--spacing--40)\">\n<div class=\"wp-block-group alignwide is-content-justification-left is-layout-constrained wp-container-core-group-is-layout-54d22900 wp-block-group-is-layout-constrained\">\n<p class=\"wp-block-paragraph\">Snj\u00f3sle\u00f0afer\u00f0ir og <a href=\"https:\/\/www.trysilbb.no\/#forside\" target=\"_blank\" rel=\"noopener\">snj\u00f3sle\u00f0aleiga<\/a><\/p>\n\n\n\n<p class=\"wp-block-paragraph\">\u00de\u00fa getur vali\u00f0 \u00e1 milli:<\/p>\n\n\n\n<ul class=\"wp-block-list\">\n<li><strong>Lei\u00f0s\u00f6gn<\/strong> \u00ed 1\u20134 klukkustundir<\/li>\n\n\n\n<li><strong>Heilsdagsupplifun<\/strong> me\u00f0 h\u00e1degishl\u00e9um og stoppi \u00e1 \u00fats\u00fdnisst\u00f6\u00f0um<\/li>\n\n\n\n<li><strong>Vespu\u00fatleiga<\/strong> \u00fear sem \u00fe\u00fa fer\u00f0 \u00e1 eigin vegum eftir merktum sl\u00f3\u00f0um (\u00ed Engerdal)<\/li>\n\n\n\n<li>Samsettar pakkafer\u00f0ir me\u00f0 <strong>\u00edsvei\u00f0i, h\u00e1degisver\u00f0i \u00ed \u00f3bygg\u00f0um e\u00f0a gistingu<\/strong><\/li>\n<\/ul>\n\n\n\n<p class=\"wp-block-paragraph\">Allar fer\u00f0ir hefjast fr\u00e1 vi\u00f0urkenndum grunnsv\u00e6\u00f0um me\u00f0 g\u00f3\u00f0ri a\u00f0st\u00f6\u00f0u og b\u00edlast\u00e6\u00f0um. BNO TRAVEL vinnur me\u00f0 \u00e1rei\u00f0anlegum sta\u00f0bundnum rekstrara\u00f0ilum fyrir vespuleigu og lei\u00f0s\u00f6gn. <\/p>\n\n\n\n<div class=\"wp-block-buttons is-layout-flex wp-block-buttons-is-layout-flex\"><\/div>\n<\/div>\n<\/div>\n\n<div class=\"wp-block-group alignfull is-content-justification-center is-layout-constrained wp-block-group-is-layout-constrained\" style=\"margin-top:0;margin-bottom:0;padding-top:var(--wp--preset--spacing--40);padding-bottom:var(--wp--preset--spacing--40)\">\n<div class=\"wp-block-columns alignwide are-vertically-aligned-center is-layout-flex wp-container-core-columns-is-layout-7387b849 wp-block-columns-is-layout-flex\">\n<div class=\"wp-block-column is-vertically-aligned-center is-content-justification-left is-layout-constrained wp-container-core-column-is-layout-b64f6bf5 wp-block-column-is-layout-constrained\">\n<h2 class=\"wp-block-heading has-xx-large-font-size\">Sta\u00f0reyndir um snj\u00f3sle\u00f0afer\u00f0ir \u00ed Trysil og Engerdal<\/h2>\n\n\n\n<p class=\"wp-block-paragraph\">Trysil og s\u00e9rstaklega n\u00e1grannasveitarf\u00e9lagi\u00f0 Engerdal eru \u00feekkt fyrir l\u00f6glegar og vel vi\u00f0haldnar snj\u00f3sle\u00f0alei\u00f0ir. H\u00e9r eru nokkur helstu atri\u00f0i: <\/p>\n\n\n\n<ul class=\"wp-block-list\">\n<li><strong>Yfir 300 km af merktum snj\u00f3sle\u00f0alei\u00f0um<\/strong> \u00ed Engerdal<\/li>\n\n\n\n<li><strong>Skipulag\u00f0ar snj\u00f3sle\u00f0afer\u00f0ir<\/strong> me\u00f0 reyndum lei\u00f0s\u00f6gum\u00f6nnum<\/li>\n\n\n\n<li><strong>Snj\u00f3sle\u00f0aleiga<\/strong> fyrir b\u00e6\u00f0i dag- og helgarleigu<\/li>\n\n\n\n<li><strong>\u00d6ruggar sl\u00f3\u00f0ir<\/strong> \u00ed fj\u00f6llum, sk\u00f3gum og yfir frosi\u00f0 vatn<\/li>\n\n\n\n<li><strong>Byrjunarv\u00e6nar<\/strong> lei\u00f0ir en einnig krefjandi fyrir vana hj\u00f3lrei\u00f0amenn<\/li>\n\n\n\n<li><strong>M\u00f6guleiki \u00e1 far\u00feegum<\/strong> , fullkomi\u00f0 fyrir p\u00f6r e\u00f0a foreldra me\u00f0 b\u00f6rn<\/li>\n<\/ul>\n\n\n\n<p class=\"wp-block-paragraph\">\u00d6ll akstur fer fram \u00e1 vi\u00f0urkenndum snj\u00f3sle\u00f0alei\u00f0um og \u00f6ryggisb\u00fana\u00f0ur er innifalinn \u00ed leigu. \u00de\u00fa \u00fearft gilt \u00f6kusk\u00edrteini (flokkur B) og \u00fej\u00e1lfun er veitt ef \u00fe\u00f6rf krefur. \u00d6ruggur, \u00fe\u00e6gilegur og ve\u00f0urvarinn samg\u00f6ngur fr\u00e1 dalnum upp \u00ed h\u00e6\u00f0irnar \u2013 fullkomi\u00f0 fyrir b\u00e6\u00f0i sk\u00ed\u00f0a\u00e1hugamenn og fj\u00f6lskyldur. Gond\u00f3lan mun styrkja tenginguna milli \u00f3l\u00edkra hluta fjallsins og b\u00e6ta fl\u00e6\u00f0i a\u00f0st\u00f6\u00f0unnar, s\u00e9rstaklega \u00e1 h\u00e1annat\u00edma.  <\/p>\n\n\n\n<p class=\"wp-block-paragraph\">Trysil og Engerdal \u2013 meira en bara sk\u00ed\u00f0i<\/p>\n\n\n\n<p class=\"wp-block-paragraph\">Snj\u00f3sle\u00f0aakstur er fr\u00e1b\u00e6r valkostur e\u00f0a vi\u00f0b\u00f3t vi\u00f0 hef\u00f0bundnar vetrar\u00ed\u00fer\u00f3ttir eins og sk\u00ed\u00f0i og snj\u00f3bretti. Upplif\u00f0u fj\u00f6llin \u00e1 n\u00fdjan h\u00e1tt \u2013 me\u00f0 hra\u00f0a, spennu og snertingu vi\u00f0 n\u00e1tt\u00faruna. Eftir fer\u00f0ina getur\u00f0u slaka\u00f0 \u00e1 \u00ed heitri gufuba\u00f0i, bor\u00f0a\u00f0 mat \u00far h\u00e9ra\u00f0inu e\u00f0a noti\u00f0 \u00fe\u00f6gnarinnar \u00ed fjallaloftinu vi\u00f0 arineldinn.  <\/p>\n\n\n\n<div class=\"wp-block-buttons is-layout-flex wp-block-buttons-is-layout-flex\"><\/div>\n<\/div>\n\n\n\n<div class=\"wp-block-column is-vertically-aligned-center is-layout-flow wp-block-column-is-layout-flow\">\n<figure class=\"wp-block-image size-full\"><img data-recalc-dims=\"1\" decoding=\"async\" width=\"800\" height=\"533\" src=\"https:\/\/i0.wp.com\/bno-travel.com\/wp-content\/uploads\/2025\/07\/10001-4880.jpg?resize=800%2C533&#038;ssl=1\" alt=\"Lei&#xF0;s&#xF6;gn um snj&#xF3;sle&#xF0;a me&#xF0; hra&#xF0;a og skemmtun\" class=\"wp-image-3309\" style=\"aspect-ratio:3\/4;object-fit:cover\" srcset=\"https:\/\/i0.wp.com\/bno-travel.com\/wp-content\/uploads\/2025\/07\/10001-4880.jpg?w=3699&amp;ssl=1 3699w, https:\/\/i0.wp.com\/bno-travel.com\/wp-content\/uploads\/2025\/07\/10001-4880.jpg?resize=300%2C200&amp;ssl=1 300w, https:\/\/i0.wp.com\/bno-travel.com\/wp-content\/uploads\/2025\/07\/10001-4880.jpg?resize=1024%2C683&amp;ssl=1 1024w, https:\/\/i0.wp.com\/bno-travel.com\/wp-content\/uploads\/2025\/07\/10001-4880.jpg?resize=768%2C512&amp;ssl=1 768w, https:\/\/i0.wp.com\/bno-travel.com\/wp-content\/uploads\/2025\/07\/10001-4880.jpg?resize=1536%2C1024&amp;ssl=1 1536w, https:\/\/i0.wp.com\/bno-travel.com\/wp-content\/uploads\/2025\/07\/10001-4880.jpg?resize=2048%2C1365&amp;ssl=1 2048w, https:\/\/i0.wp.com\/bno-travel.com\/wp-content\/uploads\/2025\/07\/10001-4880.jpg?w=1600&amp;ssl=1 1600w, https:\/\/i0.wp.com\/bno-travel.com\/wp-content\/uploads\/2025\/07\/10001-4880.jpg?w=2400&amp;ssl=1 2400w\" sizes=\"(max-width: 800px) 100vw, 800px\" \/><\/figure>\n<\/div>\n<\/div>\n<\/div>\n\n<div class=\"wp-block-group alignfull is-style-default is-content-justification-center is-layout-constrained wp-container-core-group-is-layout-69af11d0 wp-block-group-is-layout-constrained\" style=\"margin-top:0;margin-bottom:0;padding-top:var(--wp--preset--spacing--40);padding-bottom:var(--wp--preset--spacing--40)\">\n<div class=\"wp-block-group alignfull is-content-justification-center is-layout-constrained wp-container-core-group-is-layout-81aa85af wp-block-group-is-layout-constrained\" style=\"margin-top:0;margin-bottom:0;padding-top:calc( 0.5 * var(--wp--style--root--padding-right, var(--wp--custom--gap--horizontal)));padding-right:var(--wp--style--root--padding-right, var(--wp--custom--gap--horizontal));padding-bottom:calc( 0.5 * var(--wp--style--root--padding-right, var(--wp--custom--gap--horizontal)));padding-left:var(--wp--style--root--padding-left, var(--wp--custom--gap--horizontal))\">\n<div style=\"height:calc( 0.25 * var(--wp--style--root--padding-right, var(--wp--custom--gap--horizontal)))\" aria-hidden=\"true\" class=\"wp-block-spacer\"><\/div>\n\n\n\n<div class=\"wp-block-columns alignwide is-layout-flex wp-container-core-columns-is-layout-7387b849 wp-block-columns-is-layout-flex\">\n<div class=\"wp-block-column is-vertically-aligned-center is-layout-flow wp-block-column-is-layout-flow\">\n<figure class=\"wp-block-image size-full\"><img data-recalc-dims=\"1\" decoding=\"async\" src=\"https:\/\/i0.wp.com\/bno-travel.com\/wp-content\/uploads\/2025\/07\/IMG_3633-%E2%80%93-Kopi.jpg?w=800&#038;ssl=1\" alt=\"Herbergi 726 &#xE1;samt snj&#xF3;sle&#xF0;a\" class=\"wp-image-3324\" style=\"aspect-ratio:3\/4;object-fit:cover\"\/><\/figure>\n<\/div>\n\n\n\n<div class=\"wp-block-column is-vertically-aligned-center is-layout-flow wp-block-column-is-layout-flow\">\n<p class=\"has-text-align-left wp-block-paragraph\">Einst\u00f6k gisting \u00e1samt snj\u00f3sle\u00f0afer\u00f0um (kemur br\u00e1\u00f0lega)<\/p>\n\n\n\n<p class=\"wp-block-paragraph\">Br\u00e1tt getur \u00fe\u00fa upplifa\u00f0 eitthva\u00f0 alveg einstakt \u00ed Engerdal! <strong>Herbergi 726<\/strong> er n\u00fd og einst\u00f6k gisting sem er til leigu \u2013 mitt \u00ed n\u00e1tt\u00farunni og r\u00e9tt vi\u00f0 snj\u00f3sle\u00f0alei\u00f0irnar. \u00deetta eru h\u00f3telherbergi sta\u00f0sett \u00ed \u00f3bygg\u00f0um \u00fear sem \u00fe\u00fa sameinar \u00fe\u00e6gindi og n\u00e1l\u00e6g\u00f0 vi\u00f0 n\u00e1tt\u00faruna. <\/p>\n\n\n\n<p class=\"wp-block-paragraph\">H\u00e9r f\u00e6r\u00f0u <strong>h\u00f3telgistingu me\u00f0 s\u00e9rba\u00f0herbergi, mj\u00fakum r\u00famum, gufuba\u00f0i og \u00fats\u00fdni yfir sk\u00f3ginn<\/strong> , en hefur einnig beinan a\u00f0gang a\u00f0 snj\u00f3sle\u00f0alei\u00f0um og vetrar\u00e6vint\u00fdrum. Fullkomi\u00f0 fyrir \u00fe\u00e1 sem vilja upplifa fj\u00f6llin \u00e1 annan h\u00e1tt \u2013 hvort sem \u00fe\u00fa ert \u00ed r\u00f3mant\u00edskri fer\u00f0, fer\u00f0alagi me\u00f0 vinum e\u00f0a vilt bara slaka alveg \u00e1. <\/p>\n\n\n\n<p class=\"has-text-align-left wp-block-paragraph\">Me\u00f0 <strong>herbergi 726<\/strong> f\u00e6r\u00f0u fri\u00f0, l\u00faxus og sannkalla\u00f0a \u00f3bygg\u00f0atilfinningu \u00ed einum pakka. Br\u00e1\u00f0lega getur \u00fe\u00fa b\u00f3ka\u00f0 \u00feetta einstaka herbergi \u00ed gegnum BNO TRAVEL \u2013 og upplifa\u00f0 Engerdal \u00e1 \u00f3gleymanlegan h\u00e1tt. <\/p>\n\n\n\n<p class=\"has-text-align-left wp-block-paragraph\">Skipulegg\u00f0u snj\u00f3sle\u00f0afer\u00f0ina \u00fe\u00edna me\u00f0 BNO TRAVEL<\/p>\n\n\n\n<p class=\"wp-block-paragraph\">BNO TRAVEL sn\u00fdr a\u00f0 snj\u00f3sle\u00f0aupplifunum fyrir einstaklinga, p\u00f6r, fj\u00f6lskyldur og h\u00f3pa. Vi\u00f0 a\u00f0sto\u00f0um \u00feig vi\u00f0 a\u00f0 b\u00f3ka vespu, lei\u00f0s\u00f6gn og <a href=\"https:\/\/bno-travel.com\/is\/gisting\/\">gistingu<\/a> \u2013 og \u00fe\u00fa getur veri\u00f0 viss um a\u00f0 vi\u00f0 erum tilb\u00fain a\u00f0 a\u00f0sto\u00f0a \u00feig. <\/p>\n\n\n\n<p class=\"has-text-align-left wp-block-paragraph\"><strong>B\u00f3ka\u00f0u snj\u00f3sle\u00f0afer\u00f0 \u00fe\u00edna \u00ed Trysil og Engerdal \u00ed dag<\/strong> og upplif\u00f0u \u00f3venjulega vetrarstarfsemi!<\/p>\n\n\n\n<div class=\"wp-block-buttons is-content-justification-center is-layout-flex wp-container-core-buttons-is-layout-3e41869c wp-block-buttons-is-layout-flex\"><\/div>\n<\/div>\n<\/div>\n\n\n\n<div style=\"height:calc( 0.25 * var(--wp--style--root--padding-right, var(--wp--custom--gap--horizontal)))\" aria-hidden=\"true\" class=\"wp-block-spacer\"><\/div>\n<\/div>\n\n\n\n<div class=\"wp-block-group alignwide is-content-justification-left is-layout-constrained wp-container-core-group-is-layout-54d22900 wp-block-group-is-layout-constrained\">\n<div class=\"wp-block-buttons is-layout-flex wp-block-buttons-is-layout-flex\"><\/div>\n<\/div>\n<\/div>\n\n<div class=\"wp-block-group alignfull is-style-default is-content-justification-center is-layout-constrained wp-container-core-group-is-layout-cdf99998 wp-block-group-is-layout-constrained\" style=\"margin-top:0;margin-bottom:0;padding-top:var(--wp--preset--spacing--40);padding-bottom:var(--wp--preset--spacing--40)\"><\/div>\n\n<p class=\"wp-block-paragraph\"><\/p>\n","protected":false},"excerpt":{"rendered":"<p>Snj\u00f3sle\u00f0afer\u00f0ir \u00ed Trysil og Engerdal \u2013 Hra\u00f0skrei\u00f0ar \u00e6vint\u00fdri \u00ed villtri norskri n\u00e1tt\u00faru Velkomin til Trysil og Engerdal \u2013 tveggja af fallegustu snj\u00f3sle\u00f0asv\u00e6\u00f0um Noregs, \u00fear sem \u00fe\u00fa getur upplifa\u00f0 sannkalla\u00f0 vetrar\u00e6vint\u00fdri \u00e1 beltum! H\u00e9r finnur \u00fe\u00fa k\u00edl\u00f3metra af merktum sl\u00f3\u00f0um, faglegar lei\u00f0sagnarfer\u00f0ir og t\u00e6kif\u00e6ri til a\u00f0 leigja snj\u00f3sle\u00f0a \u00ed einn dag e\u00f0a helgi. Hvort sem \u00fe\u00fa [&hellip;]<\/p>\n","protected":false},"author":260013438,"featured_media":0,"parent":0,"menu_order":0,"comment_status":"closed","ping_status":"closed","template":"","meta":{"_crdt_document":"","footnotes":""},"class_list":["post-4314","page","type-page","status-publish","hentry"],"jetpack_likes_enabled":true,"jetpack_sharing_enabled":true,"jetpack_shortlink":"https:\/\/wp.me\/PgDuwj-17A","jetpack-related-posts":[{"id":4143,"url":"https:\/\/bno-travel.com\/is\/snjosledi-i-salen\/","url_meta":{"origin":4314,"position":0},"title":"Snj\u00f3sle\u00f0i \u00ed S\u00e4len","author":"Jan Terje \u00c5s","date":"18. j\u00fal\u00ed, 2025","format":false,"excerpt":"Snj\u00f3sle\u00f0afer\u00f0ir \u00ed S\u00e4len \u2013 Hra\u00f0skrei\u00f0ar \u00e6vint\u00fdri \u00ed ekta s\u00e6nskri fjallan\u00e1tt\u00faru Velkomin til S\u00e4len \u2013 eins vins\u00e6lasta vetrar\u00e1fangasta\u00f0ar Sv\u00ed\u00fej\u00f3\u00f0ar, \u00fear sem \u00fe\u00fa getur ekki a\u00f0eins fari\u00f0 \u00e1 sk\u00ed\u00f0i heldur einnig upplifa\u00f0 adrenal\u00edn og frelsi \u00e1 snj\u00f3sle\u00f0a ! H\u00e9r finnur \u00fe\u00fa vi\u00f0urkenndar snj\u00f3sle\u00f0alei\u00f0ir , fallega h\u00e1fjallan\u00e1tt\u00faru og t\u00e6kif\u00e6ri til a\u00f0 taka \u00fe\u00e1tt\u2026","rel":"","context":"Similar post","block_context":{"text":"Similar post","link":""},"img":{"alt_text":"Sn\u00f8scooter BNO TRAVEL","src":"https:\/\/i0.wp.com\/bno-travel.com\/wp-content\/uploads\/2025\/07\/10000-5116.jpg?resize=350%2C200&ssl=1","width":350,"height":200,"srcset":"https:\/\/i0.wp.com\/bno-travel.com\/wp-content\/uploads\/2025\/07\/10000-5116.jpg?resize=350%2C200&ssl=1 1x, https:\/\/i0.wp.com\/bno-travel.com\/wp-content\/uploads\/2025\/07\/10000-5116.jpg?resize=525%2C300&ssl=1 1.5x, https:\/\/i0.wp.com\/bno-travel.com\/wp-content\/uploads\/2025\/07\/10000-5116.jpg?resize=700%2C400&ssl=1 2x, https:\/\/i0.wp.com\/bno-travel.com\/wp-content\/uploads\/2025\/07\/10000-5116.jpg?resize=1050%2C600&ssl=1 3x, https:\/\/i0.wp.com\/bno-travel.com\/wp-content\/uploads\/2025\/07\/10000-5116.jpg?resize=1400%2C800&ssl=1 4x"},"classes":[]},{"id":2816,"url":"https:\/\/bno-travel.com\/is\/uppgotvadu-trysil-allt-arid-um-kring-fyrir-virka-ferdamenn\/","url_meta":{"origin":4314,"position":1},"title":"Uppg\u00f6tva\u00f0u Trysil: Allt \u00e1ri\u00f0 um kring fyrir virka fer\u00f0amenn","author":"Jan Terje \u00c5s","date":"18. j\u00fal\u00ed, 2025","format":false,"excerpt":"Upplif\u00f0u Trysil \u2605 \u2605 \u2605 \u2605 \u2605 H\u00e9r finnur \u00fe\u00fa gistingu \u00ed Trysil Trysil er ekki a\u00f0eins st\u00e6rsti sk\u00ed\u00f0asta\u00f0ur Noregs \u2013 \u00fea\u00f0 er l\u00edka parad\u00eds allt \u00e1ri\u00f0 um kring fyrir virka gesti, fj\u00f6lskyldur og n\u00e1tt\u00faruunnendur. Hvort sem \u00fe\u00fa heims\u00e6kir fj\u00f6llin til a\u00f0 s\u00e6kjast eftir hra\u00f0a og spennu, sl\u00f6kun e\u00f0a g\u00e6\u00f0astundum\u2026","rel":"","context":"Similar post","block_context":{"text":"Similar post","link":""},"img":{"alt_text":"Opplev Trysil","src":"https:\/\/i0.wp.com\/bno-travel.com\/wp-content\/uploads\/2025\/07\/20.06.19_Dronebilder-Sentrum_FULLSIZE-2.jpg?resize=350%2C200&ssl=1","width":350,"height":200,"srcset":"https:\/\/i0.wp.com\/bno-travel.com\/wp-content\/uploads\/2025\/07\/20.06.19_Dronebilder-Sentrum_FULLSIZE-2.jpg?resize=350%2C200&ssl=1 1x, https:\/\/i0.wp.com\/bno-travel.com\/wp-content\/uploads\/2025\/07\/20.06.19_Dronebilder-Sentrum_FULLSIZE-2.jpg?resize=525%2C300&ssl=1 1.5x, https:\/\/i0.wp.com\/bno-travel.com\/wp-content\/uploads\/2025\/07\/20.06.19_Dronebilder-Sentrum_FULLSIZE-2.jpg?resize=700%2C400&ssl=1 2x, https:\/\/i0.wp.com\/bno-travel.com\/wp-content\/uploads\/2025\/07\/20.06.19_Dronebilder-Sentrum_FULLSIZE-2.jpg?resize=1050%2C600&ssl=1 3x, https:\/\/i0.wp.com\/bno-travel.com\/wp-content\/uploads\/2025\/07\/20.06.19_Dronebilder-Sentrum_FULLSIZE-2.jpg?resize=1400%2C800&ssl=1 4x"},"classes":[]},{"id":28397,"url":"https:\/\/bno-travel.com\/overnatting-i-trysil\/","url_meta":{"origin":4314,"position":2},"title":"overnatting-i-trysil","author":"Jan Terje \u00c5s","date":"4. apr\u00edl, 2026","format":false,"excerpt":"Destinasjon \u00b7 Trysil Overnatting i Trysil med tilgang til omr\u00e5dene som passer best for reisen din Utforsk omr\u00e5der i Trysil som Trysil Turistsenter, Trysil Sentrum, Trysilfjell Hytteomr\u00e5de og Fager\u00e5sen \/ Trysil H\u00f8yfjellssenter \u2013 og finn et opphold som passer reisen din. Se omr\u00e5der i Trysil Oppdag Trysil Finn riktig omr\u00e5de\u2026","rel":"","context":"Similar post","block_context":{"text":"Similar post","link":""},"img":{"alt_text":"","src":"","width":0,"height":0},"classes":[]},{"id":28457,"url":"https:\/\/bno-travel.com\/pl\/elementor-28397\/","url_meta":{"origin":4314,"position":3},"title":"Elementor #28397","author":"Jan Terje \u00c5s","date":"4. apr\u00edl, 2026","format":false,"excerpt":"Miejsce docelowe - Trysil Zakwaterowanie w Trysil z dost\u0119pem do obszar\u00f3w najbardziej odpowiednich do podr\u00f3\u017cy Trysil - odkryj takie miejsca jak Trysil Turistsenter, Trysil Sentrum, Trysilfjell Hytteomr\u00e5de i Fager\u00e5sen \/ Trysil H\u00f8yfjellssenter i znajd\u017a nocleg odpowiedni dla Twojej podr\u00f3\u017cy. Zobacz obszary w Trysil Odkryj Trysil Znajd\u017a odpowiedni obszar dla zakwaterowania\u2026","rel":"","context":"Similar post","block_context":{"text":"Similar post","link":""},"img":{"alt_text":"","src":"","width":0,"height":0},"classes":[]},{"id":1951,"url":"https:\/\/bno-travel.com\/trysil-turistsenter-sentral-overnatting-i-trysil\/","url_meta":{"origin":4314,"position":4},"title":"Trysil Turistsenter","author":"Jan Terje \u00c5s","date":"18. j\u00fal\u00ed, 2025","format":false,"excerpt":"Trysil \u00b7 Hovedomr\u00e5de Trysil Turistsenter \u2013 overnatting i Trysil med kort vei til aktiviteter, skiskole og skiutleie Trysil Turistsenter er et av de mest popul\u00e6re omr\u00e5dene for overnatting i Trysil, med n\u00e6rhet til aktivitet, servicetilbud og et godt utgangspunkt for b\u00e5de vinter- og sommeropphold. Se enheter Se kart Bo sentralt\u2026","rel":"","context":"Similar post","block_context":{"text":"Similar post","link":""},"img":{"alt_text":"","src":"","width":0,"height":0},"classes":[]},{"id":2950,"url":"https:\/\/bno-travel.com\/pl\/centrum-turystyczne-trysil\/","url_meta":{"origin":4314,"position":5},"title":"Centrum turystyczne Trysil","author":"Jan Terje \u00c5s","date":"18. j\u00fal\u00ed, 2025","format":false,"excerpt":"Trysil - obszar g\u0142\u00f3wny Trysil Turistsenter - zakwaterowanie w Trysil z \u0142atwym dost\u0119pem do atrakcji, szk\u00f3\u0142ki narciarskiej i wypo\u017cyczalni sprz\u0119tu narciarskiego Trysil Turistsenter to jeden z najpopularniejszych obszar\u00f3w zakwaterowania w Trysil, z blisko\u015bci\u0105 atrakcji, us\u0142ug i dobr\u0105 baz\u0105 wypadow\u0105 zar\u00f3wno na zimowe, jak i letnie pobyty. Zobacz urz\u0105dzenia Zobacz map\u0119\u2026","rel":"","context":"Similar post","block_context":{"text":"Similar post","link":""},"img":{"alt_text":"","src":"","width":0,"height":0},"classes":[]}],"_links":{"self":[{"href":"https:\/\/bno-travel.com\/is\/wp-json\/wp\/v2\/pages\/4314","targetHints":{"allow":["GET"]}}],"collection":[{"href":"https:\/\/bno-travel.com\/is\/wp-json\/wp\/v2\/pages"}],"about":[{"href":"https:\/\/bno-travel.com\/is\/wp-json\/wp\/v2\/types\/page"}],"author":[{"embeddable":true,"href":"https:\/\/bno-travel.com\/is\/wp-json\/wp\/v2\/users\/260013438"}],"replies":[{"embeddable":true,"href":"https:\/\/bno-travel.com\/is\/wp-json\/wp\/v2\/comments?post=4314"}],"version-history":[{"count":3,"href":"https:\/\/bno-travel.com\/is\/wp-json\/wp\/v2\/pages\/4314\/revisions"}],"predecessor-version":[{"id":11712,"href":"https:\/\/bno-travel.com\/is\/wp-json\/wp\/v2\/pages\/4314\/revisions\/11712"}],"wp:attachment":[{"href":"https:\/\/bno-travel.com\/is\/wp-json\/wp\/v2\/media?parent=4314"}],"curies":[{"name":"wp","href":"https:\/\/api.w.org\/{rel}","templated":true}]}}