{"id":1866,"date":"2025-07-11T13:55:36","date_gmt":"2025-07-11T11:55:36","guid":{"rendered":"https:\/\/bno-travel.com\/?page_id=1866"},"modified":"2025-07-11T13:58:24","modified_gmt":"2025-07-11T11:58:24","slug":"hierheen-reizen-naar-trysil","status":"publish","type":"page","link":"https:\/\/bno-travel.com\/nl\/hierheen-reizen-naar-trysil\/","title":{"rendered":"Hierheen reizen naar Trysil"},"content":{"rendered":"\n<div class=\"wp-block-group alignfull is-content-justification-center is-layout-constrained wp-block-group-is-layout-constrained\" style=\"margin-top:0;margin-bottom:0;padding-top:var(--wp--preset--spacing--40);padding-bottom:var(--wp--preset--spacing--40)\">\n<figure class=\"wp-block-image alignwide size-full aspect-16\/9\"><img data-recalc-dims=\"1\" fetchpriority=\"high\" decoding=\"async\" width=\"800\" height=\"533\" src=\"https:\/\/i0.wp.com\/bno-travel.com\/wp-content\/uploads\/2025\/06\/10001-20191216-Drone0784-scaled-1.jpg?resize=800%2C533&#038;ssl=1\" alt=\"\" class=\"wp-image-13\" srcset=\"https:\/\/i0.wp.com\/bno-travel.com\/wp-content\/uploads\/2025\/06\/10001-20191216-Drone0784-scaled-1.jpg?w=2560&amp;ssl=1 2560w, https:\/\/i0.wp.com\/bno-travel.com\/wp-content\/uploads\/2025\/06\/10001-20191216-Drone0784-scaled-1.jpg?resize=300%2C200&amp;ssl=1 300w, https:\/\/i0.wp.com\/bno-travel.com\/wp-content\/uploads\/2025\/06\/10001-20191216-Drone0784-scaled-1.jpg?resize=1024%2C682&amp;ssl=1 1024w, https:\/\/i0.wp.com\/bno-travel.com\/wp-content\/uploads\/2025\/06\/10001-20191216-Drone0784-scaled-1.jpg?resize=768%2C512&amp;ssl=1 768w, https:\/\/i0.wp.com\/bno-travel.com\/wp-content\/uploads\/2025\/06\/10001-20191216-Drone0784-scaled-1.jpg?resize=1536%2C1024&amp;ssl=1 1536w, https:\/\/i0.wp.com\/bno-travel.com\/wp-content\/uploads\/2025\/06\/10001-20191216-Drone0784-scaled-1.jpg?resize=2048%2C1365&amp;ssl=1 2048w, https:\/\/i0.wp.com\/bno-travel.com\/wp-content\/uploads\/2025\/06\/10001-20191216-Drone0784-scaled-1.jpg?w=1600&amp;ssl=1 1600w, https:\/\/i0.wp.com\/bno-travel.com\/wp-content\/uploads\/2025\/06\/10001-20191216-Drone0784-scaled-1.jpg?w=2400&amp;ssl=1 2400w\" sizes=\"(max-width: 800px) 100vw, 800px\" \/><\/figure>\n<\/div>\n\n<div class=\"wp-block-group alignfull is-style-section-3 is-content-justification-center is-layout-constrained wp-container-core-group-is-layout-b54e18b3 wp-block-group-is-layout-constrained\" style=\"margin-top:0;margin-bottom:0;padding-top:var(--wp--preset--spacing--50);padding-bottom:var(--wp--preset--spacing--50)\">\n<h2 class=\"wp-block-heading alignwide has-text-align-left\">Hoe je naar Trysil komt - met het vliegtuig, huurauto, bus, trein of eigen auto<\/h2>\n\n\n\n<p class=\"wp-block-paragraph\"><\/p>\n\n\n\n<div class=\"wp-block-group alignwide is-layout-flow wp-container-core-group-is-layout-a7dce961 wp-block-group-is-layout-flow\">\n<div class=\"wp-block-columns alignwide is-layout-flex wp-container-core-columns-is-layout-cb1de518 wp-block-columns-is-layout-flex\">\n<div class=\"wp-block-column is-layout-flow wp-block-column-is-layout-flow\" style=\"padding-top:24px;padding-bottom:24px\">\n<h3 class=\"wp-block-heading alignwide has-text-align-left is-service-name\">\u2708\ufe0f Met het vliegtuig naar Oslo Luchthaven Gardermoen (OSL)<\/h3>\n<\/div>\n\n\n\n<div class=\"wp-block-column is-layout-flow wp-block-column-is-layout-flow\">\n<div class=\"wp-block-group alignwide is-layout-flow wp-block-group-is-layout-flow\" style=\"border-bottom-width:1px;padding-top:40px;padding-bottom:40px\">\n<p class=\"is-service-description wp-block-paragraph\"><\/p>\n\n\n\n<p class=\"wp-block-paragraph\">De luchthaven van Oslo is de meest gebruikelijke uitvalsbasis voor reizigers naar Trysil. Er zijn rechtstreekse vluchten vanuit een aantal grote Europese steden. <\/p>\n\n\n\n<p class=\"wp-block-paragraph\"><strong>Ga vanuit Gardermoen verder naar Trysil:<\/strong><\/p>\n\n\n\n<p class=\"is-service-description wp-block-paragraph\"><strong>Bus<\/strong>: Trysilekspressen rijdt tijdens het winterseizoen meerdere keren per dag. Reistijd ongeveer 3,5 uur.  <\/p>\n\n\n\n<p class=\"wp-block-paragraph\"><strong>Autohuur<\/strong>: BNO Travel biedt autoverhuur aan met pick-up op het vliegveld - rijtijd naar Trysil ca. 2 uur. <\/p>\n<\/div>\n<\/div>\n<\/div>\n\n\n\n<div class=\"wp-block-columns alignwide is-layout-flex wp-container-core-columns-is-layout-cb1de518 wp-block-columns-is-layout-flex\">\n<div class=\"wp-block-column is-layout-flow wp-block-column-is-layout-flow\" style=\"padding-top:24px;padding-bottom:24px\">\n<h3 class=\"wp-block-heading alignwide has-text-align-left is-service-name\">\u2708\ufe0f Met het vliegtuig naar Scandinavian Mountains Airport (SCR)<\/h3>\n<\/div>\n\n\n\n<div class=\"wp-block-column is-layout-flow wp-block-column-is-layout-flow\">\n<div class=\"wp-block-group alignwide is-layout-flow wp-block-group-is-layout-flow\" style=\"border-bottom-width:1px;padding-top:40px;padding-bottom:40px\">\n<p class=\"is-service-description wp-block-paragraph\">Scandinavian Mountains Airport ligt op slechts 45 minuten van Trysil en heeft seizoensgebonden vertrekken vanuit verschillende Europese steden.<\/p>\n\n\n\n<p class=\"wp-block-paragraph\"><strong>Ga door naar Trysil vanuit SCR:<\/strong><\/p>\n\n\n\n<p class=\"is-service-description wp-block-paragraph\"><strong>Pendelbus<\/strong>: Pendelbus naar Trysil wordt aangeboden voor aankomsten tijdens het winterseizoen.<\/p>\n\n\n\n<p class=\"wp-block-paragraph\"><strong>Autohuur<\/strong>: Boek je huurauto via BNO Travel.<\/p>\n<\/div>\n<\/div>\n<\/div>\n\n\n\n<div class=\"wp-block-columns alignwide is-layout-flex wp-container-core-columns-is-layout-cb1de518 wp-block-columns-is-layout-flex\">\n<div class=\"wp-block-column is-layout-flow wp-block-column-is-layout-flow\" style=\"padding-top:24px;padding-bottom:24px\">\n<h3 class=\"wp-block-heading alignwide has-text-align-left is-service-name\">\ud83d\ude86\ud83d\ude8d Reizen van stad naar stad - met trein, bus of auto<\/h3>\n<\/div>\n\n\n\n<div class=\"wp-block-column is-layout-flow wp-block-column-is-layout-flow\">\n<div class=\"wp-block-group alignwide is-layout-flow wp-block-group-is-layout-flow\" style=\"border-bottom-width:1px;padding-top:40px;padding-bottom:40px\">\n<p class=\"wp-block-paragraph\"><\/p>\n\n\n\n<h3 class=\"wp-block-heading\"><strong>Van Stockholm<\/strong><\/h3>\n\n\n\n<p class=\"is-service-description wp-block-paragraph\"><strong>Bil<\/strong>: Ca. 5,5-6 uur via de E18 en rijksweg 62.<\/p>\n\n\n\n<p class=\"wp-block-paragraph\"><strong>Trein en bus<\/strong>: Neem de trein naar <strong>Karlstad<\/strong> of <strong>Hamar<\/strong> en vervolgens de bus naar Trysil. Treinen naar Hamar gaan via Oslo. Totale reistijd: 6-7 uur.  <\/p>\n\n\n\n<p class=\"wp-block-paragraph\"><strong>Bus<\/strong>: Flixbus naar Oslo, dan Trysilekspressen.<\/p>\n\n\n\n<h3 class=\"wp-block-heading\"><strong>Van G\u00f6teborg<\/strong><\/h3>\n\n\n\n<ul class=\"wp-block-list\">\n<li><strong>Trein<\/strong>: Trein naar Oslo (ca. 4 uur), dan trein naar Hamar en bus naar Trysil.<\/li>\n\n\n\n<li><strong>Bus<\/strong>: Flixbus of Vy naar Oslo, dan Trysilekspressen.<\/li>\n\n\n\n<li><strong>Bil<\/strong>: Ca. 6-6,5 uur via E6 en E18 richting Elverum.<\/li>\n<\/ul>\n\n\n\n<h3 class=\"wp-block-heading\"><strong>Van Helsinki<\/strong><\/h3>\n\n\n\n<ul class=\"wp-block-list\">\n<li><strong>Trein en veerboot<\/strong>: Neem de veerboot naar Stockholm of Turku, de trein naar Oslo via Karlstad en de bus naar Trysil.<\/li>\n\n\n\n<li><strong>Bus<\/strong>: Combinatie van veerboot + langeafstandsbus naar Oslo, dan Trysilekspressen.<\/li>\n\n\n\n<li><strong>Bil<\/strong>: Ca. 12-13 uur via Stockholm en verder zoals hierboven.<\/li>\n<\/ul>\n\n\n\n<h3 class=\"wp-block-heading\"><strong>Van K\u00f8enhavn<\/strong><\/h3>\n\n\n\n<p class=\"wp-block-paragraph\"><strong>Treinen<\/strong>: Trein naar G\u00f6teborg, verder naar Oslo, dan trein naar Hamar en bus naar Trysil.<\/p>\n\n\n\n<p class=\"wp-block-paragraph\"><strong>Bus<\/strong>: Langeafstandsbus naar Oslo, verder met Trysilekspressen.<\/p>\n\n\n\n<p class=\"wp-block-paragraph\"><strong>Bil<\/strong>: Ca. 9-10 uur via de \u00d8resundbrug en G\u00f6teborg-Oslo.<\/p>\n\n\n\n<h3 class=\"wp-block-heading\"><strong>Van Fredrikshavn<\/strong> (veerboot uit Denemarken)<\/h3>\n\n\n\n<ul class=\"wp-block-list\">\n<li><strong>Trein<\/strong>: Trein van Frederikshavn naar Oslo via G\u00f6teborg, dan verder naar Trysil met de bus of trein\/bus combinatie.<\/li>\n\n\n\n<li><strong>Bus<\/strong>: Langeafstandsbus via Oslo.<\/li>\n\n\n\n<li><strong>Bil<\/strong>: Ca. 7-7,5 uur.<\/li>\n<\/ul>\n\n\n\n<h3 class=\"wp-block-heading\"><strong>Vanuit Kiel <\/strong>(veerboot vanuit Duitsland)<\/h3>\n\n\n\n<p class=\"wp-block-paragraph\"><strong>Trein<\/strong>: Trein naar Kopenhagen of G\u00f6teborg, verder naar Oslo, dan Hamar en bus naar Trysil.<\/p>\n\n\n\n<p class=\"wp-block-paragraph\"><strong>Bus<\/strong>: Langeafstandslijnen via Denemarken en Zweden naar Oslo, dan Trysilekspressen.<\/p>\n\n\n\n<p class=\"wp-block-paragraph\"><strong>Met de auto<\/strong>: Ca. 12-13 uur via Denemarken en Noorwegen via Svinesund. <\/p>\n<\/div>\n<\/div>\n<\/div>\n<\/div>\n<\/div>\n\n<div class=\"wp-block-group alignwide is-layout-flow wp-block-group-is-layout-flow\" style=\"border-bottom-width:1px;padding-top:40px;padding-bottom:40px\">\n<p class=\"is-service-description wp-block-paragraph\"><mark style=\"background-color:rgba(0, 0, 0, 0);color:#000000\" class=\"has-inline-color\">\ud83d\ude99 BNO Reizen - uw reispartner naar Trysil<\/mark><\/p>\n\n\n\n<p class=\"wp-block-paragraph\">Het maakt niet uit hoe je reist, wij maken je reis gemakkelijker:<\/p>\n\n\n\n<ul class=\"wp-block-list\">\n<li><strong>Autoverhuur op meerdere bestemmingen<\/strong><\/li>\n\n\n\n<li><strong>Boekingen voor bus en transport<\/strong><\/li>\n\n\n\n<li><strong>Advies en reisplanning<\/strong><\/li>\n<\/ul>\n\n\n\n<p class=\"wp-block-paragraph\">Neem contact met ons op voor hulp met je Trysil-reis!<\/p>\n<\/div>\n\n<p class=\"wp-block-paragraph\"><\/p>\n","protected":false},"excerpt":{"rendered":"<p>Hoe je naar Trysil komt - met het vliegtuig, huurauto, bus, trein of eigen auto \u2708\ufe0f Met het vliegtuig naar Oslo Luchthaven Gardermoen (OSL) De luchthaven van Oslo is de meest gebruikelijke uitvalsbasis voor reizigers naar Trysil. Er zijn rechtstreekse vluchten vanuit een aantal grote Europese steden. Ga vanuit Gardermoen verder naar Trysil: Bus: Trysilekspressen [&hellip;]<\/p>\n","protected":false},"author":260013438,"featured_media":0,"parent":0,"menu_order":0,"comment_status":"closed","ping_status":"closed","template":"","meta":{"_crdt_document":"","footnotes":""},"class_list":["post-1866","page","type-page","status-publish","hentry"],"jetpack_likes_enabled":true,"jetpack_sharing_enabled":true,"jetpack_shortlink":"https:\/\/wp.me\/PgDuwj-u6","jetpack-related-posts":[{"id":2809,"url":"https:\/\/bno-travel.com\/nl\/hierheen-reizen-naar-salenfjellet\/","url_meta":{"origin":1866,"position":0},"title":"Hierheen reizen naar S\u00e4lenfjellet","author":"Jan Terje \u00c5s","date":"11 juli 2025","format":false,"excerpt":". Hoe kom ik bij S\u00e4lenfjellet - met het vliegtuig, huurauto, bus, trein of eigen auto? \u2708\ufe0f Met het vliegtuig naar Oslo Airport Gardermoen (OSL) De luchthaven van Oslo is een van de meest gebruikte vertrekpunten voor reizigers naar S\u00e4len. Er zijn rechtstreekse vluchten vanuit een aantal grote Europese steden.\u2026","rel":"","context":"Soortgelijk bericht","block_context":{"text":"Soortgelijk bericht","link":""},"img":{"alt_text":"overnatting i salen","src":"https:\/\/i0.wp.com\/bno-travel.com\/wp-content\/uploads\/2025\/06\/AdobeStock_121113275-e1751307052527.jpeg?resize=350%2C200&ssl=1","width":350,"height":200,"srcset":"https:\/\/i0.wp.com\/bno-travel.com\/wp-content\/uploads\/2025\/06\/AdobeStock_121113275-e1751307052527.jpeg?resize=350%2C200&ssl=1 1x, https:\/\/i0.wp.com\/bno-travel.com\/wp-content\/uploads\/2025\/06\/AdobeStock_121113275-e1751307052527.jpeg?resize=525%2C300&ssl=1 1.5x, https:\/\/i0.wp.com\/bno-travel.com\/wp-content\/uploads\/2025\/06\/AdobeStock_121113275-e1751307052527.jpeg?resize=700%2C400&ssl=1 2x, https:\/\/i0.wp.com\/bno-travel.com\/wp-content\/uploads\/2025\/06\/AdobeStock_121113275-e1751307052527.jpeg?resize=1050%2C600&ssl=1 3x, https:\/\/i0.wp.com\/bno-travel.com\/wp-content\/uploads\/2025\/06\/AdobeStock_121113275-e1751307052527.jpeg?resize=1400%2C800&ssl=1 4x"},"classes":[]},{"id":2851,"url":"https:\/\/bno-travel.com\/nl\/jouw-reis\/","url_meta":{"origin":1866,"position":1},"title":"Je reis naar Trysil en S\u00e4len","author":"Jan Terje \u00c5s","date":"11 juli 2025","format":false,"excerpt":"Vind je favoriete plek Jouw reis naar Trysil en S\u00e4len. Droom je van een bergvakantie in Trysil of S\u00e4len? Je reis met BNO Travel biedt veilige en flexibele vakanties naar de populairste wintersportbestemmingen van Noorwegen en Zweden. Geniet van ski\u00ebn, sneeuw, natuurbeleving en gezinsactiviteiten - met duidelijke reisvoorwaarden en alles\u2026","rel":"","context":"Soortgelijk bericht","block_context":{"text":"Soortgelijk bericht","link":""},"img":{"alt_text":"Vandring i Trysil Skagsvola - en herlig vandretur for hele familien.","src":"https:\/\/i0.wp.com\/bno-travel.com\/wp-content\/uploads\/2025\/06\/28177379886_c8a50193b0_c.jpg?resize=350%2C200","width":350,"height":200,"srcset":"https:\/\/i0.wp.com\/bno-travel.com\/wp-content\/uploads\/2025\/06\/28177379886_c8a50193b0_c.jpg?resize=350%2C200 1x, https:\/\/i0.wp.com\/bno-travel.com\/wp-content\/uploads\/2025\/06\/28177379886_c8a50193b0_c.jpg?resize=525%2C300 1.5x, https:\/\/i0.wp.com\/bno-travel.com\/wp-content\/uploads\/2025\/06\/28177379886_c8a50193b0_c.jpg?resize=700%2C400 2x"},"classes":[]},{"id":28324,"url":"https:\/\/bno-travel.com\/nl\/","url_meta":{"origin":1866,"position":2},"title":"Startpagina","author":"Jan Terje \u00c5s","date":"3 april 2026","format":false,"excerpt":"Plan je reis gemakkelijker met BNO Reizen Zoek accommodatie op geselecteerde bestemmingen, zoek naar vluchten voor reizen dichtbij en ver weg en boek een huurauto zodat je de vrijheid hebt om verder te gaan. Alles in \u00e9\u00e9n overzichtelijke en gebruiksvriendelijke oplossing. Zoek accommodatie Zoek vluchten Zoek autoverhuur Gemakkelijker selecteren. Beter\u2026","rel":"","context":"Soortgelijk bericht","block_context":{"text":"Soortgelijk bericht","link":""},"img":{"alt_text":"","src":"","width":0,"height":0},"classes":[]},{"id":11569,"url":"https:\/\/bno-travel.com\/nl\/hosting-bno-reizen\/","url_meta":{"origin":1866,"position":3},"title":"Hosting - BNO Reizen","author":"Jan Terje \u00c5s","date":"29 september 2025","format":false,"excerpt":"Georganiseerd door BNO Travel: BNO Travel doet het werk van zichtbaarheid, boeking en gastenbeheer, terwijl u de controle houdt De voordelen van BNO Travel Lage commissie - slechts 3% aan BNO Travel (Neem contact met ons op en we laten je de berekeningen zien) Wekelijkse betalingen direct op je rekening.\u2026","rel":"","context":"Soortgelijk bericht","block_context":{"text":"Soortgelijk bericht","link":""},"img":{"alt_text":"Utleie av hytter i Trysil & S\u00e4len","src":"https:\/\/i0.wp.com\/bno-travel.com\/wp-content\/uploads\/2025\/09\/10001-Fagerasen1120_3616.jpg?resize=350%2C200&ssl=1","width":350,"height":200,"srcset":"https:\/\/i0.wp.com\/bno-travel.com\/wp-content\/uploads\/2025\/09\/10001-Fagerasen1120_3616.jpg?resize=350%2C200&ssl=1 1x, https:\/\/i0.wp.com\/bno-travel.com\/wp-content\/uploads\/2025\/09\/10001-Fagerasen1120_3616.jpg?resize=525%2C300&ssl=1 1.5x, https:\/\/i0.wp.com\/bno-travel.com\/wp-content\/uploads\/2025\/09\/10001-Fagerasen1120_3616.jpg?resize=700%2C400&ssl=1 2x, https:\/\/i0.wp.com\/bno-travel.com\/wp-content\/uploads\/2025\/09\/10001-Fagerasen1120_3616.jpg?resize=1050%2C600&ssl=1 3x, https:\/\/i0.wp.com\/bno-travel.com\/wp-content\/uploads\/2025\/09\/10001-Fagerasen1120_3616.jpg?resize=1400%2C800&ssl=1 4x"},"classes":[]},{"id":4186,"url":"https:\/\/bno-travel.com\/nl\/wandelen-in-trysil\/","url_meta":{"origin":1866,"position":4},"title":"Wandelen in Trysil","author":"Jan Terje \u00c5s","date":"18 juli 2025","format":false,"excerpt":"Wandelen in Trysil - Fantastische wandelingen, bergtoppen en natuurbelevenissen Welkom in Trysil - een bestemming die het hele jaar door veel meer te bieden heeft dan sneeuw en ski\u00ebn! Als de bergen groen worden en de lucht warm, opent Trysil zich voor een breed scala aan wandelingen, tochten op bergtoppen\u2026","rel":"","context":"Soortgelijk bericht","block_context":{"text":"Soortgelijk bericht","link":""},"img":{"alt_text":"Vandring i Trysil","src":"https:\/\/i0.wp.com\/bno-travel.com\/wp-content\/uploads\/2025\/06\/27930399740_e3e100021e_c.jpg?resize=350%2C200&ssl=1","width":350,"height":200,"srcset":"https:\/\/i0.wp.com\/bno-travel.com\/wp-content\/uploads\/2025\/06\/27930399740_e3e100021e_c.jpg?resize=350%2C200&ssl=1 1x, https:\/\/i0.wp.com\/bno-travel.com\/wp-content\/uploads\/2025\/06\/27930399740_e3e100021e_c.jpg?resize=525%2C300&ssl=1 1.5x, https:\/\/i0.wp.com\/bno-travel.com\/wp-content\/uploads\/2025\/06\/27930399740_e3e100021e_c.jpg?resize=700%2C400&ssl=1 2x"},"classes":[]},{"id":14427,"url":"https:\/\/bno-travel.com\/nl\/vestsidevegen-14\/","url_meta":{"origin":1866,"position":5},"title":"Vestsidevegen 14","author":"Jan Terje \u00c5s","date":"18 december 2025","format":false,"excerpt":"Vestsidevegen 14, centrum Trysil Vanaf 990 kr per dag \u2605\u2605\u2605\u2605\u2605 Controleer beschikbare data Dit is een praktisch en gezellig huis midden in het centrum van Trysil - perfect voor gezinnen en groepen vrienden die comfortabel willen verblijven op korte afstand van zowel activiteiten als alle voorzieningen. Je kunt je auto\u2026","rel":"","context":"Soortgelijk bericht","block_context":{"text":"Soortgelijk bericht","link":""},"img":{"alt_text":"","src":"https:\/\/i0.wp.com\/bno-travel.com\/wp-content\/uploads\/2026\/01\/Vestsidevegen-1-1.jpg?resize=350%2C200&ssl=1","width":350,"height":200,"srcset":"https:\/\/i0.wp.com\/bno-travel.com\/wp-content\/uploads\/2026\/01\/Vestsidevegen-1-1.jpg?resize=350%2C200&ssl=1 1x, https:\/\/i0.wp.com\/bno-travel.com\/wp-content\/uploads\/2026\/01\/Vestsidevegen-1-1.jpg?resize=525%2C300&ssl=1 1.5x, https:\/\/i0.wp.com\/bno-travel.com\/wp-content\/uploads\/2026\/01\/Vestsidevegen-1-1.jpg?resize=700%2C400&ssl=1 2x, https:\/\/i0.wp.com\/bno-travel.com\/wp-content\/uploads\/2026\/01\/Vestsidevegen-1-1.jpg?resize=1050%2C600&ssl=1 3x, https:\/\/i0.wp.com\/bno-travel.com\/wp-content\/uploads\/2026\/01\/Vestsidevegen-1-1.jpg?resize=1400%2C800&ssl=1 4x"},"classes":[]}],"_links":{"self":[{"href":"https:\/\/bno-travel.com\/nl\/wp-json\/wp\/v2\/pages\/1866","targetHints":{"allow":["GET"]}}],"collection":[{"href":"https:\/\/bno-travel.com\/nl\/wp-json\/wp\/v2\/pages"}],"about":[{"href":"https:\/\/bno-travel.com\/nl\/wp-json\/wp\/v2\/types\/page"}],"author":[{"embeddable":true,"href":"https:\/\/bno-travel.com\/nl\/wp-json\/wp\/v2\/users\/260013438"}],"replies":[{"embeddable":true,"href":"https:\/\/bno-travel.com\/nl\/wp-json\/wp\/v2\/comments?post=1866"}],"version-history":[{"count":2,"href":"https:\/\/bno-travel.com\/nl\/wp-json\/wp\/v2\/pages\/1866\/revisions"}],"predecessor-version":[{"id":5007,"href":"https:\/\/bno-travel.com\/nl\/wp-json\/wp\/v2\/pages\/1866\/revisions\/5007"}],"wp:attachment":[{"href":"https:\/\/bno-travel.com\/nl\/wp-json\/wp\/v2\/media?parent=1866"}],"curies":[{"name":"wp","href":"https:\/\/api.w.org\/{rel}","templated":true}]}}