{"id":2704,"date":"2025-07-18T20:52:41","date_gmt":"2025-07-18T18:52:41","guid":{"rendered":"https:\/\/bno-travel.com\/?page_id=2704"},"modified":"2026-04-04T03:29:23","modified_gmt":"2026-04-04T01:29:23","slug":"toeristisch-centrum-trysil","status":"publish","type":"page","link":"https:\/\/bno-travel.com\/nl\/toeristisch-centrum-trysil\/","title":{"rendered":"Toeristisch centrum Trysil"},"content":{"rendered":"\t\t<div data-elementor-type=\"wp-page\" data-elementor-id=\"2704\" class=\"elementor elementor-2704 elementor-1951\" data-elementor-post-type=\"page\">\n\t\t\t\t<div class=\"elementor-element elementor-element-188f671 e-flex e-con-boxed e-con e-parent\" data-id=\"188f671\" data-element_type=\"container\" data-e-type=\"container\">\n\t\t\t\t\t<div class=\"e-con-inner\">\n\t\t\t\t<div class=\"elementor-element elementor-element-07d021a elementor-widget elementor-widget-html\" data-id=\"07d021a\" data-element_type=\"widget\" data-e-type=\"widget\" data-widget_type=\"html.default\">\n\t\t\t\t\t<section class=\"bno-area-hero bno-area-hero--premium\" style=\"background-image: linear-gradient(rgba(10, 18, 28, 0.42), rgba(10, 18, 28, 0.56)), url('https:\/\/i0.wp.com\/bno-travel.com\/wp-content\/uploads\/2025\/06\/10001-20191216-Drone0784-scaled-2.jpg?resize=1024%2C682&amp;ssl=1\">\r\n  <div class=\"bno-shell\">\r\n    <div class=\"bno-area-hero__content\">\r\n      <span class=\"bno-eyebrow\">Trysil - Hoofdgebied<\/span>\r\n      <h1>Trysil Turistsenter - accommodatie in Trysil met gemakkelijke toegang tot activiteiten, skischool en skiverhuur<\/h1>\r\n      <p class=\"bno-lead\">\r\n  Trysil Turistsenter is een van de populairste gebieden voor accommodatie in Trysil, dicht bij activiteiten, diensten en een goed uitgangspunt voor zowel winter- als zomerverblijven.\r\n      <\/p>\r\n      <div class=\"bno-actions\">\r\n        <a href=\"#enheter\" class=\"bno-btn bno-btn--primary\">Apparaten bekijken<\/a>\r\n        <a href=\"#kart\" class=\"bno-btn bno-btn--secondary\">Kaart bekijken<\/a>\r\n      <\/div>\r\n    <\/div>\r\n  <\/div>\r\n<\/section>\t\t\t\t<\/div>\n\t\t\t\t\t<\/div>\n\t\t\t\t<\/div>\n\t\t<div class=\"elementor-element elementor-element-79a0d44 e-flex e-con-boxed e-con e-parent\" data-id=\"79a0d44\" data-element_type=\"container\" data-e-type=\"container\">\n\t\t\t\t\t<div class=\"e-con-inner\">\n\t\t\t\t<div class=\"elementor-element elementor-element-b0bb5dc elementor-widget elementor-widget-html\" data-id=\"b0bb5dc\" data-element_type=\"widget\" data-e-type=\"widget\" data-widget_type=\"html.default\">\n\t\t\t\t\t<section class=\"bno-section bno-section--light bno-area-intro\">\r\n  <div class=\"bno-shell bno-narrow\">\r\n    <div class=\"bno-section-heading\">\r\n      <h2>Verblijf in het centrum van Trysil met het hele jaar door veel te beleven<\/h2>\r\n      <p>\r\n  Trysil Turistsenter is een aantrekkelijk gebied voor wie op zoek is naar een accommodatie in Trysil in de buurt van activiteiten, restaurants en praktische voorzieningen. Het gebied is zeer geschikt voor familieverblijven, vriendengroepen en reizigers die op zoek zijn naar een eenvoudige en comfortabele uitvalsbasis in een van de populairste bergbestemmingen van Noorwegen.\r\n      <\/p>\r\n    <\/div>\r\n  <\/div>\r\n<\/section>\t\t\t\t<\/div>\n\t\t\t\t\t<\/div>\n\t\t\t\t<\/div>\n\t\t<div class=\"elementor-element elementor-element-ee897df e-flex e-con-boxed e-con e-parent\" data-id=\"ee897df\" data-element_type=\"container\" data-e-type=\"container\">\n\t\t\t\t\t<div class=\"e-con-inner\">\n\t\t\t\t<div class=\"elementor-element elementor-element-37dc341 elementor-widget elementor-widget-html\" data-id=\"37dc341\" data-element_type=\"widget\" data-e-type=\"widget\" data-widget_type=\"html.default\">\n\t\t\t\t\t<section id=\"enheter\" class=\"bno-section bno-section--soft\">\r\n  <div class=\"bno-shell\">\r\n    <div class=\"bno-section-heading\">\r\n      <span class=\"bno-eyebrow\">Apparaten<\/span>\r\n      <h2>Verken accommodatie in Trysil Turistsenter<\/h2>\r\n      <p>\r\n  Hier vind je eenheden in de omgeving, gepresenteerd op een duidelijke manier die het gemakkelijk maakt om te vergelijken en door te gaan naar de detailpagina's en te boeken.\r\n      <\/p>\r\n    <\/div>\r\n\r\n    <div class=\"bno-unit-grid bno-unit-grid--4\">\r\n      <article class=\"bno-card bno-unit-card\">\r\n        <img decoding=\"async\" class=\"bno-unit-card__image\" src=\"https:\/\/i0.wp.com\/bno-travel.com\/wp-content\/uploads\/2025\/10\/litunet-721-trysil.png?resize=1024%2C683&amp;ssl=1\" alt=\"Litunet 721B in Trysil Turistsenter\">\r\n        <div class=\"bno-card__body\">\r\n          <h3>Litunet 721B<\/h3>\r\n          <p>\r\n  Een gastvrije eenheid in Trysil Turistsenter met een goede ligging en een comfortabel uitgangspunt voor een verblijf in de bergen.\r\n          <\/p>\r\n          <div class=\"bno-unit-meta\">\r\n            <span class=\"bno-pill\">Actieve eenheid<\/span>\r\n            <span class=\"bno-pill\">Toeristisch centrum Trysil<\/span>\r\n          <\/div>\r\n          <div class=\"bno-card__actions\">\r\n            <a href=\"https:\/\/bno-travel.com\/nl\/litunet-721b-7-bedden\/\" class=\"bno-btn bno-btn--primary\">Bekijk het apparaat<\/a>\r\n          <\/div>\r\n        <\/div>\r\n      <\/article>\r\n\r\n      <article class=\"bno-card bno-unit-card\">\r\n        <img decoding=\"async\" class=\"bno-unit-card__image\" src=\"https:\/\/i0.wp.com\/bno-travel.com\/wp-content\/uploads\/2025\/12\/11098-JH110654.jpg?resize=768%2C512&amp;ssl=1\" alt=\"Litunet 721B in Trysil Turistsenter\">\r\n        <div class=\"bno-card__body\">\r\n          <h3>Litunet 721B<\/h3>\r\n          <p>\r\n  Een gastvrije eenheid in Trysil Turistsenter met een goede ligging en een comfortabel uitgangspunt voor een verblijf in de bergen.\r\n          <\/p>\r\n          <div class=\"bno-unit-meta\">\r\n            <span class=\"bno-pill\">Actieve eenheid<\/span>\r\n            <span class=\"bno-pill\">Toeristisch centrum Trysil<\/span>\r\n          <\/div>\r\n          <div class=\"bno-card__actions\">\r\n            <a href=\"https:\/\/bno-travel.com\/nl\/litunet-721b-7-bedden\/\" class=\"bno-btn bno-btn--primary\">Bekijk het apparaat<\/a>\r\n          <\/div>\r\n        <\/div>\r\n      <\/article>\r\n\r\n      <article class=\"bno-card bno-unit-card\">\r\n        <img data-recalc-dims=\"1\" decoding=\"async\" class=\"bno-unit-card__image\" src=\"https:\/\/i0.wp.com\/bno-travel.com\/wp-content\/uploads\/2025\/12\/11098-JH110604.jpg?w=800&#038;ssl=1\" alt=\"Litunet 721B in Trysil Turistsenter\">\r\n        <div class=\"bno-card__body\">\r\n          <h3>Litunet 721B<\/h3>\r\n          <p>\r\n  Een gastvrije eenheid in Trysil Turistsenter met een goede ligging en een comfortabel uitgangspunt voor een verblijf in de bergen.\r\n          <\/p>\r\n          <div class=\"bno-unit-meta\">\r\n            <span class=\"bno-pill\">Actieve eenheid<\/span>\r\n            <span class=\"bno-pill\">Toeristisch centrum Trysil<\/span>\r\n          <\/div>\r\n          <div class=\"bno-card__actions\">\r\n            <a href=\"https:\/\/bno-travel.com\/nl\/litunet-721b-7-bedden\/\" class=\"bno-btn bno-btn--primary\">Bekijk het apparaat<\/a>\r\n          <\/div>\r\n        <\/div>\r\n      <\/article>\r\n\r\n      <article class=\"bno-card bno-unit-card\">\r\n        <img data-recalc-dims=\"1\" decoding=\"async\" class=\"bno-unit-card__image\" src=\"https:\/\/i0.wp.com\/bno-travel.com\/wp-content\/uploads\/2025\/12\/11098-JH110644.jpg?w=800&#038;ssl=1\" alt=\"Litunet 721B in Trysil Turistsenter\">\r\n        <div class=\"bno-card__body\">\r\n          <h3>Litunet 721B<\/h3>\r\n          <p>\r\n  Een gastvrije eenheid in Trysil Turistsenter met een goede ligging en een comfortabel uitgangspunt voor een verblijf in de bergen.\r\n          <\/p>\r\n          <div class=\"bno-unit-meta\">\r\n            <span class=\"bno-pill\">Actieve eenheid<\/span>\r\n            <span class=\"bno-pill\">Toeristisch centrum Trysil<\/span>\r\n          <\/div>\r\n          <div class=\"bno-card__actions\">\r\n            <a href=\"https:\/\/bno-travel.com\/nl\/litunet-721b-7-bedden\/\" class=\"bno-btn bno-btn--primary\">Bekijk het apparaat<\/a>\r\n          <\/div>\r\n        <\/div>\r\n      <\/article>\r\n    <\/div>\r\n  <\/div>\r\n<\/section>\t\t\t\t<\/div>\n\t\t\t\t\t<\/div>\n\t\t\t\t<\/div>\n\t\t<div class=\"elementor-element elementor-element-02cbda8 e-flex e-con-boxed e-con e-parent\" data-id=\"02cbda8\" data-element_type=\"container\" data-e-type=\"container\">\n\t\t\t\t\t<div class=\"e-con-inner\">\n\t\t\t\t<div class=\"elementor-element elementor-element-f495f5c elementor-widget elementor-widget-html\" data-id=\"f495f5c\" data-element_type=\"widget\" data-e-type=\"widget\" data-widget_type=\"html.default\">\n\t\t\t\t\t<section id=\"kart\" class=\"bno-section bno-section--light\">\r\n  <div class=\"bno-shell\">\r\n    <div class=\"bno-section-heading\">\r\n      <span class=\"bno-eyebrow\">Winkelwagen<\/span>\r\n      <h2>Bekijk de locatie in Trysil Turistsenter<\/h2>\r\n      <p>\r\n  De kaart geeft een eenvoudig overzicht van het gebied en helpt je de locatie, nabijheid en ori\u00ebntatie te zien voordat je verder gaat naar de pagina van de eenheid of de boeking.\r\n      <\/p>\r\n    <\/div>\r\n\r\n    <div class=\"bno-map-card\">\r\n      \r\n            \r\n            \r\n            \r\n            <a name='map27'><\/a>\r\n            \r\n            \r\n            \r\n            \r\n            <div class=\"wpgmza_map \"  id=\"wpgmza_map_27\" style=\"display:block; overflow:auto; width:100%; height:400px; float:left;\" data-settings='{\"id\":\"27\",\"map_title\":\"Trysil Turistsenter\",\"map_width\":\"100\",\"map_height\":\"400\",\"map_start_lat\":\"61.299284140199944\",\"map_start_lng\":\"12.24312999317007\",\"map_start_location\":\"\",\"map_start_zoom\":\"13\",\"default_marker\":\"\",\"type\":\"0\",\"alignment\":\"0\",\"directions_enabled\":\"0\",\"styling_enabled\":\"0\",\"styling_json\":\"\",\"active\":\"0\",\"kml\":\"\",\"bicycle\":\"0\",\"traffic\":\"0\",\"dbox\":\"1\",\"dbox_width\":\"100\",\"listmarkers\":\"0\",\"listmarkers_advanced\":\"0\",\"filterbycat\":\"0\",\"ugm_enabled\":\"0\",\"ugm_category_enabled\":\"0\",\"fusion\":\"\",\"map_width_type\":\"%\",\"map_height_type\":\"px\",\"mass_marker_support\":\"0\",\"ugm_access\":\"0\",\"order_markers_by\":\"1\",\"order_markers_choice\":\"1\",\"show_user_location\":\"0\",\"default_to\":\"\",\"other_settings\":{\"map_type\":1,\"sl_stroke_color\":\"#ff0000\",\"sl_fill_color\":\"#ff0000\",\"sl_stroke_opacity\":\"1\",\"sl_fill_opacity\":\"0.5\",\"transport_layer\":false,\"action\":\"wpgmza_save_map\",\"redirect_to\":\"\\\/wp-admin\\\/admin-post.php\",\"map_id\":\"27\",\"http_referer\":\"\\\/wp-admin\\\/admin.php?page=wp-google-maps-menu&amp;amp;action=edit&amp;amp;map_id=27\",\"wpgmza_id\":\"27\",\"wpgmza_start_location\":\"61.299284140199944,12.24312999317007\",\"wpgmza_start_zoom\":\"13\",\"wpgmza_dbox_width_type\":\"%\",\"default_from\":\"\",\"directions_behaviour\":\"default\",\"force_google_directions_app\":false,\"directions_route_origin_icon\":\"https:\\\/\\\/bno-travel.com\\\/wp-content\\\/plugins\\\/wp-google-maps\\\/images\\\/spotlight-poi3.png\",\"directions_origin_retina\":false,\"directions_route_destination_icon\":\"https:\\\/\\\/bno-travel.com\\\/wp-content\\\/plugins\\\/wp-google-maps\\\/images\\\/spotlight-poi3.png\",\"directions_destination_retina\":false,\"directions_route_stroke_color\":\"#4f8df5\",\"directions_route_stroke_weight\":\"4\",\"directions_route_stroke_opacity\":\"0.8\",\"directions_fit_bounds_to_route\":false,\"store_locator_enabled\":false,\"store_locator_search_area\":\"radial\",\"wpgmza_store_locator_radius_style\":\"legacy\",\"wpgmza_store_locator_default_radius\":\"10\",\"store_locator_auto_area_max_zoom\":\"\",\"wpgmza_store_locator_restrict\":\"\",\"store_locator_distance\":false,\"wpgmza_store_locator_position\":false,\"store_locator_show_distance\":false,\"store_locator_category\":false,\"wpgmza_store_locator_use_their_location\":false,\"wpgmza_store_locator_bounce\":false,\"upload_default_sl_marker\":\"\",\"upload_default_sl_marker_retina\":false,\"wpgmza_sl_animation\":\"0\",\"wpgmza_store_locator_hide_before_search\":false,\"store_locator_query_string\":\"\",\"store_locator_location_placeholder\":\"\",\"store_locator_default_address\":\"\",\"store_locator_name_search\":false,\"store_locator_name_string\":\"\",\"store_locator_not_found_message\":\"\",\"retina\":false,\"wpgmza_map_align\":\"1\",\"upload_default_ul_marker\":\"\",\"upload_default_ul_marker_retina\":false,\"jump_to_nearest_marker_on_initialization\":false,\"automatically_pan_to_users_location\":false,\"override_users_location_zoom_level\":false,\"override_users_location_zoom_levels\":\"\",\"show_distance_from_location\":false,\"map_max_zoom\":\"21\",\"map_min_zoom\":\"0\",\"click_open_link\":false,\"fit_maps_bounds_to_markers\":false,\"fit_maps_bounds_to_markers_after_filtering\":false,\"hide_point_of_interest\":false,\"wpgmza_zoom_on_marker_click\":false,\"wpgmza_zoom_on_marker_click_slider\":\"\",\"close_infowindow_on_map_click\":false,\"disable_lightbox_images\":false,\"use_Raw_Jpeg_Coordinates\":false,\"disable_polygon_info_windows\":false,\"enable_advanced_custom_fields_integration\":false,\"enable_toolset_woocommerce_integration\":false,\"enable_woo_product_integration\":false,\"enable_marker_labels\":false,\"only_load_markers_within_viewport\":false,\"zoom_level_mobile_override_enabled\":false,\"zoom_level_mobile_override\":\"\",\"iw_primary_color\":\"#000000\",\"iw_accent_color\":\"#000000\",\"iw_text_color\":\"#000000\",\"wpgmza_listmarkers_by\":\"0\",\"wpgmza_marker_listing_position\":false,\"zoom_level_on_marker_listing_override\":false,\"zoom_level_on_marker_listing_click\":\"\",\"marker_listing_disable_zoom\":false,\"datatable_no_result_message\":\"\",\"remove_search_box_datables\":false,\"dataTable_pagination_style\":\"default\",\"datatable_search_string\":\"\",\"datatable_result_start\":\"\",\"datatable_result_of\":\"\",\"datatable_result_to\":\"\",\"datatable_result_total\":\"\",\"datatable_result_show\":\"\",\"datatable_result_entries\":\"\",\"enable_filter_custom_field_1\":false,\"enable_filter_custom_field_2\":false,\"wpgmza_savemap\":\"Save Map \\u00bb\",\"shortcodeAttributes\":{\"id\":\"27\"}}}' data-map-id='27' data-shortcode-attributes='{\"id\":\"27\"}'> <\/div>\r\n            \r\n               \r\n        \r\n    <\/div>\r\n  <\/div>\r\n<\/section>\t\t\t\t<\/div>\n\t\t\t\t\t<\/div>\n\t\t\t\t<\/div>\n\t\t<div class=\"elementor-element elementor-element-edee91a e-flex e-con-boxed e-con e-parent\" data-id=\"edee91a\" data-element_type=\"container\" data-e-type=\"container\">\n\t\t\t\t\t<div class=\"e-con-inner\">\n\t\t\t\t<div class=\"elementor-element elementor-element-977b9e4 elementor-widget elementor-widget-html\" data-id=\"977b9e4\" data-element_type=\"widget\" data-e-type=\"widget\" data-widget_type=\"html.default\">\n\t\t\t\t\t<section class=\"bno-section bno-section--light\">\r\n  <div class=\"bno-shell\">\r\n    <div class=\"bno-editorial-split\">\r\n      <div class=\"bno-editorial-split__content\">\r\n        <span class=\"bno-eyebrow\">Ervaringen in de omgeving<\/span>\r\n        <h2>Een gebied met nabijheid van activiteiten, gezelligheid en goede ervaringen<\/h2>\r\n        <p>\r\n  Trysil Turistsenter is een natuurlijk startpunt voor wie accommodatie in Trysil wil combineren met de nabijheid van activiteiten, gezellige ontmoetingsplaatsen en een omgeving die het hele seizoen door goed functioneert.\r\n        <\/p>\r\n        <p>\r\n  Hier vind je een gebied dat het gemakkelijker maakt om praktische behoeften te combineren met ervaringen, of je nu dagen op de piste plant, toegang wilt tot een skischool en skiverhuur in Trysil, of wilt wonen in een gebied met goede bereikbaarheid en diensten.\r\n        <\/p>\r\n        <div class=\"bno-actions\">\r\n          <a href=\"#fakta\" class=\"bno-btn bno-btn--primary\">Praktische informatie bekijken<\/a>\r\n        <\/div>\r\n      <\/div>\r\n\r\n      <div class=\"bno-editorial-split__media\">\r\n        <!-- Bytt bilde-URL -->\r\n        <img data-recalc-dims=\"1\" decoding=\"async\" src=\"https:\/\/i0.wp.com\/bno-travel.com\/wp-content\/uploads\/2025\/06\/51158531527_47f1aaea99_k.jpg?w=800&#038;ssl=1\" alt=\"Ervaringen in Trysil Turistsenter\">\r\n      <\/div>\r\n    <\/div>\r\n  <\/div>\r\n<\/section>\t\t\t\t<\/div>\n\t\t\t\t\t<\/div>\n\t\t\t\t<\/div>\n\t\t<div class=\"elementor-element elementor-element-aabad58 e-flex e-con-boxed e-con e-parent\" data-id=\"aabad58\" data-element_type=\"container\" data-e-type=\"container\">\n\t\t\t\t\t<div class=\"e-con-inner\">\n\t\t\t\t<div class=\"elementor-element elementor-element-38c5094 elementor-widget elementor-widget-html\" data-id=\"38c5094\" data-element_type=\"widget\" data-e-type=\"widget\" data-widget_type=\"html.default\">\n\t\t\t\t\t<section id=\"fakta\" class=\"bno-section bno-section--soft\">\r\n  <div class=\"bno-shell\">\r\n    <div class=\"bno-section-heading\">\r\n      <span class=\"bno-eyebrow\">Praktische informatie<\/span>\r\n      <h2>Activiteiten, aanbiedingen en nuttige informatie in de omgeving<\/h2>\r\n      <p>\r\n  Hier vind je een duidelijke introductie van wat Trysil Turistsenter tot een aantrekkelijk gebied maakt voor zowel korte als lange verblijven.\r\n      <\/p>\r\n    <\/div>\r\n\r\n    <div class=\"bno-info-grid\">\r\n      <div class=\"bno-value-card\">\r\n        <h3>Winteractiviteiten<\/h3>\r\n        <p>\r\n  Het gebied is een goed uitgangspunt voor een wintervakantie met gemakkelijke toegang tot activiteiten, skischool en skiverhuur in Trysil, evenals aanbiedingen die het verblijf voor zowel gezinnen als actieve gasten aangenamer maken.\r\n        <\/p>\r\n      <\/div>\r\n\r\n      <div class=\"bno-value-card\">\r\n        <h3>Zomeractiviteiten<\/h3>\r\n        <p>\r\n  Trysil is ook aantrekkelijk buiten het winterseizoen, met activiteiten en natuurbelevenissen die het gebied het hele jaar door voor langere perioden relevant maken.\r\n        <\/p>\r\n      <\/div>\r\n\r\n      <div class=\"bno-value-card\">\r\n        <h3>Skibus en toegankelijkheid<\/h3>\r\n        <p>\r\n  Het gebied maakt het gemakkelijker om je te ori\u00ebnteren en te verplaatsen, met praktische oplossingen die een meer beheersbaar verblijf ondersteunen.\r\n        <\/p>\r\n      <\/div>\r\n\r\n      <div class=\"bno-value-card\">\r\n        <h3>Winkelen en diensten<\/h3>\r\n        <p>\r\n  De nabijheid van relevante aanbiedingen maakt het gemakkelijker om praktische boodschappen te combineren met een comfortabel verblijf in Trysil Turistsenter.\r\n        <\/p>\r\n      <\/div>\r\n\r\n      <div class=\"bno-value-card\">\r\n        <h3>Restaurants en catering<\/h3>\r\n        <p>\r\n  Het gebied biedt toegang tot eet- en ontmoetingsgelegenheden die bijdragen aan een holistische ervaring, of je nu reist met familie, vrienden of met z'n twee\u00ebn.\r\n        <\/p>\r\n      <\/div>\r\n\r\n      <div class=\"bno-value-card\">\r\n        <h3>Afterski en sfeer<\/h3>\r\n        <p>\r\n  Voor veel mensen is Trysil Turistsenter juist aantrekkelijk omdat het gebied overdag activiteiten combineert met een sociale sfeer en ervaringen gedurende de dag.\r\n        <\/p>\r\n      <\/div>\r\n    <\/div>\r\n  <\/div>\r\n<\/section>\t\t\t\t<\/div>\n\t\t\t\t<div class=\"elementor-element elementor-element-0acf65d elementor-widget elementor-widget-html\" data-id=\"0acf65d\" data-element_type=\"widget\" data-e-type=\"widget\" data-widget_type=\"html.default\">\n\t\t\t\t\t<section class=\"bno-section bno-destination-cta\">\r\n  <div class=\"bno-shell\">\r\n    <div class=\"bno-cta-box\">\r\n      <div>\r\n        <span class=\"bno-eyebrow\">Volgende stappen<\/span>\r\n        <h2>Ga naar de eenheden in Trysil Turistsenter<\/h2>\r\n        <p>\r\n  Bekijk de beschikbare eenheden en ga naar de pagina van de eenheid voor meer informatie, foto's en boekingsgegevens.\r\n        <\/p>\r\n      <\/div>\r\n\r\n      <div class=\"bno-actions\">\r\n        <a href=\"#enheter\" class=\"bno-btn bno-btn--primary\">Zie apparaten<\/a>\r\n      <\/div>\r\n    <\/div>\r\n  <\/div>\r\n<\/section>\t\t\t\t<\/div>\n\t\t\t\t\t<\/div>\n\t\t\t\t<\/div>\n\t\t<div class=\"elementor-element elementor-element-ee9c425 e-flex e-con-boxed e-con e-parent\" data-id=\"ee9c425\" data-element_type=\"container\" data-e-type=\"container\">\n\t\t\t\t\t<div class=\"e-con-inner\">\n\t\t\t\t\t<\/div>\n\t\t\t\t<\/div>\n\t\t<div class=\"elementor-element elementor-element-4221b98 e-flex e-con-boxed e-con e-parent\" data-id=\"4221b98\" data-element_type=\"container\" data-e-type=\"container\">\n\t\t\t\t\t<div class=\"e-con-inner\">\n\t\t\t\t\t<\/div>\n\t\t\t\t<\/div>\n\t\t\t\t<\/div>\n\t\t","protected":false},"excerpt":{"rendered":"<p>Trysil - Hoofdgebied Trysil Turistsenter - accommodatie in Trysil met gemakkelijke toegang tot activiteiten, skischool en skiverhuur Trysil Turistsenter is een van de populairste gebieden voor accommodatie in Trysil, dicht bij activiteiten, diensten en een goed uitgangspunt voor zowel winter- als zomerverblijven. Apparaten bekijken Kaart bekijken Verblijf in het centrum van Trysil met het hele [&hellip;]<\/p>\n","protected":false},"author":260013438,"featured_media":0,"parent":0,"menu_order":0,"comment_status":"closed","ping_status":"closed","template":"","meta":{"_crdt_document":"","footnotes":""},"class_list":["post-2704","page","type-page","status-publish","hentry"],"jetpack_likes_enabled":true,"jetpack_sharing_enabled":true,"jetpack_shortlink":"https:\/\/wp.me\/PgDuwj-HC","jetpack-related-posts":[{"id":28448,"url":"https:\/\/bno-travel.com\/nl\/elementor-28397\/","url_meta":{"origin":2704,"position":0},"title":"Elementor #28397","author":"Jan Terje \u00c5s","date":"4 april 2026","format":false,"excerpt":"Bestemming - Trysil Accommodatie in Trysil met toegang tot de gebieden die het meest geschikt zijn voor jouw reis Verken gebieden in Trysil zoals Trysil Turistsenter, Trysil Sentrum, Trysilfjell Hytteomr\u00e5de en Fager\u00e5sen \/ Trysil H\u00f8yfjellssenter - en vind een verblijf dat bij je reis past. Gebieden bekijken in Trysil Ontdek\u2026","rel":"","context":"Soortgelijk bericht","block_context":{"text":"Soortgelijk bericht","link":""},"img":{"alt_text":"","src":"","width":0,"height":0},"classes":[]},{"id":11777,"url":"https:\/\/bno-travel.com\/nl\/litunet-721b-7-bedden\/","url_meta":{"origin":2704,"position":1},"title":"Litunet 721B -7 bedden","author":"Jan Terje \u00c5s","date":"23 oktober 2025","format":false,"excerpt":"Trysil Turistsenter - Eenheid Litunet 721B - gezinsvriendelijk appartement in Trysil met ski-in\/ski-out Litunet 721B is een ruim en gezinsvriendelijk appartement in Trysil Turistsenter, met ski-in\/ski-out, nabijheid van piste 13, skischool, skiverhuur en activiteiten in de omgeving. 3 slaapkamers Tot 7+2 personen Ski-in \/ ski-out Toeristisch centrum Trysil Controleer beschikbare\u2026","rel":"","context":"Soortgelijk bericht","block_context":{"text":"Soortgelijk bericht","link":""},"img":{"alt_text":"","src":"","width":0,"height":0},"classes":[]},{"id":2907,"url":"https:\/\/bno-travel.com\/nl\/waar-verblijven\/","url_meta":{"origin":2704,"position":2},"title":"Vakantie in Trysil &amp; S\u00e4len","author":"Jan Terje \u00c5s","date":"11 juli 2025","format":false,"excerpt":"Accommodatie in Trysil, S\u00e4len en Sunnm\u00f8re Vind het verblijf dat bij je reis past - van bergvakanties tot natuurbelevenissen dicht bij de fjorden BNO Travel biedt kwaliteitsgegarandeerde accommodatie in Trysil, S\u00e4len, Stranda, Strandafjellet, Hornindal en Fjells\u00e6tra. Hier vind je hutten, appartementen en verblijven die het gemakkelijker maken om comfort, activiteiten\u2026","rel":"","context":"Soortgelijk bericht","block_context":{"text":"Soortgelijk bericht","link":""},"img":{"alt_text":"","src":"","width":0,"height":0},"classes":[]},{"id":4110,"url":"https:\/\/bno-travel.com\/nl\/restaurants-in-trysil\/","url_meta":{"origin":2704,"position":3},"title":"Restaurants in Trysil","author":"Jan Terje \u00c5s","date":"18 juli 2025","format":false,"excerpt":"Restaurants en eetgelegenheden in Trysil - Het hele jaar door smakelijk Trysil biedt veel meer dan fantastische skipistes en berglandschappen. Of je het gebied nu in de winter of in de zomer bezoekt, je kunt genieten van een rijk aanbod aan restaurants, caf\u00e9s en apr\u00e8s-ski gelegenheden - alles van gourmet\u2026","rel":"","context":"Soortgelijk bericht","block_context":{"text":"Soortgelijk bericht","link":""},"img":{"alt_text":"Skistar Logde Trysil","src":"https:\/\/i0.wp.com\/bno-travel.com\/wp-content\/uploads\/2025\/07\/52199845033_2c000ed2d7_c.jpg?resize=350%2C200&ssl=1","width":350,"height":200,"srcset":"https:\/\/i0.wp.com\/bno-travel.com\/wp-content\/uploads\/2025\/07\/52199845033_2c000ed2d7_c.jpg?resize=350%2C200&ssl=1 1x, https:\/\/i0.wp.com\/bno-travel.com\/wp-content\/uploads\/2025\/07\/52199845033_2c000ed2d7_c.jpg?resize=525%2C300&ssl=1 1.5x, https:\/\/i0.wp.com\/bno-travel.com\/wp-content\/uploads\/2025\/07\/52199845033_2c000ed2d7_c.jpg?resize=700%2C400&ssl=1 2x"},"classes":[]},{"id":4418,"url":"https:\/\/bno-travel.com\/nl\/alpineskien-in-trysil\/","url_meta":{"origin":2704,"position":4},"title":"Alpineski\u00ebn in Trysil","author":"Jan Terje \u00c5s","date":"18 juli 2025","format":false,"excerpt":"Alpineski\u00ebn in Trysil - Ervaar het grootste en populairste skigebied van Noorwegen Welkom in Trysil - het grootste alpine skigebied van Noorwegen en een waar winterparadijs voor het hele gezin! Met kilometers aan geprepareerde pistes, een modern liftsysteem, kindvriendelijke gebieden en een fantastisch berglandschap is Trysilfjellet de ultieme bestemming voor\u2026","rel":"","context":"Soortgelijk bericht","block_context":{"text":"Soortgelijk bericht","link":""},"img":{"alt_text":"Alpint i Trysil","src":"https:\/\/i0.wp.com\/bno-travel.com\/wp-content\/uploads\/2025\/06\/AdobeStock_182554441-e1750784403298.jpeg?resize=350%2C200&ssl=1","width":350,"height":200,"srcset":"https:\/\/i0.wp.com\/bno-travel.com\/wp-content\/uploads\/2025\/06\/AdobeStock_182554441-e1750784403298.jpeg?resize=350%2C200&ssl=1 1x, https:\/\/i0.wp.com\/bno-travel.com\/wp-content\/uploads\/2025\/06\/AdobeStock_182554441-e1750784403298.jpeg?resize=525%2C300&ssl=1 1.5x, https:\/\/i0.wp.com\/bno-travel.com\/wp-content\/uploads\/2025\/06\/AdobeStock_182554441-e1750784403298.jpeg?resize=700%2C400&ssl=1 2x"},"classes":[]}],"_links":{"self":[{"href":"https:\/\/bno-travel.com\/nl\/wp-json\/wp\/v2\/pages\/2704","targetHints":{"allow":["GET"]}}],"collection":[{"href":"https:\/\/bno-travel.com\/nl\/wp-json\/wp\/v2\/pages"}],"about":[{"href":"https:\/\/bno-travel.com\/nl\/wp-json\/wp\/v2\/types\/page"}],"author":[{"embeddable":true,"href":"https:\/\/bno-travel.com\/nl\/wp-json\/wp\/v2\/users\/260013438"}],"replies":[{"embeddable":true,"href":"https:\/\/bno-travel.com\/nl\/wp-json\/wp\/v2\/comments?post=2704"}],"version-history":[{"count":13,"href":"https:\/\/bno-travel.com\/nl\/wp-json\/wp\/v2\/pages\/2704\/revisions"}],"predecessor-version":[{"id":28525,"href":"https:\/\/bno-travel.com\/nl\/wp-json\/wp\/v2\/pages\/2704\/revisions\/28525"}],"wp:attachment":[{"href":"https:\/\/bno-travel.com\/nl\/wp-json\/wp\/v2\/media?parent=2704"}],"curies":[{"name":"wp","href":"https:\/\/api.w.org\/{rel}","templated":true}]}}