{"id":2761,"date":"2025-07-11T13:50:20","date_gmt":"2025-07-11T11:50:20","guid":{"rendered":"https:\/\/bno-travel.com\/?page_id=2761"},"modified":"2025-07-11T13:50:59","modified_gmt":"2025-07-11T11:50:59","slug":"neem-contact-met-ons-op","status":"publish","type":"page","link":"https:\/\/bno-travel.com\/nl\/neem-contact-met-ons-op\/","title":{"rendered":"Neem contact met ons op"},"content":{"rendered":"\n<div class=\"wp-block-group alignfull is-layout-constrained wp-container-core-group-is-layout-082b0574 wp-block-group-is-layout-constrained\" style=\"padding-top:var(--wp--preset--spacing--50);padding-bottom:var(--wp--preset--spacing--40)\">\n<div class=\"wp-block-columns alignwide is-layout-flex wp-container-core-columns-is-layout-632e7d69 wp-block-columns-is-layout-flex\">\n<div class=\"wp-block-column is-layout-flow wp-container-core-column-is-layout-5185c3d0 wp-block-column-is-layout-flow\" style=\"flex-basis:50%\">\n<h2 class=\"wp-block-heading\"><\/h2>\n\n\n\n<figure class=\"wp-block-image size-full is-resized\"><img data-recalc-dims=\"1\" fetchpriority=\"high\" decoding=\"async\" width=\"732\" height=\"924\" src=\"https:\/\/i0.wp.com\/bno-travel.com\/wp-content\/uploads\/2025\/06\/AdobeStock_182554441-e1750784403298.jpeg?resize=732%2C924&#038;ssl=1\" alt=\"\" class=\"wp-image-887\" style=\"aspect-ratio:1;object-fit:cover;width:501px;height:auto\" srcset=\"https:\/\/i0.wp.com\/bno-travel.com\/wp-content\/uploads\/2025\/06\/AdobeStock_182554441-e1750784403298.jpeg?w=732&amp;ssl=1 732w, https:\/\/i0.wp.com\/bno-travel.com\/wp-content\/uploads\/2025\/06\/AdobeStock_182554441-e1750784403298.jpeg?resize=238%2C300&amp;ssl=1 238w\" sizes=\"(max-width: 732px) 100vw, 732px\" \/><\/figure>\n<\/div>\n\n\n\n<div class=\"wp-block-column is-layout-flow wp-container-core-column-is-layout-23912308 wp-block-column-is-layout-flow\" style=\"flex-basis:50%\">\n<p class=\"wp-block-paragraph\">Heb je vragen over reizen, boekingen of onze diensten? We helpen je graag! <\/p>\n\n\n\n<p class=\"wp-block-paragraph\"><br\/>Vul het contactformulier in, stuur ons een e-mail of bel ons en we nemen zo snel mogelijk contact met je op.<\/p>\n\n\n<\/div>\n<\/div>\n\n\n\n<div class=\"wp-block-group alignfull has-background-color has-foreground-background-color has-text-color has-background has-link-color wp-elements-82890edb3b13642b7014f122e9ca8658 is-layout-flow wp-block-group-is-layout-flow\" style=\"padding-top:0;padding-right:var(--wp--preset--spacing--40);padding-bottom:0;padding-left:var(--wp--preset--spacing--40)\">\n<div class=\"wp-block-jetpack-map is-style-default\" data-map-id=\"jp-map-1\" data-map-provider=\"mapkit\" data-api-key=\"pk.eyJ1IjoiYXV0b21hdHRpYyIsImEiOiJjazVpZjA5aWswYTFvM21sOWtzNW1rNG9lIn0.Gu-sp4wRxnnQB-Qa8CpuZQ\" data-map-style=\"default\" data-blog-id=\"245833491\"><ul><li><a href=\"https:\/\/www.google.com\/maps\/search\/?api=1&amp;query=61.300231,12.2643206\" target=\"_blank\" rel=\"noopener\">Vestmovegen 7, 2420 Trysil, Noorwegen<\/a><\/li><\/ul><\/div>\n<\/div>\n<\/div>\n","protected":false},"excerpt":{"rendered":"<p>Heb je vragen over reizen, boekingen of onze diensten? We helpen je graag! Vul het contactformulier in, stuur ons een e-mail of bel ons en we nemen zo snel mogelijk contact met je op.<\/p>\n","protected":false},"author":260013438,"featured_media":0,"parent":0,"menu_order":0,"comment_status":"closed","ping_status":"closed","template":"","meta":{"_crdt_document":"","footnotes":""},"class_list":["post-2761","page","type-page","status-publish","hentry"],"jetpack_likes_enabled":true,"jetpack_sharing_enabled":true,"jetpack_shortlink":"https:\/\/wp.me\/PgDuwj-Ix","jetpack-related-posts":[{"id":11504,"url":"https:\/\/bno-travel.com\/nl\/meer-weten-over-verhuur\/","url_meta":{"origin":2761,"position":0},"title":"Meer weten over verhuur?","author":"Jan Terje \u00c5s","date":"29 september 2025","format":false,"excerpt":"Neem vandaag nog contact met ons op!","rel":"","context":"Soortgelijk bericht","block_context":{"text":"Soortgelijk bericht","link":""},"img":{"alt_text":"","src":"","width":0,"height":0},"classes":[]},{"id":4555,"url":"https:\/\/bno-travel.com\/nl\/privacybeleid\/","url_meta":{"origin":2761,"position":1},"title":"Privacybeleid","author":"Jan Terje \u00c5s","date":"11 juli 2025","format":false,"excerpt":"Privacybeleid Privacybeleid Dit privacybeleid gaat over hoe BNO TRAVEL persoonlijke gegevens over jou verzamelt en gebruikt. We gebruiken cookies op bno-travel.com. Door onze website te gebruiken met cookies ingeschakeld in uw browser (wat de standaard is), accepteert u dat wij cookies opslaan om onze diensten te leveren. U kunt cookies\u2026","rel":"","context":"Soortgelijk bericht","block_context":{"text":"Soortgelijk bericht","link":""},"img":{"alt_text":"","src":"","width":0,"height":0},"classes":[]},{"id":1866,"url":"https:\/\/bno-travel.com\/nl\/hierheen-reizen-naar-trysil\/","url_meta":{"origin":2761,"position":2},"title":"Hierheen reizen naar Trysil","author":"Jan Terje \u00c5s","date":"11 juli 2025","format":false,"excerpt":"Hoe je naar Trysil komt - met het vliegtuig, huurauto, bus, trein of eigen auto \u2708\ufe0f Met het vliegtuig naar Oslo Luchthaven Gardermoen (OSL) De luchthaven van Oslo is de meest gebruikelijke uitvalsbasis voor reizigers naar Trysil. Er zijn rechtstreekse vluchten vanuit een aantal grote Europese steden. Ga vanuit Gardermoen\u2026","rel":"","context":"Soortgelijk bericht","block_context":{"text":"Soortgelijk bericht","link":""},"img":{"alt_text":"Trysil Ski resort, skiferie i Trysil,","src":"https:\/\/i0.wp.com\/bno-travel.com\/wp-content\/uploads\/2025\/06\/10001-20191216-Drone0784-scaled-1.jpg?resize=350%2C200&ssl=1","width":350,"height":200,"srcset":"https:\/\/i0.wp.com\/bno-travel.com\/wp-content\/uploads\/2025\/06\/10001-20191216-Drone0784-scaled-1.jpg?resize=350%2C200&ssl=1 1x, https:\/\/i0.wp.com\/bno-travel.com\/wp-content\/uploads\/2025\/06\/10001-20191216-Drone0784-scaled-1.jpg?resize=525%2C300&ssl=1 1.5x, https:\/\/i0.wp.com\/bno-travel.com\/wp-content\/uploads\/2025\/06\/10001-20191216-Drone0784-scaled-1.jpg?resize=700%2C400&ssl=1 2x, https:\/\/i0.wp.com\/bno-travel.com\/wp-content\/uploads\/2025\/06\/10001-20191216-Drone0784-scaled-1.jpg?resize=1050%2C600&ssl=1 3x, https:\/\/i0.wp.com\/bno-travel.com\/wp-content\/uploads\/2025\/06\/10001-20191216-Drone0784-scaled-1.jpg?resize=1400%2C800&ssl=1 4x"},"classes":[]},{"id":4060,"url":"https:\/\/bno-travel.com\/nl\/spa-en-baden-in-trysil\/","url_meta":{"origin":2761,"position":3},"title":"Spa en baden in Trysil","author":"Jan Terje \u00c5s","date":"18 juli 2025","format":false,"excerpt":"Spa en baden in Trysil - Ontspanning en wellness in de bergen Trysil is niet alleen voor wie snelheid en spanning zoekt - het is ook een bestemming voor wie op zoek is naar rust, welzijn en echte gezelligheid in de bergen. Met een ruim aanbod aan spa- en badervaringen\u2026","rel":"","context":"Soortgelijk bericht","block_context":{"text":"Soortgelijk bericht","link":""},"img":{"alt_text":"Spa og bad i Trysil","src":"https:\/\/i0.wp.com\/bno-travel.com\/wp-content\/uploads\/2025\/07\/52199820901_706171c188_c.jpg?resize=350%2C200&ssl=1","width":350,"height":200,"srcset":"https:\/\/i0.wp.com\/bno-travel.com\/wp-content\/uploads\/2025\/07\/52199820901_706171c188_c.jpg?resize=350%2C200&ssl=1 1x, https:\/\/i0.wp.com\/bno-travel.com\/wp-content\/uploads\/2025\/07\/52199820901_706171c188_c.jpg?resize=525%2C300&ssl=1 1.5x, https:\/\/i0.wp.com\/bno-travel.com\/wp-content\/uploads\/2025\/07\/52199820901_706171c188_c.jpg?resize=700%2C400&ssl=1 2x"},"classes":[]},{"id":3833,"url":"https:\/\/bno-travel.com\/nl\/kuuroorden-en-baden-in-salen\/","url_meta":{"origin":2761,"position":4},"title":"Kuuroorden en baden in S\u00e4len","author":"Jan Terje \u00c5s","date":"18 juli 2025","format":false,"excerpt":"Spa en baden in S\u00e4len - Wellness en ontspanning in een bergomgeving S\u00e4len draait niet alleen om ski\u00ebn, fietsen en de natuur - het is ook een fantastische bestemming voor mensen die op zoek zijn naar rust, herstel en harmonie in de bergen. Of je nu komt voor een romantisch\u2026","rel":"","context":"Soortgelijk bericht","block_context":{"text":"Soortgelijk bericht","link":""},"img":{"alt_text":"","src":"https:\/\/i0.wp.com\/bno-travel.com\/wp-content\/uploads\/2025\/07\/52200128044_b550a6c33d_c.jpg?resize=350%2C200&ssl=1","width":350,"height":200,"srcset":"https:\/\/i0.wp.com\/bno-travel.com\/wp-content\/uploads\/2025\/07\/52200128044_b550a6c33d_c.jpg?resize=350%2C200&ssl=1 1x, https:\/\/i0.wp.com\/bno-travel.com\/wp-content\/uploads\/2025\/07\/52200128044_b550a6c33d_c.jpg?resize=525%2C300&ssl=1 1.5x, https:\/\/i0.wp.com\/bno-travel.com\/wp-content\/uploads\/2025\/07\/52200128044_b550a6c33d_c.jpg?resize=700%2C400&ssl=1 2x"},"classes":[]},{"id":2809,"url":"https:\/\/bno-travel.com\/nl\/hierheen-reizen-naar-salenfjellet\/","url_meta":{"origin":2761,"position":5},"title":"Hierheen reizen naar S\u00e4lenfjellet","author":"Jan Terje \u00c5s","date":"11 juli 2025","format":false,"excerpt":". Hoe kom ik bij S\u00e4lenfjellet - met het vliegtuig, huurauto, bus, trein of eigen auto? \u2708\ufe0f Met het vliegtuig naar Oslo Airport Gardermoen (OSL) De luchthaven van Oslo is een van de meest gebruikte vertrekpunten voor reizigers naar S\u00e4len. Er zijn rechtstreekse vluchten vanuit een aantal grote Europese steden.\u2026","rel":"","context":"Soortgelijk bericht","block_context":{"text":"Soortgelijk bericht","link":""},"img":{"alt_text":"overnatting i salen","src":"https:\/\/i0.wp.com\/bno-travel.com\/wp-content\/uploads\/2025\/06\/AdobeStock_121113275-e1751307052527.jpeg?resize=350%2C200&ssl=1","width":350,"height":200,"srcset":"https:\/\/i0.wp.com\/bno-travel.com\/wp-content\/uploads\/2025\/06\/AdobeStock_121113275-e1751307052527.jpeg?resize=350%2C200&ssl=1 1x, https:\/\/i0.wp.com\/bno-travel.com\/wp-content\/uploads\/2025\/06\/AdobeStock_121113275-e1751307052527.jpeg?resize=525%2C300&ssl=1 1.5x, https:\/\/i0.wp.com\/bno-travel.com\/wp-content\/uploads\/2025\/06\/AdobeStock_121113275-e1751307052527.jpeg?resize=700%2C400&ssl=1 2x, https:\/\/i0.wp.com\/bno-travel.com\/wp-content\/uploads\/2025\/06\/AdobeStock_121113275-e1751307052527.jpeg?resize=1050%2C600&ssl=1 3x, https:\/\/i0.wp.com\/bno-travel.com\/wp-content\/uploads\/2025\/06\/AdobeStock_121113275-e1751307052527.jpeg?resize=1400%2C800&ssl=1 4x"},"classes":[]}],"_links":{"self":[{"href":"https:\/\/bno-travel.com\/nl\/wp-json\/wp\/v2\/pages\/2761","targetHints":{"allow":["GET"]}}],"collection":[{"href":"https:\/\/bno-travel.com\/nl\/wp-json\/wp\/v2\/pages"}],"about":[{"href":"https:\/\/bno-travel.com\/nl\/wp-json\/wp\/v2\/types\/page"}],"author":[{"embeddable":true,"href":"https:\/\/bno-travel.com\/nl\/wp-json\/wp\/v2\/users\/260013438"}],"replies":[{"embeddable":true,"href":"https:\/\/bno-travel.com\/nl\/wp-json\/wp\/v2\/comments?post=2761"}],"version-history":[{"count":2,"href":"https:\/\/bno-travel.com\/nl\/wp-json\/wp\/v2\/pages\/2761\/revisions"}],"predecessor-version":[{"id":4974,"href":"https:\/\/bno-travel.com\/nl\/wp-json\/wp\/v2\/pages\/2761\/revisions\/4974"}],"wp:attachment":[{"href":"https:\/\/bno-travel.com\/nl\/wp-json\/wp\/v2\/media?parent=2761"}],"curies":[{"name":"wp","href":"https:\/\/api.w.org\/{rel}","templated":true}]}}