{"id":2809,"date":"2025-07-11T13:54:41","date_gmt":"2025-07-11T11:54:41","guid":{"rendered":"https:\/\/bno-travel.com\/?page_id=2809"},"modified":"2026-04-03T12:39:07","modified_gmt":"2026-04-03T10:39:07","slug":"hierheen-reizen-naar-salenfjellet","status":"publish","type":"page","link":"https:\/\/bno-travel.com\/nl\/hierheen-reizen-naar-salenfjellet\/","title":{"rendered":"Hierheen reizen naar S\u00e4lenfjellet"},"content":{"rendered":"\n<div class=\"wp-block-group alignfull is-content-justification-center is-layout-constrained wp-block-group-is-layout-constrained\" style=\"margin-top:0;margin-bottom:0;padding-top:var(--wp--preset--spacing--40);padding-bottom:var(--wp--preset--spacing--40)\">\n<figure class=\"wp-block-image alignwide size-full aspect-16\/9\"><img data-recalc-dims=\"1\" fetchpriority=\"high\" decoding=\"async\" width=\"800\" height=\"528\" src=\"https:\/\/i0.wp.com\/bno-travel.com\/wp-content\/uploads\/2025\/06\/AdobeStock_121113275-e1751307052527.jpeg?resize=800%2C528&#038;ssl=1\" alt=\"\" class=\"wp-image-2549\" srcset=\"https:\/\/i0.wp.com\/bno-travel.com\/wp-content\/uploads\/2025\/06\/AdobeStock_121113275-e1751307052527.jpeg?w=2545&amp;ssl=1 2545w, https:\/\/i0.wp.com\/bno-travel.com\/wp-content\/uploads\/2025\/06\/AdobeStock_121113275-e1751307052527.jpeg?resize=300%2C198&amp;ssl=1 300w, https:\/\/i0.wp.com\/bno-travel.com\/wp-content\/uploads\/2025\/06\/AdobeStock_121113275-e1751307052527.jpeg?resize=1024%2C676&amp;ssl=1 1024w, https:\/\/i0.wp.com\/bno-travel.com\/wp-content\/uploads\/2025\/06\/AdobeStock_121113275-e1751307052527.jpeg?resize=768%2C507&amp;ssl=1 768w, https:\/\/i0.wp.com\/bno-travel.com\/wp-content\/uploads\/2025\/06\/AdobeStock_121113275-e1751307052527.jpeg?resize=1536%2C1014&amp;ssl=1 1536w, https:\/\/i0.wp.com\/bno-travel.com\/wp-content\/uploads\/2025\/06\/AdobeStock_121113275-e1751307052527.jpeg?resize=2048%2C1352&amp;ssl=1 2048w, https:\/\/i0.wp.com\/bno-travel.com\/wp-content\/uploads\/2025\/06\/AdobeStock_121113275-e1751307052527.jpeg?w=1600&amp;ssl=1 1600w, https:\/\/i0.wp.com\/bno-travel.com\/wp-content\/uploads\/2025\/06\/AdobeStock_121113275-e1751307052527.jpeg?w=2400&amp;ssl=1 2400w\" sizes=\"(max-width: 800px) 100vw, 800px\" \/><figcaption class=\"wp-element-caption\">.<\/figcaption><\/figure>\n<\/div>\n\n<div class=\"wp-block-group alignfull is-style-section-3 is-content-justification-center is-layout-constrained wp-container-core-group-is-layout-b54e18b3 wp-block-group-is-layout-constrained\" style=\"margin-top:0;margin-bottom:0;padding-top:var(--wp--preset--spacing--50);padding-bottom:var(--wp--preset--spacing--50)\">\n<h2 class=\"wp-block-heading has-text-align-left alignwide\">Hoe kom ik bij S\u00e4lenfjellet - met het vliegtuig, huurauto, bus, trein of eigen auto?<\/h2>\n\n\n\n<p class=\"wp-block-paragraph\"><\/p>\n\n\n\n<div class=\"wp-block-group alignwide is-layout-flow wp-container-core-group-is-layout-a7dce961 wp-block-group-is-layout-flow\">\n<div class=\"wp-block-columns alignwide is-layout-flex wp-container-core-columns-is-layout-cb1de518 wp-block-columns-is-layout-flex\">\n<div class=\"wp-block-column is-layout-flow wp-block-column-is-layout-flow\" style=\"padding-top:24px;padding-bottom:24px\">\n<h3 class=\"wp-block-heading has-text-align-left alignwide is-service-name\">\u2708\ufe0f Met het vliegtuig naar Oslo Airport Gardermoen (OSL)<\/h3>\n<\/div>\n\n\n\n<div class=\"wp-block-column is-layout-flow wp-block-column-is-layout-flow\">\n<div class=\"wp-block-group alignwide is-layout-flow wp-block-group-is-layout-flow\" style=\"border-bottom-width:1px;padding-top:40px;padding-bottom:40px\">\n<p class=\"is-service-description wp-block-paragraph\"><\/p>\n\n\n\n<p class=\"wp-block-paragraph\">De luchthaven van Oslo is een van de meest gebruikte vertrekpunten voor reizigers naar S\u00e4len. Er zijn rechtstreekse vluchten vanuit een aantal grote Europese steden. <\/p>\n\n\n\n<p class=\"wp-block-paragraph\"><strong>Ga vanuit Gardermoen verder naar S\u00e4len:<\/strong><\/p>\n\n\n\n<p class=\"is-service-description wp-block-paragraph\"><strong>Met de bus:<\/strong> Er zijn busverbindingen van de regio Oslo naar S\u00e4len tijdens het winterseizoen. De reistijden vari\u00ebren afhankelijk van de route en de verbindingen. <\/p>\n\n\n\n<p class=\"wp-block-paragraph\"><strong>Auto huren:<\/strong> Een auto huren is een flexibele optie voor je reis naar S\u00e4len. De rijtijd vanaf Gardermoen is ongeveer 3,5-4 uur, afhankelijk van de bestemming in de omgeving van S\u00e4len.  <\/p>\n<\/div>\n<\/div>\n<\/div>\n\n\n\n<div class=\"wp-block-columns alignwide is-layout-flex wp-container-core-columns-is-layout-cb1de518 wp-block-columns-is-layout-flex\">\n<div class=\"wp-block-column is-layout-flow wp-block-column-is-layout-flow\" style=\"padding-top:24px;padding-bottom:24px\">\n<h3 class=\"wp-block-heading has-text-align-left alignwide is-service-name\">\u2708\ufe0f Met het vliegtuig naar Scandinavian Mountains Airport (SCR)<\/h3>\n<\/div>\n\n\n\n<div class=\"wp-block-column is-layout-flow wp-block-column-is-layout-flow\">\n<div class=\"wp-block-group alignwide is-layout-flow wp-block-group-is-layout-flow\" style=\"border-bottom-width:1px;padding-top:40px;padding-bottom:40px\">\n<p class=\"is-service-description wp-block-paragraph\">Scandinavian Mountains Airport is de dichtstbijzijnde luchthaven bij S\u00e4len en ligt op slechts 10-15 minuten van de meeste resorts in de omgeving. De luchthaven heeft seizoensgebonden vertrekken vanuit verschillende Europese steden.  <\/p>\n\n\n\n<p class=\"wp-block-paragraph\"><strong>Ga verder naar S\u00e4len vanaf SCR:<\/strong><\/p>\n\n\n\n<p class=\"is-service-description wp-block-paragraph\"><strong>Pendelbus:<\/strong> Er is een pendelbus beschikbaar voor aankomsten tijdens het winterseizoen naar accommodaties en skigebieden in het S\u00e4len-gebied.<\/p>\n\n\n\n<p class=\"wp-block-paragraph\"><strong>Auto huren:<\/strong> Er is autoverhuur beschikbaar voor degenen die de vrijheid willen om in de omgeving rond te reizen.<\/p>\n<\/div>\n<\/div>\n<\/div>\n\n\n\n<div class=\"wp-block-columns alignwide is-layout-flex wp-container-core-columns-is-layout-cb1de518 wp-block-columns-is-layout-flex\">\n<div class=\"wp-block-column is-layout-flow wp-block-column-is-layout-flow\" style=\"padding-top:24px;padding-bottom:24px\">\n<h3 class=\"wp-block-heading has-text-align-left alignwide is-service-name\">\ud83d\ude86\ud83d\ude8d Reizen van stad naar stad - met trein, bus of auto<\/h3>\n<\/div>\n\n\n\n<div class=\"wp-block-column is-layout-flow wp-block-column-is-layout-flow\">\n<div class=\"wp-block-group alignwide is-layout-flow wp-block-group-is-layout-flow\" style=\"border-bottom-width:1px;padding-top:40px;padding-bottom:40px\">\n<p class=\"wp-block-paragraph\"><\/p>\n\n\n\n<h3 class=\"wp-block-heading\"><strong>Van Stockholm<\/strong><\/h3>\n\n\n\n<p class=\"is-service-description wp-block-paragraph\"><strong>Met de auto:<\/strong> Ca. 5-6 uur, afhankelijk van naar welk deel van S\u00e4len je reist. <\/p>\n\n\n\n<p class=\"wp-block-paragraph\"><strong>Trein en bus:<\/strong> Neem de trein naar Mora of Borl\u00e4nge en vervolgens de bus naar S\u00e4len. De totale reistijd varieert afhankelijk van de verbindingen. <\/p>\n\n\n\n<p class=\"wp-block-paragraph\"><strong>Bus:<\/strong> Er zijn busverbindingen van Stockholm naar S\u00e4len, vooral tijdens het winterseizoen.<\/p>\n\n\n\n<h3 class=\"wp-block-heading\"><strong>Van G\u00f6teborg<\/strong><\/h3>\n\n\n\n<ul class=\"wp-block-list\">\n<li><strong>Trein:<\/strong> Trein naar Borl\u00e4nge of Mora, dan bus naar S\u00e4len.<\/li>\n\n\n\n<li><strong>Bus:<\/strong> Reis met de bus via Stockholm of andere hubs, afhankelijk van het seizoen en de dienstregeling.<\/li>\n\n\n\n<li><strong>Auto:<\/strong> Ca. 6-7 uur. <\/li>\n<\/ul>\n\n\n\n<h3 class=\"wp-block-heading\"><strong>Van Helsinki<\/strong><\/h3>\n\n\n\n<ul class=\"wp-block-list\">\n<li><strong>Trein en veerboot:<\/strong> Neem de veerboot naar Stockholm en reis vanaf daar per trein, bus of auto naar S\u00e4len.<\/li>\n\n\n\n<li><strong>Bus:<\/strong> Combinaties met veerboot en langeafstandsbus via Zweden zijn mogelijk, afhankelijk van het seizoen.<\/li>\n\n\n\n<li><strong>Met de auto:<\/strong> Ca. 11-13 uur, afhankelijk van route en veerverbinding. <\/li>\n<\/ul>\n\n\n\n<h3 class=\"wp-block-heading\"><strong>Van K\u00f8enhavn<\/strong><\/h3>\n\n\n\n<div class=\"wp-block-group is-nowrap is-layout-flex wp-container-core-group-is-layout-7387b849 wp-block-group-is-layout-flex\">\n<ul class=\"wp-block-list\">\n<li><strong>Trein:<\/strong> Trein naar Stockholm, Borl\u00e4nge of Mora en dan de bus naar S\u00e4len.<\/li>\n\n\n\n<li><strong>Bus:<\/strong> Langeafstandsbus via Zweden met doorverbinding naar S\u00e4len.<\/li>\n\n\n\n<li><strong>Met de auto:<\/strong> Ca. 8-10 uur via de \u00d8resundbrug en verder naar het noorden in Zweden. <\/li>\n<\/ul>\n\n\n\n<p class=\"wp-block-paragraph\">.<\/p>\n<\/div>\n\n\n\n<h3 class=\"wp-block-heading\"><strong>Van Fredrikshavn<\/strong> (veerboot uit Denemarken)<\/h3>\n\n\n\n<ul class=\"wp-block-list\">\n<li><strong>Trein:<\/strong> Trein van Frederikshavn via G\u00f6teborg en verder door Zweden naar Mora of Borl\u00e4nge, dan bus naar S\u00e4len.<\/li>\n\n\n\n<li><strong>Bus:<\/strong> Busverbindingen via Zweden met overstap op regionale routes richting S\u00e4len.<\/li>\n\n\n\n<li><strong>Met de auto:<\/strong> Ca. 7-8 uur, afhankelijk van de routekeuze. <\/li>\n<\/ul>\n\n\n\n<h3 class=\"wp-block-heading\"><strong>Vanuit Kiel <\/strong>(veerboot vanuit Duitsland)<\/h3>\n\n\n\n<ul class=\"wp-block-list\">\n<li><strong>Treinen:<\/strong> Treinen via Denemarken en Zweden, met aansluitende verbinding naar Mora of Borl\u00e4nge en bus naar S\u00e4len.<\/li>\n\n\n\n<li><strong>Bus:<\/strong> Langeafstandsroutes via Denemarken en Zweden met aansluitende verbindingen naar S\u00e4len.<\/li>\n\n\n\n<li><strong>Met de auto:<\/strong> Ca. 11-13 uur, afhankelijk van de route en de keuze van de veerboot. <\/li>\n<\/ul>\n\n\n\n<p class=\"wp-block-paragraph\"><\/p>\n<\/div>\n<\/div>\n<\/div>\n<\/div>\n<\/div>\n\n<div class=\"wp-block-group alignwide is-layout-flow wp-block-group-is-layout-flow\" style=\"border-bottom-width:1px;padding-top:40px;padding-bottom:40px\">\n<p class=\"is-service-description wp-block-paragraph\"><mark style=\"background-color:rgba(0, 0, 0, 0);color:#000000\" class=\"has-inline-color\">\ud83d\ude99 BNO Travel - uw reispartner voor S\u00e4len<\/mark><\/p>\n\n\n\n<p class=\"wp-block-paragraph\">Het maakt niet uit hoe je reist, wij maken je reis gemakkelijker:<\/p>\n\n\n\n<ul class=\"wp-block-list\">\n<li><strong>Autoverhuur op meerdere bestemmingen<\/strong><\/li>\n\n\n\n<li><strong>Boekingen voor bus en transport<\/strong><\/li>\n\n\n\n<li><strong>Advies en reisplanning<\/strong><\/li>\n<\/ul>\n\n\n\n<p class=\"wp-block-paragraph\">Neem contact met ons op voor hulp bij je S\u00e4len-reis!<\/p>\n<\/div>\n\n<p class=\"wp-block-paragraph\"><\/p>\n","protected":false},"excerpt":{"rendered":"<p>Hoe kom ik bij S\u00e4lenfjellet - met het vliegtuig, huurauto, bus, trein of eigen auto? \u2708\ufe0f Met het vliegtuig naar Oslo Airport Gardermoen (OSL) De luchthaven van Oslo is een van de meest gebruikte vertrekpunten voor reizigers naar S\u00e4len. Er zijn rechtstreekse vluchten vanuit een aantal grote Europese steden. Ga vanuit Gardermoen verder naar S\u00e4len: [&hellip;]<\/p>\n","protected":false},"author":260013438,"featured_media":0,"parent":0,"menu_order":0,"comment_status":"closed","ping_status":"closed","template":"","meta":{"_crdt_document":"","footnotes":""},"class_list":["post-2809","page","type-page","status-publish","hentry"],"jetpack_likes_enabled":true,"jetpack_sharing_enabled":true,"jetpack_shortlink":"https:\/\/wp.me\/PgDuwj-Jj","jetpack-related-posts":[{"id":1866,"url":"https:\/\/bno-travel.com\/nl\/hierheen-reizen-naar-trysil\/","url_meta":{"origin":2809,"position":0},"title":"Hierheen reizen naar Trysil","author":"Jan Terje \u00c5s","date":"11 juli 2025","format":false,"excerpt":"Hoe je naar Trysil komt - met het vliegtuig, huurauto, bus, trein of eigen auto \u2708\ufe0f Met het vliegtuig naar Oslo Luchthaven Gardermoen (OSL) De luchthaven van Oslo is de meest gebruikelijke uitvalsbasis voor reizigers naar Trysil. Er zijn rechtstreekse vluchten vanuit een aantal grote Europese steden. Ga vanuit Gardermoen\u2026","rel":"","context":"Soortgelijk bericht","block_context":{"text":"Soortgelijk bericht","link":""},"img":{"alt_text":"Trysil Ski resort, skiferie i Trysil,","src":"https:\/\/i0.wp.com\/bno-travel.com\/wp-content\/uploads\/2025\/06\/10001-20191216-Drone0784-scaled-1.jpg?resize=350%2C200&ssl=1","width":350,"height":200,"srcset":"https:\/\/i0.wp.com\/bno-travel.com\/wp-content\/uploads\/2025\/06\/10001-20191216-Drone0784-scaled-1.jpg?resize=350%2C200&ssl=1 1x, https:\/\/i0.wp.com\/bno-travel.com\/wp-content\/uploads\/2025\/06\/10001-20191216-Drone0784-scaled-1.jpg?resize=525%2C300&ssl=1 1.5x, https:\/\/i0.wp.com\/bno-travel.com\/wp-content\/uploads\/2025\/06\/10001-20191216-Drone0784-scaled-1.jpg?resize=700%2C400&ssl=1 2x, https:\/\/i0.wp.com\/bno-travel.com\/wp-content\/uploads\/2025\/06\/10001-20191216-Drone0784-scaled-1.jpg?resize=1050%2C600&ssl=1 3x, https:\/\/i0.wp.com\/bno-travel.com\/wp-content\/uploads\/2025\/06\/10001-20191216-Drone0784-scaled-1.jpg?resize=1400%2C800&ssl=1 4x"},"classes":[]},{"id":2851,"url":"https:\/\/bno-travel.com\/nl\/jouw-reis\/","url_meta":{"origin":2809,"position":1},"title":"Je reis naar Trysil en S\u00e4len","author":"Jan Terje \u00c5s","date":"11 juli 2025","format":false,"excerpt":"Vind je favoriete plek Jouw reis naar Trysil en S\u00e4len. Droom je van een bergvakantie in Trysil of S\u00e4len? Je reis met BNO Travel biedt veilige en flexibele vakanties naar de populairste wintersportbestemmingen van Noorwegen en Zweden. Geniet van ski\u00ebn, sneeuw, natuurbeleving en gezinsactiviteiten - met duidelijke reisvoorwaarden en alles\u2026","rel":"","context":"Soortgelijk bericht","block_context":{"text":"Soortgelijk bericht","link":""},"img":{"alt_text":"Vandring i Trysil Skagsvola - en herlig vandretur for hele familien.","src":"https:\/\/i0.wp.com\/bno-travel.com\/wp-content\/uploads\/2025\/06\/28177379886_c8a50193b0_c.jpg?resize=350%2C200","width":350,"height":200,"srcset":"https:\/\/i0.wp.com\/bno-travel.com\/wp-content\/uploads\/2025\/06\/28177379886_c8a50193b0_c.jpg?resize=350%2C200 1x, https:\/\/i0.wp.com\/bno-travel.com\/wp-content\/uploads\/2025\/06\/28177379886_c8a50193b0_c.jpg?resize=525%2C300 1.5x, https:\/\/i0.wp.com\/bno-travel.com\/wp-content\/uploads\/2025\/06\/28177379886_c8a50193b0_c.jpg?resize=700%2C400 2x"},"classes":[]},{"id":34872,"url":"https:\/\/bno-travel.com\/nl\/lofoten\/","url_meta":{"origin":2809,"position":2},"title":"Lofoten","author":"Jan Terje \u00c5s","date":"10 april 2026","format":false,"excerpt":"Lofoten Een iconisch kustlandschap waar bergen, zee en licht een reis cre\u00ebren die aanvoelt als een mensenleven. Lofoten is voor diegenen die de Noorse natuur op zijn krachtigst, suggestiefst en gedenkwaardigst willen ervaren. Hier ontmoeten grillige bergen open zee\u00ebn, staan kleine vissersdorpjes dicht bij de krachten van de natuur en\u2026","rel":"","context":"Soortgelijk bericht","block_context":{"text":"Soortgelijk bericht","link":""},"img":{"alt_text":"","src":"","width":0,"height":0},"classes":[]},{"id":28324,"url":"https:\/\/bno-travel.com\/nl\/","url_meta":{"origin":2809,"position":3},"title":"Startpagina","author":"Jan Terje \u00c5s","date":"3 april 2026","format":false,"excerpt":"Plan je reis gemakkelijker met BNO Reizen Zoek accommodatie op geselecteerde bestemmingen, zoek naar vluchten voor reizen dichtbij en ver weg en boek een huurauto zodat je de vrijheid hebt om verder te gaan. Alles in \u00e9\u00e9n overzichtelijke en gebruiksvriendelijke oplossing. Zoek accommodatie Zoek vluchten Zoek autoverhuur Gemakkelijker selecteren. Beter\u2026","rel":"","context":"Soortgelijk bericht","block_context":{"text":"Soortgelijk bericht","link":""},"img":{"alt_text":"","src":"","width":0,"height":0},"classes":[]},{"id":2787,"url":"https:\/\/bno-travel.com\/nl\/ontdek-salenfjellet-het-hele-jaar-door-voor-actieve-vakantiegangers\/","url_meta":{"origin":2809,"position":4},"title":"Ontdek S\u00e4lenfjellet - Het avontuur begint hier","author":"Jan Terje \u00c5s","date":"18 juli 2025","format":false,"excerpt":"Ontdek S\u00e4len \u2605\u2605\u2605\u2605\u2605 Hier vind je accommodatie in S\u00e4len Ontdek S\u00e4len en S\u00e4lenfjellet, een bestemming die het hele jaar door prachtige natuur combineert met een breed scala aan activiteiten en ervaringen. Met BNO REIS is reizen naar S\u00e4len gemakkelijk en comfortabel - of je nu op zoek bent naar winterse\u2026","rel":"","context":"Soortgelijk bericht","block_context":{"text":"Soortgelijk bericht","link":""},"img":{"alt_text":"","src":"https:\/\/i0.wp.com\/bno-travel.com\/wp-content\/uploads\/2025\/06\/2016JH070404.jpg?resize=350%2C200&ssl=1","width":350,"height":200,"srcset":"https:\/\/i0.wp.com\/bno-travel.com\/wp-content\/uploads\/2025\/06\/2016JH070404.jpg?resize=350%2C200&ssl=1 1x, https:\/\/i0.wp.com\/bno-travel.com\/wp-content\/uploads\/2025\/06\/2016JH070404.jpg?resize=525%2C300&ssl=1 1.5x, https:\/\/i0.wp.com\/bno-travel.com\/wp-content\/uploads\/2025\/06\/2016JH070404.jpg?resize=700%2C400&ssl=1 2x, https:\/\/i0.wp.com\/bno-travel.com\/wp-content\/uploads\/2025\/06\/2016JH070404.jpg?resize=1050%2C600&ssl=1 3x, https:\/\/i0.wp.com\/bno-travel.com\/wp-content\/uploads\/2025\/06\/2016JH070404.jpg?resize=1400%2C800&ssl=1 4x"},"classes":[]},{"id":34828,"url":"https:\/\/bno-travel.com\/nl\/raja-ampat\/","url_meta":{"origin":2809,"position":5},"title":"Raja Ampat","author":"Jan Terje \u00c5s","date":"10 april 2026","format":false,"excerpt":"Raja Ampat Een zeldzame archipel waar de zee, stilte en natuur bijna onwerkelijk aanvoelen Raja Ampat is een van de meest exclusieve en ervaringsgerichte bestemmingen van BNO Travel Unique. Hier komen turquoise wateren, ongerepte eilanden, koraalriffen van wereldklasse en een zeldzaam gevoel van rust samen in een landschap dat meer\u2026","rel":"","context":"Soortgelijk bericht","block_context":{"text":"Soortgelijk bericht","link":""},"img":{"alt_text":"","src":"","width":0,"height":0},"classes":[]}],"_links":{"self":[{"href":"https:\/\/bno-travel.com\/nl\/wp-json\/wp\/v2\/pages\/2809","targetHints":{"allow":["GET"]}}],"collection":[{"href":"https:\/\/bno-travel.com\/nl\/wp-json\/wp\/v2\/pages"}],"about":[{"href":"https:\/\/bno-travel.com\/nl\/wp-json\/wp\/v2\/types\/page"}],"author":[{"embeddable":true,"href":"https:\/\/bno-travel.com\/nl\/wp-json\/wp\/v2\/users\/260013438"}],"replies":[{"embeddable":true,"href":"https:\/\/bno-travel.com\/nl\/wp-json\/wp\/v2\/comments?post=2809"}],"version-history":[{"count":3,"href":"https:\/\/bno-travel.com\/nl\/wp-json\/wp\/v2\/pages\/2809\/revisions"}],"predecessor-version":[{"id":28311,"href":"https:\/\/bno-travel.com\/nl\/wp-json\/wp\/v2\/pages\/2809\/revisions\/28311"}],"wp:attachment":[{"href":"https:\/\/bno-travel.com\/nl\/wp-json\/wp\/v2\/media?parent=2809"}],"curies":[{"name":"wp","href":"https:\/\/api.w.org\/{rel}","templated":true}]}}