{"id":34839,"date":"2026-04-10T18:24:00","date_gmt":"2026-04-10T16:24:00","guid":{"rendered":"https:\/\/bno-travel.com\/queenstown\/"},"modified":"2026-04-13T13:50:06","modified_gmt":"2026-04-13T11:50:06","slug":"queenstown","status":"publish","type":"page","link":"https:\/\/bno-travel.com\/nl\/queenstown\/","title":{"rendered":"Queenstown"},"content":{"rendered":"\t\t<div data-elementor-type=\"wp-page\" data-elementor-id=\"34839\" class=\"elementor elementor-34839 elementor-33087\" data-elementor-post-type=\"page\">\n\t\t\t\t<div class=\"elementor-element elementor-element-d9560a7 e-flex e-con-boxed e-con e-parent\" data-id=\"d9560a7\" data-element_type=\"container\" data-e-type=\"container\">\n\t\t\t\t\t<div class=\"e-con-inner\">\n\t\t\t\t<div class=\"elementor-element elementor-element-9574539 elementor-widget elementor-widget-html\" data-id=\"9574539\" data-element_type=\"widget\" data-e-type=\"widget\" data-widget_type=\"html.default\">\n\t\t\t\t\t<section class=\"bno-hero bno-hero-unikt bno-hero-queenstown\">\r\n  <div class=\"bno-container\">\r\n    <div class=\"bno-grid-2\">\r\n      <div class=\"bno-hero-copy\">\r\n        <span class=\"bno-eyebrow\">Queenstown<\/span>\r\n        <h1>Een spectaculaire bestemming waar bergen, meren en avontuur een reis met zowel polsslag als uitzicht cre\u00ebren<\/h1>\r\n        <p class=\"bno-lead\">\r\n  Queenstown is voor diegenen die natuurlijke schoonheid willen combineren met energie, comfort en gedenkwaardige ervaringen. Met het meer in het midden, bergen in elke richting en wegen die uitnodigen tot verdere ontdekking, is dit een bestemming die het prachtige en het curieuze in \u00e9\u00e9n ervaring samenbrengt. \r\n        <\/p>\r\n\r\n        <div class=\"bno-button-row\">\r\n          <a href=\"#queenstown-unik\" class=\"bno-btn bno-btn-primary\">Ontdek Queenstown<\/a>\r\n          <a href=\"#queenstown-reise\" class=\"bno-btn bno-btn-secondary\">Bekijk hoe u erheen kunt reizen<\/a>\r\n        <\/div>\r\n      <\/div>\r\n\r\n      <div class=\"bno-hero-card\">\r\n        <span class=\"bno-card-kicker\">BNO Reizen Uniek<\/span>\r\n        <h3>Voor reizigers die op zoek zijn naar natuur met een wow-factor, energie en eersteklas ervaringen in dezelfde reis<\/h3>\r\n        <p class=\"bno-muted\">\r\n  Queenstown combineert berglandschap, uitzicht op het meer, het gevoel van een roadtrip en intense ervaringen op een manier die de bestemming net zo aantrekkelijk maakt voor avonturiers als voor degenen die goed willen reizen.\r\n        <\/p>\r\n\r\n        <div class=\"bno-hero-meta\">\r\n          <div class=\"bno-hero-meta-item\">\r\n            <strong>De ervaring<\/strong>\r\n            <span>Bergen, meren, uitzichten en avontuur<\/span>\r\n          <\/div>\r\n          <div class=\"bno-hero-meta-item\">\r\n            <strong>Sfeer<\/strong>\r\n            <span>Spectaculair, energiek en eersteklas<\/span>\r\n          <\/div>\r\n          <div class=\"bno-hero-meta-item\">\r\n            <strong>Geschikt voor<\/strong>\r\n            <span>Roadtrip, natuur en avontuur<\/span>\r\n          <\/div>\r\n        <\/div>\r\n      <\/div>\r\n    <\/div>\r\n  <\/div>\r\n<\/section>\t\t\t\t<\/div>\n\t\t\t\t\t<\/div>\n\t\t\t\t<\/div>\n\t\t<div class=\"elementor-element elementor-element-e853c7b e-flex e-con-boxed e-con e-parent\" data-id=\"e853c7b\" data-element_type=\"container\" data-e-type=\"container\">\n\t\t\t\t\t<div class=\"e-con-inner\">\n\t\t\t\t<div class=\"elementor-element elementor-element-2a13863 elementor-widget elementor-widget-html\" data-id=\"2a13863\" data-element_type=\"widget\" data-e-type=\"widget\" data-widget_type=\"html.default\">\n\t\t\t\t\t<section class=\"bno-section bno-light\" id=\"queenstown-unik\">\r\n  <div class=\"bno-container\">\r\n    <div class=\"bno-section-heading\">\r\n      <span class=\"bno-eyebrow\">Wat maakt de bestemming uniek?<\/span>\r\n      <h2>Een plek waar de natuur monumentaal is, maar de ervaring ook compleet, levendig en toegankelijk voelt<\/h2>\r\n      <p>\r\n  Queenstown is een van die bestemmingen die je meteen raken. De ligging aan Lake Wakatipu, omringd door bergen en diepe valleien, geeft de plaats een visuele kracht die vanaf het eerste moment voelbaar is. Tegelijkertijd is dit niet zomaar een uitkijkpunt op de kaart, maar een bestemming die is gebouwd om actief te worden ervaren - met goede hotels, sterke eetervaringen, goed ontwikkeld toerisme en een energie die de dagen vol mogelijkheden laat voelen.  \r\n      <\/p>\r\n    <\/div>\r\n\r\n    <div class=\"bno-grid-2\">\r\n      <div class=\"bno-card bno-soft\">\r\n        <h3>Spectaculaire natuur met hartslag en richting<\/h3>\r\n        <p>\r\n  Wat Queenstown anders maakt, is de combinatie van een dramatisch landschap en uitgesproken toeristische kwaliteit. Veel mooie plaatsen kunnen rustig aanvoelen, veel actieve plaatsen kunnen hectisch aanvoelen - Queenstown slaagt erin om beide op een evenwichtige manier te zijn. Hier kun je je dag beginnen met uitzicht op het meer en de bergen, doorgaan met natuurbelevenissen of activiteiten, en eindigen met heerlijke maaltijden en een comfortabele omgeving.  \r\n        <\/p>\r\n        <p>\r\n  Dit geeft de bestemming een zeldzame breedte. De ervaring is niet avontuur of wellness, maar een combinatie van beide. \r\n        <\/p>\r\n      <\/div>\r\n\r\n      <div class=\"bno-card bno-soft\">\r\n        <h3>Waarom Queenstown bij BNO Uniek hoort<\/h3>\r\n        <p>\r\n  Queenstown is een natuurlijk onderdeel van BNO Travel Unique omdat de bestemming meer biedt dan alleen een prachtige omgeving. Het biedt een gevoel van beweging, intensiteit en kwaliteit - een type reis waar de natuur groots aanvoelt, maar alles eromheen goed genoeg is om de hele ervaring premium te maken. \r\n        <\/p>\r\n        <p>\r\n  Voor reizigers die op zoek zijn naar een bestemming met landschap, mogelijkheden voor een roadtrip en ervaringen die echt groots aanvoelen, is Queenstown een van de meest complete keuzes die je kunt maken.\r\n        <\/p>\r\n      <\/div>\r\n    <\/div>\r\n  <\/div>\r\n<\/section>\t\t\t\t<\/div>\n\t\t\t\t<div class=\"elementor-element elementor-element-2f5376d elementor-widget elementor-widget-html\" data-id=\"2f5376d\" data-element_type=\"widget\" data-e-type=\"widget\" data-widget_type=\"html.default\">\n\t\t\t\t\t<section class=\"bno-section\" id=\"queenstown-hoydepunkter\">\r\n  <div class=\"bno-container\">\r\n    <div class=\"bno-section-heading\">\r\n      <span class=\"bno-eyebrow\">De hoogtepunten<\/span>\r\n      <h2>De ervaringen die Queenstown tot een van de meest gedenkwaardige bestemmingen in Nieuw-Zeeland maken<\/h2>\r\n      <p>\r\n  Queenstown brengt natuur, energie en afwisseling samen op een manier die het gemakkelijk maakt om je reis te vullen met ervaringen die zowel groots als afgerond aanvoelen.\r\n      <\/p>\r\n    <\/div>\r\n\r\n    <div class=\"bno-grid-4\">\r\n      <article class=\"bno-card\">\r\n        <h3>Uitzicht op meer en bergen<\/h3>\r\n        <p>\r\n  Queenstown biedt panorama's in elke richting. De combinatie van Lake Wakatipu en de omringende bergen geeft de bestemming een dramatische en elegante uitstraling die je tijdens je hele verblijf bijblijft. \r\n        <\/p>\r\n      <\/article>\r\n\r\n      <article class=\"bno-card\">\r\n        <h3>Avontuur met hoge kwaliteit<\/h3>\r\n        <p>\r\n  De bestemming staat bekend om activiteiten die zorgen voor snelheid, spanning en grote momenten. Dit maakt Queenstown een voor de hand liggende keuze voor reizigers die het gevoel willen hebben dat de reis echt plaatsvindt en niet alleen wordt geobserveerd. \r\n        <\/p>\r\n      <\/article>\r\n\r\n      <article class=\"bno-card\">\r\n        <h3>Roadtrips en grote dagtochten<\/h3>\r\n        <p>\r\n  De wegen vanuit Queenstown behoren tot de mooiste in de regio. Hier is de reis tussen de plaatsen een belangrijk onderdeel van de ervaring. \r\n        <\/p>\r\n      <\/article>\r\n\r\n      <article class=\"bno-card\">\r\n        <h3>Luxe, natuur en contrasten<\/h3>\r\n        <p>\r\n  Queenstown combineert actief reizen met geweldige accommodatie, wijngebieden, schilderachtige restaurants en rustige contrasten die de bestemming ook aantrekkelijk maken voor wie reist voor kwaliteit en sfeer.\r\n        <\/p>\r\n      <\/article>\r\n    <\/div>\r\n  <\/div>\r\n<\/section>\t\t\t\t<\/div>\n\t\t\t\t<div class=\"elementor-element elementor-element-2d437a2 elementor-widget elementor-widget-html\" data-id=\"2d437a2\" data-element_type=\"widget\" data-e-type=\"widget\" data-widget_type=\"html.default\">\n\t\t\t\t\t<section class=\"bno-section bno-light\" id=\"queenstown-reise\">\r\n  <div class=\"bno-container\">\r\n    <div class=\"bno-section-heading\">\r\n      <span class=\"bno-eyebrow\">Hoe erheen reizen<\/span>\r\n      <h2>De reis gaat meestal via Nieuw-Zeeland, met Queenstown als natuurlijk startpunt voor zowel een verblijf als een roadtrip.<\/h2>\r\n      <p>\r\n  Queenstown is gemakkelijk te integreren in een grotere reis door Nieuw-Zeeland en werkt uitstekend als hoofdbestemming en als uitvalsbasis voor verdere avonturen op het Zuidereiland.\r\n      <\/p>\r\n    <\/div>\r\n\r\n    <div class=\"bno-grid-2\">\r\n      <div class=\"bno-card bno-soft\">\r\n        <h3>Vlieg via Auckland, Christchurch of rechtstreeks naar Queenstown<\/h3>\r\n        <p>\r\n  De reis gaat normaal gesproken via Nieuw-Zeeland, waarbij je vaak aankomt in Auckland of Christchurch voordat je doorvliegt naar de luchthaven van Queenstown. De meest geschikte route hangt af van de totale lengte van de reis, het seizoen en of de reis wordt gecombineerd met verschillende stops onderweg. \r\n        <\/p>\r\n        <p>\r\n  Voor velen is Queenstown een natuurlijke keuze als onderdeel van een langere rondreis, maar de bestemming werkt ook heel goed als een op zichzelf staande vakantie met een hoge avontuurlijke waarde.\r\n        <\/p>\r\n      <\/div>\r\n\r\n      <div class=\"bno-card bno-soft\">\r\n        <h3>Verder met een huurauto, transfer of als onderdeel van een schilderachtige rondreis<\/h3>\r\n        <p>\r\n  Als je eenmaal geland bent, kun je je gemakkelijk verplaatsen met een transfer of huurauto. Veel mensen kiezen juist voor een auto omdat Queenstown een ideaal startpunt is om meer van het Zuidereiland in hun eigen tempo te ervaren, met prachtige wegen, korte afstanden naar geweldige natuurbelevenissen en verschillende natuurlijke stops onderweg. \r\n        <\/p>\r\n        <p>\r\n  Dit maakt de bestemming bijzonder aantrekkelijk voor reizigers die zowel structuur als vrijheid willen in dezelfde reis.\r\n        <\/p>\r\n      <\/div>\r\n    <\/div>\r\n  <\/div>\r\n<\/section>\t\t\t\t<\/div>\n\t\t\t\t\t<\/div>\n\t\t\t\t<\/div>\n\t\t<div class=\"elementor-element elementor-element-dc11213 e-flex e-con-boxed e-con e-parent\" data-id=\"dc11213\" data-element_type=\"container\" data-e-type=\"container\">\n\t\t\t\t\t<div class=\"e-con-inner\">\n\t\t\t\t<div class=\"elementor-element elementor-element-ea8282b elementor-widget elementor-widget-html\" data-id=\"ea8282b\" data-element_type=\"widget\" data-e-type=\"widget\" data-widget_type=\"html.default\">\n\t\t\t\t\t<section class=\"bno-section\" id=\"queenstown-opplevelser\">\r\n  <div class=\"bno-container\">\r\n    <div class=\"bno-section-heading\">\r\n      <span class=\"bno-eyebrow\">Ervaringen en activiteiten<\/span>\r\n      <h2>Van wandelen en fjordenlandschappen tot wijn, ski\u00ebn en intense ervaringen<\/h2>\r\n      <p>\r\n  Queenstown is een bestemming waar zowel adrenaline als de meer verfijnde aspecten van reizen mogelijk zijn.\r\n      <\/p>\r\n    <\/div>\r\n\r\n    <div class=\"bno-grid-3\">\r\n      <article class=\"bno-card\">\r\n        <h3>Bergwandelingen en uitzichtpunten<\/h3>\r\n        <p>\r\n  Het gebied biedt natuurbelevenissen waar meren, valleien en bergen samenkomen in vergezichten die zelfs korte wandelingen groots maken.\r\n        <\/p>\r\n      <\/article>\r\n\r\n      <article class=\"bno-card\">\r\n        <h3>Fjordervaringen en grote dagtochten<\/h3>\r\n        <p>\r\n  Queenstown is een natuurlijk startpunt voor avonturen die zich verder uitstrekken in de meest iconische landschappen van de regio, waaronder fjorden en dramatische natuurlijke contrasten.\r\n        <\/p>\r\n      <\/article>\r\n\r\n      <article class=\"bno-card\">\r\n        <h3>Avontuurlijke activiteiten<\/h3>\r\n        <p>\r\n  Voor wie snelheid en spanning zoekt, is Queenstown een van de beroemdste bestemmingen ter wereld. Het is gemakkelijk om je reis actiever en gedenkwaardiger te maken. \r\n        <\/p>\r\n      <\/article>\r\n\r\n      <article class=\"bno-card\">\r\n        <h3>Wijngebieden en kalmere contrasten<\/h3>\r\n        <p>\r\n  De prachtige omgeving van Queenstown biedt ook rustige wijn-, landschaps- en smaakervaringen om het tempo van je reis in balans te brengen.\r\n        <\/p>\r\n      <\/article>\r\n\r\n      <article class=\"bno-card\">\r\n        <h3>Ski\u00ebn en seizoensgebonden ervaringen<\/h3>\r\n        <p>\r\n  In het juiste seizoen kan Queenstown ook worden gebruikt als uitvalsbasis voor ski\u00ebn en alpiene activiteiten, wat de bestemming extra breedte en variatie geeft.\r\n        <\/p>\r\n      <\/article>\r\n\r\n      <article class=\"bno-card\">\r\n        <h3>Premium verblijven met de natuur dichtbij<\/h3>\r\n        <p>\r\n  Queenstown is zeer geschikt voor reizigers die goed willen leven en tegelijkertijd dicht bij het landschap willen zijn. Veel reizigers kiezen voor de combinatie van comfort en de kracht van de natuur. \r\n        <\/p>\r\n      <\/article>\r\n    <\/div>\r\n  <\/div>\r\n<\/section>\t\t\t\t<\/div>\n\t\t\t\t<div class=\"elementor-element elementor-element-aaf918a elementor-widget elementor-widget-html\" data-id=\"aaf918a\" data-element_type=\"widget\" data-e-type=\"widget\" data-widget_type=\"html.default\">\n\t\t\t\t\t<section class=\"bno-section bno-light\" id=\"queenstown-for-hvem\">\r\n  <div class=\"bno-container\">\r\n    <div class=\"bno-section-heading\">\r\n      <span class=\"bno-eyebrow\">Voor wie is de bestemming geschikt<\/span>\r\n      <h2>Voor reizigers die adembenemende natuur, bijzondere ervaringen en een reis met energie willen combineren<\/h2>\r\n      <p>\r\n  Queenstown is bijzonder geschikt voor diegenen die veel inhoud in hun reis willen, zonder in te boeten aan kwaliteit of sfeer.\r\n      <\/p>\r\n    <\/div>\r\n\r\n    <div class=\"bno-grid-4\">\r\n      <article class=\"bno-card bno-soft\">\r\n        <h3>Door<\/h3>\r\n        <p>\r\n  Perfect voor stellen die op zoek zijn naar uitzichten, geweldige overnachtingen, prachtige ritten en een reis die zowel romantisch als avontuurlijk aanvoelt.\r\n        <\/p>\r\n      <\/article>\r\n\r\n      <article class=\"bno-card bno-soft\">\r\n        <h3>Avontuurlijke reizigers<\/h3>\r\n        <p>\r\n  Voor degenen die hun reis willen vullen met activiteit, natuur en geweldige herinneringen, is Queenstown een bestemming die met kracht levert.\r\n        <\/p>\r\n      <\/article>\r\n\r\n      <article class=\"bno-card bno-soft\">\r\n        <h3>Vriendengroepen<\/h3>\r\n        <p>\r\n  Een sterke bestemming voor groepen die roadtrips, natuurervaringen, goede maaltijden en intensieve ervaringen willen combineren.\r\n        <\/p>\r\n      <\/article>\r\n\r\n      <article class=\"bno-card bno-soft\">\r\n        <h3>Roadtrip reizigers<\/h3>\r\n        <p>\r\n  Voor wie de weg een deel van het avontuur wil laten zijn, is Queenstown een ideale uitvalsbasis voor enkele van de mooiste autoritten in Nieuw-Zeeland.\r\n        <\/p>\r\n      <\/article>\r\n    <\/div>\r\n  <\/div>\r\n<\/section>\t\t\t\t<\/div>\n\t\t\t\t<div class=\"elementor-element elementor-element-7a702d7 elementor-widget elementor-widget-html\" data-id=\"7a702d7\" data-element_type=\"widget\" data-e-type=\"widget\" data-widget_type=\"html.default\">\n\t\t\t\t\t<section class=\"bno-section bno-dark bno-unique-signature\" id=\"queenstown-bno-unikt\">\r\n  <div class=\"bno-container\">\r\n    <div class=\"bno-grid-2 bno-align-center\">\r\n      <div>\r\n        <span class=\"bno-eyebrow\">BNO Reizen Uniek<\/span>\r\n        <h2>Queenstown is gekozen omdat sommige bestemmingen je de kracht van de natuur, een gevoel van leven en avontuur in \u00e9\u00e9n geven.<\/h2>\r\n      <\/div>\r\n      <div>\r\n        <p>\r\n  BNO Travel Unique draait om bestemmingen die groter aanvoelen dan de boeking zelf. Queenstown maakt deel uit van deze collectie omdat het landschap, energie en eersteklas ervaringen combineert op een manier die reizen zowel mooi als bruisend maakt. \r\n        <\/p>\r\n        <p>\r\n  Het gaat er niet alleen om er te komen, het gaat erom ergens te zijn waar je het gevoel hebt dicht bij iets groots te zijn - in de natuur, in het tempo en in de herinneringen die je meeneemt.\r\n        <\/p>\r\n      <\/div>\r\n    <\/div>\r\n  <\/div>\r\n<\/section>\t\t\t\t<\/div>\n\t\t\t\t\t<\/div>\n\t\t\t\t<\/div>\n\t\t<div class=\"elementor-element elementor-element-296717d e-flex e-con-boxed e-con e-parent\" data-id=\"296717d\" data-element_type=\"container\" data-e-type=\"container\">\n\t\t\t\t\t<div class=\"e-con-inner\">\n\t\t\t\t<div class=\"elementor-element elementor-element-6432ecd elementor-widget elementor-widget-html\" data-id=\"6432ecd\" data-element_type=\"widget\" data-e-type=\"widget\" data-widget_type=\"html.default\">\n\t\t\t\t\t<section class=\"bno-section bno-cta-section\" id=\"queenstown-cta\">\r\n  <div class=\"bno-container\">\r\n    <div class=\"bno-cta-box\">\r\n      <span class=\"bno-eyebrow\">Plan uw reis<\/span>\r\n      <h2>Klaar om Queenstown te ervaren?<\/h2>\r\n      <p>\r\n  We helpen je met vliegroutes, geweldige gateways, autohuur en een reisplan dat ruimte maakt voor natuur, comfort en geweldige ervaringen onderweg.\r\n      <\/p>\r\n      <div class=\"bno-button-row\">\r\n        <a href=\"#\" class=\"bno-btn bno-btn-primary\">Bekijk vluchtopties<\/a>\r\n        <a href=\"#\" class=\"bno-btn bno-btn-secondary\">Plan uw reis<\/a>\r\n        <a href=\"#\" class=\"bno-btn bno-btn-secondary\">Contact BNO Reizen<\/a>\r\n      <\/div>\r\n    <\/div>\r\n  <\/div>\r\n<\/section>\t\t\t\t<\/div>\n\t\t\t\t\t<\/div>\n\t\t\t\t<\/div>\n\t\t\t\t<\/div>\n\t\t","protected":false},"excerpt":{"rendered":"<p>Queenstown Een spectaculaire bestemming waar bergen, meren en avontuur een reis met zowel polsslag als uitzicht cre\u00ebren Queenstown is voor diegenen die natuurlijke schoonheid willen combineren met energie, comfort en gedenkwaardige ervaringen. Met het meer in het midden, bergen in elke richting en wegen die uitnodigen tot verdere ontdekking, is dit een bestemming die het [&hellip;]<\/p>\n","protected":false},"author":260013438,"featured_media":0,"parent":0,"menu_order":0,"comment_status":"closed","ping_status":"closed","template":"","meta":{"_crdt_document":"","footnotes":""},"class_list":["post-34839","page","type-page","status-publish","hentry"],"jetpack_likes_enabled":true,"jetpack_sharing_enabled":true,"jetpack_shortlink":"https:\/\/wp.me\/PgDuwj-93V","jetpack-related-posts":[{"id":34872,"url":"https:\/\/bno-travel.com\/nl\/lofoten\/","url_meta":{"origin":34839,"position":0},"title":"Lofoten","author":"Jan Terje \u00c5s","date":"10 april 2026","format":false,"excerpt":"Lofoten Een iconisch kustlandschap waar bergen, zee en licht een reis cre\u00ebren die aanvoelt als een mensenleven. Lofoten is voor diegenen die de Noorse natuur op zijn krachtigst, suggestiefst en gedenkwaardigst willen ervaren. Hier ontmoeten grillige bergen open zee\u00ebn, staan kleine vissersdorpjes dicht bij de krachten van de natuur en\u2026","rel":"","context":"Soortgelijk bericht","block_context":{"text":"Soortgelijk bericht","link":""},"img":{"alt_text":"","src":"","width":0,"height":0},"classes":[]},{"id":34828,"url":"https:\/\/bno-travel.com\/nl\/raja-ampat\/","url_meta":{"origin":34839,"position":1},"title":"Raja Ampat","author":"Jan Terje \u00c5s","date":"10 april 2026","format":false,"excerpt":"Raja Ampat Een zeldzame archipel waar de zee, stilte en natuur bijna onwerkelijk aanvoelen Raja Ampat is een van de meest exclusieve en ervaringsgerichte bestemmingen van BNO Travel Unique. Hier komen turquoise wateren, ongerepte eilanden, koraalriffen van wereldklasse en een zeldzaam gevoel van rust samen in een landschap dat meer\u2026","rel":"","context":"Soortgelijk bericht","block_context":{"text":"Soortgelijk bericht","link":""},"img":{"alt_text":"","src":"","width":0,"height":0},"classes":[]},{"id":2907,"url":"https:\/\/bno-travel.com\/nl\/waar-verblijven\/","url_meta":{"origin":34839,"position":2},"title":"Vakantie in Trysil &amp; S\u00e4len","author":"Jan Terje \u00c5s","date":"11 juli 2025","format":false,"excerpt":"Accommodatie in Trysil, S\u00e4len en Sunnm\u00f8re Vind het verblijf dat bij je reis past - van bergvakanties tot natuurbelevenissen dicht bij de fjorden BNO Travel biedt kwaliteitsgegarandeerde accommodatie in Trysil, S\u00e4len, Stranda, Strandafjellet, Hornindal en Fjells\u00e6tra. Hier vind je hutten, appartementen en verblijven die het gemakkelijker maken om comfort, activiteiten\u2026","rel":"","context":"Soortgelijk bericht","block_context":{"text":"Soortgelijk bericht","link":""},"img":{"alt_text":"","src":"","width":0,"height":0},"classes":[]},{"id":28324,"url":"https:\/\/bno-travel.com\/nl\/","url_meta":{"origin":34839,"position":3},"title":"Startpagina","author":"Jan Terje \u00c5s","date":"3 april 2026","format":false,"excerpt":"Plan je reis gemakkelijker met BNO Reizen Zoek accommodatie op geselecteerde bestemmingen, zoek naar vluchten voor reizen dichtbij en ver weg en boek een huurauto zodat je de vrijheid hebt om verder te gaan. Alles in \u00e9\u00e9n overzichtelijke en gebruiksvriendelijke oplossing. Zoek accommodatie Zoek vluchten Zoek autoverhuur Gemakkelijker selecteren. Beter\u2026","rel":"","context":"Soortgelijk bericht","block_context":{"text":"Soortgelijk bericht","link":""},"img":{"alt_text":"","src":"","width":0,"height":0},"classes":[]},{"id":28448,"url":"https:\/\/bno-travel.com\/nl\/elementor-28397\/","url_meta":{"origin":34839,"position":4},"title":"Elementor #28397","author":"Jan Terje \u00c5s","date":"4 april 2026","format":false,"excerpt":"Bestemming - Trysil Accommodatie in Trysil met toegang tot de gebieden die het meest geschikt zijn voor jouw reis Verken gebieden in Trysil zoals Trysil Turistsenter, Trysil Sentrum, Trysilfjell Hytteomr\u00e5de en Fager\u00e5sen \/ Trysil H\u00f8yfjellssenter - en vind een verblijf dat bij je reis past. Gebieden bekijken in Trysil Ontdek\u2026","rel":"","context":"Soortgelijk bericht","block_context":{"text":"Soortgelijk bericht","link":""},"img":{"alt_text":"","src":"","width":0,"height":0},"classes":[]},{"id":28664,"url":"https:\/\/bno-travel.com\/nl\/elementor-28637\/","url_meta":{"origin":34839,"position":5},"title":"Elementor #28637","author":"Jan Terje \u00c5s","date":"4 april 2026","format":false,"excerpt":"Bestemming - S\u00e4len Accommodatie in S\u00e4len met toegang tot de gebieden die het meest geschikt zijn voor je verblijf Verken gebieden in S\u00e4len zoals Lindvallen, Tand\u00e5dalen, H\u00f6gfj\u00e4llet en Hundfj\u00e4llet - en vind een verblijf met de juiste balans tussen locatie, natuur en activiteiten. Gebieden bekijken in S\u00e4len Ontdek S\u00e4len Vind\u2026","rel":"","context":"Soortgelijk bericht","block_context":{"text":"Soortgelijk bericht","link":""},"img":{"alt_text":"","src":"","width":0,"height":0},"classes":[]}],"_links":{"self":[{"href":"https:\/\/bno-travel.com\/nl\/wp-json\/wp\/v2\/pages\/34839","targetHints":{"allow":["GET"]}}],"collection":[{"href":"https:\/\/bno-travel.com\/nl\/wp-json\/wp\/v2\/pages"}],"about":[{"href":"https:\/\/bno-travel.com\/nl\/wp-json\/wp\/v2\/types\/page"}],"author":[{"embeddable":true,"href":"https:\/\/bno-travel.com\/nl\/wp-json\/wp\/v2\/users\/260013438"}],"replies":[{"embeddable":true,"href":"https:\/\/bno-travel.com\/nl\/wp-json\/wp\/v2\/comments?post=34839"}],"version-history":[{"count":1,"href":"https:\/\/bno-travel.com\/nl\/wp-json\/wp\/v2\/pages\/34839\/revisions"}],"predecessor-version":[{"id":34842,"href":"https:\/\/bno-travel.com\/nl\/wp-json\/wp\/v2\/pages\/34839\/revisions\/34842"}],"wp:attachment":[{"href":"https:\/\/bno-travel.com\/nl\/wp-json\/wp\/v2\/media?parent=34839"}],"curies":[{"name":"wp","href":"https:\/\/api.w.org\/{rel}","templated":true}]}}