{"id":3869,"date":"2025-07-18T20:45:06","date_gmt":"2025-07-18T18:45:06","guid":{"rendered":"https:\/\/bno-travel.com\/?page_id=3869"},"modified":"2025-07-18T20:45:32","modified_gmt":"2025-07-18T18:45:32","slug":"restaurants-in-salen","status":"publish","type":"page","link":"https:\/\/bno-travel.com\/nl\/restaurants-in-salen\/","title":{"rendered":"Restaurants in S\u00e4len"},"content":{"rendered":"\n<p class=\"wp-block-paragraph\"><\/p>\n\n<div class=\"wp-block-cover alignfull\" style=\"margin-top:0;margin-bottom:0;padding-top:var(--wp--preset--spacing--20);padding-right:var(--wp--preset--spacing--40);padding-bottom:var(--wp--preset--spacing--20);padding-left:var(--wp--preset--spacing--40);min-height:925px;aspect-ratio:unset;\"><img data-recalc-dims=\"1\" fetchpriority=\"high\" decoding=\"async\" width=\"800\" height=\"533\" class=\"wp-block-cover__image-background wp-image-3739 size-full\" alt=\"Restauranter i S\u00e4len\" src=\"https:\/\/i0.wp.com\/bno-travel.com\/wp-content\/uploads\/2025\/07\/AdobeStock_206047084.jpeg?resize=800%2C533&#038;ssl=1\" data-object-fit=\"cover\" srcset=\"https:\/\/i0.wp.com\/bno-travel.com\/wp-content\/uploads\/2025\/07\/AdobeStock_206047084.jpeg?w=5640&amp;ssl=1 5640w, https:\/\/i0.wp.com\/bno-travel.com\/wp-content\/uploads\/2025\/07\/AdobeStock_206047084.jpeg?resize=300%2C200&amp;ssl=1 300w, https:\/\/i0.wp.com\/bno-travel.com\/wp-content\/uploads\/2025\/07\/AdobeStock_206047084.jpeg?resize=1024%2C683&amp;ssl=1 1024w, https:\/\/i0.wp.com\/bno-travel.com\/wp-content\/uploads\/2025\/07\/AdobeStock_206047084.jpeg?resize=768%2C512&amp;ssl=1 768w, https:\/\/i0.wp.com\/bno-travel.com\/wp-content\/uploads\/2025\/07\/AdobeStock_206047084.jpeg?resize=1536%2C1024&amp;ssl=1 1536w, https:\/\/i0.wp.com\/bno-travel.com\/wp-content\/uploads\/2025\/07\/AdobeStock_206047084.jpeg?resize=2048%2C1365&amp;ssl=1 2048w, https:\/\/i0.wp.com\/bno-travel.com\/wp-content\/uploads\/2025\/07\/AdobeStock_206047084.jpeg?w=1600&amp;ssl=1 1600w, https:\/\/i0.wp.com\/bno-travel.com\/wp-content\/uploads\/2025\/07\/AdobeStock_206047084.jpeg?w=2400&amp;ssl=1 2400w\" sizes=\"(max-width: 800px) 100vw, 800px\" \/><span aria-hidden=\"true\" class=\"wp-block-cover__background has-theme-1-background-color has-background-dim-30 has-background-dim\"><\/span><div class=\"wp-block-cover__inner-container is-layout-flow wp-block-cover-is-layout-flow\">\n<p class=\"wp-block-paragraph\"><\/p>\n\n\n\n<p class=\"wp-block-paragraph\"><\/p>\n\n\n\n<div style=\"height:117px\" aria-hidden=\"true\" class=\"wp-block-spacer\"><\/div>\n\n\n\n<div style=\"height:var(--wp--preset--spacing--50)\" aria-hidden=\"true\" class=\"wp-block-spacer\"><\/div>\n<\/div><\/div>\n\n<div class=\"wp-block-group alignfull is-style-section-3 is-layout-constrained wp-block-group-is-layout-constrained\" style=\"margin-top:0;margin-bottom:0;padding-top:var(--wp--preset--spacing--40);padding-bottom:var(--wp--preset--spacing--40)\">\n<div class=\"wp-block-columns alignwide are-vertically-aligned-center is-layout-flex wp-container-core-columns-is-layout-d9ad523d wp-block-columns-is-layout-flex\">\n<div class=\"wp-block-column is-vertically-aligned-center is-layout-flow wp-block-column-is-layout-flow\">\n<figure class=\"wp-block-image size-full\"><img data-recalc-dims=\"1\" decoding=\"async\" width=\"800\" height=\"533\" src=\"https:\/\/i0.wp.com\/bno-travel.com\/wp-content\/uploads\/2025\/07\/AdobeStock_206047084.jpeg?resize=800%2C533&#038;ssl=1\" alt=\"Restaurants in S&#xE4;len\" class=\"wp-image-3739\" style=\"aspect-ratio:3\/4;object-fit:cover\" title=\"titel\" srcset=\"https:\/\/i0.wp.com\/bno-travel.com\/wp-content\/uploads\/2025\/07\/AdobeStock_206047084.jpeg?w=5640&amp;ssl=1 5640w, https:\/\/i0.wp.com\/bno-travel.com\/wp-content\/uploads\/2025\/07\/AdobeStock_206047084.jpeg?resize=300%2C200&amp;ssl=1 300w, https:\/\/i0.wp.com\/bno-travel.com\/wp-content\/uploads\/2025\/07\/AdobeStock_206047084.jpeg?resize=1024%2C683&amp;ssl=1 1024w, https:\/\/i0.wp.com\/bno-travel.com\/wp-content\/uploads\/2025\/07\/AdobeStock_206047084.jpeg?resize=768%2C512&amp;ssl=1 768w, https:\/\/i0.wp.com\/bno-travel.com\/wp-content\/uploads\/2025\/07\/AdobeStock_206047084.jpeg?resize=1536%2C1024&amp;ssl=1 1536w, https:\/\/i0.wp.com\/bno-travel.com\/wp-content\/uploads\/2025\/07\/AdobeStock_206047084.jpeg?resize=2048%2C1365&amp;ssl=1 2048w, https:\/\/i0.wp.com\/bno-travel.com\/wp-content\/uploads\/2025\/07\/AdobeStock_206047084.jpeg?w=1600&amp;ssl=1 1600w, https:\/\/i0.wp.com\/bno-travel.com\/wp-content\/uploads\/2025\/07\/AdobeStock_206047084.jpeg?w=2400&amp;ssl=1 2400w\" sizes=\"(max-width: 800px) 100vw, 800px\" \/><\/figure>\n<\/div>\n\n\n\n<div class=\"wp-block-column is-vertically-aligned-center is-content-justification-left is-layout-constrained wp-container-core-column-is-layout-b64f6bf5 wp-block-column-is-layout-constrained\">\n<p class=\"wp-block-paragraph\"><\/p>\n\n\n\n<h2 class=\"wp-block-heading\"><strong>Restaurants in S\u00e4len - Smakelijke ervaringen het hele jaar door<\/strong><\/h2>\n\n\n\n<p class=\"wp-block-paragraph\">S\u00e4len staat bekend om zijn fantastische ski- en fietsmogelijkheden, maar de bestemming biedt ook een gevarieerd en smakelijk aanbod aan <strong>restaurants, caf\u00e9s en eetgelegenheden<\/strong> - het hele jaar door. Of je S\u00e4len nu in de winter of in de zomer bezoekt, je vindt er altijd wel iets dat bij je smaak en gelegenheid past. Van bergrestaurants met uitzicht tot bakkerijen, apr\u00e8s-ski en gourmetten, er zijn eetervaringen om je vakantie compleet te maken.  <\/p>\n\n\n\n<p class=\"wp-block-paragraph\">We geven je een overzicht van populaire eetgelegenheden in <strong>Lindvallen, H\u00f6gfj\u00e4llet, Tand\u00e5dalen en het centrum van S\u00e4len<\/strong>.<\/p>\n\n\n\n<p class=\"wp-block-paragraph\"><strong>Restaurants in Lindvallen<\/strong><\/p>\n\n\n\n<p class=\"wp-block-paragraph\">Lindvallen is het hart van veel bedrijvigheid in S\u00e4len en hier vind je een breed scala aan restaurants - van eenvoudige maaltijden tot exclusieve gerechten.<\/p>\n\n\n\n<p class=\"wp-block-paragraph\"><strong>Lammet &amp; Grisen:<\/strong> Een <a href=\"https:\/\/www.lammet.nu\/salen\" target=\"_blank\" rel=\"noopener\">iconisch bergrestaurant<\/a> met een focus op kwaliteit, grote smaken en heel gegrild vlees. Perfect voor speciale gelegenheden. <br\/><strong>Majkens Sylta:<\/strong> Een gezellig en modern eetcaf\u00e9 met inspiratie uit de Zweedse thuiskeuken en internationale klassiekers.<\/p>\n\n\n\n<p class=\"wp-block-paragraph\"><strong>Pinchos S\u00e4len - Een andere restaurantervaring in de bergen<\/strong><\/p>\n\n\n\n<p class=\"wp-block-paragraph\"><a href=\"https:\/\/www.pinchos.se\/restaurant\/se-salen-salfjallstorget\" target=\"_blank\" rel=\"noopener\">Pinchos in S\u00e4len<\/a> biedt een unieke en gezellige eetervaring met kleine gerechten uit de hele wereld - allemaal gemakkelijk te bestellen via de app. Hier kun je genieten van alles van tapas en sliders tot dumplings en mini-dessert, in een kleurrijke en informele sfeer die geschikt is voor gezinnen, vriendengroepen en stelletjes. Het restaurant is centraal gelegen in Lindvallen en is zowel in de winter als in de zomer een populaire keuze.  <br\/><\/p>\n\n\n\n<p class=\"wp-block-paragraph\"><\/p>\n\n\n\n<p class=\"wp-block-paragraph\"><\/p>\n<\/div>\n<\/div>\n<\/div>\n\n<div class=\"wp-block-group alignfull is-style-default is-content-justification-center is-layout-constrained wp-container-core-group-is-layout-69af11d0 wp-block-group-is-layout-constrained\" style=\"margin-top:0;margin-bottom:0;padding-top:var(--wp--preset--spacing--40);padding-bottom:var(--wp--preset--spacing--40)\">\n<div class=\"wp-block-group alignwide is-content-justification-left is-layout-constrained wp-container-core-group-is-layout-54d22900 wp-block-group-is-layout-constrained\">\n<p class=\"wp-block-paragraph\"><strong>Eetgelegenheden in H\u00f6gfj\u00e4llet<\/strong><\/p>\n\n\n\n<p class=\"wp-block-paragraph\">H\u00f6gfj\u00e4llet heeft een rustigere sfeer en staat bekend om zijn traditionele bergrestaurants en goede lunchplekken.<\/p>\n\n\n\n<p class=\"wp-block-paragraph\"><strong>Fj\u00e4llis:<\/strong> Gelegen direct naast de skipiste - perfect voor een pauze met warm eten, gebak of een kopje koffie.<br\/><strong>Gammelg\u00e5rden:<\/strong> Een historische bergboerderij die Zweeds eten serveert met de nadruk op traditie en lokale producten. Zowel in de winter als in de zomer een sfeervolle ervaring. <\/p>\n<\/div>\n<\/div>\n\n<div class=\"wp-block-group alignfull is-content-justification-center is-layout-constrained wp-block-group-is-layout-constrained\" style=\"margin-top:0;margin-bottom:0;padding-top:var(--wp--preset--spacing--40);padding-bottom:var(--wp--preset--spacing--40)\">\n<div class=\"wp-block-columns alignwide are-vertically-aligned-center is-layout-flex wp-container-core-columns-is-layout-7387b849 wp-block-columns-is-layout-flex\">\n<div class=\"wp-block-column is-vertically-aligned-center is-content-justification-left is-layout-constrained wp-container-core-column-is-layout-b64f6bf5 wp-block-column-is-layout-constrained\">\n<p class=\"wp-block-paragraph\"><strong>Restaurants in Tand\u00e5dalen en Hundfj\u00e4llet<\/strong><\/p>\n\n\n\n<p class=\"wp-block-paragraph\">Tand\u00e5dalen en Hundfj\u00e4llet staan bekend om hun skigebieden, maar bieden ook veel goede eetgelegenheden.<\/p>\n\n\n\n<p class=\"wp-block-paragraph\"><strong>O&#8217;Learys Tand\u00e5dalen:<\/strong> Sport en eten in \u00e9\u00e9n - klassiek menu met hamburgers, barbecue en een gezellige sfeer.<br\/><strong>Lyktan Tand\u00e5dalen:<\/strong> Een bergrestaurant met huisgemaakt eten, pizzamenu en apr\u00e8s-ski in de winter.<\/p>\n\n\n\n<p class=\"wp-block-paragraph\"><strong>Eetgelegenheden in het centrum van S\u00e4len<\/strong><\/p>\n\n\n\n<p class=\"wp-block-paragraph\">Het centrum van S\u00e4len is een natuurlijke stop om te winkelen en de dagelijkse boodschappen te doen - en een geweldige plek voor een maaltijd op een lager tempo.<\/p>\n\n\n\n<p class=\"wp-block-paragraph\"><strong>De Italiaan - S\u00e4len:<\/strong> Een populair Italiaans restaurant gespecialiseerd in pizza, pasta en antipasti - populair bij zowel toeristen als de plaatselijke bevolking.<br\/><strong>Caf\u00e9 Lima:<\/strong> Perfect voor koffie, gebak en een lichte lunch in een gezellige omgeving.<\/p>\n\n\n\n<p class=\"wp-block-paragraph\"><strong>S\u00e4len - voor eetervaringen het hele jaar door<\/strong><\/p>\n\n\n\n<p class=\"wp-block-paragraph\"><\/p>\n\n\n\n<p class=\"wp-block-paragraph\"><\/p>\n<\/div>\n\n\n\n<div class=\"wp-block-column is-vertically-aligned-center is-layout-flow wp-block-column-is-layout-flow\">\n<figure class=\"wp-block-image size-full\"><img data-recalc-dims=\"1\" decoding=\"async\" width=\"799\" height=\"582\" src=\"https:\/\/i0.wp.com\/bno-travel.com\/wp-content\/uploads\/2025\/07\/52200124434_fe05c58713_c.jpg?resize=799%2C582&#038;ssl=1\" alt=\"Restaurants in Trysil\" class=\"wp-image-3406\" style=\"aspect-ratio:3\/4;object-fit:cover\" srcset=\"https:\/\/i0.wp.com\/bno-travel.com\/wp-content\/uploads\/2025\/07\/52200124434_fe05c58713_c.jpg?w=799&amp;ssl=1 799w, https:\/\/i0.wp.com\/bno-travel.com\/wp-content\/uploads\/2025\/07\/52200124434_fe05c58713_c.jpg?resize=300%2C219&amp;ssl=1 300w, https:\/\/i0.wp.com\/bno-travel.com\/wp-content\/uploads\/2025\/07\/52200124434_fe05c58713_c.jpg?resize=768%2C559&amp;ssl=1 768w\" sizes=\"(max-width: 799px) 100vw, 799px\" \/><\/figure>\n<\/div>\n<\/div>\n<\/div>\n\n<div class=\"wp-block-group alignfull is-style-default is-content-justification-center is-layout-constrained wp-container-core-group-is-layout-69af11d0 wp-block-group-is-layout-constrained\" style=\"margin-top:0;margin-bottom:0;padding-top:var(--wp--preset--spacing--40);padding-bottom:var(--wp--preset--spacing--40)\">\n<div class=\"wp-block-group alignfull is-content-justification-center is-layout-constrained wp-container-core-group-is-layout-4853c3a7 wp-block-group-is-layout-constrained\" style=\"margin-top:0;margin-bottom:0;padding-top:calc( 0.5 * var(u002du002dwpu002du002dstyleu002du002drootu002du002dpadding-right, var(u002du002dwpu002du002dcustomu002du002dgapu002du002dhorizontal)));padding-right:var(u002du002dwpu002du002dstyleu002du002drootu002du002dpadding-right, var(u002du002dwpu002du002dcustomu002du002dgapu002du002dhorizontal));padding-bottom:calc( 0.5 * var(u002du002dwpu002du002dstyleu002du002drootu002du002dpadding-right, var(u002du002dwpu002du002dcustomu002du002dgapu002du002dhorizontal)));padding-left:var(u002du002dwpu002du002dstyleu002du002drootu002du002dpadding-left, var(u002du002dwpu002du002dcustomu002du002dgapu002du002dhorizontal))\">\n<div style=\"height:calc( 0.25 * var(u002du002dwpu002du002dstyleu002du002drootu002du002dpadding-right, var(u002du002dwpu002du002dcustomu002du002dgapu002du002dhorizontal)))\" aria-hidden=\"true\" class=\"wp-block-spacer\"><\/div>\n\n\n\n<div class=\"wp-block-columns alignwide is-layout-flex wp-container-core-columns-is-layout-7387b849 wp-block-columns-is-layout-flex\">\n<div class=\"wp-block-column is-vertically-aligned-center is-layout-flow wp-block-column-is-layout-flow\">\n<figure class=\"wp-block-image size-full\"><img data-recalc-dims=\"1\" loading=\"lazy\" decoding=\"async\" width=\"800\" height=\"616\" src=\"https:\/\/i0.wp.com\/bno-travel.com\/wp-content\/uploads\/2025\/07\/52199845033_2c000ed2d7_c.jpg?resize=800%2C616&#038;ssl=1\" alt=\"Skistar Logde Trysil\" class=\"wp-image-3419\" style=\"aspect-ratio:3\/4;object-fit:cover\" srcset=\"https:\/\/i0.wp.com\/bno-travel.com\/wp-content\/uploads\/2025\/07\/52199845033_2c000ed2d7_c.jpg?w=800&amp;ssl=1 800w, https:\/\/i0.wp.com\/bno-travel.com\/wp-content\/uploads\/2025\/07\/52199845033_2c000ed2d7_c.jpg?resize=300%2C231&amp;ssl=1 300w, https:\/\/i0.wp.com\/bno-travel.com\/wp-content\/uploads\/2025\/07\/52199845033_2c000ed2d7_c.jpg?resize=768%2C591&amp;ssl=1 768w\" sizes=\"(max-width: 800px) 100vw, 800px\" \/><\/figure>\n<\/div>\n\n\n\n<div class=\"wp-block-column is-vertically-aligned-center is-layout-flow wp-block-column-is-layout-flow\">\n<p class=\"has-text-align-left wp-block-paragraph\">S\u00e4len combineert <strong>bergnatuur en -activiteit met geweldige eetervaringen<\/strong>, zodat je kunt genieten van zowel lokaal geproduceerde ingredi\u00ebnten als de internationale keuken - in een omgeving die de maaltijd onderdeel van de ervaring maakt.<\/p>\n\n\n\n<p class=\"has-text-align-left wp-block-paragraph\"><strong>Niet-alpiene activiteiten - zomer en winter in S\u00e4len<\/strong><\/p>\n\n\n\n<p class=\"wp-block-paragraph\">S\u00e4len is veel meer dan alleen een alpine centrum - er zijn activiteiten voor het hele gezin, het hele jaar door. Of je het gebied nu in de winter of in de zomermaanden bezoekt, S\u00e4len biedt ervaringen voor jong en oud. <\/p>\n\n\n\n<p class=\"wp-block-paragraph\"><strong>In de winter kun je het volgende ervaren:<\/strong><\/p>\n\n\n\n<p class=\"wp-block-paragraph\">Meer dan 250 km langlaufloipes in een prachtig berglandschap<br\/>Hondenslee\u00ebn, sneeuwschoenwandelen en sneeuwscooteren<br\/>Slee\u00ebn, speeltuinen en kinderactiviteiten op de pistes<br\/>Afterski en spa in geselecteerde hotels en hutten<\/p>\n\n\n\n<p class=\"wp-block-paragraph\"><strong>In de zomer kun je op ontdekkingstocht:<\/strong><\/p>\n\n\n\n<p class=\"wp-block-paragraph\">S\u00e4len Bike Park en natuurlijke fietspaden voor het hele gezin<br\/>Wandelen in hooggebergte en bossen, met bewegwijzerde routes en uitzichtpunten<br\/>Golfen, vissen en peddelen in rivieren en meren<br\/>Klimpark, minigolf en leuke activiteiten voor kinderen<\/p>\n\n\n\n<p class=\"wp-block-paragraph\"><strong>Overnachtingen met BNO TRAVEL<\/strong><\/p>\n\n\n\n<p class=\"wp-block-paragraph\"><a href=\"https:\/\/bno-travel.com\/nl\/?page_id=2866\">BNO TRAVEL biedt een breed scala aan accommodaties<\/a> in S\u00e4len - van moderne appartementen en hutten met ski-in\/ski-out tot rustigere berghutten met uitzicht en dicht bij de natuur. Kies uit populaire gebieden zoals <strong>Lindvallen, H\u00f6gfj\u00e4llet, Tand\u00e5dalen en het centrum van S\u00e4len<\/strong> - allemaal met gemakkelijke toegang tot activiteiten en restaurants. <\/p>\n\n\n\n<p class=\"wp-block-paragraph\">We helpen je de oplossing te vinden die het beste bij je past - of je nu alleen reist, met z&#8217;n twee\u00ebn, met je gezin of in een groep.<\/p>\n\n\n\n<p class=\"wp-block-paragraph\"><strong>Laat BNO TRAVEL je verblijf in S\u00e4len gemakkelijk, comfortabel en vol belevenissen maken - het hele jaar door.<\/strong><\/p>\n<\/div>\n<\/div>\n\n\n\n<div style=\"height:calc( 0.25 * var(u002du002dwpu002du002dstyleu002du002drootu002du002dpadding-right, var(u002du002dwpu002du002dcustomu002du002dgapu002du002dhorizontal)))\" aria-hidden=\"true\" class=\"wp-block-spacer\"><\/div>\n<\/div>\n<\/div>\n\n<div class=\"wp-block-group alignfull is-style-default is-content-justification-center is-layout-constrained wp-container-core-group-is-layout-cdf99998 wp-block-group-is-layout-constrained\" style=\"margin-top:0;margin-bottom:0;padding-top:var(--wp--preset--spacing--40);padding-bottom:var(--wp--preset--spacing--40)\"><\/div>\n\n<p class=\"wp-block-paragraph\"><\/p>\n","protected":false},"excerpt":{"rendered":"<p>Restaurants in S\u00e4len - Smakelijke ervaringen het hele jaar door S\u00e4len staat bekend om zijn fantastische ski- en fietsmogelijkheden, maar de bestemming biedt ook een gevarieerd en smakelijk aanbod aan restaurants, caf\u00e9s en eetgelegenheden - het hele jaar door. Of je S\u00e4len nu in de winter of in de zomer bezoekt, je vindt er altijd [&hellip;]<\/p>\n","protected":false},"author":260013438,"featured_media":0,"parent":0,"menu_order":0,"comment_status":"closed","ping_status":"closed","template":"","meta":{"_crdt_document":"","footnotes":""},"class_list":["post-3869","page","type-page","status-publish","hentry"],"jetpack_likes_enabled":true,"jetpack_sharing_enabled":true,"jetpack_shortlink":"https:\/\/wp.me\/PgDuwj-10p","jetpack-related-posts":[{"id":3955,"url":"https:\/\/bno-travel.com\/en\/restaurants-in-salen\/","url_meta":{"origin":3869,"position":0},"title":"Restaurants in S\u00e4len","author":"Jan Terje \u00c5s","date":"18 juli 2025","format":false,"excerpt":"","rel":"","context":"Soortgelijk bericht","block_context":{"text":"Soortgelijk bericht","link":""},"img":{"alt_text":"","src":"","width":0,"height":0},"classes":[]},{"id":3891,"url":"https:\/\/bno-travel.com\/de\/restaurants-in-salen\/","url_meta":{"origin":3869,"position":1},"title":"Restaurants in S\u00e4len","author":"Jan Terje \u00c5s","date":"18 juli 2025","format":false,"excerpt":"Restaurants in S\u00e4len - Geschmackserlebnisse das ganze Jahr \u00fcber S\u00e4len ist bekannt f\u00fcr seine fantastischen Ski- und Radfahrm\u00f6glichkeiten, aber das Reiseziel bietet auch eine abwechslungsreiche und schmackhafte Auswahl an Restaurants, Caf\u00e9s und Speisegastst\u00e4tten - das ganze Jahr \u00fcber. Ganz gleich, ob Sie S\u00e4len im Winter oder im Sommer besuchen, Sie\u2026","rel":"","context":"Soortgelijk bericht","block_context":{"text":"Soortgelijk bericht","link":""},"img":{"alt_text":"Restauranter i S\u00e4len","src":"https:\/\/i0.wp.com\/bno-travel.com\/wp-content\/uploads\/2025\/07\/AdobeStock_206047084.jpeg?resize=350%2C200&ssl=1","width":350,"height":200,"srcset":"https:\/\/i0.wp.com\/bno-travel.com\/wp-content\/uploads\/2025\/07\/AdobeStock_206047084.jpeg?resize=350%2C200&ssl=1 1x, https:\/\/i0.wp.com\/bno-travel.com\/wp-content\/uploads\/2025\/07\/AdobeStock_206047084.jpeg?resize=525%2C300&ssl=1 1.5x, https:\/\/i0.wp.com\/bno-travel.com\/wp-content\/uploads\/2025\/07\/AdobeStock_206047084.jpeg?resize=700%2C400&ssl=1 2x, https:\/\/i0.wp.com\/bno-travel.com\/wp-content\/uploads\/2025\/07\/AdobeStock_206047084.jpeg?resize=1050%2C600&ssl=1 3x, https:\/\/i0.wp.com\/bno-travel.com\/wp-content\/uploads\/2025\/07\/AdobeStock_206047084.jpeg?resize=1400%2C800&ssl=1 4x"},"classes":[]},{"id":3871,"url":"https:\/\/bno-travel.com\/fr\/restaurants-a-salen\/","url_meta":{"origin":3869,"position":2},"title":"Restaurants \u00e0 S\u00e4len","author":"Jan Terje \u00c5s","date":"18 juli 2025","format":false,"excerpt":"Restaurants \u00e0 S\u00e4len - Des exp\u00e9riences savoureuses tout au long de l'ann\u00e9e S\u00e4len est connue pour ses fantastiques possibilit\u00e9s de ski et de cyclisme, mais la destination offre \u00e9galement une s\u00e9lection vari\u00e9e et savoureuse de restaurants, de caf\u00e9s et d'\u00e9tablissements de restauration - tout au long de l'ann\u00e9e. Que vous\u2026","rel":"","context":"Soortgelijk bericht","block_context":{"text":"Soortgelijk bericht","link":""},"img":{"alt_text":"Restauranter i S\u00e4len","src":"https:\/\/i0.wp.com\/bno-travel.com\/wp-content\/uploads\/2025\/07\/AdobeStock_206047084.jpeg?resize=350%2C200&ssl=1","width":350,"height":200,"srcset":"https:\/\/i0.wp.com\/bno-travel.com\/wp-content\/uploads\/2025\/07\/AdobeStock_206047084.jpeg?resize=350%2C200&ssl=1 1x, https:\/\/i0.wp.com\/bno-travel.com\/wp-content\/uploads\/2025\/07\/AdobeStock_206047084.jpeg?resize=525%2C300&ssl=1 1.5x, https:\/\/i0.wp.com\/bno-travel.com\/wp-content\/uploads\/2025\/07\/AdobeStock_206047084.jpeg?resize=700%2C400&ssl=1 2x, https:\/\/i0.wp.com\/bno-travel.com\/wp-content\/uploads\/2025\/07\/AdobeStock_206047084.jpeg?resize=1050%2C600&ssl=1 3x, https:\/\/i0.wp.com\/bno-travel.com\/wp-content\/uploads\/2025\/07\/AdobeStock_206047084.jpeg?resize=1400%2C800&ssl=1 4x"},"classes":[]},{"id":2866,"url":"https:\/\/bno-travel.com\/nl\/salenfjellet\/","url_meta":{"origin":3869,"position":3},"title":"S\u00e4lenfjellet","author":"Jan Terje \u00c5s","date":"30 september 2025","format":false,"excerpt":". Lindvallen, H\u00f6gfj\u00e4llet en Tand\u00e5dalen Welkom bij besneeuwde avonturen en een ontspannen huttenleven in S\u00e4len!Met BNO TRAVEL kun je comfortabel verblijven in het hart van S\u00e4lenfjellet - dicht bij Lindvallen, H\u00f6gfj\u00e4llet en Tand\u00e5dalen. Het gebied staat bekend om zijn brede aanbod aan alpine pistes, gezinsvriendelijke sfeer en uitstekende langlaufomstandigheden. Onze\u2026","rel":"","context":"Soortgelijk bericht","block_context":{"text":"Soortgelijk bericht","link":""},"img":{"alt_text":"overnatting i salen","src":"https:\/\/i0.wp.com\/bno-travel.com\/wp-content\/uploads\/2025\/06\/AdobeStock_121113275-e1751307052527.jpeg?resize=350%2C200&ssl=1","width":350,"height":200,"srcset":"https:\/\/i0.wp.com\/bno-travel.com\/wp-content\/uploads\/2025\/06\/AdobeStock_121113275-e1751307052527.jpeg?resize=350%2C200&ssl=1 1x, https:\/\/i0.wp.com\/bno-travel.com\/wp-content\/uploads\/2025\/06\/AdobeStock_121113275-e1751307052527.jpeg?resize=525%2C300&ssl=1 1.5x, https:\/\/i0.wp.com\/bno-travel.com\/wp-content\/uploads\/2025\/06\/AdobeStock_121113275-e1751307052527.jpeg?resize=700%2C400&ssl=1 2x, https:\/\/i0.wp.com\/bno-travel.com\/wp-content\/uploads\/2025\/06\/AdobeStock_121113275-e1751307052527.jpeg?resize=1050%2C600&ssl=1 3x, https:\/\/i0.wp.com\/bno-travel.com\/wp-content\/uploads\/2025\/06\/AdobeStock_121113275-e1751307052527.jpeg?resize=1400%2C800&ssl=1 4x"},"classes":[]},{"id":2885,"url":"https:\/\/bno-travel.com\/de\/salenfjellet\/","url_meta":{"origin":3869,"position":4},"title":"S\u00e4lenfjellet","author":"Jan Terje \u00c5s","date":"30 september 2025","format":false,"excerpt":". Lindvallen, H\u00f6gfj\u00e4llet und Tand\u00e5dalen Willkommen zu verschneiten Abenteuern und entspanntem H\u00fcttenleben in S\u00e4len!Mit BNO TRAVEL wohnen Sie bequem im Herzen des S\u00e4lenfjellet - in der N\u00e4he von Lindvallen, H\u00f6gfj\u00e4llet und Tand\u00e5dalen. Die Gegend ist bekannt f\u00fcr ihr gro\u00dfes Angebot an alpinen Pisten, die familienfreundliche Atmosph\u00e4re und die hervorragenden Langlaufbedingungen.\u2026","rel":"","context":"Soortgelijk bericht","block_context":{"text":"Soortgelijk bericht","link":""},"img":{"alt_text":"overnatting i salen","src":"https:\/\/i0.wp.com\/bno-travel.com\/wp-content\/uploads\/2025\/06\/AdobeStock_121113275-e1751307052527.jpeg?resize=350%2C200&ssl=1","width":350,"height":200,"srcset":"https:\/\/i0.wp.com\/bno-travel.com\/wp-content\/uploads\/2025\/06\/AdobeStock_121113275-e1751307052527.jpeg?resize=350%2C200&ssl=1 1x, https:\/\/i0.wp.com\/bno-travel.com\/wp-content\/uploads\/2025\/06\/AdobeStock_121113275-e1751307052527.jpeg?resize=525%2C300&ssl=1 1.5x, https:\/\/i0.wp.com\/bno-travel.com\/wp-content\/uploads\/2025\/06\/AdobeStock_121113275-e1751307052527.jpeg?resize=700%2C400&ssl=1 2x, https:\/\/i0.wp.com\/bno-travel.com\/wp-content\/uploads\/2025\/06\/AdobeStock_121113275-e1751307052527.jpeg?resize=1050%2C600&ssl=1 3x, https:\/\/i0.wp.com\/bno-travel.com\/wp-content\/uploads\/2025\/06\/AdobeStock_121113275-e1751307052527.jpeg?resize=1400%2C800&ssl=1 4x"},"classes":[]},{"id":4256,"url":"https:\/\/bno-travel.com\/en\/alpine-skiing-in-salen\/","url_meta":{"origin":3869,"position":5},"title":"Alpine skiing in S\u00e4len","author":"Jan Terje \u00c5s","date":"18 juli 2025","format":false,"excerpt":"Alpine skiing in S\u00e4len - Explore Sweden's most complete ski destination Welcome to S\u00e4len, one of Sweden's most popular alpine res orts - perfect for both families with children and experienced skiers! With several mountains and ski resorts such as Lindvallen, H\u00f6gfj\u00e4llet, Tand\u00e5dalen and Hundfj\u00e4llet, S\u00e4len offers varied slopes, modern\u2026","rel":"","context":"Soortgelijk bericht","block_context":{"text":"Soortgelijk bericht","link":""},"img":{"alt_text":"Alpint i S\u00e4len","src":"https:\/\/i0.wp.com\/bno-travel.com\/wp-content\/uploads\/2025\/06\/JAP7037.jpg?resize=350%2C200&ssl=1","width":350,"height":200,"srcset":"https:\/\/i0.wp.com\/bno-travel.com\/wp-content\/uploads\/2025\/06\/JAP7037.jpg?resize=350%2C200&ssl=1 1x, https:\/\/i0.wp.com\/bno-travel.com\/wp-content\/uploads\/2025\/06\/JAP7037.jpg?resize=525%2C300&ssl=1 1.5x, https:\/\/i0.wp.com\/bno-travel.com\/wp-content\/uploads\/2025\/06\/JAP7037.jpg?resize=700%2C400&ssl=1 2x, https:\/\/i0.wp.com\/bno-travel.com\/wp-content\/uploads\/2025\/06\/JAP7037.jpg?resize=1050%2C600&ssl=1 3x, https:\/\/i0.wp.com\/bno-travel.com\/wp-content\/uploads\/2025\/06\/JAP7037.jpg?resize=1400%2C800&ssl=1 4x"},"classes":[]}],"_links":{"self":[{"href":"https:\/\/bno-travel.com\/nl\/wp-json\/wp\/v2\/pages\/3869","targetHints":{"allow":["GET"]}}],"collection":[{"href":"https:\/\/bno-travel.com\/nl\/wp-json\/wp\/v2\/pages"}],"about":[{"href":"https:\/\/bno-travel.com\/nl\/wp-json\/wp\/v2\/types\/page"}],"author":[{"embeddable":true,"href":"https:\/\/bno-travel.com\/nl\/wp-json\/wp\/v2\/users\/260013438"}],"replies":[{"embeddable":true,"href":"https:\/\/bno-travel.com\/nl\/wp-json\/wp\/v2\/comments?post=3869"}],"version-history":[{"count":2,"href":"https:\/\/bno-travel.com\/nl\/wp-json\/wp\/v2\/pages\/3869\/revisions"}],"predecessor-version":[{"id":4771,"href":"https:\/\/bno-travel.com\/nl\/wp-json\/wp\/v2\/pages\/3869\/revisions\/4771"}],"wp:attachment":[{"href":"https:\/\/bno-travel.com\/nl\/wp-json\/wp\/v2\/media?parent=3869"}],"curies":[{"name":"wp","href":"https:\/\/api.w.org\/{rel}","templated":true}]}}