{"id":3879,"date":"2025-07-18T20:25:31","date_gmt":"2025-07-18T18:25:31","guid":{"rendered":"https:\/\/bno-travel.com\/?page_id=3879"},"modified":"2025-07-18T20:25:52","modified_gmt":"2025-07-18T18:25:52","slug":"bowlen-in-salen","status":"publish","type":"page","link":"https:\/\/bno-travel.com\/nl\/bowlen-in-salen\/","title":{"rendered":"Bowlen in S\u00e4len"},"content":{"rendered":"\n<p class=\"wp-block-paragraph\"><\/p>\n\n<div class=\"wp-block-cover alignfull\" style=\"margin-top:0;margin-bottom:0;padding-top:var(--wp--preset--spacing--20);padding-right:var(--wp--preset--spacing--40);padding-bottom:var(--wp--preset--spacing--20);padding-left:var(--wp--preset--spacing--40);min-height:857px;aspect-ratio:unset;\"><img data-recalc-dims=\"1\" fetchpriority=\"high\" decoding=\"async\" width=\"800\" height=\"636\" class=\"wp-block-cover__image-background wp-image-2526 size-full\" alt=\"Bowling i Trysil\" src=\"https:\/\/i0.wp.com\/bno-travel.com\/wp-content\/uploads\/2025\/06\/52198855347_f963be3dbf_c.jpg?resize=800%2C636&#038;ssl=1\" style=\"object-position:50% 20%\" data-object-fit=\"cover\" data-object-position=\"50% 20%\" srcset=\"https:\/\/i0.wp.com\/bno-travel.com\/wp-content\/uploads\/2025\/06\/52198855347_f963be3dbf_c.jpg?w=800&amp;ssl=1 800w, https:\/\/i0.wp.com\/bno-travel.com\/wp-content\/uploads\/2025\/06\/52198855347_f963be3dbf_c.jpg?resize=300%2C239&amp;ssl=1 300w, https:\/\/i0.wp.com\/bno-travel.com\/wp-content\/uploads\/2025\/06\/52198855347_f963be3dbf_c.jpg?resize=768%2C611&amp;ssl=1 768w\" sizes=\"(max-width: 800px) 100vw, 800px\" \/><span aria-hidden=\"true\" class=\"wp-block-cover__background has-theme-1-background-color has-background-dim-30 has-background-dim\"><\/span><div class=\"wp-block-cover__inner-container is-layout-flow wp-block-cover-is-layout-flow\">\n<div style=\"height:var(--wp--preset--spacing--50)\" aria-hidden=\"true\" class=\"wp-block-spacer\"><\/div>\n\n\n\n<div style=\"height:var(--wp--preset--spacing--50)\" aria-hidden=\"true\" class=\"wp-block-spacer\"><\/div>\n<\/div><\/div>\n\n<div class=\"wp-block-group alignfull is-style-section-3 is-layout-constrained wp-block-group-is-layout-constrained\" style=\"margin-top:0;margin-bottom:0;padding-top:var(--wp--preset--spacing--40);padding-bottom:var(--wp--preset--spacing--40)\">\n<div class=\"wp-block-columns alignwide are-vertically-aligned-center is-layout-flex wp-container-core-columns-is-layout-d9ad523d wp-block-columns-is-layout-flex\">\n<div class=\"wp-block-column is-vertically-aligned-center is-layout-flow wp-block-column-is-layout-flow\">\n<figure class=\"wp-block-image size-full\"><img data-recalc-dims=\"1\" decoding=\"async\" width=\"685\" height=\"386\" src=\"https:\/\/i0.wp.com\/bno-travel.com\/wp-content\/uploads\/2025\/07\/bowling-salen-experium-aktiviteter-1.jpg?resize=685%2C386&#038;ssl=1\" alt=\"Bowlen in S&#xE4;len\" class=\"wp-image-3788\" style=\"aspect-ratio:3\/4;object-fit:cover\" title=\"titel\" srcset=\"https:\/\/i0.wp.com\/bno-travel.com\/wp-content\/uploads\/2025\/07\/bowling-salen-experium-aktiviteter-1.jpg?w=685&amp;ssl=1 685w, https:\/\/i0.wp.com\/bno-travel.com\/wp-content\/uploads\/2025\/07\/bowling-salen-experium-aktiviteter-1.jpg?resize=300%2C169&amp;ssl=1 300w\" sizes=\"(max-width: 685px) 100vw, 685px\" \/><\/figure>\n<\/div>\n\n\n\n<div class=\"wp-block-column is-vertically-aligned-center is-content-justification-left is-layout-constrained wp-container-core-column-is-layout-b64f6bf5 wp-block-column-is-layout-constrained\">\n<p class=\"wp-block-paragraph\"><\/p>\n\n\n\n<h2 class=\"wp-block-heading\"><strong>Bowlen in S\u00e4len - Leuke activiteiten voor het hele gezin, het hele jaar door<\/strong><\/h2>\n\n\n\n<p class=\"wp-block-paragraph\">Bowlen is een gezellige en gezinsvriendelijke activiteit die de perfecte onderbreking is van ski\u00ebn, fietsen of wandelen - en in S\u00e4len vind je een moderne bowlingbaan in het centrum van Lindvallen. Zowel kinderen als volwassenen kunnen hier heerlijk spelen en wedstrijden spelen, ongeacht het weer of het seizoen. <\/p>\n\n\n\n<p class=\"wp-block-paragraph\"><strong>Experium Bowling<\/strong> ligt in het populaire <strong>Experium<\/strong> avonturencentrum en heeft alles wat je nodig hebt voor een aangename en actieve onderbreking van de bergen. <a href=\"https:\/\/www.skistar.com\/no\/experium\/bowling-spill\/bowling\/\" target=\"_blank\" rel=\"noopener\">Het bowlingcentrum<\/a> heeft verschillende moderne banen met digitale scoresystemen en kindvriendelijke rollerrails, zodat zelfs de allerkleinsten kunnen meedoen. De sfeer is informeel en gastvrij - perfect voor avondactiviteiten met het gezin, vrienden of als onderdeel van bedrijfsuitjes en groepen. <\/p>\n\n\n\n<p class=\"wp-block-paragraph\">Naast bowlen biedt Experium ook <strong>biljart, arcadespellen en restaurants<\/strong>, zodat je de activiteit gemakkelijk kunt combineren met eten, drinken en ontspanning. U kunt ook banen reserveren voor verjaardagen of andere gelegenheden. <\/p>\n\n\n\n<p class=\"wp-block-paragraph\">Bowlen in S\u00e4len is een geweldig alternatief op dagen met slecht weer - of gewoon als leuke activiteit na een dag in de natuur. Een natuurlijke ontmoetingsplaats voor spel, gelach en gezelligheid - midden in Lindvallen. <\/p>\n<\/div>\n<\/div>\n<\/div>\n\n<div class=\"wp-block-group alignfull is-style-default is-content-justification-center is-layout-constrained wp-container-core-group-is-layout-69af11d0 wp-block-group-is-layout-constrained\" style=\"margin-top:0;margin-bottom:0;padding-top:var(--wp--preset--spacing--40);padding-bottom:var(--wp--preset--spacing--40)\"><\/div>\n\n<div class=\"wp-block-group alignfull is-content-justification-center is-layout-constrained wp-block-group-is-layout-constrained\" style=\"margin-top:0;margin-bottom:0;padding-top:var(--wp--preset--spacing--40);padding-bottom:var(--wp--preset--spacing--40)\">\n<div class=\"wp-block-columns alignwide are-vertically-aligned-center is-layout-flex wp-container-core-columns-is-layout-7387b849 wp-block-columns-is-layout-flex\">\n<div class=\"wp-block-column is-vertically-aligned-center is-content-justification-left is-layout-constrained wp-container-core-column-is-layout-b64f6bf5 wp-block-column-is-layout-constrained\">\n<p class=\"wp-block-paragraph\"><strong>Waarom bowlen in S\u00e4len?<\/strong><\/p>\n\n\n\n<p class=\"wp-block-paragraph\">Bowlen in S\u00e4len is het hele jaar door een perfecte activiteit - ongeacht het weer of het seizoen. Geschikt voor kinderen, volwassenen, vriendengroepen en gezinnen, het is een leuke onderbreking van ski\u00ebn, fietsen of wandelen. <\/p>\n\n\n\n<ul class=\"wp-block-list\">\n<li>Het hele jaar geopend - een goed alternatief bij slecht weer<\/li>\n\n\n\n<li>Geschikt voor alle leeftijden en vaardigheden<\/li>\n\n\n\n<li>Kindvriendelijke banen met rollerrails en lichtgewicht ballen<\/li>\n\n\n\n<li>Makkelijk te combineren met eten, caf\u00e9bezoek of andere activiteiten<\/li>\n\n\n\n<li>Gelegen in het centrum van Lindvallen - dicht bij accommodatie en vervoer<\/li>\n<\/ul>\n\n\n\n<p class=\"wp-block-paragraph\"><strong>Belevenissen in S\u00e4len - meer dan alleen alpineski\u00ebn<\/strong><\/p>\n\n\n\n<p class=\"wp-block-paragraph\">S\u00e4len is een van de grootste wintersportbestemmingen van Scandinavi\u00eb, maar er zijn ook veel activiteiten voor wie meer wil dan alleen ski\u00ebn - zowel in de winter als in de zomer.<\/p>\n\n\n\n<p class=\"wp-block-paragraph\"><strong>Winteractiviteiten in S\u00e4len (uitgezonderd alpineski\u00ebn)<\/strong><\/p>\n\n\n\n<ul class=\"wp-block-list\">\n<li>Langlaufen: Meer dan 250 km geprepareerde loipes in verschillende landschappen<\/li>\n\n\n\n<li>Hondenslee\u00ebn: Een rustige en magische manier om de winterse bergen te ervaren<\/li>\n\n\n\n<li>Sneeuwschoenwandelen: Voor wie de berg in alle rust wil verkennen<\/li>\n\n\n\n<li>Sneeuwscooteren: Begeleide tochten voor beginners en gevorderden<\/li>\n\n\n\n<li>Bad en spa: Ervaar Experium Spa met zwembad, sauna&#8217;s en wellnessbehandelingen<\/li>\n<\/ul>\n\n\n\n<p class=\"wp-block-paragraph\"><strong>Zomeractiviteiten in S\u00e4len<\/strong><\/p>\n\n\n\n<ul class=\"wp-block-list\">\n<li>Trailbiken en downhill: Fietsen met liften en natuurlijke trails voor het hele gezin<\/li>\n\n\n\n<li>Klimparken en ziplines: Plezier en uitdagingen op hoogte voor kinderen en volwassenen<\/li>\n\n\n\n<li>Wandelen in de bergen: Gemarkeerde routes, bergtoppen en uitzichtpunten<\/li>\n\n\n\n<li>Vissen en kano\u00ebn: Stilte en natuur in bergmeren en rivieren<\/li>\n\n\n\n<li>Golfen: Speel op de prachtige S\u00e4lenfj\u00e4llens Golfklubb, midden in de natuur<\/li>\n<\/ul>\n\n\n\n<p class=\"wp-block-paragraph\"><strong>Met bowling als onderdeel van je verblijf krijg je een complete vakantiebeleving in S\u00e4len - ongeacht het seizoen.<\/strong> Bij <strong>BNO TRAVEL<\/strong> helpen we je graag met accommodatie, het plannen van activiteiten en tips over wat er te doen is - zowel op als naast de bowlingbaan.<\/p>\n<\/div>\n\n\n\n<div class=\"wp-block-column is-vertically-aligned-center is-layout-flow wp-block-column-is-layout-flow\">\n<figure class=\"wp-block-image size-full\"><img data-recalc-dims=\"1\" decoding=\"async\" width=\"799\" height=\"532\" src=\"https:\/\/i0.wp.com\/bno-travel.com\/wp-content\/uploads\/2025\/06\/19105672288_2155e3dd4c_c.jpg?resize=799%2C532&#038;ssl=1\" alt=\"Zomer in Trysil\" class=\"wp-image-2278\" style=\"aspect-ratio:3\/4;object-fit:cover\" srcset=\"https:\/\/i0.wp.com\/bno-travel.com\/wp-content\/uploads\/2025\/06\/19105672288_2155e3dd4c_c.jpg?w=799&amp;ssl=1 799w, https:\/\/i0.wp.com\/bno-travel.com\/wp-content\/uploads\/2025\/06\/19105672288_2155e3dd4c_c.jpg?resize=300%2C200&amp;ssl=1 300w, https:\/\/i0.wp.com\/bno-travel.com\/wp-content\/uploads\/2025\/06\/19105672288_2155e3dd4c_c.jpg?resize=768%2C511&amp;ssl=1 768w\" sizes=\"(max-width: 799px) 100vw, 799px\" \/><\/figure>\n<\/div>\n<\/div>\n<\/div>\n\n<div class=\"wp-block-group alignfull is-style-default is-content-justification-center is-layout-constrained wp-container-core-group-is-layout-69af11d0 wp-block-group-is-layout-constrained\" style=\"margin-top:0;margin-bottom:0;padding-top:var(--wp--preset--spacing--40);padding-bottom:var(--wp--preset--spacing--40)\">\n<div class=\"wp-block-group alignfull is-content-justification-center is-layout-constrained wp-container-core-group-is-layout-4853c3a7 wp-block-group-is-layout-constrained\" style=\"margin-top:0;margin-bottom:0;padding-top:calc( 0.5 * var(u002du002dwpu002du002dstyleu002du002drootu002du002dpadding-right, var(u002du002dwpu002du002dcustomu002du002dgapu002du002dhorizontal)));padding-right:var(u002du002dwpu002du002dstyleu002du002drootu002du002dpadding-right, var(u002du002dwpu002du002dcustomu002du002dgapu002du002dhorizontal));padding-bottom:calc( 0.5 * var(u002du002dwpu002du002dstyleu002du002drootu002du002dpadding-right, var(u002du002dwpu002du002dcustomu002du002dgapu002du002dhorizontal)));padding-left:var(u002du002dwpu002du002dstyleu002du002drootu002du002dpadding-left, var(u002du002dwpu002du002dcustomu002du002dgapu002du002dhorizontal))\">\n<div style=\"height:calc( 0.25 * var(u002du002dwpu002du002dstyleu002du002drootu002du002dpadding-right, var(u002du002dwpu002du002dcustomu002du002dgapu002du002dhorizontal)))\" aria-hidden=\"true\" class=\"wp-block-spacer\"><\/div>\n\n\n\n<div class=\"wp-block-columns alignwide is-layout-flex wp-container-core-columns-is-layout-7387b849 wp-block-columns-is-layout-flex\">\n<div class=\"wp-block-column is-vertically-aligned-center is-layout-flow wp-block-column-is-layout-flow\">\n<figure class=\"wp-block-image size-full\"><img data-recalc-dims=\"1\" loading=\"lazy\" decoding=\"async\" width=\"532\" height=\"799\" src=\"https:\/\/i0.wp.com\/bno-travel.com\/wp-content\/uploads\/2025\/06\/18670754034_e10bf74a7e_c.jpg?resize=532%2C799&#038;ssl=1\" alt=\"\" class=\"wp-image-2265\" style=\"aspect-ratio:3\/4;object-fit:cover\" srcset=\"https:\/\/i0.wp.com\/bno-travel.com\/wp-content\/uploads\/2025\/06\/18670754034_e10bf74a7e_c.jpg?w=532&amp;ssl=1 532w, https:\/\/i0.wp.com\/bno-travel.com\/wp-content\/uploads\/2025\/06\/18670754034_e10bf74a7e_c.jpg?resize=200%2C300&amp;ssl=1 200w\" sizes=\"(max-width: 532px) 100vw, 532px\" \/><\/figure>\n<\/div>\n\n\n\n<div class=\"wp-block-column is-vertically-aligned-center is-layout-flow wp-block-column-is-layout-flow\">\n<p class=\"has-text-align-left wp-block-paragraph\"><strong>Boek je vakantie met BNO TRAVEL - Beleef het beste van S\u00e4len<\/strong><\/p>\n\n\n\n<p class=\"wp-block-paragraph\">Of je nu een actieve wintervakantie plant met ski\u00ebn en sneeuw, een zomervakantie vol bergavonturen en fietsen, of een ontspannend weekendje weg met vrienden of familie - <strong>BNO TRAVEL<\/strong> helpt je een verblijf op maat te maken. Wij bieden complete pakketten met <strong>accommodatie en persoonlijke tips voor activiteiten<\/strong> - waaronder bowlen, langlaufen, wandelen en nog veel meer. <\/p>\n\n\n\n<p class=\"wp-block-paragraph\">Als het gaat om accommodatie in S\u00e4len, bieden we opties in verschillende van de populairste gebieden:<\/p>\n\n\n\n<p class=\"wp-block-paragraph\"><strong>Lindvallen - in het hart van de actie<\/strong><br\/>Lindvallen is de meest centrale en gezinsvriendelijke wijk van S\u00e4len, op loopafstand van liften, fietspaden, winkels, restaurants, het waterpark en <strong>Experium - het avonturencentrum met bowling, spa en bioscoop<\/strong>. Hier vind je moderne appartementen en hotels met een hoog comfortniveau, perfect voor wie centraal wil wonen met alles voor de deur. <\/p>\n\n\n\n<p class=\"wp-block-paragraph\"><strong>H\u00f6gfj\u00e4llet - traditionele bergrust binnen handbereik van alles<\/strong><br\/>H\u00f6gfj\u00e4llet biedt een meer klassieke bergervaring met een rustige omgeving en prachtige natuur. Hier verblijf je in hutten en appartementen die dicht bij langlaufloipes liggen, op loopafstand van restaurants en met een eenvoudige sfeer. Een geweldige keuze voor gezinnen en stellen die op zoek zijn naar gezelligheid in de bergen en toegang tot zowel de natuur als de faciliteiten.  <\/p>\n\n\n\n<p class=\"wp-block-paragraph\"><strong>Tand\u00e5dalen en Hundfj\u00e4llet - voor wie veel sneeuw en veel ruimte wil<\/strong><br\/>Tand\u00e5dalen en Hundfj\u00e4llet bieden gevarieerd terrein in zowel zomer als winter, en hier vind je veel priv\u00e9hutten en appartementen - vaak met ski-in\/ski-out en dicht bij langlaufloipes en wandelpaden. Dit gebied is perfect voor grotere groepen, gezinnen met kinderen en mensen die activiteit willen combineren met een rustigere omgeving. <\/p>\n\n\n\n<p class=\"wp-block-paragraph\"><strong>Neem vandaag nog contact op met BNO TRAVEL<\/strong> om je volgende vakantie naar S\u00e4len te plannen - wij helpen je de juiste <a href=\"https:\/\/bno-travel.com\/nl\/?page_id=2866\">accommodatie<\/a> te vinden, raden je activiteiten aan en zorgen ervoor dat je verblijf van begin tot eind vlekkeloos verloopt. En vergeet niet om tijd vrij te maken voor een <strong>rondje bowlen in Lindvallen<\/strong> - een echte aanrader voor jong en oud! <\/p>\n<\/div>\n<\/div>\n\n\n\n<div style=\"height:calc( 0.25 * var(u002du002dwpu002du002dstyleu002du002drootu002du002dpadding-right, var(u002du002dwpu002du002dcustomu002du002dgapu002du002dhorizontal)))\" aria-hidden=\"true\" class=\"wp-block-spacer\"><\/div>\n<\/div>\n<\/div>\n\n<div class=\"wp-block-group alignfull is-style-default is-content-justification-center is-layout-constrained wp-container-core-group-is-layout-cdf99998 wp-block-group-is-layout-constrained\" style=\"margin-top:0;margin-bottom:0;padding-top:var(--wp--preset--spacing--40);padding-bottom:var(--wp--preset--spacing--40)\"><\/div>\n\n<p class=\"wp-block-paragraph\"><\/p>\n","protected":false},"excerpt":{"rendered":"<p>Bowlen in S\u00e4len - Leuke activiteiten voor het hele gezin, het hele jaar door Bowlen is een gezellige en gezinsvriendelijke activiteit die de perfecte onderbreking is van ski\u00ebn, fietsen of wandelen - en in S\u00e4len vind je een moderne bowlingbaan in het centrum van Lindvallen. Zowel kinderen als volwassenen kunnen hier heerlijk spelen en wedstrijden [&hellip;]<\/p>\n","protected":false},"author":260013438,"featured_media":0,"parent":0,"menu_order":0,"comment_status":"closed","ping_status":"closed","template":"","meta":{"_crdt_document":"","footnotes":""},"class_list":["post-3879","page","type-page","status-publish","hentry"],"jetpack_likes_enabled":true,"jetpack_sharing_enabled":true,"jetpack_shortlink":"https:\/\/wp.me\/PgDuwj-10z","jetpack-related-posts":[{"id":4084,"url":"https:\/\/bno-travel.com\/nl\/bowlen-in-trysil\/","url_meta":{"origin":3879,"position":0},"title":"Bowlen in Trysil","author":"Jan Terje \u00c5s","date":"18 juli 2025","format":false,"excerpt":"Bowlen in Trysil - de perfecte activiteit voor het hele gezin Bowlen is een populaire en gezellige activiteit voor jong en oud, en in Trysil vind je een modern en uitnodigend bowlingcentrum midden in de bergbestemming. Of je nu in Trysil op vakantie bent met het gezin, met een groep\u2026","rel":"","context":"Soortgelijk bericht","block_context":{"text":"Soortgelijk bericht","link":""},"img":{"alt_text":"Bowling i Trysil","src":"https:\/\/i0.wp.com\/bno-travel.com\/wp-content\/uploads\/2025\/06\/52198855347_f963be3dbf_c.jpg?resize=350%2C200&ssl=1","width":350,"height":200,"srcset":"https:\/\/i0.wp.com\/bno-travel.com\/wp-content\/uploads\/2025\/06\/52198855347_f963be3dbf_c.jpg?resize=350%2C200&ssl=1 1x, https:\/\/i0.wp.com\/bno-travel.com\/wp-content\/uploads\/2025\/06\/52198855347_f963be3dbf_c.jpg?resize=525%2C300&ssl=1 1.5x, https:\/\/i0.wp.com\/bno-travel.com\/wp-content\/uploads\/2025\/06\/52198855347_f963be3dbf_c.jpg?resize=700%2C400&ssl=1 2x"},"classes":[]},{"id":2787,"url":"https:\/\/bno-travel.com\/nl\/ontdek-salenfjellet-het-hele-jaar-door-voor-actieve-vakantiegangers\/","url_meta":{"origin":3879,"position":1},"title":"Ontdek S\u00e4lenfjellet - Het avontuur begint hier","author":"Jan Terje \u00c5s","date":"18 juli 2025","format":false,"excerpt":"Ontdek S\u00e4len \u2605\u2605\u2605\u2605\u2605 Hier vind je accommodatie in S\u00e4len Ontdek S\u00e4len en S\u00e4lenfjellet, een bestemming die het hele jaar door prachtige natuur combineert met een breed scala aan activiteiten en ervaringen. Met BNO REIS is reizen naar S\u00e4len gemakkelijk en comfortabel - of je nu op zoek bent naar winterse\u2026","rel":"","context":"Soortgelijk bericht","block_context":{"text":"Soortgelijk bericht","link":""},"img":{"alt_text":"","src":"https:\/\/i0.wp.com\/bno-travel.com\/wp-content\/uploads\/2025\/06\/2016JH070404.jpg?resize=350%2C200&ssl=1","width":350,"height":200,"srcset":"https:\/\/i0.wp.com\/bno-travel.com\/wp-content\/uploads\/2025\/06\/2016JH070404.jpg?resize=350%2C200&ssl=1 1x, https:\/\/i0.wp.com\/bno-travel.com\/wp-content\/uploads\/2025\/06\/2016JH070404.jpg?resize=525%2C300&ssl=1 1.5x, https:\/\/i0.wp.com\/bno-travel.com\/wp-content\/uploads\/2025\/06\/2016JH070404.jpg?resize=700%2C400&ssl=1 2x, https:\/\/i0.wp.com\/bno-travel.com\/wp-content\/uploads\/2025\/06\/2016JH070404.jpg?resize=1050%2C600&ssl=1 3x, https:\/\/i0.wp.com\/bno-travel.com\/wp-content\/uploads\/2025\/06\/2016JH070404.jpg?resize=1400%2C800&ssl=1 4x"},"classes":[]},{"id":3833,"url":"https:\/\/bno-travel.com\/nl\/kuuroorden-en-baden-in-salen\/","url_meta":{"origin":3879,"position":2},"title":"Kuuroorden en baden in S\u00e4len","author":"Jan Terje \u00c5s","date":"18 juli 2025","format":false,"excerpt":"Spa en baden in S\u00e4len - Wellness en ontspanning in een bergomgeving S\u00e4len draait niet alleen om ski\u00ebn, fietsen en de natuur - het is ook een fantastische bestemming voor mensen die op zoek zijn naar rust, herstel en harmonie in de bergen. Of je nu komt voor een romantisch\u2026","rel":"","context":"Soortgelijk bericht","block_context":{"text":"Soortgelijk bericht","link":""},"img":{"alt_text":"","src":"https:\/\/i0.wp.com\/bno-travel.com\/wp-content\/uploads\/2025\/07\/52200128044_b550a6c33d_c.jpg?resize=350%2C200&ssl=1","width":350,"height":200,"srcset":"https:\/\/i0.wp.com\/bno-travel.com\/wp-content\/uploads\/2025\/07\/52200128044_b550a6c33d_c.jpg?resize=350%2C200&ssl=1 1x, https:\/\/i0.wp.com\/bno-travel.com\/wp-content\/uploads\/2025\/07\/52200128044_b550a6c33d_c.jpg?resize=525%2C300&ssl=1 1.5x, https:\/\/i0.wp.com\/bno-travel.com\/wp-content\/uploads\/2025\/07\/52200128044_b550a6c33d_c.jpg?resize=700%2C400&ssl=1 2x"},"classes":[]},{"id":36221,"url":"https:\/\/bno-travel.com\/en\/cross-country-skiing-in-salen\/","url_meta":{"origin":3879,"position":3},"title":"Cross-country skiing in S\u00e4len","author":"Jan Terje \u00c5s","date":"18 juli 2025","format":false,"excerpt":"","rel":"","context":"Soortgelijk bericht","block_context":{"text":"Soortgelijk bericht","link":""},"img":{"alt_text":"","src":"","width":0,"height":0},"classes":[]},{"id":36217,"url":"https:\/\/bno-travel.com\/en\/discover-salenfjellet-the-adventure-starts-here\/","url_meta":{"origin":3879,"position":4},"title":"Discover S\u00e4lenfjellet \u2013 The adventure starts here","author":"Jan Terje \u00c5s","date":"18 juli 2025","format":false,"excerpt":"Discover S\u00e4len The year-round destination for great experiences, activity and memories in nature Discover S\u00e4len and S\u00e4lenfjellet, a destination where winter adventures, summer days in the mountains and calmer nature experiences come together in one trip. With BNO Travel, it becomes easier to plan stays, activities and experiences \u2013 with\u2026","rel":"","context":"Soortgelijk bericht","block_context":{"text":"Soortgelijk bericht","link":""},"img":{"alt_text":"","src":"","width":0,"height":0},"classes":[]},{"id":3556,"url":"https:\/\/bno-travel.com\/langrenn-i-salen-perfekt-for-den-aktive-familien\/","url_meta":{"origin":3879,"position":5},"title":"Langrenn i S\u00e4len","author":"Jan Terje \u00c5s","date":"18 juli 2025","format":false,"excerpt":"","rel":"","context":"Soortgelijk bericht","block_context":{"text":"Soortgelijk bericht","link":""},"img":{"alt_text":"","src":"","width":0,"height":0},"classes":[]}],"_links":{"self":[{"href":"https:\/\/bno-travel.com\/nl\/wp-json\/wp\/v2\/pages\/3879","targetHints":{"allow":["GET"]}}],"collection":[{"href":"https:\/\/bno-travel.com\/nl\/wp-json\/wp\/v2\/pages"}],"about":[{"href":"https:\/\/bno-travel.com\/nl\/wp-json\/wp\/v2\/types\/page"}],"author":[{"embeddable":true,"href":"https:\/\/bno-travel.com\/nl\/wp-json\/wp\/v2\/users\/260013438"}],"replies":[{"embeddable":true,"href":"https:\/\/bno-travel.com\/nl\/wp-json\/wp\/v2\/comments?post=3879"}],"version-history":[{"count":2,"href":"https:\/\/bno-travel.com\/nl\/wp-json\/wp\/v2\/pages\/3879\/revisions"}],"predecessor-version":[{"id":4638,"href":"https:\/\/bno-travel.com\/nl\/wp-json\/wp\/v2\/pages\/3879\/revisions\/4638"}],"wp:attachment":[{"href":"https:\/\/bno-travel.com\/nl\/wp-json\/wp\/v2\/media?parent=3879"}],"curies":[{"name":"wp","href":"https:\/\/api.w.org\/{rel}","templated":true}]}}