{"id":3884,"date":"2025-07-18T20:49:39","date_gmt":"2025-07-18T18:49:39","guid":{"rendered":"https:\/\/bno-travel.com\/?page_id=3884"},"modified":"2025-07-18T20:50:02","modified_gmt":"2025-07-18T18:50:02","slug":"winkelen-in-salen","status":"publish","type":"page","link":"https:\/\/bno-travel.com\/nl\/winkelen-in-salen\/","title":{"rendered":"Winkelen in S\u00e4len"},"content":{"rendered":"\n<p class=\"wp-block-paragraph\"><\/p>\n\n<div class=\"wp-block-cover alignfull\" style=\"margin-top:0;margin-bottom:0;padding-top:var(--wp--preset--spacing--20);padding-right:var(--wp--preset--spacing--40);padding-bottom:var(--wp--preset--spacing--20);padding-left:var(--wp--preset--spacing--40);min-height:932px;aspect-ratio:unset;\"><img data-recalc-dims=\"1\" fetchpriority=\"high\" decoding=\"async\" width=\"800\" height=\"533\" class=\"wp-block-cover__image-background wp-image-3757 size-full\" alt=\"Shopping i S\u00e4len\" src=\"https:\/\/i0.wp.com\/bno-travel.com\/wp-content\/uploads\/2025\/07\/AdobeStock_257205476.jpeg?resize=800%2C533&#038;ssl=1\" style=\"object-position:50% 65%\" data-object-fit=\"cover\" data-object-position=\"50% 65%\" srcset=\"https:\/\/i0.wp.com\/bno-travel.com\/wp-content\/uploads\/2025\/07\/AdobeStock_257205476.jpeg?w=5760&amp;ssl=1 5760w, https:\/\/i0.wp.com\/bno-travel.com\/wp-content\/uploads\/2025\/07\/AdobeStock_257205476.jpeg?resize=300%2C200&amp;ssl=1 300w, https:\/\/i0.wp.com\/bno-travel.com\/wp-content\/uploads\/2025\/07\/AdobeStock_257205476.jpeg?resize=1024%2C683&amp;ssl=1 1024w, https:\/\/i0.wp.com\/bno-travel.com\/wp-content\/uploads\/2025\/07\/AdobeStock_257205476.jpeg?resize=768%2C512&amp;ssl=1 768w, https:\/\/i0.wp.com\/bno-travel.com\/wp-content\/uploads\/2025\/07\/AdobeStock_257205476.jpeg?resize=1536%2C1024&amp;ssl=1 1536w, https:\/\/i0.wp.com\/bno-travel.com\/wp-content\/uploads\/2025\/07\/AdobeStock_257205476.jpeg?resize=2048%2C1365&amp;ssl=1 2048w, https:\/\/i0.wp.com\/bno-travel.com\/wp-content\/uploads\/2025\/07\/AdobeStock_257205476.jpeg?w=1600&amp;ssl=1 1600w, https:\/\/i0.wp.com\/bno-travel.com\/wp-content\/uploads\/2025\/07\/AdobeStock_257205476.jpeg?w=2400&amp;ssl=1 2400w\" sizes=\"(max-width: 800px) 100vw, 800px\" \/><span aria-hidden=\"true\" class=\"wp-block-cover__background has-theme-1-background-color has-background-dim-30 has-background-dim\"><\/span><div class=\"wp-block-cover__inner-container is-layout-flow wp-block-cover-is-layout-flow\">\n<div style=\"height:var(--wp--preset--spacing--50)\" aria-hidden=\"true\" class=\"wp-block-spacer\"><\/div>\n\n\n\n<div style=\"height:var(--wp--preset--spacing--50)\" aria-hidden=\"true\" class=\"wp-block-spacer\"><\/div>\n<\/div><\/div>\n\n<div class=\"wp-block-group alignfull is-style-section-3 is-layout-constrained wp-block-group-is-layout-constrained\" style=\"margin-top:0;margin-bottom:0;padding-top:var(--wp--preset--spacing--40);padding-bottom:var(--wp--preset--spacing--40)\">\n<div class=\"wp-block-columns alignwide are-vertically-aligned-center is-layout-flex wp-container-core-columns-is-layout-d9ad523d wp-block-columns-is-layout-flex\">\n<div class=\"wp-block-column is-vertically-aligned-center is-layout-flow wp-block-column-is-layout-flow\">\n<figure class=\"wp-block-image size-full\"><img data-recalc-dims=\"1\" decoding=\"async\" width=\"800\" height=\"533\" src=\"https:\/\/i0.wp.com\/bno-travel.com\/wp-content\/uploads\/2025\/07\/AdobeStock_257205476.jpeg?resize=800%2C533&#038;ssl=1\" alt=\"Winkelen in S&#xE4;len\" class=\"wp-image-3757\" style=\"aspect-ratio:3\/4;object-fit:cover\" title=\"titel\" srcset=\"https:\/\/i0.wp.com\/bno-travel.com\/wp-content\/uploads\/2025\/07\/AdobeStock_257205476.jpeg?w=5760&amp;ssl=1 5760w, https:\/\/i0.wp.com\/bno-travel.com\/wp-content\/uploads\/2025\/07\/AdobeStock_257205476.jpeg?resize=300%2C200&amp;ssl=1 300w, https:\/\/i0.wp.com\/bno-travel.com\/wp-content\/uploads\/2025\/07\/AdobeStock_257205476.jpeg?resize=1024%2C683&amp;ssl=1 1024w, https:\/\/i0.wp.com\/bno-travel.com\/wp-content\/uploads\/2025\/07\/AdobeStock_257205476.jpeg?resize=768%2C512&amp;ssl=1 768w, https:\/\/i0.wp.com\/bno-travel.com\/wp-content\/uploads\/2025\/07\/AdobeStock_257205476.jpeg?resize=1536%2C1024&amp;ssl=1 1536w, https:\/\/i0.wp.com\/bno-travel.com\/wp-content\/uploads\/2025\/07\/AdobeStock_257205476.jpeg?resize=2048%2C1365&amp;ssl=1 2048w, https:\/\/i0.wp.com\/bno-travel.com\/wp-content\/uploads\/2025\/07\/AdobeStock_257205476.jpeg?w=1600&amp;ssl=1 1600w, https:\/\/i0.wp.com\/bno-travel.com\/wp-content\/uploads\/2025\/07\/AdobeStock_257205476.jpeg?w=2400&amp;ssl=1 2400w\" sizes=\"(max-width: 800px) 100vw, 800px\" \/><\/figure>\n<\/div>\n\n\n\n<div class=\"wp-block-column is-vertically-aligned-center is-content-justification-left is-layout-constrained wp-container-core-column-is-layout-b64f6bf5 wp-block-column-is-layout-constrained\">\n<p class=\"wp-block-paragraph\"><\/p>\n\n\n\n<h2 class=\"wp-block-heading\"><strong>Winkelen in S\u00e4len - Lokaal winkelen, caf\u00e9leven en sfeer in de bergen, het hele jaar door<\/strong><\/h2>\n\n\n\n<p class=\"wp-block-paragraph\">S\u00e4len staat vooral bekend als een van de grootste skibestemmingen in Scandinavi\u00eb, maar het gebied biedt ook <strong>gezellige winkels en lokale eetgelegenheden<\/strong> die je bergvakantie net dat beetje extra geven. <strong>Het centrum van S\u00e4len, Lindvallen en H\u00f6gfj\u00e4llet<\/strong> bieden een breed scala aan <strong>winkels, speciaalzaken en caf\u00e9s<\/strong> - perfect voor een ontspannen dag tussen de activiteiten door of een handige stop voor de top. <\/p>\n\n\n\n<p class=\"wp-block-paragraph\">Hier kun je <strong>lokaal en persoonlijk<\/strong> winkelen, met een korte afstand tussen sport, mode, interieur en eten. Met <strong>de loopafstand tussen winkels en caf\u00e9s<\/strong> in het stadscentrum en de gemakkelijke toegang tot parkeergelegenheid is het gemakkelijk om winkelen te combineren met een ontspannende pauze. <\/p>\n\n\n\n<p class=\"wp-block-paragraph\"><strong>Systembolaget in het centrum van S\u00e4len - Gemakkelijk en toegankelijk voor vakantiegangers<\/strong><\/p>\n\n\n\n<p class=\"wp-block-paragraph\"><a href=\"https:\/\/www.systembolaget.se\/butiker-ombud\/butik\/dalarnas-lan\/salen\/centrumhuset-2010\/\" target=\"_blank\" rel=\"noopener\">Systembolaget in het centrum van S\u00e4len<\/a> is het enige verkooppunt voor wijn, bier en sterke dranken in de omgeving en een natuurlijke halte voor veel mensen die een huttentocht of vakantie in de bergen maken. De winkel is centraal gelegen met goede parkeergelegenheid en biedt een breed scala aan dranken - zowel lokale producten als internationale merken. <\/p>\n\n\n\n<p class=\"wp-block-paragraph\">Je krijgt ook veel hulp van deskundig personeel, of je nu een wijnadvies nodig hebt voor het diner of iets speciaals wilt kopen voor je hut. De winkel houdt zich aan de Zweedse openingstijden en alcoholregels, dus het is een goed idee om ruim voor het weekend of op feestdagen inkopen te doen. <\/p>\n<\/div>\n<\/div>\n<\/div>\n\n<div class=\"wp-block-group alignfull is-style-default is-content-justification-center is-layout-constrained wp-container-core-group-is-layout-69af11d0 wp-block-group-is-layout-constrained\" style=\"margin-top:0;margin-bottom:0;padding-top:var(--wp--preset--spacing--40);padding-bottom:var(--wp--preset--spacing--40)\">\n<div class=\"wp-block-group alignwide is-content-justification-left is-layout-constrained wp-container-core-group-is-layout-54d22900 wp-block-group-is-layout-constrained\">\n<p class=\"wp-block-paragraph\"><\/p>\n<\/div>\n<\/div>\n\n<div class=\"wp-block-group alignfull is-content-justification-center is-layout-constrained wp-block-group-is-layout-constrained\" style=\"margin-top:0;margin-bottom:0;padding-top:var(--wp--preset--spacing--40);padding-bottom:var(--wp--preset--spacing--40)\">\n<div class=\"wp-block-columns alignwide are-vertically-aligned-center is-layout-flex wp-container-core-columns-is-layout-7387b849 wp-block-columns-is-layout-flex\">\n<div class=\"wp-block-column is-vertically-aligned-center is-content-justification-left is-layout-constrained wp-container-core-column-is-layout-b64f6bf5 wp-block-column-is-layout-constrained\">\n<p class=\"wp-block-paragraph\"><strong>Winkels en diensten in S\u00e4len<\/strong><\/p>\n\n\n\n<p class=\"wp-block-paragraph\">Het stadscentrum van S\u00e4len en het winkelcentrum <strong>S\u00e4lfj\u00e4llstorget<\/strong> in Lindvallen hebben een ruim aanbod dat in de meeste behoeften voorziet - of je nu op zoek bent naar kleding, sportartikelen of een cadeautje voor een gastvrouw.<\/p>\n\n\n\n<p class=\"wp-block-paragraph\">Je vindt onder andere:<\/p>\n\n\n\n<ul class=\"wp-block-list\">\n<li>Sportwinkels met kleding en uitrusting voor ski\u00ebn, fietsen en buitenactiviteiten<\/li>\n\n\n\n<li>Mode en schoenen voor volwassenen en kinderen<\/li>\n\n\n\n<li>Interieur- en cadeauwinkels met bergstijl en Scandinavisch design<\/li>\n\n\n\n<li>Kruidenierswinkel, apotheek, gezondheidsvoeding en systembolaget<\/li>\n\n\n\n<li>Elektronica, kappersdiensten en diensten voor auto en huis<\/li>\n<\/ul>\n\n\n\n<p class=\"wp-block-paragraph\"><strong>Stadion Outlet in S\u00e4len - Sport en vrije tijd tegen lage prijzen<\/strong><\/p>\n\n\n\n<p class=\"wp-block-paragraph\"><a href=\"https:\/\/www.stadiumoutlet.se\/\" target=\"_blank\" rel=\"noopener\">Stadium Outlet in S\u00e4len<\/a> is een populaire halte voor zowel huttenbewoners als vakantiegangers die op zoek zijn naar kwaliteitsproducten tegen goede prijzen. Hier vind je een grote selectie kleding, schoenen en uitrusting voor ski\u00ebn, trainen, het buitenleven en dagelijks gebruik - voor zowel volwassenen als kinderen. <\/p>\n\n\n\n<p class=\"wp-block-paragraph\">De winkel is centraal gelegen in Lindvallen en is gemakkelijk te bereiken, of je nu met de auto komt of in de buurt woont. Het aanbod varieert per seizoen, maar je kunt altijd bekende merken tegen outletprijzen verwachten - perfect voor wie zijn uitrusting wil updaten voordat hij gaat ski\u00ebn, fietsen of wandelen. <\/p>\n\n\n\n<p class=\"wp-block-paragraph\"><strong>Caf\u00e9s en eethuisjes - smaakpauzes in de bergen<\/strong><\/p>\n\n\n\n<p class=\"wp-block-paragraph\">Na het winkelen kun je ontspannen met een <strong>kopje koffie, lunch of vers gebak<\/strong> in een van de vele gezellige eetgelegenheden van S\u00e4len. Of je nu op zoek bent naar iets eenvoudigs of iets zoets, er zijn mogelijkheden voor elke smaak. <\/p>\n\n\n\n<p class=\"wp-block-paragraph\">Populaire plekken om even langs te gaan:<\/p>\n\n\n\n<ul class=\"wp-block-list\">\n<li><strong>Caf\u00e9 Mezzo<\/strong> (S\u00e4lfj\u00e4llstorget): Bekend om goede koffie, zelfgebakken brood en de gezellige sfeer<\/li>\n\n\n\n<li><strong>Caf\u00e9 Gammelg\u00e5rden<\/strong> (H\u00f6gfj\u00e4llet): Een sfeervolle plek voor lunch of koffie in een traditionele omgeving<\/li>\n\n\n\n<li><strong>Fj\u00e4llbagarn<\/strong> (centrum S\u00e4len): Bakkerij en caf\u00e9 met verse broodjes, brood en zoetigheden<\/li>\n\n\n\n<li><strong>Wayne&#8217;s Coffee<\/strong> (Lindvallen): Moderne en kindvriendelijke caf\u00e9keten met gezonde voeding en allergievriendelijke opties<\/li>\n<\/ul>\n\n\n\n<p class=\"wp-block-paragraph\"><\/p>\n<\/div>\n\n\n\n<div class=\"wp-block-column is-vertically-aligned-center is-layout-flow wp-block-column-is-layout-flow\">\n<figure class=\"wp-block-image size-full\"><img data-recalc-dims=\"1\" decoding=\"async\" width=\"799\" height=\"532\" src=\"https:\/\/i0.wp.com\/bno-travel.com\/wp-content\/uploads\/2025\/06\/19105672288_2155e3dd4c_c.jpg?resize=799%2C532&#038;ssl=1\" alt=\"Zomer in Trysil\" class=\"wp-image-2278\" style=\"aspect-ratio:3\/4;object-fit:cover\" srcset=\"https:\/\/i0.wp.com\/bno-travel.com\/wp-content\/uploads\/2025\/06\/19105672288_2155e3dd4c_c.jpg?w=799&amp;ssl=1 799w, https:\/\/i0.wp.com\/bno-travel.com\/wp-content\/uploads\/2025\/06\/19105672288_2155e3dd4c_c.jpg?resize=300%2C200&amp;ssl=1 300w, https:\/\/i0.wp.com\/bno-travel.com\/wp-content\/uploads\/2025\/06\/19105672288_2155e3dd4c_c.jpg?resize=768%2C511&amp;ssl=1 768w\" sizes=\"(max-width: 799px) 100vw, 799px\" \/><\/figure>\n<\/div>\n<\/div>\n<\/div>\n\n<div class=\"wp-block-group alignfull is-style-default is-content-justification-center is-layout-constrained wp-container-core-group-is-layout-69af11d0 wp-block-group-is-layout-constrained\" style=\"margin-top:0;margin-bottom:0;padding-top:var(--wp--preset--spacing--40);padding-bottom:var(--wp--preset--spacing--40)\">\n<div class=\"wp-block-group alignfull is-content-justification-center is-layout-constrained wp-container-core-group-is-layout-4853c3a7 wp-block-group-is-layout-constrained\" style=\"margin-top:0;margin-bottom:0;padding-top:calc( 0.5 * var(u002du002dwpu002du002dstyleu002du002drootu002du002dpadding-right, var(u002du002dwpu002du002dcustomu002du002dgapu002du002dhorizontal)));padding-right:var(u002du002dwpu002du002dstyleu002du002drootu002du002dpadding-right, var(u002du002dwpu002du002dcustomu002du002dgapu002du002dhorizontal));padding-bottom:calc( 0.5 * var(u002du002dwpu002du002dstyleu002du002drootu002du002dpadding-right, var(u002du002dwpu002du002dcustomu002du002dgapu002du002dhorizontal)));padding-left:var(u002du002dwpu002du002dstyleu002du002drootu002du002dpadding-left, var(u002du002dwpu002du002dcustomu002du002dgapu002du002dhorizontal))\">\n<div style=\"height:calc( 0.25 * var(u002du002dwpu002du002dstyleu002du002drootu002du002dpadding-right, var(u002du002dwpu002du002dcustomu002du002dgapu002du002dhorizontal)))\" aria-hidden=\"true\" class=\"wp-block-spacer\"><\/div>\n\n\n\n<div class=\"wp-block-columns alignwide is-layout-flex wp-container-core-columns-is-layout-7387b849 wp-block-columns-is-layout-flex\">\n<div class=\"wp-block-column is-vertically-aligned-center is-layout-flow wp-block-column-is-layout-flow\">\n<figure class=\"wp-block-image size-full\"><img data-recalc-dims=\"1\" loading=\"lazy\" decoding=\"async\" width=\"532\" height=\"799\" src=\"https:\/\/i0.wp.com\/bno-travel.com\/wp-content\/uploads\/2025\/06\/18670754034_e10bf74a7e_c.jpg?resize=532%2C799&#038;ssl=1\" alt=\"\" class=\"wp-image-2265\" style=\"aspect-ratio:3\/4;object-fit:cover\" srcset=\"https:\/\/i0.wp.com\/bno-travel.com\/wp-content\/uploads\/2025\/06\/18670754034_e10bf74a7e_c.jpg?w=532&amp;ssl=1 532w, https:\/\/i0.wp.com\/bno-travel.com\/wp-content\/uploads\/2025\/06\/18670754034_e10bf74a7e_c.jpg?resize=200%2C300&amp;ssl=1 200w\" sizes=\"(max-width: 532px) 100vw, 532px\" \/><\/figure>\n<\/div>\n\n\n\n<div class=\"wp-block-column is-vertically-aligned-center is-layout-flow wp-block-column-is-layout-flow\">\n<p class=\"has-text-align-left wp-block-paragraph\"><\/p>\n\n\n\n<p class=\"wp-block-paragraph\">Verschillende locaties bieden ook <strong>lokaal eten, chocolade en cadeauproducten<\/strong> aan, die ideaal zijn als souvenirs of kleine cadeautjes om mee naar huis te nemen.<\/p>\n\n\n\n<p class=\"wp-block-paragraph\"><strong>Accommodatie dicht bij winkels en stadscentrum<\/strong><\/p>\n\n\n\n<p class=\"wp-block-paragraph\">Bij <strong>BNO TRAVEL<\/strong> vind je <a href=\"https:\/\/bno-travel.com\/nl\/?page_id=2866\">accommodatie<\/a> binnen handbereik van zowel winkels als activiteiten. Wij bieden: <\/p>\n\n\n\n<ul class=\"wp-block-list\">\n<li>Appartementen en hutten bij <strong>Lindvallen<\/strong> en <strong>S\u00e4lfj\u00e4llstorget<\/strong>, ideaal voor gezinnen met kinderen en stellen<\/li>\n\n\n\n<li>Accommodatie in de buurt van <strong>het centrum van S\u00e4len<\/strong>, dicht bij winkels, restaurants en activiteiten<\/li>\n\n\n\n<li>Berghutten in <strong>H\u00f6gfj\u00e4llet en Tand\u00e5dalen<\/strong>, voor wie rust en uitzicht wil - maar tegelijkertijd toegang tot het aanbod in de vallei.<\/li>\n<\/ul>\n\n\n\n<p class=\"wp-block-paragraph\">Al onze wooneenheden kunnen worden geleverd <strong>inclusief beddengoed, eindschoonmaak en persoonlijke service<\/strong>.<\/p>\n\n\n\n<p class=\"wp-block-paragraph\"><strong>Beleef winkelen en de sfeer van de bergen in S\u00e4len met BNO TRAVEL<\/strong><\/p>\n\n\n\n<p class=\"wp-block-paragraph\">S\u00e4len biedt meer dan skipistes en fietspaden - het is ook een <strong>gezellige en vriendelijke bestemming<\/strong> met alles wat je nodig hebt voor een complete vakantie. Bij <strong>BNO TRAVEL<\/strong> helpen we je de juiste accommodatie te vinden en geven we je tips over wat er in de omgeving te beleven valt - zowel in de zomer als in de winter. <\/p>\n\n\n\n<p class=\"wp-block-paragraph\"><strong>Neem vandaag nog contact met ons op om je verblijf in S\u00e4len te plannen - en geniet van een vakantie die natuur, winkelen en heerlijke smaken combineert.<\/strong>ye Trysil te bieden heeft - het hele jaar door<\/p>\n<\/div>\n<\/div>\n\n\n\n<div style=\"height:calc( 0.25 * var(u002du002dwpu002du002dstyleu002du002drootu002du002dpadding-right, var(u002du002dwpu002du002dcustomu002du002dgapu002du002dhorizontal)))\" aria-hidden=\"true\" class=\"wp-block-spacer\"><\/div>\n<\/div>\n\n\n\n<div class=\"wp-block-group alignwide is-content-justification-left is-layout-constrained wp-container-core-group-is-layout-54d22900 wp-block-group-is-layout-constrained\"><\/div>\n<\/div>\n\n<div class=\"wp-block-group alignfull is-style-default is-content-justification-center is-layout-constrained wp-container-core-group-is-layout-cdf99998 wp-block-group-is-layout-constrained\" style=\"margin-top:0;margin-bottom:0;padding-top:var(--wp--preset--spacing--40);padding-bottom:var(--wp--preset--spacing--40)\"><\/div>\n\n<p class=\"wp-block-paragraph\"><\/p>\n","protected":false},"excerpt":{"rendered":"<p>Winkelen in S\u00e4len - Lokaal winkelen, caf\u00e9leven en sfeer in de bergen, het hele jaar door S\u00e4len staat vooral bekend als een van de grootste skibestemmingen in Scandinavi\u00eb, maar het gebied biedt ook gezellige winkels en lokale eetgelegenheden die je bergvakantie net dat beetje extra geven. Het centrum van S\u00e4len, Lindvallen en H\u00f6gfj\u00e4llet bieden een [&hellip;]<\/p>\n","protected":false},"author":260013438,"featured_media":0,"parent":0,"menu_order":0,"comment_status":"closed","ping_status":"closed","template":"","meta":{"_crdt_document":"","footnotes":""},"class_list":["post-3884","page","type-page","status-publish","hentry"],"jetpack_likes_enabled":true,"jetpack_sharing_enabled":true,"jetpack_shortlink":"https:\/\/wp.me\/PgDuwj-10E","jetpack-related-posts":[{"id":2787,"url":"https:\/\/bno-travel.com\/nl\/ontdek-salenfjellet-het-hele-jaar-door-voor-actieve-vakantiegangers\/","url_meta":{"origin":3884,"position":0},"title":"Ontdek S\u00e4lenfjellet - Het avontuur begint hier","author":"Jan Terje \u00c5s","date":"18 juli 2025","format":false,"excerpt":"Ontdek S\u00e4len \u2605\u2605\u2605\u2605\u2605 Hier vind je accommodatie in S\u00e4len Ontdek S\u00e4len en S\u00e4lenfjellet, een bestemming die het hele jaar door prachtige natuur combineert met een breed scala aan activiteiten en ervaringen. Met BNO REIS is reizen naar S\u00e4len gemakkelijk en comfortabel - of je nu op zoek bent naar winterse\u2026","rel":"","context":"Soortgelijk bericht","block_context":{"text":"Soortgelijk bericht","link":""},"img":{"alt_text":"","src":"https:\/\/i0.wp.com\/bno-travel.com\/wp-content\/uploads\/2025\/06\/2016JH070404.jpg?resize=350%2C200&ssl=1","width":350,"height":200,"srcset":"https:\/\/i0.wp.com\/bno-travel.com\/wp-content\/uploads\/2025\/06\/2016JH070404.jpg?resize=350%2C200&ssl=1 1x, https:\/\/i0.wp.com\/bno-travel.com\/wp-content\/uploads\/2025\/06\/2016JH070404.jpg?resize=525%2C300&ssl=1 1.5x, https:\/\/i0.wp.com\/bno-travel.com\/wp-content\/uploads\/2025\/06\/2016JH070404.jpg?resize=700%2C400&ssl=1 2x, https:\/\/i0.wp.com\/bno-travel.com\/wp-content\/uploads\/2025\/06\/2016JH070404.jpg?resize=1050%2C600&ssl=1 3x, https:\/\/i0.wp.com\/bno-travel.com\/wp-content\/uploads\/2025\/06\/2016JH070404.jpg?resize=1400%2C800&ssl=1 4x"},"classes":[]},{"id":3869,"url":"https:\/\/bno-travel.com\/nl\/restaurants-in-salen\/","url_meta":{"origin":3884,"position":1},"title":"Restaurants in S\u00e4len","author":"Jan Terje \u00c5s","date":"18 juli 2025","format":false,"excerpt":"Restaurants in S\u00e4len - Smakelijke ervaringen het hele jaar door S\u00e4len staat bekend om zijn fantastische ski- en fietsmogelijkheden, maar de bestemming biedt ook een gevarieerd en smakelijk aanbod aan restaurants, caf\u00e9s en eetgelegenheden - het hele jaar door. Of je S\u00e4len nu in de winter of in de zomer\u2026","rel":"","context":"Soortgelijk bericht","block_context":{"text":"Soortgelijk bericht","link":""},"img":{"alt_text":"Restauranter i S\u00e4len","src":"https:\/\/i0.wp.com\/bno-travel.com\/wp-content\/uploads\/2025\/07\/AdobeStock_206047084.jpeg?resize=350%2C200&ssl=1","width":350,"height":200,"srcset":"https:\/\/i0.wp.com\/bno-travel.com\/wp-content\/uploads\/2025\/07\/AdobeStock_206047084.jpeg?resize=350%2C200&ssl=1 1x, https:\/\/i0.wp.com\/bno-travel.com\/wp-content\/uploads\/2025\/07\/AdobeStock_206047084.jpeg?resize=525%2C300&ssl=1 1.5x, https:\/\/i0.wp.com\/bno-travel.com\/wp-content\/uploads\/2025\/07\/AdobeStock_206047084.jpeg?resize=700%2C400&ssl=1 2x, https:\/\/i0.wp.com\/bno-travel.com\/wp-content\/uploads\/2025\/07\/AdobeStock_206047084.jpeg?resize=1050%2C600&ssl=1 3x, https:\/\/i0.wp.com\/bno-travel.com\/wp-content\/uploads\/2025\/07\/AdobeStock_206047084.jpeg?resize=1400%2C800&ssl=1 4x"},"classes":[]},{"id":4136,"url":"https:\/\/bno-travel.com\/nl\/winkelen-in-trysil\/","url_meta":{"origin":3884,"position":2},"title":"Winkelen in Trysil","author":"Jan Terje \u00c5s","date":"18 juli 2025","format":false,"excerpt":"Winkelen in Trysil - Ervaar de lokale winkels en gezellige caf\u00e9s in het hart van het bergdorp Trysil staat misschien het meest bekend om het ski\u00ebn en de bergen, maar in het centrum van het dorp vind je ook een charmant en levendig stadje met alles wat je nodig hebt\u2026","rel":"","context":"Soortgelijk bericht","block_context":{"text":"Soortgelijk bericht","link":""},"img":{"alt_text":"Opplev Trysil","src":"https:\/\/i0.wp.com\/bno-travel.com\/wp-content\/uploads\/2025\/07\/20.06.19_Dronebilder-Sentrum_FULLSIZE-2.jpg?resize=350%2C200&ssl=1","width":350,"height":200,"srcset":"https:\/\/i0.wp.com\/bno-travel.com\/wp-content\/uploads\/2025\/07\/20.06.19_Dronebilder-Sentrum_FULLSIZE-2.jpg?resize=350%2C200&ssl=1 1x, https:\/\/i0.wp.com\/bno-travel.com\/wp-content\/uploads\/2025\/07\/20.06.19_Dronebilder-Sentrum_FULLSIZE-2.jpg?resize=525%2C300&ssl=1 1.5x, https:\/\/i0.wp.com\/bno-travel.com\/wp-content\/uploads\/2025\/07\/20.06.19_Dronebilder-Sentrum_FULLSIZE-2.jpg?resize=700%2C400&ssl=1 2x, https:\/\/i0.wp.com\/bno-travel.com\/wp-content\/uploads\/2025\/07\/20.06.19_Dronebilder-Sentrum_FULLSIZE-2.jpg?resize=1050%2C600&ssl=1 3x, https:\/\/i0.wp.com\/bno-travel.com\/wp-content\/uploads\/2025\/07\/20.06.19_Dronebilder-Sentrum_FULLSIZE-2.jpg?resize=1400%2C800&ssl=1 4x"},"classes":[]},{"id":3998,"url":"https:\/\/bno-travel.com\/nl\/alpineskien-in-salen\/","url_meta":{"origin":3884,"position":3},"title":"Alpineski\u00ebn in S\u00e4len","author":"Jan Terje \u00c5s","date":"18 juli 2025","format":false,"excerpt":"Alpineski\u00ebn in S\u00e4len - Ontdek de meest complete skibestemming van Zweden Welkom in S\u00e4len, een van de populairste skigebieden van Zweden - perfect voor zowel gezinnen met kinderen als ervaren ski\u00ebrs! Met verschillende bergen en skigebieden zoals Lindvallen, H\u00f6gfj\u00e4llet, Tand\u00e5dalen en Hundfj\u00e4llet biedt S\u00e4len gevarieerde pistes, moderne liftfaciliteiten en een\u2026","rel":"","context":"Soortgelijk bericht","block_context":{"text":"Soortgelijk bericht","link":""},"img":{"alt_text":"Alpint i S\u00e4len","src":"https:\/\/i0.wp.com\/bno-travel.com\/wp-content\/uploads\/2025\/06\/JAP7037.jpg?resize=350%2C200&ssl=1","width":350,"height":200,"srcset":"https:\/\/i0.wp.com\/bno-travel.com\/wp-content\/uploads\/2025\/06\/JAP7037.jpg?resize=350%2C200&ssl=1 1x, https:\/\/i0.wp.com\/bno-travel.com\/wp-content\/uploads\/2025\/06\/JAP7037.jpg?resize=525%2C300&ssl=1 1.5x, https:\/\/i0.wp.com\/bno-travel.com\/wp-content\/uploads\/2025\/06\/JAP7037.jpg?resize=700%2C400&ssl=1 2x, https:\/\/i0.wp.com\/bno-travel.com\/wp-content\/uploads\/2025\/06\/JAP7037.jpg?resize=1050%2C600&ssl=1 3x, https:\/\/i0.wp.com\/bno-travel.com\/wp-content\/uploads\/2025\/06\/JAP7037.jpg?resize=1400%2C800&ssl=1 4x"},"classes":[]},{"id":3556,"url":"https:\/\/bno-travel.com\/langrenn-i-salen-perfekt-for-den-aktive-familien\/","url_meta":{"origin":3884,"position":4},"title":"Langrenn i S\u00e4len","author":"Jan Terje \u00c5s","date":"18 juli 2025","format":false,"excerpt":"","rel":"","context":"Soortgelijk bericht","block_context":{"text":"Soortgelijk bericht","link":""},"img":{"alt_text":"","src":"","width":0,"height":0},"classes":[]},{"id":2633,"url":"https:\/\/bno-travel.com\/oppdag-salen-familiens-feriefavoritt-i-sverige\/","url_meta":{"origin":3884,"position":5},"title":"Oppdag S\u00e4lenfjellet \u2013 Eventyret starter her","author":"Jan Terje \u00c5s","date":"18 juli 2025","format":false,"excerpt":"Oppdag S\u00e4len Hel\u00e5rsdestinasjonen for gode opplevelser, aktivitet og minner i naturen Oppdag S\u00e4len og S\u00e4lenfjellet, en destinasjon der vintereventyr, sommerdager i fjellet og roligere naturopplevelser m\u00f8tes i samme reise. Med BNO Travel blir det enklere \u00e5 planlegge opphold, aktiviteter og opplevelser \u2013 med naturen i sentrum. Oppdag S\u00e4len Se aktiviteter\u2026","rel":"","context":"Soortgelijk bericht","block_context":{"text":"Soortgelijk bericht","link":""},"img":{"alt_text":"","src":"","width":0,"height":0},"classes":[]}],"_links":{"self":[{"href":"https:\/\/bno-travel.com\/nl\/wp-json\/wp\/v2\/pages\/3884","targetHints":{"allow":["GET"]}}],"collection":[{"href":"https:\/\/bno-travel.com\/nl\/wp-json\/wp\/v2\/pages"}],"about":[{"href":"https:\/\/bno-travel.com\/nl\/wp-json\/wp\/v2\/types\/page"}],"author":[{"embeddable":true,"href":"https:\/\/bno-travel.com\/nl\/wp-json\/wp\/v2\/users\/260013438"}],"replies":[{"embeddable":true,"href":"https:\/\/bno-travel.com\/nl\/wp-json\/wp\/v2\/comments?post=3884"}],"version-history":[{"count":2,"href":"https:\/\/bno-travel.com\/nl\/wp-json\/wp\/v2\/pages\/3884\/revisions"}],"predecessor-version":[{"id":4798,"href":"https:\/\/bno-travel.com\/nl\/wp-json\/wp\/v2\/pages\/3884\/revisions\/4798"}],"wp:attachment":[{"href":"https:\/\/bno-travel.com\/nl\/wp-json\/wp\/v2\/media?parent=3884"}],"curies":[{"name":"wp","href":"https:\/\/api.w.org\/{rel}","templated":true}]}}