{"id":3896,"date":"2025-07-18T20:52:29","date_gmt":"2025-07-18T18:52:29","guid":{"rendered":"https:\/\/bno-travel.com\/?page_id=3896"},"modified":"2025-07-18T20:52:34","modified_gmt":"2025-07-18T18:52:34","slug":"fietsen-in-salen","status":"publish","type":"page","link":"https:\/\/bno-travel.com\/nl\/fietsen-in-salen\/","title":{"rendered":"Fietsen in S\u00e4len"},"content":{"rendered":"\n<p class=\"wp-block-paragraph\"><\/p>\n\n<div class=\"wp-block-cover alignfull\" style=\"margin-top:0;margin-bottom:0;padding-top:var(--wp--preset--spacing--20);padding-right:var(--wp--preset--spacing--40);padding-bottom:var(--wp--preset--spacing--20);padding-left:var(--wp--preset--spacing--40);min-height:922px;aspect-ratio:unset;\"><img data-recalc-dims=\"1\" fetchpriority=\"high\" decoding=\"async\" width=\"800\" height=\"530\" class=\"wp-block-cover__image-background wp-image-3720 size-full\" alt=\"Sykkel i S\u00e4len\" src=\"https:\/\/i0.wp.com\/bno-travel.com\/wp-content\/uploads\/2025\/07\/2016JH070360.jpg?resize=800%2C530&#038;ssl=1\" data-object-fit=\"cover\" srcset=\"https:\/\/i0.wp.com\/bno-travel.com\/wp-content\/uploads\/2025\/07\/2016JH070360.jpg?w=6016&amp;ssl=1 6016w, https:\/\/i0.wp.com\/bno-travel.com\/wp-content\/uploads\/2025\/07\/2016JH070360.jpg?resize=300%2C199&amp;ssl=1 300w, https:\/\/i0.wp.com\/bno-travel.com\/wp-content\/uploads\/2025\/07\/2016JH070360.jpg?resize=1024%2C678&amp;ssl=1 1024w, https:\/\/i0.wp.com\/bno-travel.com\/wp-content\/uploads\/2025\/07\/2016JH070360.jpg?resize=768%2C509&amp;ssl=1 768w, https:\/\/i0.wp.com\/bno-travel.com\/wp-content\/uploads\/2025\/07\/2016JH070360.jpg?resize=1536%2C1017&amp;ssl=1 1536w, https:\/\/i0.wp.com\/bno-travel.com\/wp-content\/uploads\/2025\/07\/2016JH070360.jpg?resize=2048%2C1357&amp;ssl=1 2048w, https:\/\/i0.wp.com\/bno-travel.com\/wp-content\/uploads\/2025\/07\/2016JH070360.jpg?w=1600&amp;ssl=1 1600w, https:\/\/i0.wp.com\/bno-travel.com\/wp-content\/uploads\/2025\/07\/2016JH070360.jpg?w=2400&amp;ssl=1 2400w\" sizes=\"(max-width: 800px) 100vw, 800px\" \/><span aria-hidden=\"true\" class=\"wp-block-cover__background has-theme-1-background-color has-background-dim-30 has-background-dim\"><\/span><div class=\"wp-block-cover__inner-container is-layout-flow wp-block-cover-is-layout-flow\">\n<div style=\"height:var(--wp--preset--spacing--50)\" aria-hidden=\"true\" class=\"wp-block-spacer\"><\/div>\n\n\n\n<div style=\"height:var(--wp--preset--spacing--50)\" aria-hidden=\"true\" class=\"wp-block-spacer\"><\/div>\n<\/div><\/div>\n\n<div class=\"wp-block-group alignfull is-style-section-3 is-layout-constrained wp-block-group-is-layout-constrained\" style=\"margin-top:0;margin-bottom:0;padding-top:var(--wp--preset--spacing--40);padding-bottom:var(--wp--preset--spacing--40)\">\n<div class=\"wp-block-columns alignwide are-vertically-aligned-center is-layout-flex wp-container-core-columns-is-layout-d9ad523d wp-block-columns-is-layout-flex\">\n<div class=\"wp-block-column is-vertically-aligned-center is-layout-flow wp-block-column-is-layout-flow\">\n<figure class=\"wp-block-image size-full\"><img data-recalc-dims=\"1\" decoding=\"async\" width=\"799\" height=\"533\" src=\"https:\/\/i0.wp.com\/bno-travel.com\/wp-content\/uploads\/2025\/06\/50812495673_42073df1cc_c.jpg?resize=799%2C533&#038;ssl=1\" alt=\"Trysil Bike Arena\" class=\"wp-image-2447\" style=\"aspect-ratio:3\/4;object-fit:cover\" title=\"title\" srcset=\"https:\/\/i0.wp.com\/bno-travel.com\/wp-content\/uploads\/2025\/06\/50812495673_42073df1cc_c.jpg?w=799&amp;ssl=1 799w, https:\/\/i0.wp.com\/bno-travel.com\/wp-content\/uploads\/2025\/06\/50812495673_42073df1cc_c.jpg?resize=300%2C200&amp;ssl=1 300w, https:\/\/i0.wp.com\/bno-travel.com\/wp-content\/uploads\/2025\/06\/50812495673_42073df1cc_c.jpg?resize=768%2C512&amp;ssl=1 768w\" sizes=\"(max-width: 799px) 100vw, 799px\" \/><\/figure>\n<\/div>\n\n\n\n<div class=\"wp-block-column is-vertically-aligned-center is-content-justification-left is-layout-constrained wp-container-core-column-is-layout-b64f6bf5 wp-block-column-is-layout-constrained\">\n<p class=\"wp-block-paragraph\"><\/p>\n\n\n\n<h2 class=\"wp-block-heading\"><strong>Sykkel i S\u00e4len \u2013 Stisykling i naturskj\u00f8nne fjellomgivelser<\/strong><\/h2>\n\n\n\n<p class=\"wp-block-paragraph\">Velkommen til <strong>S\u00e4len<\/strong> \u2013 en av Sveriges mest popul\u00e6re sommerdestinasjoner for <strong>terrengsykling og sykkelopplevelser for hele familien<\/strong>. Her finner du et variert terreng tilrettelagt for b\u00e5de nybegynnere og erfarne syklister. Med <strong>bygd sti, naturlige skogstraseer og h\u00f8yfjellsterreng<\/strong>, er S\u00e4len et ideelt reisem\u00e5l for deg som elsker \u00e5 oppleve fjellet fra sykkelsetet.<\/p>\n\n\n\n<p class=\"wp-block-paragraph\">Hos <strong>BNO TRAVEL<\/strong> f\u00e5r du hjelp til \u00e5 planlegge et komplett sykkelopphold med <strong>overnatting, sykkelleie, kart, heiskort og aktivitetsforslag<\/strong>. Enten du reiser med barn, partner eller vennegjengen, er S\u00e4len et trygt og tilrettelagt valg \u2013 med store naturopplevelser og kort vei mellom aktivitetene.<\/p>\n\n\n\n<p class=\"wp-block-paragraph\"><strong>S\u00e4len Bike Park \u2013 S\u00e4lens sykkelhjerte<\/strong><\/p>\n\n\n\n<p class=\"wp-block-paragraph\"><strong>S\u00e4len Bike Park i Lindvallen<\/strong> er det naturlige startpunktet for stisykling i omr\u00e5det. Her finner du <strong>maskinbygde flytstier og pumptrack<\/strong>, perfekt for b\u00e5de \u00f8ving og lek. Omr\u00e5det er skiltet som i et skianlegg \u2013 med <strong>gr\u00f8nne, bl\u00e5, r\u00f8de og svarte l\u00f8yper<\/strong> tilpasset ulike ferdighetsniv\u00e5er.<\/p>\n\n\n\n<p class=\"wp-block-paragraph\">Her f\u00e5r du:<\/p>\n\n\n\n<ul class=\"wp-block-list\">\n<li><strong>Flytstier<\/strong> med god flyt, svinger og lette hopp \u2013 uten bratte partier<\/li>\n\n\n\n<li><strong>Barne- og nybegynnervennlige l\u00f8yper<\/strong> som \u201cEasy Rider\u201d og \u201cGreen Trail\u201d<\/li>\n\n\n\n<li><strong>Mer tekniske utfordringer<\/strong> som \u201cLindvallen Black\u201d for erfarne ryttere<\/li>\n\n\n\n<li><strong>Pumptrack og ferdighetsomr\u00e5de<\/strong> ved startpunktet \u2013 for \u00e5 varme opp eller trene balanse<\/li>\n\n\n\n<li><strong>Sykkelheis<\/strong> i sommerdrift (Express 303) som tar deg til toppen raskt og enkelt<\/li>\n<\/ul>\n\n\n\n<p class=\"wp-block-paragraph\">S\u00e4len Bike Park er utviklet for \u00e5 gj\u00f8re stisykling tilgjengelig og g\u00f8y \u2013 uansett alder eller niv\u00e5. Det er kort vei fra leiligheter, hytter og hoteller til sykkelstiene, noe som gj\u00f8r logistikken enkel og barnevennlig.<\/p>\n\n\n\n<p class=\"wp-block-paragraph\"><strong>Mer enn bare park \u2013 naturlige fjellstier og landevei<\/strong><\/p>\n\n\n\n<p class=\"wp-block-paragraph\"><\/p>\n<\/div>\n<\/div>\n<\/div>\n\n<div class=\"wp-block-group alignfull is-style-default is-content-justification-center is-layout-constrained wp-container-core-group-is-layout-69af11d0 wp-block-group-is-layout-constrained\" style=\"margin-top:0;margin-bottom:0;padding-top:var(--wp--preset--spacing--40);padding-bottom:var(--wp--preset--spacing--40)\">\n<div class=\"wp-block-group alignwide is-content-justification-left is-layout-constrained wp-container-core-group-is-layout-54d22900 wp-block-group-is-layout-constrained\"><\/div>\n<\/div>\n\n<div class=\"wp-block-group alignfull is-content-justification-center is-layout-constrained wp-block-group-is-layout-constrained\" style=\"margin-top:0;margin-bottom:0;padding-top:var(--wp--preset--spacing--40);padding-bottom:var(--wp--preset--spacing--40)\">\n<div class=\"wp-block-columns alignwide are-vertically-aligned-center is-layout-flex wp-container-core-columns-is-layout-7387b849 wp-block-columns-is-layout-flex\">\n<div class=\"wp-block-column is-vertically-aligned-center is-content-justification-left is-layout-constrained wp-container-core-column-is-layout-b64f6bf5 wp-block-column-is-layout-constrained\">\n<p class=\"wp-block-paragraph\">I tillegg til Bike Park finnes det <strong>naturlige grusstier, fjellveier og skogsl\u00f8yper<\/strong> som gir mulighet for lengre turer og ekte fjellf\u00f8lelse. Du kan kombinere sykling med <strong>fisking, fotturer eller en piknik ved elva<\/strong>, og det er lett \u00e5 finne b\u00e5de korte og lange ruter med god utsikt.<\/p>\n\n\n\n<h2 class=\"wp-block-heading has-xx-large-font-size\"><strong>Feiten over fietsvoorzieningen in S\u00e4len<\/strong><\/h2>\n\n\n\n<p class=\"wp-block-paragraph\">De afgelopen jaren heeft S\u00e4len zich gevestigd als een van de spannendste zomerse mountainbikebestemmingen van Zweden. Met een<a href=\"https:\/\/www.visitdalarna.se\/biking\/biking-dalarna\" target=\"_blank\" rel=\"noopener\"> groeiend netwerk van fietspaden<\/a>, moderne faciliteiten en bergterrein geschikt voor alle niveaus trekt het gebied zowel families als ervaren fietsers aan. <\/p>\n\n\n\n<ul class=\"wp-block-list\">\n<li>Meer dan 30 kilometer aan machinaal aangelegde paden in verschillende moeilijkheidsgraden<\/li>\n\n\n\n<li>Fietsen met de lift via de Express-lift in Lindvallen<\/li>\n\n\n\n<li>Pumptrack, evenwichtsparcours en techniekgebieden voor kinderen en beginners<\/li>\n\n\n\n<li>Fietsverhuur, workshop en rondleidingen beschikbaar<\/li>\n\n\n\n<li>Onderdeel van het erkende concept SkiStar Bikepark S\u00e4len<\/li>\n<\/ul>\n\n\n\n<p class=\"wp-block-paragraph\">S\u00e4len investeert actief in zomeractiviteiten en heeft het gebied populair gemaakt bij mensen die op zoek zijn naar activiteit, natuurbeleving en eenvoudige logistiek.<\/p>\n\n\n\n<p class=\"wp-block-paragraph\"><strong>Fietsen met de lift in S\u00e4len<\/strong><\/p>\n\n\n\n<p class=\"wp-block-paragraph\">Als je meer snelheid en flow wilt, kun je in Lindvallen het beste fietsen met de lift. De Express-lift (303) brengt jou en je fiets naar de top, waar verschillende populaire routes beginnen. Je kunt kiezen tussen gemakkelijke flow trails of meer technische afdalingen die je balans en controle op de proef stellen.  <\/p>\n\n\n\n<p class=\"wp-block-paragraph\">Voorbeelden van trails vanaf de top zijn:<br\/>Easy Rider - een gezinsvriendelijke en speelse flow trail die perfect is voor beginners<br\/>Lindvallen Blue - een middelzware trail met leuke bochten en makkelijk terrein<br\/>Lindvallen Black - een meer technische uitdaging voor ervaren rijders.<\/p>\n\n\n\n<p class=\"wp-block-paragraph\">Je kunt fietsen met de lift ook combineren met natuurlijke grind- en bergpaden in de omgeving van H\u00f6gfj\u00e4llet en Tand\u00e5dalen, wat veel afwisseling biedt en de mogelijkheid biedt voor langere tochten. S\u00e4len is daarom geschikt voor zowel korte dagtochten als hele mountainbikeweken. natuurlijke bergpaden voor een dagvullende ervaring met spectaculaire uitzichten. <\/p>\n<\/div>\n\n\n\n<div class=\"wp-block-column is-vertically-aligned-center is-layout-flow wp-block-column-is-layout-flow\">\n<figure class=\"wp-block-image size-full\"><img data-recalc-dims=\"1\" decoding=\"async\" width=\"800\" height=\"534\" src=\"https:\/\/i0.wp.com\/bno-travel.com\/wp-content\/uploads\/2025\/07\/2016JH106267.jpg?resize=800%2C534&#038;ssl=1\" alt=\"Fietsen in S&#xE4;len\" class=\"wp-image-3706\" style=\"aspect-ratio:3\/4;object-fit:cover\" srcset=\"https:\/\/i0.wp.com\/bno-travel.com\/wp-content\/uploads\/2025\/07\/2016JH106267.jpg?w=6016&amp;ssl=1 6016w, https:\/\/i0.wp.com\/bno-travel.com\/wp-content\/uploads\/2025\/07\/2016JH106267.jpg?resize=300%2C200&amp;ssl=1 300w, https:\/\/i0.wp.com\/bno-travel.com\/wp-content\/uploads\/2025\/07\/2016JH106267.jpg?resize=1024%2C684&amp;ssl=1 1024w, https:\/\/i0.wp.com\/bno-travel.com\/wp-content\/uploads\/2025\/07\/2016JH106267.jpg?resize=768%2C513&amp;ssl=1 768w, https:\/\/i0.wp.com\/bno-travel.com\/wp-content\/uploads\/2025\/07\/2016JH106267.jpg?resize=1536%2C1025&amp;ssl=1 1536w, https:\/\/i0.wp.com\/bno-travel.com\/wp-content\/uploads\/2025\/07\/2016JH106267.jpg?resize=2048%2C1367&amp;ssl=1 2048w, https:\/\/i0.wp.com\/bno-travel.com\/wp-content\/uploads\/2025\/07\/2016JH106267.jpg?w=1600&amp;ssl=1 1600w, https:\/\/i0.wp.com\/bno-travel.com\/wp-content\/uploads\/2025\/07\/2016JH106267.jpg?w=2400&amp;ssl=1 2400w\" sizes=\"(max-width: 800px) 100vw, 800px\" \/><\/figure>\n<\/div>\n<\/div>\n<\/div>\n\n<div class=\"wp-block-group alignfull is-style-default is-content-justification-center is-layout-constrained wp-container-core-group-is-layout-69af11d0 wp-block-group-is-layout-constrained\" style=\"margin-top:0;margin-bottom:0;padding-top:var(--wp--preset--spacing--40);padding-bottom:var(--wp--preset--spacing--40)\">\n<div class=\"wp-block-group alignfull is-content-justification-center is-layout-constrained wp-container-core-group-is-layout-4853c3a7 wp-block-group-is-layout-constrained\" style=\"margin-top:0;margin-bottom:0;padding-top:calc( 0.5 * var(u002du002dwpu002du002dstyleu002du002drootu002du002dpadding-right, var(u002du002dwpu002du002dcustomu002du002dgapu002du002dhorizontal)));padding-right:var(u002du002dwpu002du002dstyleu002du002drootu002du002dpadding-right, var(u002du002dwpu002du002dcustomu002du002dgapu002du002dhorizontal));padding-bottom:calc( 0.5 * var(u002du002dwpu002du002dstyleu002du002drootu002du002dpadding-right, var(u002du002dwpu002du002dcustomu002du002dgapu002du002dhorizontal)));padding-left:var(u002du002dwpu002du002dstyleu002du002drootu002du002dpadding-left, var(u002du002dwpu002du002dcustomu002du002dgapu002du002dhorizontal))\">\n<div style=\"height:calc( 0.25 * var(u002du002dwpu002du002dstyleu002du002drootu002du002dpadding-right, var(u002du002dwpu002du002dcustomu002du002dgapu002du002dhorizontal)))\" aria-hidden=\"true\" class=\"wp-block-spacer\"><\/div>\n\n\n\n<div class=\"wp-block-columns alignwide is-layout-flex wp-container-core-columns-is-layout-7387b849 wp-block-columns-is-layout-flex\">\n<div class=\"wp-block-column is-vertically-aligned-center is-layout-flow wp-block-column-is-layout-flow\">\n<figure class=\"wp-block-image size-full\"><img data-recalc-dims=\"1\" loading=\"lazy\" decoding=\"async\" width=\"799\" height=\"533\" src=\"https:\/\/i0.wp.com\/bno-travel.com\/wp-content\/uploads\/2025\/06\/30949654317_6b7658a402_c.jpg?resize=799%2C533&#038;ssl=1\" alt=\"\" class=\"wp-image-2395\" style=\"aspect-ratio:3\/4;object-fit:cover\" srcset=\"https:\/\/i0.wp.com\/bno-travel.com\/wp-content\/uploads\/2025\/06\/30949654317_6b7658a402_c.jpg?w=799&amp;ssl=1 799w, https:\/\/i0.wp.com\/bno-travel.com\/wp-content\/uploads\/2025\/06\/30949654317_6b7658a402_c.jpg?resize=300%2C200&amp;ssl=1 300w, https:\/\/i0.wp.com\/bno-travel.com\/wp-content\/uploads\/2025\/06\/30949654317_6b7658a402_c.jpg?resize=768%2C512&amp;ssl=1 768w\" sizes=\"(max-width: 799px) 100vw, 799px\" \/><\/figure>\n<\/div>\n\n\n\n<div class=\"wp-block-column is-vertically-aligned-center is-layout-flow wp-block-column-is-layout-flow\">\n<p class=\"has-text-align-left wp-block-paragraph\"><strong>Andere zomeractiviteiten in S\u00e4len<\/strong><\/p>\n\n\n\n<p class=\"wp-block-paragraph\">Fietsen is een grote attractie in S\u00e4len, maar het gebied biedt ook een scala aan <strong>zomeractiviteiten<\/strong> om je bergvakantie compleet te maken - voor jong en oud.<\/p>\n\n\n\n<ul class=\"wp-block-list\">\n<li>Klimparken en ziplinen in Lindvallen, met parcours geschikt voor zowel kinderen als volwassenen<\/li>\n\n\n\n<li>Kano\u00ebn of kajakken op de V\u00e4sterdal\u00e4lven rivier of rustige bergmeren<\/li>\n\n\n\n<li>Wandelen in hoge bergen en bossen met goed gemarkeerde paden<\/li>\n\n\n\n<li>Vissen in rivieren en meren - zowel vliegvissen als traditioneel<\/li>\n\n\n\n<li><a href=\"https:\/\/bno-travel.com\/nl\/?page_id=3972\">Golfen bij S\u00e4lenfj\u00e4llens Golfklubb<\/a> - 18 holes in een schilderachtig berglandschap<\/li>\n<\/ul>\n\n\n\n<p class=\"wp-block-paragraph\">S\u00e4len heeft ook een goede selectie <strong>restaurants en caf\u00e9s<\/strong>, met zowel lokale als internationale menu&#8217;s - perfect na een actieve dag in de bergen.<\/p>\n\n\n\n<p class=\"wp-block-paragraph\"><strong>Overnachtingen met BNO TRAVEL<\/strong><\/p>\n\n\n\n<p class=\"wp-block-paragraph\">Als je boekt via BNO TRAVEL, krijg je toegang tot een breed aanbod <a href=\"https:\/\/bno-travel.com\/nl\/?page_id=2866\">aan accommodatiemogelijkheden<\/a> in heel S\u00e4len. Wij bieden: <\/p>\n\n\n\n<p class=\"wp-block-paragraph\">Moderne appartementen in Lindvallen - dicht bij fietspaden, klimpark en restaurants<br\/>Gezellige hutten in H\u00f6gfj\u00e4llet en Tand\u00e5dalen - perfect voor gezinnen en groepen vrienden<br\/>Rustige wooneenheden in een schilderachtige omgeving met uitzicht en wandelgebied direct voor de deur<br\/>Accommodatie met beddengoed, eindschoonmaak en sleutelbeheer inbegrepen<\/p>\n\n\n\n<p class=\"wp-block-paragraph\">We helpen je de oplossing te vinden die het beste bij je behoeften past en zorgen ervoor dat alles klaar is als je aankomt.<\/p>\n\n\n\n<p class=\"wp-block-paragraph\"><strong>S\u00e4len - Een zomerbestemming voor het hele gezin<\/strong><\/p>\n\n\n\n<p class=\"wp-block-paragraph\">Of je nu een ervaren fietser, een wandelaar of gewoon een vakantie met activiteit, natuur en ontspanning wilt - S\u00e4len is een ideale bestemming. Hier krijg je <strong>een berggevoel, frisse lucht en geweldige ervaringen<\/strong>, gecombineerd met een hoog comfortniveau en een korte afstand tot alles. <\/p>\n\n\n\n<p class=\"wp-block-paragraph\"><strong>Laat BNO TRAVEL de details voor je regelen zodat je optimaal kunt genieten van je zomer in S\u00e4len.<\/strong><\/p>\n\n\n\n<p class=\"wp-block-paragraph\">Wil je je volgende bergvakantie in S\u00e4len plannen? Neem vandaag nog contact op met BNO TRAVEL voor een vrijblijvende offerte. <\/p>\n\n\n\n<p class=\"wp-block-paragraph\">Vraag ChatGPT<\/p>\n<\/div>\n<\/div>\n\n\n\n<div style=\"height:calc( 0.25 * var(u002du002dwpu002du002dstyleu002du002drootu002du002dpadding-right, var(u002du002dwpu002du002dcustomu002du002dgapu002du002dhorizontal)))\" aria-hidden=\"true\" class=\"wp-block-spacer\"><\/div>\n<\/div>\n\n\n\n<div class=\"wp-block-group alignwide is-content-justification-left is-layout-constrained wp-container-core-group-is-layout-54d22900 wp-block-group-is-layout-constrained\"><\/div>\n<\/div>\n\n<div class=\"wp-block-group alignfull is-style-default is-content-justification-center is-layout-constrained wp-container-core-group-is-layout-cdf99998 wp-block-group-is-layout-constrained\" style=\"margin-top:0;margin-bottom:0;padding-top:var(--wp--preset--spacing--40);padding-bottom:var(--wp--preset--spacing--40)\"><\/div>\n\n<p class=\"wp-block-paragraph\"><\/p>\n","protected":false},"excerpt":{"rendered":"<p>Sykkel i S\u00e4len \u2013 Stisykling i naturskj\u00f8nne fjellomgivelser Velkommen til S\u00e4len \u2013 en av Sveriges mest popul\u00e6re sommerdestinasjoner for terrengsykling og sykkelopplevelser for hele familien. Her finner du et variert terreng tilrettelagt for b\u00e5de nybegynnere og erfarne syklister. Med bygd sti, naturlige skogstraseer og h\u00f8yfjellsterreng, er S\u00e4len et ideelt reisem\u00e5l for deg som elsker \u00e5 [&hellip;]<\/p>\n","protected":false},"author":260013438,"featured_media":0,"parent":0,"menu_order":0,"comment_status":"closed","ping_status":"closed","template":"","meta":{"_crdt_document":"","footnotes":""},"class_list":["post-3896","page","type-page","status-publish","hentry"],"jetpack_likes_enabled":true,"jetpack_sharing_enabled":true,"jetpack_shortlink":"https:\/\/wp.me\/PgDuwj-10Q","jetpack-related-posts":[{"id":2865,"url":"https:\/\/bno-travel.com\/en\/the-journey-here-to-salenfjellet\/","url_meta":{"origin":3896,"position":0},"title":"The journey here to S\u00e4lenfjellet","author":"Jan Terje \u00c5s","date":"11 juli 2025","format":false,"excerpt":". How to get to S\u00e4lenfjellet - by plane, rental car, bus, train or own car \u2708\ufe0f By plane to Oslo Airport Gardermoen (OSL) Oslo Airport is one of the most common entry points for travelers to S\u00e4len. There are direct flights from a number of major European cities. Continue\u2026","rel":"","context":"Soortgelijk bericht","block_context":{"text":"Soortgelijk bericht","link":""},"img":{"alt_text":"overnatting i salen","src":"https:\/\/i0.wp.com\/bno-travel.com\/wp-content\/uploads\/2025\/06\/AdobeStock_121113275-e1751307052527.jpeg?resize=350%2C200&ssl=1","width":350,"height":200,"srcset":"https:\/\/i0.wp.com\/bno-travel.com\/wp-content\/uploads\/2025\/06\/AdobeStock_121113275-e1751307052527.jpeg?resize=350%2C200&ssl=1 1x, https:\/\/i0.wp.com\/bno-travel.com\/wp-content\/uploads\/2025\/06\/AdobeStock_121113275-e1751307052527.jpeg?resize=525%2C300&ssl=1 1.5x, https:\/\/i0.wp.com\/bno-travel.com\/wp-content\/uploads\/2025\/06\/AdobeStock_121113275-e1751307052527.jpeg?resize=700%2C400&ssl=1 2x, https:\/\/i0.wp.com\/bno-travel.com\/wp-content\/uploads\/2025\/06\/AdobeStock_121113275-e1751307052527.jpeg?resize=1050%2C600&ssl=1 3x, https:\/\/i0.wp.com\/bno-travel.com\/wp-content\/uploads\/2025\/06\/AdobeStock_121113275-e1751307052527.jpeg?resize=1400%2C800&ssl=1 4x"},"classes":[]},{"id":3825,"url":"https:\/\/bno-travel.com\/en\/spa-and-bath-in-salen\/","url_meta":{"origin":3896,"position":1},"title":"Spa and swimming in S\u00e4len","author":"Jan Terje \u00c5s","date":"18 juli 2025","format":false,"excerpt":"Spa and baths in S\u00e4len - Wellness and relaxation in a mountain environment S\u00e4len isn't just about skiing, cycling and the great outdoors - it's also a fantastic destination if you're looking for peace, relaxation and true mountain harmony. Whether you're coming for a romantic weekend, a family vacation or\u2026","rel":"","context":"Soortgelijk bericht","block_context":{"text":"Soortgelijk bericht","link":""},"img":{"alt_text":"","src":"https:\/\/i0.wp.com\/bno-travel.com\/wp-content\/uploads\/2025\/07\/52200128044_b550a6c33d_c.jpg?resize=350%2C200&ssl=1","width":350,"height":200,"srcset":"https:\/\/i0.wp.com\/bno-travel.com\/wp-content\/uploads\/2025\/07\/52200128044_b550a6c33d_c.jpg?resize=350%2C200&ssl=1 1x, https:\/\/i0.wp.com\/bno-travel.com\/wp-content\/uploads\/2025\/07\/52200128044_b550a6c33d_c.jpg?resize=525%2C300&ssl=1 1.5x, https:\/\/i0.wp.com\/bno-travel.com\/wp-content\/uploads\/2025\/07\/52200128044_b550a6c33d_c.jpg?resize=700%2C400&ssl=1 2x"},"classes":[]},{"id":35286,"url":"https:\/\/bno-travel.com\/en\/restaurants-in-salen\/","url_meta":{"origin":3896,"position":2},"title":"Restaurants in S\u00e4len","author":"Jan Terje \u00c5s","date":"18 juli 2025","format":false,"excerpt":"Restaurants in S\u00e4len Flavourful experiences all year round \u2013 from mountain restaurants and bakeries to social dinners and relaxing breaks between activities S\u00e4len is not only about skiing, cycling and mountain scenery. It is also a destination with a varied selection of restaurants, caf\u00e9s and places to eat that make\u2026","rel":"","context":"Soortgelijk bericht","block_context":{"text":"Soortgelijk bericht","link":""},"img":{"alt_text":"","src":"","width":0,"height":0},"classes":[]},{"id":2862,"url":"https:\/\/bno-travel.com\/en\/salenfjellet\/","url_meta":{"origin":3896,"position":3},"title":"S\u00e4lenfjellet","author":"Jan Terje \u00c5s","date":"30 september 2025","format":false,"excerpt":". Lindvallen, H\u00f6gfj\u00e4llet and Tand\u00e5dalen Welcome to snowy adventures and relaxing cabin life in S\u00e4len.With BNO TRAVEL, you stay comfortably in the heart of S\u00e4lenfjellet \u2013 close to Lindvallen, H\u00f6gfj\u00e4llet and Tand\u00e5dalen. The area is known for its wide selection of alpine slopes, family-friendly atmosphere and excellent cross-country conditions. Our\u2026","rel":"","context":"Soortgelijk bericht","block_context":{"text":"Soortgelijk bericht","link":""},"img":{"alt_text":"overnatting i salen","src":"https:\/\/i0.wp.com\/bno-travel.com\/wp-content\/uploads\/2025\/06\/AdobeStock_121113275-e1751307052527.jpeg?resize=350%2C200&ssl=1","width":350,"height":200,"srcset":"https:\/\/i0.wp.com\/bno-travel.com\/wp-content\/uploads\/2025\/06\/AdobeStock_121113275-e1751307052527.jpeg?resize=350%2C200&ssl=1 1x, https:\/\/i0.wp.com\/bno-travel.com\/wp-content\/uploads\/2025\/06\/AdobeStock_121113275-e1751307052527.jpeg?resize=525%2C300&ssl=1 1.5x, https:\/\/i0.wp.com\/bno-travel.com\/wp-content\/uploads\/2025\/06\/AdobeStock_121113275-e1751307052527.jpeg?resize=700%2C400&ssl=1 2x, https:\/\/i0.wp.com\/bno-travel.com\/wp-content\/uploads\/2025\/06\/AdobeStock_121113275-e1751307052527.jpeg?resize=1050%2C600&ssl=1 3x, https:\/\/i0.wp.com\/bno-travel.com\/wp-content\/uploads\/2025\/06\/AdobeStock_121113275-e1751307052527.jpeg?resize=1400%2C800&ssl=1 4x"},"classes":[]},{"id":28330,"url":"https:\/\/bno-travel.com\/en\/home-page\/","url_meta":{"origin":3896,"position":4},"title":"Home page","author":"Jan Terje \u00c5s","date":"3 april 2026","format":false,"excerpt":"Plan your trip easier with BNO Travel Find accommodation in selected destinations, search for flights for journeys near and far, and book a rental car that gives you the freedom to go further. All in one neat and user-friendly solution. Find accommodation Search flights Find car rental Easier choice. Better\u2026","rel":"","context":"Soortgelijk bericht","block_context":{"text":"Soortgelijk bericht","link":""},"img":{"alt_text":"","src":"","width":0,"height":0},"classes":[]},{"id":1935,"url":"https:\/\/bno-travel.com\/en\/we-convey-your-device\/","url_meta":{"origin":3896,"position":5},"title":"We arrange your unit in Trysil and S\u00e4lenfjellet","author":"Jan Terje \u00c5s","date":"11 juli 2025","format":false,"excerpt":"We're changing the way rental works in Trysil and S\u00e4len Rental and brokerage of cabins and apartments in Trysil and S\u00e4len, now we're changing how it works How do you go about it? If you're renting out your cabin or apartment in Trysil or S\u00e4len today, you can choose between\u2026","rel":"","context":"Soortgelijk bericht","block_context":{"text":"Soortgelijk bericht","link":""},"img":{"alt_text":"Trysil Turistsenter byr p\u00e5 et stort utvalg for overnatting","src":"https:\/\/i0.wp.com\/bno-travel.com\/wp-content\/uploads\/2025\/06\/10001-20191216-Drone0784-scaled-2.jpg?resize=350%2C200&ssl=1","width":350,"height":200,"srcset":"https:\/\/i0.wp.com\/bno-travel.com\/wp-content\/uploads\/2025\/06\/10001-20191216-Drone0784-scaled-2.jpg?resize=350%2C200&ssl=1 1x, https:\/\/i0.wp.com\/bno-travel.com\/wp-content\/uploads\/2025\/06\/10001-20191216-Drone0784-scaled-2.jpg?resize=525%2C300&ssl=1 1.5x, https:\/\/i0.wp.com\/bno-travel.com\/wp-content\/uploads\/2025\/06\/10001-20191216-Drone0784-scaled-2.jpg?resize=700%2C400&ssl=1 2x, https:\/\/i0.wp.com\/bno-travel.com\/wp-content\/uploads\/2025\/06\/10001-20191216-Drone0784-scaled-2.jpg?resize=1050%2C600&ssl=1 3x, https:\/\/i0.wp.com\/bno-travel.com\/wp-content\/uploads\/2025\/06\/10001-20191216-Drone0784-scaled-2.jpg?resize=1400%2C800&ssl=1 4x"},"classes":[]}],"_links":{"self":[{"href":"https:\/\/bno-travel.com\/nl\/wp-json\/wp\/v2\/pages\/3896","targetHints":{"allow":["GET"]}}],"collection":[{"href":"https:\/\/bno-travel.com\/nl\/wp-json\/wp\/v2\/pages"}],"about":[{"href":"https:\/\/bno-travel.com\/nl\/wp-json\/wp\/v2\/types\/page"}],"author":[{"embeddable":true,"href":"https:\/\/bno-travel.com\/nl\/wp-json\/wp\/v2\/users\/260013438"}],"replies":[{"embeddable":true,"href":"https:\/\/bno-travel.com\/nl\/wp-json\/wp\/v2\/comments?post=3896"}],"version-history":[{"count":2,"href":"https:\/\/bno-travel.com\/nl\/wp-json\/wp\/v2\/pages\/3896\/revisions"}],"predecessor-version":[{"id":4864,"href":"https:\/\/bno-travel.com\/nl\/wp-json\/wp\/v2\/pages\/3896\/revisions\/4864"}],"wp:attachment":[{"href":"https:\/\/bno-travel.com\/nl\/wp-json\/wp\/v2\/media?parent=3896"}],"curies":[{"name":"wp","href":"https:\/\/api.w.org\/{rel}","templated":true}]}}