{"id":4003,"date":"2025-07-18T20:35:21","date_gmt":"2025-07-18T18:35:21","guid":{"rendered":"https:\/\/bno-travel.com\/?page_id=4003"},"modified":"2025-07-18T20:36:03","modified_gmt":"2025-07-18T18:36:03","slug":"klimpark-in-salen","status":"publish","type":"page","link":"https:\/\/bno-travel.com\/nl\/klimpark-in-salen\/","title":{"rendered":"Klimpark in S\u00e4len"},"content":{"rendered":"\n<p class=\"wp-block-paragraph\"><\/p>\n\n<div class=\"wp-block-cover alignfull\" style=\"margin-top:0;margin-bottom:0;padding-top:var(--wp--preset--spacing--20);padding-right:var(--wp--preset--spacing--40);padding-bottom:var(--wp--preset--spacing--20);padding-left:var(--wp--preset--spacing--40);min-height:917px;aspect-ratio:unset;\"><img data-recalc-dims=\"1\" fetchpriority=\"high\" decoding=\"async\" width=\"800\" height=\"534\" class=\"wp-block-cover__image-background wp-image-2239 size-full\" alt=\"\" src=\"https:\/\/i0.wp.com\/bno-travel.com\/wp-content\/uploads\/2025\/06\/43124442155_8f90996eef_c.jpg?resize=800%2C534&#038;ssl=1\" style=\"object-position:54% 56%\" data-object-fit=\"cover\" data-object-position=\"54% 56%\" srcset=\"https:\/\/i0.wp.com\/bno-travel.com\/wp-content\/uploads\/2025\/06\/43124442155_8f90996eef_c.jpg?w=800&amp;ssl=1 800w, https:\/\/i0.wp.com\/bno-travel.com\/wp-content\/uploads\/2025\/06\/43124442155_8f90996eef_c.jpg?resize=300%2C200&amp;ssl=1 300w, https:\/\/i0.wp.com\/bno-travel.com\/wp-content\/uploads\/2025\/06\/43124442155_8f90996eef_c.jpg?resize=768%2C513&amp;ssl=1 768w\" sizes=\"(max-width: 800px) 100vw, 800px\" \/><span aria-hidden=\"true\" class=\"wp-block-cover__background has-theme-1-background-color has-background-dim-30 has-background-dim\"><\/span><div class=\"wp-block-cover__inner-container is-layout-flow wp-block-cover-is-layout-flow\">\n<div style=\"height:var(--wp--preset--spacing--50)\" aria-hidden=\"true\" class=\"wp-block-spacer\"><\/div>\n\n\n\n<div style=\"height:var(--wp--preset--spacing--50)\" aria-hidden=\"true\" class=\"wp-block-spacer\"><\/div>\n<\/div><\/div>\n\n<div class=\"wp-block-group alignfull is-style-section-3 is-layout-constrained wp-block-group-is-layout-constrained\" style=\"margin-top:0;margin-bottom:0;padding-top:var(--wp--preset--spacing--40);padding-bottom:var(--wp--preset--spacing--40)\">\n<div class=\"wp-block-columns alignwide are-vertically-aligned-center is-layout-flex wp-container-core-columns-is-layout-d9ad523d wp-block-columns-is-layout-flex\">\n<div class=\"wp-block-column is-vertically-aligned-center is-layout-flow wp-block-column-is-layout-flow\">\n<figure class=\"wp-block-image size-full\"><img data-recalc-dims=\"1\" decoding=\"async\" width=\"800\" height=\"534\" src=\"https:\/\/i0.wp.com\/bno-travel.com\/wp-content\/uploads\/2025\/06\/43311668904_2a700093da_c.jpg?resize=800%2C534&#038;ssl=1\" alt=\"Klimpark in S&#xE4;len\" class=\"wp-image-2434\" style=\"aspect-ratio:3\/4;object-fit:cover\" title=\"titel\" srcset=\"https:\/\/i0.wp.com\/bno-travel.com\/wp-content\/uploads\/2025\/06\/43311668904_2a700093da_c.jpg?w=800&amp;ssl=1 800w, https:\/\/i0.wp.com\/bno-travel.com\/wp-content\/uploads\/2025\/06\/43311668904_2a700093da_c.jpg?resize=300%2C200&amp;ssl=1 300w, https:\/\/i0.wp.com\/bno-travel.com\/wp-content\/uploads\/2025\/06\/43311668904_2a700093da_c.jpg?resize=768%2C513&amp;ssl=1 768w\" sizes=\"(max-width: 800px) 100vw, 800px\" \/><\/figure>\n<\/div>\n\n\n\n<div class=\"wp-block-column is-vertically-aligned-center is-content-justification-left is-layout-constrained wp-container-core-column-is-layout-b64f6bf5 wp-block-column-is-layout-constrained\">\n<p class=\"wp-block-paragraph\"><\/p>\n\n\n\n<h2 class=\"wp-block-heading\"><strong>Klimpark in S\u00e4len - Spanning, beheersing en plezier voor het hele gezin<\/strong><\/h2>\n\n\n\n<p class=\"wp-block-paragraph\">Welkom bij <a href=\"https:\/\/www.skistar.com\/sv\/vara-skidorter\/salen\/sommar-i-salen\/aktiviteter\/klatterpark\/\" target=\"_blank\" rel=\"noopener\"><strong>H\u00f6gt &amp; L\u00e5gt S\u00e4len<\/strong>, een modern en gezinsvriendelijk klimpark<\/a> prachtig gelegen bij Svansj\u00f6n in Lindvallen. Hier vind je luchtige ziplines, spannende hindernisbanen in de bomen en uitdagingen voor jonge kinderen, tieners, volwassenen en adrenalinezoekende avonturiers. <\/p>\n\n\n\n<p class=\"wp-block-paragraph\">Met <strong>BNO TRAVEL<\/strong> kun je eenvoudig een actieve vakantie plannen en boeken in S\u00e4len, waar het klimpark een natuurlijk hoogtepunt zal zijn - of je nu reist met familie, vrienden of een bedrijfsuitje.<\/p>\n\n\n\n<p class=\"wp-block-paragraph\"><strong>Een ervaring voor alle leeftijden<\/strong><\/p>\n\n\n\n<p class=\"wp-block-paragraph\">Het klimpark in S\u00e4len heeft routes die geschikt zijn voor kinderen vanaf 3 jaar (vanaf 80 cm hoogte), en verschillende routes voor jongeren en volwassenen die meer spanning en hogere uitdagingen willen. Het combineert beheersing, beweging en natuurbeleving op een veilige en leuke manier. <\/p>\n\n\n\n<p class=\"wp-block-paragraph\">Dit is een ideale activiteit voor:<\/p>\n\n\n\n<ul class=\"wp-block-list\">\n<li>Vakantie met het gezin<\/li>\n\n\n\n<li>Teambuilding en bedrijfsuitjes<\/li>\n\n\n\n<li>Vriendschapsgroepen en vrijgezellenfeesten<\/li>\n\n\n\n<li>Actieve stellen en soloreizigers<\/li>\n<\/ul>\n\n\n\n<p class=\"wp-block-paragraph\">Samen klimmen, je eigen grenzen verleggen en meesterschap in de hoogte ervaren zorgt voor vriendschap en goede herinneringen. Het klimpark in S\u00e4len is een must voor iedereen die op zoek is naar een actieve zomerervaring in de bergen, met mooie herinneringen en echte kameraadschap.<\/p>\n<\/div>\n<\/div>\n<\/div>\n\n<div class=\"wp-block-group alignfull is-style-default is-content-justification-center is-layout-constrained wp-container-core-group-is-layout-69af11d0 wp-block-group-is-layout-constrained\" style=\"margin-top:0;margin-bottom:0;padding-top:var(--wp--preset--spacing--40);padding-bottom:var(--wp--preset--spacing--40)\">\n<div class=\"wp-block-group alignwide is-content-justification-left is-layout-constrained wp-container-core-group-is-layout-54d22900 wp-block-group-is-layout-constrained\"><\/div>\n<\/div>\n\n<div class=\"wp-block-group alignfull is-content-justification-center is-layout-constrained wp-block-group-is-layout-constrained\" style=\"margin-top:0;margin-bottom:0;padding-top:var(--wp--preset--spacing--40);padding-bottom:var(--wp--preset--spacing--40)\">\n<div class=\"wp-block-columns alignwide are-vertically-aligned-center is-layout-flex wp-container-core-columns-is-layout-7387b849 wp-block-columns-is-layout-flex\">\n<div class=\"wp-block-column is-vertically-aligned-center is-content-justification-left is-layout-constrained wp-container-core-column-is-layout-b64f6bf5 wp-block-column-is-layout-constrained\">\n<h2 class=\"wp-block-heading has-xx-large-font-size\"><strong>Feiten over het klimpark in S\u00e4len<\/strong><\/h2>\n\n\n\n<p class=\"wp-block-paragraph\">Het klimpark in S\u00e4len is idyllisch gelegen bij Svansj\u00f6n in Lindvallen, midden in de bergen van S\u00e4len. Het park maakt deel uit van SkiStar&#8217;s brede aanbod van zomer- en herfstactiviteiten en biedt een spannende combinatie van natuur, lichaamsbeweging en beheersing voor het hele gezin. Hier vindt u:  <\/p>\n\n\n\n<ul class=\"wp-block-list\">\n<li>Meer dan <strong>75 hindernissen en activiteiten<\/strong> op hoogte<\/li>\n\n\n\n<li><strong>9 verschillende klimroutes<\/strong>, aangepast aan verschillende hoogtes, leeftijden en vaardigheidsniveaus<\/li>\n\n\n\n<li><strong>11 ziplines<\/strong>, waaronder drie die over water zweven<\/li>\n\n\n\n<li>Speciale <strong>paden voor kinderen vanaf 80 cm hoogte<\/strong> en meer veeleisende routes voor ervaren klimmers<\/li>\n\n\n\n<li>Focus op veiligheid met moderne <strong>harnassen en continu beveiligingssysteem<\/strong><\/li>\n\n\n\n<li>Faciliteiten zoals <strong>terrassen, banken en picknickplaatsen<\/strong> bij het meer<\/li>\n<\/ul>\n\n\n\n<p class=\"wp-block-paragraph\">Het park is zorgvuldig ingedeeld op moeilijkheidsgraad, zodat iedereen - van de allerkleinsten tot volwassenen met klimervaring - geschikte uitdagingen kan vinden. Je kunt beginnen met de makkelijkste groene routes en je opwerken naar blauwe, rode en zwarte routes voor maximale hoogte en spanning. <\/p>\n\n\n\n<p class=\"wp-block-paragraph\"><strong>Extra tips: Beleef de zomer in S\u00e4len<\/strong><\/p>\n\n\n\n<p class=\"wp-block-paragraph\">Het klimpark is slechts een van de vele zomeractiviteiten in S\u00e4len! Als je eenmaal hier bent, kun je ook wandelen, fietsen, kano\u00ebn en vissen - allemaal in een prachtig Zweeds berglandschap. Voor wie op zoek is naar een actieve vakantie met zowel tempo als rust, biedt S\u00e4len een breed scala aan ervaringen.  <\/p>\n<\/div>\n\n\n\n<div class=\"wp-block-column is-vertically-aligned-center is-layout-flow wp-block-column-is-layout-flow\">\n<figure class=\"wp-block-image size-full\"><img data-recalc-dims=\"1\" decoding=\"async\" width=\"800\" height=\"534\" src=\"https:\/\/i0.wp.com\/bno-travel.com\/wp-content\/uploads\/2025\/06\/43124440865_479eca7e07_c.jpg?resize=800%2C534&#038;ssl=1\" alt=\"Klimpark in Trysil\" class=\"wp-image-2421\" style=\"aspect-ratio:3\/4;object-fit:cover\" srcset=\"https:\/\/i0.wp.com\/bno-travel.com\/wp-content\/uploads\/2025\/06\/43124440865_479eca7e07_c.jpg?w=800&amp;ssl=1 800w, https:\/\/i0.wp.com\/bno-travel.com\/wp-content\/uploads\/2025\/06\/43124440865_479eca7e07_c.jpg?resize=300%2C200&amp;ssl=1 300w, https:\/\/i0.wp.com\/bno-travel.com\/wp-content\/uploads\/2025\/06\/43124440865_479eca7e07_c.jpg?resize=768%2C513&amp;ssl=1 768w\" sizes=\"(max-width: 800px) 100vw, 800px\" \/><\/figure>\n<\/div>\n<\/div>\n<\/div>\n\n<div class=\"wp-block-group alignfull is-style-default is-content-justification-center is-layout-constrained wp-container-core-group-is-layout-69af11d0 wp-block-group-is-layout-constrained\" style=\"margin-top:0;margin-bottom:0;padding-top:var(--wp--preset--spacing--40);padding-bottom:var(--wp--preset--spacing--40)\">\n<div class=\"wp-block-group alignfull is-content-justification-center is-layout-constrained wp-container-core-group-is-layout-4853c3a7 wp-block-group-is-layout-constrained\" style=\"margin-top:0;margin-bottom:0;padding-top:calc( 0.5 * var(u002du002dwpu002du002dstyleu002du002drootu002du002dpadding-right, var(u002du002dwpu002du002dcustomu002du002dgapu002du002dhorizontal)));padding-right:var(u002du002dwpu002du002dstyleu002du002drootu002du002dpadding-right, var(u002du002dwpu002du002dcustomu002du002dgapu002du002dhorizontal));padding-bottom:calc( 0.5 * var(u002du002dwpu002du002dstyleu002du002drootu002du002dpadding-right, var(u002du002dwpu002du002dcustomu002du002dgapu002du002dhorizontal)));padding-left:var(u002du002dwpu002du002dstyleu002du002drootu002du002dpadding-left, var(u002du002dwpu002du002dcustomu002du002dgapu002du002dhorizontal))\">\n<div style=\"height:calc( 0.25 * var(u002du002dwpu002du002dstyleu002du002drootu002du002dpadding-right, var(u002du002dwpu002du002dcustomu002du002dgapu002du002dhorizontal)))\" aria-hidden=\"true\" class=\"wp-block-spacer\"><\/div>\n\n\n\n<div class=\"wp-block-columns alignwide is-layout-flex wp-container-core-columns-is-layout-7387b849 wp-block-columns-is-layout-flex\">\n<div class=\"wp-block-column is-vertically-aligned-center is-layout-flow wp-block-column-is-layout-flow\">\n<figure class=\"wp-block-image size-full\"><img data-recalc-dims=\"1\" loading=\"lazy\" decoding=\"async\" width=\"800\" height=\"534\" src=\"https:\/\/i0.wp.com\/bno-travel.com\/wp-content\/uploads\/2025\/07\/20D.jpg?resize=800%2C534&#038;ssl=1\" alt=\"Overnachten in S&#xE4;len\" class=\"wp-image-5262\" style=\"aspect-ratio:3\/4;object-fit:cover\" srcset=\"https:\/\/i0.wp.com\/bno-travel.com\/wp-content\/uploads\/2025\/07\/20D.jpg?w=1200&amp;ssl=1 1200w, https:\/\/i0.wp.com\/bno-travel.com\/wp-content\/uploads\/2025\/07\/20D.jpg?resize=300%2C200&amp;ssl=1 300w, https:\/\/i0.wp.com\/bno-travel.com\/wp-content\/uploads\/2025\/07\/20D.jpg?resize=1024%2C684&amp;ssl=1 1024w, https:\/\/i0.wp.com\/bno-travel.com\/wp-content\/uploads\/2025\/07\/20D.jpg?resize=768%2C513&amp;ssl=1 768w\" sizes=\"(max-width: 800px) 100vw, 800px\" \/><\/figure>\n<\/div>\n\n\n\n<div class=\"wp-block-column is-vertically-aligned-center is-layout-flow wp-block-column-is-layout-flow\">\n<p class=\"has-text-align-left wp-block-paragraph\"><strong>Deze activiteiten combineren natuurbeleving, adrenaline en ontspanning op een unieke manier.<\/strong><\/p>\n\n\n\n<p class=\"wp-block-paragraph\"><strong>Accommodatie in S\u00e4len - verblijf dicht bij de activiteiten<\/strong><\/p>\n\n\n\n<p class=\"wp-block-paragraph\"><strong>BNO TRAVEL<\/strong> biedt een gevarieerd aanbod van <a href=\"https:\/\/bno-travel.com\/nl\/waar-verblijven\/\">accommodatiemogelijkheden <\/a>in S\u00e4len, gelegen in en rond Lindvallen, H\u00f6gfj\u00e4llet, Tand\u00e5dalen en Hundfj\u00e4llet. Hier kun je kiezen uit: <\/p>\n\n\n\n<ul class=\"wp-block-list\">\n<li>Moderne hutten en appartementen met een hoge standaard en op korte afstand van het klimpark<\/li>\n\n\n\n<li>Gezinsvriendelijke eenheden met veel ruimte en praktische voorzieningen<\/li>\n\n\n\n<li>Accommodatie in een rustige omgeving - dicht bij bergen, water en wandelmogelijkheden<\/li>\n<\/ul>\n\n\n\n<p class=\"wp-block-paragraph\">Alle accommodatieopties geven je gemakkelijk toegang tot natuurbelevenissen, wandelpaden, fietspaden en activiteitengebieden. Met onze hulp vind je de plek die het beste bij je past - of je nu op zoek bent naar veel comfort, een budgetvriendelijke optie of iets daartussenin. De prijzen in het zomerseizoen zijn vaak erg gunstig, waardoor <strong>S\u00e4len een betaalbare keuze is voor een actieve vakantie<\/strong>.  <\/p>\n\n\n\n<p class=\"wp-block-paragraph\">Een extra tip: Neem je fiets en wandelschoenen mee - het gebied biedt talloze mogelijkheden voor zowel ontspannende als uitdagende wandelingen in de prachtige Zweedse bergnatuur.<\/p>\n\n\n\n<p class=\"wp-block-paragraph\"><strong>Plan je actieve vakantie met BNO TRAVEL<\/strong><\/p>\n\n\n\n<p class=\"wp-block-paragraph\">Bij <strong>BNO TRAVEL<\/strong> kun je gemakkelijk een vakantie op maat samenstellen vol activiteit, natuur en geweldige ervaringen. Wij helpen je met: <\/p>\n\n\n\n<ul class=\"wp-block-list\">\n<li>Reservering van het klimpark en andere activiteiten in de omgeving<\/li>\n\n\n\n<li>Accommodatie in de hele regio S\u00e4len<\/li>\n\n\n\n<li>Tips voor restaurants, excursies en lokale hoogtepunten<\/li>\n\n\n\n<li>Lokale kennis en persoonlijke service voor en tijdens je verblijf<\/li>\n<\/ul>\n\n\n\n<p class=\"wp-block-paragraph\">S\u00e4len is veel meer dan een wintersportcentrum - het is het hele jaar door een bestemming waar natuur, activiteit en familiebelevenissen samenkomen. Of je nu in de boomtoppen wilt klimmen, in bergmeren wilt zwemmen, over paden wilt fietsen of gewoon wilt genieten van de rust en stilte van de berglucht, je vindt het hier. <\/p>\n<\/div>\n<\/div>\n\n\n\n<div style=\"height:calc( 0.25 * var(u002du002dwpu002du002dstyleu002du002drootu002du002dpadding-right, var(u002du002dwpu002du002dcustomu002du002dgapu002du002dhorizontal)))\" aria-hidden=\"true\" class=\"wp-block-spacer\"><\/div>\n<\/div>\n\n\n\n<div class=\"wp-block-group alignwide is-content-justification-left is-layout-constrained wp-container-core-group-is-layout-54d22900 wp-block-group-is-layout-constrained\"><\/div>\n<\/div>\n\n<div class=\"wp-block-group alignfull is-style-default is-content-justification-center is-layout-constrained wp-container-core-group-is-layout-cdf99998 wp-block-group-is-layout-constrained\" style=\"margin-top:0;margin-bottom:0;padding-top:var(--wp--preset--spacing--40);padding-bottom:var(--wp--preset--spacing--40)\"><\/div>\n\n<p class=\"wp-block-paragraph\"><\/p>\n","protected":false},"excerpt":{"rendered":"<p>Klimpark in S\u00e4len - Spanning, beheersing en plezier voor het hele gezin Welkom bij H\u00f6gt &amp; L\u00e5gt S\u00e4len, een modern en gezinsvriendelijk klimpark prachtig gelegen bij Svansj\u00f6n in Lindvallen. Hier vind je luchtige ziplines, spannende hindernisbanen in de bomen en uitdagingen voor jonge kinderen, tieners, volwassenen en adrenalinezoekende avonturiers. Met BNO TRAVEL kun je eenvoudig [&hellip;]<\/p>\n","protected":false},"author":260013438,"featured_media":0,"parent":0,"menu_order":0,"comment_status":"closed","ping_status":"closed","template":"","meta":{"_crdt_document":"","footnotes":""},"class_list":["post-4003","page","type-page","status-publish","hentry"],"jetpack_likes_enabled":true,"jetpack_sharing_enabled":true,"jetpack_shortlink":"https:\/\/wp.me\/PgDuwj-12z","jetpack-related-posts":[{"id":2787,"url":"https:\/\/bno-travel.com\/nl\/ontdek-salenfjellet-het-hele-jaar-door-voor-actieve-vakantiegangers\/","url_meta":{"origin":4003,"position":0},"title":"Ontdek S\u00e4lenfjellet - Het avontuur begint hier","author":"Jan Terje \u00c5s","date":"18 juli 2025","format":false,"excerpt":"Ontdek S\u00e4len \u2605\u2605\u2605\u2605\u2605 Hier vind je accommodatie in S\u00e4len Ontdek S\u00e4len en S\u00e4lenfjellet, een bestemming die het hele jaar door prachtige natuur combineert met een breed scala aan activiteiten en ervaringen. Met BNO REIS is reizen naar S\u00e4len gemakkelijk en comfortabel - of je nu op zoek bent naar winterse\u2026","rel":"","context":"Soortgelijk bericht","block_context":{"text":"Soortgelijk bericht","link":""},"img":{"alt_text":"","src":"https:\/\/i0.wp.com\/bno-travel.com\/wp-content\/uploads\/2025\/06\/2016JH070404.jpg?resize=350%2C200&ssl=1","width":350,"height":200,"srcset":"https:\/\/i0.wp.com\/bno-travel.com\/wp-content\/uploads\/2025\/06\/2016JH070404.jpg?resize=350%2C200&ssl=1 1x, https:\/\/i0.wp.com\/bno-travel.com\/wp-content\/uploads\/2025\/06\/2016JH070404.jpg?resize=525%2C300&ssl=1 1.5x, https:\/\/i0.wp.com\/bno-travel.com\/wp-content\/uploads\/2025\/06\/2016JH070404.jpg?resize=700%2C400&ssl=1 2x, https:\/\/i0.wp.com\/bno-travel.com\/wp-content\/uploads\/2025\/06\/2016JH070404.jpg?resize=1050%2C600&ssl=1 3x, https:\/\/i0.wp.com\/bno-travel.com\/wp-content\/uploads\/2025\/06\/2016JH070404.jpg?resize=1400%2C800&ssl=1 4x"},"classes":[]},{"id":4015,"url":"https:\/\/bno-travel.com\/nl\/wandelen-in-salen\/","url_meta":{"origin":4003,"position":1},"title":"Wandelen in S\u00e4len","author":"Jan Terje \u00c5s","date":"18 juli 2025","format":false,"excerpt":"Wandelen in S\u00e4len - Bergwandelingen, uitzichten en natuurbelevenissen voor iedereen Welkom in S\u00e4len - een bestemming die het hele jaar door bekend staat om ski\u00ebn in de winter en prachtige wandelervaringen in de zomer! Als de sneeuw smelt en de bergen groen worden, biedt S\u00e4len een breed scala aan bergwandelingen,\u2026","rel":"","context":"Soortgelijk bericht","block_context":{"text":"Soortgelijk bericht","link":""},"img":{"alt_text":"Vandring i Trysil","src":"https:\/\/i0.wp.com\/bno-travel.com\/wp-content\/uploads\/2025\/06\/27930399740_e3e100021e_c.jpg?resize=350%2C200&ssl=1","width":350,"height":200,"srcset":"https:\/\/i0.wp.com\/bno-travel.com\/wp-content\/uploads\/2025\/06\/27930399740_e3e100021e_c.jpg?resize=350%2C200&ssl=1 1x, https:\/\/i0.wp.com\/bno-travel.com\/wp-content\/uploads\/2025\/06\/27930399740_e3e100021e_c.jpg?resize=525%2C300&ssl=1 1.5x, https:\/\/i0.wp.com\/bno-travel.com\/wp-content\/uploads\/2025\/06\/27930399740_e3e100021e_c.jpg?resize=700%2C400&ssl=1 2x"},"classes":[]},{"id":4283,"url":"https:\/\/bno-travel.com\/nl\/klimpark-in-trysil\/","url_meta":{"origin":4003,"position":2},"title":"Klimpark in Trysil","author":"Jan Terje \u00c5s","date":"18 juli 2025","format":false,"excerpt":"Klimpark in Trysil - Spanning, beheersing en plezier voor het hele gezin Welkom bij H\u00f8yt & Lavt H\u00f8yt & Lavt TrysilEen van de populairste en modernste klimparken van Noorwegen, midden in de schilderachtige bossen van Trysil. Hier vind je razendsnelle ziplines, hindernisbanen in de bomen en uitdagingen voor kinderen, volwassenen\u2026","rel":"","context":"Soortgelijk bericht","block_context":{"text":"Soortgelijk bericht","link":""},"img":{"alt_text":"Klatrepark i S\u00e4len","src":"https:\/\/i0.wp.com\/bno-travel.com\/wp-content\/uploads\/2025\/06\/43311668904_2a700093da_c.jpg?resize=350%2C200&ssl=1","width":350,"height":200,"srcset":"https:\/\/i0.wp.com\/bno-travel.com\/wp-content\/uploads\/2025\/06\/43311668904_2a700093da_c.jpg?resize=350%2C200&ssl=1 1x, https:\/\/i0.wp.com\/bno-travel.com\/wp-content\/uploads\/2025\/06\/43311668904_2a700093da_c.jpg?resize=525%2C300&ssl=1 1.5x, https:\/\/i0.wp.com\/bno-travel.com\/wp-content\/uploads\/2025\/06\/43311668904_2a700093da_c.jpg?resize=700%2C400&ssl=1 2x"},"classes":[]},{"id":3869,"url":"https:\/\/bno-travel.com\/nl\/restaurants-in-salen\/","url_meta":{"origin":4003,"position":3},"title":"Restaurants in S\u00e4len","author":"Jan Terje \u00c5s","date":"18 juli 2025","format":false,"excerpt":"Restaurants in S\u00e4len - Smakelijke ervaringen het hele jaar door S\u00e4len staat bekend om zijn fantastische ski- en fietsmogelijkheden, maar de bestemming biedt ook een gevarieerd en smakelijk aanbod aan restaurants, caf\u00e9s en eetgelegenheden - het hele jaar door. Of je S\u00e4len nu in de winter of in de zomer\u2026","rel":"","context":"Soortgelijk bericht","block_context":{"text":"Soortgelijk bericht","link":""},"img":{"alt_text":"Restauranter i S\u00e4len","src":"https:\/\/i0.wp.com\/bno-travel.com\/wp-content\/uploads\/2025\/07\/AdobeStock_206047084.jpeg?resize=350%2C200&ssl=1","width":350,"height":200,"srcset":"https:\/\/i0.wp.com\/bno-travel.com\/wp-content\/uploads\/2025\/07\/AdobeStock_206047084.jpeg?resize=350%2C200&ssl=1 1x, https:\/\/i0.wp.com\/bno-travel.com\/wp-content\/uploads\/2025\/07\/AdobeStock_206047084.jpeg?resize=525%2C300&ssl=1 1.5x, https:\/\/i0.wp.com\/bno-travel.com\/wp-content\/uploads\/2025\/07\/AdobeStock_206047084.jpeg?resize=700%2C400&ssl=1 2x, https:\/\/i0.wp.com\/bno-travel.com\/wp-content\/uploads\/2025\/07\/AdobeStock_206047084.jpeg?resize=1050%2C600&ssl=1 3x, https:\/\/i0.wp.com\/bno-travel.com\/wp-content\/uploads\/2025\/07\/AdobeStock_206047084.jpeg?resize=1400%2C800&ssl=1 4x"},"classes":[]},{"id":3896,"url":"https:\/\/bno-travel.com\/nl\/fietsen-in-salen\/","url_meta":{"origin":4003,"position":4},"title":"Fietsen in S\u00e4len","author":"Jan Terje \u00c5s","date":"18 juli 2025","format":false,"excerpt":"Sykkel i S\u00e4len \u2013 Stisykling i naturskj\u00f8nne fjellomgivelser Velkommen til S\u00e4len \u2013 en av Sveriges mest popul\u00e6re sommerdestinasjoner for terrengsykling og sykkelopplevelser for hele familien. Her finner du et variert terreng tilrettelagt for b\u00e5de nybegynnere og erfarne syklister. Med bygd sti, naturlige skogstraseer og h\u00f8yfjellsterreng, er S\u00e4len et ideelt reisem\u00e5l\u2026","rel":"","context":"Soortgelijk bericht","block_context":{"text":"Soortgelijk bericht","link":""},"img":{"alt_text":"Sykkel i S\u00e4len","src":"https:\/\/i0.wp.com\/bno-travel.com\/wp-content\/uploads\/2025\/07\/2016JH070360.jpg?resize=350%2C200&ssl=1","width":350,"height":200,"srcset":"https:\/\/i0.wp.com\/bno-travel.com\/wp-content\/uploads\/2025\/07\/2016JH070360.jpg?resize=350%2C200&ssl=1 1x, https:\/\/i0.wp.com\/bno-travel.com\/wp-content\/uploads\/2025\/07\/2016JH070360.jpg?resize=525%2C300&ssl=1 1.5x, https:\/\/i0.wp.com\/bno-travel.com\/wp-content\/uploads\/2025\/07\/2016JH070360.jpg?resize=700%2C400&ssl=1 2x, https:\/\/i0.wp.com\/bno-travel.com\/wp-content\/uploads\/2025\/07\/2016JH070360.jpg?resize=1050%2C600&ssl=1 3x, https:\/\/i0.wp.com\/bno-travel.com\/wp-content\/uploads\/2025\/07\/2016JH070360.jpg?resize=1400%2C800&ssl=1 4x"},"classes":[]},{"id":3556,"url":"https:\/\/bno-travel.com\/langrenn-i-salen-perfekt-for-den-aktive-familien\/","url_meta":{"origin":4003,"position":5},"title":"Langrenn i S\u00e4len","author":"Jan Terje \u00c5s","date":"18 juli 2025","format":false,"excerpt":"","rel":"","context":"Soortgelijk bericht","block_context":{"text":"Soortgelijk bericht","link":""},"img":{"alt_text":"","src":"","width":0,"height":0},"classes":[]}],"_links":{"self":[{"href":"https:\/\/bno-travel.com\/nl\/wp-json\/wp\/v2\/pages\/4003","targetHints":{"allow":["GET"]}}],"collection":[{"href":"https:\/\/bno-travel.com\/nl\/wp-json\/wp\/v2\/pages"}],"about":[{"href":"https:\/\/bno-travel.com\/nl\/wp-json\/wp\/v2\/types\/page"}],"author":[{"embeddable":true,"href":"https:\/\/bno-travel.com\/nl\/wp-json\/wp\/v2\/users\/260013438"}],"replies":[{"embeddable":true,"href":"https:\/\/bno-travel.com\/nl\/wp-json\/wp\/v2\/comments?post=4003"}],"version-history":[{"count":3,"href":"https:\/\/bno-travel.com\/nl\/wp-json\/wp\/v2\/pages\/4003\/revisions"}],"predecessor-version":[{"id":5287,"href":"https:\/\/bno-travel.com\/nl\/wp-json\/wp\/v2\/pages\/4003\/revisions\/5287"}],"wp:attachment":[{"href":"https:\/\/bno-travel.com\/nl\/wp-json\/wp\/v2\/media?parent=4003"}],"curies":[{"name":"wp","href":"https:\/\/api.w.org\/{rel}","templated":true}]}}