
{"id":4186,"date":"2025-07-18T20:53:01","date_gmt":"2025-07-18T18:53:01","guid":{"rendered":"https:\/\/bno-travel.com\/?page_id=4186"},"modified":"2025-07-18T20:53:01","modified_gmt":"2025-07-18T18:53:01","slug":"wandelen-in-trysil","status":"publish","type":"page","link":"https:\/\/bno-travel.com\/nl\/wandelen-in-trysil\/","title":{"rendered":"Wandelen in Trysil"},"content":{"rendered":"\n<p class=\"wp-block-paragraph\"><\/p>\n\n<div class=\"wp-block-cover alignfull\" style=\"margin-top:0;margin-bottom:0;padding-top:var(--wp--preset--spacing--20);padding-right:var(--wp--preset--spacing--40);padding-bottom:var(--wp--preset--spacing--20);padding-left:var(--wp--preset--spacing--40);min-height:965px;aspect-ratio:unset;\"><img data-recalc-dims=\"1\" fetchpriority=\"high\" decoding=\"async\" width=\"799\" height=\"534\" class=\"wp-block-cover__image-background wp-image-2382 size-full\" alt=\"Vandring i Trysil Skagsvola - en herlig vandretur for hele familien.\" src=\"https:\/\/i0.wp.com\/bno-travel.com\/wp-content\/uploads\/2025\/06\/28177379886_c8a50193b0_c.jpg?resize=799%2C534&#038;ssl=1\" style=\"object-position:53% 63%\" data-object-fit=\"cover\" data-object-position=\"53% 63%\" srcset=\"https:\/\/i0.wp.com\/bno-travel.com\/wp-content\/uploads\/2025\/06\/28177379886_c8a50193b0_c.jpg?w=799&amp;ssl=1 799w, https:\/\/i0.wp.com\/bno-travel.com\/wp-content\/uploads\/2025\/06\/28177379886_c8a50193b0_c.jpg?resize=300%2C201&amp;ssl=1 300w, https:\/\/i0.wp.com\/bno-travel.com\/wp-content\/uploads\/2025\/06\/28177379886_c8a50193b0_c.jpg?resize=768%2C513&amp;ssl=1 768w\" sizes=\"(max-width: 799px) 100vw, 799px\" \/><span aria-hidden=\"true\" class=\"wp-block-cover__background has-theme-1-background-color has-background-dim-30 has-background-dim\"><\/span><div class=\"wp-block-cover__inner-container is-layout-flow wp-block-cover-is-layout-flow\">\n<div style=\"height:var(--wp--preset--spacing--50)\" aria-hidden=\"true\" class=\"wp-block-spacer\"><\/div>\n\n\n\n<div style=\"height:var(--wp--preset--spacing--50)\" aria-hidden=\"true\" class=\"wp-block-spacer\"><\/div>\n<\/div><\/div>\n\n<div class=\"wp-block-group alignfull is-style-section-3 has-global-padding is-layout-constrained wp-block-group-is-layout-constrained\" style=\"margin-top:0;margin-bottom:0;padding-top:var(--wp--preset--spacing--40);padding-bottom:var(--wp--preset--spacing--40)\">\n<div class=\"wp-block-columns alignwide are-vertically-aligned-center is-layout-flex wp-container-core-columns-is-layout-a78f41f9 wp-block-columns-is-layout-flex\">\n<div class=\"wp-block-column is-vertically-aligned-center is-layout-flow wp-block-column-is-layout-flow\">\n<figure class=\"wp-block-image size-full\"><img data-recalc-dims=\"1\" decoding=\"async\" width=\"799\" height=\"534\" src=\"https:\/\/i0.wp.com\/bno-travel.com\/wp-content\/uploads\/2025\/06\/27930399740_e3e100021e_c.jpg?resize=799%2C534&#038;ssl=1\" alt=\"Wandelen in Trysil\" class=\"wp-image-2369\" style=\"aspect-ratio:3\/4;object-fit:cover\" title=\"titel\" srcset=\"https:\/\/i0.wp.com\/bno-travel.com\/wp-content\/uploads\/2025\/06\/27930399740_e3e100021e_c.jpg?w=799&amp;ssl=1 799w, https:\/\/i0.wp.com\/bno-travel.com\/wp-content\/uploads\/2025\/06\/27930399740_e3e100021e_c.jpg?resize=300%2C201&amp;ssl=1 300w, https:\/\/i0.wp.com\/bno-travel.com\/wp-content\/uploads\/2025\/06\/27930399740_e3e100021e_c.jpg?resize=768%2C513&amp;ssl=1 768w\" sizes=\"(max-width: 799px) 100vw, 799px\" \/><\/figure>\n<\/div>\n\n\n\n<div class=\"wp-block-column is-vertically-aligned-center has-global-padding is-content-justification-left is-layout-constrained wp-container-core-column-is-layout-121c5b75 wp-block-column-is-layout-constrained\">\n<p class=\"wp-block-paragraph\"><\/p>\n\n\n\n<h2 class=\"wp-block-heading\">Wandelen in Trysil - Fantastische wandelingen, bergtoppen en natuurbelevenissen<\/h2>\n\n\n\n<p class=\"wp-block-paragraph\">Welkom in Trysil - een bestemming die het hele jaar door veel meer te bieden heeft dan sneeuw en ski\u00ebn! Als de bergen groen worden en de lucht warm, opent Trysil zich voor een breed scala aan <strong>wandelingen, tochten op bergtoppen en spannende natuurbelevenissen<\/strong>. Of je nu op zoek bent naar <a href=\"https:\/\/www.trysil.com\/fjelltur\/turtilbudet-i-trysil\/\" target=\"_blank\" rel=\"noopener\">een ontspannen boswandeling, een gezinsvriendelijke stokkenjacht of een uitdagende toptocht met spectaculaire uitzichten<\/a>, Trysil heeft wat je zoekt.  <\/p>\n\n\n\n<p class=\"wp-block-paragraph\">Met <strong>BNO TRAVEL<\/strong> als je lokale partner kun je gemakkelijk je bergavontuur plannen. We helpen je met accommodatie, tourtips en activiteitenpakketten - allemaal afgestemd op jouw wensen voor een onvergetelijke vakantie in de bergen. cre\u00ebert zowel goede herinneringen als echte gemeenschap.  <\/p>\n\n\n\n<p class=\"wp-block-paragraph\">Stokkenjacht in Trysil<\/p>\n\n\n\n<p class=\"wp-block-paragraph\">Een leuke, laagdrempelige activiteit voor het hele gezin is <strong>Stolpejakten in Trysil<\/strong>. Het combineert een natuurervaring met ori\u00ebntatielopen en een uitdaging. Een kaart en app laten je zien waar de palen staan - in het stadscentrum, in het bos of in de bergen. Je kiest je eigen tempo en de activiteit is geschikt voor kinderen en volwassenen.   <\/p>\n\n\n\n<p class=\"wp-block-paragraph\">De stokkenjacht is gratis, beschikbaar tijdens de zomermaanden en geeft je de kans om nieuwe delen van Trysil te ontdekken die je anders misschien niet zou hebben bezocht. Perfect als activiteit tussen andere excursies door! <\/p>\n\n\n\n<div class=\"wp-block-buttons is-layout-flex wp-block-buttons-is-layout-flex\"><\/div>\n<\/div>\n<\/div>\n<\/div>\n\n<div class=\"wp-block-group alignfull is-style-default has-global-padding is-content-justification-center is-layout-constrained wp-container-core-group-is-layout-da491bdc wp-block-group-is-layout-constrained\" style=\"margin-top:0;margin-bottom:0;padding-top:var(--wp--preset--spacing--40);padding-bottom:var(--wp--preset--spacing--40)\">\n<div class=\"wp-block-group alignwide has-global-padding is-content-justification-left is-layout-constrained wp-container-core-group-is-layout-7f3307cc wp-block-group-is-layout-constrained\">\n<div class=\"wp-block-buttons is-layout-flex wp-block-buttons-is-layout-flex\"><\/div>\n<\/div>\n<\/div>\n\n<div class=\"wp-block-group alignfull has-global-padding is-content-justification-center is-layout-constrained wp-block-group-is-layout-constrained\" style=\"margin-top:0;margin-bottom:0;padding-top:var(--wp--preset--spacing--40);padding-bottom:var(--wp--preset--spacing--40)\">\n<div class=\"wp-block-columns alignwide are-vertically-aligned-center is-layout-flex wp-container-core-columns-is-layout-794e3cfa wp-block-columns-is-layout-flex\">\n<div class=\"wp-block-column is-vertically-aligned-center has-global-padding is-content-justification-left is-layout-constrained wp-container-core-column-is-layout-121c5b75 wp-block-column-is-layout-constrained\">\n<h2 class=\"wp-block-heading has-xx-large-font-size\">Feiten over wandelen in Trysil<\/h2>\n\n\n\n<p class=\"wp-block-paragraph\">Trysil staat bekend om zijn gevarieerde en gemakkelijk toegankelijke natuur. Hier vind je: <\/p>\n\n\n\n<ul class=\"wp-block-list\">\n<li>Meer dan <strong>100 kilometer gemarkeerde wandelpaden<\/strong><\/li>\n\n\n\n<li>Verschillende bekende <strong>bergtopwandelingen<\/strong>, zoals Trysilfjellet (1.132 meter boven zeeniveau), Skagsvola en L\u00e6geret<\/li>\n\n\n\n<li>Gezinsvriendelijke routes, bankjes en picknickplaatsen<\/li>\n\n\n\n<li>Geweldige uitzichtpunten, watervallen en bergmeren<\/li>\n\n\n\n<li>Goede bewegwijzering, kaarten en tourbeschrijvingen<\/li>\n<\/ul>\n\n\n\n<p class=\"wp-block-paragraph\">De tochten zijn geschikt voor alle niveaus - van beginners tot ervaren wandelaars. Veel van de paden hebben startpunten direct naast accommodatie of parkeerterreinen, waardoor het gemakkelijk is om te beginnen zonder lange reizen. <\/p>\n\n\n\n<p class=\"wp-block-paragraph\">Top 3 wandelingen in Trysil<\/p>\n\n\n\n<p class=\"wp-block-paragraph\">1. Trysilfjellet (1132 meter boven zeeniveau)<\/p>\n\n\n\n<p class=\"wp-block-paragraph\">Vanaf Trysil Turistsenter loopt een duidelijk gemarkeerd pad helemaal naar de top. De wandeling duurt 1-2 uur en beloont je met een panoramisch uitzicht op de bergen en het bos. Geschikt voor zowel volwassenen als kinderen die gewend zijn om te wandelen.  <\/p>\n\n\n\n<p class=\"wp-block-paragraph\">2. Skagsvola<\/p>\n\n\n\n<p class=\"wp-block-paragraph\">Dit is een spectaculaire wandeling die je naar de rand van steile kliffen brengt met uitzicht op het Engerdal-gebergte en de rivier de Trysil. De wandeling begint bij Fulufjellet en duurt ongeveer 2-3 uur heen en terug. <\/p>\n\n\n\n<p class=\"wp-block-paragraph\">3. Medisch recht<\/p>\n\n\n\n<p class=\"wp-block-paragraph\">Een gezinsvriendelijke wandeling vanaf Trysil H\u00f8yfjellssenter. Het pad slingert door het bos naar een mooi uitzichtpunt met een picknickbank en een informatiebord. De wandeling is ideaal voor een ontspannen middag.  <\/p>\n\n\n\n<div class=\"wp-block-buttons is-layout-flex wp-block-buttons-is-layout-flex\"><\/div>\n<\/div>\n\n\n\n<div class=\"wp-block-column is-vertically-aligned-center is-layout-flow wp-block-column-is-layout-flow\">\n<figure class=\"wp-block-image size-full\"><img data-recalc-dims=\"1\" decoding=\"async\" width=\"799\" height=\"533\" src=\"https:\/\/i0.wp.com\/bno-travel.com\/wp-content\/uploads\/2025\/06\/30949653687_c4216d72e9_c.jpg?resize=799%2C533&#038;ssl=1\" alt=\"Wandelen in Trysil\" class=\"wp-image-2408\" style=\"aspect-ratio:3\/4;object-fit:cover\" srcset=\"https:\/\/i0.wp.com\/bno-travel.com\/wp-content\/uploads\/2025\/06\/30949653687_c4216d72e9_c.jpg?w=799&amp;ssl=1 799w, https:\/\/i0.wp.com\/bno-travel.com\/wp-content\/uploads\/2025\/06\/30949653687_c4216d72e9_c.jpg?resize=300%2C200&amp;ssl=1 300w, https:\/\/i0.wp.com\/bno-travel.com\/wp-content\/uploads\/2025\/06\/30949653687_c4216d72e9_c.jpg?resize=768%2C512&amp;ssl=1 768w\" sizes=\"(max-width: 799px) 100vw, 799px\" \/><\/figure>\n<\/div>\n<\/div>\n<\/div>\n\n<div class=\"wp-block-group alignfull is-style-default has-global-padding is-content-justification-center is-layout-constrained wp-container-core-group-is-layout-da491bdc wp-block-group-is-layout-constrained\" style=\"margin-top:0;margin-bottom:0;padding-top:var(--wp--preset--spacing--40);padding-bottom:var(--wp--preset--spacing--40)\">\n<div class=\"wp-block-group alignfull has-global-padding is-content-justification-center is-layout-constrained wp-container-core-group-is-layout-4b98f924 wp-block-group-is-layout-constrained\" style=\"margin-top:0;margin-bottom:0;padding-top:calc( 0.5 * var(u002du002dwpu002du002dstyleu002du002drootu002du002dpadding-right, var(u002du002dwpu002du002dcustomu002du002dgapu002du002dhorizontal)));padding-right:var(u002du002dwpu002du002dstyleu002du002drootu002du002dpadding-right, var(u002du002dwpu002du002dcustomu002du002dgapu002du002dhorizontal));padding-bottom:calc( 0.5 * var(u002du002dwpu002du002dstyleu002du002drootu002du002dpadding-right, var(u002du002dwpu002du002dcustomu002du002dgapu002du002dhorizontal)));padding-left:var(u002du002dwpu002du002dstyleu002du002drootu002du002dpadding-left, var(u002du002dwpu002du002dcustomu002du002dgapu002du002dhorizontal))\">\n<div style=\"height:calc( 0.25 * var(u002du002dwpu002du002dstyleu002du002drootu002du002dpadding-right, var(u002du002dwpu002du002dcustomu002du002dgapu002du002dhorizontal)))\" aria-hidden=\"true\" class=\"wp-block-spacer\"><\/div>\n\n\n\n<div class=\"wp-block-columns alignwide is-layout-flex wp-container-core-columns-is-layout-794e3cfa wp-block-columns-is-layout-flex\">\n<div class=\"wp-block-column is-vertically-aligned-center is-layout-flow wp-block-column-is-layout-flow\">\n<figure class=\"wp-block-image size-full\"><img data-recalc-dims=\"1\" loading=\"lazy\" decoding=\"async\" width=\"799\" height=\"533\" src=\"https:\/\/i0.wp.com\/bno-travel.com\/wp-content\/uploads\/2025\/06\/30949654317_6b7658a402_c.jpg?resize=799%2C533&#038;ssl=1\" alt=\"\" class=\"wp-image-2395\" style=\"aspect-ratio:3\/4;object-fit:cover\" srcset=\"https:\/\/i0.wp.com\/bno-travel.com\/wp-content\/uploads\/2025\/06\/30949654317_6b7658a402_c.jpg?w=799&amp;ssl=1 799w, https:\/\/i0.wp.com\/bno-travel.com\/wp-content\/uploads\/2025\/06\/30949654317_6b7658a402_c.jpg?resize=300%2C200&amp;ssl=1 300w, https:\/\/i0.wp.com\/bno-travel.com\/wp-content\/uploads\/2025\/06\/30949654317_6b7658a402_c.jpg?resize=768%2C512&amp;ssl=1 768w\" sizes=\"(max-width: 799px) 100vw, 799px\" \/><\/figure>\n<\/div>\n\n\n\n<div class=\"wp-block-column is-vertically-aligned-center is-layout-flow wp-block-column-is-layout-flow\">\n<p class=\"has-text-align-left wp-block-paragraph\">Zomeractiviteiten in Trysil - meer dan alleen wandelen<\/p>\n\n\n\n<p class=\"wp-block-paragraph\">Trysil biedt veel spannende activiteiten in de zomer. Hier zijn wat tips over wat je kunt combineren met je wandeling: <\/p>\n\n\n\n<ul class=\"wp-block-list\">\n<li><a href=\"https:\/\/www.trysil.com\/stisykling\/gullia\/\" target=\"_blank\" rel=\"noopener\"><strong>Trysil Bike Arena\/Gullia<\/strong><\/a>: Een van de beste trailbikegebieden van Noorwegen - met routes voor alle niveaus<\/li>\n\n\n\n<li><strong><a href=\"https:\/\/bno-travel.com\/nl\/?page_id=4283\">Klimpark en zipline<\/a><\/strong>: Plezier voor het hele gezin, vlak bij het Toeristisch Centrum<\/li>\n\n\n\n<li><strong>Golfen<\/strong>: Speel op de prachtige <a href=\"https:\/\/bno-travel.com\/nl\/?page_id=4308\">Trysilfjellet golfbaan<\/a>, met prachtig uitzicht<\/li>\n\n\n\n<li><strong>Kano en kajak<\/strong>: Peddel in de rivier de Trysil of rustige bergmeren<\/li>\n\n\n\n<li><strong>Vissen<\/strong>: Trysil heeft veel goede viswateren, zowel voor vliegvissen als slepend vissen.<\/li>\n<\/ul>\n\n\n\n<p class=\"wp-block-paragraph\">Met andere woorden, je kunt de hele week vullen met activiteiten of wandelen combineren met ontspanning en wellness in de bergen.<\/p>\n\n\n\n<hr class=\"wp-block-separator has-alpha-channel-opacity\"\/>\n\n\n\n<p class=\"wp-block-paragraph\">Vakantie in Trysil<\/p>\n\n\n\n<p class=\"wp-block-paragraph\">Of je nu aan het begin van de route wilt verblijven, vlakbij het stadscentrum of met uitzicht op de bergen - BNO TRAVEL heeft <a href=\"https:\/\/bno-travel.com\/nl\/?page_id=2907\">accommodatiemogelijkheden <\/a>voor elke behoefte. Wij bieden: <\/p>\n\n\n\n<ul class=\"wp-block-list\">\n<li><strong>Hutten en appartementen<\/strong> met directe toegang tot wandelpaden<\/li>\n\n\n\n<li><strong>Berghutten<\/strong> in een rustige omgeving in het High Mountain Centre<\/li>\n\n\n\n<li>Accommodatie met keuken, patio en geweldige faciliteiten<\/li>\n<\/ul>\n\n\n\n<p class=\"wp-block-paragraph\">We maken oplossingen op maat voor stellen, gezinnen met kinderen en vriendengroepen en helpen je graag met suggesties voor wandelroutes en activiteiten. Een vakantie in Trysil in de zomer biedt een betaalbare activiteitenvakantie voor het hele gezin.   <\/p>\n\n\n\n<hr class=\"wp-block-separator has-alpha-channel-opacity\"\/>\n\n\n\n<p class=\"wp-block-paragraph\">Plan je vakantie in de bergen met BNO TRAVEL<\/p>\n\n\n\n<p class=\"wp-block-paragraph\">Trysil is een wandelparadijs - vol contrasten, natuurbeleving en activiteiten voor alle leeftijden. Met <strong>BNO TRAVEL<\/strong> kun je op een veilige, persoonlijke en flexibele manier je vakantie plannen. <\/p>\n\n\n\n<p class=\"wp-block-paragraph\">We kennen de berg - en we helpen je om hem op de best mogelijke manier te ervaren.<\/p>\n\n\n\n<p class=\"wp-block-paragraph\"><strong>Boek vandaag nog je bergreis naar Trysil en ontdek een nieuwe kant van de grootste bergbestemming van Noorwegen!<\/strong><\/p>\n\n\n\n<div class=\"wp-block-buttons is-content-justification-center is-layout-flex wp-container-core-buttons-is-layout-a0cd93e3 wp-block-buttons-is-layout-flex\"><\/div>\n<\/div>\n<\/div>\n\n\n\n<div style=\"height:calc( 0.25 * var(u002du002dwpu002du002dstyleu002du002drootu002du002dpadding-right, var(u002du002dwpu002du002dcustomu002du002dgapu002du002dhorizontal)))\" aria-hidden=\"true\" class=\"wp-block-spacer\"><\/div>\n<\/div>\n\n\n\n<div class=\"wp-block-group alignwide has-global-padding is-content-justification-left is-layout-constrained wp-container-core-group-is-layout-7f3307cc wp-block-group-is-layout-constrained\">\n<div class=\"wp-block-buttons is-layout-flex wp-block-buttons-is-layout-flex\"><\/div>\n<\/div>\n<\/div>\n\n<div class=\"wp-block-group alignfull is-style-default has-global-padding is-content-justification-center is-layout-constrained wp-container-core-group-is-layout-f1053a0f wp-block-group-is-layout-constrained\" style=\"margin-top:0;margin-bottom:0;padding-top:var(--wp--preset--spacing--40);padding-bottom:var(--wp--preset--spacing--40)\"><\/div>\n\n<p class=\"wp-block-paragraph\"><\/p>\n","protected":false},"excerpt":{"rendered":"<p>Wandelen in Trysil - Fantastische wandelingen, bergtoppen en natuurbelevenissen Welkom in Trysil - een bestemming die het hele jaar door veel meer te bieden heeft dan sneeuw en ski\u00ebn! Als de bergen groen worden en de lucht warm, opent Trysil zich voor een breed scala aan wandelingen, tochten op bergtoppen en spannende natuurbelevenissen. Of je [&hellip;]<\/p>\n","protected":false},"author":260013438,"featured_media":0,"parent":0,"menu_order":0,"comment_status":"closed","ping_status":"closed","template":"","meta":{"_crdt_document":"","jetpack_post_was_ever_published":false,"footnotes":""},"class_list":["post-4186","page","type-page","status-publish","hentry"],"jetpack_likes_enabled":true,"jetpack_sharing_enabled":true,"jetpack_shortlink":"https:\/\/wp.me\/PgDuwj-15w","jetpack-related-posts":[{"id":2813,"url":"https:\/\/bno-travel.com\/nl\/ontdek-trysil-het-hele-jaar-door-voor-actieve-vakantiegangers\/","url_meta":{"origin":4186,"position":0},"title":"Ontdek Trysil: Het hele jaar door voor actieve vakantiegangers","author":"Jan Terje \u00c5s","date":"11 juli 2025","format":false,"excerpt":"Ervaar Trysil \u2605\u2605\u2605\u2605\u2605 Hier vind je accommodatie in Trysil Trysil is niet alleen de grootste skibestemming van Noorwegen - het is ook het hele jaar door een paradijs voor actieve gasten, gezinnen en natuurliefhebbers. Of je de berg nu bezoekt voor snelheid en spanning, ontspanning of quality time met het\u2026","rel":"","context":"Soortgelijk bericht","block_context":{"text":"Soortgelijk bericht","link":""},"img":{"alt_text":"Opplev Trysil","src":"https:\/\/i0.wp.com\/bno-travel.com\/wp-content\/uploads\/2025\/07\/20.06.19_Dronebilder-Sentrum_FULLSIZE-2.jpg?resize=350%2C200&ssl=1","width":350,"height":200,"srcset":"https:\/\/i0.wp.com\/bno-travel.com\/wp-content\/uploads\/2025\/07\/20.06.19_Dronebilder-Sentrum_FULLSIZE-2.jpg?resize=350%2C200&ssl=1 1x, https:\/\/i0.wp.com\/bno-travel.com\/wp-content\/uploads\/2025\/07\/20.06.19_Dronebilder-Sentrum_FULLSIZE-2.jpg?resize=525%2C300&ssl=1 1.5x, https:\/\/i0.wp.com\/bno-travel.com\/wp-content\/uploads\/2025\/07\/20.06.19_Dronebilder-Sentrum_FULLSIZE-2.jpg?resize=700%2C400&ssl=1 2x, https:\/\/i0.wp.com\/bno-travel.com\/wp-content\/uploads\/2025\/07\/20.06.19_Dronebilder-Sentrum_FULLSIZE-2.jpg?resize=1050%2C600&ssl=1 3x, https:\/\/i0.wp.com\/bno-travel.com\/wp-content\/uploads\/2025\/07\/20.06.19_Dronebilder-Sentrum_FULLSIZE-2.jpg?resize=1400%2C800&ssl=1 4x"},"classes":[]},{"id":2779,"url":"https:\/\/bno-travel.com\/nl\/hooggebergtecentrum-trysil\/","url_meta":{"origin":4186,"position":1},"title":"Hooggebergtecentrum Trysil","author":"Jan Terje \u00c5s","date":"18 juli 2025","format":false,"excerpt":"Trysil H\u00f8yfjellssenter - Fager\u00e5sen Welkom bij eersteklas bergrust en skibeleving! BNO TRAVEL geeft je toegang tot comfortabele hutten en appartementen in Trysil H\u00f8yfjellssenter \/ Fager\u00e5sen, bekend om zijn sneeuwzekere locatie, gezinsvriendelijke sfeer en panoramisch uitzicht op Trysilfjellet. Onze aanbiedingen bij Fager\u00e5sen \/ Trysil H\u00f8yfjellssenter: Ski-in\/ski-out: Directe toegang tot langlaufen en\u2026","rel":"","context":"Soortgelijk bericht","block_context":{"text":"Soortgelijk bericht","link":""},"img":{"alt_text":"Fager\u00e5sen og Trysil H\u00f8yfjellssenter ","src":"https:\/\/i0.wp.com\/bno-travel.com\/wp-content\/uploads\/2025\/07\/10001-Fagerasen1122_006.jpg?resize=350%2C200&ssl=1","width":350,"height":200,"srcset":"https:\/\/i0.wp.com\/bno-travel.com\/wp-content\/uploads\/2025\/07\/10001-Fagerasen1122_006.jpg?resize=350%2C200&ssl=1 1x, https:\/\/i0.wp.com\/bno-travel.com\/wp-content\/uploads\/2025\/07\/10001-Fagerasen1122_006.jpg?resize=525%2C300&ssl=1 1.5x, https:\/\/i0.wp.com\/bno-travel.com\/wp-content\/uploads\/2025\/07\/10001-Fagerasen1122_006.jpg?resize=700%2C400&ssl=1 2x, https:\/\/i0.wp.com\/bno-travel.com\/wp-content\/uploads\/2025\/07\/10001-Fagerasen1122_006.jpg?resize=1050%2C600&ssl=1 3x, https:\/\/i0.wp.com\/bno-travel.com\/wp-content\/uploads\/2025\/07\/10001-Fagerasen1122_006.jpg?resize=1400%2C800&ssl=1 4x"},"classes":[]},{"id":14617,"url":"https:\/\/bno-travel.com\/nl\/litunet-721b-7-bedden-2\/","url_meta":{"origin":4186,"position":2},"title":"Uil 917 - 14 bedden","author":"Jan Terje \u00c5s","date":"28 december 2025","format":false,"excerpt":"Ugla 917, Trysilfjell Huttengebied Vanaf 990 kr per dag \u2605\u2605\u2605\u2605 Controleer beschikbare data Welkom in Ugla 917 - een ruime en gezinsvriendelijke hut op \u00e9\u00e9n niveau, perfect voor wie een comfortabele uitvalsbasis zoekt voor zowel ski- als bergavonturen in Trysil. Ugla 917 is een moderne en gezellige hut van 105\u2026","rel":"","context":"Soortgelijk bericht","block_context":{"text":"Soortgelijk bericht","link":""},"img":{"alt_text":"Ugla 917","src":"https:\/\/i0.wp.com\/bno-travel.com\/wp-content\/uploads\/2025\/12\/01Fasade.jpg?resize=350%2C200&ssl=1","width":350,"height":200,"srcset":"https:\/\/i0.wp.com\/bno-travel.com\/wp-content\/uploads\/2025\/12\/01Fasade.jpg?resize=350%2C200&ssl=1 1x, https:\/\/i0.wp.com\/bno-travel.com\/wp-content\/uploads\/2025\/12\/01Fasade.jpg?resize=525%2C300&ssl=1 1.5x, https:\/\/i0.wp.com\/bno-travel.com\/wp-content\/uploads\/2025\/12\/01Fasade.jpg?resize=700%2C400&ssl=1 2x, https:\/\/i0.wp.com\/bno-travel.com\/wp-content\/uploads\/2025\/12\/01Fasade.jpg?resize=1050%2C600&ssl=1 3x, https:\/\/i0.wp.com\/bno-travel.com\/wp-content\/uploads\/2025\/12\/01Fasade.jpg?resize=1400%2C800&ssl=1 4x"},"classes":[]},{"id":4308,"url":"https:\/\/bno-travel.com\/nl\/golf-in-trysil\/","url_meta":{"origin":4186,"position":3},"title":"Golf in Trysil","author":"Jan Terje \u00c5s","date":"18 juli 2025","format":false,"excerpt":"Golf in Trysil en Engerdal - Speel met uitzicht op bergen, bossen en stilte Welkom in Trysil en Engerdal - een waar golfparadijs in een schilderachtige omgeving! Hier vind je goed onderhouden banen, spectaculaire uitzichten en een rustige omgeving die zorgen voor een heel bijzondere golfervaring. Of je nu een\u2026","rel":"","context":"Soortgelijk bericht","block_context":{"text":"Soortgelijk bericht","link":""},"img":{"alt_text":"Golf i Trysil","src":"https:\/\/i0.wp.com\/bno-travel.com\/wp-content\/uploads\/2025\/06\/18670754034_e10bf74a7e_c.jpg?resize=350%2C200&ssl=1","width":350,"height":200,"srcset":"https:\/\/i0.wp.com\/bno-travel.com\/wp-content\/uploads\/2025\/06\/18670754034_e10bf74a7e_c.jpg?resize=350%2C200&ssl=1 1x, https:\/\/i0.wp.com\/bno-travel.com\/wp-content\/uploads\/2025\/06\/18670754034_e10bf74a7e_c.jpg?resize=525%2C300&ssl=1 1.5x"},"classes":[]},{"id":14427,"url":"https:\/\/bno-travel.com\/nl\/vestsidevegen-14\/","url_meta":{"origin":4186,"position":4},"title":"Vestsidevegen 14","author":"Jan Terje \u00c5s","date":"18 december 2025","format":false,"excerpt":"Vestsidevegen 14, centrum Trysil Vanaf 990 kr per dag \u2605\u2605\u2605\u2605\u2605 Controleer beschikbare data Dit is een praktisch en gezellig huis midden in het centrum van Trysil - perfect voor gezinnen en groepen vrienden die comfortabel willen verblijven op korte afstand van zowel activiteiten als alle voorzieningen. Je kunt je auto\u2026","rel":"","context":"Soortgelijk bericht","block_context":{"text":"Soortgelijk bericht","link":""},"img":{"alt_text":"","src":"https:\/\/i0.wp.com\/bno-travel.com\/wp-content\/uploads\/2026\/01\/Vestsidevegen-1-1.jpg?resize=350%2C200&ssl=1","width":350,"height":200,"srcset":"https:\/\/i0.wp.com\/bno-travel.com\/wp-content\/uploads\/2026\/01\/Vestsidevegen-1-1.jpg?resize=350%2C200&ssl=1 1x, https:\/\/i0.wp.com\/bno-travel.com\/wp-content\/uploads\/2026\/01\/Vestsidevegen-1-1.jpg?resize=525%2C300&ssl=1 1.5x, https:\/\/i0.wp.com\/bno-travel.com\/wp-content\/uploads\/2026\/01\/Vestsidevegen-1-1.jpg?resize=700%2C400&ssl=1 2x, https:\/\/i0.wp.com\/bno-travel.com\/wp-content\/uploads\/2026\/01\/Vestsidevegen-1-1.jpg?resize=1050%2C600&ssl=1 3x, https:\/\/i0.wp.com\/bno-travel.com\/wp-content\/uploads\/2026\/01\/Vestsidevegen-1-1.jpg?resize=1400%2C800&ssl=1 4x"},"classes":[]},{"id":4159,"url":"https:\/\/bno-travel.com\/nl\/fietsen-in-trysil\/","url_meta":{"origin":4186,"position":5},"title":"Fietsen in Trysil","author":"Jan Terje \u00c5s","date":"18 juli 2025","format":false,"excerpt":"Fietsen in Trysil - de beste trailfietsbestemming van Noorwegen Welkom in Trysil - een van de populairste zomerbestemmingen in Scandinavi\u00eb voor fietsliefhebbers! Hier vind je uniek terrein dat geschikt is voor zowel gezinnen als ervaren fietsers. Met meer dan 50 kilometer aan aangelegde paden, natuurlijke bergroutes en fietsen met liften\u2026","rel":"","context":"Soortgelijk bericht","block_context":{"text":"Soortgelijk bericht","link":""},"img":{"alt_text":"Fjellrunden i Trysil","src":"https:\/\/i0.wp.com\/bno-travel.com\/wp-content\/uploads\/2025\/07\/2016JH106071-1.jpg?resize=350%2C200&ssl=1","width":350,"height":200,"srcset":"https:\/\/i0.wp.com\/bno-travel.com\/wp-content\/uploads\/2025\/07\/2016JH106071-1.jpg?resize=350%2C200&ssl=1 1x, https:\/\/i0.wp.com\/bno-travel.com\/wp-content\/uploads\/2025\/07\/2016JH106071-1.jpg?resize=525%2C300&ssl=1 1.5x, https:\/\/i0.wp.com\/bno-travel.com\/wp-content\/uploads\/2025\/07\/2016JH106071-1.jpg?resize=700%2C400&ssl=1 2x, https:\/\/i0.wp.com\/bno-travel.com\/wp-content\/uploads\/2025\/07\/2016JH106071-1.jpg?resize=1050%2C600&ssl=1 3x, https:\/\/i0.wp.com\/bno-travel.com\/wp-content\/uploads\/2025\/07\/2016JH106071-1.jpg?resize=1400%2C800&ssl=1 4x"},"classes":[]}],"_links":{"self":[{"href":"https:\/\/bno-travel.com\/nl\/wp-json\/wp\/v2\/pages\/4186","targetHints":{"allow":["GET"]}}],"collection":[{"href":"https:\/\/bno-travel.com\/nl\/wp-json\/wp\/v2\/pages"}],"about":[{"href":"https:\/\/bno-travel.com\/nl\/wp-json\/wp\/v2\/types\/page"}],"author":[{"embeddable":true,"href":"https:\/\/bno-travel.com\/nl\/wp-json\/wp\/v2\/users\/260013438"}],"replies":[{"embeddable":true,"href":"https:\/\/bno-travel.com\/nl\/wp-json\/wp\/v2\/comments?post=4186"}],"version-history":[{"count":2,"href":"https:\/\/bno-travel.com\/nl\/wp-json\/wp\/v2\/pages\/4186\/revisions"}],"predecessor-version":[{"id":4904,"href":"https:\/\/bno-travel.com\/nl\/wp-json\/wp\/v2\/pages\/4186\/revisions\/4904"}],"wp:attachment":[{"href":"https:\/\/bno-travel.com\/nl\/wp-json\/wp\/v2\/media?parent=4186"}],"curies":[{"name":"wp","href":"https:\/\/api.w.org\/{rel}","templated":true}]}}