{"id":4315,"date":"2025-10-11T13:38:52","date_gmt":"2025-10-11T11:38:52","guid":{"rendered":"https:\/\/bno-travel.com\/?page_id=4315"},"modified":"2025-10-11T13:39:17","modified_gmt":"2025-10-11T11:39:17","slug":"sneeuwscooters-in-trysil","status":"publish","type":"page","link":"https:\/\/bno-travel.com\/nl\/sneeuwscooters-in-trysil\/","title":{"rendered":"Sneeuwscooters in Trysil"},"content":{"rendered":"\n<p class=\"wp-block-paragraph\"><\/p>\n\n<div class=\"wp-block-cover alignfull\" style=\"margin-top:0;margin-bottom:0;padding-top:var(--wp--preset--spacing--20);padding-right:var(--wp--preset--spacing--40);padding-bottom:var(--wp--preset--spacing--20);padding-left:var(--wp--preset--spacing--40);min-height:916px;aspect-ratio:unset;\"><img data-recalc-dims=\"1\" fetchpriority=\"high\" decoding=\"async\" width=\"800\" height=\"534\" class=\"wp-block-cover__image-background wp-image-3280 size-large\" alt=\"Sn\u00f8scooter i Trysil\" src=\"https:\/\/i0.wp.com\/bno-travel.com\/wp-content\/uploads\/2025\/07\/10000-4718.jpg?resize=800%2C534&#038;ssl=1\" style=\"object-position:49% 68%\" data-object-fit=\"cover\" data-object-position=\"49% 68%\" srcset=\"https:\/\/i0.wp.com\/bno-travel.com\/wp-content\/uploads\/2025\/07\/10000-4718.jpg?resize=1024%2C683&amp;ssl=1 1024w, https:\/\/i0.wp.com\/bno-travel.com\/wp-content\/uploads\/2025\/07\/10000-4718.jpg?resize=300%2C200&amp;ssl=1 300w, https:\/\/i0.wp.com\/bno-travel.com\/wp-content\/uploads\/2025\/07\/10000-4718.jpg?resize=768%2C512&amp;ssl=1 768w, https:\/\/i0.wp.com\/bno-travel.com\/wp-content\/uploads\/2025\/07\/10000-4718.jpg?resize=1536%2C1024&amp;ssl=1 1536w, https:\/\/i0.wp.com\/bno-travel.com\/wp-content\/uploads\/2025\/07\/10000-4718.jpg?resize=2048%2C1365&amp;ssl=1 2048w, https:\/\/i0.wp.com\/bno-travel.com\/wp-content\/uploads\/2025\/07\/10000-4718.jpg?w=1600&amp;ssl=1 1600w, https:\/\/i0.wp.com\/bno-travel.com\/wp-content\/uploads\/2025\/07\/10000-4718.jpg?w=2400&amp;ssl=1 2400w\" sizes=\"(max-width: 800px) 100vw, 800px\" \/><span aria-hidden=\"true\" class=\"wp-block-cover__background has-theme-1-background-color has-background-dim-30 has-background-dim\"><\/span><div class=\"wp-block-cover__inner-container is-layout-flow wp-block-cover-is-layout-flow\">\n<div style=\"height:var(--wp--preset--spacing--50)\" aria-hidden=\"true\" class=\"wp-block-spacer\"><\/div>\n\n\n\n<div class=\"wp-block-group is-layout-constrained wp-block-group-is-layout-constrained\">\n<p class=\"has-text-align-center wp-block-paragraph\"><\/p>\n\n\n\n<div class=\"wp-block-buttons is-content-justification-center is-layout-flex wp-container-core-buttons-is-layout-3e41869c wp-block-buttons-is-layout-flex\"><\/div>\n<\/div>\n\n\n\n<div style=\"height:var(--wp--preset--spacing--50)\" aria-hidden=\"true\" class=\"wp-block-spacer\"><\/div>\n<\/div><\/div>\n\n<div class=\"wp-block-group alignfull is-style-section-3 is-layout-constrained wp-block-group-is-layout-constrained\" style=\"margin-top:0;margin-bottom:0;padding-top:var(--wp--preset--spacing--40);padding-bottom:var(--wp--preset--spacing--40)\">\n<div class=\"wp-block-columns alignwide are-vertically-aligned-center is-layout-flex wp-container-core-columns-is-layout-d9ad523d wp-block-columns-is-layout-flex\">\n<div class=\"wp-block-column is-vertically-aligned-center is-layout-flow wp-block-column-is-layout-flow\">\n<figure class=\"wp-block-image size-full\"><img data-recalc-dims=\"1\" decoding=\"async\" width=\"800\" height=\"533\" src=\"https:\/\/i0.wp.com\/bno-travel.com\/wp-content\/uploads\/2025\/07\/10001-4897.jpg?resize=800%2C533&#038;ssl=1\" alt=\"Sneeuwscooters in Trysil en Engerdal\" class=\"wp-image-3293\" style=\"aspect-ratio:3\/4;object-fit:cover\" title=\"titel\" srcset=\"https:\/\/i0.wp.com\/bno-travel.com\/wp-content\/uploads\/2025\/07\/10001-4897.jpg?w=5025&amp;ssl=1 5025w, https:\/\/i0.wp.com\/bno-travel.com\/wp-content\/uploads\/2025\/07\/10001-4897.jpg?resize=300%2C200&amp;ssl=1 300w, https:\/\/i0.wp.com\/bno-travel.com\/wp-content\/uploads\/2025\/07\/10001-4897.jpg?resize=1024%2C683&amp;ssl=1 1024w, https:\/\/i0.wp.com\/bno-travel.com\/wp-content\/uploads\/2025\/07\/10001-4897.jpg?resize=768%2C512&amp;ssl=1 768w, https:\/\/i0.wp.com\/bno-travel.com\/wp-content\/uploads\/2025\/07\/10001-4897.jpg?resize=1536%2C1024&amp;ssl=1 1536w, https:\/\/i0.wp.com\/bno-travel.com\/wp-content\/uploads\/2025\/07\/10001-4897.jpg?resize=2048%2C1365&amp;ssl=1 2048w, https:\/\/i0.wp.com\/bno-travel.com\/wp-content\/uploads\/2025\/07\/10001-4897.jpg?w=1600&amp;ssl=1 1600w, https:\/\/i0.wp.com\/bno-travel.com\/wp-content\/uploads\/2025\/07\/10001-4897.jpg?w=2400&amp;ssl=1 2400w\" sizes=\"(max-width: 800px) 100vw, 800px\" \/><\/figure>\n<\/div>\n\n\n\n<div class=\"wp-block-column is-vertically-aligned-center is-content-justification-left is-layout-constrained wp-container-core-column-is-layout-b64f6bf5 wp-block-column-is-layout-constrained\">\n<p class=\"wp-block-paragraph\"><\/p>\n\n\n\n<h2 class=\"wp-block-heading\">Sneeuwscooteren in Trysil en Engerdal - Snelle avonturen in de wilde Noorse natuur<\/h2>\n\n\n\n<p class=\"wp-block-paragraph\">Welkom in Trysil en Engerdal - twee van de mooiste sneeuwscootergebieden van Noorwegen, waar je een echt winteravontuur op de sneeuwscooter kunt beleven! Hier vind je kilometers aan bewegwijzerde paden, professionele rondleidingen en de mogelijkheid om een sneeuwscooter te huren voor een dag of weekend. Of je nu op zoek bent naar snelheid, natuurbeleving of gewoon iets nieuws wilt proberen - sneeuwscooteren is een fantastisch alternatief voor ski\u00ebn en snowboarden.  <\/p>\n\n\n\n<p class=\"wp-block-paragraph\"><strong>BNO TRAVEL<\/strong> helpt je bij het plannen van je sneeuwscootertocht van begin tot eind - met accommodatie, sneeuwscooterverhuur, gids en vervoer. Alles wordt georganiseerd om ervoor te zorgen dat je een veilige, leuke en onvergetelijke ervaring hebt in de winterse bergen.   <\/p>\n\n\n\n<p class=\"wp-block-paragraph\">Drie gebieden om per sneeuwscooter te verkennen<\/p>\n\n\n\n<p class=\"wp-block-paragraph\">1. Engerdal sneeuwscooterpaden<\/p>\n\n\n\n<p class=\"wp-block-paragraph\">Het meest uitgebreide netwerk van sneeuwscooterpaden in Noorwegen. De paden lopen door bossen, over bergen en meren - met prachtige uitzichten en goed georganiseerd rijden. <\/p>\n\n\n\n<p class=\"wp-block-paragraph\">2. Drevsj\u00f8 en Femund<\/p>\n\n\n\n<p class=\"wp-block-paragraph\">Sneeuwscootertochten door nationale romantische bergnatuur en in de buurt van Femundsmarka. Geschikt voor wie op zoek is naar langeafstandstochten en wilderniskarakter. <\/p>\n\n\n\n<p class=\"wp-block-paragraph\">3. Trysil aangrenzend gebied<\/p>\n\n\n\n<p class=\"wp-block-paragraph\">Georganiseerde tochten met gids in de buurt van Trysilfjellet. Perfect voor wie een skivakantie wil combineren met een nieuwe en andere winteractiviteit. <\/p>\n\n\n\n<div class=\"wp-block-buttons is-layout-flex wp-block-buttons-is-layout-flex\"><\/div>\n<\/div>\n<\/div>\n<\/div>\n\n<div class=\"wp-block-group alignfull is-style-default is-content-justification-center is-layout-constrained wp-container-core-group-is-layout-69af11d0 wp-block-group-is-layout-constrained\" style=\"margin-top:0;margin-bottom:0;padding-top:var(--wp--preset--spacing--40);padding-bottom:var(--wp--preset--spacing--40)\">\n<div class=\"wp-block-group alignwide is-content-justification-left is-layout-constrained wp-container-core-group-is-layout-54d22900 wp-block-group-is-layout-constrained\">\n<p class=\"wp-block-paragraph\">Sneeuwscootertochten en <a href=\"https:\/\/www.trysilbb.no\/#forside\" target=\"_blank\" rel=\"noopener\">verhuur van sneeuwscooters<\/a><\/p>\n\n\n\n<p class=\"wp-block-paragraph\">Je kunt kiezen tussen:<\/p>\n\n\n\n<ul class=\"wp-block-list\">\n<li><strong>Rondleidingen<\/strong> van 1-4 uur<\/li>\n\n\n\n<li><strong>Dagvullende ervaringen<\/strong> met eetpauzes en stops bij uitkijkpunten<\/li>\n\n\n\n<li><strong>Scooterverhuur<\/strong> waarbij je zelfstandig over gemarkeerde paden rijdt (in Engerdal)<\/li>\n\n\n\n<li>Combinatiepakketten met <strong>ijsvissen, lunch in de wildernis of accommodatie<\/strong><\/li>\n<\/ul>\n\n\n\n<p class=\"wp-block-paragraph\">Alle tochten starten vanaf een gevestigde basis met goede faciliteiten en parkeergelegenheid. BNO TRAVEL werkt samen met betrouwbare lokale operators voor scooterverhuur en gidsen. <\/p>\n\n\n\n<div class=\"wp-block-buttons is-layout-flex wp-block-buttons-is-layout-flex\"><\/div>\n<\/div>\n<\/div>\n\n<div class=\"wp-block-group alignfull is-content-justification-center is-layout-constrained wp-block-group-is-layout-constrained\" style=\"margin-top:0;margin-bottom:0;padding-top:var(--wp--preset--spacing--40);padding-bottom:var(--wp--preset--spacing--40)\">\n<div class=\"wp-block-columns alignwide are-vertically-aligned-center is-layout-flex wp-container-core-columns-is-layout-7387b849 wp-block-columns-is-layout-flex\">\n<div class=\"wp-block-column is-vertically-aligned-center is-content-justification-left is-layout-constrained wp-container-core-column-is-layout-b64f6bf5 wp-block-column-is-layout-constrained\">\n<h2 class=\"wp-block-heading has-xx-large-font-size\">Feiten over sneeuwscooterbelevenissen in Trysil en Engerdal<\/h2>\n\n\n\n<p class=\"wp-block-paragraph\">Trysil en vooral de naburige gemeente Engerdal staan bekend om hun legale en goed georganiseerde sneeuwscooterpaden. Hier zijn enkele hoogtepunten: <\/p>\n\n\n\n<ul class=\"wp-block-list\">\n<li><strong>Meer dan 300 km gemarkeerde sneeuwscooterpaden<\/strong> in Engerdal<\/li>\n\n\n\n<li><strong>Georganiseerde sneeuwscootertochten<\/strong> met ervaren gidsen<\/li>\n\n\n\n<li><strong>Sneeuwscooter verhuur<\/strong> voor zowel overdag als in het weekend<\/li>\n\n\n\n<li><strong>Veilige paden<\/strong> in bergen, bossen en over bevroren water<\/li>\n\n\n\n<li><strong>Beginnersvriendelijke<\/strong>, maar ook uitdagende routes voor ervaren bestuurders<\/li>\n\n\n\n<li><strong>Passagiersoptie<\/strong>, perfect voor koppels of ouders met kinderen<\/li>\n<\/ul>\n\n\n\n<p class=\"wp-block-paragraph\">Er wordt gereden op goedgekeurde sneeuwscooterpaden en de veiligheidsuitrusting is bij de huur inbegrepen. Je hebt een geldig autorijbewijs (klasse B) nodig en indien nodig wordt er voor training gezorgd. De gondel biedt comfortabel, weerbestendig vervoer van het dal naar de top - perfect voor zowel skiliefhebbers als gezinnen. De gondel versterkt de verbinding tussen de verschillende delen van de berg en verbetert de doorstroming van het resort, vooral in het hoogseizoen.  <\/p>\n\n\n\n<p class=\"wp-block-paragraph\">Trysil en Engerdal - meer dan alleen ski\u00ebn<\/p>\n\n\n\n<p class=\"wp-block-paragraph\">Sneeuwscooters zijn een geweldig alternatief voor of aanvulling op klassieke winteractiviteiten zoals ski\u00ebn en snowboarden. Ervaar de bergen op een nieuwe manier - met snelheid, spanning en contact met de natuur. Na de tocht kun je ontspannen in een hete sauna, lokaal eten of genieten van de bergstilte bij de open haard.  <\/p>\n\n\n\n<div class=\"wp-block-buttons is-layout-flex wp-block-buttons-is-layout-flex\"><\/div>\n<\/div>\n\n\n\n<div class=\"wp-block-column is-vertically-aligned-center is-layout-flow wp-block-column-is-layout-flow\">\n<figure class=\"wp-block-image size-full\"><img data-recalc-dims=\"1\" decoding=\"async\" width=\"800\" height=\"533\" src=\"https:\/\/i0.wp.com\/bno-travel.com\/wp-content\/uploads\/2025\/07\/10001-4880.jpg?resize=800%2C533&#038;ssl=1\" alt=\"Begeleide sneeuwscootertocht met snelheid en plezier\" class=\"wp-image-3309\" style=\"aspect-ratio:3\/4;object-fit:cover\" srcset=\"https:\/\/i0.wp.com\/bno-travel.com\/wp-content\/uploads\/2025\/07\/10001-4880.jpg?w=3699&amp;ssl=1 3699w, https:\/\/i0.wp.com\/bno-travel.com\/wp-content\/uploads\/2025\/07\/10001-4880.jpg?resize=300%2C200&amp;ssl=1 300w, https:\/\/i0.wp.com\/bno-travel.com\/wp-content\/uploads\/2025\/07\/10001-4880.jpg?resize=1024%2C683&amp;ssl=1 1024w, https:\/\/i0.wp.com\/bno-travel.com\/wp-content\/uploads\/2025\/07\/10001-4880.jpg?resize=768%2C512&amp;ssl=1 768w, https:\/\/i0.wp.com\/bno-travel.com\/wp-content\/uploads\/2025\/07\/10001-4880.jpg?resize=1536%2C1024&amp;ssl=1 1536w, https:\/\/i0.wp.com\/bno-travel.com\/wp-content\/uploads\/2025\/07\/10001-4880.jpg?resize=2048%2C1365&amp;ssl=1 2048w, https:\/\/i0.wp.com\/bno-travel.com\/wp-content\/uploads\/2025\/07\/10001-4880.jpg?w=1600&amp;ssl=1 1600w, https:\/\/i0.wp.com\/bno-travel.com\/wp-content\/uploads\/2025\/07\/10001-4880.jpg?w=2400&amp;ssl=1 2400w\" sizes=\"(max-width: 800px) 100vw, 800px\" \/><\/figure>\n<\/div>\n<\/div>\n<\/div>\n\n<div class=\"wp-block-group alignfull is-style-default is-content-justification-center is-layout-constrained wp-container-core-group-is-layout-69af11d0 wp-block-group-is-layout-constrained\" style=\"margin-top:0;margin-bottom:0;padding-top:var(--wp--preset--spacing--40);padding-bottom:var(--wp--preset--spacing--40)\">\n<div class=\"wp-block-group alignfull is-content-justification-center is-layout-constrained wp-container-core-group-is-layout-81aa85af wp-block-group-is-layout-constrained\" style=\"margin-top:0;margin-bottom:0;padding-top:calc( 0.5 * var(--wp--style--root--padding-right, var(--wp--custom--gap--horizontal)));padding-right:var(--wp--style--root--padding-right, var(--wp--custom--gap--horizontal));padding-bottom:calc( 0.5 * var(--wp--style--root--padding-right, var(--wp--custom--gap--horizontal)));padding-left:var(--wp--style--root--padding-left, var(--wp--custom--gap--horizontal))\">\n<div style=\"height:calc( 0.25 * var(--wp--style--root--padding-right, var(--wp--custom--gap--horizontal)))\" aria-hidden=\"true\" class=\"wp-block-spacer\"><\/div>\n\n\n\n<div class=\"wp-block-columns alignwide is-layout-flex wp-container-core-columns-is-layout-7387b849 wp-block-columns-is-layout-flex\">\n<div class=\"wp-block-column is-vertically-aligned-center is-layout-flow wp-block-column-is-layout-flow\">\n<figure class=\"wp-block-image size-full\"><img data-recalc-dims=\"1\" decoding=\"async\" src=\"https:\/\/i0.wp.com\/bno-travel.com\/wp-content\/uploads\/2025\/07\/IMG_3633-%E2%80%93-Kopi.jpg?w=800&#038;ssl=1\" alt=\"Kamer 726 gecombineerd met sneeuwscooter\" class=\"wp-image-3324\" style=\"aspect-ratio:3\/4;object-fit:cover\"\/><\/figure>\n<\/div>\n\n\n\n<div class=\"wp-block-column is-vertically-aligned-center is-layout-flow wp-block-column-is-layout-flow\">\n<p class=\"has-text-align-left wp-block-paragraph\">Unieke accommodatie gecombineerd met een sneeuwscooter (Binnenkort beschikbaar)<\/p>\n\n\n\n<p class=\"wp-block-paragraph\">Binnenkort kun je iets heel unieks beleven in Engerdal! <strong>Kamer 726<\/strong> is een nieuwe en exclusieve accommodatie die je kunt huren - midden in de natuur en direct aan de sneeuwscooterpaden. Dit zijn hotelkamers midden in de wildernis, waar je comfort combineert met echte nabijheid tot de natuur. <\/p>\n\n\n\n<p class=\"wp-block-paragraph\">Hier krijg je <strong>hotelstandaard met eigen badkamer, zachte bedden, sauna en uitzicht op het bos<\/strong>, maar ook directe toegang tot sneeuwscooterpaden en winteravonturen. Perfect voor degenen die de bergen op een andere manier willen ervaren - of je nu reist met je vriendin, vrienden of gewoon wilt ontspannen. <\/p>\n\n\n\n<p class=\"has-text-align-left wp-block-paragraph\">Met <strong>kamer 726<\/strong> krijg je rust, luxe en een echt wildernisgevoel in \u00e9\u00e9n pakket. Binnenkort kun je deze bijzondere kamer boeken via BNO TRAVEL - en het Engerdal ervaren op een manier die je nooit zult vergeten. <\/p>\n\n\n\n<p class=\"has-text-align-left wp-block-paragraph\">Plan je sneeuwscooterreis met BNO TRAVEL<\/p>\n\n\n\n<p class=\"wp-block-paragraph\">BNO TRAVEL maakt sneeuwscooter-ervaringen op maat voor individuen, stellen, families en groepen. We helpen je bij het boeken van je sneeuwscooter, gids en <a href=\"https:\/\/bno-travel.com\/nl\/waar-verblijven\/\">accommodatie<\/a> - en je kunt er zeker van zijn dat we klaar staan om je te helpen. <\/p>\n\n\n\n<p class=\"has-text-align-left wp-block-paragraph\"><strong>Boek vandaag nog je sneeuwscootertocht in Trysil en Engerdal<\/strong> en beleef een buitengewone winteractiviteit!<\/p>\n\n\n\n<div class=\"wp-block-buttons is-content-justification-center is-layout-flex wp-container-core-buttons-is-layout-3e41869c wp-block-buttons-is-layout-flex\"><\/div>\n<\/div>\n<\/div>\n\n\n\n<div style=\"height:calc( 0.25 * var(--wp--style--root--padding-right, var(--wp--custom--gap--horizontal)))\" aria-hidden=\"true\" class=\"wp-block-spacer\"><\/div>\n<\/div>\n\n\n\n<div class=\"wp-block-group alignwide is-content-justification-left is-layout-constrained wp-container-core-group-is-layout-54d22900 wp-block-group-is-layout-constrained\">\n<div class=\"wp-block-buttons is-layout-flex wp-block-buttons-is-layout-flex\"><\/div>\n<\/div>\n<\/div>\n\n<div class=\"wp-block-group alignfull is-style-default is-content-justification-center is-layout-constrained wp-container-core-group-is-layout-cdf99998 wp-block-group-is-layout-constrained\" style=\"margin-top:0;margin-bottom:0;padding-top:var(--wp--preset--spacing--40);padding-bottom:var(--wp--preset--spacing--40)\"><\/div>\n\n<p class=\"wp-block-paragraph\"><\/p>\n","protected":false},"excerpt":{"rendered":"<p>Sneeuwscooteren in Trysil en Engerdal - Snelle avonturen in de wilde Noorse natuur Welkom in Trysil en Engerdal - twee van de mooiste sneeuwscootergebieden van Noorwegen, waar je een echt winteravontuur op de sneeuwscooter kunt beleven! Hier vind je kilometers aan bewegwijzerde paden, professionele rondleidingen en de mogelijkheid om een sneeuwscooter te huren voor een [&hellip;]<\/p>\n","protected":false},"author":260013438,"featured_media":0,"parent":0,"menu_order":0,"comment_status":"closed","ping_status":"closed","template":"","meta":{"_crdt_document":"","footnotes":""},"class_list":["post-4315","page","type-page","status-publish","hentry"],"jetpack_likes_enabled":true,"jetpack_sharing_enabled":true,"jetpack_shortlink":"https:\/\/wp.me\/PgDuwj-17B","jetpack-related-posts":[{"id":2813,"url":"https:\/\/bno-travel.com\/nl\/ontdek-trysil-het-hele-jaar-door-voor-actieve-vakantiegangers\/","url_meta":{"origin":4315,"position":0},"title":"Ontdek Trysil: Het hele jaar door voor actieve vakantiegangers","author":"Jan Terje \u00c5s","date":"18 juli 2025","format":false,"excerpt":"Ervaar Trysil \u2605\u2605\u2605\u2605\u2605 Hier vind je accommodatie in Trysil Trysil is niet alleen de grootste skibestemming van Noorwegen - het is ook het hele jaar door een paradijs voor actieve gasten, gezinnen en natuurliefhebbers. Of je de berg nu bezoekt voor snelheid en spanning, ontspanning of quality time met het\u2026","rel":"","context":"Soortgelijk bericht","block_context":{"text":"Soortgelijk bericht","link":""},"img":{"alt_text":"Opplev Trysil","src":"https:\/\/i0.wp.com\/bno-travel.com\/wp-content\/uploads\/2025\/07\/20.06.19_Dronebilder-Sentrum_FULLSIZE-2.jpg?resize=350%2C200&ssl=1","width":350,"height":200,"srcset":"https:\/\/i0.wp.com\/bno-travel.com\/wp-content\/uploads\/2025\/07\/20.06.19_Dronebilder-Sentrum_FULLSIZE-2.jpg?resize=350%2C200&ssl=1 1x, https:\/\/i0.wp.com\/bno-travel.com\/wp-content\/uploads\/2025\/07\/20.06.19_Dronebilder-Sentrum_FULLSIZE-2.jpg?resize=525%2C300&ssl=1 1.5x, https:\/\/i0.wp.com\/bno-travel.com\/wp-content\/uploads\/2025\/07\/20.06.19_Dronebilder-Sentrum_FULLSIZE-2.jpg?resize=700%2C400&ssl=1 2x, https:\/\/i0.wp.com\/bno-travel.com\/wp-content\/uploads\/2025\/07\/20.06.19_Dronebilder-Sentrum_FULLSIZE-2.jpg?resize=1050%2C600&ssl=1 3x, https:\/\/i0.wp.com\/bno-travel.com\/wp-content\/uploads\/2025\/07\/20.06.19_Dronebilder-Sentrum_FULLSIZE-2.jpg?resize=1400%2C800&ssl=1 4x"},"classes":[]},{"id":4007,"url":"https:\/\/bno-travel.com\/nl\/sneeuwscooters-in-salen\/","url_meta":{"origin":4315,"position":1},"title":"Sneeuwscooters in S\u00e4len","author":"Jan Terje \u00c5s","date":"18 juli 2025","format":false,"excerpt":"Sneeuwscooteren in S\u00e4len - Snelle avonturen in de echte Zweedse bergnatuur Welkom in S\u00e4len - een van de populairste winterbestemmingen van Zweden, waar je niet alleen kunt ski\u00ebn maar ook adrenaline en vrijheid kunt ervaren op een sneeuwscooter! Hier vind je goedgekeurde sneeuwscooterpaden, een prachtig berglandschap en de mogelijkheid om\u2026","rel":"","context":"Soortgelijk bericht","block_context":{"text":"Soortgelijk bericht","link":""},"img":{"alt_text":"Sn\u00f8scooter BNO TRAVEL","src":"https:\/\/i0.wp.com\/bno-travel.com\/wp-content\/uploads\/2025\/07\/10000-5116.jpg?resize=350%2C200&ssl=1","width":350,"height":200,"srcset":"https:\/\/i0.wp.com\/bno-travel.com\/wp-content\/uploads\/2025\/07\/10000-5116.jpg?resize=350%2C200&ssl=1 1x, https:\/\/i0.wp.com\/bno-travel.com\/wp-content\/uploads\/2025\/07\/10000-5116.jpg?resize=525%2C300&ssl=1 1.5x, https:\/\/i0.wp.com\/bno-travel.com\/wp-content\/uploads\/2025\/07\/10000-5116.jpg?resize=700%2C400&ssl=1 2x, https:\/\/i0.wp.com\/bno-travel.com\/wp-content\/uploads\/2025\/07\/10000-5116.jpg?resize=1050%2C600&ssl=1 3x, https:\/\/i0.wp.com\/bno-travel.com\/wp-content\/uploads\/2025\/07\/10000-5116.jpg?resize=1400%2C800&ssl=1 4x"},"classes":[]},{"id":28397,"url":"https:\/\/bno-travel.com\/overnatting-i-trysil\/","url_meta":{"origin":4315,"position":2},"title":"overnatting-i-trysil","author":"Jan Terje \u00c5s","date":"4 april 2026","format":false,"excerpt":"Destinasjon \u00b7 Trysil Overnatting i Trysil med tilgang til omr\u00e5dene som passer best for reisen din Utforsk omr\u00e5der i Trysil som Trysil Turistsenter, Trysil Sentrum, Trysilfjell Hytteomr\u00e5de og Fager\u00e5sen \/ Trysil H\u00f8yfjellssenter \u2013 og finn et opphold som passer reisen din. Se omr\u00e5der i Trysil Oppdag Trysil Finn riktig omr\u00e5de\u2026","rel":"","context":"Soortgelijk bericht","block_context":{"text":"Soortgelijk bericht","link":""},"img":{"alt_text":"","src":"","width":0,"height":0},"classes":[]},{"id":35700,"url":"https:\/\/bno-travel.com\/en\/trysil-turistsenter\/","url_meta":{"origin":4315,"position":3},"title":"Trysil Turistsenter","author":"Jan Terje \u00c5s","date":"18 juli 2025","format":false,"excerpt":"Trysil \u00b7 Main area Trysil Turistsenter \u2013 accommodation in Trysil close to activities, ski school and ski rental Trysil Turistsenter is one of the most popular areas for accommodation in Trysil, with easy access to activities, services and a great base for both winter and summer stays. View units View\u2026","rel":"","context":"Soortgelijk bericht","block_context":{"text":"Soortgelijk bericht","link":""},"img":{"alt_text":"","src":"","width":0,"height":0},"classes":[]},{"id":28442,"url":"https:\/\/bno-travel.com\/is\/elementor-28397\/","url_meta":{"origin":4315,"position":4},"title":"Elementor #28397","author":"Jan Terje \u00c5s","date":"4 april 2026","format":false,"excerpt":"\u00c1fangasta\u00f0ur \u00b7 Trysil Gisting \u00ed Trysil me\u00f0 a\u00f0gangi a\u00f0 sv\u00e6\u00f0unum sem henta fer\u00f0 \u00feinni best Sko\u00f0a\u00f0u sv\u00e6\u00f0i \u00ed Trysil eins og Trysil Turistsenter, Trysil Sentrum, Trysilfjell Hytteomr\u00e5de og Fager\u00e5sen \/ Trysil H\u00f8yfjellssenter \u2013 og finndu gistingu sem hentar fer\u00f0 \u00feinni. Sj\u00e1 sv\u00e6\u00f0i \u00ed Trysil Uppg\u00f6tva\u00f0u Trysil Finndu r\u00e9tta sv\u00e6\u00f0i\u00f0 fyrir\u2026","rel":"","context":"Soortgelijk bericht","block_context":{"text":"Soortgelijk bericht","link":""},"img":{"alt_text":"","src":"","width":0,"height":0},"classes":[]},{"id":28457,"url":"https:\/\/bno-travel.com\/pl\/elementor-28397\/","url_meta":{"origin":4315,"position":5},"title":"Elementor #28397","author":"Jan Terje \u00c5s","date":"4 april 2026","format":false,"excerpt":"Miejsce docelowe - Trysil Zakwaterowanie w Trysil z dost\u0119pem do obszar\u00f3w najbardziej odpowiednich do podr\u00f3\u017cy Trysil - odkryj takie miejsca jak Trysil Turistsenter, Trysil Sentrum, Trysilfjell Hytteomr\u00e5de i Fager\u00e5sen \/ Trysil H\u00f8yfjellssenter i znajd\u017a nocleg odpowiedni dla Twojej podr\u00f3\u017cy. Zobacz obszary w Trysil Odkryj Trysil Znajd\u017a odpowiedni obszar dla zakwaterowania\u2026","rel":"","context":"Soortgelijk bericht","block_context":{"text":"Soortgelijk bericht","link":""},"img":{"alt_text":"","src":"","width":0,"height":0},"classes":[]}],"_links":{"self":[{"href":"https:\/\/bno-travel.com\/nl\/wp-json\/wp\/v2\/pages\/4315","targetHints":{"allow":["GET"]}}],"collection":[{"href":"https:\/\/bno-travel.com\/nl\/wp-json\/wp\/v2\/pages"}],"about":[{"href":"https:\/\/bno-travel.com\/nl\/wp-json\/wp\/v2\/types\/page"}],"author":[{"embeddable":true,"href":"https:\/\/bno-travel.com\/nl\/wp-json\/wp\/v2\/users\/260013438"}],"replies":[{"embeddable":true,"href":"https:\/\/bno-travel.com\/nl\/wp-json\/wp\/v2\/comments?post=4315"}],"version-history":[{"count":2,"href":"https:\/\/bno-travel.com\/nl\/wp-json\/wp\/v2\/pages\/4315\/revisions"}],"predecessor-version":[{"id":11709,"href":"https:\/\/bno-travel.com\/nl\/wp-json\/wp\/v2\/pages\/4315\/revisions\/11709"}],"wp:attachment":[{"href":"https:\/\/bno-travel.com\/nl\/wp-json\/wp\/v2\/media?parent=4315"}],"curies":[{"name":"wp","href":"https:\/\/api.w.org\/{rel}","templated":true}]}}