{"id":2710,"date":"2025-07-11T13:50:20","date_gmt":"2025-07-11T11:50:20","guid":{"rendered":"https:\/\/bno-travel.com\/?page_id=2710"},"modified":"2025-07-11T13:51:01","modified_gmt":"2025-07-11T11:51:01","slug":"skontaktuj-sie-z-nami","status":"publish","type":"page","link":"https:\/\/bno-travel.com\/pl\/skontaktuj-sie-z-nami\/","title":{"rendered":"Skontaktuj si\u0119 z nami"},"content":{"rendered":"\n<div class=\"wp-block-group alignfull is-layout-constrained wp-container-core-group-is-layout-082b0574 wp-block-group-is-layout-constrained\" style=\"padding-top:var(--wp--preset--spacing--50);padding-bottom:var(--wp--preset--spacing--40)\">\n<div class=\"wp-block-columns alignwide is-layout-flex wp-container-core-columns-is-layout-632e7d69 wp-block-columns-is-layout-flex\">\n<div class=\"wp-block-column is-layout-flow wp-container-core-column-is-layout-5185c3d0 wp-block-column-is-layout-flow\" style=\"flex-basis:50%\">\n<h2 class=\"wp-block-heading\"><\/h2>\n\n\n\n<figure class=\"wp-block-image size-full is-resized\"><img data-recalc-dims=\"1\" fetchpriority=\"high\" decoding=\"async\" width=\"732\" height=\"924\" src=\"https:\/\/i0.wp.com\/bno-travel.com\/wp-content\/uploads\/2025\/06\/AdobeStock_182554441-e1750784403298.jpeg?resize=732%2C924&#038;ssl=1\" alt=\"\" class=\"wp-image-887\" style=\"aspect-ratio:1;object-fit:cover;width:501px;height:auto\" srcset=\"https:\/\/i0.wp.com\/bno-travel.com\/wp-content\/uploads\/2025\/06\/AdobeStock_182554441-e1750784403298.jpeg?w=732&amp;ssl=1 732w, https:\/\/i0.wp.com\/bno-travel.com\/wp-content\/uploads\/2025\/06\/AdobeStock_182554441-e1750784403298.jpeg?resize=238%2C300&amp;ssl=1 238w\" sizes=\"(max-width: 732px) 100vw, 732px\" \/><\/figure>\n<\/div>\n\n\n\n<div class=\"wp-block-column is-layout-flow wp-container-core-column-is-layout-23912308 wp-block-column-is-layout-flow\" style=\"flex-basis:50%\">\n<p class=\"wp-block-paragraph\">Masz pytania dotycz\u0105ce podr\u00f3\u017cy, rezerwacji lub naszych us\u0142ug? Z przyjemno\u015bci\u0105 pomo\u017cemy! <\/p>\n\n\n\n<p class=\"wp-block-paragraph\"><br\/>Wype\u0142nij formularz kontaktowy, wy\u015blij nam wiadomo\u015b\u0107 e-mail lub zadzwo\u0144, a my skontaktujemy si\u0119 z Tob\u0105 tak szybko, jak to mo\u017cliwe.<\/p>\n\n\n<\/div>\n<\/div>\n\n\n\n<div class=\"wp-block-group alignfull has-background-color has-foreground-background-color has-text-color has-background has-link-color wp-elements-c751b6f01ca4c46add9bf4f0bea93806 is-layout-flow wp-block-group-is-layout-flow\" style=\"padding-top:0;padding-right:var(--wp--preset--spacing--40);padding-bottom:0;padding-left:var(--wp--preset--spacing--40)\">\n<div class=\"wp-block-jetpack-map is-style-default\" data-map-id=\"jp-map-1\" data-map-provider=\"mapkit\" data-api-key=\"pk.eyJ1IjoiYXV0b21hdHRpYyIsImEiOiJjazVpZjA5aWswYTFvM21sOWtzNW1rNG9lIn0.Gu-sp4wRxnnQB-Qa8CpuZQ\" data-map-style=\"default\" data-blog-id=\"245833491\"><ul><li><a href=\"https:\/\/www.google.com\/maps\/search\/?api=1&amp;query=61.300231,12.2643206\" target=\"_blank\" rel=\"noopener\">Vestmovegen 7, 2420 Trysil, Norwegia<\/a><\/li><\/ul><\/div>\n<\/div>\n<\/div>\n","protected":false},"excerpt":{"rendered":"<p>Masz pytania dotycz\u0105ce podr\u00f3\u017cy, rezerwacji lub naszych us\u0142ug? Z przyjemno\u015bci\u0105 pomo\u017cemy! Wype\u0142nij formularz kontaktowy, wy\u015blij nam wiadomo\u015b\u0107 e-mail lub zadzwo\u0144, a my skontaktujemy si\u0119 z Tob\u0105 tak szybko, jak to mo\u017cliwe.<\/p>\n","protected":false},"author":260013438,"featured_media":0,"parent":0,"menu_order":0,"comment_status":"closed","ping_status":"closed","template":"","meta":{"_crdt_document":"","footnotes":""},"class_list":["post-2710","page","type-page","status-publish","hentry"],"jetpack_likes_enabled":true,"jetpack_sharing_enabled":true,"jetpack_shortlink":"https:\/\/wp.me\/PgDuwj-HI","jetpack-related-posts":[{"id":11508,"url":"https:\/\/bno-travel.com\/pl\/chcesz-dowiedziec-sie-wiecej-o-wynajmie\/","url_meta":{"origin":2710,"position":0},"title":"Chcesz dowiedzie\u0107 si\u0119 wi\u0119cej o wynajmie?","author":"Jan Terje \u00c5s","date":"2025-09-29","format":false,"excerpt":"Skontaktuj si\u0119 z nami ju\u017c dzi\u015b!","rel":"","context":"Podobny wpis","block_context":{"text":"Podobny wpis","link":""},"img":{"alt_text":"","src":"","width":0,"height":0},"classes":[]},{"id":11563,"url":"https:\/\/bno-travel.com\/pl\/hosting-bno-travel\/","url_meta":{"origin":2710,"position":1},"title":"Hosting - BNO Travel","author":"Jan Terje \u00c5s","date":"2025-09-29","format":false,"excerpt":"Hosted by BNO Travel: BNO Travel zajmuje si\u0119 widoczno\u015bci\u0105, rezerwacj\u0105 i zarz\u0105dzaniem go\u015b\u0107mi, podczas gdy Ty zachowujesz kontrol\u0119. Korzy\u015bci z korzystania z BNO Travel Niska prowizja - tylko 3% dla BNO Travel (skontaktuj si\u0119 z nami, a poka\u017cemy Ci matematyk\u0119) Cotygodniowe p\u0142atno\u015bci bezpo\u015brednio na konto. Pe\u0142na kontrola nad w\u0142asnym urz\u0105dzeniem\u2026","rel":"","context":"Podobny wpis","block_context":{"text":"Podobny wpis","link":""},"img":{"alt_text":"Utleie av hytter i Trysil & S\u00e4len","src":"https:\/\/i0.wp.com\/bno-travel.com\/wp-content\/uploads\/2025\/09\/10001-Fagerasen1120_3616.jpg?resize=350%2C200&ssl=1","width":350,"height":200,"srcset":"https:\/\/i0.wp.com\/bno-travel.com\/wp-content\/uploads\/2025\/09\/10001-Fagerasen1120_3616.jpg?resize=350%2C200&ssl=1 1x, https:\/\/i0.wp.com\/bno-travel.com\/wp-content\/uploads\/2025\/09\/10001-Fagerasen1120_3616.jpg?resize=525%2C300&ssl=1 1.5x, https:\/\/i0.wp.com\/bno-travel.com\/wp-content\/uploads\/2025\/09\/10001-Fagerasen1120_3616.jpg?resize=700%2C400&ssl=1 2x, https:\/\/i0.wp.com\/bno-travel.com\/wp-content\/uploads\/2025\/09\/10001-Fagerasen1120_3616.jpg?resize=1050%2C600&ssl=1 3x, https:\/\/i0.wp.com\/bno-travel.com\/wp-content\/uploads\/2025\/09\/10001-Fagerasen1120_3616.jpg?resize=1400%2C800&ssl=1 4x"},"classes":[]},{"id":4059,"url":"https:\/\/bno-travel.com\/pl\/spa-i-laznie-w-trysil\/","url_meta":{"origin":2710,"position":2},"title":"Spa i \u0142a\u017anie w Trysil","author":"Jan Terje \u00c5s","date":"2025-07-18","format":false,"excerpt":"Spa i \u0142a\u017ania w Trysil - relaks i dobre samopoczucie w g\u00f3rach Trysil to nie tylko miejsce dla tych, kt\u00f3rzy szukaj\u0105 pr\u0119dko\u015bci i emocji - to tak\u017ce miejsce dla tych, kt\u00f3rzy szukaj\u0105 spokoju, dobrego samopoczucia i prawdziwej g\u00f3rskiej przytulno\u015bci. Dzi\u0119ki du\u017cemu wyborowi spa i k\u0105pieli zar\u00f3wno dla rodzin, jak i\u2026","rel":"","context":"Podobny wpis","block_context":{"text":"Podobny wpis","link":""},"img":{"alt_text":"Spa og bad i Trysil","src":"https:\/\/i0.wp.com\/bno-travel.com\/wp-content\/uploads\/2025\/07\/52199820901_706171c188_c.jpg?resize=350%2C200&ssl=1","width":350,"height":200,"srcset":"https:\/\/i0.wp.com\/bno-travel.com\/wp-content\/uploads\/2025\/07\/52199820901_706171c188_c.jpg?resize=350%2C200&ssl=1 1x, https:\/\/i0.wp.com\/bno-travel.com\/wp-content\/uploads\/2025\/07\/52199820901_706171c188_c.jpg?resize=525%2C300&ssl=1 1.5x, https:\/\/i0.wp.com\/bno-travel.com\/wp-content\/uploads\/2025\/07\/52199820901_706171c188_c.jpg?resize=700%2C400&ssl=1 2x"},"classes":[]},{"id":34819,"url":"https:\/\/bno-travel.com\/pl\/warunki-publiczne\/","url_meta":{"origin":2710,"position":3},"title":"Warunki publiczne","author":"Jan Terje \u00c5s","date":"2026-04-13","format":false,"excerpt":"Warunki i postanowienia dotycz\u0105ce partner\u00f3w Publiczne warunki i zasady wsp\u00f3\u0142pracy dla profesjonalnych partner\u00f3w zakwaterowania Niniejsza strona opisuje og\u00f3lne zasady wsp\u00f3\u0142pracy pomi\u0119dzy BNO Travel a profesjonalnymi operatorami zakwaterowania. Model handlowy, indywidualne warunki i konfiguracje specyficzne dla partner\u00f3w s\u0105 uzgadniane osobno w oddzielnej umowie o wsp\u00f3\u0142pracy. Przeczytaj regulamin Skontaktuj si\u0119 z nami\u2026","rel":"","context":"Podobny wpis","block_context":{"text":"Podobny wpis","link":""},"img":{"alt_text":"","src":"","width":0,"height":0},"classes":[]},{"id":3845,"url":"https:\/\/bno-travel.com\/pl\/spa-i-laznie-w-salen\/","url_meta":{"origin":2710,"position":4},"title":"Spa i \u0142a\u017anie w S\u00e4len","author":"Jan Terje \u00c5s","date":"2025-07-18","format":false,"excerpt":"Spa i \u0142a\u017anie w S\u00e4len - Wellness i relaks w g\u00f3rskim otoczeniu S\u00e4len to nie tylko jazda na nartach, rowerze i wspania\u0142a przyroda - to tak\u017ce fantastyczne miejsce dla tych, kt\u00f3rzy szukaj\u0105 spokoju, regeneracji i prawdziwej g\u00f3rskiej harmonii. Niezale\u017cnie od tego, czy przyje\u017cd\u017casz na romantyczny weekend, rodzinne wakacje, czy po\u2026","rel":"","context":"Podobny wpis","block_context":{"text":"Podobny wpis","link":""},"img":{"alt_text":"","src":"https:\/\/i0.wp.com\/bno-travel.com\/wp-content\/uploads\/2025\/07\/52200128044_b550a6c33d_c.jpg?resize=350%2C200&ssl=1","width":350,"height":200,"srcset":"https:\/\/i0.wp.com\/bno-travel.com\/wp-content\/uploads\/2025\/07\/52200128044_b550a6c33d_c.jpg?resize=350%2C200&ssl=1 1x, https:\/\/i0.wp.com\/bno-travel.com\/wp-content\/uploads\/2025\/07\/52200128044_b550a6c33d_c.jpg?resize=525%2C300&ssl=1 1.5x, https:\/\/i0.wp.com\/bno-travel.com\/wp-content\/uploads\/2025\/07\/52200128044_b550a6c33d_c.jpg?resize=700%2C400&ssl=1 2x"},"classes":[]},{"id":2854,"url":"https:\/\/bno-travel.com\/pl\/podroze-tutaj-do-salenfjellet\/","url_meta":{"origin":2710,"position":5},"title":"Podr\u00f3\u017ce tutaj do S\u00e4lenfjellet","author":"Jan Terje \u00c5s","date":"2025-07-11","format":false,"excerpt":". Jak dosta\u0107 si\u0119 do S\u00e4lenfjellet - samolotem, wypo\u017cyczalni\u0105 samochod\u00f3w, autobusem, poci\u0105giem lub prywatnym samochodem? \u2708\ufe0f Samolotem na lotnisko Oslo Gardermoen (OSL) Lotnisko w Oslo jest jednym z najcz\u0119stszych punkt\u00f3w wjazdu dla podr\u00f3\u017cnych do S\u00e4len. Istniej\u0105 bezpo\u015brednie loty z wielu g\u0142\u00f3wnych miast europejskich. Kontynuuj do S\u00e4len z Gardermoen: Autobusem: W\u2026","rel":"","context":"Podobny wpis","block_context":{"text":"Podobny wpis","link":""},"img":{"alt_text":"overnatting i salen","src":"https:\/\/i0.wp.com\/bno-travel.com\/wp-content\/uploads\/2025\/06\/AdobeStock_121113275-e1751307052527.jpeg?resize=350%2C200&ssl=1","width":350,"height":200,"srcset":"https:\/\/i0.wp.com\/bno-travel.com\/wp-content\/uploads\/2025\/06\/AdobeStock_121113275-e1751307052527.jpeg?resize=350%2C200&ssl=1 1x, https:\/\/i0.wp.com\/bno-travel.com\/wp-content\/uploads\/2025\/06\/AdobeStock_121113275-e1751307052527.jpeg?resize=525%2C300&ssl=1 1.5x, https:\/\/i0.wp.com\/bno-travel.com\/wp-content\/uploads\/2025\/06\/AdobeStock_121113275-e1751307052527.jpeg?resize=700%2C400&ssl=1 2x, https:\/\/i0.wp.com\/bno-travel.com\/wp-content\/uploads\/2025\/06\/AdobeStock_121113275-e1751307052527.jpeg?resize=1050%2C600&ssl=1 3x, https:\/\/i0.wp.com\/bno-travel.com\/wp-content\/uploads\/2025\/06\/AdobeStock_121113275-e1751307052527.jpeg?resize=1400%2C800&ssl=1 4x"},"classes":[]}],"_links":{"self":[{"href":"https:\/\/bno-travel.com\/pl\/wp-json\/wp\/v2\/pages\/2710","targetHints":{"allow":["GET"]}}],"collection":[{"href":"https:\/\/bno-travel.com\/pl\/wp-json\/wp\/v2\/pages"}],"about":[{"href":"https:\/\/bno-travel.com\/pl\/wp-json\/wp\/v2\/types\/page"}],"author":[{"embeddable":true,"href":"https:\/\/bno-travel.com\/pl\/wp-json\/wp\/v2\/users\/260013438"}],"replies":[{"embeddable":true,"href":"https:\/\/bno-travel.com\/pl\/wp-json\/wp\/v2\/comments?post=2710"}],"version-history":[{"count":4,"href":"https:\/\/bno-travel.com\/pl\/wp-json\/wp\/v2\/pages\/2710\/revisions"}],"predecessor-version":[{"id":4973,"href":"https:\/\/bno-travel.com\/pl\/wp-json\/wp\/v2\/pages\/2710\/revisions\/4973"}],"wp:attachment":[{"href":"https:\/\/bno-travel.com\/pl\/wp-json\/wp\/v2\/media?parent=2710"}],"curies":[{"name":"wp","href":"https:\/\/api.w.org\/{rel}","templated":true}]}}