{"id":3895,"date":"2025-07-18T20:49:39","date_gmt":"2025-07-18T18:49:39","guid":{"rendered":"https:\/\/bno-travel.com\/?page_id=3895"},"modified":"2025-07-18T20:50:03","modified_gmt":"2025-07-18T18:50:03","slug":"zakupy-w-salen","status":"publish","type":"page","link":"https:\/\/bno-travel.com\/pl\/zakupy-w-salen\/","title":{"rendered":"Zakupy w S\u00e4len"},"content":{"rendered":"\n<p class=\"wp-block-paragraph\"><\/p>\n\n<div class=\"wp-block-cover alignfull\" style=\"margin-top:0;margin-bottom:0;padding-top:var(--wp--preset--spacing--20);padding-right:var(--wp--preset--spacing--40);padding-bottom:var(--wp--preset--spacing--20);padding-left:var(--wp--preset--spacing--40);min-height:932px;aspect-ratio:unset;\"><img data-recalc-dims=\"1\" fetchpriority=\"high\" decoding=\"async\" width=\"800\" height=\"533\" class=\"wp-block-cover__image-background wp-image-3757 size-full\" alt=\"Shopping i S\u00e4len\" src=\"https:\/\/i0.wp.com\/bno-travel.com\/wp-content\/uploads\/2025\/07\/AdobeStock_257205476.jpeg?resize=800%2C533&#038;ssl=1\" style=\"object-position:50% 65%\" data-object-fit=\"cover\" data-object-position=\"50% 65%\" srcset=\"https:\/\/i0.wp.com\/bno-travel.com\/wp-content\/uploads\/2025\/07\/AdobeStock_257205476.jpeg?w=5760&amp;ssl=1 5760w, https:\/\/i0.wp.com\/bno-travel.com\/wp-content\/uploads\/2025\/07\/AdobeStock_257205476.jpeg?resize=300%2C200&amp;ssl=1 300w, https:\/\/i0.wp.com\/bno-travel.com\/wp-content\/uploads\/2025\/07\/AdobeStock_257205476.jpeg?resize=1024%2C683&amp;ssl=1 1024w, https:\/\/i0.wp.com\/bno-travel.com\/wp-content\/uploads\/2025\/07\/AdobeStock_257205476.jpeg?resize=768%2C512&amp;ssl=1 768w, https:\/\/i0.wp.com\/bno-travel.com\/wp-content\/uploads\/2025\/07\/AdobeStock_257205476.jpeg?resize=1536%2C1024&amp;ssl=1 1536w, https:\/\/i0.wp.com\/bno-travel.com\/wp-content\/uploads\/2025\/07\/AdobeStock_257205476.jpeg?resize=2048%2C1365&amp;ssl=1 2048w, https:\/\/i0.wp.com\/bno-travel.com\/wp-content\/uploads\/2025\/07\/AdobeStock_257205476.jpeg?w=1600&amp;ssl=1 1600w, https:\/\/i0.wp.com\/bno-travel.com\/wp-content\/uploads\/2025\/07\/AdobeStock_257205476.jpeg?w=2400&amp;ssl=1 2400w\" sizes=\"(max-width: 800px) 100vw, 800px\" \/><span aria-hidden=\"true\" class=\"wp-block-cover__background has-theme-1-background-color has-background-dim-30 has-background-dim\"><\/span><div class=\"wp-block-cover__inner-container is-layout-flow wp-block-cover-is-layout-flow\">\n<div style=\"height:var(--wp--preset--spacing--50)\" aria-hidden=\"true\" class=\"wp-block-spacer\"><\/div>\n\n\n\n<div style=\"height:var(--wp--preset--spacing--50)\" aria-hidden=\"true\" class=\"wp-block-spacer\"><\/div>\n<\/div><\/div>\n\n<div class=\"wp-block-group alignfull is-style-section-3 is-layout-constrained wp-block-group-is-layout-constrained\" style=\"margin-top:0;margin-bottom:0;padding-top:var(--wp--preset--spacing--40);padding-bottom:var(--wp--preset--spacing--40)\">\n<div class=\"wp-block-columns alignwide are-vertically-aligned-center is-layout-flex wp-container-core-columns-is-layout-d9ad523d wp-block-columns-is-layout-flex\">\n<div class=\"wp-block-column is-vertically-aligned-center is-layout-flow wp-block-column-is-layout-flow\">\n<figure class=\"wp-block-image size-full\"><img data-recalc-dims=\"1\" decoding=\"async\" width=\"800\" height=\"533\" src=\"https:\/\/i0.wp.com\/bno-travel.com\/wp-content\/uploads\/2025\/07\/AdobeStock_257205476.jpeg?resize=800%2C533&#038;ssl=1\" alt=\"Zakupy w S&#xE4;len\" class=\"wp-image-3757\" style=\"aspect-ratio:3\/4;object-fit:cover\" title=\"tytu&#x142;\" srcset=\"https:\/\/i0.wp.com\/bno-travel.com\/wp-content\/uploads\/2025\/07\/AdobeStock_257205476.jpeg?w=5760&amp;ssl=1 5760w, https:\/\/i0.wp.com\/bno-travel.com\/wp-content\/uploads\/2025\/07\/AdobeStock_257205476.jpeg?resize=300%2C200&amp;ssl=1 300w, https:\/\/i0.wp.com\/bno-travel.com\/wp-content\/uploads\/2025\/07\/AdobeStock_257205476.jpeg?resize=1024%2C683&amp;ssl=1 1024w, https:\/\/i0.wp.com\/bno-travel.com\/wp-content\/uploads\/2025\/07\/AdobeStock_257205476.jpeg?resize=768%2C512&amp;ssl=1 768w, https:\/\/i0.wp.com\/bno-travel.com\/wp-content\/uploads\/2025\/07\/AdobeStock_257205476.jpeg?resize=1536%2C1024&amp;ssl=1 1536w, https:\/\/i0.wp.com\/bno-travel.com\/wp-content\/uploads\/2025\/07\/AdobeStock_257205476.jpeg?resize=2048%2C1365&amp;ssl=1 2048w, https:\/\/i0.wp.com\/bno-travel.com\/wp-content\/uploads\/2025\/07\/AdobeStock_257205476.jpeg?w=1600&amp;ssl=1 1600w, https:\/\/i0.wp.com\/bno-travel.com\/wp-content\/uploads\/2025\/07\/AdobeStock_257205476.jpeg?w=2400&amp;ssl=1 2400w\" sizes=\"(max-width: 800px) 100vw, 800px\" \/><\/figure>\n<\/div>\n\n\n\n<div class=\"wp-block-column is-vertically-aligned-center is-content-justification-left is-layout-constrained wp-container-core-column-is-layout-b64f6bf5 wp-block-column-is-layout-constrained\">\n<p class=\"wp-block-paragraph\"><\/p>\n\n\n\n<h2 class=\"wp-block-heading\"><strong>Zakupy w S\u00e4len - lokalne sklepy, kawiarnie i g\u00f3rska atmosfera przez ca\u0142y rok<\/strong><\/h2>\n\n\n\n<p class=\"wp-block-paragraph\">S\u00e4len jest przede wszystkim znane jako jedno z najwi\u0119kszych miejsc narciarskich w regionie nordyckim, ale obszar ten oferuje r\u00f3wnie\u017c <strong>przyjemne zakupy i lokalne doznania kulinarne<\/strong>, kt\u00f3re dodadz\u0105 Twoim wakacjom w g\u00f3rach troch\u0119 wi\u0119cej. <strong>Centrum miasta S\u00e4len, Lindvallen i H\u00f6gfj\u00e4llet<\/strong> oferuj\u0105 szerok\u0105 gam\u0119 <strong>sklep\u00f3w, sklep\u00f3w specjalistycznych i kawiarni<\/strong> - idealnych na spokojny dzie\u0144 mi\u0119dzy aktywno\u015bciami lub wygodny przystanek przed szczytem. <\/p>\n\n\n\n<p class=\"wp-block-paragraph\">Mo\u017cna tu robi\u0107 zakupy <strong>lokalne i osobiste<\/strong>, w niewielkiej odleg\u0142o\u015bci od sklep\u00f3w sportowych, modowych, wn\u0119trzarskich i spo\u017cywczych. Dzi\u0119ki <strong>pieszej odleg\u0142o\u015bci mi\u0119dzy sklepami i kawiarniami<\/strong> w centrum miasta oraz \u0142atwemu dost\u0119powi do parkingu, \u0142atwo jest po\u0142\u0105czy\u0107 zakupy z relaksuj\u0105c\u0105 przerw\u0105. <\/p>\n\n\n\n<p class=\"wp-block-paragraph\"><strong>Systembolaget w centrum S\u00e4len - \u0142atwy i dost\u0119pny dla wczasowicz\u00f3w<\/strong><\/p>\n\n\n\n<p class=\"wp-block-paragraph\"><a href=\"https:\/\/www.systembolaget.se\/butiker-ombud\/butik\/dalarnas-lan\/salen\/centrumhuset-2010\/\" target=\"_blank\" rel=\"noopener\">Systembolaget w centrum S\u00e4len<\/a> jest jedynym sklepem z winem, piwem i alkoholami wysokoprocentowymi w okolicy i naturalnym przystankiem dla wielu os\u00f3b wybieraj\u0105cych si\u0119 na wycieczk\u0119 lub wakacje w g\u00f3rach. Sklep znajduje si\u0119 w centralnej lokalizacji z dobrym parkingiem i oferuje szerok\u0105 gam\u0119 napoj\u00f3w - zar\u00f3wno lokalnych produkt\u00f3w, jak i mi\u0119dzynarodowych marek. <\/p>\n\n\n\n<p class=\"wp-block-paragraph\">W sklepie mo\u017cna r\u00f3wnie\u017c uzyska\u0107 pomoc od kompetentnego personelu, niezale\u017cnie od tego, czy potrzebujesz rekomendacji wina do kolacji, czy chcesz kupi\u0107 co\u015b specjalnego do kabiny. Sklep przestrzega szwedzkich godzin otwarcia i przepis\u00f3w dotycz\u0105cych alkoholu, wi\u0119c dobrym pomys\u0142em jest zrobienie zakup\u00f3w z du\u017cym wyprzedzeniem przed weekendami lub \u015bwi\u0119tami pa\u0144stwowymi. <\/p>\n<\/div>\n<\/div>\n<\/div>\n\n<div class=\"wp-block-group alignfull is-style-default is-content-justification-center is-layout-constrained wp-container-core-group-is-layout-69af11d0 wp-block-group-is-layout-constrained\" style=\"margin-top:0;margin-bottom:0;padding-top:var(--wp--preset--spacing--40);padding-bottom:var(--wp--preset--spacing--40)\">\n<div class=\"wp-block-group alignwide is-content-justification-left is-layout-constrained wp-container-core-group-is-layout-54d22900 wp-block-group-is-layout-constrained\">\n<p class=\"wp-block-paragraph\"><\/p>\n<\/div>\n<\/div>\n\n<div class=\"wp-block-group alignfull is-content-justification-center is-layout-constrained wp-block-group-is-layout-constrained\" style=\"margin-top:0;margin-bottom:0;padding-top:var(--wp--preset--spacing--40);padding-bottom:var(--wp--preset--spacing--40)\">\n<div class=\"wp-block-columns alignwide are-vertically-aligned-center is-layout-flex wp-container-core-columns-is-layout-7387b849 wp-block-columns-is-layout-flex\">\n<div class=\"wp-block-column is-vertically-aligned-center is-content-justification-left is-layout-constrained wp-container-core-column-is-layout-b64f6bf5 wp-block-column-is-layout-constrained\">\n<p class=\"wp-block-paragraph\"><strong>Sklepy i us\u0142ugi w S\u00e4len<\/strong><\/p>\n\n\n\n<p class=\"wp-block-paragraph\">Centrum miasta S\u00e4len i centrum handlowe <strong>S\u00e4lfj\u00e4llstorget<\/strong> w Lindvallen oferuj\u0105 szerok\u0105 gam\u0119 ofert, kt\u00f3re zaspokoj\u0105 wi\u0119kszo\u015b\u0107 Twoich potrzeb - niezale\u017cnie od tego, czy szukasz ubra\u0144, sprz\u0119tu sportowego czy prezentu dla hostessy.<\/p>\n\n\n\n<p class=\"wp-block-paragraph\">Znajdziesz tu mi\u0119dzy innymi:<\/p>\n\n\n\n<ul class=\"wp-block-list\">\n<li>Sklepy sportowe z odzie\u017c\u0105 i sprz\u0119tem do jazdy na nartach, rowerze i aktywno\u015bci na \u015bwie\u017cym powietrzu<\/li>\n\n\n\n<li>Moda i obuwie dla doros\u0142ych i dzieci<\/li>\n\n\n\n<li>Wn\u0119trza i sklepy z pami\u0105tkami w stylu g\u00f3rskim i skandynawskim<\/li>\n\n\n\n<li>Sklep spo\u017cywczy, apteka, zdrowa \u017cywno\u015b\u0107 i systembolaget<\/li>\n\n\n\n<li>Elektronika, fryzjerstwo i us\u0142ugi dla samochodu i domu<\/li>\n<\/ul>\n\n\n\n<p class=\"wp-block-paragraph\"><strong>Stadion Outlet w S\u00e4len - Sport i rekreacja w niskich cenach<\/strong><\/p>\n\n\n\n<p class=\"wp-block-paragraph\"><a href=\"https:\/\/www.stadiumoutlet.se\/\" target=\"_blank\" rel=\"noopener\">Stadium Outlet w S\u00e4len<\/a> to popularny przystanek zar\u00f3wno dla mieszka\u0144c\u00f3w domk\u00f3w letniskowych, jak i wczasowicz\u00f3w poszukuj\u0105cych wysokiej jako\u015bci produkt\u00f3w w dobrych cenach. Znajdziesz tu du\u017cy wyb\u00f3r odzie\u017cy, obuwia i sprz\u0119tu do jazdy na nartach, treningu, \u017cycia na \u015bwie\u017cym powietrzu i codziennego u\u017cytku - zar\u00f3wno dla doros\u0142ych, jak i dla dzieci. <\/p>\n\n\n\n<p class=\"wp-block-paragraph\">Sklep znajduje si\u0119 w centrum Lindvallen i jest \u0142atwo dost\u0119pny, niezale\u017cnie od tego, czy podr\u00f3\u017cujesz samochodem, czy mieszkasz w pobli\u017cu. Wyb\u00f3r zmienia si\u0119 w zale\u017cno\u015bci od sezonu, ale zawsze mo\u017cna spodziewa\u0107 si\u0119 znanych marek w cenach outletowych - idealnych dla tych, kt\u00f3rzy chc\u0105 zaktualizowa\u0107 sw\u00f3j sprz\u0119t przed jazd\u0105 na nartach, rowerze lub piesz\u0105 w\u0119dr\u00f3wk\u0105. <\/p>\n\n\n\n<p class=\"wp-block-paragraph\"><strong>Kawiarnie i restauracje - przerwy smakowe w g\u00f3rach<\/strong><\/p>\n\n\n\n<p class=\"wp-block-paragraph\">Po zakupach mo\u017cna zrelaksowa\u0107 si\u0119 przy <strong>fili\u017cance kawy, lunchu lub \u015bwie\u017cych wypiekach<\/strong> w jednej z wielu przytulnych restauracji w S\u00e4len. Niezale\u017cnie od tego, czy szukasz czego\u015b prostego, czy s\u0142odkiego, znajdziesz tu opcje na ka\u017cdy gust. <\/p>\n\n\n\n<p class=\"wp-block-paragraph\">Popularne miejsca, w kt\u00f3rych warto si\u0119 zatrzyma\u0107:<\/p>\n\n\n\n<ul class=\"wp-block-list\">\n<li><strong>Caf\u00e9 Mezzo<\/strong> (S\u00e4lfj\u00e4llstorget): Znana z dobrej kawy, domowych wypiek\u00f3w i przytulnej atmosfery<\/li>\n\n\n\n<li><strong>Kawiarnia Gammelg\u00e5rden<\/strong> (H\u00f6gfj\u00e4llet): Klimatyczne miejsce na lunch lub kaw\u0119 w tradycyjnym otoczeniu.<\/li>\n\n\n\n<li><strong>Fj\u00e4llbagarn<\/strong> (centrum miasta S\u00e4len): piekarnia i kawiarnia ze \u015bwie\u017cymi bu\u0142eczkami, chlebem i s\u0142odyczami<\/li>\n\n\n\n<li><strong>Wayne&#8217;s Coffee<\/strong> (Lindvallen): Nowoczesna i przyjazna dzieciom sie\u0107 kawiarni ze zdrow\u0105 \u017cywno\u015bci\u0105 i opcjami dla alergik\u00f3w.<\/li>\n<\/ul>\n\n\n\n<p class=\"wp-block-paragraph\"><\/p>\n<\/div>\n\n\n\n<div class=\"wp-block-column is-vertically-aligned-center is-layout-flow wp-block-column-is-layout-flow\">\n<figure class=\"wp-block-image size-full\"><img data-recalc-dims=\"1\" decoding=\"async\" width=\"799\" height=\"532\" src=\"https:\/\/i0.wp.com\/bno-travel.com\/wp-content\/uploads\/2025\/06\/19105672288_2155e3dd4c_c.jpg?resize=799%2C532&#038;ssl=1\" alt=\"Lato w Trysil\" class=\"wp-image-2278\" style=\"aspect-ratio:3\/4;object-fit:cover\" srcset=\"https:\/\/i0.wp.com\/bno-travel.com\/wp-content\/uploads\/2025\/06\/19105672288_2155e3dd4c_c.jpg?w=799&amp;ssl=1 799w, https:\/\/i0.wp.com\/bno-travel.com\/wp-content\/uploads\/2025\/06\/19105672288_2155e3dd4c_c.jpg?resize=300%2C200&amp;ssl=1 300w, https:\/\/i0.wp.com\/bno-travel.com\/wp-content\/uploads\/2025\/06\/19105672288_2155e3dd4c_c.jpg?resize=768%2C511&amp;ssl=1 768w\" sizes=\"(max-width: 799px) 100vw, 799px\" \/><\/figure>\n<\/div>\n<\/div>\n<\/div>\n\n<div class=\"wp-block-group alignfull is-style-default is-content-justification-center is-layout-constrained wp-container-core-group-is-layout-69af11d0 wp-block-group-is-layout-constrained\" style=\"margin-top:0;margin-bottom:0;padding-top:var(--wp--preset--spacing--40);padding-bottom:var(--wp--preset--spacing--40)\">\n<div class=\"wp-block-group alignfull is-content-justification-center is-layout-constrained wp-container-core-group-is-layout-4853c3a7 wp-block-group-is-layout-constrained\" style=\"margin-top:0;margin-bottom:0;padding-top:calc( 0.5 * var(u002du002dwpu002du002dstyleu002du002drootu002du002dpadding-right, var(u002du002dwpu002du002dcustomu002du002dgapu002du002dhorizontal)));padding-right:var(u002du002dwpu002du002dstyleu002du002drootu002du002dpadding-right, var(u002du002dwpu002du002dcustomu002du002dgapu002du002dhorizontal));padding-bottom:calc( 0.5 * var(u002du002dwpu002du002dstyleu002du002drootu002du002dpadding-right, var(u002du002dwpu002du002dcustomu002du002dgapu002du002dhorizontal)));padding-left:var(u002du002dwpu002du002dstyleu002du002drootu002du002dpadding-left, var(u002du002dwpu002du002dcustomu002du002dgapu002du002dhorizontal))\">\n<div style=\"height:calc( 0.25 * var(u002du002dwpu002du002dstyleu002du002drootu002du002dpadding-right, var(u002du002dwpu002du002dcustomu002du002dgapu002du002dhorizontal)))\" aria-hidden=\"true\" class=\"wp-block-spacer\"><\/div>\n\n\n\n<div class=\"wp-block-columns alignwide is-layout-flex wp-container-core-columns-is-layout-7387b849 wp-block-columns-is-layout-flex\">\n<div class=\"wp-block-column is-vertically-aligned-center is-layout-flow wp-block-column-is-layout-flow\">\n<figure class=\"wp-block-image size-full\"><img data-recalc-dims=\"1\" loading=\"lazy\" decoding=\"async\" width=\"532\" height=\"799\" src=\"https:\/\/i0.wp.com\/bno-travel.com\/wp-content\/uploads\/2025\/06\/18670754034_e10bf74a7e_c.jpg?resize=532%2C799&#038;ssl=1\" alt=\"\" class=\"wp-image-2265\" style=\"aspect-ratio:3\/4;object-fit:cover\" srcset=\"https:\/\/i0.wp.com\/bno-travel.com\/wp-content\/uploads\/2025\/06\/18670754034_e10bf74a7e_c.jpg?w=532&amp;ssl=1 532w, https:\/\/i0.wp.com\/bno-travel.com\/wp-content\/uploads\/2025\/06\/18670754034_e10bf74a7e_c.jpg?resize=200%2C300&amp;ssl=1 200w\" sizes=\"(max-width: 532px) 100vw, 532px\" \/><\/figure>\n<\/div>\n\n\n\n<div class=\"wp-block-column is-vertically-aligned-center is-layout-flow wp-block-column-is-layout-flow\">\n<p class=\"has-text-align-left wp-block-paragraph\"><\/p>\n\n\n\n<p class=\"wp-block-paragraph\">Kilka miejsc oferuje r\u00f3wnie\u017c <strong>lokalne produkty spo\u017cywcze, czekolad\u0119 i upominki<\/strong>, kt\u00f3re idealnie nadaj\u0105 si\u0119 na pami\u0105tki lub drobne prezenty do zabrania do domu.<\/p>\n\n\n\n<p class=\"wp-block-paragraph\"><strong>Zakwaterowanie w pobli\u017cu sklep\u00f3w i centrum miasta<\/strong><\/p>\n\n\n\n<p class=\"wp-block-paragraph\">W <strong>BNO TRAVEL<\/strong> znajdziesz <a href=\"https:\/\/bno-travel.com\/pl\/?page_id=2879\">zakwaterowanie<\/a> w niewielkiej odleg\u0142o\u015bci od sklep\u00f3w i atrakcji. Oferujemy: <\/p>\n\n\n\n<ul class=\"wp-block-list\">\n<li>Apartamenty i domki przy <strong>Lindvallen<\/strong> i <strong>S\u00e4lfj\u00e4llstorget<\/strong>, idealne dla rodzin z dzie\u0107mi i par.<\/li>\n\n\n\n<li>Zakwaterowanie w pobli\u017cu <strong>centrum S\u00e4len<\/strong>, w pobli\u017cu sklep\u00f3w, restauracji i atrakcji<\/li>\n\n\n\n<li>Domki g\u00f3rskie w <strong>H\u00f6gfj\u00e4llet i Tand\u00e5dalen<\/strong>, dla tych, kt\u00f3rzy pragn\u0105 ciszy, spokoju i widok\u00f3w - ale jednocze\u015bnie dost\u0119pu do ofert w dolinie.<\/li>\n<\/ul>\n\n\n\n<p class=\"wp-block-paragraph\">Wszystkie nasze jednostki zakwaterowania mog\u0105 by\u0107 dostarczane z <strong>po\u015bciel\u0105, sprz\u0105taniem ko\u0144cowym i osobist\u0105 obs\u0142ug\u0105<\/strong>.<\/p>\n\n\n\n<p class=\"wp-block-paragraph\"><strong>Do\u015bwiadcz zakup\u00f3w i g\u00f3rskiej atmosfery w S\u00e4len z BNO TRAVEL<\/strong><\/p>\n\n\n\n<p class=\"wp-block-paragraph\">S\u00e4len oferuje wi\u0119cej ni\u017c tylko stoki narciarskie i \u015bcie\u017cki rowerowe - to tak\u017ce <strong>towarzyskie i przyjazne miejsce<\/strong> ze wszystkim, czego potrzebujesz do pe\u0142nego wypoczynku. W <strong>BNO TRAVEL<\/strong> pomo\u017cemy Ci znale\u017a\u0107 odpowiednie zakwaterowanie i podpowiemy, czego mo\u017cesz do\u015bwiadczy\u0107 w okolicy - zar\u00f3wno latem, jak i zim\u0105. <\/p>\n\n\n\n<p class=\"wp-block-paragraph\"><strong>Skontaktuj si\u0119 z nami ju\u017c dzi\u015b, aby zaplanowa\u0107 sw\u00f3j pobyt w S\u00e4len - i ciesz si\u0119 wakacjami, kt\u00f3re \u0142\u0105cz\u0105 natur\u0119, zakupy i wspania\u0142e smaki.<\/strong>Co Trysil ma do zaoferowania - przez ca\u0142y rok<strong>?<\/strong><\/p>\n<\/div>\n<\/div>\n\n\n\n<div style=\"height:calc( 0.25 * var(u002du002dwpu002du002dstyleu002du002drootu002du002dpadding-right, var(u002du002dwpu002du002dcustomu002du002dgapu002du002dhorizontal)))\" aria-hidden=\"true\" class=\"wp-block-spacer\"><\/div>\n<\/div>\n\n\n\n<div class=\"wp-block-group alignwide is-content-justification-left is-layout-constrained wp-container-core-group-is-layout-54d22900 wp-block-group-is-layout-constrained\"><\/div>\n<\/div>\n\n<div class=\"wp-block-group alignfull is-style-default is-content-justification-center is-layout-constrained wp-container-core-group-is-layout-cdf99998 wp-block-group-is-layout-constrained\" style=\"margin-top:0;margin-bottom:0;padding-top:var(--wp--preset--spacing--40);padding-bottom:var(--wp--preset--spacing--40)\"><\/div>\n\n<p class=\"wp-block-paragraph\"><\/p>\n","protected":false},"excerpt":{"rendered":"<p>Zakupy w S\u00e4len - lokalne sklepy, kawiarnie i g\u00f3rska atmosfera przez ca\u0142y rok S\u00e4len jest przede wszystkim znane jako jedno z najwi\u0119kszych miejsc narciarskich w regionie nordyckim, ale obszar ten oferuje r\u00f3wnie\u017c przyjemne zakupy i lokalne doznania kulinarne, kt\u00f3re dodadz\u0105 Twoim wakacjom w g\u00f3rach troch\u0119 wi\u0119cej. Centrum miasta S\u00e4len, Lindvallen i H\u00f6gfj\u00e4llet oferuj\u0105 szerok\u0105 gam\u0119 [&hellip;]<\/p>\n","protected":false},"author":260013438,"featured_media":0,"parent":0,"menu_order":0,"comment_status":"closed","ping_status":"closed","template":"","meta":{"_crdt_document":"","footnotes":""},"class_list":["post-3895","page","type-page","status-publish","hentry"],"jetpack_likes_enabled":true,"jetpack_sharing_enabled":true,"jetpack_shortlink":"https:\/\/wp.me\/PgDuwj-10P","jetpack-related-posts":[{"id":2865,"url":"https:\/\/bno-travel.com\/en\/the-journey-here-to-salenfjellet\/","url_meta":{"origin":3895,"position":0},"title":"The journey here to S\u00e4lenfjellet","author":"Jan Terje \u00c5s","date":"2025-07-11","format":false,"excerpt":". How to get to S\u00e4lenfjellet - by plane, rental car, bus, train or own car \u2708\ufe0f By plane to Oslo Airport Gardermoen (OSL) Oslo Airport is one of the most common entry points for travelers to S\u00e4len. There are direct flights from a number of major European cities. Continue\u2026","rel":"","context":"Podobny wpis","block_context":{"text":"Podobny wpis","link":""},"img":{"alt_text":"overnatting i salen","src":"https:\/\/i0.wp.com\/bno-travel.com\/wp-content\/uploads\/2025\/06\/AdobeStock_121113275-e1751307052527.jpeg?resize=350%2C200&ssl=1","width":350,"height":200,"srcset":"https:\/\/i0.wp.com\/bno-travel.com\/wp-content\/uploads\/2025\/06\/AdobeStock_121113275-e1751307052527.jpeg?resize=350%2C200&ssl=1 1x, https:\/\/i0.wp.com\/bno-travel.com\/wp-content\/uploads\/2025\/06\/AdobeStock_121113275-e1751307052527.jpeg?resize=525%2C300&ssl=1 1.5x, https:\/\/i0.wp.com\/bno-travel.com\/wp-content\/uploads\/2025\/06\/AdobeStock_121113275-e1751307052527.jpeg?resize=700%2C400&ssl=1 2x, https:\/\/i0.wp.com\/bno-travel.com\/wp-content\/uploads\/2025\/06\/AdobeStock_121113275-e1751307052527.jpeg?resize=1050%2C600&ssl=1 3x, https:\/\/i0.wp.com\/bno-travel.com\/wp-content\/uploads\/2025\/06\/AdobeStock_121113275-e1751307052527.jpeg?resize=1400%2C800&ssl=1 4x"},"classes":[]},{"id":3825,"url":"https:\/\/bno-travel.com\/en\/spa-and-bath-in-salen\/","url_meta":{"origin":3895,"position":1},"title":"Spa and swimming in S\u00e4len","author":"Jan Terje \u00c5s","date":"2025-07-18","format":false,"excerpt":"Spa and baths in S\u00e4len - Wellness and relaxation in a mountain environment S\u00e4len isn't just about skiing, cycling and the great outdoors - it's also a fantastic destination if you're looking for peace, relaxation and true mountain harmony. Whether you're coming for a romantic weekend, a family vacation or\u2026","rel":"","context":"Podobny wpis","block_context":{"text":"Podobny wpis","link":""},"img":{"alt_text":"","src":"https:\/\/i0.wp.com\/bno-travel.com\/wp-content\/uploads\/2025\/07\/52200128044_b550a6c33d_c.jpg?resize=350%2C200&ssl=1","width":350,"height":200,"srcset":"https:\/\/i0.wp.com\/bno-travel.com\/wp-content\/uploads\/2025\/07\/52200128044_b550a6c33d_c.jpg?resize=350%2C200&ssl=1 1x, https:\/\/i0.wp.com\/bno-travel.com\/wp-content\/uploads\/2025\/07\/52200128044_b550a6c33d_c.jpg?resize=525%2C300&ssl=1 1.5x, https:\/\/i0.wp.com\/bno-travel.com\/wp-content\/uploads\/2025\/07\/52200128044_b550a6c33d_c.jpg?resize=700%2C400&ssl=1 2x"},"classes":[]},{"id":35286,"url":"https:\/\/bno-travel.com\/en\/restaurants-in-salen\/","url_meta":{"origin":3895,"position":2},"title":"Restaurants in S\u00e4len","author":"Jan Terje \u00c5s","date":"2025-07-18","format":false,"excerpt":"Restaurants in S\u00e4len Flavourful experiences all year round \u2013 from mountain restaurants and bakeries to social dinners and relaxing breaks between activities S\u00e4len is not only about skiing, cycling and mountain scenery. It is also a destination with a varied selection of restaurants, caf\u00e9s and places to eat that make\u2026","rel":"","context":"Podobny wpis","block_context":{"text":"Podobny wpis","link":""},"img":{"alt_text":"","src":"","width":0,"height":0},"classes":[]},{"id":2862,"url":"https:\/\/bno-travel.com\/en\/salenfjellet\/","url_meta":{"origin":3895,"position":3},"title":"S\u00e4lenfjellet","author":"Jan Terje \u00c5s","date":"2025-09-30","format":false,"excerpt":". Lindvallen, H\u00f6gfj\u00e4llet and Tand\u00e5dalen Welcome to snowy adventures and relaxing cabin life in S\u00e4len.With BNO TRAVEL, you stay comfortably in the heart of S\u00e4lenfjellet \u2013 close to Lindvallen, H\u00f6gfj\u00e4llet and Tand\u00e5dalen. The area is known for its wide selection of alpine slopes, family-friendly atmosphere and excellent cross-country conditions. Our\u2026","rel":"","context":"Podobny wpis","block_context":{"text":"Podobny wpis","link":""},"img":{"alt_text":"overnatting i salen","src":"https:\/\/i0.wp.com\/bno-travel.com\/wp-content\/uploads\/2025\/06\/AdobeStock_121113275-e1751307052527.jpeg?resize=350%2C200&ssl=1","width":350,"height":200,"srcset":"https:\/\/i0.wp.com\/bno-travel.com\/wp-content\/uploads\/2025\/06\/AdobeStock_121113275-e1751307052527.jpeg?resize=350%2C200&ssl=1 1x, https:\/\/i0.wp.com\/bno-travel.com\/wp-content\/uploads\/2025\/06\/AdobeStock_121113275-e1751307052527.jpeg?resize=525%2C300&ssl=1 1.5x, https:\/\/i0.wp.com\/bno-travel.com\/wp-content\/uploads\/2025\/06\/AdobeStock_121113275-e1751307052527.jpeg?resize=700%2C400&ssl=1 2x, https:\/\/i0.wp.com\/bno-travel.com\/wp-content\/uploads\/2025\/06\/AdobeStock_121113275-e1751307052527.jpeg?resize=1050%2C600&ssl=1 3x, https:\/\/i0.wp.com\/bno-travel.com\/wp-content\/uploads\/2025\/06\/AdobeStock_121113275-e1751307052527.jpeg?resize=1400%2C800&ssl=1 4x"},"classes":[]},{"id":28330,"url":"https:\/\/bno-travel.com\/en\/home-page\/","url_meta":{"origin":3895,"position":4},"title":"Home page","author":"Jan Terje \u00c5s","date":"2026-04-03","format":false,"excerpt":"Plan your trip easier with BNO Travel Find accommodation in selected destinations, search for flights for journeys near and far, and book a rental car that gives you the freedom to go further. All in one neat and user-friendly solution. Find accommodation Search flights Find car rental Easier choice. Better\u2026","rel":"","context":"Podobny wpis","block_context":{"text":"Podobny wpis","link":""},"img":{"alt_text":"","src":"","width":0,"height":0},"classes":[]},{"id":1935,"url":"https:\/\/bno-travel.com\/en\/we-convey-your-device\/","url_meta":{"origin":3895,"position":5},"title":"We arrange your unit in Trysil and S\u00e4lenfjellet","author":"Jan Terje \u00c5s","date":"2025-07-11","format":false,"excerpt":"We're changing the way rental works in Trysil and S\u00e4len Rental and brokerage of cabins and apartments in Trysil and S\u00e4len, now we're changing how it works How do you go about it? If you're renting out your cabin or apartment in Trysil or S\u00e4len today, you can choose between\u2026","rel":"","context":"Podobny wpis","block_context":{"text":"Podobny wpis","link":""},"img":{"alt_text":"Trysil Turistsenter byr p\u00e5 et stort utvalg for overnatting","src":"https:\/\/i0.wp.com\/bno-travel.com\/wp-content\/uploads\/2025\/06\/10001-20191216-Drone0784-scaled-2.jpg?resize=350%2C200&ssl=1","width":350,"height":200,"srcset":"https:\/\/i0.wp.com\/bno-travel.com\/wp-content\/uploads\/2025\/06\/10001-20191216-Drone0784-scaled-2.jpg?resize=350%2C200&ssl=1 1x, https:\/\/i0.wp.com\/bno-travel.com\/wp-content\/uploads\/2025\/06\/10001-20191216-Drone0784-scaled-2.jpg?resize=525%2C300&ssl=1 1.5x, https:\/\/i0.wp.com\/bno-travel.com\/wp-content\/uploads\/2025\/06\/10001-20191216-Drone0784-scaled-2.jpg?resize=700%2C400&ssl=1 2x, https:\/\/i0.wp.com\/bno-travel.com\/wp-content\/uploads\/2025\/06\/10001-20191216-Drone0784-scaled-2.jpg?resize=1050%2C600&ssl=1 3x, https:\/\/i0.wp.com\/bno-travel.com\/wp-content\/uploads\/2025\/06\/10001-20191216-Drone0784-scaled-2.jpg?resize=1400%2C800&ssl=1 4x"},"classes":[]}],"_links":{"self":[{"href":"https:\/\/bno-travel.com\/pl\/wp-json\/wp\/v2\/pages\/3895","targetHints":{"allow":["GET"]}}],"collection":[{"href":"https:\/\/bno-travel.com\/pl\/wp-json\/wp\/v2\/pages"}],"about":[{"href":"https:\/\/bno-travel.com\/pl\/wp-json\/wp\/v2\/types\/page"}],"author":[{"embeddable":true,"href":"https:\/\/bno-travel.com\/pl\/wp-json\/wp\/v2\/users\/260013438"}],"replies":[{"embeddable":true,"href":"https:\/\/bno-travel.com\/pl\/wp-json\/wp\/v2\/comments?post=3895"}],"version-history":[{"count":2,"href":"https:\/\/bno-travel.com\/pl\/wp-json\/wp\/v2\/pages\/3895\/revisions"}],"predecessor-version":[{"id":4799,"href":"https:\/\/bno-travel.com\/pl\/wp-json\/wp\/v2\/pages\/3895\/revisions\/4799"}],"wp:attachment":[{"href":"https:\/\/bno-travel.com\/pl\/wp-json\/wp\/v2\/media?parent=3895"}],"curies":[{"name":"wp","href":"https:\/\/api.w.org\/{rel}","templated":true}]}}