{"id":4297,"date":"2025-07-18T20:36:15","date_gmt":"2025-07-18T18:36:15","guid":{"rendered":"https:\/\/bno-travel.com\/?page_id=4297"},"modified":"2025-07-18T20:36:42","modified_gmt":"2025-07-18T18:36:42","slug":"park-wspinaczkowy-w-trysil","status":"publish","type":"page","link":"https:\/\/bno-travel.com\/pl\/park-wspinaczkowy-w-trysil\/","title":{"rendered":"Park wspinaczkowy w Trysil"},"content":{"rendered":"\n<p class=\"wp-block-paragraph\"><\/p>\n\n<div class=\"wp-block-cover alignfull\" style=\"margin-top:0;margin-bottom:0;padding-top:var(--wp--preset--spacing--20);padding-right:var(--wp--preset--spacing--40);padding-bottom:var(--wp--preset--spacing--20);padding-left:var(--wp--preset--spacing--40);min-height:906px;aspect-ratio:unset;\"><img data-recalc-dims=\"1\" fetchpriority=\"high\" decoding=\"async\" width=\"800\" height=\"534\" class=\"wp-block-cover__image-background wp-image-2239 size-full\" alt=\"\" src=\"https:\/\/i0.wp.com\/bno-travel.com\/wp-content\/uploads\/2025\/06\/43124442155_8f90996eef_c.jpg?resize=800%2C534&#038;ssl=1\" style=\"object-position:54% 56%\" data-object-fit=\"cover\" data-object-position=\"54% 56%\" srcset=\"https:\/\/i0.wp.com\/bno-travel.com\/wp-content\/uploads\/2025\/06\/43124442155_8f90996eef_c.jpg?w=800&amp;ssl=1 800w, https:\/\/i0.wp.com\/bno-travel.com\/wp-content\/uploads\/2025\/06\/43124442155_8f90996eef_c.jpg?resize=300%2C200&amp;ssl=1 300w, https:\/\/i0.wp.com\/bno-travel.com\/wp-content\/uploads\/2025\/06\/43124442155_8f90996eef_c.jpg?resize=768%2C513&amp;ssl=1 768w\" sizes=\"(max-width: 800px) 100vw, 800px\" \/><span aria-hidden=\"true\" class=\"wp-block-cover__background has-theme-1-background-color has-background-dim-30 has-background-dim\"><\/span><div class=\"wp-block-cover__inner-container is-layout-flow wp-block-cover-is-layout-flow\">\n<div style=\"height:var(--wp--preset--spacing--50)\" aria-hidden=\"true\" class=\"wp-block-spacer\"><\/div>\n\n\n\n<div style=\"height:var(--wp--preset--spacing--50)\" aria-hidden=\"true\" class=\"wp-block-spacer\"><\/div>\n<\/div><\/div>\n\n<div class=\"wp-block-group alignfull is-style-section-3 is-layout-constrained wp-block-group-is-layout-constrained\" style=\"margin-top:0;margin-bottom:0;padding-top:var(--wp--preset--spacing--40);padding-bottom:var(--wp--preset--spacing--40)\">\n<div class=\"wp-block-columns alignwide are-vertically-aligned-center is-layout-flex wp-container-core-columns-is-layout-d9ad523d wp-block-columns-is-layout-flex\">\n<div class=\"wp-block-column is-vertically-aligned-center is-layout-flow wp-block-column-is-layout-flow\">\n<figure class=\"wp-block-image size-full\"><img data-recalc-dims=\"1\" decoding=\"async\" width=\"800\" height=\"534\" src=\"https:\/\/i0.wp.com\/bno-travel.com\/wp-content\/uploads\/2025\/06\/43311668904_2a700093da_c.jpg?resize=800%2C534&#038;ssl=1\" alt=\"\" class=\"wp-image-2434\" style=\"aspect-ratio:3\/4;object-fit:cover\" title=\"tytu&#x142;\" srcset=\"https:\/\/i0.wp.com\/bno-travel.com\/wp-content\/uploads\/2025\/06\/43311668904_2a700093da_c.jpg?w=800&amp;ssl=1 800w, https:\/\/i0.wp.com\/bno-travel.com\/wp-content\/uploads\/2025\/06\/43311668904_2a700093da_c.jpg?resize=300%2C200&amp;ssl=1 300w, https:\/\/i0.wp.com\/bno-travel.com\/wp-content\/uploads\/2025\/06\/43311668904_2a700093da_c.jpg?resize=768%2C513&amp;ssl=1 768w\" sizes=\"(max-width: 800px) 100vw, 800px\" \/><\/figure>\n<\/div>\n\n\n\n<div class=\"wp-block-column is-vertically-aligned-center is-content-justification-left is-layout-constrained wp-container-core-column-is-layout-b64f6bf5 wp-block-column-is-layout-constrained\">\n<p class=\"wp-block-paragraph\"><\/p>\n\n\n\n<h2 class=\"wp-block-heading\">Park wspinaczkowy w Trysil - emocje, mistrzostwo i zabawa dla ca\u0142ej rodziny<\/h2>\n\n\n\n<p class=\"wp-block-paragraph\">Witamy w H\u00f8yt &amp; Lavt <strong><a href=\"https:\/\/www.trysil.com\/bedrifter\/skistar-trysil\/hoyt--lavt-klatrepark\/\" target=\"_blank\" rel=\"noopener\">H\u00f8yt &amp; Lavt Trysil<\/a><\/strong>jeden z najpopularniejszych i najnowocze\u015bniejszych park\u00f3w wspinaczkowych w Norwegii - w samym sercu malowniczych las\u00f3w Trysil. Znajdziesz tu strzeliste tyrolki, tory przeszk\u00f3d na drzewach i wyzwania dla dzieci, doros\u0142ych i poszukiwaczy adrenaliny. <\/p>\n\n\n\n<p class=\"wp-block-paragraph\">Dzi\u0119ki BNO TRAVEL mo\u017cesz \u0142atwo zaplanowa\u0107 i zarezerwowa\u0107 aktywne wakacje w Trysil, gdzie park wspinaczkowy b\u0119dzie atrakcj\u0105 - niezale\u017cnie od tego, czy przyje\u017cd\u017casz z rodzin\u0105, grup\u0105 przyjaci\u00f3\u0142 czy wsp\u00f3\u0142pracownikami.<\/p>\n\n\n\n<p class=\"wp-block-paragraph\">Do\u015bwiadczenie, kt\u00f3re pasuje ka\u017cdemu<\/p>\n\n\n\n<p class=\"wp-block-paragraph\"><a href=\"https:\/\/www.trysil.com\/bedrifter\/skistar-trysil\/hoyt--lavt-klatrepark\/\" target=\"_blank\" rel=\"noopener\">H\u00f8yt &amp; Lavt w Trysil <\/a>zosta\u0142 zaprojektowany z my\u015bl\u0105 o m\u0142odszych i starszych - dzieci w wieku od 2 lat mog\u0105 wspina\u0107 si\u0119 po bezpiecznych i zabawnych trasach, podczas gdy m\u0142odzie\u017c i doro\u015bli mog\u0105 pokonywa\u0107 wy\u017csze i bardziej wymagaj\u0105ce odcinki.<\/p>\n\n\n\n<p class=\"wp-block-paragraph\">Jest to idealna aktywno\u015b\u0107 dla:<\/p>\n\n\n\n<ul class=\"wp-block-list\">\n<li><strong>Rodzinne wakacje<\/strong><\/li>\n\n\n\n<li><strong>Teambuilding i wycieczki firmowe<\/strong><\/li>\n\n\n\n<li><strong>Grupy przyja\u017ani i wieczory kawalerskie<\/strong><\/li>\n\n\n\n<li><strong>Aktywne wakacje dla par i singli<\/strong><\/li>\n<\/ul>\n\n\n\n<p class=\"wp-block-paragraph\">Bycie na wysoko\u015bci, kwestionowanie w\u0142asnych ogranicze\u0144 i do\u015bwiadczanie mistrzostwa razem z innymi tworzy zar\u00f3wno dobre wspomnienia, jak i prawdziw\u0105 spo\u0142eczno\u015b\u0107.<\/p>\n\n\n\n<div class=\"wp-block-buttons is-layout-flex wp-block-buttons-is-layout-flex\"><\/div>\n<\/div>\n<\/div>\n<\/div>\n\n<div class=\"wp-block-group alignfull is-style-default is-content-justification-center is-layout-constrained wp-container-core-group-is-layout-69af11d0 wp-block-group-is-layout-constrained\" style=\"margin-top:0;margin-bottom:0;padding-top:var(--wp--preset--spacing--40);padding-bottom:var(--wp--preset--spacing--40)\">\n<div class=\"wp-block-group alignwide is-content-justification-left is-layout-constrained wp-container-core-group-is-layout-54d22900 wp-block-group-is-layout-constrained\">\n<div class=\"wp-block-buttons is-layout-flex wp-block-buttons-is-layout-flex\"><\/div>\n<\/div>\n<\/div>\n\n<div class=\"wp-block-group alignfull is-content-justification-center is-layout-constrained wp-block-group-is-layout-constrained\" style=\"margin-top:0;margin-bottom:0;padding-top:var(--wp--preset--spacing--40);padding-bottom:var(--wp--preset--spacing--40)\">\n<div class=\"wp-block-columns alignwide are-vertically-aligned-center is-layout-flex wp-container-core-columns-is-layout-7387b849 wp-block-columns-is-layout-flex\">\n<div class=\"wp-block-column is-vertically-aligned-center is-content-justification-left is-layout-constrained wp-container-core-column-is-layout-b64f6bf5 wp-block-column-is-layout-constrained\">\n<h2 class=\"wp-block-heading has-xx-large-font-size\">Fakty dotycz\u0105ce Klatreparken w Trysil<\/h2>\n\n\n\n<p class=\"wp-block-paragraph\">Park wspinaczkowy znajduje si\u0119 w centrum Trysil Turistsenter i jest cz\u0119\u015bci\u0105 szerokiej gamy letnich i jesiennych atrakcji w regionie. Tutaj znajdziesz: <\/p>\n\n\n\n<ul class=\"wp-block-list\">\n<li><strong>Ponad 130 r\u00f3\u017cnych przeszk\u00f3d i aktywno\u015bci na drzewach<\/strong><\/li>\n\n\n\n<li><strong>10 r\u00f3\u017cnych tras wspinaczkowych<\/strong>, dostosowanych do r\u00f3\u017cnych wysoko\u015bci i poziom\u00f3w umiej\u0119tno\u015bci<\/li>\n\n\n\n<li><strong>Linie zipline<\/strong> o r\u00f3\u017cnej d\u0142ugo\u015bci - kilka ponad 100 metr\u00f3w<\/li>\n\n\n\n<li>Dedykowane <strong>trasy dla dzieci o wysoko\u015bci od 80 cm<\/strong> i wyzwania dla najbardziej do\u015bwiadczonych.<\/li>\n\n\n\n<li>Skoncentruj si\u0119 na bezpiecze\u0144stwie dzi\u0119ki nowoczesnym uprz\u0119\u017com i systemom przytrzymuj\u0105cym.<\/li>\n\n\n\n<li>Kioski, patia i strefy ciszy na przerwy i pikniki<\/li>\n<\/ul>\n\n\n\n<p class=\"wp-block-paragraph\">Park jest podzielony na kategorie wed\u0142ug trudno\u015bci, dzi\u0119ki czemu ka\u017cdy mo\u017ce znale\u017a\u0107 odpowiedni\u0105 tras\u0119. Mo\u017cesz zacz\u0105\u0107 od zielonej trasy, aby uzyska\u0107 przegl\u0105d i opanowanie, a nast\u0119pnie przej\u015b\u0107 do czerwonej i czarnej, aby uzyska\u0107 maksymalne wyzwanie i emocje. <\/p>\n\n\n\n<p class=\"wp-block-paragraph\">Dodatkowe wskaz\u00f3wki: <a href=\"https:\/\/www.trysil.com\/bedrifter\/skistar-trysil\/rafting\/\" target=\"_blank\" rel=\"noopener\">rafting i zaj\u0119cia na rzece w Trysilelva<\/a><\/p>\n\n\n\n<p class=\"wp-block-paragraph\">Park wspinaczkowy to tylko jedna z wielu ekscytuj\u0105cych atrakcji w Trysil! Kiedy ju\u017c tu b\u0119dziesz, powiniene\u015b r\u00f3wnie\u017c rozwa\u017cy\u0107 do\u015bwiadczenie <strong>Trysilelva<\/strong> - pi\u0119knej i pot\u0119\u017cnej rzeki, kt\u00f3ra oferuje ekscytuj\u0105ce zaj\u0119cia wodne. <\/p>\n\n\n\n<p class=\"wp-block-paragraph\"><strong>Rafting w Trysil<\/strong> to jedna z najpopularniejszych letnich aktywno\u015bci. Wycieczki s\u0105 prowadzone przez profesjonalnych przewodnik\u00f3w i s\u0105 odpowiednie zar\u00f3wno dla pocz\u0105tkuj\u0105cych, jak i tych, kt\u00f3rzy szukaj\u0105 dodatkowej akcji. Mo\u017cesz wybiera\u0107 mi\u0119dzy spokojniejszymi rodzinnymi wycieczkami raftingowymi i bardziej wymagaj\u0105cymi wycieczkami po stromych bystrzach.  <\/p>\n\n\n\n<div class=\"wp-block-buttons is-layout-flex wp-block-buttons-is-layout-flex\"><\/div>\n<\/div>\n\n\n\n<div class=\"wp-block-column is-vertically-aligned-center is-layout-flow wp-block-column-is-layout-flow\">\n<figure class=\"wp-block-image size-full\"><img data-recalc-dims=\"1\" decoding=\"async\" width=\"800\" height=\"534\" src=\"https:\/\/i0.wp.com\/bno-travel.com\/wp-content\/uploads\/2025\/06\/43124440865_479eca7e07_c.jpg?resize=800%2C534&#038;ssl=1\" alt=\"Park wspinaczkowy w Trysil\" class=\"wp-image-2421\" style=\"aspect-ratio:3\/4;object-fit:cover\" srcset=\"https:\/\/i0.wp.com\/bno-travel.com\/wp-content\/uploads\/2025\/06\/43124440865_479eca7e07_c.jpg?w=800&amp;ssl=1 800w, https:\/\/i0.wp.com\/bno-travel.com\/wp-content\/uploads\/2025\/06\/43124440865_479eca7e07_c.jpg?resize=300%2C200&amp;ssl=1 300w, https:\/\/i0.wp.com\/bno-travel.com\/wp-content\/uploads\/2025\/06\/43124440865_479eca7e07_c.jpg?resize=768%2C513&amp;ssl=1 768w\" sizes=\"(max-width: 800px) 100vw, 800px\" \/><\/figure>\n<\/div>\n<\/div>\n<\/div>\n\n<div class=\"wp-block-group alignfull is-style-default is-content-justification-center is-layout-constrained wp-container-core-group-is-layout-69af11d0 wp-block-group-is-layout-constrained\" style=\"margin-top:0;margin-bottom:0;padding-top:var(--wp--preset--spacing--40);padding-bottom:var(--wp--preset--spacing--40)\">\n<div class=\"wp-block-group alignfull is-content-justification-center is-layout-constrained wp-container-core-group-is-layout-4853c3a7 wp-block-group-is-layout-constrained\" style=\"margin-top:0;margin-bottom:0;padding-top:calc( 0.5 * var(u002du002dwpu002du002dstyleu002du002drootu002du002dpadding-right, var(u002du002dwpu002du002dcustomu002du002dgapu002du002dhorizontal)));padding-right:var(u002du002dwpu002du002dstyleu002du002drootu002du002dpadding-right, var(u002du002dwpu002du002dcustomu002du002dgapu002du002dhorizontal));padding-bottom:calc( 0.5 * var(u002du002dwpu002du002dstyleu002du002drootu002du002dpadding-right, var(u002du002dwpu002du002dcustomu002du002dgapu002du002dhorizontal)));padding-left:var(u002du002dwpu002du002dstyleu002du002drootu002du002dpadding-left, var(u002du002dwpu002du002dcustomu002du002dgapu002du002dhorizontal))\">\n<div style=\"height:calc( 0.25 * var(u002du002dwpu002du002dstyleu002du002drootu002du002dpadding-right, var(u002du002dwpu002du002dcustomu002du002dgapu002du002dhorizontal)))\" aria-hidden=\"true\" class=\"wp-block-spacer\"><\/div>\n\n\n\n<div class=\"wp-block-columns alignwide is-layout-flex wp-container-core-columns-is-layout-7387b849 wp-block-columns-is-layout-flex\">\n<div class=\"wp-block-column is-vertically-aligned-center is-layout-flow wp-block-column-is-layout-flow\">\n<figure class=\"wp-block-image size-full\"><img data-recalc-dims=\"1\" loading=\"lazy\" decoding=\"async\" width=\"800\" height=\"530\" src=\"https:\/\/i0.wp.com\/bno-travel.com\/wp-content\/uploads\/2025\/06\/19105869168_e052658c34_c.jpg?resize=800%2C530&#038;ssl=1\" alt=\"Rafting w Trysil\" class=\"wp-image-2317\" style=\"aspect-ratio:3\/4;object-fit:cover\" srcset=\"https:\/\/i0.wp.com\/bno-travel.com\/wp-content\/uploads\/2025\/06\/19105869168_e052658c34_c.jpg?w=800&amp;ssl=1 800w, https:\/\/i0.wp.com\/bno-travel.com\/wp-content\/uploads\/2025\/06\/19105869168_e052658c34_c.jpg?resize=300%2C199&amp;ssl=1 300w, https:\/\/i0.wp.com\/bno-travel.com\/wp-content\/uploads\/2025\/06\/19105869168_e052658c34_c.jpg?resize=768%2C509&amp;ssl=1 768w\" sizes=\"(max-width: 800px) 100vw, 800px\" \/><\/figure>\n<\/div>\n\n\n\n<div class=\"wp-block-column is-vertically-aligned-center is-layout-flow wp-block-column-is-layout-flow\">\n<p class=\"has-text-align-left wp-block-paragraph\">Inne aktywno\u015bci na rzece obejmuj\u0105:<\/p>\n\n\n\n<ul class=\"wp-block-list\">\n<li><strong>Wio\u015blarstwo rzeczne i kajakarstwo<\/strong><\/li>\n\n\n\n<li><strong>Miejsca do p\u0142ywania i spacery nad rzek\u0105<\/strong><\/li>\n\n\n\n<li><strong>SUP (Stand Up Paddle) w spokojniejszych miejscach<\/strong><\/li>\n\n\n\n<li><strong>W\u0119dkowanie<\/strong> w Trysilelva - s\u0142ynie z pstr\u0105g\u00f3w i lipieni<\/li>\n<\/ul>\n\n\n\n<p class=\"wp-block-paragraph\">Aktywno\u015bci te \u0142\u0105cz\u0105 w sobie do\u015bwiadczenie natury, adrenalin\u0119 i relaks w wyj\u0105tkowy spos\u00f3b.<\/p>\n\n\n\n<p class=\"wp-block-paragraph\"><a href=\"https:\/\/bno-travel.com\/pl\/?page_id=2963\">Zakwaterowanie w Trysil<\/a> - zatrzymaj si\u0119 blisko atrakcji<\/p>\n\n\n\n<p class=\"wp-block-paragraph\">BNO TRAVEL oferuje szeroki wyb\u00f3r <strong>opcji zakwaterowania w Trysil<\/strong>, zar\u00f3wno w Trysil Turistsenter, jak i wok\u00f3\u0142 niego oraz Trysil H\u00f8yfjellssenter\/Fager\u00e5sen. Mo\u017cesz wybiera\u0107 pomi\u0119dzy: <\/p>\n\n\n\n<ul class=\"wp-block-list\">\n<li><strong>Nowoczesne domki i apartamenty o wysokim standardzie i w pobli\u017cu parku wspinaczkowego<\/strong><\/li>\n\n\n\n<li><strong>Przyjazne dla rodzin jednostki<\/strong> z miejscem dla wi\u0119kszej liczby os\u00f3b i wspania\u0142ymi udogodnieniami<\/li>\n<\/ul>\n\n\n\n<p class=\"wp-block-paragraph\">Wszystkie opcje zakwaterowania zapewniaj\u0105 dost\u0119p do przyrody, szlak\u00f3w turystycznych, \u015bcie\u017cek rowerowych i obszar\u00f3w aktywno\u015bci. Z nasz\u0105 pomoc\u0105 znajdziesz miejsce, kt\u00f3re najbardziej Ci odpowiada - niezale\u017cnie od tego, czy chcesz wysokiego poziomu komfortu, niedrogiego rozwi\u0105zania, czy czego\u015b pomi\u0119dzy. Nie zapominaj, \u017ce ceny zakwaterowania s\u0105 szczeg\u00f3lnie korzystne latem. Oznacza to, \u017ce sp\u0119dzenie wakacji w Trysil daje dodatkowy stosunek jako\u015bci do ceny. Wiele zaj\u0119\u0107 jest dobrze zorganizowanych i cz\u0119sto ca\u0142kowicie bezp\u0142atnych, wi\u0119c oto dodatkowa wskaz\u00f3wka: chwy\u0107 rower i buty turystyczne i udaj si\u0119 do Trysil.    <\/p>\n\n\n\n<hr class=\"wp-block-separator has-alpha-channel-opacity\"\/>\n\n\n\n<p class=\"wp-block-paragraph\">Zaplanuj swoje aktywne wakacje z BNO TRAVEL<\/p>\n\n\n\n<p class=\"wp-block-paragraph\">W BNO TRAVEL mo\u017cna \u0142atwo <strong>dostosowa\u0107 wakacje wype\u0142nione aktywno\u015bciami, przyrod\u0105 i do\u015bwiadczeniami<\/strong>. Pomagamy w: <\/p>\n\n\n\n<ul class=\"wp-block-list\">\n<li>Rezerwacja parku wspinaczkowego i innych atrakcji<\/li>\n\n\n\n<li>Zakwaterowanie na ca\u0142ym obszarze Trysil<\/li>\n\n\n\n<li>Wskaz\u00f3wki dotycz\u0105ce miejsc do jedzenia i rzeczy do zrobienia<\/li>\n\n\n\n<li>Lokalna wiedza i spersonalizowana obs\u0142uga<\/li>\n<\/ul>\n\n\n\n<p class=\"wp-block-paragraph\">Trysil to co\u015b wi\u0119cej ni\u017c tylko jazda na nartach - to ca\u0142oroczne miejsce, w kt\u00f3rym spotykaj\u0105 si\u0119 natura, aktywno\u015b\u0107 i rodzinne do\u015bwiadczenia. Niezale\u017cnie od tego, czy chcesz wspina\u0107 si\u0119 na drzewa, wios\u0142owa\u0107 w rzekach, je\u017adzi\u0107 na rowerze po g\u00f3rach, czy po prostu cieszy\u0107 si\u0119 \u015bwie\u017cym powietrzem i g\u00f3rskim spokojem, Trysil jest miejscem dla Ciebie. <\/p>\n\n\n\n<div class=\"wp-block-buttons is-content-justification-center is-layout-flex wp-container-core-buttons-is-layout-3e41869c wp-block-buttons-is-layout-flex\"><\/div>\n<\/div>\n<\/div>\n\n\n\n<div style=\"height:calc( 0.25 * var(u002du002dwpu002du002dstyleu002du002drootu002du002dpadding-right, var(u002du002dwpu002du002dcustomu002du002dgapu002du002dhorizontal)))\" aria-hidden=\"true\" class=\"wp-block-spacer\"><\/div>\n<\/div>\n\n\n\n<div class=\"wp-block-group alignwide is-content-justification-left is-layout-constrained wp-container-core-group-is-layout-54d22900 wp-block-group-is-layout-constrained\">\n<div class=\"wp-block-buttons is-layout-flex wp-block-buttons-is-layout-flex\"><\/div>\n<\/div>\n<\/div>\n\n<div class=\"wp-block-group alignfull is-style-default is-content-justification-center is-layout-constrained wp-container-core-group-is-layout-cdf99998 wp-block-group-is-layout-constrained\" style=\"margin-top:0;margin-bottom:0;padding-top:var(--wp--preset--spacing--40);padding-bottom:var(--wp--preset--spacing--40)\"><\/div>\n\n<p class=\"wp-block-paragraph\"><\/p>\n","protected":false},"excerpt":{"rendered":"<p>Park wspinaczkowy w Trysil - emocje, mistrzostwo i zabawa dla ca\u0142ej rodziny Witamy w H\u00f8yt &amp; Lavt H\u00f8yt &amp; Lavt Trysiljeden z najpopularniejszych i najnowocze\u015bniejszych park\u00f3w wspinaczkowych w Norwegii - w samym sercu malowniczych las\u00f3w Trysil. Znajdziesz tu strzeliste tyrolki, tory przeszk\u00f3d na drzewach i wyzwania dla dzieci, doros\u0142ych i poszukiwaczy adrenaliny. Dzi\u0119ki BNO TRAVEL [&hellip;]<\/p>\n","protected":false},"author":260013438,"featured_media":0,"parent":0,"menu_order":0,"comment_status":"closed","ping_status":"closed","template":"","meta":{"_crdt_document":"","footnotes":""},"class_list":["post-4297","page","type-page","status-publish","hentry"],"jetpack_likes_enabled":true,"jetpack_sharing_enabled":true,"jetpack_shortlink":"https:\/\/wp.me\/PgDuwj-17j","jetpack-related-posts":[{"id":4013,"url":"https:\/\/bno-travel.com\/pl\/park-wspinaczkowy-w-salen\/","url_meta":{"origin":4297,"position":0},"title":"Park wspinaczkowy w S\u00e4len","author":"Jan Terje \u00c5s","date":"2025-07-18","format":false,"excerpt":"Park wspinaczkowy w S\u00e4len - emocje, mistrzostwo i zabawa dla ca\u0142ej rodziny Witamy w H\u00f6gt & L\u00e5gt S\u00e4len, nowoczesnym i przyjaznym rodzinom parku wspinaczkowym pi\u0119knie po\u0142o\u017conym przy Svansj\u00f6n w Lindvallen. Znajdziesz tu przewiewne tyrolki, ekscytuj\u0105ce tory przeszk\u00f3d na drzewach i wyzwania dla ma\u0142ych dzieci, nastolatk\u00f3w, doros\u0142ych i poszukiwaczy adrenaliny. Dzi\u0119ki\u2026","rel":"","context":"Podobny wpis","block_context":{"text":"Podobny wpis","link":""},"img":{"alt_text":"Overnatting i S\u00e4len","src":"https:\/\/i0.wp.com\/bno-travel.com\/wp-content\/uploads\/2025\/07\/20D.jpg?resize=350%2C200&ssl=1","width":350,"height":200,"srcset":"https:\/\/i0.wp.com\/bno-travel.com\/wp-content\/uploads\/2025\/07\/20D.jpg?resize=350%2C200&ssl=1 1x, https:\/\/i0.wp.com\/bno-travel.com\/wp-content\/uploads\/2025\/07\/20D.jpg?resize=525%2C300&ssl=1 1.5x, https:\/\/i0.wp.com\/bno-travel.com\/wp-content\/uploads\/2025\/07\/20D.jpg?resize=700%2C400&ssl=1 2x, https:\/\/i0.wp.com\/bno-travel.com\/wp-content\/uploads\/2025\/07\/20D.jpg?resize=1050%2C600&ssl=1 3x"},"classes":[]},{"id":2978,"url":"https:\/\/bno-travel.com\/pl\/odkryj-trysil-przez-caly-rok-dla-aktywnych-wczasowiczow\/","url_meta":{"origin":4297,"position":1},"title":"Odkryj Trysil: Przez ca\u0142y rok dla aktywnych wczasowicz\u00f3w","author":"Jan Terje \u00c5s","date":"2025-07-18","format":false,"excerpt":"Do\u015bwiadczenie Trysil \u2605\u2605\u2605\u2605\u2605 Tutaj znajdziesz zakwaterowanie w Trysil Trysil to nie tylko najwi\u0119kszy o\u015brodek narciarski w Norwegii - to tak\u017ce ca\u0142oroczny raj dla aktywnych go\u015bci, rodzin i mi\u0142o\u015bnik\u00f3w przyrody. Niezale\u017cnie od tego, czy odwiedzasz g\u00f3ry dla szybko\u015bci i emocji, relaksu czy rodzinnego sp\u0119dzania czasu, znajdziesz odpowiednie dla siebie do\u015bwiadczenia. Z\u2026","rel":"","context":"Podobny wpis","block_context":{"text":"Podobny wpis","link":""},"img":{"alt_text":"Opplev Trysil","src":"https:\/\/i0.wp.com\/bno-travel.com\/wp-content\/uploads\/2025\/07\/20.06.19_Dronebilder-Sentrum_FULLSIZE-2.jpg?resize=350%2C200&ssl=1","width":350,"height":200,"srcset":"https:\/\/i0.wp.com\/bno-travel.com\/wp-content\/uploads\/2025\/07\/20.06.19_Dronebilder-Sentrum_FULLSIZE-2.jpg?resize=350%2C200&ssl=1 1x, https:\/\/i0.wp.com\/bno-travel.com\/wp-content\/uploads\/2025\/07\/20.06.19_Dronebilder-Sentrum_FULLSIZE-2.jpg?resize=525%2C300&ssl=1 1.5x, https:\/\/i0.wp.com\/bno-travel.com\/wp-content\/uploads\/2025\/07\/20.06.19_Dronebilder-Sentrum_FULLSIZE-2.jpg?resize=700%2C400&ssl=1 2x, https:\/\/i0.wp.com\/bno-travel.com\/wp-content\/uploads\/2025\/07\/20.06.19_Dronebilder-Sentrum_FULLSIZE-2.jpg?resize=1050%2C600&ssl=1 3x, https:\/\/i0.wp.com\/bno-travel.com\/wp-content\/uploads\/2025\/07\/20.06.19_Dronebilder-Sentrum_FULLSIZE-2.jpg?resize=1400%2C800&ssl=1 4x"},"classes":[]},{"id":4106,"url":"https:\/\/bno-travel.com\/pl\/restauracje-w-trysil\/","url_meta":{"origin":4297,"position":2},"title":"Restauracje w Trysil","author":"Jan Terje \u00c5s","date":"2025-07-18","format":false,"excerpt":"Restauracje i lokale gastronomiczne w Trysil - Smacznie przez ca\u0142y rok Trysil oferuje znacznie wi\u0119cej ni\u017c fantastyczne stoki narciarskie i g\u00f3rskie krajobrazy. Niezale\u017cnie od tego, czy odwiedzasz ten obszar zim\u0105, czy latem, mo\u017cesz cieszy\u0107 si\u0119 bogatym wyborem restauracji, kawiarni i lokali apr\u00e8s-ski - od wykwintnych po fast food. Ka\u017cdy znajdzie\u2026","rel":"","context":"Podobny wpis","block_context":{"text":"Podobny wpis","link":""},"img":{"alt_text":"Skistar Logde Trysil","src":"https:\/\/i0.wp.com\/bno-travel.com\/wp-content\/uploads\/2025\/07\/52199845033_2c000ed2d7_c.jpg?resize=350%2C200&ssl=1","width":350,"height":200,"srcset":"https:\/\/i0.wp.com\/bno-travel.com\/wp-content\/uploads\/2025\/07\/52199845033_2c000ed2d7_c.jpg?resize=350%2C200&ssl=1 1x, https:\/\/i0.wp.com\/bno-travel.com\/wp-content\/uploads\/2025\/07\/52199845033_2c000ed2d7_c.jpg?resize=525%2C300&ssl=1 1.5x, https:\/\/i0.wp.com\/bno-travel.com\/wp-content\/uploads\/2025\/07\/52199845033_2c000ed2d7_c.jpg?resize=700%2C400&ssl=1 2x"},"classes":[]},{"id":4183,"url":"https:\/\/bno-travel.com\/pl\/turystyka-piesza-w-trysil\/","url_meta":{"origin":4297,"position":3},"title":"Turystyka piesza w Trysil","author":"Jan Terje \u00c5s","date":"2025-07-18","format":false,"excerpt":"W\u0119dr\u00f3wki w Trysil - Fantastyczne w\u0119dr\u00f3wki, szczyty i do\u015bwiadczenia przyrodnicze Witamy w Trysil - ca\u0142orocznej destynacji, kt\u00f3ra oferuje znacznie wi\u0119cej ni\u017c \u015bnieg i narty! Kiedy g\u00f3ry staj\u0105 si\u0119 zielone, a powietrze jest ciep\u0142e, Trysil otwiera si\u0119 na szerok\u0105 gam\u0119 w\u0119dr\u00f3wek, wycieczek na szczyty i ekscytuj\u0105cych do\u015bwiadcze\u0144 przyrodniczych. Niezale\u017cnie od tego,\u2026","rel":"","context":"Podobny wpis","block_context":{"text":"Podobny wpis","link":""},"img":{"alt_text":"Vandring i Trysil","src":"https:\/\/i0.wp.com\/bno-travel.com\/wp-content\/uploads\/2025\/06\/27930399740_e3e100021e_c.jpg?resize=350%2C200&ssl=1","width":350,"height":200,"srcset":"https:\/\/i0.wp.com\/bno-travel.com\/wp-content\/uploads\/2025\/06\/27930399740_e3e100021e_c.jpg?resize=350%2C200&ssl=1 1x, https:\/\/i0.wp.com\/bno-travel.com\/wp-content\/uploads\/2025\/06\/27930399740_e3e100021e_c.jpg?resize=525%2C300&ssl=1 1.5x, https:\/\/i0.wp.com\/bno-travel.com\/wp-content\/uploads\/2025\/06\/27930399740_e3e100021e_c.jpg?resize=700%2C400&ssl=1 2x"},"classes":[]},{"id":4081,"url":"https:\/\/bno-travel.com\/pl\/kregle-w-trysil\/","url_meta":{"origin":4297,"position":4},"title":"Kr\u0119gle w Trysil","author":"Jan Terje \u00c5s","date":"2025-07-18","format":false,"excerpt":"Kr\u0119gle w Trysil - idealna aktywno\u015b\u0107 dla ca\u0142ej rodziny Kr\u0119gle to popularna i towarzyska aktywno\u015b\u0107 zar\u00f3wno dla m\u0142odych, jak i starszych, a w Trysil znajdziesz nowoczesne i zach\u0119caj\u0105ce centrum bowlingowe w samym sercu g\u00f3rskiej miejscowo\u015bci. Niezale\u017cnie od tego, czy jeste\u015b w Trysil na wakacjach z rodzin\u0105, grup\u0105 przyjaci\u00f3\u0142 czy na\u2026","rel":"","context":"Podobny wpis","block_context":{"text":"Podobny wpis","link":""},"img":{"alt_text":"Bowling i Trysil","src":"https:\/\/i0.wp.com\/bno-travel.com\/wp-content\/uploads\/2025\/06\/52198855347_f963be3dbf_c.jpg?resize=350%2C200&ssl=1","width":350,"height":200,"srcset":"https:\/\/i0.wp.com\/bno-travel.com\/wp-content\/uploads\/2025\/06\/52198855347_f963be3dbf_c.jpg?resize=350%2C200&ssl=1 1x, https:\/\/i0.wp.com\/bno-travel.com\/wp-content\/uploads\/2025\/06\/52198855347_f963be3dbf_c.jpg?resize=525%2C300&ssl=1 1.5x, https:\/\/i0.wp.com\/bno-travel.com\/wp-content\/uploads\/2025\/06\/52198855347_f963be3dbf_c.jpg?resize=700%2C400&ssl=1 2x"},"classes":[]}],"_links":{"self":[{"href":"https:\/\/bno-travel.com\/pl\/wp-json\/wp\/v2\/pages\/4297","targetHints":{"allow":["GET"]}}],"collection":[{"href":"https:\/\/bno-travel.com\/pl\/wp-json\/wp\/v2\/pages"}],"about":[{"href":"https:\/\/bno-travel.com\/pl\/wp-json\/wp\/v2\/types\/page"}],"author":[{"embeddable":true,"href":"https:\/\/bno-travel.com\/pl\/wp-json\/wp\/v2\/users\/260013438"}],"replies":[{"embeddable":true,"href":"https:\/\/bno-travel.com\/pl\/wp-json\/wp\/v2\/comments?post=4297"}],"version-history":[{"count":2,"href":"https:\/\/bno-travel.com\/pl\/wp-json\/wp\/v2\/pages\/4297\/revisions"}],"predecessor-version":[{"id":4730,"href":"https:\/\/bno-travel.com\/pl\/wp-json\/wp\/v2\/pages\/4297\/revisions\/4730"}],"wp:attachment":[{"href":"https:\/\/bno-travel.com\/pl\/wp-json\/wp\/v2\/media?parent=4297"}],"curies":[{"name":"wp","href":"https:\/\/api.w.org\/{rel}","templated":true}]}}