{"id":4330,"date":"2025-07-18T20:28:41","date_gmt":"2025-07-18T18:28:41","guid":{"rendered":"https:\/\/bno-travel.com\/?page_id=4330"},"modified":"2025-07-18T20:29:55","modified_gmt":"2025-07-18T18:29:55","slug":"golf-w-trysil","status":"publish","type":"page","link":"https:\/\/bno-travel.com\/pl\/golf-w-trysil\/","title":{"rendered":"Golf w Trysil"},"content":{"rendered":"\n<p class=\"wp-block-paragraph\"><\/p>\n\n<div class=\"wp-block-cover alignfull\" style=\"margin-top:0;margin-bottom:0;padding-top:var(--wp--preset--spacing--20);padding-right:var(--wp--preset--spacing--40);padding-bottom:var(--wp--preset--spacing--20);padding-left:var(--wp--preset--spacing--40);min-height:927px;aspect-ratio:unset;\"><img data-recalc-dims=\"1\" fetchpriority=\"high\" decoding=\"async\" width=\"799\" height=\"532\" class=\"wp-block-cover__image-background wp-image-2278 size-full\" alt=\"Sommer i Trysil\" src=\"https:\/\/i0.wp.com\/bno-travel.com\/wp-content\/uploads\/2025\/06\/19105672288_2155e3dd4c_c.jpg?resize=799%2C532&#038;ssl=1\" style=\"object-position:51% 64%\" data-object-fit=\"cover\" data-object-position=\"51% 64%\" srcset=\"https:\/\/i0.wp.com\/bno-travel.com\/wp-content\/uploads\/2025\/06\/19105672288_2155e3dd4c_c.jpg?w=799&amp;ssl=1 799w, https:\/\/i0.wp.com\/bno-travel.com\/wp-content\/uploads\/2025\/06\/19105672288_2155e3dd4c_c.jpg?resize=300%2C200&amp;ssl=1 300w, https:\/\/i0.wp.com\/bno-travel.com\/wp-content\/uploads\/2025\/06\/19105672288_2155e3dd4c_c.jpg?resize=768%2C511&amp;ssl=1 768w\" sizes=\"(max-width: 799px) 100vw, 799px\" \/><span aria-hidden=\"true\" class=\"wp-block-cover__background has-theme-1-background-color has-background-dim-30 has-background-dim\"><\/span><div class=\"wp-block-cover__inner-container is-layout-flow wp-block-cover-is-layout-flow\">\n<div style=\"height:var(--wp--preset--spacing--50)\" aria-hidden=\"true\" class=\"wp-block-spacer\"><\/div>\n\n\n\n<div style=\"height:var(--wp--preset--spacing--50)\" aria-hidden=\"true\" class=\"wp-block-spacer\"><\/div>\n<\/div><\/div>\n\n<div class=\"wp-block-group alignfull is-style-section-3 is-layout-constrained wp-block-group-is-layout-constrained\" style=\"margin-top:0;margin-bottom:0;padding-top:var(--wp--preset--spacing--40);padding-bottom:var(--wp--preset--spacing--40)\">\n<div class=\"wp-block-columns alignwide are-vertically-aligned-center is-layout-flex wp-container-core-columns-is-layout-d9ad523d wp-block-columns-is-layout-flex\">\n<div class=\"wp-block-column is-vertically-aligned-center is-layout-flow wp-block-column-is-layout-flow\">\n<figure class=\"wp-block-image size-full\"><img data-recalc-dims=\"1\" decoding=\"async\" width=\"532\" height=\"799\" src=\"https:\/\/i0.wp.com\/bno-travel.com\/wp-content\/uploads\/2025\/06\/18670754034_e10bf74a7e_c.jpg?resize=532%2C799&#038;ssl=1\" alt=\"Golf w Trysil\" class=\"wp-image-2265\" style=\"aspect-ratio:3\/4;object-fit:cover\" title=\"tytu&#x142;\" srcset=\"https:\/\/i0.wp.com\/bno-travel.com\/wp-content\/uploads\/2025\/06\/18670754034_e10bf74a7e_c.jpg?w=532&amp;ssl=1 532w, https:\/\/i0.wp.com\/bno-travel.com\/wp-content\/uploads\/2025\/06\/18670754034_e10bf74a7e_c.jpg?resize=200%2C300&amp;ssl=1 200w\" sizes=\"(max-width: 532px) 100vw, 532px\" \/><\/figure>\n<\/div>\n\n\n\n<div class=\"wp-block-column is-vertically-aligned-center is-content-justification-left is-layout-constrained wp-container-core-column-is-layout-b64f6bf5 wp-block-column-is-layout-constrained\">\n<p class=\"wp-block-paragraph\"><\/p>\n\n\n\n<h2 class=\"wp-block-heading\">Golf w Trysil i Engerdal - graj z widokiem na g\u00f3ry, lasy i cisz\u0119<\/h2>\n\n\n\n<p class=\"wp-block-paragraph\">Witamy w Trysil i Engerdal - prawdziwym golfowym raju w malowniczym otoczeniu! Tutaj znajdziesz dobrze utrzymane pola, spektakularne widoki i spokojne otoczenie, kt\u00f3re zapewniaj\u0105 wyj\u0105tkowe wra\u017cenia z gry w golfa. Niezale\u017cnie od tego, czy jeste\u015b do\u015bwiadczonym golfist\u0105, czy nowicjuszem, Trysil i Engerdal oferuj\u0105 urozmaicon\u0105 gr\u0119, wspania\u0142\u0105 atmosfer\u0119 i \u015brodowisko, kt\u00f3re pasuje ka\u017cdemu.  <\/p>\n\n\n\n<p class=\"wp-block-paragraph\">BNO TRAVEL mo\u017ce pom\u00f3c Ci zaplanowa\u0107 kompletne wakacje golfowe z zakwaterowaniem, terminami tee i zaj\u0119ciami przyjaznymi rodzinie - wszystko dostosowane do Twoich \u017cycze\u0144.<\/p>\n\n\n\n<p class=\"wp-block-paragraph\">Klub golfowy i minigolf dla ca\u0142ej rodziny<\/p>\n\n\n\n<p class=\"wp-block-paragraph\">Dom klubowy w <a href=\"https:\/\/www.trysil.com\/bedrifter\/trysilfjellet-golf-as\/trysilfjellet-golfbane\/\" target=\"_blank\" rel=\"noopener\">Trysil Golfbane<\/a> to co\u015b wi\u0119cej ni\u017c tylko miejsce spotka\u0144 golfist\u00f3w. Znajdziesz tu <strong>przytuln\u0105 kawiarni\u0119<\/strong>, szatnie, sklep dla profesjonalist\u00f3w i otoczenie spo\u0142eczne, w kt\u00f3rym mo\u017cesz si\u0119 zrelaksowa\u0107 po rundzie. Dla rodzin z dzie\u0107mi popularne jest <strong>pole do minigolfa<\/strong> - \u0142atwo dost\u0119pne, zabawne i z prostymi przeszkodami, kt\u00f3re sprawiaj\u0105, \u017ce jest to zabawa dla wszystkich grup wiekowych.  <\/p>\n\n\n\n<p class=\"wp-block-paragraph\">Pole do minigolfa jest r\u00f3wnie\u017c otwarte dla tych, kt\u00f3rzy nie graj\u0105 w zwyk\u0142ego golfa i jest \u015bwietn\u0105 przerw\u0105 po je\u017adzie na rowerze, w\u0119dr\u00f3wkach lub p\u0142ywaniu.<\/p>\n\n\n\n<div class=\"wp-block-buttons is-layout-flex wp-block-buttons-is-layout-flex\"><\/div>\n<\/div>\n<\/div>\n<\/div>\n\n<div class=\"wp-block-group alignfull is-style-default is-content-justification-center is-layout-constrained wp-container-core-group-is-layout-69af11d0 wp-block-group-is-layout-constrained\" style=\"margin-top:0;margin-bottom:0;padding-top:var(--wp--preset--spacing--40);padding-bottom:var(--wp--preset--spacing--40)\">\n<div class=\"wp-block-group alignwide is-content-justification-left is-layout-constrained wp-container-core-group-is-layout-54d22900 wp-block-group-is-layout-constrained\">\n<p class=\"wp-block-paragraph\">Pole golfowe Trysil Golfbane jest otwarte i dost\u0119pne zar\u00f3wno dla do\u015bwiadczonych graczy, jak i pocz\u0105tkuj\u0105cych. Nie potrzebujesz zielonej karty, aby spr\u00f3bowa\u0107 swoich si\u0142 na driving range lub minigolfie.   <a href=\"https:\/\/www.trysil.com\/bedrifter\/trysilfjellet-golf-as\/trysil-golfklubb\/\" target=\"_blank\" rel=\"noopener\">Je\u015bli chcesz dowiedzie\u0107 si\u0119 wi\u0119cej, mo\u017cesz zapisa\u0107 si\u0119 na kurs lub otrzyma\u0107 lekcj\u0119 wprowadzaj\u0105c\u0105 od trenera z certyfikatem PGA.<\/a><\/p>\n\n\n\n<p class=\"wp-block-paragraph\">Dzieci i m\u0142odzie\u017c s\u0105 r\u00f3wnie\u017c mile widziane, a specjalne kursy dla dzieci i zaj\u0119cia dla junior\u00f3w s\u0105 oferowane przez ca\u0142y sezon. Dzi\u0119ki spokojnemu otoczeniu i niewielkim kolejkom, Trysil jest idealnym miejscem do nauki sportu w bezpiecznym i inspiruj\u0105cym \u015brodowisku. <\/p>\n\n\n\n<div class=\"wp-block-buttons is-layout-flex wp-block-buttons-is-layout-flex\"><\/div>\n<\/div>\n<\/div>\n\n<div class=\"wp-block-group alignfull is-content-justification-center is-layout-constrained wp-block-group-is-layout-constrained\" style=\"margin-top:0;margin-bottom:0;padding-top:var(--wp--preset--spacing--40);padding-bottom:var(--wp--preset--spacing--40)\">\n<div class=\"wp-block-columns alignwide are-vertically-aligned-center is-layout-flex wp-container-core-columns-is-layout-7387b849 wp-block-columns-is-layout-flex\">\n<div class=\"wp-block-column is-vertically-aligned-center is-content-justification-left is-layout-constrained wp-container-core-column-is-layout-b64f6bf5 wp-block-column-is-layout-constrained\">\n<h2 class=\"wp-block-heading has-xx-large-font-size\">Fakty o polu golfowym Trysil<\/h2>\n\n\n\n<p class=\"wp-block-paragraph\">Trysil Golfbane to <strong>18-do\u0142kowe pole le\u015bne i parkowe<\/strong>, zaprojektowane zgodnie z naturalnym krajobrazem Trysil. Pole znane jest z wysokiego standardu, malowniczego otoczenia i zr\u00f3\u017cnicowanych wyzwa\u0144. <\/p>\n\n\n\n<p class=\"wp-block-paragraph\"><strong>Oto kilka najwa\u017cniejszych informacji:<\/strong><\/p>\n\n\n\n<ul class=\"wp-block-list\">\n<li>18 do\u0142k\u00f3w - par 72<\/li>\n\n\n\n<li>D\u0142ugo\u015b\u0107 od bia\u0142ej koszulki: ok. 6 400 metr\u00f3w <\/li>\n\n\n\n<li>Driving range i obszary treningowe do puttingu i chippingu<\/li>\n\n\n\n<li>Wypo\u017cyczalnia w\u00f3zk\u00f3w golfowych i nowoczesny sklep dla profesjonalist\u00f3w<\/li>\n\n\n\n<li>Szko\u0142a golfa i kursy dla wszystkich poziom\u00f3w<\/li>\n\n\n\n<li>Sezon: zazwyczaj od maja do pa\u017adziernika<\/li>\n<\/ul>\n\n\n\n<p class=\"wp-block-paragraph\">Pole jest idyllicznie po\u0142o\u017cone nad rzek\u0105 Trysilelva, zaledwie kilka minut od centrum Trysil i w niewielkiej odleg\u0142o\u015bci od miejsc noclegowych w g\u00f3rach. Znane z dobrego utrzymania, szybkich green\u00f3w i spokojnego otoczenia, jest rozkosz\u0105 zar\u00f3wno dla golfist\u00f3w, jak i widz\u00f3w. zje\u015b\u0107 lokalne jedzenie lub cieszy\u0107 si\u0119 g\u00f3rsk\u0105 cisz\u0105 przy kominku. <\/p>\n\n\n\n<p class=\"has-text-align-left wp-block-paragraph\">Dom klubowy, profesjonalny sklep i minigolf dla ca\u0142ej rodziny<\/p>\n\n\n\n<p class=\"wp-block-paragraph\">Obok pola golfowego znajduje si\u0119 <strong>nowoczesny dom klubowy<\/strong> z szatniami, prysznicami, kawiarni\u0105 i przytulnym tarasem, z kt\u00f3rego mo\u017cna podziwia\u0107 widok na pole. Dom klubowy s\u0142u\u017cy jako miejsce spotka\u0144 towarzyskich i regularnie organizuje turnieje i wieczory klubowe. <\/p>\n\n\n\n<div class=\"wp-block-buttons is-layout-flex wp-block-buttons-is-layout-flex\"><\/div>\n<\/div>\n\n\n\n<div class=\"wp-block-column is-vertically-aligned-center is-layout-flow wp-block-column-is-layout-flow\">\n<figure class=\"wp-block-image size-full\"><img data-recalc-dims=\"1\" decoding=\"async\" width=\"799\" height=\"532\" src=\"https:\/\/i0.wp.com\/bno-travel.com\/wp-content\/uploads\/2025\/06\/19105672288_2155e3dd4c_c.jpg?resize=799%2C532&#038;ssl=1\" alt=\"Lato w Trysil\" class=\"wp-image-2278\" style=\"aspect-ratio:3\/4;object-fit:cover\" srcset=\"https:\/\/i0.wp.com\/bno-travel.com\/wp-content\/uploads\/2025\/06\/19105672288_2155e3dd4c_c.jpg?w=799&amp;ssl=1 799w, https:\/\/i0.wp.com\/bno-travel.com\/wp-content\/uploads\/2025\/06\/19105672288_2155e3dd4c_c.jpg?resize=300%2C200&amp;ssl=1 300w, https:\/\/i0.wp.com\/bno-travel.com\/wp-content\/uploads\/2025\/06\/19105672288_2155e3dd4c_c.jpg?resize=768%2C511&amp;ssl=1 768w\" sizes=\"(max-width: 799px) 100vw, 799px\" \/><\/figure>\n<\/div>\n<\/div>\n<\/div>\n\n<div class=\"wp-block-group alignfull is-style-default is-content-justification-center is-layout-constrained wp-container-core-group-is-layout-69af11d0 wp-block-group-is-layout-constrained\" style=\"margin-top:0;margin-bottom:0;padding-top:var(--wp--preset--spacing--40);padding-bottom:var(--wp--preset--spacing--40)\">\n<div class=\"wp-block-group alignfull is-content-justification-center is-layout-constrained wp-container-core-group-is-layout-4853c3a7 wp-block-group-is-layout-constrained\" style=\"margin-top:0;margin-bottom:0;padding-top:calc( 0.5 * var(u002du002dwpu002du002dstyleu002du002drootu002du002dpadding-right, var(u002du002dwpu002du002dcustomu002du002dgapu002du002dhorizontal)));padding-right:var(u002du002dwpu002du002dstyleu002du002drootu002du002dpadding-right, var(u002du002dwpu002du002dcustomu002du002dgapu002du002dhorizontal));padding-bottom:calc( 0.5 * var(u002du002dwpu002du002dstyleu002du002drootu002du002dpadding-right, var(u002du002dwpu002du002dcustomu002du002dgapu002du002dhorizontal)));padding-left:var(u002du002dwpu002du002dstyleu002du002drootu002du002dpadding-left, var(u002du002dwpu002du002dcustomu002du002dgapu002du002dhorizontal))\">\n<div style=\"height:calc( 0.25 * var(u002du002dwpu002du002dstyleu002du002drootu002du002dpadding-right, var(u002du002dwpu002du002dcustomu002du002dgapu002du002dhorizontal)))\" aria-hidden=\"true\" class=\"wp-block-spacer\"><\/div>\n\n\n\n<div class=\"wp-block-columns alignwide is-layout-flex wp-container-core-columns-is-layout-7387b849 wp-block-columns-is-layout-flex\">\n<div class=\"wp-block-column is-vertically-aligned-center is-layout-flow wp-block-column-is-layout-flow\">\n<figure class=\"wp-block-image size-full\"><img data-recalc-dims=\"1\" loading=\"lazy\" decoding=\"async\" width=\"532\" height=\"799\" src=\"https:\/\/i0.wp.com\/bno-travel.com\/wp-content\/uploads\/2025\/06\/18670754034_e10bf74a7e_c.jpg?resize=532%2C799&#038;ssl=1\" alt=\"\" class=\"wp-image-2265\" style=\"aspect-ratio:3\/4;object-fit:cover\" srcset=\"https:\/\/i0.wp.com\/bno-travel.com\/wp-content\/uploads\/2025\/06\/18670754034_e10bf74a7e_c.jpg?w=532&amp;ssl=1 532w, https:\/\/i0.wp.com\/bno-travel.com\/wp-content\/uploads\/2025\/06\/18670754034_e10bf74a7e_c.jpg?resize=200%2C300&amp;ssl=1 200w\" sizes=\"(max-width: 532px) 100vw, 532px\" \/><\/figure>\n<\/div>\n\n\n\n<div class=\"wp-block-column is-vertically-aligned-center is-layout-flow wp-block-column-is-layout-flow\">\n<p class=\"has-text-align-left wp-block-paragraph\"><\/p>\n\n\n\n<p class=\"wp-block-paragraph\"><strong>Proshop<\/strong> ma wszystko, czego potrzebujesz w zakresie sprz\u0119tu golfowego, odzie\u017cy i akcesori\u00f3w - zar\u00f3wno do zakupu, jak i wypo\u017cyczenia. Je\u015bli potrzebujesz pomocy w zakresie techniki lub sprz\u0119tu, nasz kompetentny personel i trenerzy s\u0105 gotowi do pomocy. <\/p>\n\n\n\n<p class=\"has-text-align-left wp-block-paragraph\">Tu\u017c obok driving range znajduje si\u0119 r\u00f3wnie\u017c <strong>wspania\u0142e pole do minigolfa<\/strong> - idealne dla dzieci lub jako zaj\u0119cie towarzyskie dla ca\u0142ej rodziny. Pole do minigolfa ma 9 zabawnych i wymagaj\u0105cych do\u0142k\u00f3w i jest otwarte dla wszystkich, nawet tych, kt\u00f3rzy nie graj\u0105 w zwyk\u0142ego golfa. <\/p>\n\n\n\n<p class=\"has-text-align-left wp-block-paragraph\">Trysil - wi\u0119cej ni\u017c tylko golf<\/p>\n\n\n\n<p class=\"wp-block-paragraph\">Kiedy nie jeste\u015b na torze, Trysil oferuje wiele innych letnich atrakcji: jazd\u0119 na rowerze w Trysil Bike Arena, w\u0119dr\u00f3wki po g\u00f3rach, w\u0119dkarstwo, kajakarstwo i jazd\u0119 konn\u0105. Po dniu sp\u0119dzonym na \u015bwie\u017cym powietrzu mo\u017cna delektowa\u0107 si\u0119 jedzeniem i piciem w lokalnych restauracjach, zrelaksowa\u0107 si\u0119 w spa lub pozna\u0107 \u017cycie kulturalne w centrum miasta Trysil. <\/p>\n\n\n\n<p class=\"has-text-align-left wp-block-paragraph\">Je\u015bli podr\u00f3\u017cujesz z rodzin\u0105, jest tu r\u00f3wnie\u017c park wspinaczkowy, place zabaw, mo\u017cliwo\u015bci p\u0142ywania i obszary aktywno\u015bci, kt\u00f3re sprawi\u0105, \u017ce Twoje wakacje b\u0119d\u0105 kompletne zar\u00f3wno dla m\u0142odszych, jak i starszych.<\/p>\n\n\n\n<p class=\"wp-block-paragraph\">Zaplanuj swoje golfowe wakacje z BNO TRAVEL<\/p>\n\n\n\n<p class=\"wp-block-paragraph\">BNO TRAVEL pomaga zaplanowa\u0107 idealne do\u015bwiadczenie golfowe w Trysil. Pomo\u017cemy Ci dostosowa\u0107 podr\u00f3\u017c do Twoich potrzeb dzi\u0119ki <a href=\"https:\/\/bno-travel.com\/pl\/zakwaterowanie\/\">zakwaterowaniu<\/a>, op\u0142atom green fee, minigolfowi i zaj\u0119ciom - i upewnimy si\u0119, \u017ce w pe\u0142ni wykorzystasz sw\u00f3j pobyt, niezale\u017cnie od tego, czy podr\u00f3\u017cujesz sam, z rodzin\u0105 czy w grupie. <\/p>\n\n\n\n<p class=\"wp-block-paragraph\"><strong>Zarezerwuj wakacje golfowe w Trysil ju\u017c dzi\u015b<\/strong> - i dowiedz si\u0119, dlaczego coraz wi\u0119cej os\u00f3b wybiera golf g\u00f3rski z widokami, \u015bwie\u017cym powietrzem i jako\u015bci\u0105 na ka\u017cdym etapie.<\/p>\n\n\n\n<div class=\"wp-block-buttons is-content-justification-center is-layout-flex wp-container-core-buttons-is-layout-3e41869c wp-block-buttons-is-layout-flex\"><\/div>\n<\/div>\n<\/div>\n\n\n\n<div style=\"height:calc( 0.25 * var(u002du002dwpu002du002dstyleu002du002drootu002du002dpadding-right, var(u002du002dwpu002du002dcustomu002du002dgapu002du002dhorizontal)))\" aria-hidden=\"true\" class=\"wp-block-spacer\"><\/div>\n<\/div>\n\n\n\n<div class=\"wp-block-group alignwide is-content-justification-left is-layout-constrained wp-container-core-group-is-layout-54d22900 wp-block-group-is-layout-constrained\">\n<div class=\"wp-block-buttons is-layout-flex wp-block-buttons-is-layout-flex\"><\/div>\n<\/div>\n<\/div>\n\n<div class=\"wp-block-group alignfull is-style-default is-content-justification-center is-layout-constrained wp-container-core-group-is-layout-cdf99998 wp-block-group-is-layout-constrained\" style=\"margin-top:0;margin-bottom:0;padding-top:var(--wp--preset--spacing--40);padding-bottom:var(--wp--preset--spacing--40)\"><\/div>\n\n<p class=\"wp-block-paragraph\"><\/p>\n","protected":false},"excerpt":{"rendered":"<p>Golf w Trysil i Engerdal - graj z widokiem na g\u00f3ry, lasy i cisz\u0119 Witamy w Trysil i Engerdal - prawdziwym golfowym raju w malowniczym otoczeniu! Tutaj znajdziesz dobrze utrzymane pola, spektakularne widoki i spokojne otoczenie, kt\u00f3re zapewniaj\u0105 wyj\u0105tkowe wra\u017cenia z gry w golfa. Niezale\u017cnie od tego, czy jeste\u015b do\u015bwiadczonym golfist\u0105, czy nowicjuszem, Trysil i [&hellip;]<\/p>\n","protected":false},"author":260013438,"featured_media":0,"parent":0,"menu_order":0,"comment_status":"closed","ping_status":"closed","template":"","meta":{"_crdt_document":"","footnotes":""},"class_list":["post-4330","page","type-page","status-publish","hentry"],"jetpack_likes_enabled":true,"jetpack_sharing_enabled":true,"jetpack_shortlink":"https:\/\/wp.me\/PgDuwj-17Q","jetpack-related-posts":[{"id":2978,"url":"https:\/\/bno-travel.com\/pl\/odkryj-trysil-przez-caly-rok-dla-aktywnych-wczasowiczow\/","url_meta":{"origin":4330,"position":0},"title":"Odkryj Trysil: Przez ca\u0142y rok dla aktywnych wczasowicz\u00f3w","author":"Jan Terje \u00c5s","date":"2025-07-18","format":false,"excerpt":"Do\u015bwiadczenie Trysil \u2605\u2605\u2605\u2605\u2605 Tutaj znajdziesz zakwaterowanie w Trysil Trysil to nie tylko najwi\u0119kszy o\u015brodek narciarski w Norwegii - to tak\u017ce ca\u0142oroczny raj dla aktywnych go\u015bci, rodzin i mi\u0142o\u015bnik\u00f3w przyrody. Niezale\u017cnie od tego, czy odwiedzasz g\u00f3ry dla szybko\u015bci i emocji, relaksu czy rodzinnego sp\u0119dzania czasu, znajdziesz odpowiednie dla siebie do\u015bwiadczenia. Z\u2026","rel":"","context":"Podobny wpis","block_context":{"text":"Podobny wpis","link":""},"img":{"alt_text":"Opplev Trysil","src":"https:\/\/i0.wp.com\/bno-travel.com\/wp-content\/uploads\/2025\/07\/20.06.19_Dronebilder-Sentrum_FULLSIZE-2.jpg?resize=350%2C200&ssl=1","width":350,"height":200,"srcset":"https:\/\/i0.wp.com\/bno-travel.com\/wp-content\/uploads\/2025\/07\/20.06.19_Dronebilder-Sentrum_FULLSIZE-2.jpg?resize=350%2C200&ssl=1 1x, https:\/\/i0.wp.com\/bno-travel.com\/wp-content\/uploads\/2025\/07\/20.06.19_Dronebilder-Sentrum_FULLSIZE-2.jpg?resize=525%2C300&ssl=1 1.5x, https:\/\/i0.wp.com\/bno-travel.com\/wp-content\/uploads\/2025\/07\/20.06.19_Dronebilder-Sentrum_FULLSIZE-2.jpg?resize=700%2C400&ssl=1 2x, https:\/\/i0.wp.com\/bno-travel.com\/wp-content\/uploads\/2025\/07\/20.06.19_Dronebilder-Sentrum_FULLSIZE-2.jpg?resize=1050%2C600&ssl=1 3x, https:\/\/i0.wp.com\/bno-travel.com\/wp-content\/uploads\/2025\/07\/20.06.19_Dronebilder-Sentrum_FULLSIZE-2.jpg?resize=1400%2C800&ssl=1 4x"},"classes":[]},{"id":4306,"url":"https:\/\/bno-travel.com\/en\/golf-in-trysil\/","url_meta":{"origin":4330,"position":1},"title":"Golf in Trysil","author":"Jan Terje \u00c5s","date":"2025-07-18","format":false,"excerpt":"Golf in Trysil and Engerdal - Play with views of mountains, forests and silence Welcome to Trysil and Engerdal - a true golfing paradise in scenic surroundings! Here you'll find well-maintained courses, spectacular views and peaceful surroundings that make for a very special golfing experience. Whether you're an experienced golfer\u2026","rel":"","context":"Podobny wpis","block_context":{"text":"Podobny wpis","link":""},"img":{"alt_text":"Golf i Trysil","src":"https:\/\/i0.wp.com\/bno-travel.com\/wp-content\/uploads\/2025\/06\/18670754034_e10bf74a7e_c.jpg?resize=350%2C200&ssl=1","width":350,"height":200,"srcset":"https:\/\/i0.wp.com\/bno-travel.com\/wp-content\/uploads\/2025\/06\/18670754034_e10bf74a7e_c.jpg?resize=350%2C200&ssl=1 1x, https:\/\/i0.wp.com\/bno-travel.com\/wp-content\/uploads\/2025\/06\/18670754034_e10bf74a7e_c.jpg?resize=525%2C300&ssl=1 1.5x"},"classes":[]},{"id":4106,"url":"https:\/\/bno-travel.com\/pl\/restauracje-w-trysil\/","url_meta":{"origin":4330,"position":2},"title":"Restauracje w Trysil","author":"Jan Terje \u00c5s","date":"2025-07-18","format":false,"excerpt":"Restauracje i lokale gastronomiczne w Trysil - Smacznie przez ca\u0142y rok Trysil oferuje znacznie wi\u0119cej ni\u017c fantastyczne stoki narciarskie i g\u00f3rskie krajobrazy. Niezale\u017cnie od tego, czy odwiedzasz ten obszar zim\u0105, czy latem, mo\u017cesz cieszy\u0107 si\u0119 bogatym wyborem restauracji, kawiarni i lokali apr\u00e8s-ski - od wykwintnych po fast food. Ka\u017cdy znajdzie\u2026","rel":"","context":"Podobny wpis","block_context":{"text":"Podobny wpis","link":""},"img":{"alt_text":"Skistar Logde Trysil","src":"https:\/\/i0.wp.com\/bno-travel.com\/wp-content\/uploads\/2025\/07\/52199845033_2c000ed2d7_c.jpg?resize=350%2C200&ssl=1","width":350,"height":200,"srcset":"https:\/\/i0.wp.com\/bno-travel.com\/wp-content\/uploads\/2025\/07\/52199845033_2c000ed2d7_c.jpg?resize=350%2C200&ssl=1 1x, https:\/\/i0.wp.com\/bno-travel.com\/wp-content\/uploads\/2025\/07\/52199845033_2c000ed2d7_c.jpg?resize=525%2C300&ssl=1 1.5x, https:\/\/i0.wp.com\/bno-travel.com\/wp-content\/uploads\/2025\/07\/52199845033_2c000ed2d7_c.jpg?resize=700%2C400&ssl=1 2x"},"classes":[]},{"id":4183,"url":"https:\/\/bno-travel.com\/pl\/turystyka-piesza-w-trysil\/","url_meta":{"origin":4330,"position":3},"title":"Turystyka piesza w Trysil","author":"Jan Terje \u00c5s","date":"2025-07-18","format":false,"excerpt":"W\u0119dr\u00f3wki w Trysil - Fantastyczne w\u0119dr\u00f3wki, szczyty i do\u015bwiadczenia przyrodnicze Witamy w Trysil - ca\u0142orocznej destynacji, kt\u00f3ra oferuje znacznie wi\u0119cej ni\u017c \u015bnieg i narty! Kiedy g\u00f3ry staj\u0105 si\u0119 zielone, a powietrze jest ciep\u0142e, Trysil otwiera si\u0119 na szerok\u0105 gam\u0119 w\u0119dr\u00f3wek, wycieczek na szczyty i ekscytuj\u0105cych do\u015bwiadcze\u0144 przyrodniczych. Niezale\u017cnie od tego,\u2026","rel":"","context":"Podobny wpis","block_context":{"text":"Podobny wpis","link":""},"img":{"alt_text":"Vandring i Trysil","src":"https:\/\/i0.wp.com\/bno-travel.com\/wp-content\/uploads\/2025\/06\/27930399740_e3e100021e_c.jpg?resize=350%2C200&ssl=1","width":350,"height":200,"srcset":"https:\/\/i0.wp.com\/bno-travel.com\/wp-content\/uploads\/2025\/06\/27930399740_e3e100021e_c.jpg?resize=350%2C200&ssl=1 1x, https:\/\/i0.wp.com\/bno-travel.com\/wp-content\/uploads\/2025\/06\/27930399740_e3e100021e_c.jpg?resize=525%2C300&ssl=1 1.5x, https:\/\/i0.wp.com\/bno-travel.com\/wp-content\/uploads\/2025\/06\/27930399740_e3e100021e_c.jpg?resize=700%2C400&ssl=1 2x"},"classes":[]},{"id":4081,"url":"https:\/\/bno-travel.com\/pl\/kregle-w-trysil\/","url_meta":{"origin":4330,"position":4},"title":"Kr\u0119gle w Trysil","author":"Jan Terje \u00c5s","date":"2025-07-18","format":false,"excerpt":"Kr\u0119gle w Trysil - idealna aktywno\u015b\u0107 dla ca\u0142ej rodziny Kr\u0119gle to popularna i towarzyska aktywno\u015b\u0107 zar\u00f3wno dla m\u0142odych, jak i starszych, a w Trysil znajdziesz nowoczesne i zach\u0119caj\u0105ce centrum bowlingowe w samym sercu g\u00f3rskiej miejscowo\u015bci. Niezale\u017cnie od tego, czy jeste\u015b w Trysil na wakacjach z rodzin\u0105, grup\u0105 przyjaci\u00f3\u0142 czy na\u2026","rel":"","context":"Podobny wpis","block_context":{"text":"Podobny wpis","link":""},"img":{"alt_text":"Bowling i Trysil","src":"https:\/\/i0.wp.com\/bno-travel.com\/wp-content\/uploads\/2025\/06\/52198855347_f963be3dbf_c.jpg?resize=350%2C200&ssl=1","width":350,"height":200,"srcset":"https:\/\/i0.wp.com\/bno-travel.com\/wp-content\/uploads\/2025\/06\/52198855347_f963be3dbf_c.jpg?resize=350%2C200&ssl=1 1x, https:\/\/i0.wp.com\/bno-travel.com\/wp-content\/uploads\/2025\/06\/52198855347_f963be3dbf_c.jpg?resize=525%2C300&ssl=1 1.5x, https:\/\/i0.wp.com\/bno-travel.com\/wp-content\/uploads\/2025\/06\/52198855347_f963be3dbf_c.jpg?resize=700%2C400&ssl=1 2x"},"classes":[]},{"id":4338,"url":"https:\/\/bno-travel.com\/fr\/golf-a-trysil\/","url_meta":{"origin":4330,"position":5},"title":"Golf \u00e0 Trysil","author":"Jan Terje \u00c5s","date":"2025-07-18","format":false,"excerpt":"Golf \u00e0 Trysil et Engerdal - Jouer avec vue sur les montagnes, les for\u00eats et le silence Bienvenue \u00e0 Trysil et Engerdal - un v\u00e9ritable paradis du golf dans un environnement pittoresque ! Vous y trouverez des parcours bien entretenus, des vues spectaculaires et un environnement paisible qui vous feront\u2026","rel":"","context":"Podobny wpis","block_context":{"text":"Podobny wpis","link":""},"img":{"alt_text":"Golf i Trysil","src":"https:\/\/i0.wp.com\/bno-travel.com\/wp-content\/uploads\/2025\/06\/18670754034_e10bf74a7e_c.jpg?resize=350%2C200&ssl=1","width":350,"height":200,"srcset":"https:\/\/i0.wp.com\/bno-travel.com\/wp-content\/uploads\/2025\/06\/18670754034_e10bf74a7e_c.jpg?resize=350%2C200&ssl=1 1x, https:\/\/i0.wp.com\/bno-travel.com\/wp-content\/uploads\/2025\/06\/18670754034_e10bf74a7e_c.jpg?resize=525%2C300&ssl=1 1.5x"},"classes":[]}],"_links":{"self":[{"href":"https:\/\/bno-travel.com\/pl\/wp-json\/wp\/v2\/pages\/4330","targetHints":{"allow":["GET"]}}],"collection":[{"href":"https:\/\/bno-travel.com\/pl\/wp-json\/wp\/v2\/pages"}],"about":[{"href":"https:\/\/bno-travel.com\/pl\/wp-json\/wp\/v2\/types\/page"}],"author":[{"embeddable":true,"href":"https:\/\/bno-travel.com\/pl\/wp-json\/wp\/v2\/users\/260013438"}],"replies":[{"embeddable":true,"href":"https:\/\/bno-travel.com\/pl\/wp-json\/wp\/v2\/comments?post=4330"}],"version-history":[{"count":4,"href":"https:\/\/bno-travel.com\/pl\/wp-json\/wp\/v2\/pages\/4330\/revisions"}],"predecessor-version":[{"id":5242,"href":"https:\/\/bno-travel.com\/pl\/wp-json\/wp\/v2\/pages\/4330\/revisions\/5242"}],"wp:attachment":[{"href":"https:\/\/bno-travel.com\/pl\/wp-json\/wp\/v2\/media?parent=4330"}],"curies":[{"name":"wp","href":"https:\/\/api.w.org\/{rel}","templated":true}]}}