{"id":1622,"date":"2025-08-29T12:34:24","date_gmt":"2025-08-29T10:34:24","guid":{"rendered":"https:\/\/bno-travel.com\/?page_id=1622"},"modified":"2025-08-29T13:53:04","modified_gmt":"2025-08-29T11:53:04","slug":"aluguer-de-automoveis","status":"publish","type":"page","link":"https:\/\/bno-travel.com\/pt-pt\/aluguer-de-automoveis\/","title":{"rendered":"Aluguer de autom\u00f3veis"},"content":{"rendered":"\n<div class=\"wp-block-cover alignfull\" style=\"margin-top:0;margin-bottom:0;padding-top:var(--wp--preset--spacing--20);padding-right:var(--wp--preset--spacing--40);padding-bottom:var(--wp--preset--spacing--20);padding-left:var(--wp--preset--spacing--40)\"><img data-recalc-dims=\"1\" fetchpriority=\"high\" decoding=\"async\" width=\"800\" height=\"266\" class=\"wp-block-cover__image-background wp-image-904 size-large\" alt=\"\" src=\"https:\/\/i0.wp.com\/bno-travel.com\/wp-content\/uploads\/2025\/06\/AdobeStock_460444160.jpeg?resize=800%2C266&#038;ssl=1\" data-object-fit=\"cover\" srcset=\"https:\/\/i0.wp.com\/bno-travel.com\/wp-content\/uploads\/2025\/06\/AdobeStock_460444160.jpeg?resize=1024%2C341&amp;ssl=1 1024w, https:\/\/i0.wp.com\/bno-travel.com\/wp-content\/uploads\/2025\/06\/AdobeStock_460444160.jpeg?resize=300%2C100&amp;ssl=1 300w, https:\/\/i0.wp.com\/bno-travel.com\/wp-content\/uploads\/2025\/06\/AdobeStock_460444160.jpeg?resize=768%2C256&amp;ssl=1 768w, https:\/\/i0.wp.com\/bno-travel.com\/wp-content\/uploads\/2025\/06\/AdobeStock_460444160.jpeg?resize=1536%2C512&amp;ssl=1 1536w, https:\/\/i0.wp.com\/bno-travel.com\/wp-content\/uploads\/2025\/06\/AdobeStock_460444160.jpeg?resize=2048%2C683&amp;ssl=1 2048w, https:\/\/i0.wp.com\/bno-travel.com\/wp-content\/uploads\/2025\/06\/AdobeStock_460444160.jpeg?w=1600&amp;ssl=1 1600w, https:\/\/i0.wp.com\/bno-travel.com\/wp-content\/uploads\/2025\/06\/AdobeStock_460444160.jpeg?w=2400&amp;ssl=1 2400w\" sizes=\"(max-width: 800px) 100vw, 800px\" \/><span aria-hidden=\"true\" class=\"wp-block-cover__background has-theme-1-background-color has-background-dim-30 has-background-dim\"><\/span><div class=\"wp-block-cover__inner-container is-layout-flow wp-block-cover-is-layout-flow\">\n<div style=\"height:var(--wp--preset--spacing--50)\" aria-hidden=\"true\" class=\"wp-block-spacer\"><\/div>\n\n\n\n<div class=\"wp-block-group is-layout-constrained wp-block-group-is-layout-constrained\">\n<div class=\"wp-block-buttons is-content-justification-center is-layout-flex wp-container-core-buttons-is-layout-3e41869c wp-block-buttons-is-layout-flex\"><\/div>\n<\/div>\n\n\n\n<div style=\"height:var(--wp--preset--spacing--50)\" aria-hidden=\"true\" class=\"wp-block-spacer\"><\/div>\n<\/div><\/div>\n\n<div class=\"wp-block-group alignfull is-style-section-2 is-content-justification-center is-layout-constrained wp-container-core-group-is-layout-49f605c9 wp-block-group-is-layout-constrained\" style=\"margin-top:0;margin-bottom:0;padding-top:var(--wp--preset--spacing--50);padding-bottom:var(--wp--preset--spacing--30)\">\n<h2 class=\"wp-block-heading alignwide wp-container-content-958eb9dc\">reserva de aluguer de autom\u00f3veis em todo o mundo  <\/h2>\n\n\n\n<p class=\"wp-block-paragraph\">[bno_cartrawler mode=&#8221;hosted&#8221; locale=&#8221;no&#8221; lang=&#8221;no&#8221; currency=&#8221;NOK&#8221; pickupid=&#8221;4410&#8243; returnid=&#8221;4410&#8243; pickupdate=&#8221;2025-08-30T10:00&#8243; returndate=&#8221;2025-08-31T10:00&#8243; residenceid=&#8221;NO&#8221; age=&#8221;30&#8243;]\n\n<\/p>\n<\/div>\n","protected":false},"excerpt":{"rendered":"<p>reserva de aluguer de autom\u00f3veis em todo o mundo [bno_cartrawler mode=&#8221;hosted&#8221; locale=&#8221;no&#8221; lang=&#8221;no&#8221; currency=&#8221;NOK&#8221; pickupid=&#8221;4410&#8243; returnid=&#8221;4410&#8243; pickupdate=&#8221;2025-08-30T10:00&#8243; returndate=&#8221;2025-08-31T10:00&#8243; residenceid=&#8221;NO&#8221; age=&#8221;30&#8243;]<\/p>\n","protected":false},"author":260013438,"featured_media":0,"parent":0,"menu_order":0,"comment_status":"closed","ping_status":"closed","template":"","meta":{"_crdt_document":"","footnotes":""},"class_list":["post-1622","page","type-page","status-publish","hentry"],"jetpack_likes_enabled":true,"jetpack_sharing_enabled":true,"jetpack_shortlink":"https:\/\/wp.me\/PgDuwj-qa","jetpack-related-posts":[{"id":28322,"url":"https:\/\/bno-travel.com\/pt-pt\/","url_meta":{"origin":1622,"position":0},"title":"P\u00e1gina inicial","author":"Jan Terje \u00c5s","date":"3 de Abril, 2026","format":false,"excerpt":"Planeia a tua viagem mais facilmente com a BNO Travel Encontra alojamento em destinos selecionados, pesquisa voos para viagens pr\u00f3ximas e long\u00ednquas e reserva o aluguer de autom\u00f3veis para te dar a liberdade de ir mais longe. Tudo numa solu\u00e7\u00e3o simples e f\u00e1cil de utilizar. Encontra alojamento Procura voos Encontra\u2026","rel":"","context":"Similar post","block_context":{"text":"Similar post","link":""},"img":{"alt_text":"","src":"","width":0,"height":0},"classes":[]},{"id":1882,"url":"https:\/\/bno-travel.com\/pt-pt\/viajar-aqui-para-trysil\/","url_meta":{"origin":1622,"position":1},"title":"Viajar aqui para Trysil","author":"Jan Terje \u00c5s","date":"11 de Julho, 2025","format":false,"excerpt":"Como chegar a Trysil - de avi\u00e3o, aluguer de autom\u00f3veis, autocarro, comboio ou carro particular \u2708\ufe0f De avi\u00e3o para o Aeroporto Gardermoen de Oslo (OSL) O aeroporto de Oslo \u00e9 o ponto de entrada mais comum para os viajantes de Trysil. H\u00e1 voos diretos de v\u00e1rias cidades europeias importantes. Continua\u2026","rel":"","context":"Similar post","block_context":{"text":"Similar post","link":""},"img":{"alt_text":"Trysil Ski resort, skiferie i Trysil,","src":"https:\/\/i0.wp.com\/bno-travel.com\/wp-content\/uploads\/2025\/06\/10001-20191216-Drone0784-scaled-1.jpg?resize=350%2C200&ssl=1","width":350,"height":200,"srcset":"https:\/\/i0.wp.com\/bno-travel.com\/wp-content\/uploads\/2025\/06\/10001-20191216-Drone0784-scaled-1.jpg?resize=350%2C200&ssl=1 1x, https:\/\/i0.wp.com\/bno-travel.com\/wp-content\/uploads\/2025\/06\/10001-20191216-Drone0784-scaled-1.jpg?resize=525%2C300&ssl=1 1.5x, https:\/\/i0.wp.com\/bno-travel.com\/wp-content\/uploads\/2025\/06\/10001-20191216-Drone0784-scaled-1.jpg?resize=700%2C400&ssl=1 2x, https:\/\/i0.wp.com\/bno-travel.com\/wp-content\/uploads\/2025\/06\/10001-20191216-Drone0784-scaled-1.jpg?resize=1050%2C600&ssl=1 3x, https:\/\/i0.wp.com\/bno-travel.com\/wp-content\/uploads\/2025\/06\/10001-20191216-Drone0784-scaled-1.jpg?resize=1400%2C800&ssl=1 4x"},"classes":[]},{"id":2799,"url":"https:\/\/bno-travel.com\/pt-pt\/viajar-aqui-para-salenfjellet\/","url_meta":{"origin":1622,"position":2},"title":"Viajar aqui para S\u00e4lenfjellet","author":"Jan Terje \u00c5s","date":"11 de Julho, 2025","format":false,"excerpt":". Como chegar a S\u00e4lenfjellet - de avi\u00e3o, de carro, de autocarro, de comboio ou de carro particular \u2708\ufe0f De avi\u00e3o para Oslo Airport Gardermoen (OSL) O aeroporto de Oslo \u00e9 um dos pontos de entrada mais comuns para quem viaja para S\u00e4len. H\u00e1 voos diretos de v\u00e1rias das principais\u2026","rel":"","context":"Similar post","block_context":{"text":"Similar post","link":""},"img":{"alt_text":"overnatting i salen","src":"https:\/\/i0.wp.com\/bno-travel.com\/wp-content\/uploads\/2025\/06\/AdobeStock_121113275-e1751307052527.jpeg?resize=350%2C200&ssl=1","width":350,"height":200,"srcset":"https:\/\/i0.wp.com\/bno-travel.com\/wp-content\/uploads\/2025\/06\/AdobeStock_121113275-e1751307052527.jpeg?resize=350%2C200&ssl=1 1x, https:\/\/i0.wp.com\/bno-travel.com\/wp-content\/uploads\/2025\/06\/AdobeStock_121113275-e1751307052527.jpeg?resize=525%2C300&ssl=1 1.5x, https:\/\/i0.wp.com\/bno-travel.com\/wp-content\/uploads\/2025\/06\/AdobeStock_121113275-e1751307052527.jpeg?resize=700%2C400&ssl=1 2x, https:\/\/i0.wp.com\/bno-travel.com\/wp-content\/uploads\/2025\/06\/AdobeStock_121113275-e1751307052527.jpeg?resize=1050%2C600&ssl=1 3x, https:\/\/i0.wp.com\/bno-travel.com\/wp-content\/uploads\/2025\/06\/AdobeStock_121113275-e1751307052527.jpeg?resize=1400%2C800&ssl=1 4x"},"classes":[]},{"id":3943,"url":"https:\/\/bno-travel.com\/pt-pt\/motos-de-neve-em-salen\/","url_meta":{"origin":1622,"position":3},"title":"Motos de neve em S\u00e4len","author":"Jan Terje \u00c5s","date":"18 de Julho, 2025","format":false,"excerpt":"Snowmobiling em S\u00e4len - Aventuras r\u00e1pidas na verdadeira natureza montanhosa sueca Bem-vindo a S\u00e4len - um dos destinos de inverno mais populares da Su\u00e9cia, onde podes n\u00e3o s\u00f3 esquiar, mas tamb\u00e9m experimentar a adrenalina e a liberdade numa mota de neve! Aqui encontrar\u00e1s trilhos aprovados para motas de neve, belas\u2026","rel":"","context":"Similar post","block_context":{"text":"Similar post","link":""},"img":{"alt_text":"Sn\u00f8scooter BNO TRAVEL","src":"https:\/\/i0.wp.com\/bno-travel.com\/wp-content\/uploads\/2025\/07\/10000-5116.jpg?resize=350%2C200&ssl=1","width":350,"height":200,"srcset":"https:\/\/i0.wp.com\/bno-travel.com\/wp-content\/uploads\/2025\/07\/10000-5116.jpg?resize=350%2C200&ssl=1 1x, https:\/\/i0.wp.com\/bno-travel.com\/wp-content\/uploads\/2025\/07\/10000-5116.jpg?resize=525%2C300&ssl=1 1.5x, https:\/\/i0.wp.com\/bno-travel.com\/wp-content\/uploads\/2025\/07\/10000-5116.jpg?resize=700%2C400&ssl=1 2x, https:\/\/i0.wp.com\/bno-travel.com\/wp-content\/uploads\/2025\/07\/10000-5116.jpg?resize=1050%2C600&ssl=1 3x, https:\/\/i0.wp.com\/bno-travel.com\/wp-content\/uploads\/2025\/07\/10000-5116.jpg?resize=1400%2C800&ssl=1 4x"},"classes":[]},{"id":11512,"url":"https:\/\/bno-travel.com\/pt-pt\/queres-saber-mais-sobre-o-aluguer\/","url_meta":{"origin":1622,"position":4},"title":"Queres saber mais sobre o aluguer?","author":"Jan Terje \u00c5s","date":"29 de Setembro, 2025","format":false,"excerpt":"Entra em contacto connosco hoje mesmo!","rel":"","context":"Similar post","block_context":{"text":"Similar post","link":""},"img":{"alt_text":"","src":"","width":0,"height":0},"classes":[]},{"id":11577,"url":"https:\/\/bno-travel.com\/pt-pt\/alojamento-bno-travel\/","url_meta":{"origin":1622,"position":5},"title":"Alojamento - BNO Travel","author":"Jan Terje \u00c5s","date":"29 de Setembro, 2025","format":false,"excerpt":"Apresentado por BNO Travel: A BNO Travel faz o trabalho de visibilidade, reserva e gest\u00e3o de h\u00f3spedes, enquanto tu mant\u00e9ns o controlo As vantagens da utiliza\u00e7\u00e3o da BNO Travel Baixa comiss\u00e3o - apenas 3% para a BNO Travel (Contacta-nos e mostrar-te-emos as contas) Pagamentos semanais diretamente na tua conta. Controlo\u2026","rel":"","context":"Similar post","block_context":{"text":"Similar post","link":""},"img":{"alt_text":"Utleie av hytter i Trysil & S\u00e4len","src":"https:\/\/i0.wp.com\/bno-travel.com\/wp-content\/uploads\/2025\/09\/10001-Fagerasen1120_3616.jpg?resize=350%2C200&ssl=1","width":350,"height":200,"srcset":"https:\/\/i0.wp.com\/bno-travel.com\/wp-content\/uploads\/2025\/09\/10001-Fagerasen1120_3616.jpg?resize=350%2C200&ssl=1 1x, https:\/\/i0.wp.com\/bno-travel.com\/wp-content\/uploads\/2025\/09\/10001-Fagerasen1120_3616.jpg?resize=525%2C300&ssl=1 1.5x, https:\/\/i0.wp.com\/bno-travel.com\/wp-content\/uploads\/2025\/09\/10001-Fagerasen1120_3616.jpg?resize=700%2C400&ssl=1 2x, https:\/\/i0.wp.com\/bno-travel.com\/wp-content\/uploads\/2025\/09\/10001-Fagerasen1120_3616.jpg?resize=1050%2C600&ssl=1 3x, https:\/\/i0.wp.com\/bno-travel.com\/wp-content\/uploads\/2025\/09\/10001-Fagerasen1120_3616.jpg?resize=1400%2C800&ssl=1 4x"},"classes":[]}],"_links":{"self":[{"href":"https:\/\/bno-travel.com\/pt-pt\/wp-json\/wp\/v2\/pages\/1622","targetHints":{"allow":["GET"]}}],"collection":[{"href":"https:\/\/bno-travel.com\/pt-pt\/wp-json\/wp\/v2\/pages"}],"about":[{"href":"https:\/\/bno-travel.com\/pt-pt\/wp-json\/wp\/v2\/types\/page"}],"author":[{"embeddable":true,"href":"https:\/\/bno-travel.com\/pt-pt\/wp-json\/wp\/v2\/users\/260013438"}],"replies":[{"embeddable":true,"href":"https:\/\/bno-travel.com\/pt-pt\/wp-json\/wp\/v2\/comments?post=1622"}],"version-history":[{"count":19,"href":"https:\/\/bno-travel.com\/pt-pt\/wp-json\/wp\/v2\/pages\/1622\/revisions"}],"predecessor-version":[{"id":9150,"href":"https:\/\/bno-travel.com\/pt-pt\/wp-json\/wp\/v2\/pages\/1622\/revisions\/9150"}],"wp:attachment":[{"href":"https:\/\/bno-travel.com\/pt-pt\/wp-json\/wp\/v2\/media?parent=1622"}],"curies":[{"name":"wp","href":"https:\/\/api.w.org\/{rel}","templated":true}]}}