{"id":2799,"date":"2025-07-11T13:54:41","date_gmt":"2025-07-11T11:54:41","guid":{"rendered":"https:\/\/bno-travel.com\/?page_id=2799"},"modified":"2026-04-03T12:39:07","modified_gmt":"2026-04-03T10:39:07","slug":"viajar-aqui-para-salenfjellet","status":"publish","type":"page","link":"https:\/\/bno-travel.com\/pt-pt\/viajar-aqui-para-salenfjellet\/","title":{"rendered":"Viajar aqui para S\u00e4lenfjellet"},"content":{"rendered":"\n<div class=\"wp-block-group alignfull is-content-justification-center is-layout-constrained wp-block-group-is-layout-constrained\" style=\"margin-top:0;margin-bottom:0;padding-top:var(--wp--preset--spacing--40);padding-bottom:var(--wp--preset--spacing--40)\">\n<figure class=\"wp-block-image alignwide size-full aspect-16\/9\"><img data-recalc-dims=\"1\" fetchpriority=\"high\" decoding=\"async\" width=\"800\" height=\"528\" src=\"https:\/\/i0.wp.com\/bno-travel.com\/wp-content\/uploads\/2025\/06\/AdobeStock_121113275-e1751307052527.jpeg?resize=800%2C528&#038;ssl=1\" alt=\"\" class=\"wp-image-2549\" srcset=\"https:\/\/i0.wp.com\/bno-travel.com\/wp-content\/uploads\/2025\/06\/AdobeStock_121113275-e1751307052527.jpeg?w=2545&amp;ssl=1 2545w, https:\/\/i0.wp.com\/bno-travel.com\/wp-content\/uploads\/2025\/06\/AdobeStock_121113275-e1751307052527.jpeg?resize=300%2C198&amp;ssl=1 300w, https:\/\/i0.wp.com\/bno-travel.com\/wp-content\/uploads\/2025\/06\/AdobeStock_121113275-e1751307052527.jpeg?resize=1024%2C676&amp;ssl=1 1024w, https:\/\/i0.wp.com\/bno-travel.com\/wp-content\/uploads\/2025\/06\/AdobeStock_121113275-e1751307052527.jpeg?resize=768%2C507&amp;ssl=1 768w, https:\/\/i0.wp.com\/bno-travel.com\/wp-content\/uploads\/2025\/06\/AdobeStock_121113275-e1751307052527.jpeg?resize=1536%2C1014&amp;ssl=1 1536w, https:\/\/i0.wp.com\/bno-travel.com\/wp-content\/uploads\/2025\/06\/AdobeStock_121113275-e1751307052527.jpeg?resize=2048%2C1352&amp;ssl=1 2048w, https:\/\/i0.wp.com\/bno-travel.com\/wp-content\/uploads\/2025\/06\/AdobeStock_121113275-e1751307052527.jpeg?w=1600&amp;ssl=1 1600w, https:\/\/i0.wp.com\/bno-travel.com\/wp-content\/uploads\/2025\/06\/AdobeStock_121113275-e1751307052527.jpeg?w=2400&amp;ssl=1 2400w\" sizes=\"(max-width: 800px) 100vw, 800px\" \/><figcaption class=\"wp-element-caption\">.<\/figcaption><\/figure>\n<\/div>\n\n<div class=\"wp-block-group alignfull is-style-section-3 is-content-justification-center is-layout-constrained wp-container-core-group-is-layout-b54e18b3 wp-block-group-is-layout-constrained\" style=\"margin-top:0;margin-bottom:0;padding-top:var(--wp--preset--spacing--50);padding-bottom:var(--wp--preset--spacing--50)\">\n<h2 class=\"wp-block-heading has-text-align-left alignwide\">Como chegar a S\u00e4lenfjellet - de avi\u00e3o, de carro, de autocarro, de comboio ou de carro particular<\/h2>\n\n\n\n<p class=\"wp-block-paragraph\"><\/p>\n\n\n\n<div class=\"wp-block-group alignwide is-layout-flow wp-container-core-group-is-layout-a7dce961 wp-block-group-is-layout-flow\">\n<div class=\"wp-block-columns alignwide is-layout-flex wp-container-core-columns-is-layout-cb1de518 wp-block-columns-is-layout-flex\">\n<div class=\"wp-block-column is-layout-flow wp-block-column-is-layout-flow\" style=\"padding-top:24px;padding-bottom:24px\">\n<h3 class=\"wp-block-heading has-text-align-left alignwide is-service-name\">\u2708\ufe0f De avi\u00e3o para Oslo Airport Gardermoen (OSL)<\/h3>\n<\/div>\n\n\n\n<div class=\"wp-block-column is-layout-flow wp-block-column-is-layout-flow\">\n<div class=\"wp-block-group alignwide is-layout-flow wp-block-group-is-layout-flow\" style=\"border-bottom-width:1px;padding-top:40px;padding-bottom:40px\">\n<p class=\"is-service-description wp-block-paragraph\"><\/p>\n\n\n\n<p class=\"wp-block-paragraph\">O aeroporto de Oslo \u00e9 um dos pontos de entrada mais comuns para quem viaja para S\u00e4len. H\u00e1 voos diretos de v\u00e1rias das principais cidades europeias. <\/p>\n\n\n\n<p class=\"wp-block-paragraph\"><strong>Continua para S\u00e4len a partir de Gardermoen:<\/strong><\/p>\n\n\n\n<p class=\"is-service-description wp-block-paragraph\"><strong>De autocarro:<\/strong> H\u00e1 liga\u00e7\u00f5es de autocarro da zona de Oslo para S\u00e4len durante a \u00e9poca de inverno. A dura\u00e7\u00e3o da viagem varia consoante a rota e as liga\u00e7\u00f5es. <\/p>\n\n\n\n<p class=\"wp-block-paragraph\"><strong>Aluga um carro:<\/strong> O aluguer de autom\u00f3veis \u00e9 uma op\u00e7\u00e3o flex\u00edvel para a tua viagem at\u00e9 S\u00e4len. O tempo de condu\u00e7\u00e3o desde Gardermoen \u00e9 de aproximadamente 3,5-4 horas, dependendo do destino na \u00e1rea de S\u00e4len.  <\/p>\n<\/div>\n<\/div>\n<\/div>\n\n\n\n<div class=\"wp-block-columns alignwide is-layout-flex wp-container-core-columns-is-layout-cb1de518 wp-block-columns-is-layout-flex\">\n<div class=\"wp-block-column is-layout-flow wp-block-column-is-layout-flow\" style=\"padding-top:24px;padding-bottom:24px\">\n<h3 class=\"wp-block-heading has-text-align-left alignwide is-service-name\">\u2708\ufe0f De avi\u00e3o para Scandinavian Mountains Airport (SCR)<\/h3>\n<\/div>\n\n\n\n<div class=\"wp-block-column is-layout-flow wp-block-column-is-layout-flow\">\n<div class=\"wp-block-group alignwide is-layout-flow wp-block-group-is-layout-flow\" style=\"border-bottom-width:1px;padding-top:40px;padding-bottom:40px\">\n<p class=\"is-service-description wp-block-paragraph\">O Aeroporto Scandinavian Mountains \u00e9 o aeroporto mais pr\u00f3ximo de S\u00e4len e fica apenas a 10-15 minutos da maioria das est\u00e2ncias da regi\u00e3o. O aeroporto tem partidas sazonais de v\u00e1rias cidades europeias.  <\/p>\n\n\n\n<p class=\"wp-block-paragraph\"><strong>Continua para S\u00e4len a partir de SCR:<\/strong><\/p>\n\n\n\n<p class=\"is-service-description wp-block-paragraph\"><strong>Autocarro de transporte:<\/strong> Durante a \u00e9poca de inverno, est\u00e1 dispon\u00edvel um autocarro para as chegadas aos alojamentos e \u00e0s est\u00e2ncias de esqui na zona de S\u00e4len.<\/p>\n\n\n\n<p class=\"wp-block-paragraph\"><strong>Aluguer de autom\u00f3veis:<\/strong> Para aqueles que querem ter a liberdade de se deslocar pela regi\u00e3o, podes alugar um carro.<\/p>\n<\/div>\n<\/div>\n<\/div>\n\n\n\n<div class=\"wp-block-columns alignwide is-layout-flex wp-container-core-columns-is-layout-cb1de518 wp-block-columns-is-layout-flex\">\n<div class=\"wp-block-column is-layout-flow wp-block-column-is-layout-flow\" style=\"padding-top:24px;padding-bottom:24px\">\n<h3 class=\"wp-block-heading has-text-align-left alignwide is-service-name\">Viajar de cidade em cidade - de comboio, autocarro ou carro<\/h3>\n<\/div>\n\n\n\n<div class=\"wp-block-column is-layout-flow wp-block-column-is-layout-flow\">\n<div class=\"wp-block-group alignwide is-layout-flow wp-block-group-is-layout-flow\" style=\"border-bottom-width:1px;padding-top:40px;padding-bottom:40px\">\n<p class=\"wp-block-paragraph\"><\/p>\n\n\n\n<h3 class=\"wp-block-heading\"><strong>De Estocolmo<\/strong><\/h3>\n\n\n\n<p class=\"is-service-description wp-block-paragraph\"><strong>De carro:<\/strong> Aproximadamente 5-6 horas, dependendo da parte de S\u00e4len para onde viajas. <\/p>\n\n\n\n<p class=\"wp-block-paragraph\"><strong>Comboio e autocarro:<\/strong> Apanha um comboio para Mora ou Borl\u00e4nge e depois um autocarro para S\u00e4len. A dura\u00e7\u00e3o total da viagem varia consoante as liga\u00e7\u00f5es. <\/p>\n\n\n\n<p class=\"wp-block-paragraph\"><strong>Autocarro:<\/strong> H\u00e1 liga\u00e7\u00f5es de autocarro de Estocolmo para S\u00e4len, especialmente durante a \u00e9poca de inverno.<\/p>\n\n\n\n<h3 class=\"wp-block-heading\"><strong>De Gotemburgo<\/strong><\/h3>\n\n\n\n<ul class=\"wp-block-list\">\n<li><strong>Comboio:<\/strong> Comboio para Borl\u00e4nge ou Mora, depois autocarro para S\u00e4len.<\/li>\n\n\n\n<li><strong>Autocarro:<\/strong> Viaja de autocarro via Estocolmo ou outros centros, dependendo da \u00e9poca e do hor\u00e1rio.<\/li>\n\n\n\n<li><strong>Autom\u00f3vel:<\/strong> Aprox. 6-7 horas. <\/li>\n<\/ul>\n\n\n\n<h3 class=\"wp-block-heading\"><strong>De Hels\u00ednquia<\/strong><\/h3>\n\n\n\n<ul class=\"wp-block-list\">\n<li><strong>Comboio e ferry:<\/strong> Apanha o ferry para Estocolmo e viaja de l\u00e1 de comboio, autocarro ou carro para S\u00e4len.<\/li>\n\n\n\n<li><strong>Autocarro:<\/strong> Dependendo da \u00e9poca, s\u00e3o poss\u00edveis combina\u00e7\u00f5es com ferry e autocarro de longo curso via Su\u00e9cia.<\/li>\n\n\n\n<li><strong>De carro:<\/strong> Aproximadamente 11-13 horas, dependendo da rota e da liga\u00e7\u00e3o do ferry. <\/li>\n<\/ul>\n\n\n\n<h3 class=\"wp-block-heading\"><strong>De K\u00f8enhavn<\/strong><\/h3>\n\n\n\n<div class=\"wp-block-group is-nowrap is-layout-flex wp-container-core-group-is-layout-7387b849 wp-block-group-is-layout-flex\">\n<ul class=\"wp-block-list\">\n<li><strong>Comboio:<\/strong> Comboio para Estocolmo, Borl\u00e4nge ou Mora, depois autocarro para S\u00e4len.<\/li>\n\n\n\n<li><strong>Autocarro:<\/strong> Autocarro de longo curso via Su\u00e9cia com liga\u00e7\u00e3o a S\u00e4len.<\/li>\n\n\n\n<li><strong>De carro:<\/strong> Cerca de 8 a 10 horas atrav\u00e9s da ponte de \u00d8resund e mais a norte da Su\u00e9cia. <\/li>\n<\/ul>\n\n\n\n<p class=\"wp-block-paragraph\">.<\/p>\n<\/div>\n\n\n\n<h3 class=\"wp-block-heading\"><strong>De Fredrikshavn<\/strong> (ferry da Dinamarca)<\/h3>\n\n\n\n<ul class=\"wp-block-list\">\n<li><strong>Comboio:<\/strong> Comboio de Frederikshavn via Gotemburgo e continua pela Su\u00e9cia em dire\u00e7\u00e3o a Mora ou Borl\u00e4nge, depois autocarro para S\u00e4len.<\/li>\n\n\n\n<li><strong>Autocarro:<\/strong> Liga\u00e7\u00f5es de autocarro via Su\u00e9cia com transfer\u00eancia para rotas regionais em dire\u00e7\u00e3o a S\u00e4len.<\/li>\n\n\n\n<li><strong>De carro:<\/strong> Cerca de 7-8 horas, dependendo da rota escolhida. <\/li>\n<\/ul>\n\n\n\n<h3 class=\"wp-block-heading\"><strong>De Kiel <\/strong>(ferry da Alemanha)<\/h3>\n\n\n\n<ul class=\"wp-block-list\">\n<li><strong>Comboios:<\/strong> Comboios via Dinamarca e Su\u00e9cia, com liga\u00e7\u00e3o a Mora ou Borl\u00e4nge e autocarro para S\u00e4len.<\/li>\n\n\n\n<li><strong>Autocarro:<\/strong> Percursos de longa dist\u00e2ncia atrav\u00e9s da Dinamarca e da Su\u00e9cia com liga\u00e7\u00f5es a S\u00e4len.<\/li>\n\n\n\n<li><strong>De carro:<\/strong> Aproximadamente 11-13 horas, dependendo da rota e da escolha do ferry. <\/li>\n<\/ul>\n\n\n\n<p class=\"wp-block-paragraph\"><\/p>\n<\/div>\n<\/div>\n<\/div>\n<\/div>\n<\/div>\n\n<div class=\"wp-block-group alignwide is-layout-flow wp-block-group-is-layout-flow\" style=\"border-bottom-width:1px;padding-top:40px;padding-bottom:40px\">\n<p class=\"is-service-description wp-block-paragraph\"><mark style=\"background-color:rgba(0, 0, 0, 0);color:#000000\" class=\"has-inline-color\">\ud83d\ude99 BNO Travel - o teu parceiro de viagem para S\u00e4len<\/mark><\/p>\n\n\n\n<p class=\"wp-block-paragraph\">Independentemente da forma como escolheres viajar, n\u00f3s facilitamos a tua viagem:<\/p>\n\n\n\n<ul class=\"wp-block-list\">\n<li><strong>Aluguer de autom\u00f3veis em v\u00e1rios destinos<\/strong><\/li>\n\n\n\n<li><strong>Reservas de autocarros e transportes<\/strong><\/li>\n\n\n\n<li><strong>Aconselhamento e planeamento de viagens<\/strong><\/li>\n<\/ul>\n\n\n\n<p class=\"wp-block-paragraph\">Contacta-nos para te ajudarmos com a tua viagem a S\u00e4len!<\/p>\n<\/div>\n\n<p class=\"wp-block-paragraph\"><\/p>\n","protected":false},"excerpt":{"rendered":"<p>Como chegar a S\u00e4lenfjellet - de avi\u00e3o, de carro, de autocarro, de comboio ou de carro particular \u2708\ufe0f De avi\u00e3o para Oslo Airport Gardermoen (OSL) O aeroporto de Oslo \u00e9 um dos pontos de entrada mais comuns para quem viaja para S\u00e4len. H\u00e1 voos diretos de v\u00e1rias das principais cidades europeias. Continua para S\u00e4len a [&hellip;]<\/p>\n","protected":false},"author":260013438,"featured_media":0,"parent":0,"menu_order":0,"comment_status":"closed","ping_status":"closed","template":"","meta":{"_crdt_document":"","footnotes":""},"class_list":["post-2799","page","type-page","status-publish","hentry"],"jetpack_likes_enabled":true,"jetpack_sharing_enabled":true,"jetpack_shortlink":"https:\/\/wp.me\/PgDuwj-J9","jetpack-related-posts":[{"id":2948,"url":"https:\/\/bno-travel.com\/pt-pt\/salenfjellet\/","url_meta":{"origin":2799,"position":0},"title":"S\u00e4lenfjellet","author":"Jan Terje \u00c5s","date":"30 de Setembro, 2025","format":false,"excerpt":". Lindvallen, H\u00f6gfj\u00e4llet e Tand\u00e5dalen Bem-vindo \u00e0s aventuras na neve e \u00e0 vida relaxante na cabana em S\u00e4len!Com a BNO TRAVEL podes ficar confortavelmente no cora\u00e7\u00e3o de S\u00e4lenfjellet - perto de Lindvallen, H\u00f6gfj\u00e4llet e Tand\u00e5dalen. A zona \u00e9 conhecida pela sua grande variedade de pistas alpinas, pelo ambiente familiar e\u2026","rel":"","context":"Similar post","block_context":{"text":"Similar post","link":""},"img":{"alt_text":"overnatting i salen","src":"https:\/\/i0.wp.com\/bno-travel.com\/wp-content\/uploads\/2025\/06\/AdobeStock_121113275-e1751307052527.jpeg?resize=350%2C200&ssl=1","width":350,"height":200,"srcset":"https:\/\/i0.wp.com\/bno-travel.com\/wp-content\/uploads\/2025\/06\/AdobeStock_121113275-e1751307052527.jpeg?resize=350%2C200&ssl=1 1x, https:\/\/i0.wp.com\/bno-travel.com\/wp-content\/uploads\/2025\/06\/AdobeStock_121113275-e1751307052527.jpeg?resize=525%2C300&ssl=1 1.5x, https:\/\/i0.wp.com\/bno-travel.com\/wp-content\/uploads\/2025\/06\/AdobeStock_121113275-e1751307052527.jpeg?resize=700%2C400&ssl=1 2x, https:\/\/i0.wp.com\/bno-travel.com\/wp-content\/uploads\/2025\/06\/AdobeStock_121113275-e1751307052527.jpeg?resize=1050%2C600&ssl=1 3x, https:\/\/i0.wp.com\/bno-travel.com\/wp-content\/uploads\/2025\/06\/AdobeStock_121113275-e1751307052527.jpeg?resize=1400%2C800&ssl=1 4x"},"classes":[]},{"id":2742,"url":"https:\/\/bno-travel.com\/es\/salenfjellet\/","url_meta":{"origin":2799,"position":1},"title":"S\u00e4lenfjellet","author":"Jan Terje \u00c5s","date":"30 de Setembro, 2025","format":false,"excerpt":". Lindvallen, H\u00f6gfj\u00e4llet y Tand\u00e5dalen \u00a1Bienvenido a las aventuras en la nieve y a la relajante vida en la caba\u00f1a de S\u00e4len!Con BNO TRAVEL podr\u00e1s alojarte c\u00f3modamente en el coraz\u00f3n de S\u00e4lenfjellet, cerca de Lindvallen, H\u00f6gfj\u00e4llet y Tand\u00e5dalen. La zona es conocida por su gran variedad de pistas alpinas, su\u2026","rel":"","context":"Similar post","block_context":{"text":"Similar post","link":""},"img":{"alt_text":"overnatting i salen","src":"https:\/\/i0.wp.com\/bno-travel.com\/wp-content\/uploads\/2025\/06\/AdobeStock_121113275-e1751307052527.jpeg?resize=350%2C200&ssl=1","width":350,"height":200,"srcset":"https:\/\/i0.wp.com\/bno-travel.com\/wp-content\/uploads\/2025\/06\/AdobeStock_121113275-e1751307052527.jpeg?resize=350%2C200&ssl=1 1x, https:\/\/i0.wp.com\/bno-travel.com\/wp-content\/uploads\/2025\/06\/AdobeStock_121113275-e1751307052527.jpeg?resize=525%2C300&ssl=1 1.5x, https:\/\/i0.wp.com\/bno-travel.com\/wp-content\/uploads\/2025\/06\/AdobeStock_121113275-e1751307052527.jpeg?resize=700%2C400&ssl=1 2x, https:\/\/i0.wp.com\/bno-travel.com\/wp-content\/uploads\/2025\/06\/AdobeStock_121113275-e1751307052527.jpeg?resize=1050%2C600&ssl=1 3x, https:\/\/i0.wp.com\/bno-travel.com\/wp-content\/uploads\/2025\/06\/AdobeStock_121113275-e1751307052527.jpeg?resize=1400%2C800&ssl=1 4x"},"classes":[]},{"id":2747,"url":"https:\/\/bno-travel.com\/es\/como-llegar-a-salenfjellet\/","url_meta":{"origin":2799,"position":2},"title":"C\u00f3mo llegar a S\u00e4lenfjellet","author":"Jan Terje \u00c5s","date":"11 de Julho, 2025","format":false,"excerpt":". C\u00f3mo llegar a S\u00e4lenfjellet - en avi\u00f3n, alquiler de coche, autob\u00fas, tren o coche privado \u2708\ufe0f En avi\u00f3n al aeropuerto de Oslo Gardermoen (OSL) El aeropuerto de Oslo es uno de los puntos de entrada m\u00e1s habituales para los viajeros a S\u00e4len. Hay vuelos directos desde varias de las\u2026","rel":"","context":"Similar post","block_context":{"text":"Similar post","link":""},"img":{"alt_text":"overnatting i salen","src":"https:\/\/i0.wp.com\/bno-travel.com\/wp-content\/uploads\/2025\/06\/AdobeStock_121113275-e1751307052527.jpeg?resize=350%2C200&ssl=1","width":350,"height":200,"srcset":"https:\/\/i0.wp.com\/bno-travel.com\/wp-content\/uploads\/2025\/06\/AdobeStock_121113275-e1751307052527.jpeg?resize=350%2C200&ssl=1 1x, https:\/\/i0.wp.com\/bno-travel.com\/wp-content\/uploads\/2025\/06\/AdobeStock_121113275-e1751307052527.jpeg?resize=525%2C300&ssl=1 1.5x, https:\/\/i0.wp.com\/bno-travel.com\/wp-content\/uploads\/2025\/06\/AdobeStock_121113275-e1751307052527.jpeg?resize=700%2C400&ssl=1 2x, https:\/\/i0.wp.com\/bno-travel.com\/wp-content\/uploads\/2025\/06\/AdobeStock_121113275-e1751307052527.jpeg?resize=1050%2C600&ssl=1 3x, https:\/\/i0.wp.com\/bno-travel.com\/wp-content\/uploads\/2025\/06\/AdobeStock_121113275-e1751307052527.jpeg?resize=1400%2C800&ssl=1 4x"},"classes":[]},{"id":2870,"url":"https:\/\/bno-travel.com\/pt-pt\/a-tua-viagem\/","url_meta":{"origin":2799,"position":3},"title":"A tua viagem a Trysil e S\u00e4len","author":"Jan Terje \u00c5s","date":"11 de Julho, 2025","format":false,"excerpt":"Encontra o teu lugar preferido A tua viagem a Trysil e S\u00e4len. Est\u00e1s a sonhar com umas f\u00e9rias na montanha em Trysil ou S\u00e4len? A tua viagem com a BNO Travel oferece-te f\u00e9rias seguras e flex\u00edveis para os destinos de desportos de inverno mais populares da Noruega e da Su\u00e9cia.\u2026","rel":"","context":"Similar post","block_context":{"text":"Similar post","link":""},"img":{"alt_text":"Vandring i Trysil Skagsvola - en herlig vandretur for hele familien.","src":"https:\/\/i0.wp.com\/bno-travel.com\/wp-content\/uploads\/2025\/06\/28177379886_c8a50193b0_c.jpg?resize=350%2C200","width":350,"height":200,"srcset":"https:\/\/i0.wp.com\/bno-travel.com\/wp-content\/uploads\/2025\/06\/28177379886_c8a50193b0_c.jpg?resize=350%2C200 1x, https:\/\/i0.wp.com\/bno-travel.com\/wp-content\/uploads\/2025\/06\/28177379886_c8a50193b0_c.jpg?resize=525%2C300 1.5x, https:\/\/i0.wp.com\/bno-travel.com\/wp-content\/uploads\/2025\/06\/28177379886_c8a50193b0_c.jpg?resize=700%2C400 2x"},"classes":[]},{"id":2752,"url":"https:\/\/bno-travel.com\/es\/tu-viaje\/","url_meta":{"origin":2799,"position":4},"title":"Tu viaje a Trysil y S\u00e4len","author":"Jan Terje \u00c5s","date":"11 de Julho, 2025","format":false,"excerpt":"Encuentra tu lugar favorito Tu viaje a Trysil y S\u00e4len. \u00bfSue\u00f1as con unas vacaciones de monta\u00f1a en Trysil o S\u00e4len? Tu viaje con BNO Travel ofrece vacaciones seguras y flexibles a los destinos de deportes de invierno m\u00e1s populares de Noruega y Suecia. Disfruta del esqu\u00ed, la nieve, las experiencias\u2026","rel":"","context":"Similar post","block_context":{"text":"Similar post","link":""},"img":{"alt_text":"Vandring i Trysil Skagsvola - en herlig vandretur for hele familien.","src":"https:\/\/i0.wp.com\/bno-travel.com\/wp-content\/uploads\/2025\/06\/28177379886_c8a50193b0_c.jpg?resize=350%2C200","width":350,"height":200,"srcset":"https:\/\/i0.wp.com\/bno-travel.com\/wp-content\/uploads\/2025\/06\/28177379886_c8a50193b0_c.jpg?resize=350%2C200 1x, https:\/\/i0.wp.com\/bno-travel.com\/wp-content\/uploads\/2025\/06\/28177379886_c8a50193b0_c.jpg?resize=525%2C300 1.5x, https:\/\/i0.wp.com\/bno-travel.com\/wp-content\/uploads\/2025\/06\/28177379886_c8a50193b0_c.jpg?resize=700%2C400 2x"},"classes":[]},{"id":2917,"url":"https:\/\/bno-travel.com\/pt-pt\/descobre-salenfjellet-todo-o-ano-para-os-veraneantes-activos\/","url_meta":{"origin":2799,"position":5},"title":"Descobre S\u00e4lenfjellet - A aventura come\u00e7a aqui","author":"Jan Terje \u00c5s","date":"18 de Julho, 2025","format":false,"excerpt":"Descobre S\u00e4len \u2605\u2605\u2605\u2605\u2605 Aqui encontrar\u00e1s alojamento em S\u00e4len Descobre S\u00e4len e S\u00e4lenfjellet, um destino para todo o ano, que combina uma natureza deslumbrante com uma vasta gama de actividades e experi\u00eancias. Com a BNO TRAVEL, viajar para S\u00e4len \u00e9 f\u00e1cil e confort\u00e1vel - quer procures aventuras de inverno na neve\u2026","rel":"","context":"Similar post","block_context":{"text":"Similar post","link":""},"img":{"alt_text":"","src":"https:\/\/i0.wp.com\/bno-travel.com\/wp-content\/uploads\/2025\/06\/2016JH070404.jpg?resize=350%2C200&ssl=1","width":350,"height":200,"srcset":"https:\/\/i0.wp.com\/bno-travel.com\/wp-content\/uploads\/2025\/06\/2016JH070404.jpg?resize=350%2C200&ssl=1 1x, https:\/\/i0.wp.com\/bno-travel.com\/wp-content\/uploads\/2025\/06\/2016JH070404.jpg?resize=525%2C300&ssl=1 1.5x, https:\/\/i0.wp.com\/bno-travel.com\/wp-content\/uploads\/2025\/06\/2016JH070404.jpg?resize=700%2C400&ssl=1 2x, https:\/\/i0.wp.com\/bno-travel.com\/wp-content\/uploads\/2025\/06\/2016JH070404.jpg?resize=1050%2C600&ssl=1 3x, https:\/\/i0.wp.com\/bno-travel.com\/wp-content\/uploads\/2025\/06\/2016JH070404.jpg?resize=1400%2C800&ssl=1 4x"},"classes":[]}],"_links":{"self":[{"href":"https:\/\/bno-travel.com\/pt-pt\/wp-json\/wp\/v2\/pages\/2799","targetHints":{"allow":["GET"]}}],"collection":[{"href":"https:\/\/bno-travel.com\/pt-pt\/wp-json\/wp\/v2\/pages"}],"about":[{"href":"https:\/\/bno-travel.com\/pt-pt\/wp-json\/wp\/v2\/types\/page"}],"author":[{"embeddable":true,"href":"https:\/\/bno-travel.com\/pt-pt\/wp-json\/wp\/v2\/users\/260013438"}],"replies":[{"embeddable":true,"href":"https:\/\/bno-travel.com\/pt-pt\/wp-json\/wp\/v2\/comments?post=2799"}],"version-history":[{"count":2,"href":"https:\/\/bno-travel.com\/pt-pt\/wp-json\/wp\/v2\/pages\/2799\/revisions"}],"predecessor-version":[{"id":28307,"href":"https:\/\/bno-travel.com\/pt-pt\/wp-json\/wp\/v2\/pages\/2799\/revisions\/28307"}],"wp:attachment":[{"href":"https:\/\/bno-travel.com\/pt-pt\/wp-json\/wp\/v2\/media?parent=2799"}],"curies":[{"name":"wp","href":"https:\/\/api.w.org\/{rel}","templated":true}]}}