{"id":3837,"date":"2025-07-18T20:52:19","date_gmt":"2025-07-18T18:52:19","guid":{"rendered":"https:\/\/bno-travel.com\/?page_id=3837"},"modified":"2025-07-18T20:52:59","modified_gmt":"2025-07-18T18:52:59","slug":"spa-e-banhos-em-salen","status":"publish","type":"page","link":"https:\/\/bno-travel.com\/pt-pt\/spa-e-banhos-em-salen\/","title":{"rendered":"Spa e banhos em S\u00e4len"},"content":{"rendered":"\n<p class=\"wp-block-paragraph\"><\/p>\n\n<div class=\"wp-block-cover alignfull\" style=\"margin-top:0;margin-bottom:0;padding-top:var(--wp--preset--spacing--20);padding-right:var(--wp--preset--spacing--40);padding-bottom:var(--wp--preset--spacing--20);padding-left:var(--wp--preset--spacing--40);min-height:913px;aspect-ratio:unset;\"><img data-recalc-dims=\"1\" fetchpriority=\"high\" decoding=\"async\" width=\"799\" height=\"616\" class=\"wp-block-cover__image-background wp-image-3469 size-full\" alt=\"Spa og bad i Trysil\" src=\"https:\/\/i0.wp.com\/bno-travel.com\/wp-content\/uploads\/2025\/07\/52199820901_706171c188_c.jpg?resize=799%2C616&#038;ssl=1\" style=\"object-position:51% 84%\" data-object-fit=\"cover\" data-object-position=\"51% 84%\" srcset=\"https:\/\/i0.wp.com\/bno-travel.com\/wp-content\/uploads\/2025\/07\/52199820901_706171c188_c.jpg?w=799&amp;ssl=1 799w, https:\/\/i0.wp.com\/bno-travel.com\/wp-content\/uploads\/2025\/07\/52199820901_706171c188_c.jpg?resize=300%2C231&amp;ssl=1 300w, https:\/\/i0.wp.com\/bno-travel.com\/wp-content\/uploads\/2025\/07\/52199820901_706171c188_c.jpg?resize=768%2C592&amp;ssl=1 768w\" sizes=\"(max-width: 799px) 100vw, 799px\" \/><span aria-hidden=\"true\" class=\"wp-block-cover__background has-theme-1-background-color has-background-dim-30 has-background-dim\"><\/span><div class=\"wp-block-cover__inner-container is-layout-flow wp-block-cover-is-layout-flow\">\n<div style=\"height:var(--wp--preset--spacing--50)\" aria-hidden=\"true\" class=\"wp-block-spacer\"><\/div>\n\n\n\n<div style=\"height:var(--wp--preset--spacing--50)\" aria-hidden=\"true\" class=\"wp-block-spacer\"><\/div>\n<\/div><\/div>\n\n<div class=\"wp-block-group alignfull is-style-section-3 is-layout-constrained wp-block-group-is-layout-constrained\" style=\"margin-top:0;margin-bottom:0;padding-top:var(--wp--preset--spacing--40);padding-bottom:var(--wp--preset--spacing--40)\">\n<div class=\"wp-block-columns alignwide are-vertically-aligned-center is-layout-flex wp-container-core-columns-is-layout-d9ad523d wp-block-columns-is-layout-flex\">\n<div class=\"wp-block-column is-vertically-aligned-center is-layout-flow wp-block-column-is-layout-flow\">\n<figure class=\"wp-block-image size-full\"><img data-recalc-dims=\"1\" decoding=\"async\" width=\"799\" height=\"597\" src=\"https:\/\/i0.wp.com\/bno-travel.com\/wp-content\/uploads\/2025\/07\/52200128044_b550a6c33d_c.jpg?resize=799%2C597&#038;ssl=1\" alt=\"\" class=\"wp-image-3443\" style=\"aspect-ratio:3\/4;object-fit:cover\" title=\"t&#xED;tulo\" srcset=\"https:\/\/i0.wp.com\/bno-travel.com\/wp-content\/uploads\/2025\/07\/52200128044_b550a6c33d_c.jpg?w=799&amp;ssl=1 799w, https:\/\/i0.wp.com\/bno-travel.com\/wp-content\/uploads\/2025\/07\/52200128044_b550a6c33d_c.jpg?resize=300%2C224&amp;ssl=1 300w, https:\/\/i0.wp.com\/bno-travel.com\/wp-content\/uploads\/2025\/07\/52200128044_b550a6c33d_c.jpg?resize=768%2C574&amp;ssl=1 768w\" sizes=\"(max-width: 799px) 100vw, 799px\" \/><\/figure>\n<\/div>\n\n\n\n<div class=\"wp-block-column is-vertically-aligned-center is-content-justification-left is-layout-constrained wp-container-core-column-is-layout-b64f6bf5 wp-block-column-is-layout-constrained\">\n<h2 class=\"wp-block-heading\"><strong>Spa e banhos em S\u00e4len - Bem-estar e relaxamento num ambiente de montanha<\/strong><\/h2>\n\n\n\n<p class=\"wp-block-paragraph\">S\u00e4len n\u00e3o \u00e9 apenas esqui, ciclismo e actividades ao ar livre - \u00e9 tamb\u00e9m um destino fant\u00e1stico para quem procura tranquilidade, recupera\u00e7\u00e3o e verdadeira harmonia na montanha. Quer estejas aqui para um fim de semana rom\u00e2ntico, umas f\u00e9rias em fam\u00edlia ou apenas para recarregar as baterias depois de um dia ativo, S\u00e4len oferece experi\u00eancias de spa e de banho para todas as idades e necessidades. <\/p>\n\n\n\n<p class=\"wp-block-paragraph\"><strong>A BNO TRAVEL pode ajudar-te a encontrar alojamento e acesso \u00e0s melhores termas e balne\u00e1rios de S\u00e4len - para uma experi\u00eancia completa e relaxante na montanha.<\/strong><\/p>\n\n\n\n<hr class=\"wp-block-separator has-alpha-channel-opacity\"\/>\n\n\n\n<p class=\"wp-block-paragraph\"><strong>Experium - O maior centro de experi\u00eancias e bem-estar de S\u00e4len<\/strong><\/p>\n\n\n\n<p class=\"wp-block-paragraph\">No centro de Lindvallen encontra-se <strong>o Experium<\/strong>, uma instala\u00e7\u00e3o balnear e de spa completa que \u00e9 um ponto alto para muitos visitantes de S\u00e4len. Combina atividade e relaxamento de uma forma que se adequa a toda a fam\u00edlia: <\/p>\n\n\n\n<ul class=\"wp-block-list\">\n<li>Grande parque aqu\u00e1tico com canal de fluxo, escorregas e piscina para crian\u00e7as<\/li>\n\n\n\n<li>Banheiras de hidromassagem, fontes termais e \u00e1reas de relaxamento<\/li>\n\n\n\n<li><strong>Mundos de sauna<\/strong> com banho turco, sauna seca e duches de aventura<\/li>\n\n\n\n<li>Tratamentos como massagens, tratamentos faciais e envolvimentos corporais<\/li>\n\n\n\n<li>\u00c1rea de spa exclusiva para adultos - perfeita para casais ou grupos de amigos<\/li>\n<\/ul>\n\n\n\n<p class=\"wp-block-paragraph\"><strong>A zona de surf e a piscina de aventura<\/strong> fazem com que este seja um sucesso garantido para as crian\u00e7as, enquanto os adultos podem retirar-se para um ambiente tranquilo com vistas para a montanha.<\/p>\n\n\n\n<p class=\"wp-block-paragraph\"><\/p>\n\n\n\n<p class=\"wp-block-paragraph\"><\/p>\n\n\n\n<p class=\"wp-block-paragraph\"><\/p>\n<\/div>\n<\/div>\n<\/div>\n\n<div class=\"wp-block-group alignfull is-style-default is-content-justification-center is-layout-constrained wp-container-core-group-is-layout-69af11d0 wp-block-group-is-layout-constrained\" style=\"margin-top:0;margin-bottom:0;padding-top:var(--wp--preset--spacing--40);padding-bottom:var(--wp--preset--spacing--40)\"><\/div>\n\n<div class=\"wp-block-group alignfull is-content-justification-center is-layout-constrained wp-block-group-is-layout-constrained\" style=\"margin-top:0;margin-bottom:0;padding-top:var(--wp--preset--spacing--40);padding-bottom:var(--wp--preset--spacing--40)\">\n<div class=\"wp-block-columns alignwide are-vertically-aligned-center is-layout-flex wp-container-core-columns-is-layout-7387b849 wp-block-columns-is-layout-flex\">\n<div class=\"wp-block-column is-vertically-aligned-center is-content-justification-left is-layout-constrained wp-container-core-column-is-layout-b64f6bf5 wp-block-column-is-layout-constrained\">\n<p class=\"wp-block-paragraph\"><strong>Spa em hot\u00e9is e pousadas - tranquilidade nas alturas<\/strong><\/p>\n\n\n\n<p class=\"wp-block-paragraph\">Para al\u00e9m da Experium, v\u00e1rios hot\u00e9is e pousadas em S\u00e4len oferecem as suas pr\u00f3prias \u00e1reas de spa e bem-estar, muitas vezes exclusivamente para os h\u00f3spedes. Aqui podes desfrutar de momentos tranquilos no jacuzzi, sauna e sala de relaxamento - ou reservar massagens e tratamentos para cuidar do corpo e da mente. <\/p>\n\n\n\n<p class=\"wp-block-paragraph\">Este \u00e9 um lugar onde crian\u00e7as e adultos podem divertir-se, independentemente do tempo e da esta\u00e7\u00e3o. Ideal para dias de chuva, dias de descanso ou como atividade nocturna depois de uma caminhada ou de um esqui. <\/p>\n\n\n\n<p class=\"wp-block-paragraph\"><strong>2. SkiStar Lodge Experium S\u00e4len - Spa &amp; Relax<\/strong><\/p>\n\n\n\n<p class=\"wp-block-paragraph\">No SkiStar Lodge, em Lindvallen, encontrar\u00e1s <strong>o Experium Spa<\/strong>, <a href=\"https:\/\/www.skistar.com\/no\/experium\/spa-saunaverd\/\" target=\"_blank\" rel=\"noopener\">um programa de bem-estar mais calmo e exclusivo<\/a> para adultos e casais. Concebido para o relaxamento e a recupera\u00e7\u00e3o, este spa oferece tudo o que precisas para descontrair depois de um dia nas pistas ou nos trilhos. <\/p>\n\n\n\n<p class=\"wp-block-paragraph\">Oferece aqui:<\/p>\n\n\n\n<ul class=\"wp-block-list\">\n<li>\u00c1rea de spa com banheiras de hidromassagem, saunas e zonas de relaxamento aquecidas<\/li>\n\n\n\n<li>Massagens, tratamentos faciais e corporais<\/li>\n\n\n\n<li>Aromaterapia e tratamentos especiais para casais<\/li>\n\n\n\n<li>Zona de relaxamento privada com ilumina\u00e7\u00e3o suave e vista para a montanha<\/li>\n<\/ul>\n\n\n\n<p class=\"wp-block-paragraph\"><strong>O Experium Spa<\/strong> \u00e9 perfeito para casais, grupos de amigos ou para aqueles que querem desfrutar de um momento tranquilo num ambiente luxuoso - no ver\u00e3o ou no inverno.<\/p>\n\n\n\n<p class=\"wp-block-paragraph\"><strong>Actividades de ver\u00e3o e de inverno em S\u00e4len que proporcionam equil\u00edbrio<\/strong><\/p>\n\n\n\n<p class=\"wp-block-paragraph\">S\u00e4len \u00e9 conhecida pela sua vasta gama de actividades - e as experi\u00eancias de spa e de banho proporcionam-te a pausa perfeita entre aventuras. Aqui est\u00e3o algumas sugest\u00f5es do que podes combinar com umas f\u00e9rias no spa em S\u00e4len: <\/p>\n\n\n\n<p class=\"wp-block-paragraph\"><strong>Actividades de inverno que n\u00e3o o esqui alpino:<\/strong><\/p>\n\n\n\n<ul class=\"wp-block-list\">\n<li>Esqui de fundo: Mais de 250 km de pistas preparadas em plena natureza<\/li>\n\n\n\n<li>Andar com raquetes de neve: Explora florestas tranquilas e extens\u00f5es de montanha abertas<\/li>\n\n\n\n<li>Anda de tren\u00f3 puxado por c\u00e3es: Uma viagem m\u00e1gica pela paisagem de inverno<\/li>\n\n\n\n<li>Tren\u00f3 e zonas para crian\u00e7as: Divertimento para toda a fam\u00edlia<\/li>\n\n\n\n<li>Passeios em mota de neve: Aventuras guiadas com velocidade e vistas<\/li>\n<\/ul>\n\n\n\n<p class=\"wp-block-paragraph\"><\/p>\n\n\n\n<ul class=\"wp-block-list\">\n<li><\/li>\n<\/ul>\n<\/div>\n\n\n\n<div class=\"wp-block-column is-vertically-aligned-center is-layout-flow wp-block-column-is-layout-flow\">\n<figure class=\"wp-block-image size-full\"><img data-recalc-dims=\"1\" decoding=\"async\" width=\"800\" height=\"644\" src=\"https:\/\/i0.wp.com\/bno-travel.com\/wp-content\/uploads\/2025\/07\/52200319610_bcc6ac05f8_c.jpg?resize=800%2C644&#038;ssl=1\" alt=\"Spa e banhos em Trysil\" class=\"wp-image-3456\" style=\"aspect-ratio:3\/4;object-fit:cover\" srcset=\"https:\/\/i0.wp.com\/bno-travel.com\/wp-content\/uploads\/2025\/07\/52200319610_bcc6ac05f8_c.jpg?w=800&amp;ssl=1 800w, https:\/\/i0.wp.com\/bno-travel.com\/wp-content\/uploads\/2025\/07\/52200319610_bcc6ac05f8_c.jpg?resize=300%2C242&amp;ssl=1 300w, https:\/\/i0.wp.com\/bno-travel.com\/wp-content\/uploads\/2025\/07\/52200319610_bcc6ac05f8_c.jpg?resize=768%2C618&amp;ssl=1 768w\" sizes=\"(max-width: 800px) 100vw, 800px\" \/><\/figure>\n<\/div>\n<\/div>\n<\/div>\n\n<div class=\"wp-block-group alignfull is-style-default is-content-justification-center is-layout-constrained wp-container-core-group-is-layout-69af11d0 wp-block-group-is-layout-constrained\" style=\"margin-top:0;margin-bottom:0;padding-top:var(--wp--preset--spacing--40);padding-bottom:var(--wp--preset--spacing--40)\">\n<div class=\"wp-block-group alignfull is-content-justification-center is-layout-constrained wp-container-core-group-is-layout-4853c3a7 wp-block-group-is-layout-constrained\" style=\"margin-top:0;margin-bottom:0;padding-top:calc( 0.5 * var(u002du002dwpu002du002dstyleu002du002drootu002du002dpadding-right, var(u002du002dwpu002du002dcustomu002du002dgapu002du002dhorizontal)));padding-right:var(u002du002dwpu002du002dstyleu002du002drootu002du002dpadding-right, var(u002du002dwpu002du002dcustomu002du002dgapu002du002dhorizontal));padding-bottom:calc( 0.5 * var(u002du002dwpu002du002dstyleu002du002drootu002du002dpadding-right, var(u002du002dwpu002du002dcustomu002du002dgapu002du002dhorizontal)));padding-left:var(u002du002dwpu002du002dstyleu002du002drootu002du002dpadding-left, var(u002du002dwpu002du002dcustomu002du002dgapu002du002dhorizontal))\">\n<div style=\"height:calc( 0.25 * var(u002du002dwpu002du002dstyleu002du002drootu002du002dpadding-right, var(u002du002dwpu002du002dcustomu002du002dgapu002du002dhorizontal)))\" aria-hidden=\"true\" class=\"wp-block-spacer\"><\/div>\n\n\n\n<div class=\"wp-block-columns alignwide is-layout-flex wp-container-core-columns-is-layout-7387b849 wp-block-columns-is-layout-flex\">\n<div class=\"wp-block-column is-vertically-aligned-center is-layout-flow wp-block-column-is-layout-flow\">\n<figure class=\"wp-block-image size-full\"><img data-recalc-dims=\"1\" loading=\"lazy\" decoding=\"async\" width=\"467\" height=\"579\" src=\"https:\/\/i0.wp.com\/bno-travel.com\/wp-content\/uploads\/2025\/06\/52200127764_e04c4f3d8d_c-e1751028430750.jpg?resize=467%2C579&#038;ssl=1\" alt=\"Spa e banhos em S&#xE4;len\" class=\"wp-image-2512\" style=\"aspect-ratio:3\/4;object-fit:cover\" srcset=\"https:\/\/i0.wp.com\/bno-travel.com\/wp-content\/uploads\/2025\/06\/52200127764_e04c4f3d8d_c-e1751028430750.jpg?w=467&amp;ssl=1 467w, https:\/\/i0.wp.com\/bno-travel.com\/wp-content\/uploads\/2025\/06\/52200127764_e04c4f3d8d_c-e1751028430750.jpg?resize=242%2C300&amp;ssl=1 242w\" sizes=\"(max-width: 467px) 100vw, 467px\" \/><\/figure>\n<\/div>\n\n\n\n<div class=\"wp-block-column is-vertically-aligned-center is-layout-flow wp-block-column-is-layout-flow\">\n<p class=\"wp-block-paragraph\"><strong>Actividades de ver\u00e3o que se enquadram antes ou depois do spa:<\/strong><\/p>\n\n\n\n<ul class=\"wp-block-list\">\n<li>Trilhos e descidas de bicicleta em Lindvallen e Hundfj\u00e4llet<\/li>\n\n\n\n<li>Golfe no belo campo de S\u00e4lenfj\u00e4llen com vista para a montanha<\/li>\n\n\n\n<li>Caminhadas em H\u00f6gfj\u00e4llet e em Storfj\u00e4llsgraven<\/li>\n\n\n\n<li>Pesca e canoagem em lagos e rios de montanha<\/li>\n\n\n\n<li>Parques de escalada e tirolesas para toda a fam\u00edlia<\/li>\n<\/ul>\n\n\n\n<p class=\"has-text-align-left wp-block-paragraph\"><strong>Reserva as tuas f\u00e9rias com a BNO TRAVEL - Experimenta S\u00e4len com conforto, actividades e bem-estar<\/strong><\/p>\n\n\n\n<p class=\"wp-block-paragraph\">Quer planeies umas f\u00e9rias de inverno activas, uma experi\u00eancia de ver\u00e3o nas montanhas e florestas ou uma pausa de fim de semana relaxante, <strong>a BNO TRAVEL<\/strong> pode ajudar-te a adaptar uma estadia \u00e0s tuas necessidades. Oferecemos solu\u00e7\u00f5es de pacotes completos com alojamento e excelentes sugest\u00f5es de actividades - incluindo spa, bowling, ciclismo, esqui de fundo e muito mais. <\/p>\n\n\n\n<p class=\"wp-block-paragraph\"><strong>Mima-te com uma lufada de ar fresco. Experimenta o spa e os banhos em S\u00e4len - com piscinas quentes, vistas para a montanha e a genu\u00edna tranquilidade da montanha sueca. <\/strong>  Contacta-nos hoje para encontrares o equil\u00edbrio perfeito entre atividade e relaxamento.<\/p>\n\n\n\n<p class=\"wp-block-paragraph\">Quando se trata de <a href=\"https:\/\/bno-travel.com\/pt-pt\/?page_id=2948\">alojamento<\/a> em S\u00e4len, oferecemos-te casas em v\u00e1rias das zonas mais atraentes:<\/p>\n\n\n\n<p class=\"wp-block-paragraph\"><strong>Lindvallen<\/strong><br\/>A zona mais central e animada de S\u00e4len. Aqui estar\u00e1s perto de telef\u00e9ricos, lojas, restaurantes, apr\u00e8s-ski e do centro de aventura Experium com parque aqu\u00e1tico e spa. Perfeito para quem quer estar a uma curta dist\u00e2ncia de tudo e quer combinar esqui, comida e actividades. Os apartamentos e hot\u00e9is de elevado conforto fazem desta uma escolha popular durante todo o ano.   <\/p>\n\n\n\n<p class=\"wp-block-paragraph\"><strong>Tand\u00e5dalen e Hundfj\u00e4llet<\/strong><br\/>Estas zonas oferecem um ambiente mais calmo e uma rede de pistas e de esqui bem desenvolvida. Aqui encontrar\u00e1s muitas cabanas e apartamentos com ski-in\/ski-out, pistas para fam\u00edlias, pistas de esqui de fundo e oportunidades para caminhadas mesmo \u00e0 tua porta. Perfeito para fam\u00edlias com crian\u00e7as e grupos de amigos que querem estar perto da natureza e das actividades.  <\/p>\n\n\n\n<p class=\"wp-block-paragraph\"><strong>H\u00f6gfj\u00e4llet<\/strong><br\/>Uma \u00e1rea de montanha cl\u00e1ssica com cabanas acolhedoras, pistas de esqui de fundo num ambiente c\u00e9nico e a uma curta dist\u00e2ncia de Lindvallen e de terrenos de alta montanha. H\u00f6gfj\u00e4llet \u00e9 ideal se procuras uma verdadeira sensa\u00e7\u00e3o de montanha e um ambiente mais calmo - sem deixar de ter acesso a tudo o que S\u00e4len tem para oferecer. <\/p>\n\n\n\n<p class=\"wp-block-paragraph\"><strong>Contacta-nos hoje para planeares as tuas pr\u00f3ximas f\u00e9rias em S\u00e4len - e n\u00e3o te esque\u00e7as de reservar tempo para relaxar, comer bem e fazer actividades adequadas para toda a fam\u00edlia.<\/strong>  Com a BNO TRAVEL, tens umas f\u00e9rias de montanha \u00e0 tua medida.<\/p>\n<\/div>\n<\/div>\n\n\n\n<div style=\"height:calc( 0.25 * var(u002du002dwpu002du002dstyleu002du002drootu002du002dpadding-right, var(u002du002dwpu002du002dcustomu002du002dgapu002du002dhorizontal)))\" aria-hidden=\"true\" class=\"wp-block-spacer\"><\/div>\n<\/div>\n<\/div>\n\n<div class=\"wp-block-group alignfull is-style-default is-content-justification-center is-layout-constrained wp-container-core-group-is-layout-cdf99998 wp-block-group-is-layout-constrained\" style=\"margin-top:0;margin-bottom:0;padding-top:var(--wp--preset--spacing--40);padding-bottom:var(--wp--preset--spacing--40)\"><\/div>\n\n<p class=\"wp-block-paragraph\"><\/p>\n","protected":false},"excerpt":{"rendered":"<p>Spa e banhos em S\u00e4len - Bem-estar e relaxamento num ambiente de montanha S\u00e4len n\u00e3o \u00e9 apenas esqui, ciclismo e actividades ao ar livre - \u00e9 tamb\u00e9m um destino fant\u00e1stico para quem procura tranquilidade, recupera\u00e7\u00e3o e verdadeira harmonia na montanha. Quer estejas aqui para um fim de semana rom\u00e2ntico, umas f\u00e9rias em fam\u00edlia ou apenas [&hellip;]<\/p>\n","protected":false},"author":260013438,"featured_media":0,"parent":0,"menu_order":0,"comment_status":"closed","ping_status":"closed","template":"","meta":{"_crdt_document":"","footnotes":""},"class_list":["post-3837","page","type-page","status-publish","hentry"],"jetpack_likes_enabled":true,"jetpack_sharing_enabled":true,"jetpack_shortlink":"https:\/\/wp.me\/PgDuwj-ZT","jetpack-related-posts":[{"id":4055,"url":"https:\/\/bno-travel.com\/pt-pt\/spa-e-banhos-em-trysil\/","url_meta":{"origin":3837,"position":0},"title":"Spa e banhos em Trysil","author":"Jan Terje \u00c5s","date":"18 de Julho, 2025","format":false,"excerpt":"Spa e banho em Trysil - Relaxamento e bem-estar nas montanhas Trysil n\u00e3o \u00e9 apenas para aqueles que procuram velocidade e emo\u00e7\u00e3o - \u00e9 tamb\u00e9m um destino para aqueles que procuram tranquilidade, bem-estar e o genu\u00edno aconchego da montanha. Com uma boa sele\u00e7\u00e3o de experi\u00eancias de spa e de banho\u2026","rel":"","context":"Similar post","block_context":{"text":"Similar post","link":""},"img":{"alt_text":"Spa og bad i Trysil","src":"https:\/\/i0.wp.com\/bno-travel.com\/wp-content\/uploads\/2025\/07\/52199820901_706171c188_c.jpg?resize=350%2C200&ssl=1","width":350,"height":200,"srcset":"https:\/\/i0.wp.com\/bno-travel.com\/wp-content\/uploads\/2025\/07\/52199820901_706171c188_c.jpg?resize=350%2C200&ssl=1 1x, https:\/\/i0.wp.com\/bno-travel.com\/wp-content\/uploads\/2025\/07\/52199820901_706171c188_c.jpg?resize=525%2C300&ssl=1 1.5x, https:\/\/i0.wp.com\/bno-travel.com\/wp-content\/uploads\/2025\/07\/52199820901_706171c188_c.jpg?resize=700%2C400&ssl=1 2x"},"classes":[]},{"id":2917,"url":"https:\/\/bno-travel.com\/pt-pt\/descobre-salenfjellet-todo-o-ano-para-os-veraneantes-activos\/","url_meta":{"origin":3837,"position":1},"title":"Descobre S\u00e4lenfjellet - A aventura come\u00e7a aqui","author":"Jan Terje \u00c5s","date":"18 de Julho, 2025","format":false,"excerpt":"Descobre S\u00e4len \u2605\u2605\u2605\u2605\u2605 Aqui encontrar\u00e1s alojamento em S\u00e4len Descobre S\u00e4len e S\u00e4lenfjellet, um destino para todo o ano, que combina uma natureza deslumbrante com uma vasta gama de actividades e experi\u00eancias. Com a BNO TRAVEL, viajar para S\u00e4len \u00e9 f\u00e1cil e confort\u00e1vel - quer procures aventuras de inverno na neve\u2026","rel":"","context":"Similar post","block_context":{"text":"Similar post","link":""},"img":{"alt_text":"","src":"https:\/\/i0.wp.com\/bno-travel.com\/wp-content\/uploads\/2025\/06\/2016JH070404.jpg?resize=350%2C200&ssl=1","width":350,"height":200,"srcset":"https:\/\/i0.wp.com\/bno-travel.com\/wp-content\/uploads\/2025\/06\/2016JH070404.jpg?resize=350%2C200&ssl=1 1x, https:\/\/i0.wp.com\/bno-travel.com\/wp-content\/uploads\/2025\/06\/2016JH070404.jpg?resize=525%2C300&ssl=1 1.5x, https:\/\/i0.wp.com\/bno-travel.com\/wp-content\/uploads\/2025\/06\/2016JH070404.jpg?resize=700%2C400&ssl=1 2x, https:\/\/i0.wp.com\/bno-travel.com\/wp-content\/uploads\/2025\/06\/2016JH070404.jpg?resize=1050%2C600&ssl=1 3x, https:\/\/i0.wp.com\/bno-travel.com\/wp-content\/uploads\/2025\/06\/2016JH070404.jpg?resize=1400%2C800&ssl=1 4x"},"classes":[]},{"id":3859,"url":"https:\/\/bno-travel.com\/pt-pt\/bowling-em-salen\/","url_meta":{"origin":3837,"position":2},"title":"Bowling em S\u00e4len","author":"Jan Terje \u00c5s","date":"18 de Julho, 2025","format":false,"excerpt":"Bowling em S\u00e4len - Actividades divertidas para toda a fam\u00edlia, durante todo o ano O bowling \u00e9 uma atividade soci\u00e1vel e familiar que constitui a pausa perfeita entre o esqui, o ciclismo ou as caminhadas - e em S\u00e4len encontrar\u00e1s uma moderna pista de bowling no centro de Lindvallen. Tanto\u2026","rel":"","context":"Similar post","block_context":{"text":"Similar post","link":""},"img":{"alt_text":"Bowling i S\u00e4len","src":"https:\/\/i0.wp.com\/bno-travel.com\/wp-content\/uploads\/2025\/07\/bowling-salen-experium-aktiviteter-1.jpg?resize=350%2C200&ssl=1","width":350,"height":200,"srcset":"https:\/\/i0.wp.com\/bno-travel.com\/wp-content\/uploads\/2025\/07\/bowling-salen-experium-aktiviteter-1.jpg?resize=350%2C200&ssl=1 1x, https:\/\/i0.wp.com\/bno-travel.com\/wp-content\/uploads\/2025\/07\/bowling-salen-experium-aktiviteter-1.jpg?resize=525%2C300&ssl=1 1.5x"},"classes":[]},{"id":3889,"url":"https:\/\/bno-travel.com\/pt-pt\/restaurantes-em-salen\/","url_meta":{"origin":3837,"position":3},"title":"Restaurantes em S\u00e4len","author":"Jan Terje \u00c5s","date":"18 de Julho, 2025","format":false,"excerpt":"Restaurantes em S\u00e4len - Experi\u00eancias saborosas durante todo o ano S\u00e4len \u00e9 conhecida pelas suas fant\u00e1sticas oportunidades para esquiar e andar de bicicleta, mas o destino tamb\u00e9m oferece uma sele\u00e7\u00e3o variada e saborosa de restaurantes, caf\u00e9s e lanchonetes - durante todo o ano. Quer visites S\u00e4len no inverno ou no\u2026","rel":"","context":"Similar post","block_context":{"text":"Similar post","link":""},"img":{"alt_text":"Restauranter i S\u00e4len","src":"https:\/\/i0.wp.com\/bno-travel.com\/wp-content\/uploads\/2025\/07\/AdobeStock_206047084.jpeg?resize=350%2C200&ssl=1","width":350,"height":200,"srcset":"https:\/\/i0.wp.com\/bno-travel.com\/wp-content\/uploads\/2025\/07\/AdobeStock_206047084.jpeg?resize=350%2C200&ssl=1 1x, https:\/\/i0.wp.com\/bno-travel.com\/wp-content\/uploads\/2025\/07\/AdobeStock_206047084.jpeg?resize=525%2C300&ssl=1 1.5x, https:\/\/i0.wp.com\/bno-travel.com\/wp-content\/uploads\/2025\/07\/AdobeStock_206047084.jpeg?resize=700%2C400&ssl=1 2x, https:\/\/i0.wp.com\/bno-travel.com\/wp-content\/uploads\/2025\/07\/AdobeStock_206047084.jpeg?resize=1050%2C600&ssl=1 3x, https:\/\/i0.wp.com\/bno-travel.com\/wp-content\/uploads\/2025\/07\/AdobeStock_206047084.jpeg?resize=1400%2C800&ssl=1 4x"},"classes":[]},{"id":4039,"url":"https:\/\/bno-travel.com\/pt-pt\/esqui-de-fundo-em-salen\/","url_meta":{"origin":3837,"position":4},"title":"Esqui de fundo em S\u00e4len","author":"Jan Terje \u00c5s","date":"18 de Julho, 2025","format":false,"excerpt":"Esqui de fundo em S\u00e4len - Experimenta o para\u00edso do esqui de fundo mais atmosf\u00e9rico da Su\u00e9cia Bem-vindo a S\u00e4len - um dos destinos de esqui de fundo mais tradicionais e populares da Su\u00e9cia! Com quil\u00f3metros de pistas preparadas, percursos variados atrav\u00e9s de extens\u00f5es montanhosas abertas e florestas m\u00e1gicas, \u00e1reas\u2026","rel":"","context":"Similar post","block_context":{"text":"Similar post","link":""},"img":{"alt_text":"Langrenn i Salen","src":"https:\/\/i0.wp.com\/bno-travel.com\/wp-content\/uploads\/2025\/07\/AdobeStock_191977886.jpeg?resize=350%2C200&ssl=1","width":350,"height":200,"srcset":"https:\/\/i0.wp.com\/bno-travel.com\/wp-content\/uploads\/2025\/07\/AdobeStock_191977886.jpeg?resize=350%2C200&ssl=1 1x, https:\/\/i0.wp.com\/bno-travel.com\/wp-content\/uploads\/2025\/07\/AdobeStock_191977886.jpeg?resize=525%2C300&ssl=1 1.5x, https:\/\/i0.wp.com\/bno-travel.com\/wp-content\/uploads\/2025\/07\/AdobeStock_191977886.jpeg?resize=700%2C400&ssl=1 2x, https:\/\/i0.wp.com\/bno-travel.com\/wp-content\/uploads\/2025\/07\/AdobeStock_191977886.jpeg?resize=1050%2C600&ssl=1 3x, https:\/\/i0.wp.com\/bno-travel.com\/wp-content\/uploads\/2025\/07\/AdobeStock_191977886.jpeg?resize=1400%2C800&ssl=1 4x"},"classes":[]},{"id":3987,"url":"https:\/\/bno-travel.com\/pt-pt\/golfe-em-salen\/","url_meta":{"origin":3837,"position":5},"title":"Golfe em S\u00e4len","author":"Jan Terje \u00c5s","date":"18 de Julho, 2025","format":false,"excerpt":"Golfe em S\u00e4len - Joga com vista para as montanhas, pinhais e ar fresco da montanha Bem-vindo a S\u00e4len - um destino de golfe surpreendentemente completo nas montanhas, onde podes combinar experi\u00eancias na natureza com golfe num ambiente maravilhoso. Aqui podes jogar em campos bem conservados, rodeados por florestas, rios\u2026","rel":"","context":"Similar post","block_context":{"text":"Similar post","link":""},"img":{"alt_text":"","src":"https:\/\/i0.wp.com\/bno-travel.com\/wp-content\/uploads\/2025\/07\/2016JH106088.jpg?resize=350%2C200&ssl=1","width":350,"height":200,"srcset":"https:\/\/i0.wp.com\/bno-travel.com\/wp-content\/uploads\/2025\/07\/2016JH106088.jpg?resize=350%2C200&ssl=1 1x, https:\/\/i0.wp.com\/bno-travel.com\/wp-content\/uploads\/2025\/07\/2016JH106088.jpg?resize=525%2C300&ssl=1 1.5x, https:\/\/i0.wp.com\/bno-travel.com\/wp-content\/uploads\/2025\/07\/2016JH106088.jpg?resize=700%2C400&ssl=1 2x, https:\/\/i0.wp.com\/bno-travel.com\/wp-content\/uploads\/2025\/07\/2016JH106088.jpg?resize=1050%2C600&ssl=1 3x, https:\/\/i0.wp.com\/bno-travel.com\/wp-content\/uploads\/2025\/07\/2016JH106088.jpg?resize=1400%2C800&ssl=1 4x"},"classes":[]}],"_links":{"self":[{"href":"https:\/\/bno-travel.com\/pt-pt\/wp-json\/wp\/v2\/pages\/3837","targetHints":{"allow":["GET"]}}],"collection":[{"href":"https:\/\/bno-travel.com\/pt-pt\/wp-json\/wp\/v2\/pages"}],"about":[{"href":"https:\/\/bno-travel.com\/pt-pt\/wp-json\/wp\/v2\/types\/page"}],"author":[{"embeddable":true,"href":"https:\/\/bno-travel.com\/pt-pt\/wp-json\/wp\/v2\/users\/260013438"}],"replies":[{"embeddable":true,"href":"https:\/\/bno-travel.com\/pt-pt\/wp-json\/wp\/v2\/comments?post=3837"}],"version-history":[{"count":2,"href":"https:\/\/bno-travel.com\/pt-pt\/wp-json\/wp\/v2\/pages\/3837\/revisions"}],"predecessor-version":[{"id":5398,"href":"https:\/\/bno-travel.com\/pt-pt\/wp-json\/wp\/v2\/pages\/3837\/revisions\/5398"}],"wp:attachment":[{"href":"https:\/\/bno-travel.com\/pt-pt\/wp-json\/wp\/v2\/media?parent=3837"}],"curies":[{"name":"wp","href":"https:\/\/api.w.org\/{rel}","templated":true}]}}