{"id":3915,"date":"2025-07-18T20:35:21","date_gmt":"2025-07-18T18:35:21","guid":{"rendered":"https:\/\/bno-travel.com\/?page_id=3915"},"modified":"2025-07-18T20:36:02","modified_gmt":"2025-07-18T18:36:02","slug":"parque-de-escalada-em-salen","status":"publish","type":"page","link":"https:\/\/bno-travel.com\/pt-pt\/parque-de-escalada-em-salen\/","title":{"rendered":"Parque de escalada em S\u00e4len"},"content":{"rendered":"\n<p class=\"wp-block-paragraph\"><\/p>\n\n<div class=\"wp-block-cover alignfull\" style=\"margin-top:0;margin-bottom:0;padding-top:var(--wp--preset--spacing--20);padding-right:var(--wp--preset--spacing--40);padding-bottom:var(--wp--preset--spacing--20);padding-left:var(--wp--preset--spacing--40);min-height:917px;aspect-ratio:unset;\"><img data-recalc-dims=\"1\" fetchpriority=\"high\" decoding=\"async\" width=\"800\" height=\"534\" class=\"wp-block-cover__image-background wp-image-2239 size-full\" alt=\"\" src=\"https:\/\/i0.wp.com\/bno-travel.com\/wp-content\/uploads\/2025\/06\/43124442155_8f90996eef_c.jpg?resize=800%2C534&#038;ssl=1\" style=\"object-position:54% 56%\" data-object-fit=\"cover\" data-object-position=\"54% 56%\" srcset=\"https:\/\/i0.wp.com\/bno-travel.com\/wp-content\/uploads\/2025\/06\/43124442155_8f90996eef_c.jpg?w=800&amp;ssl=1 800w, https:\/\/i0.wp.com\/bno-travel.com\/wp-content\/uploads\/2025\/06\/43124442155_8f90996eef_c.jpg?resize=300%2C200&amp;ssl=1 300w, https:\/\/i0.wp.com\/bno-travel.com\/wp-content\/uploads\/2025\/06\/43124442155_8f90996eef_c.jpg?resize=768%2C513&amp;ssl=1 768w\" sizes=\"(max-width: 800px) 100vw, 800px\" \/><span aria-hidden=\"true\" class=\"wp-block-cover__background has-theme-1-background-color has-background-dim-30 has-background-dim\"><\/span><div class=\"wp-block-cover__inner-container is-layout-flow wp-block-cover-is-layout-flow\">\n<div style=\"height:var(--wp--preset--spacing--50)\" aria-hidden=\"true\" class=\"wp-block-spacer\"><\/div>\n\n\n\n<div style=\"height:var(--wp--preset--spacing--50)\" aria-hidden=\"true\" class=\"wp-block-spacer\"><\/div>\n<\/div><\/div>\n\n<div class=\"wp-block-group alignfull is-style-section-3 is-layout-constrained wp-block-group-is-layout-constrained\" style=\"margin-top:0;margin-bottom:0;padding-top:var(--wp--preset--spacing--40);padding-bottom:var(--wp--preset--spacing--40)\">\n<div class=\"wp-block-columns alignwide are-vertically-aligned-center is-layout-flex wp-container-core-columns-is-layout-d9ad523d wp-block-columns-is-layout-flex\">\n<div class=\"wp-block-column is-vertically-aligned-center is-layout-flow wp-block-column-is-layout-flow\">\n<figure class=\"wp-block-image size-full\"><img data-recalc-dims=\"1\" decoding=\"async\" width=\"800\" height=\"534\" src=\"https:\/\/i0.wp.com\/bno-travel.com\/wp-content\/uploads\/2025\/06\/43311668904_2a700093da_c.jpg?resize=800%2C534&#038;ssl=1\" alt=\"Parque de escalada em S&#xE4;len\" class=\"wp-image-2434\" style=\"aspect-ratio:3\/4;object-fit:cover\" title=\"t&#xED;tulo\" srcset=\"https:\/\/i0.wp.com\/bno-travel.com\/wp-content\/uploads\/2025\/06\/43311668904_2a700093da_c.jpg?w=800&amp;ssl=1 800w, https:\/\/i0.wp.com\/bno-travel.com\/wp-content\/uploads\/2025\/06\/43311668904_2a700093da_c.jpg?resize=300%2C200&amp;ssl=1 300w, https:\/\/i0.wp.com\/bno-travel.com\/wp-content\/uploads\/2025\/06\/43311668904_2a700093da_c.jpg?resize=768%2C513&amp;ssl=1 768w\" sizes=\"(max-width: 800px) 100vw, 800px\" \/><\/figure>\n<\/div>\n\n\n\n<div class=\"wp-block-column is-vertically-aligned-center is-content-justification-left is-layout-constrained wp-container-core-column-is-layout-b64f6bf5 wp-block-column-is-layout-constrained\">\n<p class=\"wp-block-paragraph\"><\/p>\n\n\n\n<h2 class=\"wp-block-heading\"><strong>Parque de escalada em S\u00e4len - Emo\u00e7\u00e3o, mestria e divers\u00e3o para toda a fam\u00edlia<\/strong><\/h2>\n\n\n\n<p class=\"wp-block-paragraph\">Bem-vindo ao <a href=\"https:\/\/www.skistar.com\/sv\/vara-skidorter\/salen\/sommar-i-salen\/aktiviteter\/klatterpark\/\" target=\"_blank\" rel=\"noopener\"><strong>H\u00f6gt &amp; L\u00e5gt S\u00e4len<\/strong>, um parque de escalada moderno e familiar<\/a>, maravilhosamente situado junto a Svansj\u00f6n, em Lindvallen. Aqui encontrar\u00e1s tirolesas a\u00e9reas, emocionantes percursos de obst\u00e1culos nas \u00e1rvores e desafios para crian\u00e7as, adolescentes, adultos e aventureiros \u00e0 procura de adrenalina. <\/p>\n\n\n\n<p class=\"wp-block-paragraph\">Com a <strong>BNO TRAVEL<\/strong>, podes planear e reservar facilmente umas f\u00e9rias activas em S\u00e4len, onde o parque de escalada ser\u00e1 um destaque natural - quer viajes com a fam\u00edlia, amigos ou numa viagem de empresa.<\/p>\n\n\n\n<p class=\"wp-block-paragraph\"><strong>Uma experi\u00eancia para todas as idades<\/strong><\/p>\n\n\n\n<p class=\"wp-block-paragraph\">O parque de escalada em S\u00e4len tem percursos adequados para crian\u00e7as a partir dos 3 anos (a partir de uma altura de 80 cm) e v\u00e1rios percursos para jovens e adultos que querem mais emo\u00e7\u00e3o e desafios mais elevados. Combina mestria, movimento e experi\u00eancia na natureza de uma forma segura e divertida. <\/p>\n\n\n\n<p class=\"wp-block-paragraph\">Esta \u00e9 uma atividade ideal para:<\/p>\n\n\n\n<ul class=\"wp-block-list\">\n<li>F\u00e9rias em fam\u00edlia<\/li>\n\n\n\n<li>Teambuilding e viagens de neg\u00f3cios<\/li>\n\n\n\n<li>Grupos de amigos e despedidas de solteiro<\/li>\n\n\n\n<li>Casais activos e viajantes individuais<\/li>\n<\/ul>\n\n\n\n<p class=\"wp-block-paragraph\">Escalar em conjunto, desafiando os teus pr\u00f3prios limites e experimentando o dom\u00ednio das alturas, proporciona companheirismo e boas recorda\u00e7\u00f5es. O parque de escalada em S\u00e4len \u00e9 obrigat\u00f3rio para quem procura uma experi\u00eancia de ver\u00e3o ativa nas montanhas, com grandes recorda\u00e7\u00f5es e camaradagem genu\u00edna.<\/p>\n<\/div>\n<\/div>\n<\/div>\n\n<div class=\"wp-block-group alignfull is-style-default is-content-justification-center is-layout-constrained wp-container-core-group-is-layout-69af11d0 wp-block-group-is-layout-constrained\" style=\"margin-top:0;margin-bottom:0;padding-top:var(--wp--preset--spacing--40);padding-bottom:var(--wp--preset--spacing--40)\">\n<div class=\"wp-block-group alignwide is-content-justification-left is-layout-constrained wp-container-core-group-is-layout-54d22900 wp-block-group-is-layout-constrained\"><\/div>\n<\/div>\n\n<div class=\"wp-block-group alignfull is-content-justification-center is-layout-constrained wp-block-group-is-layout-constrained\" style=\"margin-top:0;margin-bottom:0;padding-top:var(--wp--preset--spacing--40);padding-bottom:var(--wp--preset--spacing--40)\">\n<div class=\"wp-block-columns alignwide are-vertically-aligned-center is-layout-flex wp-container-core-columns-is-layout-7387b849 wp-block-columns-is-layout-flex\">\n<div class=\"wp-block-column is-vertically-aligned-center is-content-justification-left is-layout-constrained wp-container-core-column-is-layout-b64f6bf5 wp-block-column-is-layout-constrained\">\n<h2 class=\"wp-block-heading has-xx-large-font-size\"><strong>Factos sobre o parque de escalada em S\u00e4len<\/strong><\/h2>\n\n\n\n<p class=\"wp-block-paragraph\">O parque de escalada em S\u00e4len tem uma localiza\u00e7\u00e3o id\u00edlica junto a Svansj\u00f6n, em Lindvallen, mesmo no cora\u00e7\u00e3o das montanhas de S\u00e4len. O parque faz parte da vasta gama de actividades de ver\u00e3o e outono do SkiStar e oferece uma combina\u00e7\u00e3o emocionante de natureza, atividade f\u00edsica e mestria para toda a fam\u00edlia. Aqui encontrar\u00e1s:  <\/p>\n\n\n\n<ul class=\"wp-block-list\">\n<li>Mais de <strong>75 obst\u00e1culos e actividades<\/strong> em altura<\/li>\n\n\n\n<li><strong>9 vias de escalada diferentes<\/strong>, adaptadas a diferentes alturas, idades e n\u00edveis de habilidade<\/li>\n\n\n\n<li><strong>11 tirolesas<\/strong>, incluindo tr\u00eas que pairam sobre a \u00e1gua<\/li>\n\n\n\n<li><strong>Trilhos<\/strong> dedicados para <strong>crian\u00e7as a partir de 80 cm de altura<\/strong> e percursos mais exigentes para escaladores experientes<\/li>\n\n\n\n<li>Foco na seguran\u00e7a com <strong>arneses<\/strong> modernos <strong>e sistema de fixa\u00e7\u00e3o cont\u00ednua<\/strong><\/li>\n\n\n\n<li>Instala\u00e7\u00f5es como <strong>p\u00e1tios, bancos e zonas de piquenique<\/strong> junto ao lago<\/li>\n<\/ul>\n\n\n\n<p class=\"wp-block-paragraph\">O parque est\u00e1 cuidadosamente classificado por n\u00edvel de dificuldade, para que todos - desde as crian\u00e7as mais pequenas at\u00e9 aos adultos com experi\u00eancia em escalada - possam encontrar desafios adequados. Podes come\u00e7ar pelos percursos verdes mais f\u00e1ceis e ir subindo at\u00e9 aos percursos azuis, vermelhos e pretos para obteres o m\u00e1ximo de altura e emo\u00e7\u00e3o. <\/p>\n\n\n\n<p class=\"wp-block-paragraph\"><strong>Dicas extra: Vive o ver\u00e3o em S\u00e4len<\/strong><\/p>\n\n\n\n<p class=\"wp-block-paragraph\">O parque de escalada \u00e9 apenas uma das muitas actividades de ver\u00e3o em S\u00e4len! Quando estiveres aqui, podes tamb\u00e9m explorar caminhadas, ciclismo, canoagem e pesca - tudo num belo cen\u00e1rio montanhoso sueco. Para quem procura umas f\u00e9rias activas com ritmo e tranquilidade, S\u00e4len oferece um vasto leque de experi\u00eancias.  <\/p>\n<\/div>\n\n\n\n<div class=\"wp-block-column is-vertically-aligned-center is-layout-flow wp-block-column-is-layout-flow\">\n<figure class=\"wp-block-image size-full\"><img data-recalc-dims=\"1\" decoding=\"async\" width=\"800\" height=\"534\" src=\"https:\/\/i0.wp.com\/bno-travel.com\/wp-content\/uploads\/2025\/06\/43124440865_479eca7e07_c.jpg?resize=800%2C534&#038;ssl=1\" alt=\"Parque de escalada em Trysil\" class=\"wp-image-2421\" style=\"aspect-ratio:3\/4;object-fit:cover\" srcset=\"https:\/\/i0.wp.com\/bno-travel.com\/wp-content\/uploads\/2025\/06\/43124440865_479eca7e07_c.jpg?w=800&amp;ssl=1 800w, https:\/\/i0.wp.com\/bno-travel.com\/wp-content\/uploads\/2025\/06\/43124440865_479eca7e07_c.jpg?resize=300%2C200&amp;ssl=1 300w, https:\/\/i0.wp.com\/bno-travel.com\/wp-content\/uploads\/2025\/06\/43124440865_479eca7e07_c.jpg?resize=768%2C513&amp;ssl=1 768w\" sizes=\"(max-width: 800px) 100vw, 800px\" \/><\/figure>\n<\/div>\n<\/div>\n<\/div>\n\n<div class=\"wp-block-group alignfull is-style-default is-content-justification-center is-layout-constrained wp-container-core-group-is-layout-69af11d0 wp-block-group-is-layout-constrained\" style=\"margin-top:0;margin-bottom:0;padding-top:var(--wp--preset--spacing--40);padding-bottom:var(--wp--preset--spacing--40)\">\n<div class=\"wp-block-group alignfull is-content-justification-center is-layout-constrained wp-container-core-group-is-layout-4853c3a7 wp-block-group-is-layout-constrained\" style=\"margin-top:0;margin-bottom:0;padding-top:calc( 0.5 * var(u002du002dwpu002du002dstyleu002du002drootu002du002dpadding-right, var(u002du002dwpu002du002dcustomu002du002dgapu002du002dhorizontal)));padding-right:var(u002du002dwpu002du002dstyleu002du002drootu002du002dpadding-right, var(u002du002dwpu002du002dcustomu002du002dgapu002du002dhorizontal));padding-bottom:calc( 0.5 * var(u002du002dwpu002du002dstyleu002du002drootu002du002dpadding-right, var(u002du002dwpu002du002dcustomu002du002dgapu002du002dhorizontal)));padding-left:var(u002du002dwpu002du002dstyleu002du002drootu002du002dpadding-left, var(u002du002dwpu002du002dcustomu002du002dgapu002du002dhorizontal))\">\n<div style=\"height:calc( 0.25 * var(u002du002dwpu002du002dstyleu002du002drootu002du002dpadding-right, var(u002du002dwpu002du002dcustomu002du002dgapu002du002dhorizontal)))\" aria-hidden=\"true\" class=\"wp-block-spacer\"><\/div>\n\n\n\n<div class=\"wp-block-columns alignwide is-layout-flex wp-container-core-columns-is-layout-7387b849 wp-block-columns-is-layout-flex\">\n<div class=\"wp-block-column is-vertically-aligned-center is-layout-flow wp-block-column-is-layout-flow\">\n<figure class=\"wp-block-image size-full\"><img data-recalc-dims=\"1\" loading=\"lazy\" decoding=\"async\" width=\"800\" height=\"534\" src=\"https:\/\/i0.wp.com\/bno-travel.com\/wp-content\/uploads\/2025\/07\/20D.jpg?resize=800%2C534&#038;ssl=1\" alt=\"Alojamento, onde se hospedar em S&#xE4;len\" class=\"wp-image-5262\" style=\"aspect-ratio:3\/4;object-fit:cover\" srcset=\"https:\/\/i0.wp.com\/bno-travel.com\/wp-content\/uploads\/2025\/07\/20D.jpg?w=1200&amp;ssl=1 1200w, https:\/\/i0.wp.com\/bno-travel.com\/wp-content\/uploads\/2025\/07\/20D.jpg?resize=300%2C200&amp;ssl=1 300w, https:\/\/i0.wp.com\/bno-travel.com\/wp-content\/uploads\/2025\/07\/20D.jpg?resize=1024%2C684&amp;ssl=1 1024w, https:\/\/i0.wp.com\/bno-travel.com\/wp-content\/uploads\/2025\/07\/20D.jpg?resize=768%2C513&amp;ssl=1 768w\" sizes=\"(max-width: 800px) 100vw, 800px\" \/><\/figure>\n<\/div>\n\n\n\n<div class=\"wp-block-column is-vertically-aligned-center is-layout-flow wp-block-column-is-layout-flow\">\n<p class=\"has-text-align-left wp-block-paragraph\"><strong>Estas actividades combinam a experi\u00eancia da natureza, a adrenalina e o relaxamento de uma forma \u00fanica.<\/strong><\/p>\n\n\n\n<p class=\"wp-block-paragraph\"><strong>Alojamento em S\u00e4len - fica perto das actividades<\/strong><\/p>\n\n\n\n<p class=\"wp-block-paragraph\"><strong>A BNO TRAVEL<\/strong> oferece-te uma grande variedade de <a href=\"https:\/\/bno-travel.com\/pt-pt\/alojamento\/\">alojamentos <\/a>em S\u00e4len, localizados em Lindvallen, H\u00f6gfj\u00e4llet, Tand\u00e5dalen e Hundfj\u00e4llet e arredores. Aqui podes escolher entre: <\/p>\n\n\n\n<ul class=\"wp-block-list\">\n<li>Cabanas e apartamentos modernos com um elevado n\u00edvel de qualidade e a uma curta dist\u00e2ncia do parque de escalada<\/li>\n\n\n\n<li>Unidades familiares com muito espa\u00e7o e comodidades pr\u00e1ticas<\/li>\n\n\n\n<li>Alojamento num ambiente tranquilo - perto de montanhas, \u00e1gua e oportunidades para caminhadas<\/li>\n<\/ul>\n\n\n\n<p class=\"wp-block-paragraph\">Todas as op\u00e7\u00f5es de alojamento d\u00e3o-te acesso f\u00e1cil a experi\u00eancias na natureza, trilhos para caminhadas, ciclovias e \u00e1reas de atividade. Com a nossa ajuda, encontrar\u00e1s o local que melhor se adapta a ti - quer procures um elevado n\u00edvel de conforto, uma op\u00e7\u00e3o econ\u00f3mica ou algo interm\u00e9dio. Os pre\u00e7os durante a \u00e9poca de ver\u00e3o s\u00e3o frequentemente muito favor\u00e1veis, tornando <strong>S\u00e4len uma escolha acess\u00edvel para f\u00e9rias activas<\/strong>.  <\/p>\n\n\n\n<p class=\"wp-block-paragraph\">Uma dica extra: Traz a tua bicicleta e as tuas botas de caminhada - a \u00e1rea oferece in\u00fameras oportunidades para caminhadas tanto de lazer como desafiantes na bela natureza montanhosa sueca.<\/p>\n\n\n\n<p class=\"wp-block-paragraph\"><strong>Planeia as tuas f\u00e9rias activas com a BNO TRAVEL<\/strong><\/p>\n\n\n\n<p class=\"wp-block-paragraph\">Com a <strong>BNO TRAVEL<\/strong>, podes facilmente criar umas f\u00e9rias repletas de atividade, natureza e grandes experi\u00eancias. N\u00f3s ajudamos-te com: <\/p>\n\n\n\n<ul class=\"wp-block-list\">\n<li>Reserva do parque de escalada e de outras actividades na zona<\/li>\n\n\n\n<li>Alojamento em toda a regi\u00e3o de S\u00e4len<\/li>\n\n\n\n<li>Dicas para refei\u00e7\u00f5es, excurs\u00f5es e destaques locais<\/li>\n\n\n\n<li>Conhecimento local e servi\u00e7o personalizado antes e durante a tua estadia<\/li>\n<\/ul>\n\n\n\n<p class=\"wp-block-paragraph\">S\u00e4len \u00e9 muito mais do que um centro de desportos de inverno - \u00e9 um destino para todo o ano, onde a natureza, as actividades e as experi\u00eancias familiares se encontram. Quer queiras escalar as copas das \u00e1rvores, nadar em lagos de montanha, andar de bicicleta em trilhos ou apenas desfrutar da paz e tranquilidade do ar da montanha, vais encontr\u00e1-lo aqui. <\/p>\n<\/div>\n<\/div>\n\n\n\n<div style=\"height:calc( 0.25 * var(u002du002dwpu002du002dstyleu002du002drootu002du002dpadding-right, var(u002du002dwpu002du002dcustomu002du002dgapu002du002dhorizontal)))\" aria-hidden=\"true\" class=\"wp-block-spacer\"><\/div>\n<\/div>\n\n\n\n<div class=\"wp-block-group alignwide is-content-justification-left is-layout-constrained wp-container-core-group-is-layout-54d22900 wp-block-group-is-layout-constrained\"><\/div>\n<\/div>\n\n<div class=\"wp-block-group alignfull is-style-default is-content-justification-center is-layout-constrained wp-container-core-group-is-layout-cdf99998 wp-block-group-is-layout-constrained\" style=\"margin-top:0;margin-bottom:0;padding-top:var(--wp--preset--spacing--40);padding-bottom:var(--wp--preset--spacing--40)\"><\/div>\n\n<p class=\"wp-block-paragraph\"><\/p>\n","protected":false},"excerpt":{"rendered":"<p>Parque de escalada em S\u00e4len - Emo\u00e7\u00e3o, mestria e divers\u00e3o para toda a fam\u00edlia Bem-vindo ao H\u00f6gt &amp; L\u00e5gt S\u00e4len, um parque de escalada moderno e familiar, maravilhosamente situado junto a Svansj\u00f6n, em Lindvallen. Aqui encontrar\u00e1s tirolesas a\u00e9reas, emocionantes percursos de obst\u00e1culos nas \u00e1rvores e desafios para crian\u00e7as, adolescentes, adultos e aventureiros \u00e0 procura de [&hellip;]<\/p>\n","protected":false},"author":260013438,"featured_media":0,"parent":0,"menu_order":0,"comment_status":"closed","ping_status":"closed","template":"","meta":{"_crdt_document":"","footnotes":""},"class_list":["post-3915","page","type-page","status-publish","hentry"],"jetpack_likes_enabled":true,"jetpack_sharing_enabled":true,"jetpack_shortlink":"https:\/\/wp.me\/PgDuwj-119","jetpack-related-posts":[{"id":4195,"url":"https:\/\/bno-travel.com\/es\/parque-de-escalada-en-salen\/","url_meta":{"origin":3915,"position":0},"title":"Parque de escalada en S\u00e4len","author":"Jan Terje \u00c5s","date":"18 de Julho, 2025","format":false,"excerpt":"Parque de escalada en S\u00e4len - Emoci\u00f3n, maestr\u00eda y diversi\u00f3n para toda la familia Bienvenido a H\u00f6gt & L\u00e5gt S\u00e4len, un parque de escalada moderno y familiar bellamente situado junto a Svansj\u00f6n, en Lindvallen. Aqu\u00ed encontrar\u00e1s tirolinas a\u00e9reas, emocionantes carreras de obst\u00e1culos en los \u00e1rboles y desaf\u00edos para ni\u00f1os peque\u00f1os,\u2026","rel":"","context":"Similar post","block_context":{"text":"Similar post","link":""},"img":{"alt_text":"Klatrepark i S\u00e4len","src":"https:\/\/i0.wp.com\/bno-travel.com\/wp-content\/uploads\/2025\/06\/43311668904_2a700093da_c.jpg?resize=350%2C200&ssl=1","width":350,"height":200,"srcset":"https:\/\/i0.wp.com\/bno-travel.com\/wp-content\/uploads\/2025\/06\/43311668904_2a700093da_c.jpg?resize=350%2C200&ssl=1 1x, https:\/\/i0.wp.com\/bno-travel.com\/wp-content\/uploads\/2025\/06\/43311668904_2a700093da_c.jpg?resize=525%2C300&ssl=1 1.5x, https:\/\/i0.wp.com\/bno-travel.com\/wp-content\/uploads\/2025\/06\/43311668904_2a700093da_c.jpg?resize=700%2C400&ssl=1 2x"},"classes":[]},{"id":2917,"url":"https:\/\/bno-travel.com\/pt-pt\/descobre-salenfjellet-todo-o-ano-para-os-veraneantes-activos\/","url_meta":{"origin":3915,"position":1},"title":"Descobre S\u00e4lenfjellet - A aventura come\u00e7a aqui","author":"Jan Terje \u00c5s","date":"18 de Julho, 2025","format":false,"excerpt":"Descobre S\u00e4len \u2605\u2605\u2605\u2605\u2605 Aqui encontrar\u00e1s alojamento em S\u00e4len Descobre S\u00e4len e S\u00e4lenfjellet, um destino para todo o ano, que combina uma natureza deslumbrante com uma vasta gama de actividades e experi\u00eancias. Com a BNO TRAVEL, viajar para S\u00e4len \u00e9 f\u00e1cil e confort\u00e1vel - quer procures aventuras de inverno na neve\u2026","rel":"","context":"Similar post","block_context":{"text":"Similar post","link":""},"img":{"alt_text":"","src":"https:\/\/i0.wp.com\/bno-travel.com\/wp-content\/uploads\/2025\/06\/2016JH070404.jpg?resize=350%2C200&ssl=1","width":350,"height":200,"srcset":"https:\/\/i0.wp.com\/bno-travel.com\/wp-content\/uploads\/2025\/06\/2016JH070404.jpg?resize=350%2C200&ssl=1 1x, https:\/\/i0.wp.com\/bno-travel.com\/wp-content\/uploads\/2025\/06\/2016JH070404.jpg?resize=525%2C300&ssl=1 1.5x, https:\/\/i0.wp.com\/bno-travel.com\/wp-content\/uploads\/2025\/06\/2016JH070404.jpg?resize=700%2C400&ssl=1 2x, https:\/\/i0.wp.com\/bno-travel.com\/wp-content\/uploads\/2025\/06\/2016JH070404.jpg?resize=1050%2C600&ssl=1 3x, https:\/\/i0.wp.com\/bno-travel.com\/wp-content\/uploads\/2025\/06\/2016JH070404.jpg?resize=1400%2C800&ssl=1 4x"},"classes":[]},{"id":4293,"url":"https:\/\/bno-travel.com\/pt-pt\/parque-de-escalada-em-trysil\/","url_meta":{"origin":3915,"position":2},"title":"Parque de escalada em Trysil","author":"Jan Terje \u00c5s","date":"18 de Julho, 2025","format":false,"excerpt":"Parque de escalada em Trysil - emo\u00e7\u00e3o, mestria e divers\u00e3o para toda a fam\u00edlia Bem-vindo \u00e0 H\u00f8yt & Lavt H\u00f8yt & Lavt TrysilO H\u00f8yt & Lavt Trysil \u00e9 um dos parques de escalada mais populares e modernos da Noruega - mesmo no cora\u00e7\u00e3o das florestas c\u00e9nicas de Trysil. Aqui, encontrar\u00e1s\u2026","rel":"","context":"Similar post","block_context":{"text":"Similar post","link":""},"img":{"alt_text":"Klatrepark i S\u00e4len","src":"https:\/\/i0.wp.com\/bno-travel.com\/wp-content\/uploads\/2025\/06\/43311668904_2a700093da_c.jpg?resize=350%2C200&ssl=1","width":350,"height":200,"srcset":"https:\/\/i0.wp.com\/bno-travel.com\/wp-content\/uploads\/2025\/06\/43311668904_2a700093da_c.jpg?resize=350%2C200&ssl=1 1x, https:\/\/i0.wp.com\/bno-travel.com\/wp-content\/uploads\/2025\/06\/43311668904_2a700093da_c.jpg?resize=525%2C300&ssl=1 1.5x, https:\/\/i0.wp.com\/bno-travel.com\/wp-content\/uploads\/2025\/06\/43311668904_2a700093da_c.jpg?resize=700%2C400&ssl=1 2x"},"classes":[]},{"id":3905,"url":"https:\/\/bno-travel.com\/pt-pt\/caminhadas-em-salen\/","url_meta":{"origin":3915,"position":3},"title":"Caminhadas em S\u00e4len","author":"Jan Terje \u00c5s","date":"18 de Julho, 2025","format":false,"excerpt":"Caminhadas em S\u00e4len - Caminhadas na montanha, vistas e experi\u00eancias na natureza para todos Bem-vindo a S\u00e4len - um destino para todo o ano, conhecido pelo esqui no inverno e pelas belas experi\u00eancias de caminhadas no ver\u00e3o! Quando a neve derrete e as montanhas ficam verdes, S\u00e4len abre um vasto\u2026","rel":"","context":"Similar post","block_context":{"text":"Similar post","link":""},"img":{"alt_text":"Vandring i Trysil","src":"https:\/\/i0.wp.com\/bno-travel.com\/wp-content\/uploads\/2025\/06\/27930399740_e3e100021e_c.jpg?resize=350%2C200&ssl=1","width":350,"height":200,"srcset":"https:\/\/i0.wp.com\/bno-travel.com\/wp-content\/uploads\/2025\/06\/27930399740_e3e100021e_c.jpg?resize=350%2C200&ssl=1 1x, https:\/\/i0.wp.com\/bno-travel.com\/wp-content\/uploads\/2025\/06\/27930399740_e3e100021e_c.jpg?resize=525%2C300&ssl=1 1.5x, https:\/\/i0.wp.com\/bno-travel.com\/wp-content\/uploads\/2025\/06\/27930399740_e3e100021e_c.jpg?resize=700%2C400&ssl=1 2x"},"classes":[]},{"id":3964,"url":"https:\/\/bno-travel.com\/pt-pt\/andar-de-bicicleta-em-salen\/","url_meta":{"origin":3915,"position":4},"title":"Andar de bicicleta em S\u00e4len","author":"Jan Terje \u00c5s","date":"18 de Julho, 2025","format":false,"excerpt":"Sykkel i S\u00e4len \u2013 Stisykling i naturskj\u00f8nne fjellomgivelser Velkommen til S\u00e4len \u2013 en av Sveriges mest popul\u00e6re sommerdestinasjoner for terrengsykling og sykkelopplevelser for hele familien. Her finner du et variert terreng tilrettelagt for b\u00e5de nybegynnere og erfarne syklister. Med bygd sti, naturlige skogstraseer og h\u00f8yfjellsterreng, er S\u00e4len et ideelt reisem\u00e5l\u2026","rel":"","context":"Similar post","block_context":{"text":"Similar post","link":""},"img":{"alt_text":"Sykkel i S\u00e4len","src":"https:\/\/i0.wp.com\/bno-travel.com\/wp-content\/uploads\/2025\/07\/2016JH070360.jpg?resize=350%2C200&ssl=1","width":350,"height":200,"srcset":"https:\/\/i0.wp.com\/bno-travel.com\/wp-content\/uploads\/2025\/07\/2016JH070360.jpg?resize=350%2C200&ssl=1 1x, https:\/\/i0.wp.com\/bno-travel.com\/wp-content\/uploads\/2025\/07\/2016JH070360.jpg?resize=525%2C300&ssl=1 1.5x, https:\/\/i0.wp.com\/bno-travel.com\/wp-content\/uploads\/2025\/07\/2016JH070360.jpg?resize=700%2C400&ssl=1 2x, https:\/\/i0.wp.com\/bno-travel.com\/wp-content\/uploads\/2025\/07\/2016JH070360.jpg?resize=1050%2C600&ssl=1 3x, https:\/\/i0.wp.com\/bno-travel.com\/wp-content\/uploads\/2025\/07\/2016JH070360.jpg?resize=1400%2C800&ssl=1 4x"},"classes":[]},{"id":3889,"url":"https:\/\/bno-travel.com\/pt-pt\/restaurantes-em-salen\/","url_meta":{"origin":3915,"position":5},"title":"Restaurantes em S\u00e4len","author":"Jan Terje \u00c5s","date":"18 de Julho, 2025","format":false,"excerpt":"Restaurantes em S\u00e4len - Experi\u00eancias saborosas durante todo o ano S\u00e4len \u00e9 conhecida pelas suas fant\u00e1sticas oportunidades para esquiar e andar de bicicleta, mas o destino tamb\u00e9m oferece uma sele\u00e7\u00e3o variada e saborosa de restaurantes, caf\u00e9s e lanchonetes - durante todo o ano. Quer visites S\u00e4len no inverno ou no\u2026","rel":"","context":"Similar post","block_context":{"text":"Similar post","link":""},"img":{"alt_text":"Restauranter i S\u00e4len","src":"https:\/\/i0.wp.com\/bno-travel.com\/wp-content\/uploads\/2025\/07\/AdobeStock_206047084.jpeg?resize=350%2C200&ssl=1","width":350,"height":200,"srcset":"https:\/\/i0.wp.com\/bno-travel.com\/wp-content\/uploads\/2025\/07\/AdobeStock_206047084.jpeg?resize=350%2C200&ssl=1 1x, https:\/\/i0.wp.com\/bno-travel.com\/wp-content\/uploads\/2025\/07\/AdobeStock_206047084.jpeg?resize=525%2C300&ssl=1 1.5x, https:\/\/i0.wp.com\/bno-travel.com\/wp-content\/uploads\/2025\/07\/AdobeStock_206047084.jpeg?resize=700%2C400&ssl=1 2x, https:\/\/i0.wp.com\/bno-travel.com\/wp-content\/uploads\/2025\/07\/AdobeStock_206047084.jpeg?resize=1050%2C600&ssl=1 3x, https:\/\/i0.wp.com\/bno-travel.com\/wp-content\/uploads\/2025\/07\/AdobeStock_206047084.jpeg?resize=1400%2C800&ssl=1 4x"},"classes":[]}],"_links":{"self":[{"href":"https:\/\/bno-travel.com\/pt-pt\/wp-json\/wp\/v2\/pages\/3915","targetHints":{"allow":["GET"]}}],"collection":[{"href":"https:\/\/bno-travel.com\/pt-pt\/wp-json\/wp\/v2\/pages"}],"about":[{"href":"https:\/\/bno-travel.com\/pt-pt\/wp-json\/wp\/v2\/types\/page"}],"author":[{"embeddable":true,"href":"https:\/\/bno-travel.com\/pt-pt\/wp-json\/wp\/v2\/users\/260013438"}],"replies":[{"embeddable":true,"href":"https:\/\/bno-travel.com\/pt-pt\/wp-json\/wp\/v2\/comments?post=3915"}],"version-history":[{"count":3,"href":"https:\/\/bno-travel.com\/pt-pt\/wp-json\/wp\/v2\/pages\/3915\/revisions"}],"predecessor-version":[{"id":5281,"href":"https:\/\/bno-travel.com\/pt-pt\/wp-json\/wp\/v2\/pages\/3915\/revisions\/5281"}],"wp:attachment":[{"href":"https:\/\/bno-travel.com\/pt-pt\/wp-json\/wp\/v2\/media?parent=3915"}],"curies":[{"name":"wp","href":"https:\/\/api.w.org\/{rel}","templated":true}]}}