{"id":4077,"date":"2025-07-18T20:26:42","date_gmt":"2025-07-18T18:26:42","guid":{"rendered":"https:\/\/bno-travel.com\/?page_id=4077"},"modified":"2025-07-18T20:27:20","modified_gmt":"2025-07-18T18:27:20","slug":"bowling-em-trysil","status":"publish","type":"page","link":"https:\/\/bno-travel.com\/pt-pt\/bowling-em-trysil\/","title":{"rendered":"Bowling em Trysil"},"content":{"rendered":"\n<p class=\"wp-block-paragraph\"><\/p>\n\n<div class=\"wp-block-cover alignfull\" style=\"margin-top:0;margin-bottom:0;padding-top:var(--wp--preset--spacing--20);padding-right:var(--wp--preset--spacing--40);padding-bottom:var(--wp--preset--spacing--20);padding-left:var(--wp--preset--spacing--40);min-height:897px;aspect-ratio:unset;\"><img data-recalc-dims=\"1\" fetchpriority=\"high\" decoding=\"async\" width=\"800\" height=\"636\" class=\"wp-block-cover__image-background wp-image-2526 size-full\" alt=\"Bowling i Trysil\" src=\"https:\/\/i0.wp.com\/bno-travel.com\/wp-content\/uploads\/2025\/06\/52198855347_f963be3dbf_c.jpg?resize=800%2C636&#038;ssl=1\" style=\"object-position:53% 14%\" data-object-fit=\"cover\" data-object-position=\"53% 14%\" srcset=\"https:\/\/i0.wp.com\/bno-travel.com\/wp-content\/uploads\/2025\/06\/52198855347_f963be3dbf_c.jpg?w=800&amp;ssl=1 800w, https:\/\/i0.wp.com\/bno-travel.com\/wp-content\/uploads\/2025\/06\/52198855347_f963be3dbf_c.jpg?resize=300%2C239&amp;ssl=1 300w, https:\/\/i0.wp.com\/bno-travel.com\/wp-content\/uploads\/2025\/06\/52198855347_f963be3dbf_c.jpg?resize=768%2C611&amp;ssl=1 768w\" sizes=\"(max-width: 800px) 100vw, 800px\" \/><span aria-hidden=\"true\" class=\"wp-block-cover__background has-theme-1-background-color has-background-dim-30 has-background-dim\"><\/span><div class=\"wp-block-cover__inner-container is-layout-flow wp-block-cover-is-layout-flow\">\n<div style=\"height:var(--wp--preset--spacing--50)\" aria-hidden=\"true\" class=\"wp-block-spacer\"><\/div>\n\n\n\n<div style=\"height:var(--wp--preset--spacing--50)\" aria-hidden=\"true\" class=\"wp-block-spacer\"><\/div>\n<\/div><\/div>\n\n<div class=\"wp-block-group alignfull is-style-section-3 is-layout-constrained wp-block-group-is-layout-constrained\" style=\"margin-top:0;margin-bottom:0;padding-top:var(--wp--preset--spacing--40);padding-bottom:var(--wp--preset--spacing--40)\">\n<div class=\"wp-block-columns alignwide are-vertically-aligned-center is-layout-flex wp-container-core-columns-is-layout-d9ad523d wp-block-columns-is-layout-flex\">\n<div class=\"wp-block-column is-vertically-aligned-center is-layout-flow wp-block-column-is-layout-flow\">\n<figure class=\"wp-block-image size-full\"><img data-recalc-dims=\"1\" decoding=\"async\" width=\"800\" height=\"636\" src=\"https:\/\/i0.wp.com\/bno-travel.com\/wp-content\/uploads\/2025\/06\/52198855347_f963be3dbf_c.jpg?resize=800%2C636&#038;ssl=1\" alt=\"Bowling em Trysil\" class=\"wp-image-2526\" style=\"aspect-ratio:3\/4;object-fit:cover\" title=\"t&#xED;tulo\" srcset=\"https:\/\/i0.wp.com\/bno-travel.com\/wp-content\/uploads\/2025\/06\/52198855347_f963be3dbf_c.jpg?w=800&amp;ssl=1 800w, https:\/\/i0.wp.com\/bno-travel.com\/wp-content\/uploads\/2025\/06\/52198855347_f963be3dbf_c.jpg?resize=300%2C239&amp;ssl=1 300w, https:\/\/i0.wp.com\/bno-travel.com\/wp-content\/uploads\/2025\/06\/52198855347_f963be3dbf_c.jpg?resize=768%2C611&amp;ssl=1 768w\" sizes=\"(max-width: 800px) 100vw, 800px\" \/><\/figure>\n<\/div>\n\n\n\n<div class=\"wp-block-column is-vertically-aligned-center is-content-justification-left is-layout-constrained wp-container-core-column-is-layout-b64f6bf5 wp-block-column-is-layout-constrained\">\n<p class=\"wp-block-paragraph\"><\/p>\n\n\n\n<h2 class=\"wp-block-heading\">Bowling em Trysil - a atividade perfeita para toda a fam\u00edlia<\/h2>\n\n\n\n<p class=\"wp-block-paragraph\">O bowling \u00e9 uma atividade popular e soci\u00e1vel para jovens e idosos, e em Trysil encontrar\u00e1s um centro de bowling moderno e convidativo mesmo no cora\u00e7\u00e3o do destino de montanha. Quer estejas em Trysil de f\u00e9rias com a fam\u00edlia, com um grupo de amigos ou numa sa\u00edda da empresa, o bowling \u00e9 uma excelente alternativa \u00e0s actividades ao ar livre - especialmente em dias de chuva, ou como uma agrad\u00e1vel atividade nocturna ap\u00f3s um dia ativo. <\/p>\n\n\n\n<p class=\"wp-block-paragraph\">No <strong>Trysil Bowling<\/strong>, localizado no centro do Radisson Blu Resort Trysil, encontrar\u00e1s uma <strong>pista de bowling de 8 pistas<\/strong> com tecnologia moderna, um ambiente fant\u00e1stico e instala\u00e7\u00f5es adequadas para crian\u00e7as e adultos. Aqui podes desfrutar de uma partida de bowling combinada com comida, bebida e relaxamento - tudo sob o mesmo teto. Tamb\u00e9m \u00e9 poss\u00edvel reservar pistas para grupos e eventos, tornando-o uma escolha popular para anivers\u00e1rios, forma\u00e7\u00e3o de equipas e actividades familiares.  <\/p>\n\n\n\n<p class=\"wp-block-paragraph\"><a href=\"https:\/\/www.trysil.com\/bedrifter\/radisson-blu-resort-trysil\/chill-bowl--dine\/\" target=\"_blank\" rel=\"noopener\">A pista de bowling <\/a>tamb\u00e9m tem mesas de bilhar, jogos de arcada e uma \u00e1rea lounge, tornando-a um ponto de encontro natural para relaxamento e divers\u00e3o. As pistas para crian\u00e7as, com carris e bolas leves, permitem que at\u00e9 os mais pequenos participem - e se divirtam! <\/p>\n<\/div>\n<\/div>\n<\/div>\n\n<div class=\"wp-block-group alignfull is-style-default is-content-justification-center is-layout-constrained wp-container-core-group-is-layout-69af11d0 wp-block-group-is-layout-constrained\" style=\"margin-top:0;margin-bottom:0;padding-top:var(--wp--preset--spacing--40);padding-bottom:var(--wp--preset--spacing--40)\"><\/div>\n\n<div class=\"wp-block-group alignfull is-content-justification-center is-layout-constrained wp-block-group-is-layout-constrained\" style=\"margin-top:0;margin-bottom:0;padding-top:var(--wp--preset--spacing--40);padding-bottom:var(--wp--preset--spacing--40)\">\n<div class=\"wp-block-columns alignwide are-vertically-aligned-center is-layout-flex wp-container-core-columns-is-layout-7387b849 wp-block-columns-is-layout-flex\">\n<div class=\"wp-block-column is-vertically-aligned-center is-content-justification-left is-layout-constrained wp-container-core-column-is-layout-b64f6bf5 wp-block-column-is-layout-constrained\">\n<p class=\"wp-block-paragraph\">Porqu\u00ea escolher o bowling em Trysil?<\/p>\n\n\n\n<ul class=\"wp-block-list\">\n<li>Atividade perfeita durante todo o ano - independentemente do tempo e da esta\u00e7\u00e3o<\/li>\n\n\n\n<li>Adequado para todas as idades e n\u00edveis de compet\u00eancia<\/li>\n\n\n\n<li>Familiar e soci\u00e1vel<\/li>\n\n\n\n<li>Combina facilmente com o jantar e outras actividades<\/li>\n\n\n\n<li>F\u00e1cil acesso a alojamento e transportes<\/li>\n<\/ul>\n\n\n\n<p class=\"wp-block-paragraph\">Actividades em Trysil - mais do que apenas esquiar<\/p>\n\n\n\n<p class=\"wp-block-paragraph\">Embora Trysil seja mais conhecida como o maior centro de desportos de inverno da Noruega, h\u00e1 uma grande variedade de <strong>outras actividades<\/strong> dispon\u00edveis durante todo o ano. Quando estiveres em Trysil para jogar bowling, pode valer a pena combinar a tua estadia com outras experi\u00eancias: <\/p>\n\n\n\n<p class=\"wp-block-paragraph\">Actividades de inverno em Trysil (exceto esqui alpino)<\/p>\n\n\n\n<ul class=\"wp-block-list\">\n<li><strong>Esqui de fundo:<\/strong> Mais de 100 quil\u00f3metros de pistas de esqui de fundo bem preparadas em terrenos variados.<\/li>\n\n\n\n<li><strong>Andar de tren\u00f3 puxado por c\u00e3es:<\/strong> Uma experi\u00eancia de aventura onde podes conduzir a tua pr\u00f3pria equipa de c\u00e3es.<\/li>\n\n\n\n<li><strong>Faz caminhadas com raquetes de neve e caminhadas de inverno:<\/strong> Para aqueles que querem conhecer as montanhas a um ritmo mais lento.<\/li>\n\n\n\n<li><strong>Andar de tren\u00f3 e de tobog\u00e3:<\/strong> Divers\u00e3o para crian\u00e7as e adultos, com pistas de tobog\u00e3 em v\u00e1rios locais.<\/li>\n\n\n\n<li><strong>Bem-estar e spa:<\/strong> Desfruta de tratamentos relaxantes ou de um mergulho na piscina aquecida depois de um dia de actividades.<\/li>\n<\/ul>\n\n\n\n<p class=\"wp-block-paragraph\">Actividades de ver\u00e3o em Trysil<\/p>\n\n\n\n<ul class=\"wp-block-list\">\n<li><strong>Parque de escalada e zipline:<\/strong> Perfeito para crian\u00e7as e jovens que gostam de velocidade e desafios. Torneios regulares e noites de clube.<\/li>\n<\/ul>\n\n\n\n<ul class=\"wp-block-list\">\n<li><strong>Trysil Bike Arena:<\/strong> Uma das melhores \u00e1reas da Noruega para ciclismo de trilho, com trilhos para todos os n\u00edveis.<\/li>\n<\/ul>\n\n\n\n<ul class=\"wp-block-list\">\n<li><strong>Actividades fluviais:<\/strong> Remo, rafting e SUP em Trysilelva.<\/li>\n<\/ul>\n\n\n\n<ul class=\"wp-block-list\">\n<li><strong>Caminhar:<\/strong> Muitos percursos sinalizados atrav\u00e9s de florestas, montanhas e plan\u00edcies abertas.<\/li>\n\n\n\n<li><strong>Pesca e golfe:<\/strong> Boas oportunidades para a pesca desportiva e para jogar no campo de golfe de 18 buracos de Trysil.<\/li>\n<\/ul>\n<\/div>\n\n\n\n<div class=\"wp-block-column is-vertically-aligned-center is-layout-flow wp-block-column-is-layout-flow\">\n<figure class=\"wp-block-image size-full\"><img data-recalc-dims=\"1\" decoding=\"async\" width=\"799\" height=\"532\" src=\"https:\/\/i0.wp.com\/bno-travel.com\/wp-content\/uploads\/2025\/06\/19105672288_2155e3dd4c_c.jpg?resize=799%2C532&#038;ssl=1\" alt=\"ver&#xE3;o em Trysil\" class=\"wp-image-2278\" style=\"aspect-ratio:3\/4;object-fit:cover\" srcset=\"https:\/\/i0.wp.com\/bno-travel.com\/wp-content\/uploads\/2025\/06\/19105672288_2155e3dd4c_c.jpg?w=799&amp;ssl=1 799w, https:\/\/i0.wp.com\/bno-travel.com\/wp-content\/uploads\/2025\/06\/19105672288_2155e3dd4c_c.jpg?resize=300%2C200&amp;ssl=1 300w, https:\/\/i0.wp.com\/bno-travel.com\/wp-content\/uploads\/2025\/06\/19105672288_2155e3dd4c_c.jpg?resize=768%2C511&amp;ssl=1 768w\" sizes=\"(max-width: 799px) 100vw, 799px\" \/><\/figure>\n<\/div>\n<\/div>\n<\/div>\n\n<div class=\"wp-block-group alignfull is-style-default is-content-justification-center is-layout-constrained wp-container-core-group-is-layout-69af11d0 wp-block-group-is-layout-constrained\" style=\"margin-top:0;margin-bottom:0;padding-top:var(--wp--preset--spacing--40);padding-bottom:var(--wp--preset--spacing--40)\">\n<div class=\"wp-block-group alignfull is-content-justification-center is-layout-constrained wp-container-core-group-is-layout-4853c3a7 wp-block-group-is-layout-constrained\" style=\"margin-top:0;margin-bottom:0;padding-top:calc( 0.5 * var(u002du002dwpu002du002dstyleu002du002drootu002du002dpadding-right, var(u002du002dwpu002du002dcustomu002du002dgapu002du002dhorizontal)));padding-right:var(u002du002dwpu002du002dstyleu002du002drootu002du002dpadding-right, var(u002du002dwpu002du002dcustomu002du002dgapu002du002dhorizontal));padding-bottom:calc( 0.5 * var(u002du002dwpu002du002dstyleu002du002drootu002du002dpadding-right, var(u002du002dwpu002du002dcustomu002du002dgapu002du002dhorizontal)));padding-left:var(u002du002dwpu002du002dstyleu002du002drootu002du002dpadding-left, var(u002du002dwpu002du002dcustomu002du002dgapu002du002dhorizontal))\">\n<div style=\"height:calc( 0.25 * var(u002du002dwpu002du002dstyleu002du002drootu002du002dpadding-right, var(u002du002dwpu002du002dcustomu002du002dgapu002du002dhorizontal)))\" aria-hidden=\"true\" class=\"wp-block-spacer\"><\/div>\n\n\n\n<div class=\"wp-block-columns alignwide is-layout-flex wp-container-core-columns-is-layout-7387b849 wp-block-columns-is-layout-flex\">\n<div class=\"wp-block-column is-vertically-aligned-center is-layout-flow wp-block-column-is-layout-flow\">\n<figure class=\"wp-block-image size-full\"><img data-recalc-dims=\"1\" loading=\"lazy\" decoding=\"async\" width=\"532\" height=\"799\" src=\"https:\/\/i0.wp.com\/bno-travel.com\/wp-content\/uploads\/2025\/06\/18670754034_e10bf74a7e_c.jpg?resize=532%2C799&#038;ssl=1\" alt=\"\" class=\"wp-image-2265\" style=\"aspect-ratio:3\/4;object-fit:cover\" srcset=\"https:\/\/i0.wp.com\/bno-travel.com\/wp-content\/uploads\/2025\/06\/18670754034_e10bf74a7e_c.jpg?w=532&amp;ssl=1 532w, https:\/\/i0.wp.com\/bno-travel.com\/wp-content\/uploads\/2025\/06\/18670754034_e10bf74a7e_c.jpg?resize=200%2C300&amp;ssl=1 200w\" sizes=\"(max-width: 532px) 100vw, 532px\" \/><\/figure>\n<\/div>\n\n\n\n<div class=\"wp-block-column is-vertically-aligned-center is-layout-flow wp-block-column-is-layout-flow\">\n<p class=\"has-text-align-left wp-block-paragraph\">Reserva as tuas f\u00e9rias com a BNO TRAVEL<\/p>\n\n\n\n<p class=\"wp-block-paragraph\">Quer planeies umas f\u00e9rias de inverno activas, uma aventura de ver\u00e3o nas montanhas ou uma pausa de fim de semana relaxante, <strong>a BNO TRAVEL<\/strong> pode ajudar-te a adaptar a tua estadia \u00e0s tuas necessidades. Oferecemos pacotes completos com alojamento, dicas e conselhos sobre actividades - incluindo bowling e muito mais. <\/p>\n\n\n\n<p class=\"wp-block-paragraph\">No que diz respeito ao alojamento em Trysil, oferecemos tr\u00eas \u00e1reas principais<\/p>\n\n\n\n<p class=\"wp-block-paragraph\"><a href=\"https:\/\/bno-travel.com\/pt-pt\/?page_id=2700\">Centro de Turismo de Trysil<\/a><\/p>\n\n\n\n<p class=\"wp-block-paragraph\">Esta \u00e9 a zona mais central e animada de Trysil. Estar\u00e1s mesmo ao lado dos telef\u00e9ricos, das \u00e1reas para crian\u00e7as, das escolas de esqui, das lojas, dos restaurantes e do apr\u00e8s-ski. Ideal para quem quer tudo a uma curta dist\u00e2ncia e um ambiente soci\u00e1vel. Apartamentos e hot\u00e9is com um elevado n\u00edvel de conforto fazem desta zona uma escolha popular tanto para f\u00e9rias de inverno como de ver\u00e3o.   <\/p>\n\n\n\n<p class=\"wp-block-paragraph\"><a href=\"https:\/\/bno-travel.com\/pt-pt\/?page_id=2974\">\u00c1rea da cabina Trysilfjell<\/a><\/p>\n\n\n\n<p class=\"wp-block-paragraph\">Localiza-se num ambiente arborizado e tranquilo, entre o Centro de Turismo e o Centro de Alta Montanha. Aqui encontrar\u00e1s cabanas tradicionais e cabanas de montanha modernas - muitas delas com ski-in\/ski-out e belas vistas. Uma boa escolha para quem quer mais privacidade, mas est\u00e1 perto de tudo o que as montanhas t\u00eam para oferecer.  <\/p>\n\n\n\n<p class=\"wp-block-paragraph\"><a href=\"https:\/\/bno-travel.com\/pt-pt\/?page_id=2773\">Trysil H\u00f8yfjellssenter \/ Fager\u00e5sen<\/a><\/p>\n\n\n\n<p class=\"wp-block-paragraph\">Esta zona \u00e9 alta e aberta, com vistas panor\u00e2micas e muito sol. Aqui encontrar\u00e1s pistas para fam\u00edlias, boas \u00e1reas para crian\u00e7as, aluguer de esquis, uma mercearia e um ambiente tranquilo. As cabanas e os apartamentos s\u00e3o perfeitos para fam\u00edlias com crian\u00e7as e para quem procura uma experi\u00eancia relaxante na montanha.  <\/p>\n\n\n\n<p class=\"wp-block-paragraph\">Contacta-nos hoje para planeares a tua pr\u00f3xima experi\u00eancia Trysil - e n\u00e3o te esque\u00e7as de arranjar tempo para uma partida de bowling!<\/p>\n<\/div>\n<\/div>\n\n\n\n<div style=\"height:calc( 0.25 * var(u002du002dwpu002du002dstyleu002du002drootu002du002dpadding-right, var(u002du002dwpu002du002dcustomu002du002dgapu002du002dhorizontal)))\" aria-hidden=\"true\" class=\"wp-block-spacer\"><\/div>\n<\/div>\n\n\n\n<div class=\"wp-block-group alignwide is-content-justification-left is-layout-constrained wp-container-core-group-is-layout-54d22900 wp-block-group-is-layout-constrained\"><\/div>\n<\/div>\n\n<div class=\"wp-block-group alignfull is-style-default is-content-justification-center is-layout-constrained wp-container-core-group-is-layout-cdf99998 wp-block-group-is-layout-constrained\" style=\"margin-top:0;margin-bottom:0;padding-top:var(--wp--preset--spacing--40);padding-bottom:var(--wp--preset--spacing--40)\"><\/div>\n\n<p class=\"wp-block-paragraph\"><\/p>\n","protected":false},"excerpt":{"rendered":"<p>Bowling em Trysil - a atividade perfeita para toda a fam\u00edlia O bowling \u00e9 uma atividade popular e soci\u00e1vel para jovens e idosos, e em Trysil encontrar\u00e1s um centro de bowling moderno e convidativo mesmo no cora\u00e7\u00e3o do destino de montanha. Quer estejas em Trysil de f\u00e9rias com a fam\u00edlia, com um grupo de amigos [&hellip;]<\/p>\n","protected":false},"author":260013438,"featured_media":0,"parent":0,"menu_order":0,"comment_status":"closed","ping_status":"closed","template":"","meta":{"_crdt_document":"","footnotes":""},"class_list":["post-4077","page","type-page","status-publish","hentry"],"jetpack_likes_enabled":true,"jetpack_sharing_enabled":true,"jetpack_shortlink":"https:\/\/wp.me\/PgDuwj-13L","jetpack-related-posts":[{"id":4055,"url":"https:\/\/bno-travel.com\/pt-pt\/spa-e-banhos-em-trysil\/","url_meta":{"origin":4077,"position":0},"title":"Spa e banhos em Trysil","author":"Jan Terje \u00c5s","date":"18 de Julho, 2025","format":false,"excerpt":"Spa e banho em Trysil - Relaxamento e bem-estar nas montanhas Trysil n\u00e3o \u00e9 apenas para aqueles que procuram velocidade e emo\u00e7\u00e3o - \u00e9 tamb\u00e9m um destino para aqueles que procuram tranquilidade, bem-estar e o genu\u00edno aconchego da montanha. Com uma boa sele\u00e7\u00e3o de experi\u00eancias de spa e de banho\u2026","rel":"","context":"Similar post","block_context":{"text":"Similar post","link":""},"img":{"alt_text":"Spa og bad i Trysil","src":"https:\/\/i0.wp.com\/bno-travel.com\/wp-content\/uploads\/2025\/07\/52199820901_706171c188_c.jpg?resize=350%2C200&ssl=1","width":350,"height":200,"srcset":"https:\/\/i0.wp.com\/bno-travel.com\/wp-content\/uploads\/2025\/07\/52199820901_706171c188_c.jpg?resize=350%2C200&ssl=1 1x, https:\/\/i0.wp.com\/bno-travel.com\/wp-content\/uploads\/2025\/07\/52199820901_706171c188_c.jpg?resize=525%2C300&ssl=1 1.5x, https:\/\/i0.wp.com\/bno-travel.com\/wp-content\/uploads\/2025\/07\/52199820901_706171c188_c.jpg?resize=700%2C400&ssl=1 2x"},"classes":[]},{"id":2841,"url":"https:\/\/bno-travel.com\/pt-pt\/descobre-trysil-todo-o-ano-para-os-veraneantes-activos\/","url_meta":{"origin":4077,"position":1},"title":"Descobre Trysil: Todo o ano para os veraneantes activos","author":"Jan Terje \u00c5s","date":"18 de Julho, 2025","format":false,"excerpt":"Experimenta o Trysil \u2605\u2605\u2605\u2605\u2605 Aqui encontrar\u00e1s alojamento em Trysil Trysil n\u00e3o \u00e9 apenas o maior destino de esqui da Noruega - \u00e9 tamb\u00e9m um para\u00edso durante todo o ano para h\u00f3spedes activos, fam\u00edlias e amantes da natureza. Quer visites a montanha em busca de velocidade e emo\u00e7\u00e3o, relaxamento ou tempo\u2026","rel":"","context":"Similar post","block_context":{"text":"Similar post","link":""},"img":{"alt_text":"Opplev Trysil","src":"https:\/\/i0.wp.com\/bno-travel.com\/wp-content\/uploads\/2025\/07\/20.06.19_Dronebilder-Sentrum_FULLSIZE-2.jpg?resize=350%2C200&ssl=1","width":350,"height":200,"srcset":"https:\/\/i0.wp.com\/bno-travel.com\/wp-content\/uploads\/2025\/07\/20.06.19_Dronebilder-Sentrum_FULLSIZE-2.jpg?resize=350%2C200&ssl=1 1x, https:\/\/i0.wp.com\/bno-travel.com\/wp-content\/uploads\/2025\/07\/20.06.19_Dronebilder-Sentrum_FULLSIZE-2.jpg?resize=525%2C300&ssl=1 1.5x, https:\/\/i0.wp.com\/bno-travel.com\/wp-content\/uploads\/2025\/07\/20.06.19_Dronebilder-Sentrum_FULLSIZE-2.jpg?resize=700%2C400&ssl=1 2x, https:\/\/i0.wp.com\/bno-travel.com\/wp-content\/uploads\/2025\/07\/20.06.19_Dronebilder-Sentrum_FULLSIZE-2.jpg?resize=1050%2C600&ssl=1 3x, https:\/\/i0.wp.com\/bno-travel.com\/wp-content\/uploads\/2025\/07\/20.06.19_Dronebilder-Sentrum_FULLSIZE-2.jpg?resize=1400%2C800&ssl=1 4x"},"classes":[]},{"id":3859,"url":"https:\/\/bno-travel.com\/pt-pt\/bowling-em-salen\/","url_meta":{"origin":4077,"position":2},"title":"Bowling em S\u00e4len","author":"Jan Terje \u00c5s","date":"18 de Julho, 2025","format":false,"excerpt":"Bowling em S\u00e4len - Actividades divertidas para toda a fam\u00edlia, durante todo o ano O bowling \u00e9 uma atividade soci\u00e1vel e familiar que constitui a pausa perfeita entre o esqui, o ciclismo ou as caminhadas - e em S\u00e4len encontrar\u00e1s uma moderna pista de bowling no centro de Lindvallen. Tanto\u2026","rel":"","context":"Similar post","block_context":{"text":"Similar post","link":""},"img":{"alt_text":"Bowling i S\u00e4len","src":"https:\/\/i0.wp.com\/bno-travel.com\/wp-content\/uploads\/2025\/07\/bowling-salen-experium-aktiviteter-1.jpg?resize=350%2C200&ssl=1","width":350,"height":200,"srcset":"https:\/\/i0.wp.com\/bno-travel.com\/wp-content\/uploads\/2025\/07\/bowling-salen-experium-aktiviteter-1.jpg?resize=350%2C200&ssl=1 1x, https:\/\/i0.wp.com\/bno-travel.com\/wp-content\/uploads\/2025\/07\/bowling-salen-experium-aktiviteter-1.jpg?resize=525%2C300&ssl=1 1.5x"},"classes":[]},{"id":3434,"url":"https:\/\/bno-travel.com\/bowling-i-trysil-perfekt-for-hele-familien\/","url_meta":{"origin":4077,"position":3},"title":"Bowling i Trysil","author":"Jan Terje \u00c5s","date":"18 de Julho, 2025","format":false,"excerpt":"Bowling i Trysil En sosial og familievennlig aktivitet som passer perfekt mellom fjellopplevelsene Bowling i Trysil er et enkelt og popul\u00e6rt valg n\u00e5r du vil samle familien, vennegjengen eller kollegene til noe morsomt og avslappet. Midt i fjelldestinasjonen finner du et moderne bowlinganlegg som passer like godt som kveldsh\u00f8ydepunkt etter\u2026","rel":"","context":"Similar post","block_context":{"text":"Similar post","link":""},"img":{"alt_text":"","src":"","width":0,"height":0},"classes":[]},{"id":4102,"url":"https:\/\/bno-travel.com\/pt-pt\/restaurantes-em-trysil\/","url_meta":{"origin":4077,"position":4},"title":"Restaurantes em Trysil","author":"Jan Terje \u00c5s","date":"18 de Julho, 2025","format":false,"excerpt":"Restaurantes e lanchonetes em Trysil - Saborosos durante todo o ano Trysil oferece muito mais do que fant\u00e1sticas pistas de esqui e paisagens de montanha. Quer visites a \u00e1rea no inverno ou no ver\u00e3o, podes desfrutar de uma rica sele\u00e7\u00e3o de restaurantes, caf\u00e9s e locais de apr\u00e8s-ski - tudo, desde\u2026","rel":"","context":"Similar post","block_context":{"text":"Similar post","link":""},"img":{"alt_text":"Skistar Logde Trysil","src":"https:\/\/i0.wp.com\/bno-travel.com\/wp-content\/uploads\/2025\/07\/52199845033_2c000ed2d7_c.jpg?resize=350%2C200&ssl=1","width":350,"height":200,"srcset":"https:\/\/i0.wp.com\/bno-travel.com\/wp-content\/uploads\/2025\/07\/52199845033_2c000ed2d7_c.jpg?resize=350%2C200&ssl=1 1x, https:\/\/i0.wp.com\/bno-travel.com\/wp-content\/uploads\/2025\/07\/52199845033_2c000ed2d7_c.jpg?resize=525%2C300&ssl=1 1.5x, https:\/\/i0.wp.com\/bno-travel.com\/wp-content\/uploads\/2025\/07\/52199845033_2c000ed2d7_c.jpg?resize=700%2C400&ssl=1 2x"},"classes":[]},{"id":4090,"url":"https:\/\/bno-travel.com\/de\/bowling-in-trysil\/","url_meta":{"origin":4077,"position":5},"title":"Bowling in Trysil","author":"Jan Terje \u00c5s","date":"18 de Julho, 2025","format":false,"excerpt":"Bowling in Trysil - die perfekte Aktivit\u00e4t f\u00fcr die ganze Familie Bowling ist eine beliebte und gesellige Aktivit\u00e4t f\u00fcr Jung und Alt, und in Trysil finden Sie ein modernes und einladendes Bowlingcenter mitten im Herzen der Bergdestination. Ganz gleich, ob Sie mit der Familie, einer Gruppe von Freunden oder auf\u2026","rel":"","context":"Similar post","block_context":{"text":"Similar post","link":""},"img":{"alt_text":"Bowling i Trysil","src":"https:\/\/i0.wp.com\/bno-travel.com\/wp-content\/uploads\/2025\/06\/52198855347_f963be3dbf_c.jpg?resize=350%2C200&ssl=1","width":350,"height":200,"srcset":"https:\/\/i0.wp.com\/bno-travel.com\/wp-content\/uploads\/2025\/06\/52198855347_f963be3dbf_c.jpg?resize=350%2C200&ssl=1 1x, https:\/\/i0.wp.com\/bno-travel.com\/wp-content\/uploads\/2025\/06\/52198855347_f963be3dbf_c.jpg?resize=525%2C300&ssl=1 1.5x, https:\/\/i0.wp.com\/bno-travel.com\/wp-content\/uploads\/2025\/06\/52198855347_f963be3dbf_c.jpg?resize=700%2C400&ssl=1 2x"},"classes":[]}],"_links":{"self":[{"href":"https:\/\/bno-travel.com\/pt-pt\/wp-json\/wp\/v2\/pages\/4077","targetHints":{"allow":["GET"]}}],"collection":[{"href":"https:\/\/bno-travel.com\/pt-pt\/wp-json\/wp\/v2\/pages"}],"about":[{"href":"https:\/\/bno-travel.com\/pt-pt\/wp-json\/wp\/v2\/types\/page"}],"author":[{"embeddable":true,"href":"https:\/\/bno-travel.com\/pt-pt\/wp-json\/wp\/v2\/users\/260013438"}],"replies":[{"embeddable":true,"href":"https:\/\/bno-travel.com\/pt-pt\/wp-json\/wp\/v2\/comments?post=4077"}],"version-history":[{"count":3,"href":"https:\/\/bno-travel.com\/pt-pt\/wp-json\/wp\/v2\/pages\/4077\/revisions"}],"predecessor-version":[{"id":5214,"href":"https:\/\/bno-travel.com\/pt-pt\/wp-json\/wp\/v2\/pages\/4077\/revisions\/5214"}],"wp:attachment":[{"href":"https:\/\/bno-travel.com\/pt-pt\/wp-json\/wp\/v2\/media?parent=4077"}],"curies":[{"name":"wp","href":"https:\/\/api.w.org\/{rel}","templated":true}]}}