{"id":4133,"date":"2025-07-18T20:50:52","date_gmt":"2025-07-18T18:50:52","guid":{"rendered":"https:\/\/bno-travel.com\/?page_id=4133"},"modified":"2025-07-18T20:51:19","modified_gmt":"2025-07-18T18:51:19","slug":"compras-em-trysil","status":"publish","type":"page","link":"https:\/\/bno-travel.com\/pt-pt\/compras-em-trysil\/","title":{"rendered":"Compras em Trysil"},"content":{"rendered":"\n<p class=\"wp-block-paragraph\"><\/p>\n\n<div class=\"wp-block-cover alignfull is-light\" style=\"margin-top:0;margin-bottom:0;padding-top:var(--wp--preset--spacing--20);padding-right:var(--wp--preset--spacing--40);padding-bottom:var(--wp--preset--spacing--20);padding-left:var(--wp--preset--spacing--40);min-height:919px;aspect-ratio:unset;\"><img data-recalc-dims=\"1\" fetchpriority=\"high\" decoding=\"async\" width=\"800\" height=\"450\" class=\"wp-block-cover__image-background wp-image-2226 size-full\" alt=\"Shopping i Trysil\" src=\"https:\/\/i0.wp.com\/bno-travel.com\/wp-content\/uploads\/2025\/06\/sentrum_1920.jpg?resize=800%2C450&#038;ssl=1\" style=\"object-position:48% 57%\" data-object-fit=\"cover\" data-object-position=\"48% 57%\" srcset=\"https:\/\/i0.wp.com\/bno-travel.com\/wp-content\/uploads\/2025\/06\/sentrum_1920.jpg?w=1920&amp;ssl=1 1920w, https:\/\/i0.wp.com\/bno-travel.com\/wp-content\/uploads\/2025\/06\/sentrum_1920.jpg?resize=300%2C169&amp;ssl=1 300w, https:\/\/i0.wp.com\/bno-travel.com\/wp-content\/uploads\/2025\/06\/sentrum_1920.jpg?resize=1024%2C576&amp;ssl=1 1024w, https:\/\/i0.wp.com\/bno-travel.com\/wp-content\/uploads\/2025\/06\/sentrum_1920.jpg?resize=768%2C432&amp;ssl=1 768w, https:\/\/i0.wp.com\/bno-travel.com\/wp-content\/uploads\/2025\/06\/sentrum_1920.jpg?resize=1536%2C864&amp;ssl=1 1536w, https:\/\/i0.wp.com\/bno-travel.com\/wp-content\/uploads\/2025\/06\/sentrum_1920.jpg?w=1600&amp;ssl=1 1600w\" sizes=\"(max-width: 800px) 100vw, 800px\" \/><span aria-hidden=\"true\" class=\"wp-block-cover__background has-theme-1-background-color has-background-dim-30 has-background-dim\"><\/span><div class=\"wp-block-cover__inner-container is-layout-flow wp-block-cover-is-layout-flow\">\n<div style=\"height:var(--wp--preset--spacing--50)\" aria-hidden=\"true\" class=\"wp-block-spacer\"><\/div>\n\n\n\n<div style=\"height:var(--wp--preset--spacing--50)\" aria-hidden=\"true\" class=\"wp-block-spacer\"><\/div>\n<\/div><\/div>\n\n<div class=\"wp-block-group alignfull is-style-section-3 is-layout-constrained wp-block-group-is-layout-constrained\" style=\"margin-top:0;margin-bottom:0;padding-top:var(--wp--preset--spacing--40);padding-bottom:var(--wp--preset--spacing--40)\">\n<div class=\"wp-block-columns alignwide are-vertically-aligned-center is-layout-flex wp-container-core-columns-is-layout-d9ad523d wp-block-columns-is-layout-flex\">\n<div class=\"wp-block-column is-vertically-aligned-center is-layout-flow wp-block-column-is-layout-flow\">\n<figure class=\"wp-block-image size-full\"><img data-recalc-dims=\"1\" decoding=\"async\" width=\"800\" height=\"449\" src=\"https:\/\/i0.wp.com\/bno-travel.com\/wp-content\/uploads\/2025\/07\/20.06.19_Dronebilder-Sentrum_FULLSIZE-2.jpg?resize=800%2C449&#038;ssl=1\" alt=\"Experimenta o Trysil\" class=\"wp-image-3199\" style=\"aspect-ratio:3\/4;object-fit:cover\" title=\"t&#xED;tulo\" srcset=\"https:\/\/i0.wp.com\/bno-travel.com\/wp-content\/uploads\/2025\/07\/20.06.19_Dronebilder-Sentrum_FULLSIZE-2.jpg?w=5464&amp;ssl=1 5464w, https:\/\/i0.wp.com\/bno-travel.com\/wp-content\/uploads\/2025\/07\/20.06.19_Dronebilder-Sentrum_FULLSIZE-2.jpg?resize=300%2C169&amp;ssl=1 300w, https:\/\/i0.wp.com\/bno-travel.com\/wp-content\/uploads\/2025\/07\/20.06.19_Dronebilder-Sentrum_FULLSIZE-2.jpg?resize=1024%2C575&amp;ssl=1 1024w, https:\/\/i0.wp.com\/bno-travel.com\/wp-content\/uploads\/2025\/07\/20.06.19_Dronebilder-Sentrum_FULLSIZE-2.jpg?resize=768%2C432&amp;ssl=1 768w, https:\/\/i0.wp.com\/bno-travel.com\/wp-content\/uploads\/2025\/07\/20.06.19_Dronebilder-Sentrum_FULLSIZE-2.jpg?resize=1536%2C863&amp;ssl=1 1536w, https:\/\/i0.wp.com\/bno-travel.com\/wp-content\/uploads\/2025\/07\/20.06.19_Dronebilder-Sentrum_FULLSIZE-2.jpg?resize=2048%2C1151&amp;ssl=1 2048w, https:\/\/i0.wp.com\/bno-travel.com\/wp-content\/uploads\/2025\/07\/20.06.19_Dronebilder-Sentrum_FULLSIZE-2.jpg?w=1600&amp;ssl=1 1600w, https:\/\/i0.wp.com\/bno-travel.com\/wp-content\/uploads\/2025\/07\/20.06.19_Dronebilder-Sentrum_FULLSIZE-2.jpg?w=2400&amp;ssl=1 2400w\" sizes=\"(max-width: 800px) 100vw, 800px\" \/><\/figure>\n<\/div>\n\n\n\n<div class=\"wp-block-column is-vertically-aligned-center is-content-justification-left is-layout-constrained wp-container-core-column-is-layout-b64f6bf5 wp-block-column-is-layout-constrained\">\n<p class=\"wp-block-paragraph\"><\/p>\n\n\n\n<h2 class=\"wp-block-heading\">Compras em Trysil - Experimenta as lojas locais e os caf\u00e9s acolhedores no cora\u00e7\u00e3o da aldeia de montanha<\/h2>\n\n\n\n<p class=\"wp-block-paragraph\">Trysil pode ser mais conhecida pelo seu esqui e pelas montanhas, mas no centro da aldeia tamb\u00e9m encontrar\u00e1s uma pequena cidade encantadora e vibrante com tudo o que precisas para umas f\u00e9rias completas na montanha. <strong>O centro da cidade de Trysil<\/strong> oferece uma variedade surpreendente de lojas, caf\u00e9s, lojas especializadas e servi\u00e7os - perfeito para viagens de compras, pausas para caf\u00e9 e dias tranquilos entre actividades.<\/p>\n\n\n\n<p class=\"wp-block-paragraph\">Aqui podes fazer compras locais, simples e pessoais - tudo, desde desporto e lazer a moda, interiores e especialidades locais. Com uma dist\u00e2ncia a p\u00e9 entre <a href=\"https:\/\/www.trysil.com\/bedrifter\/trysilsenteret-as\/trysilsenteret-as\/\" target=\"_blank\" rel=\"noopener\">o centro comercial<\/a> e as acolhedoras lojas do centro da cidade e uma atmosfera tranquila, o centro de Trysil \u00e9 uma agrad\u00e1vel pausa das montanhas, tanto no inverno como no ver\u00e3o. <\/p>\n\n\n\n<p class=\"wp-block-paragraph\"><\/p>\n\n\n\n<div class=\"wp-block-buttons is-layout-flex wp-block-buttons-is-layout-flex\"><\/div>\n<\/div>\n<\/div>\n<\/div>\n\n<div class=\"wp-block-group alignfull is-style-default is-content-justification-center is-layout-constrained wp-container-core-group-is-layout-69af11d0 wp-block-group-is-layout-constrained\" style=\"margin-top:0;margin-bottom:0;padding-top:var(--wp--preset--spacing--40);padding-bottom:var(--wp--preset--spacing--40)\">\n<div class=\"wp-block-group alignwide is-content-justification-left is-layout-constrained wp-container-core-group-is-layout-54d22900 wp-block-group-is-layout-constrained\">\n<p class=\"wp-block-paragraph\"><\/p>\n<\/div>\n<\/div>\n\n<div class=\"wp-block-group alignfull is-content-justification-center is-layout-constrained wp-block-group-is-layout-constrained\" style=\"margin-top:0;margin-bottom:0;padding-top:var(--wp--preset--spacing--40);padding-bottom:var(--wp--preset--spacing--40)\">\n<div class=\"wp-block-columns alignwide are-vertically-aligned-center is-layout-flex wp-container-core-columns-is-layout-7387b849 wp-block-columns-is-layout-flex\">\n<div class=\"wp-block-column is-vertically-aligned-center is-content-justification-left is-layout-constrained wp-container-core-column-is-layout-b64f6bf5 wp-block-column-is-layout-constrained\">\n<h2 class=\"wp-block-heading has-xx-large-font-size\">Lojas e servi\u00e7os no centro da cidade de Trysil<\/h2>\n\n\n\n<p class=\"wp-block-paragraph\">No centro da cidade de Trysil, encontrar\u00e1s lado a lado <strong>cadeias de lojas bem conhecidas<\/strong> e <strong>lojas especializadas locais<\/strong>. O desporto e o lazer s\u00e3o fortes - perfeitos para quem precisa de equipamento extra para andar de bicicleta ou fazer caminhadas, ou para quem quer atualizar o seu guarda-roupa de esqui com roupas e sapatos novos. \u00c9 f\u00e1cil encontrar equipamento de qualidade para as actividades de inverno e de ver\u00e3o.  <\/p>\n\n\n\n<p class=\"wp-block-paragraph\">Entre outras coisas, encontrar\u00e1s:<\/p>\n\n\n\n<ul class=\"wp-block-list\">\n<li>Lojas de desporto com marcas de esqui, ciclismo e actividades ao ar livre<\/li>\n\n\n\n<li>Roupa, moda e cal\u00e7ado para adultos e crian\u00e7as<\/li>\n\n\n\n<li>Lojas de interior com artesanato e presentes<\/li>\n\n\n\n<li>Mercearia, farm\u00e1cia, flores e ferragens<\/li>\n\n\n\n<li>Eletr\u00f3nica, cabeleireiro e cuidados de sa\u00fade<\/li>\n<\/ul>\n\n\n\n<p class=\"wp-block-paragraph\">Tamb\u00e9m no centro da cidade est\u00e1 o <strong>Trysilsenteret<\/strong>, um pequeno centro comercial com v\u00e1rias lojas debaixo do mesmo teto - perfeito para uma viagem de compras r\u00e1pida e eficiente.<\/p>\n\n\n\n<p class=\"wp-block-paragraph\">Actividades no centro da cidade de Trysil e arredores<\/p>\n\n\n\n<p class=\"wp-block-paragraph\">Trysil tamb\u00e9m oferece muitas actividades fora das montanhas, tanto no ver\u00e3o como no inverno.<\/p>\n\n\n\n<p class=\"wp-block-paragraph\"><strong>Actividades de inverno perto do centro da cidade:<\/strong><\/p>\n\n\n\n<ul class=\"wp-block-list\">\n<li><strong>As pistas de esqui de fundo<\/strong> come\u00e7am perto do centro da cidade e proporcionam um acesso f\u00e1cil \u00e0s<a href=\"https:\/\/bno-travel.com\/pt-pt\/?page_id=4404\"> experi\u00eancias naturais mais tranquilas do inverno<\/a><\/li>\n\n\n\n<li><strong>Faz snowshoeing<\/strong> nas zonas florestais pr\u00f3ximas<\/li>\n\n\n\n<li><strong>Tren\u00f3s e \u00e1reas de lazer ao ar livre<\/strong> para crian\u00e7as<\/li>\n\n\n\n<li><strong>Passeios de tren\u00f3<\/strong> puxado por c\u00e3es e a cavalo organizados por operadores locais<\/li>\n<\/ul>\n\n\n\n<p class=\"wp-block-paragraph\"><strong>Actividades de ver\u00e3o a partir do centro da cidade:<\/strong><\/p>\n\n\n\n<ul class=\"wp-block-list\">\n<li><strong>O rio Trysilelva<\/strong> atravessa o centro da cidade - perfeito para remar, pescar ou dar passeios no rio<\/li>\n\n\n\n<li><strong>Ciclovias e passadi\u00e7os<\/strong> para passeios f\u00e1ceis nas plan\u00edcies<\/li>\n\n\n\n<li><strong>Trilhos culturais e edif\u00edcios hist\u00f3ricos<\/strong> para aqueles que querem aprender mais sobre a <a href=\"https:\/\/www.trysil.com\/bedrifter\/anno-museum-trysil-og-engerdal\/trysil-bygdetun\/\" target=\"_blank\" rel=\"noopener\">hist\u00f3ria de Trysil<\/a><\/li>\n\n\n\n<li><strong>Parques de escalada e \u00e1reas de atividade<\/strong> a uma curta dist\u00e2ncia de carro<\/li>\n<\/ul>\n<\/div>\n\n\n\n<div class=\"wp-block-column is-vertically-aligned-center is-layout-flow wp-block-column-is-layout-flow\">\n<figure class=\"wp-block-image size-full\"><img data-recalc-dims=\"1\" decoding=\"async\" width=\"799\" height=\"532\" src=\"https:\/\/i0.wp.com\/bno-travel.com\/wp-content\/uploads\/2025\/06\/19105672288_2155e3dd4c_c.jpg?resize=799%2C532&#038;ssl=1\" alt=\"ver&#xE3;o em Trysil\" class=\"wp-image-2278\" style=\"aspect-ratio:3\/4;object-fit:cover\" srcset=\"https:\/\/i0.wp.com\/bno-travel.com\/wp-content\/uploads\/2025\/06\/19105672288_2155e3dd4c_c.jpg?w=799&amp;ssl=1 799w, https:\/\/i0.wp.com\/bno-travel.com\/wp-content\/uploads\/2025\/06\/19105672288_2155e3dd4c_c.jpg?resize=300%2C200&amp;ssl=1 300w, https:\/\/i0.wp.com\/bno-travel.com\/wp-content\/uploads\/2025\/06\/19105672288_2155e3dd4c_c.jpg?resize=768%2C511&amp;ssl=1 768w\" sizes=\"(max-width: 799px) 100vw, 799px\" \/><\/figure>\n<\/div>\n<\/div>\n<\/div>\n\n<div class=\"wp-block-group alignfull is-style-default is-content-justification-center is-layout-constrained wp-container-core-group-is-layout-69af11d0 wp-block-group-is-layout-constrained\" style=\"margin-top:0;margin-bottom:0;padding-top:var(--wp--preset--spacing--40);padding-bottom:var(--wp--preset--spacing--40)\">\n<div class=\"wp-block-group alignfull is-content-justification-center is-layout-constrained wp-container-core-group-is-layout-4853c3a7 wp-block-group-is-layout-constrained\" style=\"margin-top:0;margin-bottom:0;padding-top:calc( 0.5 * var(u002du002dwpu002du002dstyleu002du002drootu002du002dpadding-right, var(u002du002dwpu002du002dcustomu002du002dgapu002du002dhorizontal)));padding-right:var(u002du002dwpu002du002dstyleu002du002drootu002du002dpadding-right, var(u002du002dwpu002du002dcustomu002du002dgapu002du002dhorizontal));padding-bottom:calc( 0.5 * var(u002du002dwpu002du002dstyleu002du002drootu002du002dpadding-right, var(u002du002dwpu002du002dcustomu002du002dgapu002du002dhorizontal)));padding-left:var(u002du002dwpu002du002dstyleu002du002drootu002du002dpadding-left, var(u002du002dwpu002du002dcustomu002du002dgapu002du002dhorizontal))\">\n<div style=\"height:calc( 0.25 * var(u002du002dwpu002du002dstyleu002du002drootu002du002dpadding-right, var(u002du002dwpu002du002dcustomu002du002dgapu002du002dhorizontal)))\" aria-hidden=\"true\" class=\"wp-block-spacer\"><\/div>\n\n\n\n<div class=\"wp-block-columns alignwide is-layout-flex wp-container-core-columns-is-layout-7387b849 wp-block-columns-is-layout-flex\">\n<div class=\"wp-block-column is-vertically-aligned-center is-layout-flow wp-block-column-is-layout-flow\">\n<figure class=\"wp-block-image size-full\"><img data-recalc-dims=\"1\" loading=\"lazy\" decoding=\"async\" width=\"532\" height=\"799\" src=\"https:\/\/i0.wp.com\/bno-travel.com\/wp-content\/uploads\/2025\/06\/18670754034_e10bf74a7e_c.jpg?resize=532%2C799&#038;ssl=1\" alt=\"\" class=\"wp-image-2265\" style=\"aspect-ratio:3\/4;object-fit:cover\" srcset=\"https:\/\/i0.wp.com\/bno-travel.com\/wp-content\/uploads\/2025\/06\/18670754034_e10bf74a7e_c.jpg?w=532&amp;ssl=1 532w, https:\/\/i0.wp.com\/bno-travel.com\/wp-content\/uploads\/2025\/06\/18670754034_e10bf74a7e_c.jpg?resize=200%2C300&amp;ssl=1 200w\" sizes=\"(max-width: 532px) 100vw, 532px\" \/><\/figure>\n<\/div>\n\n\n\n<div class=\"wp-block-column is-vertically-aligned-center is-layout-flow wp-block-column-is-layout-flow\">\n<p class=\"has-text-align-left wp-block-paragraph\"><\/p>\n\n\n\n<p class=\"wp-block-paragraph\">Caf\u00e9s e restaurantes - uma pausa saborosa no centro da cidade<\/p>\n\n\n\n<p class=\"wp-block-paragraph\">Quando os teus sacos de compras estiverem cheios e as tuas pernas precisarem de uma pausa, h\u00e1 v\u00e1rios <strong>caf\u00e9s e padarias<\/strong> acolhedores no centro da cidade. Aqui podes sentar-te com uma ch\u00e1vena de caf\u00e9 fumegante, saborear produtos acabados de fazer, um bom almo\u00e7o ou apenas algo doce num ambiente acolhedor. <\/p>\n\n\n\n<p class=\"wp-block-paragraph\">Algumas sugest\u00f5es de caf\u00e9s populares no centro da cidade de Trysil:<\/p>\n\n\n\n<ul class=\"wp-block-list\">\n<li><strong>L\u00f8kja <\/strong>- Um gastropub moderno com foco na comida e bebida locais, concertos e um ambiente acolhedor<\/li>\n\n\n\n<li><strong>Fru Skj\u00e6raasen<\/strong> - Combina caf\u00e9, design de interiores e loja de presentes, perfeito para uma pausa acolhedora com algo excitante para a casa<\/li>\n\n\n\n<li><strong>Parken Bistro &amp; Bar<\/strong> - \u00d3timo para pequeno-almo\u00e7o, almo\u00e7o e jantar, aberto todos os dias<\/li>\n\n\n\n<li><strong>Husets Kaf\u00e9<\/strong> - Local de encontro no centro da cidade, com deliciosos bolos, caf\u00e9 e refei\u00e7\u00f5es ligeiras. Uma escolha acolhedora para uma pausa tranquila <\/li>\n\n\n\n<li><strong>Kremen Konditori<\/strong> - Uma pastelaria popular com pastelaria fresca. Recomendado para tenta\u00e7\u00f5es doces durante a tua visita <\/li>\n<\/ul>\n\n\n\n<p class=\"wp-block-paragraph\">Flere steder tilbyr ogs\u00e5 lokalmat og spesialprodukter som er fine \u00e5 ta med hjem som suvenirer eller gaver.<\/p>\n\n\n\n<p class=\"wp-block-paragraph\">Alojamento em ou perto do centro da cidade de Trysil<\/p>\n\n\n\n<p class=\"wp-block-paragraph\">Existem v\u00e1rias boas op\u00e7\u00f5es de <strong>alojamento no centro da cidade de Trysil e nas suas proximidades<\/strong>. Aqui estar\u00e1s perto de lojas, restaurantes e servi\u00e7os - e, ao mesmo tempo, a uma curta dist\u00e2ncia do autocarro de esqui ou das actividades de ver\u00e3o. <\/p>\n\n\n\n<p class=\"wp-block-paragraph\">Algumas <a href=\"https:\/\/bno-travel.com\/pt-pt\/?page_id=2959\">op\u00e7\u00f5es de alojamento<\/a> incluem:<\/p>\n\n\n\n<ul class=\"wp-block-list\">\n<li><strong>Hot\u00e9is<\/strong> com conforto e pequeno-almo\u00e7o inclu\u00eddo<\/li>\n\n\n\n<li>Aluga <strong>casas de campo<\/strong> e apartamentos atrav\u00e9s da BNO TRAVEL para uma experi\u00eancia mais privada<\/li>\n\n\n\n<li><\/li>\n<\/ul>\n\n\n\n<p class=\"wp-block-paragraph\">Ficar perto do centro da cidade d\u00e1-te flexibilidade - perfeito para fam\u00edlias com crian\u00e7as, grupos de amigos ou para aqueles que querem combinar montanhas e comodidades.<\/p>\n\n\n\n<hr class=\"wp-block-separator has-alpha-channel-opacity\"\/>\n\n\n\n<h2 class=\"wp-block-heading\">Experimenta as compras e a vida urbana em Trysil com a BNO TRAVEL<\/h2>\n\n\n\n<p class=\"wp-block-paragraph\">O centro da cidade de Trysil \u00e9 mais do que um simples ponto de parada - \u00e9 um agrad\u00e1vel ponto de encontro para compras locais, boa comida e momentos de relaxamento. Na <strong>BNO TRAVEL<\/strong>, ajudamos-te a encontrar o alojamento perfeito e damos-te dicas sobre o que podes experimentar ao longo do caminho. Combina compras com natureza, visitas a caf\u00e9s com esqui ou ciclismo e descobre o que Trysil tem para oferecer - durante todo o ano.  <\/p>\n<\/div>\n<\/div>\n\n\n\n<div style=\"height:calc( 0.25 * var(u002du002dwpu002du002dstyleu002du002drootu002du002dpadding-right, var(u002du002dwpu002du002dcustomu002du002dgapu002du002dhorizontal)))\" aria-hidden=\"true\" class=\"wp-block-spacer\"><\/div>\n<\/div>\n\n\n\n<div class=\"wp-block-group alignwide is-content-justification-left is-layout-constrained wp-container-core-group-is-layout-54d22900 wp-block-group-is-layout-constrained\"><\/div>\n<\/div>\n\n<div class=\"wp-block-group alignfull is-style-default is-content-justification-center is-layout-constrained wp-container-core-group-is-layout-cdf99998 wp-block-group-is-layout-constrained\" style=\"margin-top:0;margin-bottom:0;padding-top:var(--wp--preset--spacing--40);padding-bottom:var(--wp--preset--spacing--40)\"><\/div>\n\n<p class=\"wp-block-paragraph\"><\/p>\n","protected":false},"excerpt":{"rendered":"<p>Compras em Trysil - Experimenta as lojas locais e os caf\u00e9s acolhedores no cora\u00e7\u00e3o da aldeia de montanha Trysil pode ser mais conhecida pelo seu esqui e pelas montanhas, mas no centro da aldeia tamb\u00e9m encontrar\u00e1s uma pequena cidade encantadora e vibrante com tudo o que precisas para umas f\u00e9rias completas na montanha. O centro [&hellip;]<\/p>\n","protected":false},"author":260013438,"featured_media":0,"parent":0,"menu_order":0,"comment_status":"closed","ping_status":"closed","template":"","meta":{"_crdt_document":"","footnotes":""},"class_list":["post-4133","page","type-page","status-publish","hentry"],"jetpack_likes_enabled":true,"jetpack_sharing_enabled":true,"jetpack_shortlink":"https:\/\/wp.me\/PgDuwj-14F","jetpack-related-posts":[{"id":2700,"url":"https:\/\/bno-travel.com\/pt-pt\/centro-de-turismo-de-trysil\/","url_meta":{"origin":4133,"position":0},"title":"Centro de Turismo de Trysil","author":"Jan Terje \u00c5s","date":"18 de Julho, 2025","format":false,"excerpt":"Trysil - \u00c1rea principal Trysil Turistsenter - alojamento em Trysil com f\u00e1cil acesso a actividades, escola de esqui e aluguer de esquis O Trysil Turistsenter \u00e9 uma das \u00e1reas mais populares para alojamento em Trysil, com proximidade a actividades, servi\u00e7os e um bom ponto de partida para estadias de inverno\u2026","rel":"","context":"Similar post","block_context":{"text":"Similar post","link":""},"img":{"alt_text":"","src":"","width":0,"height":0},"classes":[]},{"id":4102,"url":"https:\/\/bno-travel.com\/pt-pt\/restaurantes-em-trysil\/","url_meta":{"origin":4133,"position":1},"title":"Restaurantes em Trysil","author":"Jan Terje \u00c5s","date":"18 de Julho, 2025","format":false,"excerpt":"Restaurantes e lanchonetes em Trysil - Saborosos durante todo o ano Trysil oferece muito mais do que fant\u00e1sticas pistas de esqui e paisagens de montanha. Quer visites a \u00e1rea no inverno ou no ver\u00e3o, podes desfrutar de uma rica sele\u00e7\u00e3o de restaurantes, caf\u00e9s e locais de apr\u00e8s-ski - tudo, desde\u2026","rel":"","context":"Similar post","block_context":{"text":"Similar post","link":""},"img":{"alt_text":"Skistar Logde Trysil","src":"https:\/\/i0.wp.com\/bno-travel.com\/wp-content\/uploads\/2025\/07\/52199845033_2c000ed2d7_c.jpg?resize=350%2C200&ssl=1","width":350,"height":200,"srcset":"https:\/\/i0.wp.com\/bno-travel.com\/wp-content\/uploads\/2025\/07\/52199845033_2c000ed2d7_c.jpg?resize=350%2C200&ssl=1 1x, https:\/\/i0.wp.com\/bno-travel.com\/wp-content\/uploads\/2025\/07\/52199845033_2c000ed2d7_c.jpg?resize=525%2C300&ssl=1 1.5x, https:\/\/i0.wp.com\/bno-travel.com\/wp-content\/uploads\/2025\/07\/52199845033_2c000ed2d7_c.jpg?resize=700%2C400&ssl=1 2x"},"classes":[]},{"id":4404,"url":"https:\/\/bno-travel.com\/pt-pt\/esqui-de-fundo-em-trysil\/","url_meta":{"origin":4133,"position":2},"title":"Esqui de fundo em Trysil","author":"Jan Terje \u00c5s","date":"18 de Julho, 2025","format":false,"excerpt":"Esqui de fundo em Trysil - Experimenta os trilhos de fundo mais bonitos e variados da Noruega Bem-vindo a Trysil - um para\u00edso de inverno para os entusiastas do corta-mato! Com mais de 100 quil\u00f3metros de pistas preparadas, percursos variados atrav\u00e9s de florestas e montanhas, \u00e1reas para fam\u00edlias e paisagens\u2026","rel":"","context":"Similar post","block_context":{"text":"Similar post","link":""},"img":{"alt_text":"Langrenn i Trysil","src":"https:\/\/i0.wp.com\/bno-travel.com\/wp-content\/uploads\/2025\/07\/IMG_5369-rotated.jpg?resize=350%2C200&ssl=1","width":350,"height":200,"srcset":"https:\/\/i0.wp.com\/bno-travel.com\/wp-content\/uploads\/2025\/07\/IMG_5369-rotated.jpg?resize=350%2C200&ssl=1 1x, https:\/\/i0.wp.com\/bno-travel.com\/wp-content\/uploads\/2025\/07\/IMG_5369-rotated.jpg?resize=525%2C300&ssl=1 1.5x, https:\/\/i0.wp.com\/bno-travel.com\/wp-content\/uploads\/2025\/07\/IMG_5369-rotated.jpg?resize=700%2C400&ssl=1 2x, https:\/\/i0.wp.com\/bno-travel.com\/wp-content\/uploads\/2025\/07\/IMG_5369-rotated.jpg?resize=1050%2C600&ssl=1 3x, https:\/\/i0.wp.com\/bno-travel.com\/wp-content\/uploads\/2025\/07\/IMG_5369-rotated.jpg?resize=1400%2C800&ssl=1 4x"},"classes":[]},{"id":2841,"url":"https:\/\/bno-travel.com\/pt-pt\/descobre-trysil-todo-o-ano-para-os-veraneantes-activos\/","url_meta":{"origin":4133,"position":3},"title":"Descobre Trysil: Todo o ano para os veraneantes activos","author":"Jan Terje \u00c5s","date":"18 de Julho, 2025","format":false,"excerpt":"Experimenta o Trysil \u2605\u2605\u2605\u2605\u2605 Aqui encontrar\u00e1s alojamento em Trysil Trysil n\u00e3o \u00e9 apenas o maior destino de esqui da Noruega - \u00e9 tamb\u00e9m um para\u00edso durante todo o ano para h\u00f3spedes activos, fam\u00edlias e amantes da natureza. Quer visites a montanha em busca de velocidade e emo\u00e7\u00e3o, relaxamento ou tempo\u2026","rel":"","context":"Similar post","block_context":{"text":"Similar post","link":""},"img":{"alt_text":"Opplev Trysil","src":"https:\/\/i0.wp.com\/bno-travel.com\/wp-content\/uploads\/2025\/07\/20.06.19_Dronebilder-Sentrum_FULLSIZE-2.jpg?resize=350%2C200&ssl=1","width":350,"height":200,"srcset":"https:\/\/i0.wp.com\/bno-travel.com\/wp-content\/uploads\/2025\/07\/20.06.19_Dronebilder-Sentrum_FULLSIZE-2.jpg?resize=350%2C200&ssl=1 1x, https:\/\/i0.wp.com\/bno-travel.com\/wp-content\/uploads\/2025\/07\/20.06.19_Dronebilder-Sentrum_FULLSIZE-2.jpg?resize=525%2C300&ssl=1 1.5x, https:\/\/i0.wp.com\/bno-travel.com\/wp-content\/uploads\/2025\/07\/20.06.19_Dronebilder-Sentrum_FULLSIZE-2.jpg?resize=700%2C400&ssl=1 2x, https:\/\/i0.wp.com\/bno-travel.com\/wp-content\/uploads\/2025\/07\/20.06.19_Dronebilder-Sentrum_FULLSIZE-2.jpg?resize=1050%2C600&ssl=1 3x, https:\/\/i0.wp.com\/bno-travel.com\/wp-content\/uploads\/2025\/07\/20.06.19_Dronebilder-Sentrum_FULLSIZE-2.jpg?resize=1400%2C800&ssl=1 4x"},"classes":[]},{"id":3962,"url":"https:\/\/bno-travel.com\/pt-pt\/compras-em-salen\/","url_meta":{"origin":4133,"position":4},"title":"Compras em S\u00e4len","author":"Jan Terje \u00c5s","date":"18 de Julho, 2025","format":false,"excerpt":"Compras em S\u00e4len - Compras locais, vida nos caf\u00e9s e ambiente de montanha durante todo o ano S\u00e4len \u00e9 conhecida principalmente como um dos maiores destinos de esqui da regi\u00e3o n\u00f3rdica, mas a \u00e1rea tamb\u00e9m oferece excelentes experi\u00eancias de compras e gastronomia local para dar \u00e0s tuas f\u00e9rias na montanha\u2026","rel":"","context":"Similar post","block_context":{"text":"Similar post","link":""},"img":{"alt_text":"Shopping i S\u00e4len","src":"https:\/\/i0.wp.com\/bno-travel.com\/wp-content\/uploads\/2025\/07\/AdobeStock_257205476.jpeg?resize=350%2C200&ssl=1","width":350,"height":200,"srcset":"https:\/\/i0.wp.com\/bno-travel.com\/wp-content\/uploads\/2025\/07\/AdobeStock_257205476.jpeg?resize=350%2C200&ssl=1 1x, https:\/\/i0.wp.com\/bno-travel.com\/wp-content\/uploads\/2025\/07\/AdobeStock_257205476.jpeg?resize=525%2C300&ssl=1 1.5x, https:\/\/i0.wp.com\/bno-travel.com\/wp-content\/uploads\/2025\/07\/AdobeStock_257205476.jpeg?resize=700%2C400&ssl=1 2x, https:\/\/i0.wp.com\/bno-travel.com\/wp-content\/uploads\/2025\/07\/AdobeStock_257205476.jpeg?resize=1050%2C600&ssl=1 3x, https:\/\/i0.wp.com\/bno-travel.com\/wp-content\/uploads\/2025\/07\/AdobeStock_257205476.jpeg?resize=1400%2C800&ssl=1 4x"},"classes":[]}],"_links":{"self":[{"href":"https:\/\/bno-travel.com\/pt-pt\/wp-json\/wp\/v2\/pages\/4133","targetHints":{"allow":["GET"]}}],"collection":[{"href":"https:\/\/bno-travel.com\/pt-pt\/wp-json\/wp\/v2\/pages"}],"about":[{"href":"https:\/\/bno-travel.com\/pt-pt\/wp-json\/wp\/v2\/types\/page"}],"author":[{"embeddable":true,"href":"https:\/\/bno-travel.com\/pt-pt\/wp-json\/wp\/v2\/users\/260013438"}],"replies":[{"embeddable":true,"href":"https:\/\/bno-travel.com\/pt-pt\/wp-json\/wp\/v2\/comments?post=4133"}],"version-history":[{"count":2,"href":"https:\/\/bno-travel.com\/pt-pt\/wp-json\/wp\/v2\/pages\/4133\/revisions"}],"predecessor-version":[{"id":4813,"href":"https:\/\/bno-travel.com\/pt-pt\/wp-json\/wp\/v2\/pages\/4133\/revisions\/4813"}],"wp:attachment":[{"href":"https:\/\/bno-travel.com\/pt-pt\/wp-json\/wp\/v2\/media?parent=4133"}],"curies":[{"name":"wp","href":"https:\/\/api.w.org\/{rel}","templated":true}]}}