{"id":4262,"date":"2025-07-18T20:52:57","date_gmt":"2025-07-18T18:52:57","guid":{"rendered":"https:\/\/bno-travel.com\/?page_id=4262"},"modified":"2025-07-18T20:53:02","modified_gmt":"2025-07-18T18:53:02","slug":"caminhadas-em-trysil","status":"publish","type":"page","link":"https:\/\/bno-travel.com\/pt-pt\/caminhadas-em-trysil\/","title":{"rendered":"Caminhadas em Trysil"},"content":{"rendered":"\n<p class=\"wp-block-paragraph\"><\/p>\n\n<div class=\"wp-block-cover alignfull\" style=\"margin-top:0;margin-bottom:0;padding-top:var(--wp--preset--spacing--20);padding-right:var(--wp--preset--spacing--40);padding-bottom:var(--wp--preset--spacing--20);padding-left:var(--wp--preset--spacing--40);min-height:965px;aspect-ratio:unset;\"><img data-recalc-dims=\"1\" fetchpriority=\"high\" decoding=\"async\" width=\"799\" height=\"534\" class=\"wp-block-cover__image-background wp-image-2382 size-full\" alt=\"Vandring i Trysil Skagsvola - en herlig vandretur for hele familien.\" src=\"https:\/\/i0.wp.com\/bno-travel.com\/wp-content\/uploads\/2025\/06\/28177379886_c8a50193b0_c.jpg?resize=799%2C534&#038;ssl=1\" style=\"object-position:53% 63%\" data-object-fit=\"cover\" data-object-position=\"53% 63%\" srcset=\"https:\/\/i0.wp.com\/bno-travel.com\/wp-content\/uploads\/2025\/06\/28177379886_c8a50193b0_c.jpg?w=799&amp;ssl=1 799w, https:\/\/i0.wp.com\/bno-travel.com\/wp-content\/uploads\/2025\/06\/28177379886_c8a50193b0_c.jpg?resize=300%2C201&amp;ssl=1 300w, https:\/\/i0.wp.com\/bno-travel.com\/wp-content\/uploads\/2025\/06\/28177379886_c8a50193b0_c.jpg?resize=768%2C513&amp;ssl=1 768w\" sizes=\"(max-width: 799px) 100vw, 799px\" \/><span aria-hidden=\"true\" class=\"wp-block-cover__background has-theme-1-background-color has-background-dim-30 has-background-dim\"><\/span><div class=\"wp-block-cover__inner-container is-layout-flow wp-block-cover-is-layout-flow\">\n<div style=\"height:var(--wp--preset--spacing--50)\" aria-hidden=\"true\" class=\"wp-block-spacer\"><\/div>\n\n\n\n<div style=\"height:var(--wp--preset--spacing--50)\" aria-hidden=\"true\" class=\"wp-block-spacer\"><\/div>\n<\/div><\/div>\n\n<div class=\"wp-block-group alignfull is-style-section-3 is-layout-constrained wp-block-group-is-layout-constrained\" style=\"margin-top:0;margin-bottom:0;padding-top:var(--wp--preset--spacing--40);padding-bottom:var(--wp--preset--spacing--40)\">\n<div class=\"wp-block-columns alignwide are-vertically-aligned-center is-layout-flex wp-container-core-columns-is-layout-d9ad523d wp-block-columns-is-layout-flex\">\n<div class=\"wp-block-column is-vertically-aligned-center is-layout-flow wp-block-column-is-layout-flow\">\n<figure class=\"wp-block-image size-full\"><img data-recalc-dims=\"1\" decoding=\"async\" width=\"799\" height=\"534\" src=\"https:\/\/i0.wp.com\/bno-travel.com\/wp-content\/uploads\/2025\/06\/27930399740_e3e100021e_c.jpg?resize=799%2C534&#038;ssl=1\" alt=\"Caminhadas em Trysil\" class=\"wp-image-2369\" style=\"aspect-ratio:3\/4;object-fit:cover\" title=\"t&#xED;tulo\" srcset=\"https:\/\/i0.wp.com\/bno-travel.com\/wp-content\/uploads\/2025\/06\/27930399740_e3e100021e_c.jpg?w=799&amp;ssl=1 799w, https:\/\/i0.wp.com\/bno-travel.com\/wp-content\/uploads\/2025\/06\/27930399740_e3e100021e_c.jpg?resize=300%2C201&amp;ssl=1 300w, https:\/\/i0.wp.com\/bno-travel.com\/wp-content\/uploads\/2025\/06\/27930399740_e3e100021e_c.jpg?resize=768%2C513&amp;ssl=1 768w\" sizes=\"(max-width: 799px) 100vw, 799px\" \/><\/figure>\n<\/div>\n\n\n\n<div class=\"wp-block-column is-vertically-aligned-center is-content-justification-left is-layout-constrained wp-container-core-column-is-layout-b64f6bf5 wp-block-column-is-layout-constrained\">\n<p class=\"wp-block-paragraph\"><\/p>\n\n\n\n<h2 class=\"wp-block-heading\">Caminhadas em Trysil - Caminhadas fant\u00e1sticas, picos e experi\u00eancias na natureza<\/h2>\n\n\n\n<p class=\"wp-block-paragraph\">Bem-vindo a Trysil - um destino para todo o ano que oferece muito mais do que neve e esqui! Quando as montanhas ficam verdes e o ar est\u00e1 quente, Trysil abre-se para uma grande variedade de <strong>caminhadas, passeios ao cume e experi\u00eancias emocionantes na natureza<\/strong>. Quer procures um <a href=\"https:\/\/www.trysil.com\/fjelltur\/turtilbudet-i-trysil\/\" target=\"_blank\" rel=\"noopener\">passeio tranquilo na floresta, uma ca\u00e7a ao p\u00f3lo para toda a fam\u00edlia ou um cume desafiante com vistas espectaculares<\/a>, Trysil tem o que precisas.  <\/p>\n\n\n\n<p class=\"wp-block-paragraph\">Com a <strong>BNO TRAVEL<\/strong> como parceiro local, podes planear facilmente a tua aventura na montanha. Ajudamos-te com alojamento, dicas de viagem e pacotes de actividades - tudo \u00e0 medida dos teus desejos para umas f\u00e9rias memor\u00e1veis nas montanhas.  <\/p>\n\n\n\n<p class=\"wp-block-paragraph\">Ca\u00e7a \u00e0 vara em Trysil<\/p>\n\n\n\n<p class=\"wp-block-paragraph\">Uma atividade divertida e de baixo limiar para toda a fam\u00edlia \u00e9 o <strong>Stolpejakten em Trysil<\/strong>. Combina uma experi\u00eancia na natureza com orienta\u00e7\u00e3o e um desafio. Um mapa e uma aplica\u00e7\u00e3o mostram-te onde est\u00e3o localizados os postes - no centro da cidade, na floresta ou nas montanhas. Escolhes o teu pr\u00f3prio ritmo, e a atividade \u00e9 igualmente adequada para crian\u00e7as e adultos.   <\/p>\n\n\n\n<p class=\"wp-block-paragraph\">A ca\u00e7a ao poste \u00e9 gratuita, est\u00e1 dispon\u00edvel durante os meses de ver\u00e3o e d\u00e1-te a oportunidade de descobrir novas partes de Trysil que, de outra forma, n\u00e3o terias visitado. Perfeito como atividade entre outras excurs\u00f5es! <\/p>\n\n\n\n<div class=\"wp-block-buttons is-layout-flex wp-block-buttons-is-layout-flex\"><\/div>\n<\/div>\n<\/div>\n<\/div>\n\n<div class=\"wp-block-group alignfull is-style-default is-content-justification-center is-layout-constrained wp-container-core-group-is-layout-69af11d0 wp-block-group-is-layout-constrained\" style=\"margin-top:0;margin-bottom:0;padding-top:var(--wp--preset--spacing--40);padding-bottom:var(--wp--preset--spacing--40)\">\n<div class=\"wp-block-group alignwide is-content-justification-left is-layout-constrained wp-container-core-group-is-layout-54d22900 wp-block-group-is-layout-constrained\">\n<div class=\"wp-block-buttons is-layout-flex wp-block-buttons-is-layout-flex\"><\/div>\n<\/div>\n<\/div>\n\n<div class=\"wp-block-group alignfull is-content-justification-center is-layout-constrained wp-block-group-is-layout-constrained\" style=\"margin-top:0;margin-bottom:0;padding-top:var(--wp--preset--spacing--40);padding-bottom:var(--wp--preset--spacing--40)\">\n<div class=\"wp-block-columns alignwide are-vertically-aligned-center is-layout-flex wp-container-core-columns-is-layout-7387b849 wp-block-columns-is-layout-flex\">\n<div class=\"wp-block-column is-vertically-aligned-center is-content-justification-left is-layout-constrained wp-container-core-column-is-layout-b64f6bf5 wp-block-column-is-layout-constrained\">\n<h2 class=\"wp-block-heading has-xx-large-font-size\">Factos sobre caminhadas em Trysil<\/h2>\n\n\n\n<p class=\"wp-block-paragraph\">Trysil \u00e9 conhecida pela sua natureza variada e de f\u00e1cil acesso. Aqui encontrar\u00e1s: <\/p>\n\n\n\n<ul class=\"wp-block-list\">\n<li>Mais de <strong>100 quil\u00f3metros de trilhos marcados para caminhadas<\/strong><\/li>\n\n\n\n<li>V\u00e1rias <strong>caminhadas em cumes<\/strong> bem conhecidos, como Trysilfjellet (1.132 metros acima do n\u00edvel do mar), Skagsvola e L\u00e6geret<\/li>\n\n\n\n<li>Percursos para fam\u00edlias, bancos e zonas de piquenique<\/li>\n\n\n\n<li>Grandes miradouros, cascatas e lagos de montanha<\/li>\n\n\n\n<li>Boa sinaliza\u00e7\u00e3o, mapas e descri\u00e7\u00f5es das visitas<\/li>\n<\/ul>\n\n\n\n<p class=\"wp-block-paragraph\">Os passeios s\u00e3o adequados para todos os n\u00edveis - desde principiantes a caminhantes experientes. Muitos dos trilhos t\u00eam pontos de partida mesmo ao lado de alojamentos ou parques de estacionamento, o que facilita a partida sem longas viagens. <\/p>\n\n\n\n<p class=\"wp-block-paragraph\">Top 3 caminhadas em Trysil<\/p>\n\n\n\n<p class=\"wp-block-paragraph\">1. Trysilfjellet (1132 metros acima do n\u00edvel do mar)<\/p>\n\n\n\n<p class=\"wp-block-paragraph\">A partir do Trysil Turistsenter, h\u00e1 um trilho claramente marcado at\u00e9 ao topo. A caminhada demora 1-2 horas em cada sentido e recompensa-te com vistas panor\u00e2micas das montanhas e da floresta. Adequado tanto para adultos como para crian\u00e7as habituadas a caminhadas.  <\/p>\n\n\n\n<p class=\"wp-block-paragraph\">2. Skagsvola<\/p>\n\n\n\n<p class=\"wp-block-paragraph\">Esta \u00e9 uma caminhada espetacular que te leva \u00e0 beira de penhascos \u00edngremes com vista para as montanhas Engerdal e o rio Trysil. A caminhada come\u00e7a em Fulufjellet e demora aproximadamente 2-3 horas de ida e volta. <\/p>\n\n\n\n<p class=\"wp-block-paragraph\">3. Direito m\u00e9dico<\/p>\n\n\n\n<p class=\"wp-block-paragraph\">Uma caminhada para toda a fam\u00edlia a partir do Trysil H\u00f8yfjellssenter. O trilho serpenteia pela floresta at\u00e9 um belo miradouro com um banco de piquenique e um quadro informativo. A caminhada \u00e9 ideal para uma tarde de lazer.  <\/p>\n\n\n\n<div class=\"wp-block-buttons is-layout-flex wp-block-buttons-is-layout-flex\"><\/div>\n<\/div>\n\n\n\n<div class=\"wp-block-column is-vertically-aligned-center is-layout-flow wp-block-column-is-layout-flow\">\n<figure class=\"wp-block-image size-full\"><img data-recalc-dims=\"1\" decoding=\"async\" width=\"799\" height=\"533\" src=\"https:\/\/i0.wp.com\/bno-travel.com\/wp-content\/uploads\/2025\/06\/30949653687_c4216d72e9_c.jpg?resize=799%2C533&#038;ssl=1\" alt=\"Caminhadas em Trysil\" class=\"wp-image-2408\" style=\"aspect-ratio:3\/4;object-fit:cover\" srcset=\"https:\/\/i0.wp.com\/bno-travel.com\/wp-content\/uploads\/2025\/06\/30949653687_c4216d72e9_c.jpg?w=799&amp;ssl=1 799w, https:\/\/i0.wp.com\/bno-travel.com\/wp-content\/uploads\/2025\/06\/30949653687_c4216d72e9_c.jpg?resize=300%2C200&amp;ssl=1 300w, https:\/\/i0.wp.com\/bno-travel.com\/wp-content\/uploads\/2025\/06\/30949653687_c4216d72e9_c.jpg?resize=768%2C512&amp;ssl=1 768w\" sizes=\"(max-width: 799px) 100vw, 799px\" \/><\/figure>\n<\/div>\n<\/div>\n<\/div>\n\n<div class=\"wp-block-group alignfull is-style-default is-content-justification-center is-layout-constrained wp-container-core-group-is-layout-69af11d0 wp-block-group-is-layout-constrained\" style=\"margin-top:0;margin-bottom:0;padding-top:var(--wp--preset--spacing--40);padding-bottom:var(--wp--preset--spacing--40)\">\n<div class=\"wp-block-group alignfull is-content-justification-center is-layout-constrained wp-container-core-group-is-layout-4853c3a7 wp-block-group-is-layout-constrained\" style=\"margin-top:0;margin-bottom:0;padding-top:calc( 0.5 * var(u002du002dwpu002du002dstyleu002du002drootu002du002dpadding-right, var(u002du002dwpu002du002dcustomu002du002dgapu002du002dhorizontal)));padding-right:var(u002du002dwpu002du002dstyleu002du002drootu002du002dpadding-right, var(u002du002dwpu002du002dcustomu002du002dgapu002du002dhorizontal));padding-bottom:calc( 0.5 * var(u002du002dwpu002du002dstyleu002du002drootu002du002dpadding-right, var(u002du002dwpu002du002dcustomu002du002dgapu002du002dhorizontal)));padding-left:var(u002du002dwpu002du002dstyleu002du002drootu002du002dpadding-left, var(u002du002dwpu002du002dcustomu002du002dgapu002du002dhorizontal))\">\n<div style=\"height:calc( 0.25 * var(u002du002dwpu002du002dstyleu002du002drootu002du002dpadding-right, var(u002du002dwpu002du002dcustomu002du002dgapu002du002dhorizontal)))\" aria-hidden=\"true\" class=\"wp-block-spacer\"><\/div>\n\n\n\n<div class=\"wp-block-columns alignwide is-layout-flex wp-container-core-columns-is-layout-7387b849 wp-block-columns-is-layout-flex\">\n<div class=\"wp-block-column is-vertically-aligned-center is-layout-flow wp-block-column-is-layout-flow\">\n<figure class=\"wp-block-image size-full\"><img data-recalc-dims=\"1\" loading=\"lazy\" decoding=\"async\" width=\"799\" height=\"533\" src=\"https:\/\/i0.wp.com\/bno-travel.com\/wp-content\/uploads\/2025\/06\/30949654317_6b7658a402_c.jpg?resize=799%2C533&#038;ssl=1\" alt=\"\" class=\"wp-image-2395\" style=\"aspect-ratio:3\/4;object-fit:cover\" srcset=\"https:\/\/i0.wp.com\/bno-travel.com\/wp-content\/uploads\/2025\/06\/30949654317_6b7658a402_c.jpg?w=799&amp;ssl=1 799w, https:\/\/i0.wp.com\/bno-travel.com\/wp-content\/uploads\/2025\/06\/30949654317_6b7658a402_c.jpg?resize=300%2C200&amp;ssl=1 300w, https:\/\/i0.wp.com\/bno-travel.com\/wp-content\/uploads\/2025\/06\/30949654317_6b7658a402_c.jpg?resize=768%2C512&amp;ssl=1 768w\" sizes=\"(max-width: 799px) 100vw, 799px\" \/><\/figure>\n<\/div>\n\n\n\n<div class=\"wp-block-column is-vertically-aligned-center is-layout-flow wp-block-column-is-layout-flow\">\n<p class=\"has-text-align-left wp-block-paragraph\">Actividades de ver\u00e3o em Trysil - mais do que apenas caminhadas<\/p>\n\n\n\n<p class=\"wp-block-paragraph\">Trysil oferece muitas actividades interessantes no ver\u00e3o. Aqui est\u00e3o algumas dicas sobre o que podes combinar com a tua caminhada: <\/p>\n\n\n\n<ul class=\"wp-block-list\">\n<li><a href=\"https:\/\/www.trysil.com\/stisykling\/gullia\/\" target=\"_blank\" rel=\"noopener\"><strong>Trysil Bike Arena\/Gullia<\/strong><\/a>: Uma das melhores zonas de ciclismo de trilhos da Noruega - com trilhos para todos os n\u00edveis<\/li>\n\n\n\n<li><strong><a href=\"https:\/\/bno-travel.com\/pt-pt\/?page_id=4293\">Parque de escalada e tirolesa<\/a><\/strong>: Divertimento para toda a fam\u00edlia, mesmo ao lado do Centro de Turismo<\/li>\n\n\n\n<li><strong>Golfe<\/strong>: Joga no belo <a href=\"https:\/\/bno-travel.com\/pt-pt\/?page_id=4370\">campo de golfe Trysilfjellet<\/a>, com vistas deslumbrantes<\/li>\n\n\n\n<li><strong>Canoa e caiaque<\/strong>: Remar no rio Trysil ou nos tranquilos lagos da montanha<\/li>\n\n\n\n<li><strong>Pesca<\/strong>: Trysil tem muitas \u00e1guas boas para a pesca, tanto para a pesca com mosca como para o corrico.<\/li>\n<\/ul>\n\n\n\n<p class=\"wp-block-paragraph\">Por outras palavras, podes preencher a semana inteira com actividades ou combinar caminhadas com relaxamento e bem-estar nas montanhas.<\/p>\n\n\n\n<hr class=\"wp-block-separator has-alpha-channel-opacity\"\/>\n\n\n\n<p class=\"wp-block-paragraph\">Alojamento em Trysil<\/p>\n\n\n\n<p class=\"wp-block-paragraph\">Quer queiras ficar no in\u00edcio do trilho, perto do centro da cidade ou com vista para a montanha - a BNO TRAVEL tem <a href=\"https:\/\/bno-travel.com\/pt-pt\/?page_id=2959\">op\u00e7\u00f5es de alojamento <\/a>para todas as necessidades. Oferecemos-te: <\/p>\n\n\n\n<ul class=\"wp-block-list\">\n<li><strong>Cabanas e apartamentos<\/strong> com acesso direto a trilhos para caminhadas<\/li>\n\n\n\n<li><strong>Cabanas de montanha<\/strong> num ambiente tranquilo no Centro de Alta Montanha<\/li>\n\n\n\n<li>Alojamento com cozinha, p\u00e1tio e \u00f3ptimas instala\u00e7\u00f5es<\/li>\n<\/ul>\n\n\n\n<p class=\"wp-block-paragraph\">Personalizamos solu\u00e7\u00f5es para casais, fam\u00edlias com crian\u00e7as e grupos de amigos, e temos todo o gosto em ajudar-te com sugest\u00f5es de percursos pedestres e actividades. Passar as tuas f\u00e9rias em Trysil no ver\u00e3o oferece-te umas f\u00e9rias de actividades acess\u00edveis para toda a fam\u00edlia.   <\/p>\n\n\n\n<hr class=\"wp-block-separator has-alpha-channel-opacity\"\/>\n\n\n\n<p class=\"wp-block-paragraph\">Planeia as tuas f\u00e9rias na montanha com a BNO TRAVEL<\/p>\n\n\n\n<p class=\"wp-block-paragraph\">Trysil \u00e9 o para\u00edso dos caminhantes - cheio de contrastes, experi\u00eancias na natureza e actividades para todas as idades. Com a <strong>BNO TRAVEL<\/strong>, podes planear as tuas f\u00e9rias de forma segura, personalizada e flex\u00edvel. <\/p>\n\n\n\n<p class=\"wp-block-paragraph\">Conhecemos a montanha - e ajudamos-te a viv\u00ea-la da melhor forma poss\u00edvel.<\/p>\n\n\n\n<p class=\"wp-block-paragraph\"><strong>Reserva hoje a tua viagem de montanha a Trysil - e descobre um novo lado do maior destino de montanha da Noruega!<\/strong><\/p>\n\n\n\n<div class=\"wp-block-buttons is-content-justification-center is-layout-flex wp-container-core-buttons-is-layout-3e41869c wp-block-buttons-is-layout-flex\"><\/div>\n<\/div>\n<\/div>\n\n\n\n<div style=\"height:calc( 0.25 * var(u002du002dwpu002du002dstyleu002du002drootu002du002dpadding-right, var(u002du002dwpu002du002dcustomu002du002dgapu002du002dhorizontal)))\" aria-hidden=\"true\" class=\"wp-block-spacer\"><\/div>\n<\/div>\n\n\n\n<div class=\"wp-block-group alignwide is-content-justification-left is-layout-constrained wp-container-core-group-is-layout-54d22900 wp-block-group-is-layout-constrained\">\n<div class=\"wp-block-buttons is-layout-flex wp-block-buttons-is-layout-flex\"><\/div>\n<\/div>\n<\/div>\n\n<div class=\"wp-block-group alignfull is-style-default is-content-justification-center is-layout-constrained wp-container-core-group-is-layout-cdf99998 wp-block-group-is-layout-constrained\" style=\"margin-top:0;margin-bottom:0;padding-top:var(--wp--preset--spacing--40);padding-bottom:var(--wp--preset--spacing--40)\"><\/div>\n\n<p class=\"wp-block-paragraph\"><\/p>\n","protected":false},"excerpt":{"rendered":"<p>Caminhadas em Trysil - Caminhadas fant\u00e1sticas, picos e experi\u00eancias na natureza Bem-vindo a Trysil - um destino para todo o ano que oferece muito mais do que neve e esqui! Quando as montanhas ficam verdes e o ar est\u00e1 quente, Trysil abre-se para uma grande variedade de caminhadas, passeios ao cume e experi\u00eancias emocionantes na [&hellip;]<\/p>\n","protected":false},"author":260013438,"featured_media":0,"parent":0,"menu_order":0,"comment_status":"closed","ping_status":"closed","template":"","meta":{"_crdt_document":"","footnotes":""},"class_list":["post-4262","page","type-page","status-publish","hentry"],"jetpack_likes_enabled":true,"jetpack_sharing_enabled":true,"jetpack_shortlink":"https:\/\/wp.me\/PgDuwj-16K","jetpack-related-posts":[{"id":2841,"url":"https:\/\/bno-travel.com\/pt-pt\/descobre-trysil-todo-o-ano-para-os-veraneantes-activos\/","url_meta":{"origin":4262,"position":0},"title":"Descobre Trysil: Todo o ano para os veraneantes activos","author":"Jan Terje \u00c5s","date":"18 de Julho, 2025","format":false,"excerpt":"Experimenta o Trysil \u2605\u2605\u2605\u2605\u2605 Aqui encontrar\u00e1s alojamento em Trysil Trysil n\u00e3o \u00e9 apenas o maior destino de esqui da Noruega - \u00e9 tamb\u00e9m um para\u00edso durante todo o ano para h\u00f3spedes activos, fam\u00edlias e amantes da natureza. Quer visites a montanha em busca de velocidade e emo\u00e7\u00e3o, relaxamento ou tempo\u2026","rel":"","context":"Similar post","block_context":{"text":"Similar post","link":""},"img":{"alt_text":"Opplev Trysil","src":"https:\/\/i0.wp.com\/bno-travel.com\/wp-content\/uploads\/2025\/07\/20.06.19_Dronebilder-Sentrum_FULLSIZE-2.jpg?resize=350%2C200&ssl=1","width":350,"height":200,"srcset":"https:\/\/i0.wp.com\/bno-travel.com\/wp-content\/uploads\/2025\/07\/20.06.19_Dronebilder-Sentrum_FULLSIZE-2.jpg?resize=350%2C200&ssl=1 1x, https:\/\/i0.wp.com\/bno-travel.com\/wp-content\/uploads\/2025\/07\/20.06.19_Dronebilder-Sentrum_FULLSIZE-2.jpg?resize=525%2C300&ssl=1 1.5x, https:\/\/i0.wp.com\/bno-travel.com\/wp-content\/uploads\/2025\/07\/20.06.19_Dronebilder-Sentrum_FULLSIZE-2.jpg?resize=700%2C400&ssl=1 2x, https:\/\/i0.wp.com\/bno-travel.com\/wp-content\/uploads\/2025\/07\/20.06.19_Dronebilder-Sentrum_FULLSIZE-2.jpg?resize=1050%2C600&ssl=1 3x, https:\/\/i0.wp.com\/bno-travel.com\/wp-content\/uploads\/2025\/07\/20.06.19_Dronebilder-Sentrum_FULLSIZE-2.jpg?resize=1400%2C800&ssl=1 4x"},"classes":[]},{"id":2773,"url":"https:\/\/bno-travel.com\/pt-pt\/centro-de-alta-montanha-trysil\/","url_meta":{"origin":4262,"position":1},"title":"Centro de Alta Montanha Trysil","author":"Jan Terje \u00c5s","date":"18 de Julho, 2025","format":false,"excerpt":"Trysil H\u00f8yfjellssenter - Fager\u00e5sen Bem-vindo \u00e0 tranquilidade da montanha e \u00e0s experi\u00eancias de esqui de primeira classe! A BNO TRAVEL d\u00e1-te acesso a cabanas e apartamentos confort\u00e1veis no Trysil H\u00f8yfjellssenter \/ Fager\u00e5sen, conhecido pela sua localiza\u00e7\u00e3o segura na neve, ambiente familiar e vistas panor\u00e2micas do Trysilfjellet. As nossas ofertas em\u2026","rel":"","context":"Similar post","block_context":{"text":"Similar post","link":""},"img":{"alt_text":"Fager\u00e5sen og Trysil H\u00f8yfjellssenter ","src":"https:\/\/i0.wp.com\/bno-travel.com\/wp-content\/uploads\/2025\/07\/10001-Fagerasen1122_006.jpg?resize=350%2C200&ssl=1","width":350,"height":200,"srcset":"https:\/\/i0.wp.com\/bno-travel.com\/wp-content\/uploads\/2025\/07\/10001-Fagerasen1122_006.jpg?resize=350%2C200&ssl=1 1x, https:\/\/i0.wp.com\/bno-travel.com\/wp-content\/uploads\/2025\/07\/10001-Fagerasen1122_006.jpg?resize=525%2C300&ssl=1 1.5x, https:\/\/i0.wp.com\/bno-travel.com\/wp-content\/uploads\/2025\/07\/10001-Fagerasen1122_006.jpg?resize=700%2C400&ssl=1 2x, https:\/\/i0.wp.com\/bno-travel.com\/wp-content\/uploads\/2025\/07\/10001-Fagerasen1122_006.jpg?resize=1050%2C600&ssl=1 3x, https:\/\/i0.wp.com\/bno-travel.com\/wp-content\/uploads\/2025\/07\/10001-Fagerasen1122_006.jpg?resize=1400%2C800&ssl=1 4x"},"classes":[]},{"id":14638,"url":"https:\/\/bno-travel.com\/pt-pt\/coruja-917\/","url_meta":{"origin":4262,"position":2},"title":"Coruja 917 - 14 camas","author":"Jan Terje \u00c5s","date":"28 de Dezembro, 2025","format":false,"excerpt":"Ugla 917, zona da cabina Trysilfjell A partir de 990 kr por dia \u2605\u2605\u2605\u2605 Verifica as datas dispon\u00edveis Bem-vindo ao Ugla 917 - uma cabana espa\u00e7osa e familiar num s\u00f3 piso, perfeita para quem quer uma base confort\u00e1vel para esquiar e para aventuras na montanha em Trysil. Ugla 917 \u00e9\u2026","rel":"","context":"Similar post","block_context":{"text":"Similar post","link":""},"img":{"alt_text":"Ugla 917","src":"https:\/\/i0.wp.com\/bno-travel.com\/wp-content\/uploads\/2025\/12\/01Fasade.jpg?resize=350%2C200&ssl=1","width":350,"height":200,"srcset":"https:\/\/i0.wp.com\/bno-travel.com\/wp-content\/uploads\/2025\/12\/01Fasade.jpg?resize=350%2C200&ssl=1 1x, https:\/\/i0.wp.com\/bno-travel.com\/wp-content\/uploads\/2025\/12\/01Fasade.jpg?resize=525%2C300&ssl=1 1.5x, https:\/\/i0.wp.com\/bno-travel.com\/wp-content\/uploads\/2025\/12\/01Fasade.jpg?resize=700%2C400&ssl=1 2x, https:\/\/i0.wp.com\/bno-travel.com\/wp-content\/uploads\/2025\/12\/01Fasade.jpg?resize=1050%2C600&ssl=1 3x, https:\/\/i0.wp.com\/bno-travel.com\/wp-content\/uploads\/2025\/12\/01Fasade.jpg?resize=1400%2C800&ssl=1 4x"},"classes":[]},{"id":11799,"url":"https:\/\/bno-travel.com\/litunet-721b-7-camas\/","url_meta":{"origin":4262,"position":3},"title":"Litunet 721B -7 camas","author":"Jan Terje \u00c5s","date":"23 de Outubro, 2025","format":false,"excerpt":"Fagerh\u00f8y, Trysil H\u00f8yfjellssenter A partir de 990 kr por dia \u2605\u2605\u2605\u2605 Verifica as datas dispon\u00edveis Bem-vindo ao Litunet 721B - uma cabana espa\u00e7osa e familiar no cora\u00e7\u00e3o de Trysil A Litunet 721B \u00e9 uma cabana familiar moderna e acolhedora, num s\u00f3 piso, com tr\u00eas quartos, sala de estar, cozinha e\u2026","rel":"","context":"Similar post","block_context":{"text":"Similar post","link":""},"img":{"alt_text":"","src":"https:\/\/i0.wp.com\/bno-travel.com\/wp-content\/uploads\/2025\/10\/litunet-721-trysil.png?resize=350%2C200&ssl=1","width":350,"height":200,"srcset":"https:\/\/i0.wp.com\/bno-travel.com\/wp-content\/uploads\/2025\/10\/litunet-721-trysil.png?resize=350%2C200&ssl=1 1x, https:\/\/i0.wp.com\/bno-travel.com\/wp-content\/uploads\/2025\/10\/litunet-721-trysil.png?resize=525%2C300&ssl=1 1.5x, https:\/\/i0.wp.com\/bno-travel.com\/wp-content\/uploads\/2025\/10\/litunet-721-trysil.png?resize=700%2C400&ssl=1 2x, https:\/\/i0.wp.com\/bno-travel.com\/wp-content\/uploads\/2025\/10\/litunet-721-trysil.png?resize=1050%2C600&ssl=1 3x, https:\/\/i0.wp.com\/bno-travel.com\/wp-content\/uploads\/2025\/10\/litunet-721-trysil.png?resize=1400%2C800&ssl=1 4x"},"classes":[]},{"id":2870,"url":"https:\/\/bno-travel.com\/pt-pt\/a-tua-viagem\/","url_meta":{"origin":4262,"position":4},"title":"A tua viagem a Trysil e S\u00e4len","author":"Jan Terje \u00c5s","date":"11 de Julho, 2025","format":false,"excerpt":"Encontra o teu lugar preferido A tua viagem a Trysil e S\u00e4len. Est\u00e1s a sonhar com umas f\u00e9rias na montanha em Trysil ou S\u00e4len? A tua viagem com a BNO Travel oferece-te f\u00e9rias seguras e flex\u00edveis para os destinos de desportos de inverno mais populares da Noruega e da Su\u00e9cia.\u2026","rel":"","context":"Similar post","block_context":{"text":"Similar post","link":""},"img":{"alt_text":"Vandring i Trysil Skagsvola - en herlig vandretur for hele familien.","src":"https:\/\/i0.wp.com\/bno-travel.com\/wp-content\/uploads\/2025\/06\/28177379886_c8a50193b0_c.jpg?resize=350%2C200","width":350,"height":200,"srcset":"https:\/\/i0.wp.com\/bno-travel.com\/wp-content\/uploads\/2025\/06\/28177379886_c8a50193b0_c.jpg?resize=350%2C200 1x, https:\/\/i0.wp.com\/bno-travel.com\/wp-content\/uploads\/2025\/06\/28177379886_c8a50193b0_c.jpg?resize=525%2C300 1.5x, https:\/\/i0.wp.com\/bno-travel.com\/wp-content\/uploads\/2025\/06\/28177379886_c8a50193b0_c.jpg?resize=700%2C400 2x"},"classes":[]},{"id":3905,"url":"https:\/\/bno-travel.com\/pt-pt\/caminhadas-em-salen\/","url_meta":{"origin":4262,"position":5},"title":"Caminhadas em S\u00e4len","author":"Jan Terje \u00c5s","date":"18 de Julho, 2025","format":false,"excerpt":"Caminhadas em S\u00e4len - Caminhadas na montanha, vistas e experi\u00eancias na natureza para todos Bem-vindo a S\u00e4len - um destino para todo o ano, conhecido pelo esqui no inverno e pelas belas experi\u00eancias de caminhadas no ver\u00e3o! Quando a neve derrete e as montanhas ficam verdes, S\u00e4len abre um vasto\u2026","rel":"","context":"Similar post","block_context":{"text":"Similar post","link":""},"img":{"alt_text":"Vandring i Trysil","src":"https:\/\/i0.wp.com\/bno-travel.com\/wp-content\/uploads\/2025\/06\/27930399740_e3e100021e_c.jpg?resize=350%2C200&ssl=1","width":350,"height":200,"srcset":"https:\/\/i0.wp.com\/bno-travel.com\/wp-content\/uploads\/2025\/06\/27930399740_e3e100021e_c.jpg?resize=350%2C200&ssl=1 1x, https:\/\/i0.wp.com\/bno-travel.com\/wp-content\/uploads\/2025\/06\/27930399740_e3e100021e_c.jpg?resize=525%2C300&ssl=1 1.5x, https:\/\/i0.wp.com\/bno-travel.com\/wp-content\/uploads\/2025\/06\/27930399740_e3e100021e_c.jpg?resize=700%2C400&ssl=1 2x"},"classes":[]}],"_links":{"self":[{"href":"https:\/\/bno-travel.com\/pt-pt\/wp-json\/wp\/v2\/pages\/4262","targetHints":{"allow":["GET"]}}],"collection":[{"href":"https:\/\/bno-travel.com\/pt-pt\/wp-json\/wp\/v2\/pages"}],"about":[{"href":"https:\/\/bno-travel.com\/pt-pt\/wp-json\/wp\/v2\/types\/page"}],"author":[{"embeddable":true,"href":"https:\/\/bno-travel.com\/pt-pt\/wp-json\/wp\/v2\/users\/260013438"}],"replies":[{"embeddable":true,"href":"https:\/\/bno-travel.com\/pt-pt\/wp-json\/wp\/v2\/comments?post=4262"}],"version-history":[{"count":2,"href":"https:\/\/bno-travel.com\/pt-pt\/wp-json\/wp\/v2\/pages\/4262\/revisions"}],"predecessor-version":[{"id":4906,"href":"https:\/\/bno-travel.com\/pt-pt\/wp-json\/wp\/v2\/pages\/4262\/revisions\/4906"}],"wp:attachment":[{"href":"https:\/\/bno-travel.com\/pt-pt\/wp-json\/wp\/v2\/media?parent=4262"}],"curies":[{"name":"wp","href":"https:\/\/api.w.org\/{rel}","templated":true}]}}