{"id":4293,"date":"2025-07-18T20:36:15","date_gmt":"2025-07-18T18:36:15","guid":{"rendered":"https:\/\/bno-travel.com\/?page_id=4293"},"modified":"2025-07-18T20:36:42","modified_gmt":"2025-07-18T18:36:42","slug":"parque-de-escalada-em-trysil","status":"publish","type":"page","link":"https:\/\/bno-travel.com\/pt-pt\/parque-de-escalada-em-trysil\/","title":{"rendered":"Parque de escalada em Trysil"},"content":{"rendered":"\n<p class=\"wp-block-paragraph\"><\/p>\n\n<div class=\"wp-block-cover alignfull\" style=\"margin-top:0;margin-bottom:0;padding-top:var(--wp--preset--spacing--20);padding-right:var(--wp--preset--spacing--40);padding-bottom:var(--wp--preset--spacing--20);padding-left:var(--wp--preset--spacing--40);min-height:906px;aspect-ratio:unset;\"><img data-recalc-dims=\"1\" fetchpriority=\"high\" decoding=\"async\" width=\"800\" height=\"534\" class=\"wp-block-cover__image-background wp-image-2239 size-full\" alt=\"\" src=\"https:\/\/i0.wp.com\/bno-travel.com\/wp-content\/uploads\/2025\/06\/43124442155_8f90996eef_c.jpg?resize=800%2C534&#038;ssl=1\" style=\"object-position:54% 56%\" data-object-fit=\"cover\" data-object-position=\"54% 56%\" srcset=\"https:\/\/i0.wp.com\/bno-travel.com\/wp-content\/uploads\/2025\/06\/43124442155_8f90996eef_c.jpg?w=800&amp;ssl=1 800w, https:\/\/i0.wp.com\/bno-travel.com\/wp-content\/uploads\/2025\/06\/43124442155_8f90996eef_c.jpg?resize=300%2C200&amp;ssl=1 300w, https:\/\/i0.wp.com\/bno-travel.com\/wp-content\/uploads\/2025\/06\/43124442155_8f90996eef_c.jpg?resize=768%2C513&amp;ssl=1 768w\" sizes=\"(max-width: 800px) 100vw, 800px\" \/><span aria-hidden=\"true\" class=\"wp-block-cover__background has-theme-1-background-color has-background-dim-30 has-background-dim\"><\/span><div class=\"wp-block-cover__inner-container is-layout-flow wp-block-cover-is-layout-flow\">\n<div style=\"height:var(--wp--preset--spacing--50)\" aria-hidden=\"true\" class=\"wp-block-spacer\"><\/div>\n\n\n\n<div style=\"height:var(--wp--preset--spacing--50)\" aria-hidden=\"true\" class=\"wp-block-spacer\"><\/div>\n<\/div><\/div>\n\n<div class=\"wp-block-group alignfull is-style-section-3 is-layout-constrained wp-block-group-is-layout-constrained\" style=\"margin-top:0;margin-bottom:0;padding-top:var(--wp--preset--spacing--40);padding-bottom:var(--wp--preset--spacing--40)\">\n<div class=\"wp-block-columns alignwide are-vertically-aligned-center is-layout-flex wp-container-core-columns-is-layout-d9ad523d wp-block-columns-is-layout-flex\">\n<div class=\"wp-block-column is-vertically-aligned-center is-layout-flow wp-block-column-is-layout-flow\">\n<figure class=\"wp-block-image size-full\"><img data-recalc-dims=\"1\" decoding=\"async\" width=\"800\" height=\"534\" src=\"https:\/\/i0.wp.com\/bno-travel.com\/wp-content\/uploads\/2025\/06\/43311668904_2a700093da_c.jpg?resize=800%2C534&#038;ssl=1\" alt=\"\" class=\"wp-image-2434\" style=\"aspect-ratio:3\/4;object-fit:cover\" title=\"t&#xED;tulo\" srcset=\"https:\/\/i0.wp.com\/bno-travel.com\/wp-content\/uploads\/2025\/06\/43311668904_2a700093da_c.jpg?w=800&amp;ssl=1 800w, https:\/\/i0.wp.com\/bno-travel.com\/wp-content\/uploads\/2025\/06\/43311668904_2a700093da_c.jpg?resize=300%2C200&amp;ssl=1 300w, https:\/\/i0.wp.com\/bno-travel.com\/wp-content\/uploads\/2025\/06\/43311668904_2a700093da_c.jpg?resize=768%2C513&amp;ssl=1 768w\" sizes=\"(max-width: 800px) 100vw, 800px\" \/><\/figure>\n<\/div>\n\n\n\n<div class=\"wp-block-column is-vertically-aligned-center is-content-justification-left is-layout-constrained wp-container-core-column-is-layout-b64f6bf5 wp-block-column-is-layout-constrained\">\n<p class=\"wp-block-paragraph\"><\/p>\n\n\n\n<h2 class=\"wp-block-heading\">Parque de escalada em Trysil - emo\u00e7\u00e3o, mestria e divers\u00e3o para toda a fam\u00edlia<\/h2>\n\n\n\n<p class=\"wp-block-paragraph\">Bem-vindo \u00e0 H\u00f8yt &amp; Lavt <strong><a href=\"https:\/\/www.trysil.com\/bedrifter\/skistar-trysil\/hoyt--lavt-klatrepark\/\" target=\"_blank\" rel=\"noopener\">H\u00f8yt &amp; Lavt Trysil<\/a><\/strong>O H\u00f8yt &amp; Lavt Trysil \u00e9 um dos parques de escalada mais populares e modernos da Noruega - mesmo no cora\u00e7\u00e3o das florestas c\u00e9nicas de Trysil. Aqui, encontrar\u00e1s tirolesas, percursos de obst\u00e1culos nas \u00e1rvores e desafios para crian\u00e7as, adultos e aventureiros \u00e0 procura de adrenalina. <\/p>\n\n\n\n<p class=\"wp-block-paragraph\">Com a BNO TRAVEL, podes planear e reservar facilmente umas f\u00e9rias activas em Trysil, onde o parque de escalada ser\u00e1 um ponto alto - quer venhas com a tua fam\u00edlia, grupo de amigos ou colegas.<\/p>\n\n\n\n<p class=\"wp-block-paragraph\">Uma experi\u00eancia que se adapta a todos<\/p>\n\n\n\n<p class=\"wp-block-paragraph\"><a href=\"https:\/\/www.trysil.com\/bedrifter\/skistar-trysil\/hoyt--lavt-klatrepark\/\" target=\"_blank\" rel=\"noopener\">O H\u00f8yt &amp; Lavt, em Trysil <\/a>, foi concebido para agradar a mi\u00fados e gra\u00fados - as crian\u00e7as a partir dos 2 anos podem escalar percursos seguros e divertidos, enquanto os jovens e os adultos podem fazer sec\u00e7\u00f5es mais altas e mais exigentes.<\/p>\n\n\n\n<p class=\"wp-block-paragraph\">Esta \u00e9 uma atividade perfeita para:<\/p>\n\n\n\n<ul class=\"wp-block-list\">\n<li><strong>F\u00e9rias em fam\u00edlia<\/strong><\/li>\n\n\n\n<li><strong>Teambuilding e viagens de neg\u00f3cios<\/strong><\/li>\n\n\n\n<li><strong>Grupos de amigos e despedidas de solteiro<\/strong><\/li>\n\n\n\n<li><strong>F\u00e9rias activas para casais e solteiros<\/strong><\/li>\n<\/ul>\n\n\n\n<p class=\"wp-block-paragraph\">Estar em altura, desafiar os teus pr\u00f3prios limites e experimentar a mestria em conjunto com outros cria boas recorda\u00e7\u00f5es e uma verdadeira comunidade.<\/p>\n\n\n\n<div class=\"wp-block-buttons is-layout-flex wp-block-buttons-is-layout-flex\"><\/div>\n<\/div>\n<\/div>\n<\/div>\n\n<div class=\"wp-block-group alignfull is-style-default is-content-justification-center is-layout-constrained wp-container-core-group-is-layout-69af11d0 wp-block-group-is-layout-constrained\" style=\"margin-top:0;margin-bottom:0;padding-top:var(--wp--preset--spacing--40);padding-bottom:var(--wp--preset--spacing--40)\">\n<div class=\"wp-block-group alignwide is-content-justification-left is-layout-constrained wp-container-core-group-is-layout-54d22900 wp-block-group-is-layout-constrained\">\n<div class=\"wp-block-buttons is-layout-flex wp-block-buttons-is-layout-flex\"><\/div>\n<\/div>\n<\/div>\n\n<div class=\"wp-block-group alignfull is-content-justification-center is-layout-constrained wp-block-group-is-layout-constrained\" style=\"margin-top:0;margin-bottom:0;padding-top:var(--wp--preset--spacing--40);padding-bottom:var(--wp--preset--spacing--40)\">\n<div class=\"wp-block-columns alignwide are-vertically-aligned-center is-layout-flex wp-container-core-columns-is-layout-7387b849 wp-block-columns-is-layout-flex\">\n<div class=\"wp-block-column is-vertically-aligned-center is-content-justification-left is-layout-constrained wp-container-core-column-is-layout-b64f6bf5 wp-block-column-is-layout-constrained\">\n<h2 class=\"wp-block-heading has-xx-large-font-size\">Factos sobre o Klatreparken em Trysil<\/h2>\n\n\n\n<p class=\"wp-block-paragraph\">O parque de escalada tem uma localiza\u00e7\u00e3o central no Trysil Turistsenter e faz parte da vasta gama de actividades de ver\u00e3o e outono na regi\u00e3o. Aqui encontrar\u00e1s: <\/p>\n\n\n\n<ul class=\"wp-block-list\">\n<li><strong>Mais de 130 obst\u00e1culos e actividades diferentes nas \u00e1rvores<\/strong><\/li>\n\n\n\n<li><strong>10 vias de escalada diferentes<\/strong>, adaptadas a diferentes alturas e n\u00edveis de habilidade<\/li>\n\n\n\n<li><strong>Tirolesas<\/strong> de v\u00e1rios comprimentos - v\u00e1rias com mais de 100 metros<\/li>\n\n\n\n<li><strong>Trilhos<\/strong> dedicados \u00e0s <strong>crian\u00e7as a partir de uma altura de 80 cm<\/strong> e desafios para os mais experientes<\/li>\n\n\n\n<li>Foco na seguran\u00e7a com sistemas modernos de arn\u00eas e de reten\u00e7\u00e3o<\/li>\n\n\n\n<li>Quiosque, p\u00e1tios e zonas tranquilas para pausas e piqueniques<\/li>\n<\/ul>\n\n\n\n<p class=\"wp-block-paragraph\">O parque est\u00e1 classificado de acordo com a dificuldade, para que todos possam encontrar um percurso adequado. Podes come\u00e7ar no percurso verde para teres uma vis\u00e3o geral e dom\u00ednio, e ires subindo at\u00e9 ao vermelho e preto para o m\u00e1ximo desafio e emo\u00e7\u00e3o. <\/p>\n\n\n\n<p class=\"wp-block-paragraph\">Dicas extra: <a href=\"https:\/\/www.trysil.com\/bedrifter\/skistar-trysil\/rafting\/\" target=\"_blank\" rel=\"noopener\">Experimenta o rafting e as actividades fluviais em Trysilelva<\/a><\/p>\n\n\n\n<p class=\"wp-block-paragraph\">O parque de escalada \u00e9 apenas uma das muitas actividades emocionantes em Trysil! Quando estiveres aqui, deves tamb\u00e9m considerar experimentar o <strong>Trysilelva<\/strong> - um rio bonito e poderoso que oferece actividades aqu\u00e1ticas emocionantes. <\/p>\n\n\n\n<p class=\"wp-block-paragraph\"><strong>O rafting em Trysil<\/strong> \u00e9 uma das actividades de ver\u00e3o mais populares. As viagens s\u00e3o conduzidas por guias profissionais e s\u00e3o adequadas tanto para principiantes como para quem procura mais a\u00e7\u00e3o. Podes escolher entre viagens de rafting familiares mais calmas e viagens mais desafiantes em r\u00e1pidos \u00edngremes.  <\/p>\n\n\n\n<div class=\"wp-block-buttons is-layout-flex wp-block-buttons-is-layout-flex\"><\/div>\n<\/div>\n\n\n\n<div class=\"wp-block-column is-vertically-aligned-center is-layout-flow wp-block-column-is-layout-flow\">\n<figure class=\"wp-block-image size-full\"><img data-recalc-dims=\"1\" decoding=\"async\" width=\"800\" height=\"534\" src=\"https:\/\/i0.wp.com\/bno-travel.com\/wp-content\/uploads\/2025\/06\/43124440865_479eca7e07_c.jpg?resize=800%2C534&#038;ssl=1\" alt=\"Parque de escalada em Trysil\" class=\"wp-image-2421\" style=\"aspect-ratio:3\/4;object-fit:cover\" srcset=\"https:\/\/i0.wp.com\/bno-travel.com\/wp-content\/uploads\/2025\/06\/43124440865_479eca7e07_c.jpg?w=800&amp;ssl=1 800w, https:\/\/i0.wp.com\/bno-travel.com\/wp-content\/uploads\/2025\/06\/43124440865_479eca7e07_c.jpg?resize=300%2C200&amp;ssl=1 300w, https:\/\/i0.wp.com\/bno-travel.com\/wp-content\/uploads\/2025\/06\/43124440865_479eca7e07_c.jpg?resize=768%2C513&amp;ssl=1 768w\" sizes=\"(max-width: 800px) 100vw, 800px\" \/><\/figure>\n<\/div>\n<\/div>\n<\/div>\n\n<div class=\"wp-block-group alignfull is-style-default is-content-justification-center is-layout-constrained wp-container-core-group-is-layout-69af11d0 wp-block-group-is-layout-constrained\" style=\"margin-top:0;margin-bottom:0;padding-top:var(--wp--preset--spacing--40);padding-bottom:var(--wp--preset--spacing--40)\">\n<div class=\"wp-block-group alignfull is-content-justification-center is-layout-constrained wp-container-core-group-is-layout-4853c3a7 wp-block-group-is-layout-constrained\" style=\"margin-top:0;margin-bottom:0;padding-top:calc( 0.5 * var(u002du002dwpu002du002dstyleu002du002drootu002du002dpadding-right, var(u002du002dwpu002du002dcustomu002du002dgapu002du002dhorizontal)));padding-right:var(u002du002dwpu002du002dstyleu002du002drootu002du002dpadding-right, var(u002du002dwpu002du002dcustomu002du002dgapu002du002dhorizontal));padding-bottom:calc( 0.5 * var(u002du002dwpu002du002dstyleu002du002drootu002du002dpadding-right, var(u002du002dwpu002du002dcustomu002du002dgapu002du002dhorizontal)));padding-left:var(u002du002dwpu002du002dstyleu002du002drootu002du002dpadding-left, var(u002du002dwpu002du002dcustomu002du002dgapu002du002dhorizontal))\">\n<div style=\"height:calc( 0.25 * var(u002du002dwpu002du002dstyleu002du002drootu002du002dpadding-right, var(u002du002dwpu002du002dcustomu002du002dgapu002du002dhorizontal)))\" aria-hidden=\"true\" class=\"wp-block-spacer\"><\/div>\n\n\n\n<div class=\"wp-block-columns alignwide is-layout-flex wp-container-core-columns-is-layout-7387b849 wp-block-columns-is-layout-flex\">\n<div class=\"wp-block-column is-vertically-aligned-center is-layout-flow wp-block-column-is-layout-flow\">\n<figure class=\"wp-block-image size-full\"><img data-recalc-dims=\"1\" loading=\"lazy\" decoding=\"async\" width=\"800\" height=\"530\" src=\"https:\/\/i0.wp.com\/bno-travel.com\/wp-content\/uploads\/2025\/06\/19105869168_e052658c34_c.jpg?resize=800%2C530&#038;ssl=1\" alt=\"Rafting em Trysil\" class=\"wp-image-2317\" style=\"aspect-ratio:3\/4;object-fit:cover\" srcset=\"https:\/\/i0.wp.com\/bno-travel.com\/wp-content\/uploads\/2025\/06\/19105869168_e052658c34_c.jpg?w=800&amp;ssl=1 800w, https:\/\/i0.wp.com\/bno-travel.com\/wp-content\/uploads\/2025\/06\/19105869168_e052658c34_c.jpg?resize=300%2C199&amp;ssl=1 300w, https:\/\/i0.wp.com\/bno-travel.com\/wp-content\/uploads\/2025\/06\/19105869168_e052658c34_c.jpg?resize=768%2C509&amp;ssl=1 768w\" sizes=\"(max-width: 800px) 100vw, 800px\" \/><\/figure>\n<\/div>\n\n\n\n<div class=\"wp-block-column is-vertically-aligned-center is-layout-flow wp-block-column-is-layout-flow\">\n<p class=\"has-text-align-left wp-block-paragraph\">Outras actividades no rio incluem:<\/p>\n\n\n\n<ul class=\"wp-block-list\">\n<li><strong>Remar no rio e andar de caiaque<\/strong><\/li>\n\n\n\n<li><strong>Locais para nadar e passeios no rio<\/strong><\/li>\n\n\n\n<li><strong>SUP (Stand Up Paddle) em zonas mais calmas<\/strong><\/li>\n\n\n\n<li><strong>Pesca<\/strong> em Trysilelva - famosa pela truta e pelo grayling<\/li>\n<\/ul>\n\n\n\n<p class=\"wp-block-paragraph\">Estas actividades combinam a experi\u00eancia da natureza, a adrenalina e o relaxamento de uma forma \u00fanica.<\/p>\n\n\n\n<p class=\"wp-block-paragraph\"><a href=\"https:\/\/bno-travel.com\/pt-pt\/?page_id=2959\">Alojamento em Trysil<\/a> - fica perto das actividades<\/p>\n\n\n\n<p class=\"wp-block-paragraph\">A BNO TRAVEL oferece-te uma vasta gama de <strong>op\u00e7\u00f5es de alojamento em Trysil<\/strong>, tanto no Trysil Turistsenter como nos arredores, e no Trysil H\u00f8yfjellssenter\/Fager\u00e5sen. Podes escolher entre: <\/p>\n\n\n\n<ul class=\"wp-block-list\">\n<li><strong>Cabanas e apartamentos modernos com padr\u00f5es elevados e pr\u00f3ximos do parque de escalada<\/strong><\/li>\n\n\n\n<li><strong>Unidades familiares<\/strong> com espa\u00e7o para mais pessoas e \u00f3ptimas instala\u00e7\u00f5es<\/li>\n<\/ul>\n\n\n\n<p class=\"wp-block-paragraph\">Todas as op\u00e7\u00f5es de alojamento d\u00e3o-te acesso a experi\u00eancias na natureza, trilhos para caminhadas, ciclovias e \u00e1reas de atividade. Com a nossa ajuda, encontrar\u00e1s o local que melhor se adapta a ti - quer pretendas um elevado n\u00edvel de conforto, uma solu\u00e7\u00e3o econ\u00f3mica ou algo interm\u00e9dio. N\u00e3o te esque\u00e7as de que os pre\u00e7os dos alojamentos s\u00e3o particularmente favor\u00e1veis no ver\u00e3o. Isto significa que passar as tuas f\u00e9rias em Trysil \u00e9 uma mais-valia para o teu dinheiro. Muitas actividades s\u00e3o bem organizadas e muitas vezes completamente gratuitas, por isso aqui fica uma dica extra: pega na tua bicicleta e botas de caminhada e vai para Trysil.    <\/p>\n\n\n\n<hr class=\"wp-block-separator has-alpha-channel-opacity\"\/>\n\n\n\n<p class=\"wp-block-paragraph\">Planeia as tuas f\u00e9rias activas com a BNO TRAVEL<\/p>\n\n\n\n<p class=\"wp-block-paragraph\">Com a BNO TRAVEL, podes facilmente <strong>organizar umas f\u00e9rias repletas de actividades, natureza e experi\u00eancias<\/strong>. Ajudamos-te com: <\/p>\n\n\n\n<ul class=\"wp-block-list\">\n<li>Reserva do parque de escalada e de outras actividades<\/li>\n\n\n\n<li>Alojamento em toda a regi\u00e3o de Trysil<\/li>\n\n\n\n<li>Dicas de lugares para comer e coisas para fazer<\/li>\n\n\n\n<li>Conhecimento local e servi\u00e7o personalizado<\/li>\n<\/ul>\n\n\n\n<p class=\"wp-block-paragraph\">Trysil \u00e9 mais do que apenas esquiar - \u00e9 um destino para todo o ano, onde a natureza, as actividades e as experi\u00eancias familiares se encontram. Quer queiras subir \u00e0s \u00e1rvores, remar nos rios, andar de bicicleta nas montanhas ou apenas desfrutar do ar fresco e da tranquilidade da montanha, Trysil \u00e9 o local ideal para ti. <\/p>\n\n\n\n<div class=\"wp-block-buttons is-content-justification-center is-layout-flex wp-container-core-buttons-is-layout-3e41869c wp-block-buttons-is-layout-flex\"><\/div>\n<\/div>\n<\/div>\n\n\n\n<div style=\"height:calc( 0.25 * var(u002du002dwpu002du002dstyleu002du002drootu002du002dpadding-right, var(u002du002dwpu002du002dcustomu002du002dgapu002du002dhorizontal)))\" aria-hidden=\"true\" class=\"wp-block-spacer\"><\/div>\n<\/div>\n\n\n\n<div class=\"wp-block-group alignwide is-content-justification-left is-layout-constrained wp-container-core-group-is-layout-54d22900 wp-block-group-is-layout-constrained\">\n<div class=\"wp-block-buttons is-layout-flex wp-block-buttons-is-layout-flex\"><\/div>\n<\/div>\n<\/div>\n\n<div class=\"wp-block-group alignfull is-style-default is-content-justification-center is-layout-constrained wp-container-core-group-is-layout-cdf99998 wp-block-group-is-layout-constrained\" style=\"margin-top:0;margin-bottom:0;padding-top:var(--wp--preset--spacing--40);padding-bottom:var(--wp--preset--spacing--40)\"><\/div>\n\n<p class=\"wp-block-paragraph\"><\/p>\n","protected":false},"excerpt":{"rendered":"<p>Parque de escalada em Trysil - emo\u00e7\u00e3o, mestria e divers\u00e3o para toda a fam\u00edlia Bem-vindo \u00e0 H\u00f8yt &amp; Lavt H\u00f8yt &amp; Lavt TrysilO H\u00f8yt &amp; Lavt Trysil \u00e9 um dos parques de escalada mais populares e modernos da Noruega - mesmo no cora\u00e7\u00e3o das florestas c\u00e9nicas de Trysil. Aqui, encontrar\u00e1s tirolesas, percursos de obst\u00e1culos nas [&hellip;]<\/p>\n","protected":false},"author":260013438,"featured_media":0,"parent":0,"menu_order":0,"comment_status":"closed","ping_status":"closed","template":"","meta":{"_crdt_document":"","footnotes":""},"class_list":["post-4293","page","type-page","status-publish","hentry"],"jetpack_likes_enabled":true,"jetpack_sharing_enabled":true,"jetpack_shortlink":"https:\/\/wp.me\/PgDuwj-17f","jetpack-related-posts":[{"id":2841,"url":"https:\/\/bno-travel.com\/pt-pt\/descobre-trysil-todo-o-ano-para-os-veraneantes-activos\/","url_meta":{"origin":4293,"position":0},"title":"Descobre Trysil: Todo o ano para os veraneantes activos","author":"Jan Terje \u00c5s","date":"18 de Julho, 2025","format":false,"excerpt":"Experimenta o Trysil \u2605\u2605\u2605\u2605\u2605 Aqui encontrar\u00e1s alojamento em Trysil Trysil n\u00e3o \u00e9 apenas o maior destino de esqui da Noruega - \u00e9 tamb\u00e9m um para\u00edso durante todo o ano para h\u00f3spedes activos, fam\u00edlias e amantes da natureza. Quer visites a montanha em busca de velocidade e emo\u00e7\u00e3o, relaxamento ou tempo\u2026","rel":"","context":"Similar post","block_context":{"text":"Similar post","link":""},"img":{"alt_text":"Opplev Trysil","src":"https:\/\/i0.wp.com\/bno-travel.com\/wp-content\/uploads\/2025\/07\/20.06.19_Dronebilder-Sentrum_FULLSIZE-2.jpg?resize=350%2C200&ssl=1","width":350,"height":200,"srcset":"https:\/\/i0.wp.com\/bno-travel.com\/wp-content\/uploads\/2025\/07\/20.06.19_Dronebilder-Sentrum_FULLSIZE-2.jpg?resize=350%2C200&ssl=1 1x, https:\/\/i0.wp.com\/bno-travel.com\/wp-content\/uploads\/2025\/07\/20.06.19_Dronebilder-Sentrum_FULLSIZE-2.jpg?resize=525%2C300&ssl=1 1.5x, https:\/\/i0.wp.com\/bno-travel.com\/wp-content\/uploads\/2025\/07\/20.06.19_Dronebilder-Sentrum_FULLSIZE-2.jpg?resize=700%2C400&ssl=1 2x, https:\/\/i0.wp.com\/bno-travel.com\/wp-content\/uploads\/2025\/07\/20.06.19_Dronebilder-Sentrum_FULLSIZE-2.jpg?resize=1050%2C600&ssl=1 3x, https:\/\/i0.wp.com\/bno-travel.com\/wp-content\/uploads\/2025\/07\/20.06.19_Dronebilder-Sentrum_FULLSIZE-2.jpg?resize=1400%2C800&ssl=1 4x"},"classes":[]},{"id":3915,"url":"https:\/\/bno-travel.com\/pt-pt\/parque-de-escalada-em-salen\/","url_meta":{"origin":4293,"position":1},"title":"Parque de escalada em S\u00e4len","author":"Jan Terje \u00c5s","date":"18 de Julho, 2025","format":false,"excerpt":"Parque de escalada em S\u00e4len - Emo\u00e7\u00e3o, mestria e divers\u00e3o para toda a fam\u00edlia Bem-vindo ao H\u00f6gt & L\u00e5gt S\u00e4len, um parque de escalada moderno e familiar, maravilhosamente situado junto a Svansj\u00f6n, em Lindvallen. Aqui encontrar\u00e1s tirolesas a\u00e9reas, emocionantes percursos de obst\u00e1culos nas \u00e1rvores e desafios para crian\u00e7as, adolescentes, adultos\u2026","rel":"","context":"Similar post","block_context":{"text":"Similar post","link":""},"img":{"alt_text":"Overnatting i S\u00e4len","src":"https:\/\/i0.wp.com\/bno-travel.com\/wp-content\/uploads\/2025\/07\/20D.jpg?resize=350%2C200&ssl=1","width":350,"height":200,"srcset":"https:\/\/i0.wp.com\/bno-travel.com\/wp-content\/uploads\/2025\/07\/20D.jpg?resize=350%2C200&ssl=1 1x, https:\/\/i0.wp.com\/bno-travel.com\/wp-content\/uploads\/2025\/07\/20D.jpg?resize=525%2C300&ssl=1 1.5x, https:\/\/i0.wp.com\/bno-travel.com\/wp-content\/uploads\/2025\/07\/20D.jpg?resize=700%2C400&ssl=1 2x, https:\/\/i0.wp.com\/bno-travel.com\/wp-content\/uploads\/2025\/07\/20D.jpg?resize=1050%2C600&ssl=1 3x"},"classes":[]},{"id":4385,"url":"https:\/\/bno-travel.com\/es\/parque-de-escalada-en-trysil\/","url_meta":{"origin":4293,"position":2},"title":"Parque de escalada en Trysil","author":"Jan Terje \u00c5s","date":"18 de Julho, 2025","format":false,"excerpt":"Parque de escalada en Trysil - Emoci\u00f3n, maestr\u00eda y diversi\u00f3n para toda la familia Bienvenido a H\u00f8yt & Lavt H\u00f8yt & Lavt TrysilH\u00f8yt & Lavt Trysil es uno de los parques de escalada m\u00e1s populares y modernos de Noruega, justo en el coraz\u00f3n de los pintorescos bosques de Trysil. Aqu\u00ed\u2026","rel":"","context":"Similar post","block_context":{"text":"Similar post","link":""},"img":{"alt_text":"Klatrepark i S\u00e4len","src":"https:\/\/i0.wp.com\/bno-travel.com\/wp-content\/uploads\/2025\/06\/43311668904_2a700093da_c.jpg?resize=350%2C200&ssl=1","width":350,"height":200,"srcset":"https:\/\/i0.wp.com\/bno-travel.com\/wp-content\/uploads\/2025\/06\/43311668904_2a700093da_c.jpg?resize=350%2C200&ssl=1 1x, https:\/\/i0.wp.com\/bno-travel.com\/wp-content\/uploads\/2025\/06\/43311668904_2a700093da_c.jpg?resize=525%2C300&ssl=1 1.5x, https:\/\/i0.wp.com\/bno-travel.com\/wp-content\/uploads\/2025\/06\/43311668904_2a700093da_c.jpg?resize=700%2C400&ssl=1 2x"},"classes":[]},{"id":4370,"url":"https:\/\/bno-travel.com\/pt-pt\/golfe-em-trysil\/","url_meta":{"origin":4293,"position":3},"title":"Golfe em Trysil","author":"Jan Terje \u00c5s","date":"18 de Julho, 2025","format":false,"excerpt":"Golfe em Trysil e Engerdal - Joga com vista para as montanhas, florestas e sil\u00eancio Bem-vindo a Trysil e Engerdal - um verdadeiro para\u00edso de golfe num ambiente c\u00e9nico! Aqui encontrar\u00e1s campos bem conservados, vistas espectaculares e um ambiente tranquilo que proporcionam uma experi\u00eancia de golfe muito especial. Quer sejas\u2026","rel":"","context":"Similar post","block_context":{"text":"Similar post","link":""},"img":{"alt_text":"Golf i Trysil","src":"https:\/\/i0.wp.com\/bno-travel.com\/wp-content\/uploads\/2025\/06\/18670754034_e10bf74a7e_c.jpg?resize=350%2C200&ssl=1","width":350,"height":200,"srcset":"https:\/\/i0.wp.com\/bno-travel.com\/wp-content\/uploads\/2025\/06\/18670754034_e10bf74a7e_c.jpg?resize=350%2C200&ssl=1 1x, https:\/\/i0.wp.com\/bno-travel.com\/wp-content\/uploads\/2025\/06\/18670754034_e10bf74a7e_c.jpg?resize=525%2C300&ssl=1 1.5x"},"classes":[]},{"id":4262,"url":"https:\/\/bno-travel.com\/pt-pt\/caminhadas-em-trysil\/","url_meta":{"origin":4293,"position":4},"title":"Caminhadas em Trysil","author":"Jan Terje \u00c5s","date":"18 de Julho, 2025","format":false,"excerpt":"Caminhadas em Trysil - Caminhadas fant\u00e1sticas, picos e experi\u00eancias na natureza Bem-vindo a Trysil - um destino para todo o ano que oferece muito mais do que neve e esqui! Quando as montanhas ficam verdes e o ar est\u00e1 quente, Trysil abre-se para uma grande variedade de caminhadas, passeios ao\u2026","rel":"","context":"Similar post","block_context":{"text":"Similar post","link":""},"img":{"alt_text":"Vandring i Trysil","src":"https:\/\/i0.wp.com\/bno-travel.com\/wp-content\/uploads\/2025\/06\/27930399740_e3e100021e_c.jpg?resize=350%2C200&ssl=1","width":350,"height":200,"srcset":"https:\/\/i0.wp.com\/bno-travel.com\/wp-content\/uploads\/2025\/06\/27930399740_e3e100021e_c.jpg?resize=350%2C200&ssl=1 1x, https:\/\/i0.wp.com\/bno-travel.com\/wp-content\/uploads\/2025\/06\/27930399740_e3e100021e_c.jpg?resize=525%2C300&ssl=1 1.5x, https:\/\/i0.wp.com\/bno-travel.com\/wp-content\/uploads\/2025\/06\/27930399740_e3e100021e_c.jpg?resize=700%2C400&ssl=1 2x"},"classes":[]}],"_links":{"self":[{"href":"https:\/\/bno-travel.com\/pt-pt\/wp-json\/wp\/v2\/pages\/4293","targetHints":{"allow":["GET"]}}],"collection":[{"href":"https:\/\/bno-travel.com\/pt-pt\/wp-json\/wp\/v2\/pages"}],"about":[{"href":"https:\/\/bno-travel.com\/pt-pt\/wp-json\/wp\/v2\/types\/page"}],"author":[{"embeddable":true,"href":"https:\/\/bno-travel.com\/pt-pt\/wp-json\/wp\/v2\/users\/260013438"}],"replies":[{"embeddable":true,"href":"https:\/\/bno-travel.com\/pt-pt\/wp-json\/wp\/v2\/comments?post=4293"}],"version-history":[{"count":2,"href":"https:\/\/bno-travel.com\/pt-pt\/wp-json\/wp\/v2\/pages\/4293\/revisions"}],"predecessor-version":[{"id":4731,"href":"https:\/\/bno-travel.com\/pt-pt\/wp-json\/wp\/v2\/pages\/4293\/revisions\/4731"}],"wp:attachment":[{"href":"https:\/\/bno-travel.com\/pt-pt\/wp-json\/wp\/v2\/media?parent=4293"}],"curies":[{"name":"wp","href":"https:\/\/api.w.org\/{rel}","templated":true}]}}