{"id":4370,"date":"2025-07-18T20:28:41","date_gmt":"2025-07-18T18:28:41","guid":{"rendered":"https:\/\/bno-travel.com\/?page_id=4370"},"modified":"2025-07-18T20:30:50","modified_gmt":"2025-07-18T18:30:50","slug":"golfe-em-trysil","status":"publish","type":"page","link":"https:\/\/bno-travel.com\/pt-pt\/golfe-em-trysil\/","title":{"rendered":"Golfe em Trysil"},"content":{"rendered":"\n<p class=\"wp-block-paragraph\"><\/p>\n\n<div class=\"wp-block-cover alignfull\" style=\"margin-top:0;margin-bottom:0;padding-top:var(--wp--preset--spacing--20);padding-right:var(--wp--preset--spacing--40);padding-bottom:var(--wp--preset--spacing--20);padding-left:var(--wp--preset--spacing--40);min-height:927px;aspect-ratio:unset;\"><img data-recalc-dims=\"1\" fetchpriority=\"high\" decoding=\"async\" width=\"799\" height=\"532\" class=\"wp-block-cover__image-background wp-image-2278 size-full\" alt=\"Sommer i Trysil\" src=\"https:\/\/i0.wp.com\/bno-travel.com\/wp-content\/uploads\/2025\/06\/19105672288_2155e3dd4c_c.jpg?resize=799%2C532&#038;ssl=1\" style=\"object-position:51% 64%\" data-object-fit=\"cover\" data-object-position=\"51% 64%\" srcset=\"https:\/\/i0.wp.com\/bno-travel.com\/wp-content\/uploads\/2025\/06\/19105672288_2155e3dd4c_c.jpg?w=799&amp;ssl=1 799w, https:\/\/i0.wp.com\/bno-travel.com\/wp-content\/uploads\/2025\/06\/19105672288_2155e3dd4c_c.jpg?resize=300%2C200&amp;ssl=1 300w, https:\/\/i0.wp.com\/bno-travel.com\/wp-content\/uploads\/2025\/06\/19105672288_2155e3dd4c_c.jpg?resize=768%2C511&amp;ssl=1 768w\" sizes=\"(max-width: 799px) 100vw, 799px\" \/><span aria-hidden=\"true\" class=\"wp-block-cover__background has-theme-1-background-color has-background-dim-30 has-background-dim\"><\/span><div class=\"wp-block-cover__inner-container is-layout-flow wp-block-cover-is-layout-flow\">\n<div style=\"height:var(--wp--preset--spacing--50)\" aria-hidden=\"true\" class=\"wp-block-spacer\"><\/div>\n\n\n\n<div style=\"height:var(--wp--preset--spacing--50)\" aria-hidden=\"true\" class=\"wp-block-spacer\"><\/div>\n<\/div><\/div>\n\n<div class=\"wp-block-group alignfull is-style-section-3 is-layout-constrained wp-block-group-is-layout-constrained\" style=\"margin-top:0;margin-bottom:0;padding-top:var(--wp--preset--spacing--40);padding-bottom:var(--wp--preset--spacing--40)\">\n<div class=\"wp-block-columns alignwide are-vertically-aligned-center is-layout-flex wp-container-core-columns-is-layout-d9ad523d wp-block-columns-is-layout-flex\">\n<div class=\"wp-block-column is-vertically-aligned-center is-layout-flow wp-block-column-is-layout-flow\">\n<figure class=\"wp-block-image size-full\"><img data-recalc-dims=\"1\" decoding=\"async\" width=\"532\" height=\"799\" src=\"https:\/\/i0.wp.com\/bno-travel.com\/wp-content\/uploads\/2025\/06\/18670754034_e10bf74a7e_c.jpg?resize=532%2C799&#038;ssl=1\" alt=\"Golfe em Trysil\" class=\"wp-image-2265\" style=\"aspect-ratio:3\/4;object-fit:cover\" title=\"t&#xED;tulo\" srcset=\"https:\/\/i0.wp.com\/bno-travel.com\/wp-content\/uploads\/2025\/06\/18670754034_e10bf74a7e_c.jpg?w=532&amp;ssl=1 532w, https:\/\/i0.wp.com\/bno-travel.com\/wp-content\/uploads\/2025\/06\/18670754034_e10bf74a7e_c.jpg?resize=200%2C300&amp;ssl=1 200w\" sizes=\"(max-width: 532px) 100vw, 532px\" \/><\/figure>\n<\/div>\n\n\n\n<div class=\"wp-block-column is-vertically-aligned-center is-content-justification-left is-layout-constrained wp-container-core-column-is-layout-b64f6bf5 wp-block-column-is-layout-constrained\">\n<p class=\"wp-block-paragraph\"><\/p>\n\n\n\n<h2 class=\"wp-block-heading\">Golfe em Trysil e Engerdal - Joga com vista para as montanhas, florestas e sil\u00eancio<\/h2>\n\n\n\n<p class=\"wp-block-paragraph\">Bem-vindo a Trysil e Engerdal - um verdadeiro para\u00edso de golfe num ambiente c\u00e9nico! Aqui encontrar\u00e1s campos bem conservados, vistas espectaculares e um ambiente tranquilo que proporcionam uma experi\u00eancia de golfe muito especial. Quer sejas um golfista experiente ou um novato no desporto, Trysil e Engerdal oferecem um jogo variado, uma atmosfera excelente e um ambiente que se adequa a todos.  <\/p>\n\n\n\n<p class=\"wp-block-paragraph\">A BNO TRAVEL pode ajudar-te a planear umas f\u00e9rias de golfe completas com alojamento, tee times e actividades para a fam\u00edlia - tudo \u00e0 medida dos teus desejos.<\/p>\n\n\n\n<p class=\"wp-block-paragraph\">Clube de golfe e mini-golfe para toda a fam\u00edlia<\/p>\n\n\n\n<p class=\"wp-block-paragraph\">O clubhouse do <a href=\"https:\/\/www.trysil.com\/bedrifter\/trysilfjellet-golf-as\/trysilfjellet-golfbane\/\" target=\"_blank\" rel=\"noopener\">Trysil Golfbane<\/a> \u00e9 mais do que um simples ponto de encontro para os golfistas. Aqui encontrar\u00e1s um <strong>caf\u00e9 acolhedor<\/strong>, vesti\u00e1rios, loja profissional e um ambiente social onde poder\u00e1s relaxar depois da tua partida. Para as fam\u00edlias com crian\u00e7as, <strong>o campo de golfe em miniatura<\/strong> \u00e9 uma carater\u00edstica popular - de f\u00e1cil acesso, divertido e com obst\u00e1culos simples que o tornam divertido para todas as idades.  <\/p>\n\n\n\n<p class=\"wp-block-paragraph\">O campo de minigolfe tamb\u00e9m est\u00e1 aberto a quem n\u00e3o joga golfe normal e \u00e9 uma \u00f3ptima pausa depois de andar de bicicleta, fazer caminhadas ou nadar.<\/p>\n\n\n\n<div class=\"wp-block-buttons is-layout-flex wp-block-buttons-is-layout-flex\"><\/div>\n<\/div>\n<\/div>\n<\/div>\n\n<div class=\"wp-block-group alignfull is-style-default is-content-justification-center is-layout-constrained wp-container-core-group-is-layout-69af11d0 wp-block-group-is-layout-constrained\" style=\"margin-top:0;margin-bottom:0;padding-top:var(--wp--preset--spacing--40);padding-bottom:var(--wp--preset--spacing--40)\">\n<div class=\"wp-block-group alignwide is-content-justification-left is-layout-constrained wp-container-core-group-is-layout-54d22900 wp-block-group-is-layout-constrained\">\n<p class=\"wp-block-paragraph\">O Trysil Golfbane est\u00e1 aberto e acess\u00edvel tanto a jogadores experientes como a principiantes. N\u00e3o precisas de um cart\u00e3o verde para experimentar o driving range ou o mini-golfe.   <a href=\"https:\/\/www.trysil.com\/bedrifter\/trysilfjellet-golf-as\/trysil-golfklubb\/\" target=\"_blank\" rel=\"noopener\">Se quiseres saber mais, podes inscrever-te num curso ou ter uma aula introdut\u00f3ria com um formador certificado pela PGA.<\/a><\/p>\n\n\n\n<p class=\"wp-block-paragraph\">As crian\u00e7as e os jovens tamb\u00e9m s\u00e3o bem-vindos e s\u00e3o oferecidos cursos especiais para crian\u00e7as e actividades para jovens durante toda a \u00e9poca. Com um ambiente calmo e poucas filas de espera, Trysil \u00e9 o local perfeito para aprenderes o desporto num ambiente seguro e inspirador. <\/p>\n\n\n\n<div class=\"wp-block-buttons is-layout-flex wp-block-buttons-is-layout-flex\"><\/div>\n<\/div>\n<\/div>\n\n<div class=\"wp-block-group alignfull is-content-justification-center is-layout-constrained wp-block-group-is-layout-constrained\" style=\"margin-top:0;margin-bottom:0;padding-top:var(--wp--preset--spacing--40);padding-bottom:var(--wp--preset--spacing--40)\">\n<div class=\"wp-block-columns alignwide are-vertically-aligned-center is-layout-flex wp-container-core-columns-is-layout-7387b849 wp-block-columns-is-layout-flex\">\n<div class=\"wp-block-column is-vertically-aligned-center is-content-justification-left is-layout-constrained wp-container-core-column-is-layout-b64f6bf5 wp-block-column-is-layout-constrained\">\n<h2 class=\"wp-block-heading has-xx-large-font-size\">Factos sobre o Campo de Golfe Trysil<\/h2>\n\n\n\n<p class=\"wp-block-paragraph\">O Trysil Golfbane \u00e9 um <strong>campo de 18 buracos de floresta e parque<\/strong>, concebido para acompanhar a paisagem natural de Trysil. O campo \u00e9 conhecido pelo seu elevado n\u00edvel, pelas paisagens envolventes e pelos desafios variados. <\/p>\n\n\n\n<p class=\"wp-block-paragraph\"><strong>Aqui tens alguns destaques:<\/strong><\/p>\n\n\n\n<ul class=\"wp-block-list\">\n<li>18 buracos - par 72<\/li>\n\n\n\n<li>Comprimento do tee branco: aproximadamente 6.400 metros <\/li>\n\n\n\n<li>Driving range e \u00e1reas de pr\u00e1tica para putting e chipping<\/li>\n\n\n\n<li>Aluguer de carrinhos de golfe e loja profissional moderna<\/li>\n\n\n\n<li>Escola de golfe e cursos para todos os n\u00edveis<\/li>\n\n\n\n<li>\u00c9poca: geralmente de maio a outubro<\/li>\n<\/ul>\n\n\n\n<p class=\"wp-block-paragraph\">O campo tem uma localiza\u00e7\u00e3o id\u00edlica junto ao rio Trysilelva, a poucos minutos do centro de Trysil e a uma curta dist\u00e2ncia das zonas de alojamento nas montanhas. Conhecido pela sua boa manuten\u00e7\u00e3o, greens r\u00e1pidos e ambiente tranquilo, \u00e9 um deleite tanto para os golfistas como para os espectadores. Come comida local ou desfruta do sil\u00eancio da montanha junto \u00e0 lareira. <\/p>\n\n\n\n<p class=\"has-text-align-left wp-block-paragraph\">Clubhouse, loja profissional e mini-golfe para toda a fam\u00edlia<\/p>\n\n\n\n<p class=\"wp-block-paragraph\">Junto ao campo de golfe encontra-se um <strong>moderno clubhouse<\/strong> com balne\u00e1rios, chuveiros, um caf\u00e9 e um terra\u00e7o acolhedor onde podes apreciar a vista do campo. O clubhouse serve de ponto de encontro social e organiza regularmente torneios e noites de clube. <\/p>\n\n\n\n<div class=\"wp-block-buttons is-layout-flex wp-block-buttons-is-layout-flex\"><\/div>\n<\/div>\n\n\n\n<div class=\"wp-block-column is-vertically-aligned-center is-layout-flow wp-block-column-is-layout-flow\">\n<figure class=\"wp-block-image size-full\"><img data-recalc-dims=\"1\" decoding=\"async\" width=\"799\" height=\"532\" src=\"https:\/\/i0.wp.com\/bno-travel.com\/wp-content\/uploads\/2025\/06\/19105672288_2155e3dd4c_c.jpg?resize=799%2C532&#038;ssl=1\" alt=\"ver&#xE3;o em Trysil\" class=\"wp-image-2278\" style=\"aspect-ratio:3\/4;object-fit:cover\" srcset=\"https:\/\/i0.wp.com\/bno-travel.com\/wp-content\/uploads\/2025\/06\/19105672288_2155e3dd4c_c.jpg?w=799&amp;ssl=1 799w, https:\/\/i0.wp.com\/bno-travel.com\/wp-content\/uploads\/2025\/06\/19105672288_2155e3dd4c_c.jpg?resize=300%2C200&amp;ssl=1 300w, https:\/\/i0.wp.com\/bno-travel.com\/wp-content\/uploads\/2025\/06\/19105672288_2155e3dd4c_c.jpg?resize=768%2C511&amp;ssl=1 768w\" sizes=\"(max-width: 799px) 100vw, 799px\" \/><\/figure>\n<\/div>\n<\/div>\n<\/div>\n\n<div class=\"wp-block-group alignfull is-style-default is-content-justification-center is-layout-constrained wp-container-core-group-is-layout-69af11d0 wp-block-group-is-layout-constrained\" style=\"margin-top:0;margin-bottom:0;padding-top:var(--wp--preset--spacing--40);padding-bottom:var(--wp--preset--spacing--40)\">\n<div class=\"wp-block-group alignfull is-content-justification-center is-layout-constrained wp-container-core-group-is-layout-4853c3a7 wp-block-group-is-layout-constrained\" style=\"margin-top:0;margin-bottom:0;padding-top:calc( 0.5 * var(u002du002dwpu002du002dstyleu002du002drootu002du002dpadding-right, var(u002du002dwpu002du002dcustomu002du002dgapu002du002dhorizontal)));padding-right:var(u002du002dwpu002du002dstyleu002du002drootu002du002dpadding-right, var(u002du002dwpu002du002dcustomu002du002dgapu002du002dhorizontal));padding-bottom:calc( 0.5 * var(u002du002dwpu002du002dstyleu002du002drootu002du002dpadding-right, var(u002du002dwpu002du002dcustomu002du002dgapu002du002dhorizontal)));padding-left:var(u002du002dwpu002du002dstyleu002du002drootu002du002dpadding-left, var(u002du002dwpu002du002dcustomu002du002dgapu002du002dhorizontal))\">\n<div style=\"height:calc( 0.25 * var(u002du002dwpu002du002dstyleu002du002drootu002du002dpadding-right, var(u002du002dwpu002du002dcustomu002du002dgapu002du002dhorizontal)))\" aria-hidden=\"true\" class=\"wp-block-spacer\"><\/div>\n\n\n\n<div class=\"wp-block-columns alignwide is-layout-flex wp-container-core-columns-is-layout-7387b849 wp-block-columns-is-layout-flex\">\n<div class=\"wp-block-column is-vertically-aligned-center is-layout-flow wp-block-column-is-layout-flow\">\n<figure class=\"wp-block-image size-full\"><img data-recalc-dims=\"1\" loading=\"lazy\" decoding=\"async\" width=\"532\" height=\"799\" src=\"https:\/\/i0.wp.com\/bno-travel.com\/wp-content\/uploads\/2025\/06\/18670754034_e10bf74a7e_c.jpg?resize=532%2C799&#038;ssl=1\" alt=\"\" class=\"wp-image-2265\" style=\"aspect-ratio:3\/4;object-fit:cover\" srcset=\"https:\/\/i0.wp.com\/bno-travel.com\/wp-content\/uploads\/2025\/06\/18670754034_e10bf74a7e_c.jpg?w=532&amp;ssl=1 532w, https:\/\/i0.wp.com\/bno-travel.com\/wp-content\/uploads\/2025\/06\/18670754034_e10bf74a7e_c.jpg?resize=200%2C300&amp;ssl=1 200w\" sizes=\"(max-width: 532px) 100vw, 532px\" \/><\/figure>\n<\/div>\n\n\n\n<div class=\"wp-block-column is-vertically-aligned-center is-layout-flow wp-block-column-is-layout-flow\">\n<p class=\"has-text-align-left wp-block-paragraph\"><\/p>\n\n\n\n<p class=\"wp-block-paragraph\"><strong>A Proshop<\/strong> tem tudo o que precisas em termos de equipamento de golfe, vestu\u00e1rio e acess\u00f3rios - tanto para compra como para aluguer. Se precisares de ajuda com a t\u00e9cnica ou com o equipamento, o nosso pessoal especializado e os nossos formadores est\u00e3o prontos a ajudar. <\/p>\n\n\n\n<p class=\"has-text-align-left wp-block-paragraph\">Mesmo ao lado do driving range, encontrar\u00e1s tamb\u00e9m <strong>um excelente campo de minigolfe<\/strong> - perfeito para as crian\u00e7as ou como atividade social para toda a fam\u00edlia. O campo de mini-golfe tem 9 buracos divertidos e desafiantes e est\u00e1 aberto a todos, mesmo \u00e0queles que n\u00e3o jogam golfe regularmente. <\/p>\n\n\n\n<p class=\"has-text-align-left wp-block-paragraph\">Trysil - Mais do que apenas golfe<\/p>\n\n\n\n<p class=\"wp-block-paragraph\">Quando n\u00e3o estiveres na pista, Trysil oferece uma s\u00e9rie de outras actividades de ver\u00e3o: ciclismo de trail na Trysil Bike Arena, caminhadas nas montanhas, pesca, canoagem e equita\u00e7\u00e3o. Depois de um dia de passeio, podes desfrutar de comida e bebida nos restaurantes locais, relaxar no spa ou explorar a vida cultural no centro da cidade de Trysil. <\/p>\n\n\n\n<p class=\"has-text-align-left wp-block-paragraph\">Se viajas com a fam\u00edlia, h\u00e1 tamb\u00e9m um parque de escalada, parques infantis, oportunidades de nata\u00e7\u00e3o e \u00e1reas de actividades para tornar as tuas f\u00e9rias completas para mi\u00fados e gra\u00fados.<\/p>\n\n\n\n<p class=\"wp-block-paragraph\">Planeia as tuas f\u00e9rias de golfe com a BNO TRAVEL<\/p>\n\n\n\n<p class=\"wp-block-paragraph\">A BNO TRAVEL ajuda-te a planear a experi\u00eancia de golfe perfeita em Trysil. Ajudamos-te a personalizar a tua viagem com <a href=\"https:\/\/bno-travel.com\/pt-pt\/alojamento\/\">alojamento<\/a>, green fees, mini-golfe e actividades - e asseguramos-te que aproveitas ao m\u00e1ximo a tua estadia, quer viajes sozinho, com a fam\u00edlia ou em grupo. <\/p>\n\n\n\n<p class=\"wp-block-paragraph\"><strong>Reserva hoje as tuas f\u00e9rias de golfe em Trysil<\/strong> - e descobre porque \u00e9 que cada vez mais pessoas escolhem o golfe de montanha com vistas, ar puro e qualidade em todas as etapas.<\/p>\n\n\n\n<div class=\"wp-block-buttons is-content-justification-center is-layout-flex wp-container-core-buttons-is-layout-3e41869c wp-block-buttons-is-layout-flex\"><\/div>\n<\/div>\n<\/div>\n\n\n\n<div style=\"height:calc( 0.25 * var(u002du002dwpu002du002dstyleu002du002drootu002du002dpadding-right, var(u002du002dwpu002du002dcustomu002du002dgapu002du002dhorizontal)))\" aria-hidden=\"true\" class=\"wp-block-spacer\"><\/div>\n<\/div>\n\n\n\n<div class=\"wp-block-group alignwide is-content-justification-left is-layout-constrained wp-container-core-group-is-layout-54d22900 wp-block-group-is-layout-constrained\">\n<div class=\"wp-block-buttons is-layout-flex wp-block-buttons-is-layout-flex\"><\/div>\n<\/div>\n<\/div>\n\n<div class=\"wp-block-group alignfull is-style-default is-content-justification-center is-layout-constrained wp-container-core-group-is-layout-cdf99998 wp-block-group-is-layout-constrained\" style=\"margin-top:0;margin-bottom:0;padding-top:var(--wp--preset--spacing--40);padding-bottom:var(--wp--preset--spacing--40)\"><\/div>\n\n<p class=\"wp-block-paragraph\"><\/p>\n","protected":false},"excerpt":{"rendered":"<p>Golfe em Trysil e Engerdal - Joga com vista para as montanhas, florestas e sil\u00eancio Bem-vindo a Trysil e Engerdal - um verdadeiro para\u00edso de golfe num ambiente c\u00e9nico! Aqui encontrar\u00e1s campos bem conservados, vistas espectaculares e um ambiente tranquilo que proporcionam uma experi\u00eancia de golfe muito especial. Quer sejas um golfista experiente ou um [&hellip;]<\/p>\n","protected":false},"author":260013438,"featured_media":0,"parent":0,"menu_order":0,"comment_status":"closed","ping_status":"closed","template":"","meta":{"_crdt_document":"","footnotes":""},"class_list":["post-4370","page","type-page","status-publish","hentry"],"jetpack_likes_enabled":true,"jetpack_sharing_enabled":true,"jetpack_shortlink":"https:\/\/wp.me\/PgDuwj-18u","jetpack-related-posts":[{"id":2841,"url":"https:\/\/bno-travel.com\/pt-pt\/descobre-trysil-todo-o-ano-para-os-veraneantes-activos\/","url_meta":{"origin":4370,"position":0},"title":"Descobre Trysil: Todo o ano para os veraneantes activos","author":"Jan Terje \u00c5s","date":"18 de Julho, 2025","format":false,"excerpt":"Experimenta o Trysil \u2605\u2605\u2605\u2605\u2605 Aqui encontrar\u00e1s alojamento em Trysil Trysil n\u00e3o \u00e9 apenas o maior destino de esqui da Noruega - \u00e9 tamb\u00e9m um para\u00edso durante todo o ano para h\u00f3spedes activos, fam\u00edlias e amantes da natureza. Quer visites a montanha em busca de velocidade e emo\u00e7\u00e3o, relaxamento ou tempo\u2026","rel":"","context":"Similar post","block_context":{"text":"Similar post","link":""},"img":{"alt_text":"Opplev Trysil","src":"https:\/\/i0.wp.com\/bno-travel.com\/wp-content\/uploads\/2025\/07\/20.06.19_Dronebilder-Sentrum_FULLSIZE-2.jpg?resize=350%2C200&ssl=1","width":350,"height":200,"srcset":"https:\/\/i0.wp.com\/bno-travel.com\/wp-content\/uploads\/2025\/07\/20.06.19_Dronebilder-Sentrum_FULLSIZE-2.jpg?resize=350%2C200&ssl=1 1x, https:\/\/i0.wp.com\/bno-travel.com\/wp-content\/uploads\/2025\/07\/20.06.19_Dronebilder-Sentrum_FULLSIZE-2.jpg?resize=525%2C300&ssl=1 1.5x, https:\/\/i0.wp.com\/bno-travel.com\/wp-content\/uploads\/2025\/07\/20.06.19_Dronebilder-Sentrum_FULLSIZE-2.jpg?resize=700%2C400&ssl=1 2x, https:\/\/i0.wp.com\/bno-travel.com\/wp-content\/uploads\/2025\/07\/20.06.19_Dronebilder-Sentrum_FULLSIZE-2.jpg?resize=1050%2C600&ssl=1 3x, https:\/\/i0.wp.com\/bno-travel.com\/wp-content\/uploads\/2025\/07\/20.06.19_Dronebilder-Sentrum_FULLSIZE-2.jpg?resize=1400%2C800&ssl=1 4x"},"classes":[]},{"id":3987,"url":"https:\/\/bno-travel.com\/pt-pt\/golfe-em-salen\/","url_meta":{"origin":4370,"position":1},"title":"Golfe em S\u00e4len","author":"Jan Terje \u00c5s","date":"18 de Julho, 2025","format":false,"excerpt":"Golfe em S\u00e4len - Joga com vista para as montanhas, pinhais e ar fresco da montanha Bem-vindo a S\u00e4len - um destino de golfe surpreendentemente completo nas montanhas, onde podes combinar experi\u00eancias na natureza com golfe num ambiente maravilhoso. Aqui podes jogar em campos bem conservados, rodeados por florestas, rios\u2026","rel":"","context":"Similar post","block_context":{"text":"Similar post","link":""},"img":{"alt_text":"","src":"https:\/\/i0.wp.com\/bno-travel.com\/wp-content\/uploads\/2025\/07\/2016JH106088.jpg?resize=350%2C200&ssl=1","width":350,"height":200,"srcset":"https:\/\/i0.wp.com\/bno-travel.com\/wp-content\/uploads\/2025\/07\/2016JH106088.jpg?resize=350%2C200&ssl=1 1x, https:\/\/i0.wp.com\/bno-travel.com\/wp-content\/uploads\/2025\/07\/2016JH106088.jpg?resize=525%2C300&ssl=1 1.5x, https:\/\/i0.wp.com\/bno-travel.com\/wp-content\/uploads\/2025\/07\/2016JH106088.jpg?resize=700%2C400&ssl=1 2x, https:\/\/i0.wp.com\/bno-travel.com\/wp-content\/uploads\/2025\/07\/2016JH106088.jpg?resize=1050%2C600&ssl=1 3x, https:\/\/i0.wp.com\/bno-travel.com\/wp-content\/uploads\/2025\/07\/2016JH106088.jpg?resize=1400%2C800&ssl=1 4x"},"classes":[]},{"id":4262,"url":"https:\/\/bno-travel.com\/pt-pt\/caminhadas-em-trysil\/","url_meta":{"origin":4370,"position":2},"title":"Caminhadas em Trysil","author":"Jan Terje \u00c5s","date":"18 de Julho, 2025","format":false,"excerpt":"Caminhadas em Trysil - Caminhadas fant\u00e1sticas, picos e experi\u00eancias na natureza Bem-vindo a Trysil - um destino para todo o ano que oferece muito mais do que neve e esqui! Quando as montanhas ficam verdes e o ar est\u00e1 quente, Trysil abre-se para uma grande variedade de caminhadas, passeios ao\u2026","rel":"","context":"Similar post","block_context":{"text":"Similar post","link":""},"img":{"alt_text":"Vandring i Trysil","src":"https:\/\/i0.wp.com\/bno-travel.com\/wp-content\/uploads\/2025\/06\/27930399740_e3e100021e_c.jpg?resize=350%2C200&ssl=1","width":350,"height":200,"srcset":"https:\/\/i0.wp.com\/bno-travel.com\/wp-content\/uploads\/2025\/06\/27930399740_e3e100021e_c.jpg?resize=350%2C200&ssl=1 1x, https:\/\/i0.wp.com\/bno-travel.com\/wp-content\/uploads\/2025\/06\/27930399740_e3e100021e_c.jpg?resize=525%2C300&ssl=1 1.5x, https:\/\/i0.wp.com\/bno-travel.com\/wp-content\/uploads\/2025\/06\/27930399740_e3e100021e_c.jpg?resize=700%2C400&ssl=1 2x"},"classes":[]},{"id":4077,"url":"https:\/\/bno-travel.com\/pt-pt\/bowling-em-trysil\/","url_meta":{"origin":4370,"position":3},"title":"Bowling em Trysil","author":"Jan Terje \u00c5s","date":"18 de Julho, 2025","format":false,"excerpt":"Bowling em Trysil - a atividade perfeita para toda a fam\u00edlia O bowling \u00e9 uma atividade popular e soci\u00e1vel para jovens e idosos, e em Trysil encontrar\u00e1s um centro de bowling moderno e convidativo mesmo no cora\u00e7\u00e3o do destino de montanha. Quer estejas em Trysil de f\u00e9rias com a fam\u00edlia,\u2026","rel":"","context":"Similar post","block_context":{"text":"Similar post","link":""},"img":{"alt_text":"Bowling i Trysil","src":"https:\/\/i0.wp.com\/bno-travel.com\/wp-content\/uploads\/2025\/06\/52198855347_f963be3dbf_c.jpg?resize=350%2C200&ssl=1","width":350,"height":200,"srcset":"https:\/\/i0.wp.com\/bno-travel.com\/wp-content\/uploads\/2025\/06\/52198855347_f963be3dbf_c.jpg?resize=350%2C200&ssl=1 1x, https:\/\/i0.wp.com\/bno-travel.com\/wp-content\/uploads\/2025\/06\/52198855347_f963be3dbf_c.jpg?resize=525%2C300&ssl=1 1.5x, https:\/\/i0.wp.com\/bno-travel.com\/wp-content\/uploads\/2025\/06\/52198855347_f963be3dbf_c.jpg?resize=700%2C400&ssl=1 2x"},"classes":[]},{"id":11799,"url":"https:\/\/bno-travel.com\/litunet-721b-7-camas\/","url_meta":{"origin":4370,"position":4},"title":"Litunet 721B -7 camas","author":"Jan Terje \u00c5s","date":"23 de Outubro, 2025","format":false,"excerpt":"Fagerh\u00f8y, Trysil H\u00f8yfjellssenter A partir de 990 kr por dia \u2605\u2605\u2605\u2605 Verifica as datas dispon\u00edveis Bem-vindo ao Litunet 721B - uma cabana espa\u00e7osa e familiar no cora\u00e7\u00e3o de Trysil A Litunet 721B \u00e9 uma cabana familiar moderna e acolhedora, num s\u00f3 piso, com tr\u00eas quartos, sala de estar, cozinha e\u2026","rel":"","context":"Similar post","block_context":{"text":"Similar post","link":""},"img":{"alt_text":"","src":"https:\/\/i0.wp.com\/bno-travel.com\/wp-content\/uploads\/2025\/10\/litunet-721-trysil.png?resize=350%2C200&ssl=1","width":350,"height":200,"srcset":"https:\/\/i0.wp.com\/bno-travel.com\/wp-content\/uploads\/2025\/10\/litunet-721-trysil.png?resize=350%2C200&ssl=1 1x, https:\/\/i0.wp.com\/bno-travel.com\/wp-content\/uploads\/2025\/10\/litunet-721-trysil.png?resize=525%2C300&ssl=1 1.5x, https:\/\/i0.wp.com\/bno-travel.com\/wp-content\/uploads\/2025\/10\/litunet-721-trysil.png?resize=700%2C400&ssl=1 2x, https:\/\/i0.wp.com\/bno-travel.com\/wp-content\/uploads\/2025\/10\/litunet-721-trysil.png?resize=1050%2C600&ssl=1 3x, https:\/\/i0.wp.com\/bno-travel.com\/wp-content\/uploads\/2025\/10\/litunet-721-trysil.png?resize=1400%2C800&ssl=1 4x"},"classes":[]},{"id":11835,"url":"https:\/\/bno-travel.com\/pt-pt\/litunet-721b-7-camas\/","url_meta":{"origin":4370,"position":5},"title":"Litunet 721B -7 camas","author":"Jan Terje \u00c5s","date":"23 de Outubro, 2025","format":false,"excerpt":"Trysil Turistsenter - Unidade Litunet 721B - apartamento familiar em Trysil com acesso direto \u00e0s pistas de esqui O Litunet 721B \u00e9 um apartamento espa\u00e7oso e familiar no Trysil Turistsenter, com acesso direto \u00e0s pistas de esqui, proximidade da pista 13, escola de esqui, aluguer de equipamento de esqui e\u2026","rel":"","context":"Similar post","block_context":{"text":"Similar post","link":""},"img":{"alt_text":"","src":"","width":0,"height":0},"classes":[]}],"_links":{"self":[{"href":"https:\/\/bno-travel.com\/pt-pt\/wp-json\/wp\/v2\/pages\/4370","targetHints":{"allow":["GET"]}}],"collection":[{"href":"https:\/\/bno-travel.com\/pt-pt\/wp-json\/wp\/v2\/pages"}],"about":[{"href":"https:\/\/bno-travel.com\/pt-pt\/wp-json\/wp\/v2\/types\/page"}],"author":[{"embeddable":true,"href":"https:\/\/bno-travel.com\/pt-pt\/wp-json\/wp\/v2\/users\/260013438"}],"replies":[{"embeddable":true,"href":"https:\/\/bno-travel.com\/pt-pt\/wp-json\/wp\/v2\/comments?post=4370"}],"version-history":[{"count":4,"href":"https:\/\/bno-travel.com\/pt-pt\/wp-json\/wp\/v2\/pages\/4370\/revisions"}],"predecessor-version":[{"id":5249,"href":"https:\/\/bno-travel.com\/pt-pt\/wp-json\/wp\/v2\/pages\/4370\/revisions\/5249"}],"wp:attachment":[{"href":"https:\/\/bno-travel.com\/pt-pt\/wp-json\/wp\/v2\/media?parent=4370"}],"curies":[{"name":"wp","href":"https:\/\/api.w.org\/{rel}","templated":true}]}}