{"id":1615,"date":"2025-08-29T12:34:24","date_gmt":"2025-08-29T10:34:24","guid":{"rendered":"https:\/\/bno-travel.com\/?page_id=1615"},"modified":"2025-08-29T13:53:00","modified_gmt":"2025-08-29T11:53:00","slug":"biluthyrning","status":"publish","type":"page","link":"https:\/\/bno-travel.com\/sv\/biluthyrning\/","title":{"rendered":"Biluthyrning"},"content":{"rendered":"\n<div class=\"wp-block-cover alignfull\" style=\"margin-top:0;margin-bottom:0;padding-top:var(--wp--preset--spacing--20);padding-right:var(--wp--preset--spacing--40);padding-bottom:var(--wp--preset--spacing--20);padding-left:var(--wp--preset--spacing--40)\"><img data-recalc-dims=\"1\" fetchpriority=\"high\" decoding=\"async\" width=\"800\" height=\"266\" class=\"wp-block-cover__image-background wp-image-904 size-large\" alt=\"\" src=\"https:\/\/i0.wp.com\/bno-travel.com\/wp-content\/uploads\/2025\/06\/AdobeStock_460444160.jpeg?resize=800%2C266&#038;ssl=1\" data-object-fit=\"cover\" srcset=\"https:\/\/i0.wp.com\/bno-travel.com\/wp-content\/uploads\/2025\/06\/AdobeStock_460444160.jpeg?resize=1024%2C341&amp;ssl=1 1024w, https:\/\/i0.wp.com\/bno-travel.com\/wp-content\/uploads\/2025\/06\/AdobeStock_460444160.jpeg?resize=300%2C100&amp;ssl=1 300w, https:\/\/i0.wp.com\/bno-travel.com\/wp-content\/uploads\/2025\/06\/AdobeStock_460444160.jpeg?resize=768%2C256&amp;ssl=1 768w, https:\/\/i0.wp.com\/bno-travel.com\/wp-content\/uploads\/2025\/06\/AdobeStock_460444160.jpeg?resize=1536%2C512&amp;ssl=1 1536w, https:\/\/i0.wp.com\/bno-travel.com\/wp-content\/uploads\/2025\/06\/AdobeStock_460444160.jpeg?resize=2048%2C683&amp;ssl=1 2048w, https:\/\/i0.wp.com\/bno-travel.com\/wp-content\/uploads\/2025\/06\/AdobeStock_460444160.jpeg?w=1600&amp;ssl=1 1600w, https:\/\/i0.wp.com\/bno-travel.com\/wp-content\/uploads\/2025\/06\/AdobeStock_460444160.jpeg?w=2400&amp;ssl=1 2400w\" sizes=\"(max-width: 800px) 100vw, 800px\" \/><span aria-hidden=\"true\" class=\"wp-block-cover__background has-theme-1-background-color has-background-dim-30 has-background-dim\"><\/span><div class=\"wp-block-cover__inner-container is-layout-flow wp-block-cover-is-layout-flow\">\n<div style=\"height:var(--wp--preset--spacing--50)\" aria-hidden=\"true\" class=\"wp-block-spacer\"><\/div>\n\n\n\n<div class=\"wp-block-group is-layout-constrained wp-block-group-is-layout-constrained\">\n<div class=\"wp-block-buttons is-content-justification-center is-layout-flex wp-container-core-buttons-is-layout-3e41869c wp-block-buttons-is-layout-flex\"><\/div>\n<\/div>\n\n\n\n<div style=\"height:var(--wp--preset--spacing--50)\" aria-hidden=\"true\" class=\"wp-block-spacer\"><\/div>\n<\/div><\/div>\n\n<div class=\"wp-block-group alignfull is-style-section-2 is-content-justification-center is-layout-constrained wp-container-core-group-is-layout-49f605c9 wp-block-group-is-layout-constrained\" style=\"margin-top:0;margin-bottom:0;padding-top:var(--wp--preset--spacing--50);padding-bottom:var(--wp--preset--spacing--30)\">\n<h2 class=\"wp-block-heading alignwide wp-container-content-958eb9dc\">bokning av hyrbilar \u00f6ver hela v\u00e4rlden  <\/h2>\n\n\n\n<p class=\"wp-block-paragraph\">[bno_cartrawler mode=&#8221;hosted&#8221; locale=&#8221;no&#8221; lang=&#8221;no&#8221; currency=&#8221;NOK&#8221; pickupid=&#8221;4410&#8243; returnid=&#8221;4410&#8243; pickupdate=&#8221;2025-08-30T10:00&#8243; returndate=&#8221;2025-08-31T10:00&#8243; residenceid=&#8221;NO&#8221; age=&#8221;30&#8243;]\n\n<\/p>\n<\/div>\n","protected":false},"excerpt":{"rendered":"<p>bokning av hyrbilar \u00f6ver hela v\u00e4rlden [bno_cartrawler mode=&#8221;hosted&#8221; locale=&#8221;no&#8221; lang=&#8221;no&#8221; currency=&#8221;NOK&#8221; pickupid=&#8221;4410&#8243; returnid=&#8221;4410&#8243; pickupdate=&#8221;2025-08-30T10:00&#8243; returndate=&#8221;2025-08-31T10:00&#8243; residenceid=&#8221;NO&#8221; age=&#8221;30&#8243;]<\/p>\n","protected":false},"author":260013438,"featured_media":0,"parent":0,"menu_order":0,"comment_status":"closed","ping_status":"closed","template":"","meta":{"_crdt_document":"","footnotes":""},"class_list":["post-1615","page","type-page","status-publish","hentry"],"jetpack_likes_enabled":true,"jetpack_sharing_enabled":true,"jetpack_shortlink":"https:\/\/wp.me\/PgDuwj-q3","jetpack-related-posts":[{"id":1941,"url":"https:\/\/bno-travel.com\/sv\/resa-hit-till-trysil\/","url_meta":{"origin":1615,"position":0},"title":"Resa hit till Trysil","author":"Jan Terje \u00c5s","date":"11 juli 2025","format":false,"excerpt":"Hur man tar sig till Trysil - med flyg, hyrbil, buss, t\u00e5g eller privat bil \u2708\ufe0f Med flyg till Oslo flygplats Gardermoen (OSL) Oslo flygplats \u00e4r den vanligaste utg\u00e5ngspunkten f\u00f6r Trysil-resen\u00e4rer. Det finns direktflyg fr\u00e5n ett antal st\u00f6rre europeiska st\u00e4der. Forts\u00e4tt till Trysil fr\u00e5n Gardermoen: Buss: Trysilekspressen har flera dagliga\u2026","rel":"","context":"Liknande inl\u00e4gg","block_context":{"text":"Liknande inl\u00e4gg","link":""},"img":{"alt_text":"Trysil Ski resort, skiferie i Trysil,","src":"https:\/\/i0.wp.com\/bno-travel.com\/wp-content\/uploads\/2025\/06\/10001-20191216-Drone0784-scaled-1.jpg?resize=350%2C200&ssl=1","width":350,"height":200,"srcset":"https:\/\/i0.wp.com\/bno-travel.com\/wp-content\/uploads\/2025\/06\/10001-20191216-Drone0784-scaled-1.jpg?resize=350%2C200&ssl=1 1x, https:\/\/i0.wp.com\/bno-travel.com\/wp-content\/uploads\/2025\/06\/10001-20191216-Drone0784-scaled-1.jpg?resize=525%2C300&ssl=1 1.5x, https:\/\/i0.wp.com\/bno-travel.com\/wp-content\/uploads\/2025\/06\/10001-20191216-Drone0784-scaled-1.jpg?resize=700%2C400&ssl=1 2x, https:\/\/i0.wp.com\/bno-travel.com\/wp-content\/uploads\/2025\/06\/10001-20191216-Drone0784-scaled-1.jpg?resize=1050%2C600&ssl=1 3x, https:\/\/i0.wp.com\/bno-travel.com\/wp-content\/uploads\/2025\/06\/10001-20191216-Drone0784-scaled-1.jpg?resize=1400%2C800&ssl=1 4x"},"classes":[]},{"id":28320,"url":"https:\/\/bno-travel.com\/sv\/","url_meta":{"origin":1615,"position":1},"title":"Startsida","author":"Jan Terje \u00c5s","date":"3 april 2026","format":false,"excerpt":"Planera din resa enklare med BNO Travel Hitta boende p\u00e5 utvalda destinationer, s\u00f6k efter flyg f\u00f6r resor n\u00e4ra och l\u00e5ngt och boka biluthyrning f\u00f6r att ge dig friheten att resa l\u00e4ngre. Allt i en snygg och anv\u00e4ndarv\u00e4nlig l\u00f6sning. Hitta boende S\u00f6k flyg Hitta hyrbil Enklare urval. B\u00e4ttre \u00f6verblick. BNO Travel\u2026","rel":"","context":"Liknande inl\u00e4gg","block_context":{"text":"Liknande inl\u00e4gg","link":""},"img":{"alt_text":"","src":"","width":0,"height":0},"classes":[]},{"id":2743,"url":"https:\/\/bno-travel.com\/sv\/reser-hit-till-salenfjellet\/","url_meta":{"origin":1615,"position":2},"title":"Reser hit till S\u00e4lenfjellet","author":"Jan Terje \u00c5s","date":"11 juli 2025","format":false,"excerpt":". Hur man tar sig till S\u00e4lenfjellet - med flyg, hyrbil, buss, t\u00e5g eller privat bil \u2708\ufe0f Med flyg till Oslo Airport Gardermoen (OSL) Oslo Airport \u00e4r en av de vanligaste inresepunkterna f\u00f6r resen\u00e4rer till S\u00e4len. Det finns direktflyg fr\u00e5n ett antal st\u00f6rre europeiska st\u00e4der. Forts\u00e4tt till S\u00e4len fr\u00e5n Gardermoen:\u2026","rel":"","context":"Liknande inl\u00e4gg","block_context":{"text":"Liknande inl\u00e4gg","link":""},"img":{"alt_text":"overnatting i salen","src":"https:\/\/i0.wp.com\/bno-travel.com\/wp-content\/uploads\/2025\/06\/AdobeStock_121113275-e1751307052527.jpeg?resize=350%2C200&ssl=1","width":350,"height":200,"srcset":"https:\/\/i0.wp.com\/bno-travel.com\/wp-content\/uploads\/2025\/06\/AdobeStock_121113275-e1751307052527.jpeg?resize=350%2C200&ssl=1 1x, https:\/\/i0.wp.com\/bno-travel.com\/wp-content\/uploads\/2025\/06\/AdobeStock_121113275-e1751307052527.jpeg?resize=525%2C300&ssl=1 1.5x, https:\/\/i0.wp.com\/bno-travel.com\/wp-content\/uploads\/2025\/06\/AdobeStock_121113275-e1751307052527.jpeg?resize=700%2C400&ssl=1 2x, https:\/\/i0.wp.com\/bno-travel.com\/wp-content\/uploads\/2025\/06\/AdobeStock_121113275-e1751307052527.jpeg?resize=1050%2C600&ssl=1 3x, https:\/\/i0.wp.com\/bno-travel.com\/wp-content\/uploads\/2025\/06\/AdobeStock_121113275-e1751307052527.jpeg?resize=1400%2C800&ssl=1 4x"},"classes":[]},{"id":2738,"url":"https:\/\/bno-travel.com\/sv\/boende\/","url_meta":{"origin":1615,"position":3},"title":"Boende i Trysil &amp; S\u00e4len","author":"Jan Terje \u00c5s","date":"11 juli 2025","format":false,"excerpt":"Boende i Trysil, S\u00e4len och Sunnm\u00f8re Hitta den vistelse som passar just din resa - fr\u00e5n fj\u00e4llsemester till naturupplevelser n\u00e4ra fjordarna BNO Travel erbjuder kvalitetss\u00e4krat boende i Trysil, S\u00e4len, Stranda, Strandafjellet, Hornindal och Fjells\u00e6tra. H\u00e4r hittar du stugor, l\u00e4genheter och vistelser som g\u00f6r det l\u00e4ttare att kombinera komfort, aktiviteter och\u2026","rel":"","context":"Liknande inl\u00e4gg","block_context":{"text":"Liknande inl\u00e4gg","link":""},"img":{"alt_text":"","src":"","width":0,"height":0},"classes":[]}],"_links":{"self":[{"href":"https:\/\/bno-travel.com\/sv\/wp-json\/wp\/v2\/pages\/1615","targetHints":{"allow":["GET"]}}],"collection":[{"href":"https:\/\/bno-travel.com\/sv\/wp-json\/wp\/v2\/pages"}],"about":[{"href":"https:\/\/bno-travel.com\/sv\/wp-json\/wp\/v2\/types\/page"}],"author":[{"embeddable":true,"href":"https:\/\/bno-travel.com\/sv\/wp-json\/wp\/v2\/users\/260013438"}],"replies":[{"embeddable":true,"href":"https:\/\/bno-travel.com\/sv\/wp-json\/wp\/v2\/comments?post=1615"}],"version-history":[{"count":14,"href":"https:\/\/bno-travel.com\/sv\/wp-json\/wp\/v2\/pages\/1615\/revisions"}],"predecessor-version":[{"id":9148,"href":"https:\/\/bno-travel.com\/sv\/wp-json\/wp\/v2\/pages\/1615\/revisions\/9148"}],"wp:attachment":[{"href":"https:\/\/bno-travel.com\/sv\/wp-json\/wp\/v2\/media?parent=1615"}],"curies":[{"name":"wp","href":"https:\/\/api.w.org\/{rel}","templated":true}]}}