{"id":1941,"date":"2025-07-11T13:55:36","date_gmt":"2025-07-11T11:55:36","guid":{"rendered":"https:\/\/bno-travel.com\/?page_id=1941"},"modified":"2025-07-11T13:57:22","modified_gmt":"2025-07-11T11:57:22","slug":"resa-hit-till-trysil","status":"publish","type":"page","link":"https:\/\/bno-travel.com\/sv\/resa-hit-till-trysil\/","title":{"rendered":"Resa hit till Trysil"},"content":{"rendered":"\n<div class=\"wp-block-group alignfull is-content-justification-center is-layout-constrained wp-block-group-is-layout-constrained\" style=\"margin-top:0;margin-bottom:0;padding-top:var(--wp--preset--spacing--40);padding-bottom:var(--wp--preset--spacing--40)\">\n<figure class=\"wp-block-image alignwide size-full aspect-16\/9\"><img data-recalc-dims=\"1\" fetchpriority=\"high\" decoding=\"async\" width=\"800\" height=\"533\" src=\"https:\/\/i0.wp.com\/bno-travel.com\/wp-content\/uploads\/2025\/06\/10001-20191216-Drone0784-scaled-1.jpg?resize=800%2C533&#038;ssl=1\" alt=\"\" class=\"wp-image-13\" srcset=\"https:\/\/i0.wp.com\/bno-travel.com\/wp-content\/uploads\/2025\/06\/10001-20191216-Drone0784-scaled-1.jpg?w=2560&amp;ssl=1 2560w, https:\/\/i0.wp.com\/bno-travel.com\/wp-content\/uploads\/2025\/06\/10001-20191216-Drone0784-scaled-1.jpg?resize=300%2C200&amp;ssl=1 300w, https:\/\/i0.wp.com\/bno-travel.com\/wp-content\/uploads\/2025\/06\/10001-20191216-Drone0784-scaled-1.jpg?resize=1024%2C682&amp;ssl=1 1024w, https:\/\/i0.wp.com\/bno-travel.com\/wp-content\/uploads\/2025\/06\/10001-20191216-Drone0784-scaled-1.jpg?resize=768%2C512&amp;ssl=1 768w, https:\/\/i0.wp.com\/bno-travel.com\/wp-content\/uploads\/2025\/06\/10001-20191216-Drone0784-scaled-1.jpg?resize=1536%2C1024&amp;ssl=1 1536w, https:\/\/i0.wp.com\/bno-travel.com\/wp-content\/uploads\/2025\/06\/10001-20191216-Drone0784-scaled-1.jpg?resize=2048%2C1365&amp;ssl=1 2048w, https:\/\/i0.wp.com\/bno-travel.com\/wp-content\/uploads\/2025\/06\/10001-20191216-Drone0784-scaled-1.jpg?w=1600&amp;ssl=1 1600w, https:\/\/i0.wp.com\/bno-travel.com\/wp-content\/uploads\/2025\/06\/10001-20191216-Drone0784-scaled-1.jpg?w=2400&amp;ssl=1 2400w\" sizes=\"(max-width: 800px) 100vw, 800px\" \/><\/figure>\n<\/div>\n\n<div class=\"wp-block-group alignfull is-style-section-3 is-content-justification-center is-layout-constrained wp-container-core-group-is-layout-b54e18b3 wp-block-group-is-layout-constrained\" style=\"margin-top:0;margin-bottom:0;padding-top:var(--wp--preset--spacing--50);padding-bottom:var(--wp--preset--spacing--50)\">\n<h2 class=\"wp-block-heading alignwide has-text-align-left\">Hur man tar sig till Trysil - med flyg, hyrbil, buss, t\u00e5g eller privat bil<\/h2>\n\n\n\n<p class=\"wp-block-paragraph\"><\/p>\n\n\n\n<div class=\"wp-block-group alignwide is-layout-flow wp-container-core-group-is-layout-a7dce961 wp-block-group-is-layout-flow\">\n<div class=\"wp-block-columns alignwide is-layout-flex wp-container-core-columns-is-layout-cb1de518 wp-block-columns-is-layout-flex\">\n<div class=\"wp-block-column is-layout-flow wp-block-column-is-layout-flow\" style=\"padding-top:24px;padding-bottom:24px\">\n<h3 class=\"wp-block-heading alignwide has-text-align-left is-service-name\">\u2708\ufe0f Med flyg till Oslo flygplats Gardermoen (OSL)<\/h3>\n<\/div>\n\n\n\n<div class=\"wp-block-column is-layout-flow wp-block-column-is-layout-flow\">\n<div class=\"wp-block-group alignwide is-layout-flow wp-block-group-is-layout-flow\" style=\"border-bottom-width:1px;padding-top:40px;padding-bottom:40px\">\n<p class=\"is-service-description wp-block-paragraph\"><\/p>\n\n\n\n<p class=\"wp-block-paragraph\">Oslo flygplats \u00e4r den vanligaste utg\u00e5ngspunkten f\u00f6r Trysil-resen\u00e4rer. Det finns direktflyg fr\u00e5n ett antal st\u00f6rre europeiska st\u00e4der. <\/p>\n\n\n\n<p class=\"wp-block-paragraph\"><strong>Forts\u00e4tt till Trysil fr\u00e5n Gardermoen:<\/strong><\/p>\n\n\n\n<p class=\"is-service-description wp-block-paragraph\"><strong>Buss<\/strong>: Trysilekspressen har flera dagliga avg\u00e5ngar under vinters\u00e4songen. Restid ca 3,5 timmar.  <\/p>\n\n\n\n<p class=\"wp-block-paragraph\"><strong>Biluthyrning<\/strong>: BNO Travel erbjuder biluthyrning med upph\u00e4mtning p\u00e5 flygplatsen - k\u00f6rtid till Trysil ca 2 timmar. <\/p>\n<\/div>\n<\/div>\n<\/div>\n\n\n\n<div class=\"wp-block-columns alignwide is-layout-flex wp-container-core-columns-is-layout-cb1de518 wp-block-columns-is-layout-flex\">\n<div class=\"wp-block-column is-layout-flow wp-block-column-is-layout-flow\" style=\"padding-top:24px;padding-bottom:24px\">\n<h3 class=\"wp-block-heading alignwide has-text-align-left is-service-name\">\u2708\ufe0f Med flyg till Scandinavian Mountains Airport (SCR)<\/h3>\n<\/div>\n\n\n\n<div class=\"wp-block-column is-layout-flow wp-block-column-is-layout-flow\">\n<div class=\"wp-block-group alignwide is-layout-flow wp-block-group-is-layout-flow\" style=\"border-bottom-width:1px;padding-top:40px;padding-bottom:40px\">\n<p class=\"is-service-description wp-block-paragraph\">Scandinavian Mountains Airport ligger bara 45 minuter fr\u00e5n Trysil och har s\u00e4songsbetonade avg\u00e5ngar fr\u00e5n flera europeiska st\u00e4der.<\/p>\n\n\n\n<p class=\"wp-block-paragraph\"><strong>Forts\u00e4tt till Trysil fr\u00e5n SCR:<\/strong><\/p>\n\n\n\n<p class=\"is-service-description wp-block-paragraph\"><strong>Buss<\/strong> till Trysil: Skyttelbuss till Trysil erbjuds f\u00f6r ankomster under vinters\u00e4songen.<\/p>\n\n\n\n<p class=\"wp-block-paragraph\">Boka <strong>hyrbil<\/strong>: Boka din hyrbil genom BNO Travel.<\/p>\n<\/div>\n<\/div>\n<\/div>\n\n\n\n<div class=\"wp-block-columns alignwide is-layout-flex wp-container-core-columns-is-layout-cb1de518 wp-block-columns-is-layout-flex\">\n<div class=\"wp-block-column is-layout-flow wp-block-column-is-layout-flow\" style=\"padding-top:24px;padding-bottom:24px\">\n<h3 class=\"wp-block-heading alignwide has-text-align-left is-service-name\">\ud83d\ude86\ud83d\ude8d Resa fr\u00e5n stad till stad - med t\u00e5g, buss eller bil<\/h3>\n<\/div>\n\n\n\n<div class=\"wp-block-column is-layout-flow wp-block-column-is-layout-flow\">\n<div class=\"wp-block-group alignwide is-layout-flow wp-block-group-is-layout-flow\" style=\"border-bottom-width:1px;padding-top:40px;padding-bottom:40px\">\n<p class=\"wp-block-paragraph\"><\/p>\n\n\n\n<h3 class=\"wp-block-heading\"><strong>Fr\u00e5n Stockholm<\/strong><\/h3>\n\n\n\n<p class=\"is-service-description wp-block-paragraph\"><strong>Med bil:<\/strong> Cirka 5,5-6 timmar via E18 och riksv\u00e4g 62. <\/p>\n\n\n\n<p class=\"wp-block-paragraph\"><strong>T\u00e5g och buss:<\/strong> Ta t\u00e5get till <strong>Karlstad<\/strong> eller <strong>Hamar<\/strong>, sedan buss till Trysil. T\u00e5g till Hamar g\u00e5r via Oslo. Total restid: 6-7 timmar.  <\/p>\n\n\n\n<p class=\"wp-block-paragraph\"><strong>Buss<\/strong>: Flixbus till Oslo, sedan Trysilekspressen.<\/p>\n\n\n\n<h3 class=\"wp-block-heading\"><strong>Fr\u00e5n G\u00f6teborg<\/strong><\/h3>\n\n\n\n<ul class=\"wp-block-list\">\n<li><strong>T\u00e5g<\/strong>: T\u00e5g till Oslo (ca 4 timmar), d\u00e4refter t\u00e5g till Hamar och buss till Trysil.<\/li>\n\n\n\n<li><strong>Buss<\/strong>: Flixbus eller Vy till Oslo, sedan Trysilekspressen.<\/li>\n\n\n\n<li><strong>Med bil:<\/strong> Cirka 6-6,5 timmar via E6 och E18 mot Elverum. <\/li>\n<\/ul>\n\n\n\n<h3 class=\"wp-block-heading\"><strong>Fr\u00e5n Helsingfors<\/strong><\/h3>\n\n\n\n<ul class=\"wp-block-list\">\n<li><strong>T\u00e5g och f\u00e4rja<\/strong>: Ta f\u00e4rja till Stockholm eller \u00c5bo, t\u00e5g till Oslo via Karlstad och buss till Trysil.<\/li>\n\n\n\n<li><strong>Buss<\/strong>: Kombination av f\u00e4rja + l\u00e5ngf\u00e4rdsbuss till Oslo, sedan Trysilekspressen.<\/li>\n\n\n\n<li><strong>Med bil:<\/strong> Cirka 12-13 timmar via Stockholm och vidare enligt ovan. <\/li>\n<\/ul>\n\n\n\n<h3 class=\"wp-block-heading\"><strong>Fr\u00e5n K\u00f8enhavn<\/strong><\/h3>\n\n\n\n<p class=\"wp-block-paragraph\"><strong>T\u00e5g<\/strong>: T\u00e5g till G\u00f6teborg, vidare till Oslo, sedan t\u00e5g till Hamar och buss till Trysil.<\/p>\n\n\n\n<p class=\"wp-block-paragraph\"><strong>Buss<\/strong>: L\u00e5ngdistansbuss till Oslo, vidare med Trysilekspressen.<\/p>\n\n\n\n<p class=\"wp-block-paragraph\"><strong>Med bil:<\/strong> Cirka 9-10 timmar via \u00d6resundsbron och G\u00f6teborg-Oslo. <\/p>\n\n\n\n<h3 class=\"wp-block-heading\"><strong>Fr\u00e5n Fredrikshavn<\/strong> (f\u00e4rja fr\u00e5n Danmark)<\/h3>\n\n\n\n<ul class=\"wp-block-list\">\n<li><strong>T\u00e5g<\/strong>: T\u00e5g fr\u00e5n Frederikshavn till Oslo via G\u00f6teborg, sedan vidare till Trysil med buss eller t\u00e5g\/busskombination.<\/li>\n\n\n\n<li><strong>Buss<\/strong>: L\u00e5ngdistansbuss via Oslo.<\/li>\n\n\n\n<li><strong>Bil<\/strong>: Cirka 7-7,5 timmar. <\/li>\n<\/ul>\n\n\n\n<h3 class=\"wp-block-heading\"><strong>Fr\u00e5n Kiel <\/strong>(f\u00e4rja fr\u00e5n Tyskland)<\/h3>\n\n\n\n<p class=\"wp-block-paragraph\"><strong>T\u00e5g<\/strong>: T\u00e5g till K\u00f6penhamn eller G\u00f6teborg, vidare till Oslo, sedan Hamar och buss till Trysil.<\/p>\n\n\n\n<p class=\"wp-block-paragraph\"><strong>Buss<\/strong>: L\u00e5ngdistanslinjer via Danmark och Sverige till Oslo, d\u00e4refter Trysilekspressen.<\/p>\n\n\n\n<p class=\"wp-block-paragraph\"><strong>Med bil:<\/strong> Cirka 12-13 timmar via Danmark och in i Norge via Svinesund. <\/p>\n<\/div>\n<\/div>\n<\/div>\n<\/div>\n<\/div>\n\n<div class=\"wp-block-group alignwide is-layout-flow wp-block-group-is-layout-flow\" style=\"border-bottom-width:1px;padding-top:40px;padding-bottom:40px\">\n<p class=\"is-service-description wp-block-paragraph\"><mark style=\"background-color:rgba(0, 0, 0, 0);color:#000000\" class=\"has-inline-color\">\ud83d\ude99 BNO Travel - din resepartner till Trysil<\/mark><\/p>\n\n\n\n<p class=\"wp-block-paragraph\">Oavsett hur du v\u00e4ljer att resa g\u00f6r vi din resa enklare:<\/p>\n\n\n\n<ul class=\"wp-block-list\">\n<li><strong>Hyrbil p\u00e5 flera destinationer<\/strong><\/li>\n\n\n\n<li><strong>Bokningar av bussar och transporter<\/strong><\/li>\n\n\n\n<li><strong>R\u00e5dgivning och reseplanering<\/strong><\/li>\n<\/ul>\n\n\n\n<p class=\"wp-block-paragraph\">Kontakta oss f\u00f6r att f\u00e5 hj\u00e4lp med din Trysilresa!<\/p>\n<\/div>\n\n<p class=\"wp-block-paragraph\"><\/p>\n","protected":false},"excerpt":{"rendered":"<p>Hur man tar sig till Trysil - med flyg, hyrbil, buss, t\u00e5g eller privat bil \u2708\ufe0f Med flyg till Oslo flygplats Gardermoen (OSL) Oslo flygplats \u00e4r den vanligaste utg\u00e5ngspunkten f\u00f6r Trysil-resen\u00e4rer. Det finns direktflyg fr\u00e5n ett antal st\u00f6rre europeiska st\u00e4der. Forts\u00e4tt till Trysil fr\u00e5n Gardermoen: Buss: Trysilekspressen har flera dagliga avg\u00e5ngar under vinters\u00e4songen. Restid ca [&hellip;]<\/p>\n","protected":false},"author":260013438,"featured_media":0,"parent":0,"menu_order":0,"comment_status":"closed","ping_status":"closed","template":"","meta":{"_crdt_document":"","footnotes":""},"class_list":["post-1941","page","type-page","status-publish","hentry"],"jetpack_likes_enabled":true,"jetpack_sharing_enabled":true,"jetpack_shortlink":"https:\/\/wp.me\/PgDuwj-vj","jetpack-related-posts":[{"id":2749,"url":"https:\/\/bno-travel.com\/sv\/din-resa\/","url_meta":{"origin":1941,"position":0},"title":"Din resa till Trysil och S\u00e4len","author":"Jan Terje \u00c5s","date":"11 juli 2025","format":false,"excerpt":"Hitta din favoritplats Din resa till Trysil och S\u00e4len. Dr\u00f6mmer du om en fj\u00e4llsemester i Trysil eller S\u00e4len? Din resa med BNO Travel erbjuder s\u00e4kra och flexibla semestrar till Norges och Sveriges mest popul\u00e4ra vintersportdestinationer. Njut av skid\u00e5kning, sn\u00f6, naturupplevelser och familjeaktiviteter - med tydliga resevillkor och allt organiserat f\u00f6r\u2026","rel":"","context":"Liknande inl\u00e4gg","block_context":{"text":"Liknande inl\u00e4gg","link":""},"img":{"alt_text":"Vandring i Trysil Skagsvola - en herlig vandretur for hele familien.","src":"https:\/\/i0.wp.com\/bno-travel.com\/wp-content\/uploads\/2025\/06\/28177379886_c8a50193b0_c.jpg?resize=350%2C200","width":350,"height":200,"srcset":"https:\/\/i0.wp.com\/bno-travel.com\/wp-content\/uploads\/2025\/06\/28177379886_c8a50193b0_c.jpg?resize=350%2C200 1x, https:\/\/i0.wp.com\/bno-travel.com\/wp-content\/uploads\/2025\/06\/28177379886_c8a50193b0_c.jpg?resize=525%2C300 1.5x, https:\/\/i0.wp.com\/bno-travel.com\/wp-content\/uploads\/2025\/06\/28177379886_c8a50193b0_c.jpg?resize=700%2C400 2x"},"classes":[]},{"id":28471,"url":"https:\/\/bno-travel.com\/sv\/elementor-28397\/","url_meta":{"origin":1941,"position":1},"title":"Elementor #28397","author":"Jan Terje \u00c5s","date":"4 april 2026","format":false,"excerpt":"Destination - Trysil Boende i Trysil med tillg\u00e5ng till de omr\u00e5den som passar b\u00e4st f\u00f6r din resa Utforska omr\u00e5den i Trysil som Trysil Turistsenter, Trysil Sentrum, Trysilfjell Hytteomr\u00e5de och Fager\u00e5sen \/ Trysil H\u00f8yfjellssenter - och hitta en vistelse som passar just din resa. Se omr\u00e5den i Trysil Uppt\u00e4ck Trysil Hitta\u2026","rel":"","context":"Liknande inl\u00e4gg","block_context":{"text":"Liknande inl\u00e4gg","link":""},"img":{"alt_text":"","src":"","width":0,"height":0},"classes":[]},{"id":28320,"url":"https:\/\/bno-travel.com\/sv\/","url_meta":{"origin":1941,"position":2},"title":"Startsida","author":"Jan Terje \u00c5s","date":"3 april 2026","format":false,"excerpt":"Planera din resa enklare med BNO Travel Hitta boende p\u00e5 utvalda destinationer, s\u00f6k efter flyg f\u00f6r resor n\u00e4ra och l\u00e5ngt och boka biluthyrning f\u00f6r att ge dig friheten att resa l\u00e4ngre. Allt i en snygg och anv\u00e4ndarv\u00e4nlig l\u00f6sning. Hitta boende S\u00f6k flyg Hitta hyrbil Enklare urval. B\u00e4ttre \u00f6verblick. BNO Travel\u2026","rel":"","context":"Liknande inl\u00e4gg","block_context":{"text":"Liknande inl\u00e4gg","link":""},"img":{"alt_text":"","src":"","width":0,"height":0},"classes":[]},{"id":17332,"url":"https:\/\/bno-travel.com\/sv\/trysilbua\/","url_meta":{"origin":1941,"position":3},"title":"Trysilbua","author":"Jan Terje \u00c5s","date":"9 februari 2026","format":false,"excerpt":"Trysilbua, Trysil H\u00f8yfjellssenter Fr\u00e5n 990 kr per dag \u2605\u2605\u2605\u2605 Kontrollera tillg\u00e4ngliga datum V\u00e4lkommen till Trysilbua, en rymlig familjestuga i Fager\u00e5sen. Trysilbua \u00e4r en rymlig 113 m\u00b2 stor familjestuga med 8 b\u00e4ddar, 4 sovrum, 2 vardagsrum och 1 badrum med bastu samt en extra toalett. Centralt bel\u00e4get men skyddat vid Trysil\u2026","rel":"","context":"Liknande inl\u00e4gg","block_context":{"text":"Liknande inl\u00e4gg","link":""},"img":{"alt_text":"Trysilbua - Trysil H\u00f8yfjellssenter ","src":"https:\/\/i0.wp.com\/bno-travel.com\/wp-content\/uploads\/2026\/02\/IMG_7088.jpeg?resize=350%2C200&ssl=1","width":350,"height":200,"srcset":"https:\/\/i0.wp.com\/bno-travel.com\/wp-content\/uploads\/2026\/02\/IMG_7088.jpeg?resize=350%2C200&ssl=1 1x, https:\/\/i0.wp.com\/bno-travel.com\/wp-content\/uploads\/2026\/02\/IMG_7088.jpeg?resize=525%2C300&ssl=1 1.5x, https:\/\/i0.wp.com\/bno-travel.com\/wp-content\/uploads\/2026\/02\/IMG_7088.jpeg?resize=700%2C400&ssl=1 2x, https:\/\/i0.wp.com\/bno-travel.com\/wp-content\/uploads\/2026\/02\/IMG_7088.jpeg?resize=1050%2C600&ssl=1 3x, https:\/\/i0.wp.com\/bno-travel.com\/wp-content\/uploads\/2026\/02\/IMG_7088.jpeg?resize=1400%2C800&ssl=1 4x"},"classes":[]},{"id":4432,"url":"https:\/\/bno-travel.com\/sv\/langdskidakning-i-trysil\/","url_meta":{"origin":1941,"position":4},"title":"L\u00e4ngdskid\u00e5kning i Trysil","author":"Jan Terje \u00c5s","date":"18 juli 2025","format":false,"excerpt":"L\u00e4ngdskid\u00e5kning i Trysil - Upplev Norges vackraste och mest varierade l\u00e4ngdskidsp\u00e5r V\u00e4lkommen till Trysil - ett vinterparadis f\u00f6r l\u00e4ngdskid\u00e5kningsentusiaster! Med \u00f6ver 100 kilometer preparerade sp\u00e5r, varierade rutter genom skogar och berg, familjev\u00e4nliga omr\u00e5den och storslagen natur \u00e4r Trysilfjellet med omnejd en av Norges mest kompletta destinationer f\u00f6r dig som \u00e4lskar\u2026","rel":"","context":"Liknande inl\u00e4gg","block_context":{"text":"Liknande inl\u00e4gg","link":""},"img":{"alt_text":"Langrenn i Trysil","src":"https:\/\/i0.wp.com\/bno-travel.com\/wp-content\/uploads\/2025\/07\/IMG_5369-rotated.jpg?resize=350%2C200&ssl=1","width":350,"height":200,"srcset":"https:\/\/i0.wp.com\/bno-travel.com\/wp-content\/uploads\/2025\/07\/IMG_5369-rotated.jpg?resize=350%2C200&ssl=1 1x, https:\/\/i0.wp.com\/bno-travel.com\/wp-content\/uploads\/2025\/07\/IMG_5369-rotated.jpg?resize=525%2C300&ssl=1 1.5x, https:\/\/i0.wp.com\/bno-travel.com\/wp-content\/uploads\/2025\/07\/IMG_5369-rotated.jpg?resize=700%2C400&ssl=1 2x, https:\/\/i0.wp.com\/bno-travel.com\/wp-content\/uploads\/2025\/07\/IMG_5369-rotated.jpg?resize=1050%2C600&ssl=1 3x, https:\/\/i0.wp.com\/bno-travel.com\/wp-content\/uploads\/2025\/07\/IMG_5369-rotated.jpg?resize=1400%2C800&ssl=1 4x"},"classes":[]},{"id":2738,"url":"https:\/\/bno-travel.com\/sv\/boende\/","url_meta":{"origin":1941,"position":5},"title":"Boende i Trysil &amp; S\u00e4len","author":"Jan Terje \u00c5s","date":"11 juli 2025","format":false,"excerpt":"Boende i Trysil, S\u00e4len och Sunnm\u00f8re Hitta den vistelse som passar just din resa - fr\u00e5n fj\u00e4llsemester till naturupplevelser n\u00e4ra fjordarna BNO Travel erbjuder kvalitetss\u00e4krat boende i Trysil, S\u00e4len, Stranda, Strandafjellet, Hornindal och Fjells\u00e6tra. H\u00e4r hittar du stugor, l\u00e4genheter och vistelser som g\u00f6r det l\u00e4ttare att kombinera komfort, aktiviteter och\u2026","rel":"","context":"Liknande inl\u00e4gg","block_context":{"text":"Liknande inl\u00e4gg","link":""},"img":{"alt_text":"","src":"","width":0,"height":0},"classes":[]}],"_links":{"self":[{"href":"https:\/\/bno-travel.com\/sv\/wp-json\/wp\/v2\/pages\/1941","targetHints":{"allow":["GET"]}}],"collection":[{"href":"https:\/\/bno-travel.com\/sv\/wp-json\/wp\/v2\/pages"}],"about":[{"href":"https:\/\/bno-travel.com\/sv\/wp-json\/wp\/v2\/types\/page"}],"author":[{"embeddable":true,"href":"https:\/\/bno-travel.com\/sv\/wp-json\/wp\/v2\/users\/260013438"}],"replies":[{"embeddable":true,"href":"https:\/\/bno-travel.com\/sv\/wp-json\/wp\/v2\/comments?post=1941"}],"version-history":[{"count":1,"href":"https:\/\/bno-travel.com\/sv\/wp-json\/wp\/v2\/pages\/1941\/revisions"}],"predecessor-version":[{"id":1942,"href":"https:\/\/bno-travel.com\/sv\/wp-json\/wp\/v2\/pages\/1941\/revisions\/1942"}],"wp:attachment":[{"href":"https:\/\/bno-travel.com\/sv\/wp-json\/wp\/v2\/media?parent=1941"}],"curies":[{"name":"wp","href":"https:\/\/api.w.org\/{rel}","templated":true}]}}