{"id":2743,"date":"2025-07-11T13:54:41","date_gmt":"2025-07-11T11:54:41","guid":{"rendered":"https:\/\/bno-travel.com\/?page_id=2743"},"modified":"2026-04-03T12:39:07","modified_gmt":"2026-04-03T10:39:07","slug":"reser-hit-till-salenfjellet","status":"publish","type":"page","link":"https:\/\/bno-travel.com\/sv\/reser-hit-till-salenfjellet\/","title":{"rendered":"Reser hit till S\u00e4lenfjellet"},"content":{"rendered":"\n<div class=\"wp-block-group alignfull is-content-justification-center is-layout-constrained wp-block-group-is-layout-constrained\" style=\"margin-top:0;margin-bottom:0;padding-top:var(--wp--preset--spacing--40);padding-bottom:var(--wp--preset--spacing--40)\">\n<figure class=\"wp-block-image alignwide size-full aspect-16\/9\"><img data-recalc-dims=\"1\" fetchpriority=\"high\" decoding=\"async\" width=\"800\" height=\"528\" src=\"https:\/\/i0.wp.com\/bno-travel.com\/wp-content\/uploads\/2025\/06\/AdobeStock_121113275-e1751307052527.jpeg?resize=800%2C528&#038;ssl=1\" alt=\"\" class=\"wp-image-2549\" srcset=\"https:\/\/i0.wp.com\/bno-travel.com\/wp-content\/uploads\/2025\/06\/AdobeStock_121113275-e1751307052527.jpeg?w=2545&amp;ssl=1 2545w, https:\/\/i0.wp.com\/bno-travel.com\/wp-content\/uploads\/2025\/06\/AdobeStock_121113275-e1751307052527.jpeg?resize=300%2C198&amp;ssl=1 300w, https:\/\/i0.wp.com\/bno-travel.com\/wp-content\/uploads\/2025\/06\/AdobeStock_121113275-e1751307052527.jpeg?resize=1024%2C676&amp;ssl=1 1024w, https:\/\/i0.wp.com\/bno-travel.com\/wp-content\/uploads\/2025\/06\/AdobeStock_121113275-e1751307052527.jpeg?resize=768%2C507&amp;ssl=1 768w, https:\/\/i0.wp.com\/bno-travel.com\/wp-content\/uploads\/2025\/06\/AdobeStock_121113275-e1751307052527.jpeg?resize=1536%2C1014&amp;ssl=1 1536w, https:\/\/i0.wp.com\/bno-travel.com\/wp-content\/uploads\/2025\/06\/AdobeStock_121113275-e1751307052527.jpeg?resize=2048%2C1352&amp;ssl=1 2048w, https:\/\/i0.wp.com\/bno-travel.com\/wp-content\/uploads\/2025\/06\/AdobeStock_121113275-e1751307052527.jpeg?w=1600&amp;ssl=1 1600w, https:\/\/i0.wp.com\/bno-travel.com\/wp-content\/uploads\/2025\/06\/AdobeStock_121113275-e1751307052527.jpeg?w=2400&amp;ssl=1 2400w\" sizes=\"(max-width: 800px) 100vw, 800px\" \/><figcaption class=\"wp-element-caption\">.<\/figcaption><\/figure>\n<\/div>\n\n<div class=\"wp-block-group alignfull is-style-section-3 is-content-justification-center is-layout-constrained wp-container-core-group-is-layout-b54e18b3 wp-block-group-is-layout-constrained\" style=\"margin-top:0;margin-bottom:0;padding-top:var(--wp--preset--spacing--50);padding-bottom:var(--wp--preset--spacing--50)\">\n<h2 class=\"wp-block-heading has-text-align-left alignwide\">Hur man tar sig till S\u00e4lenfjellet - med flyg, hyrbil, buss, t\u00e5g eller privat bil<\/h2>\n\n\n\n<p class=\"wp-block-paragraph\"><\/p>\n\n\n\n<div class=\"wp-block-group alignwide is-layout-flow wp-container-core-group-is-layout-a7dce961 wp-block-group-is-layout-flow\">\n<div class=\"wp-block-columns alignwide is-layout-flex wp-container-core-columns-is-layout-cb1de518 wp-block-columns-is-layout-flex\">\n<div class=\"wp-block-column is-layout-flow wp-block-column-is-layout-flow\" style=\"padding-top:24px;padding-bottom:24px\">\n<h3 class=\"wp-block-heading has-text-align-left alignwide is-service-name\">\u2708\ufe0f Med flyg till Oslo Airport Gardermoen (OSL)<\/h3>\n<\/div>\n\n\n\n<div class=\"wp-block-column is-layout-flow wp-block-column-is-layout-flow\">\n<div class=\"wp-block-group alignwide is-layout-flow wp-block-group-is-layout-flow\" style=\"border-bottom-width:1px;padding-top:40px;padding-bottom:40px\">\n<p class=\"is-service-description wp-block-paragraph\"><\/p>\n\n\n\n<p class=\"wp-block-paragraph\">Oslo Airport \u00e4r en av de vanligaste inresepunkterna f\u00f6r resen\u00e4rer till S\u00e4len. Det finns direktflyg fr\u00e5n ett antal st\u00f6rre europeiska st\u00e4der. <\/p>\n\n\n\n<p class=\"wp-block-paragraph\"><strong>Forts\u00e4tt till S\u00e4len fr\u00e5n Gardermoen:<\/strong><\/p>\n\n\n\n<p class=\"is-service-description wp-block-paragraph\"><strong>Med buss:<\/strong> Det finns bussf\u00f6rbindelser fr\u00e5n Oslo-omr\u00e5det till S\u00e4len under vinters\u00e4songen. Restiderna varierar beroende p\u00e5 rutt och anslutningar. <\/p>\n\n\n\n<p class=\"wp-block-paragraph\"><strong>Att hyra bil:<\/strong> Hyrbil \u00e4r ett flexibelt alternativ f\u00f6r din resa till S\u00e4len. K\u00f6rtiden fr\u00e5n Gardermoen \u00e4r cirka 3,5-4 timmar, beroende p\u00e5 destination i S\u00e4lenomr\u00e5det.  <\/p>\n<\/div>\n<\/div>\n<\/div>\n\n\n\n<div class=\"wp-block-columns alignwide is-layout-flex wp-container-core-columns-is-layout-cb1de518 wp-block-columns-is-layout-flex\">\n<div class=\"wp-block-column is-layout-flow wp-block-column-is-layout-flow\" style=\"padding-top:24px;padding-bottom:24px\">\n<h3 class=\"wp-block-heading has-text-align-left alignwide is-service-name\">\u2708\ufe0f Med flyg till Scandinavian Mountains Airport (SCR)<\/h3>\n<\/div>\n\n\n\n<div class=\"wp-block-column is-layout-flow wp-block-column-is-layout-flow\">\n<div class=\"wp-block-group alignwide is-layout-flow wp-block-group-is-layout-flow\" style=\"border-bottom-width:1px;padding-top:40px;padding-bottom:40px\">\n<p class=\"is-service-description wp-block-paragraph\">Scandinavian Mountains Airport \u00e4r den flygplats som ligger n\u00e4rmast S\u00e4len och ligger bara 10-15 minuter fr\u00e5n de flesta av orterna i omr\u00e5det. Flygplatsen har s\u00e4songsbetonade avg\u00e5ngar fr\u00e5n flera europeiska st\u00e4der.  <\/p>\n\n\n\n<p class=\"wp-block-paragraph\"><strong>Forts\u00e4tt till S\u00e4len fr\u00e5n SCR:<\/strong><\/p>\n\n\n\n<p class=\"is-service-description wp-block-paragraph\"><strong>Skyttelbuss:<\/strong> En skyttelbuss finns tillg\u00e4nglig f\u00f6r ankomster under vinters\u00e4songen till boende och skidorter i S\u00e4lenomr\u00e5det.<\/p>\n\n\n\n<p class=\"wp-block-paragraph\"><strong>Hyra av bil:<\/strong> Biluthyrning \u00e4r tillg\u00e4nglig f\u00f6r dem som vill ha friheten att resa runt i omr\u00e5det.<\/p>\n<\/div>\n<\/div>\n<\/div>\n\n\n\n<div class=\"wp-block-columns alignwide is-layout-flex wp-container-core-columns-is-layout-cb1de518 wp-block-columns-is-layout-flex\">\n<div class=\"wp-block-column is-layout-flow wp-block-column-is-layout-flow\" style=\"padding-top:24px;padding-bottom:24px\">\n<h3 class=\"wp-block-heading has-text-align-left alignwide is-service-name\">\ud83d\ude86\ud83d\ude8d Resa fr\u00e5n stad till stad - med t\u00e5g, buss eller bil<\/h3>\n<\/div>\n\n\n\n<div class=\"wp-block-column is-layout-flow wp-block-column-is-layout-flow\">\n<div class=\"wp-block-group alignwide is-layout-flow wp-block-group-is-layout-flow\" style=\"border-bottom-width:1px;padding-top:40px;padding-bottom:40px\">\n<p class=\"wp-block-paragraph\"><\/p>\n\n\n\n<h3 class=\"wp-block-heading\"><strong>Fr\u00e5n Stockholm<\/strong><\/h3>\n\n\n\n<p class=\"is-service-description wp-block-paragraph\"><strong>Med bil:<\/strong> Cirka 5-6 timmar, beroende p\u00e5 vilken del av S\u00e4len du reser till. <\/p>\n\n\n\n<p class=\"wp-block-paragraph\"><strong>T\u00e5g och buss:<\/strong> Ta t\u00e5g till Mora eller Borl\u00e4nge, sedan buss till S\u00e4len. Total restid varierar beroende p\u00e5 anslutningar. <\/p>\n\n\n\n<p class=\"wp-block-paragraph\"><strong>Buss:<\/strong> Det finns bussf\u00f6rbindelser fr\u00e5n Stockholm till S\u00e4len, s\u00e4rskilt under vinterhalv\u00e5ret.<\/p>\n\n\n\n<h3 class=\"wp-block-heading\"><strong>Fr\u00e5n G\u00f6teborg<\/strong><\/h3>\n\n\n\n<ul class=\"wp-block-list\">\n<li><strong>T\u00e5g:<\/strong> T\u00e5g till Borl\u00e4nge eller Mora, sedan buss till S\u00e4len.<\/li>\n\n\n\n<li><strong>Buss:<\/strong> Res med buss via Stockholm eller andra knutpunkter, beroende p\u00e5 s\u00e4song och tidtabell.<\/li>\n\n\n\n<li><strong>Bil:<\/strong> Cirka 6-7 timmar. <\/li>\n<\/ul>\n\n\n\n<h3 class=\"wp-block-heading\"><strong>Fr\u00e5n Helsingfors<\/strong><\/h3>\n\n\n\n<ul class=\"wp-block-list\">\n<li><strong>T\u00e5g och f\u00e4rja:<\/strong> Ta f\u00e4rjan till Stockholm och res d\u00e4rifr\u00e5n med t\u00e5g, buss eller bil till S\u00e4len.<\/li>\n\n\n\n<li><strong>Buss:<\/strong> Kombinationer med f\u00e4rja och l\u00e5ngdistansbuss via Sverige \u00e4r m\u00f6jliga, beroende p\u00e5 s\u00e4song.<\/li>\n\n\n\n<li><strong>Med bil:<\/strong> Cirka 11-13 timmar, beroende p\u00e5 rutt och f\u00e4rjef\u00f6rbindelse. <\/li>\n<\/ul>\n\n\n\n<h3 class=\"wp-block-heading\"><strong>Fr\u00e5n K\u00f8enhavn<\/strong><\/h3>\n\n\n\n<div class=\"wp-block-group is-nowrap is-layout-flex wp-container-core-group-is-layout-7387b849 wp-block-group-is-layout-flex\">\n<ul class=\"wp-block-list\">\n<li><strong>T\u00e5g:<\/strong> T\u00e5g till Stockholm, Borl\u00e4nge eller Mora, sedan buss till S\u00e4len.<\/li>\n\n\n\n<li><strong>Buss:<\/strong> L\u00e5ngdistansbuss via Sverige med vidare anslutning till S\u00e4len.<\/li>\n\n\n\n<li><strong>Med bil:<\/strong> Cirka 8-10 timmar via \u00d6resundsbron och vidare norrut i Sverige. <\/li>\n<\/ul>\n\n\n\n<p class=\"wp-block-paragraph\">.<\/p>\n<\/div>\n\n\n\n<h3 class=\"wp-block-heading\"><strong>Fr\u00e5n Fredrikshavn<\/strong> (f\u00e4rja fr\u00e5n Danmark)<\/h3>\n\n\n\n<ul class=\"wp-block-list\">\n<li><strong>T\u00e5g:<\/strong> T\u00e5g fr\u00e5n Frederikshavn via G\u00f6teborg och vidare genom Sverige mot Mora eller Borl\u00e4nge, sedan buss till S\u00e4len.<\/li>\n\n\n\n<li><strong>Bussar:<\/strong> Bussf\u00f6rbindelser via Sverige med omstigning till regionala linjer mot S\u00e4len.<\/li>\n\n\n\n<li><strong>Med bil:<\/strong> Cirka 7-8 timmar, beroende p\u00e5 val av rutt. <\/li>\n<\/ul>\n\n\n\n<h3 class=\"wp-block-heading\"><strong>Fr\u00e5n Kiel <\/strong>(f\u00e4rja fr\u00e5n Tyskland)<\/h3>\n\n\n\n<ul class=\"wp-block-list\">\n<li><strong>T\u00e5g:<\/strong> T\u00e5g via Danmark och Sverige, med vidare anslutning till Mora eller Borl\u00e4nge och buss till S\u00e4len.<\/li>\n\n\n\n<li><strong>Buss:<\/strong> L\u00e5ngdistanslinjer via Danmark och Sverige med vidare anslutning till S\u00e4len.<\/li>\n\n\n\n<li><strong>Med bil:<\/strong> Ca 11-13 timmar, beroende p\u00e5 rutt och val av f\u00e4rja. <\/li>\n<\/ul>\n\n\n\n<p class=\"wp-block-paragraph\"><\/p>\n<\/div>\n<\/div>\n<\/div>\n<\/div>\n<\/div>\n\n<div class=\"wp-block-group alignwide is-layout-flow wp-block-group-is-layout-flow\" style=\"border-bottom-width:1px;padding-top:40px;padding-bottom:40px\">\n<p class=\"is-service-description wp-block-paragraph\"><mark style=\"background-color:rgba(0, 0, 0, 0);color:#000000\" class=\"has-inline-color\">\ud83d\ude99 BNO Travel - din resepartner f\u00f6r S\u00e4len<\/mark><\/p>\n\n\n\n<p class=\"wp-block-paragraph\">Oavsett hur du v\u00e4ljer att resa g\u00f6r vi din resa enklare:<\/p>\n\n\n\n<ul class=\"wp-block-list\">\n<li><strong>Hyrbil p\u00e5 flera destinationer<\/strong><\/li>\n\n\n\n<li><strong>Bokningar av bussar och transporter<\/strong><\/li>\n\n\n\n<li><strong>R\u00e5dgivning och reseplanering<\/strong><\/li>\n<\/ul>\n\n\n\n<p class=\"wp-block-paragraph\">Kontakta oss f\u00f6r att f\u00e5 hj\u00e4lp med din S\u00e4lenresa!<\/p>\n<\/div>\n\n<p class=\"wp-block-paragraph\"><\/p>\n","protected":false},"excerpt":{"rendered":"<p>Hur man tar sig till S\u00e4lenfjellet - med flyg, hyrbil, buss, t\u00e5g eller privat bil \u2708\ufe0f Med flyg till Oslo Airport Gardermoen (OSL) Oslo Airport \u00e4r en av de vanligaste inresepunkterna f\u00f6r resen\u00e4rer till S\u00e4len. Det finns direktflyg fr\u00e5n ett antal st\u00f6rre europeiska st\u00e4der. Forts\u00e4tt till S\u00e4len fr\u00e5n Gardermoen: Med buss: Det finns bussf\u00f6rbindelser fr\u00e5n [&hellip;]<\/p>\n","protected":false},"author":260013438,"featured_media":0,"parent":0,"menu_order":0,"comment_status":"closed","ping_status":"closed","template":"","meta":{"_crdt_document":"","footnotes":""},"class_list":["post-2743","page","type-page","status-publish","hentry"],"jetpack_likes_enabled":true,"jetpack_sharing_enabled":true,"jetpack_shortlink":"https:\/\/wp.me\/PgDuwj-If","jetpack-related-posts":[{"id":2749,"url":"https:\/\/bno-travel.com\/sv\/din-resa\/","url_meta":{"origin":2743,"position":0},"title":"Din resa till Trysil och S\u00e4len","author":"Jan Terje \u00c5s","date":"11 juli 2025","format":false,"excerpt":"Hitta din favoritplats Din resa till Trysil och S\u00e4len. Dr\u00f6mmer du om en fj\u00e4llsemester i Trysil eller S\u00e4len? Din resa med BNO Travel erbjuder s\u00e4kra och flexibla semestrar till Norges och Sveriges mest popul\u00e4ra vintersportdestinationer. Njut av skid\u00e5kning, sn\u00f6, naturupplevelser och familjeaktiviteter - med tydliga resevillkor och allt organiserat f\u00f6r\u2026","rel":"","context":"Liknande inl\u00e4gg","block_context":{"text":"Liknande inl\u00e4gg","link":""},"img":{"alt_text":"Vandring i Trysil Skagsvola - en herlig vandretur for hele familien.","src":"https:\/\/i0.wp.com\/bno-travel.com\/wp-content\/uploads\/2025\/06\/28177379886_c8a50193b0_c.jpg?resize=350%2C200","width":350,"height":200,"srcset":"https:\/\/i0.wp.com\/bno-travel.com\/wp-content\/uploads\/2025\/06\/28177379886_c8a50193b0_c.jpg?resize=350%2C200 1x, https:\/\/i0.wp.com\/bno-travel.com\/wp-content\/uploads\/2025\/06\/28177379886_c8a50193b0_c.jpg?resize=525%2C300 1.5x, https:\/\/i0.wp.com\/bno-travel.com\/wp-content\/uploads\/2025\/06\/28177379886_c8a50193b0_c.jpg?resize=700%2C400 2x"},"classes":[]},{"id":2758,"url":"https:\/\/bno-travel.com\/sv\/salenfjellet\/","url_meta":{"origin":2743,"position":1},"title":"S\u00e4lenfjellet","author":"Jan Terje \u00c5s","date":"30 september 2025","format":false,"excerpt":". Lindvallen, H\u00f6gfj\u00e4llet och Tand\u00e5dalen V\u00e4lkommen till sn\u00f6iga \u00e4ventyr och avkopplande stugliv i S\u00e4len!Med BNO TRAVEL kan du bo bekv\u00e4mt i hj\u00e4rtat av S\u00e4lenfjellet - n\u00e4ra Lindvallen, H\u00f6gfj\u00e4llet och Tand\u00e5dalen. Omr\u00e5det \u00e4r k\u00e4nt f\u00f6r sitt breda utbud av alpina backar, familjev\u00e4nliga atmosf\u00e4r och utm\u00e4rkta l\u00e4ngdskid\u00e5kningsf\u00f6rh\u00e5llanden. V\u00e5ra boendeerbjudanden i S\u00e4len: Skidor\u2026","rel":"","context":"Liknande inl\u00e4gg","block_context":{"text":"Liknande inl\u00e4gg","link":""},"img":{"alt_text":"overnatting i salen","src":"https:\/\/i0.wp.com\/bno-travel.com\/wp-content\/uploads\/2025\/06\/AdobeStock_121113275-e1751307052527.jpeg?resize=350%2C200&ssl=1","width":350,"height":200,"srcset":"https:\/\/i0.wp.com\/bno-travel.com\/wp-content\/uploads\/2025\/06\/AdobeStock_121113275-e1751307052527.jpeg?resize=350%2C200&ssl=1 1x, https:\/\/i0.wp.com\/bno-travel.com\/wp-content\/uploads\/2025\/06\/AdobeStock_121113275-e1751307052527.jpeg?resize=525%2C300&ssl=1 1.5x, https:\/\/i0.wp.com\/bno-travel.com\/wp-content\/uploads\/2025\/06\/AdobeStock_121113275-e1751307052527.jpeg?resize=700%2C400&ssl=1 2x, https:\/\/i0.wp.com\/bno-travel.com\/wp-content\/uploads\/2025\/06\/AdobeStock_121113275-e1751307052527.jpeg?resize=1050%2C600&ssl=1 3x, https:\/\/i0.wp.com\/bno-travel.com\/wp-content\/uploads\/2025\/06\/AdobeStock_121113275-e1751307052527.jpeg?resize=1400%2C800&ssl=1 4x"},"classes":[]},{"id":2733,"url":"https:\/\/bno-travel.com\/sv\/upptack-salenfjellet-aret-runt-for-aktiva-semesterfirare\/","url_meta":{"origin":2743,"position":2},"title":"Uppt\u00e4ck S\u00e4lenfjellet - \u00c4ventyret b\u00f6rjar h\u00e4r","author":"Jan Terje \u00c5s","date":"18 juli 2025","format":false,"excerpt":"Uppt\u00e4ck S\u00e4len \u2605\u2605\u2605\u2605\u2605 H\u00e4r hittar du boende i S\u00e4len Uppt\u00e4ck S\u00e4len och S\u00e4lenfjellet, en \u00e5ret-runt-destination som kombinerar fantastisk natur med ett brett utbud av aktiviteter och upplevelser. Med BNO TRAVEL \u00e4r det enkelt och bekv\u00e4mt att resa till S\u00e4len - oavsett om du letar efter sn\u00f6iga vinter\u00e4ventyr eller soliga sommardagar\u2026","rel":"","context":"Liknande inl\u00e4gg","block_context":{"text":"Liknande inl\u00e4gg","link":""},"img":{"alt_text":"","src":"https:\/\/i0.wp.com\/bno-travel.com\/wp-content\/uploads\/2025\/06\/2016JH070404.jpg?resize=350%2C200&ssl=1","width":350,"height":200,"srcset":"https:\/\/i0.wp.com\/bno-travel.com\/wp-content\/uploads\/2025\/06\/2016JH070404.jpg?resize=350%2C200&ssl=1 1x, https:\/\/i0.wp.com\/bno-travel.com\/wp-content\/uploads\/2025\/06\/2016JH070404.jpg?resize=525%2C300&ssl=1 1.5x, https:\/\/i0.wp.com\/bno-travel.com\/wp-content\/uploads\/2025\/06\/2016JH070404.jpg?resize=700%2C400&ssl=1 2x, https:\/\/i0.wp.com\/bno-travel.com\/wp-content\/uploads\/2025\/06\/2016JH070404.jpg?resize=1050%2C600&ssl=1 3x, https:\/\/i0.wp.com\/bno-travel.com\/wp-content\/uploads\/2025\/06\/2016JH070404.jpg?resize=1400%2C800&ssl=1 4x"},"classes":[]},{"id":34889,"url":"https:\/\/bno-travel.com\/sv\/lofoten\/","url_meta":{"origin":2743,"position":3},"title":"Lofoten","author":"Jan Terje \u00c5s","date":"10 april 2026","format":false,"excerpt":"Lofoten Ett ikoniskt kustlandskap d\u00e4r berg, hav och ljus skapar en resa som k\u00e4nns som en livstid. Lofoten \u00e4r f\u00f6r dig som vill uppleva norsk natur n\u00e4r den \u00e4r som mest kraftfull, st\u00e4mningsfull och minnesv\u00e4rd. H\u00e4r m\u00f6ts spetsiga berg och \u00f6ppet hav, sm\u00e5 fiskebyar ligger n\u00e4ra naturens krafter och ljuset\u2026","rel":"","context":"Liknande inl\u00e4gg","block_context":{"text":"Liknande inl\u00e4gg","link":""},"img":{"alt_text":"","src":"","width":0,"height":0},"classes":[]},{"id":2636,"url":"https:\/\/bno-travel.com\/reisen-hit-til-salenfjellet\/","url_meta":{"origin":2743,"position":4},"title":"Reisen hit til S\u00e4lenfjellet","author":"Jan Terje \u00c5s","date":"11 juli 2025","format":false,"excerpt":"Slik kommer du deg til S\u00e4lenfjellet Enklere vei til S\u00e4len \u2013 med fly, bil, buss eller tog Reisen til S\u00e4lenfjellet kan v\u00e6re b\u00e5de enkel, fleksibel og godt planlagt. Med BNO Travel f\u00e5r du en tydelig oversikt over hvordan du kommer deg frem \u2013 enten du flyr til Oslo eller Scandinavian\u2026","rel":"","context":"Liknande inl\u00e4gg","block_context":{"text":"Liknande inl\u00e4gg","link":""},"img":{"alt_text":"","src":"","width":0,"height":0},"classes":[]}],"_links":{"self":[{"href":"https:\/\/bno-travel.com\/sv\/wp-json\/wp\/v2\/pages\/2743","targetHints":{"allow":["GET"]}}],"collection":[{"href":"https:\/\/bno-travel.com\/sv\/wp-json\/wp\/v2\/pages"}],"about":[{"href":"https:\/\/bno-travel.com\/sv\/wp-json\/wp\/v2\/types\/page"}],"author":[{"embeddable":true,"href":"https:\/\/bno-travel.com\/sv\/wp-json\/wp\/v2\/users\/260013438"}],"replies":[{"embeddable":true,"href":"https:\/\/bno-travel.com\/sv\/wp-json\/wp\/v2\/comments?post=2743"}],"version-history":[{"count":2,"href":"https:\/\/bno-travel.com\/sv\/wp-json\/wp\/v2\/pages\/2743\/revisions"}],"predecessor-version":[{"id":28303,"href":"https:\/\/bno-travel.com\/sv\/wp-json\/wp\/v2\/pages\/2743\/revisions\/28303"}],"wp:attachment":[{"href":"https:\/\/bno-travel.com\/sv\/wp-json\/wp\/v2\/media?parent=2743"}],"curies":[{"name":"wp","href":"https:\/\/api.w.org\/{rel}","templated":true}]}}