{"id":34899,"date":"2026-04-10T18:12:51","date_gmt":"2026-04-10T16:12:51","guid":{"rendered":"https:\/\/bno-travel.com\/raja-ampat\/"},"modified":"2026-04-13T13:50:57","modified_gmt":"2026-04-13T11:50:57","slug":"raja-ampat","status":"publish","type":"page","link":"https:\/\/bno-travel.com\/sv\/raja-ampat\/","title":{"rendered":"Raja Ampat"},"content":{"rendered":"\t\t<div data-elementor-type=\"wp-page\" data-elementor-id=\"34899\" class=\"elementor elementor-34899 elementor-32993\" data-elementor-post-type=\"page\">\n\t\t\t\t<div class=\"elementor-element elementor-element-45ea302 e-flex e-con-boxed e-con e-parent\" data-id=\"45ea302\" data-element_type=\"container\" data-e-type=\"container\">\n\t\t\t\t\t<div class=\"e-con-inner\">\n\t\t\t\t<div class=\"elementor-element elementor-element-6c64322 elementor-widget elementor-widget-html\" data-id=\"6c64322\" data-element_type=\"widget\" data-e-type=\"widget\" data-widget_type=\"html.default\">\n\t\t\t\t\t<section class=\"bno-hero bno-hero-unikt bno-hero-raja-ampat\">\r\n  <div class=\"bno-container\">\r\n    <div class=\"bno-grid-2\">\r\n      <div class=\"bno-hero-copy\">\r\n        <span class=\"bno-eyebrow\">Raja Ampat<\/span>\r\n        <h1>En s\u00e4llsynt sk\u00e4rg\u00e5rd d\u00e4r havet, tystnaden och naturen k\u00e4nns n\u00e4stan overklig<\/h1>\r\n        <p class=\"bno-lead\">\r\n  Raja Ampat \u00e4r en av de mest exklusiva och upplevelsedrivna destinationerna i BNO Travel Unique. H\u00e4r m\u00f6ts turkost vatten, or\u00f6rda \u00f6ar, korallrev i v\u00e4rldsklass och en s\u00e4llsynt k\u00e4nsla av lugn i ett landskap som k\u00e4nns mer som en dr\u00f6m \u00e4n en vanlig destination. \r\n        <\/p>\r\n\r\n        <div class=\"bno-button-row\">\r\n          <a href=\"#bno-raja-intro\" class=\"bno-btn bno-btn-primary\">Uppt\u00e4ck Raja Ampat<\/a>\r\n          <a href=\"#bno-raja-reise\" class=\"bno-btn bno-btn-secondary\">Se hur du reser dit<\/a>\r\n        <\/div>\r\n      <\/div>\r\n\r\n      <div class=\"bno-hero-card\">\r\n        <span class=\"bno-card-kicker\">BNO Resa Unik<\/span>\r\n        <h3>F\u00f6r resen\u00e4rer som s\u00f6ker n\u00e5got s\u00e4llsynt, lugnt och ut\u00f6ver det vanliga<\/h3>\r\n        <p class=\"bno-muted\">\r\n  Raja Ampat \u00e4r inte i f\u00f6rsta hand en resa som man bockar av p\u00e5 sin bucket list. Det \u00e4r en plats som du k\u00e4nner igen l\u00e5ngt efter\u00e5t - genom havet, ljuset och k\u00e4nslan av att ha n\u00e5tt n\u00e5got verkligt. \r\n        <\/p>\r\n      <\/div>\r\n    <\/div>\r\n  <\/div>\r\n<\/section>\t\t\t\t<\/div>\n\t\t\t\t<div class=\"elementor-element elementor-element-5518af3 elementor-widget elementor-widget-html\" data-id=\"5518af3\" data-element_type=\"widget\" data-e-type=\"widget\" data-widget_type=\"html.default\">\n\t\t\t\t\t<section id=\"bno-raja-intro\" class=\"bno-section bno-soft\">\r\n  <div class=\"bno-container\">\r\n    <div class=\"bno-grid-2 bno-unikt-intro-grid\">\r\n      <div class=\"bno-unikt-intro-copy\">\r\n        <span class=\"bno-eyebrow\">Vad g\u00f6r Raja Ampat unikt<\/span>\r\n        <h2>En tropisk destination som handlar mer om n\u00e4rvaro \u00e4n ljud<\/h2>\r\n        <p>\r\n  Raja Ampat \u00e4r k\u00e4nt f\u00f6r sin arkipelag, sitt turkosa hav och n\u00e5gra av v\u00e4rldens mest spektakul\u00e4ra korallrev. Men det som verkligen g\u00f6r destinationen unik \u00e4r k\u00e4nslan av att befinna sig p\u00e5 en plats d\u00e4r naturen fortfarande till\u00e5ts dominera allt annat. H\u00e4r \u00e4r upplevelsen st\u00f6rre \u00e4n infrastrukturen, tystnaden starkare \u00e4n tempot och landskapet s\u00e5 rent och dramatiskt att det n\u00e4stan k\u00e4nns overkligt.  \r\n        <\/p>\r\n        <p>\r\n  Det \u00e4r d\u00e4rf\u00f6r Raja Ampat \u00e4r en naturlig passform f\u00f6r BNO Travel Unique. Det h\u00e4r \u00e4r en destination f\u00f6r dem som vill ha mer \u00e4n bara en semester - f\u00f6r resen\u00e4rer som dras till s\u00e4llsynta platser, kraftfulla naturupplevelser och upplevelsen av att vara l\u00e5ngt ifr\u00e5n det vanliga. \r\n        <\/p>\r\n      <\/div>\r\n\r\n      <div class=\"bno-unikt-intro-side\">\r\n        <div class=\"bno-card bno-unikt-info-card\">\r\n          <span class=\"bno-card-kicker\">Atmosf\u00e4r<\/span>\r\n          <h3>Tropisk, s\u00e4llsynt och n\u00e4stan or\u00f6rd<\/h3>\r\n          <p>\r\n  Raja Ampat handlar om korallrev, laguner, lugna b\u00e5tturer, marint liv och k\u00e4nslan av att vara omgiven av naturen i dess mest ost\u00f6rda form.\r\n          <\/p>\r\n        <\/div>\r\n      <\/div>\r\n    <\/div>\r\n  <\/div>\r\n<\/section>\t\t\t\t<\/div>\n\t\t\t\t<div class=\"elementor-element elementor-element-e421578 elementor-widget elementor-widget-html\" data-id=\"e421578\" data-element_type=\"widget\" data-e-type=\"widget\" data-widget_type=\"html.default\">\n\t\t\t\t\t<section class=\"bno-section bno-light\">\r\n  <div class=\"bno-container\">\r\n    <div class=\"bno-section-intro\">\r\n      <span class=\"bno-eyebrow\">H\u00f6jdpunkterna<\/span>\r\n      <h2>Det h\u00e4r \u00e4r upplevelserna som g\u00f6r Raja Ampat unikt<\/h2>\r\n      <p>\r\n  Raja Ampat \u00e4r ett resm\u00e5l som du v\u00e4ljer f\u00f6r havet, naturen och k\u00e4nslan av att uppt\u00e4cka som f\u00e5 andra platser kan erbjuda.\r\n      <\/p>\r\n    <\/div>\r\n\r\n    <div class=\"bno-grid-4 bno-unikt-highlight-grid\">\r\n      <article class=\"bno-card bno-unikt-highlight-card\">\r\n        <div class=\"bno-card-image\">\r\n          <img data-recalc-dims=\"1\" decoding=\"async\" src=\"https:\/\/i0.wp.com\/bno-travel.com\/wp-content\/uploads\/2026\/04\/AdobeStock_272470234.jpeg?w=800&#038;ssl=1\" alt=\"Turkosf\u00e4rgat hav i Raja Ampat\" class=\"bno-image\">\r\n        <\/div>\r\n        <div class=\"bno-card-body\">\r\n          <h3>Korallrev och marint liv i v\u00e4rldsklass<\/h3>\r\n          <p>F\u00f6r m\u00e5nga \u00e4r det h\u00e4r ett dr\u00f6mresm\u00e5l f\u00f6r snorkling och dykning, med ett undervattensliv som \u00e4r bland det rikaste i v\u00e4rlden.<\/p>\r\n        <\/div>\r\n      <\/article>\r\n\r\n      <article class=\"bno-card bno-unikt-highlight-card\">\r\n        <div class=\"bno-card-image\">\r\n          <img data-recalc-dims=\"1\" decoding=\"async\" src=\"https:\/\/i0.wp.com\/bno-travel.com\/wp-content\/uploads\/2026\/04\/AdobeStock_298745106.jpeg?w=800&#038;ssl=1\" alt=\"\u00d6riken och laguner i tropisk natur\" class=\"bno-image\">\r\n        <\/div>\r\n        <div class=\"bno-card-body\">\r\n          <h3>Sk\u00e4rg\u00e5rdar, laguner och utsiktsplatser<\/h3>\r\n          <p>Landskapet v\u00e4xlar mellan kalkstens\u00f6ar, smaragdgr\u00f6na kullar och laguner som verkar komma fr\u00e5n en annan v\u00e4rld.<\/p>\r\n        <\/div>\r\n      <\/article>\r\n\r\n      <article class=\"bno-card bno-unikt-highlight-card\">\r\n        <div class=\"bno-card-image\">\r\n          <img decoding=\"async\" src=\"https:\/\/images.unsplash.com\/photo-1519046904884-53103b34b206?auto=format&amp;fit=crop&amp;w=1400&amp;q=80\" alt=\"B\u00e5tupplevelser i Raja Ampat\" class=\"bno-image\">\r\n        <\/div>\r\n        <div class=\"bno-card-body\">\r\n          <h3>B\u00e5tupplevelser och \u00f6hoppning<\/h3>\r\n          <p>Sj\u00e4lva resan mellan \u00f6arna \u00e4r en del av upplevelsen, med lugna \u00f6verfarter, g\u00f6mda vikar och sm\u00e5 stopp som k\u00e4nns privata.<\/p>\r\n        <\/div>\r\n      <\/article>\r\n\r\n      <article class=\"bno-card bno-unikt-highlight-card\">\r\n        <div class=\"bno-card-image\">\r\n          <img data-recalc-dims=\"1\" decoding=\"async\" src=\"https:\/\/i0.wp.com\/bno-travel.com\/wp-content\/uploads\/2026\/04\/Raja-Ampat-2.jpg?w=800&#038;ssl=1\" alt=\"Of\u00f6rst\u00f6rd natur och lugn i Raja Ampat\" class=\"bno-image\">\r\n        <\/div>\r\n        <div class=\"bno-card-body\">\r\n          <h3>Tystnad, natur och n\u00e4rvaro<\/h3>\r\n          <p>Raja Ampat passar resen\u00e4rer som vill ta det lugnt och l\u00e5ta naturen vara huvudnumret under hela resan.<\/p>\r\n        <\/div>\r\n      <\/article>\r\n    <\/div>\r\n  <\/div>\r\n<\/section>\t\t\t\t<\/div>\n\t\t\t\t<div class=\"elementor-element elementor-element-3014f0b elementor-widget elementor-widget-html\" data-id=\"3014f0b\" data-element_type=\"widget\" data-e-type=\"widget\" data-widget_type=\"html.default\">\n\t\t\t\t\t<section id=\"bno-raja-reise\" class=\"bno-section\">\r\n  <div class=\"bno-container\">\r\n    <div class=\"bno-grid-2 bno-travel-grid\">\r\n      <div class=\"bno-travel-copy\">\r\n        <span class=\"bno-eyebrow\">Hur man reser dit<\/span>\r\n        <h2>En resa genom Indonesien - och vidare till n\u00e5got mycket mer s\u00e4llsynt<\/h2>\r\n        <p>\r\n  Resan till Raja Ampat g\u00e5r vanligtvis via Indonesien, ofta med en internationell ankomst till Jakarta eller Bali innan man flyger vidare till Sorong i V\u00e4stpapua. Sorong \u00e4r den viktigaste ink\u00f6rsporten till regionen och utg\u00e5ngspunkten f\u00f6r den sista delen av resan. \r\n        <\/p>\r\n        <p>\r\n  Fr\u00e5n Sorong forts\u00e4tter resan med b\u00e5t, f\u00e4rja eller organiserad lokaltransport till de \u00f6ar och omr\u00e5den d\u00e4r du kommer att bo. Denna sista etapp \u00e4r en del av upplevelsen: du l\u00e4mnar de vanliga rutterna och r\u00f6r dig in i en sk\u00e4rg\u00e5rd som k\u00e4nns alltmer avskild, lugn och exklusiv. \r\n        <\/p>\r\n      <\/div>\r\n\r\n      <div class=\"bno-travel-side\">\r\n        <div class=\"bno-card bno-travel-card\">\r\n          <span class=\"bno-card-kicker\">Bekv\u00e4ma reseing\u00e5ngar<\/span>\r\n          <div class=\"bno-travel-steps\">\r\n            <div class=\"bno-travel-step\">\r\n              <strong>1. Internationell ankomst<\/strong>\r\n              <span>Vanligtvis via Jakarta eller Bali<\/span>\r\n            <\/div>\r\n            <div class=\"bno-travel-step\">\r\n              <strong>2. Inrikesflyg<\/strong>\r\n              <span>Vidare till Sorong<\/span>\r\n            <\/div>\r\n            <div class=\"bno-travel-step\">\r\n              <strong>3. Sista delen av resan<\/strong>\r\n              <span>B\u00e5t, f\u00e4rja eller lokal transfer till Raja Ampat<\/span>\r\n            <\/div>\r\n            <div class=\"bno-travel-step\">\r\n              <strong>4. Upplevelsen b\u00f6rjar tidigt<\/strong>\r\n              <span>Sj\u00e4lva ankomsten \u00e4r en del av resan<\/span>\r\n            <\/div>\r\n          <\/div>\r\n        <\/div>\r\n      <\/div>\r\n    <\/div>\r\n  <\/div>\r\n<\/section>\t\t\t\t<\/div>\n\t\t\t\t\t<\/div>\n\t\t\t\t<\/div>\n\t\t<div class=\"elementor-element elementor-element-701ebdf e-flex e-con-boxed e-con e-parent\" data-id=\"701ebdf\" data-element_type=\"container\" data-e-type=\"container\">\n\t\t\t\t\t<div class=\"e-con-inner\">\n\t\t\t\t<div class=\"elementor-element elementor-element-515da0a elementor-widget elementor-widget-html\" data-id=\"515da0a\" data-element_type=\"widget\" data-e-type=\"widget\" data-widget_type=\"html.default\">\n\t\t\t\t\t<section class=\"bno-section bno-soft\">\r\n  <div class=\"bno-container\">\r\n    <div class=\"bno-section-intro\">\r\n      <span class=\"bno-eyebrow\">Erfarenheter och aktiviteter<\/span>\r\n      <h2>Kurerad f\u00f6r hav, \u00e4ventyr och verklig n\u00e4rvaro<\/h2>\r\n      <p>\r\n  Raja Ampat handlar inte om att maximera dina dagar, det handlar om att v\u00e4lja upplevelser som g\u00f6r att du kan komma n\u00e4rmare platsen.\r\n      <\/p>\r\n    <\/div>\r\n\r\n    <div class=\"bno-grid-4 bno-experience-grid-unikt\">\r\n      <article class=\"bno-card bno-experience-card-unikt\">\r\n        <h3>Snorkling och dykning<\/h3>\r\n        <p>Upplev f\u00e4rgglada rev, klart vatten och marint liv som g\u00f6r undervattensv\u00e4rlden till huvudattraktionen.<\/p>\r\n      <\/article>\r\n\r\n      <article class=\"bno-card bno-experience-card-unikt\">\r\n        <h3>\u00d6-hoppning<\/h3>\r\n        <p>R\u00f6r dig mellan sm\u00e5 \u00f6ar, g\u00f6mda vikar och utsiktspunkter d\u00e4r resan mellan platserna \u00e4r lika viktig som destinationerna.<\/p>\r\n      <\/article>\r\n\r\n      <article class=\"bno-card bno-experience-card-unikt\">\r\n        <h3>Laguner och utsikt<\/h3>\r\n        <p>Fr\u00e5n h\u00f6ga punkter \u00f6ver hela sk\u00e4rg\u00e5rden f\u00e5r du den ikoniska utsikten \u00f6ver kalkstens\u00f6ar och turkosa laguner.<\/p>\r\n      <\/article>\r\n\r\n      <article class=\"bno-card bno-experience-card-unikt\">\r\n        <h3>Lugn och ro och natur<\/h3>\r\n        <p>F\u00f6r m\u00e5nga \u00e4r den st\u00f6rsta upplevelsen tempot: tystnaden, ljuset och k\u00e4nslan av att vara l\u00e5ngt fr\u00e5n allt annat.<\/p>\r\n      <\/article>\r\n    <\/div>\r\n  <\/div>\r\n<\/section>\t\t\t\t<\/div>\n\t\t\t\t<div class=\"elementor-element elementor-element-c523653 elementor-widget elementor-widget-html\" data-id=\"c523653\" data-element_type=\"widget\" data-e-type=\"widget\" data-widget_type=\"html.default\">\n\t\t\t\t\t<section class=\"bno-section bno-light\">\r\n  <div class=\"bno-container\">\r\n    <div class=\"bno-section-intro\">\r\n      <span class=\"bno-eyebrow\">Vem destinationen \u00e4r l\u00e4mplig f\u00f6r<\/span>\r\n      <h2>F\u00f6r resen\u00e4rer som vill uppleva n\u00e5got s\u00e4llsynt - och k\u00e4nna att de verkligen befinner sig n\u00e5gon annanstans<\/h2>\r\n      <p>\r\n  Raja Ampat passar b\u00e4st f\u00f6r den som s\u00f6ker natur, \u00e4ventyr och en mer exklusiv form av lugn \u00e4n vad de flesta tropiska resm\u00e5l erbjuder.\r\n      <\/p>\r\n    <\/div>\r\n\r\n    <div class=\"bno-grid-4 bno-fit-grid\">\r\n      <article class=\"bno-card bno-fit-card\">\r\n        <h3>Av<\/h3>\r\n        <p>Ett resm\u00e5l f\u00f6r den som s\u00f6ker tropiskt lugn, vackra omgivningar och k\u00e4nslan av att vara l\u00e5ngt borta fr\u00e5n allt annat.<\/p>\r\n      <\/article>\r\n\r\n      <article class=\"bno-card bno-fit-card\">\r\n        <h3>\u00c4ventyrslystna resen\u00e4rer<\/h3>\r\n        <p>Perfekt f\u00f6r dig som dras till ovanliga platser, nya horisonter och naturupplevelser som kr\u00e4ver lite mer av din resa.<\/p>\r\n      <\/article>\r\n\r\n      <article class=\"bno-card bno-fit-card\">\r\n        <h3>Natur- och havsfantaster<\/h3>\r\n        <p>Ett dr\u00f6mresm\u00e5l f\u00f6r dem som reser f\u00f6r att uppleva rev, marint liv, b\u00e5tturer och naturupplevelser i sin renaste form.<\/p>\r\n      <\/article>\r\n\r\n      <article class=\"bno-card bno-fit-card\">\r\n        <h3>Resen\u00e4rer som s\u00f6ker lugn och ro<\/h3>\r\n        <p>Raja Ampat passar dig som v\u00e4rdes\u00e4tter tystnad, n\u00e4rvaro och en vistelse d\u00e4r naturen f\u00e5r best\u00e4mma takten.<\/p>\r\n      <\/article>\r\n    <\/div>\r\n  <\/div>\r\n<\/section>\t\t\t\t<\/div>\n\t\t\t\t<div class=\"elementor-element elementor-element-6cd4451 elementor-widget elementor-widget-html\" data-id=\"6cd4451\" data-element_type=\"widget\" data-e-type=\"widget\" data-widget_type=\"html.default\">\n\t\t\t\t\t<section class=\"bno-section bno-dark bno-unique-signature\" id=\"raja-ampat-bno-unikt\">\r\n  <div class=\"bno-container\">\r\n    <div class=\"bno-grid-2 bno-align-center\">\r\n      <div>\r\n        <span class=\"bno-eyebrow\">BNO Resa Unik<\/span>\r\n        <h2>Raja Ampat valdes f\u00f6r att vissa resor ska k\u00e4nnas st\u00f6rre \u00e4n bara sj\u00e4lva resan<\/h2>\r\n      <\/div>\r\n      <div>\r\n        <p>\r\n  BNO Travel Unique \u00e4r f\u00f6r destinationer som g\u00f6r mer \u00e4n att fylla en karta. Raja Ampat \u00e4r en del av denna samling eftersom den erbjuder en s\u00e4llsynt kombination av sk\u00f6nhet, lugn och upplevelser som verkligen l\u00e4mnar ett m\u00e4rke. Det h\u00e4r \u00e4r inte ett slumpm\u00e4ssigt val f\u00f6r trope-s\u00f6kare - det \u00e4r ett medvetet val f\u00f6r resen\u00e4rer som vill veta att de har varit n\u00e5gonstans som betyder n\u00e5got.  \r\n        <\/p>\r\n        <p>\r\n  N\u00e4r vi lyfter fram Raja Ampat handlar det om k\u00e4nslan av att uppleva n\u00e5got som fortfarande \u00e4r verkligt, kurerat och minnesv\u00e4rt. En plats som stannar kvar hos dig, inte bara i fotogalleriet. \r\n        <\/p>\r\n      <\/div>\r\n    <\/div>\r\n  <\/div>\r\n<\/section>\t\t\t\t<\/div>\n\t\t\t\t\t<\/div>\n\t\t\t\t<\/div>\n\t\t\t\t<\/div>\n\t\t","protected":false},"excerpt":{"rendered":"<p>Raja Ampat En s\u00e4llsynt sk\u00e4rg\u00e5rd d\u00e4r havet, tystnaden och naturen k\u00e4nns n\u00e4stan overklig Raja Ampat \u00e4r en av de mest exklusiva och upplevelsedrivna destinationerna i BNO Travel Unique. H\u00e4r m\u00f6ts turkost vatten, or\u00f6rda \u00f6ar, korallrev i v\u00e4rldsklass och en s\u00e4llsynt k\u00e4nsla av lugn i ett landskap som k\u00e4nns mer som en dr\u00f6m \u00e4n en vanlig [&hellip;]<\/p>\n","protected":false},"author":260013438,"featured_media":0,"parent":0,"menu_order":0,"comment_status":"closed","ping_status":"closed","template":"","meta":{"_crdt_document":"","footnotes":""},"class_list":["post-34899","page","type-page","status-publish","hentry"],"jetpack_likes_enabled":true,"jetpack_sharing_enabled":true,"jetpack_shortlink":"https:\/\/wp.me\/PgDuwj-94T","jetpack-related-posts":[{"id":32993,"url":"https:\/\/bno-travel.com\/raja-ampat\/","url_meta":{"origin":34899,"position":0},"title":"Raja Ampat","author":"Jan Terje \u00c5s","date":"10 april 2026","format":false,"excerpt":"Raja Ampat Et sjeldent \u00f8yrike der havet, stillheten og naturen f\u00f8les nesten uvirkelige Raja Ampat er et av de mest eksklusive og opplevelsesdrevne reisem\u00e5lene i BNO Travel Unikt. Her m\u00f8ter turkist vann, ur\u00f8rte \u00f8yer, korallrev i verdensklasse og en sjelden f\u00f8lelse av ro hverandre i et landskap som kjennes mer\u2026","rel":"","context":"Liknande inl\u00e4gg","block_context":{"text":"Liknande inl\u00e4gg","link":""},"img":{"alt_text":"","src":"","width":0,"height":0},"classes":[]},{"id":34827,"url":"https:\/\/bno-travel.com\/da\/raja-ampat\/","url_meta":{"origin":34899,"position":1},"title":"Raja Ampat","author":"Jan Terje \u00c5s","date":"10 april 2026","format":false,"excerpt":"Raja Ampat En sj\u00e6lden \u00f8gruppe, hvor havet, stilheden og naturen f\u00f8les n\u00e6sten uvirkelig Raja Ampat er en af de mest eksklusive og oplevelsesdrevne destinationer i BNO Travel Unique. Her m\u00f8des turkisbl\u00e5t vand, uber\u00f8rte \u00f8er, koralrev i verdensklasse og en sj\u00e6lden f\u00f8lelse af ro i et landskab, der f\u00f8les mere som\u2026","rel":"","context":"Liknande inl\u00e4gg","block_context":{"text":"Liknande inl\u00e4gg","link":""},"img":{"alt_text":"","src":"","width":0,"height":0},"classes":[]},{"id":34830,"url":"https:\/\/bno-travel.com\/fr\/raja-ampat\/","url_meta":{"origin":34899,"position":2},"title":"Raja Ampat","author":"Jan Terje \u00c5s","date":"10 april 2026","format":false,"excerpt":"Raja Ampat Un archipel rare o\u00f9 la mer, le silence et la nature semblent presque irr\u00e9els Raja Ampat est l'une des destinations les plus exclusives et les plus riches en exp\u00e9riences de BNO Travel Unique. Ici, les eaux turquoise, les \u00eeles vierges, les r\u00e9cifs coralliens de classe mondiale et un\u2026","rel":"","context":"Liknande inl\u00e4gg","block_context":{"text":"Liknande inl\u00e4gg","link":""},"img":{"alt_text":"","src":"","width":0,"height":0},"classes":[]},{"id":34826,"url":"https:\/\/bno-travel.com\/raja-ampat\/","url_meta":{"origin":34899,"position":3},"title":"Raja Ampat","author":"Jan Terje \u00c5s","date":"10 april 2026","format":false,"excerpt":"","rel":"","context":"Liknande inl\u00e4gg","block_context":{"text":"Liknande inl\u00e4gg","link":""},"img":{"alt_text":"","src":"","width":0,"height":0},"classes":[]},{"id":34844,"url":"https:\/\/bno-travel.com\/is\/raja-ampat\/","url_meta":{"origin":34899,"position":4},"title":"Raja Ampat","author":"Jan Terje \u00c5s","date":"10 april 2026","format":false,"excerpt":"Raja Ampat Sjaldg\u00e6fur eyjaklasi \u00fear sem hafi\u00f0, \u00fe\u00f6gnin og n\u00e1tt\u00faran eru n\u00e6stum \u00f3raunveruleg Raja Ampat er einn af einkar\u00e9ttustu og upplifunarr\u00edkustu \u00e1fangast\u00f6\u00f0um BNO Travel Unikt. H\u00e9r m\u00e6tast tyrkisbl\u00e1ar v\u00f6tn, \u00f3snortnar eyjar, k\u00f3ralrif \u00ed heimsklassa og sjaldg\u00e6f r\u00f3 \u00ed landslagi sem l\u00edkist frekar draumi en venjulegum fer\u00f0amannasta\u00f0. Uppg\u00f6tva\u00f0u Raja Ampat Sj\u00e1\u00f0u\u2026","rel":"","context":"Liknande inl\u00e4gg","block_context":{"text":"Liknande inl\u00e4gg","link":""},"img":{"alt_text":"","src":"","width":0,"height":0},"classes":[]},{"id":34845,"url":"https:\/\/bno-travel.com\/pl\/raja-ampat\/","url_meta":{"origin":34899,"position":5},"title":"Raja Ampat","author":"Jan Terje \u00c5s","date":"10 april 2026","format":false,"excerpt":"Raja Ampat Rzadki archipelag, gdzie morze, cisza i natura wydaj\u0105 si\u0119 niemal nierealne Raja Ampat to jedna z najbardziej ekskluzywnych i nastawionych na do\u015bwiadczenie destynacji w BNO Travel Unique. Tutaj turkusowe wody, dziewicze wyspy, \u015bwiatowej klasy rafy koralowe i rzadkie poczucie spokoju spotykaj\u0105 si\u0119 w krajobrazie, kt\u00f3ry bardziej przypomina sen\u2026","rel":"","context":"Liknande inl\u00e4gg","block_context":{"text":"Liknande inl\u00e4gg","link":""},"img":{"alt_text":"","src":"","width":0,"height":0},"classes":[]}],"_links":{"self":[{"href":"https:\/\/bno-travel.com\/sv\/wp-json\/wp\/v2\/pages\/34899","targetHints":{"allow":["GET"]}}],"collection":[{"href":"https:\/\/bno-travel.com\/sv\/wp-json\/wp\/v2\/pages"}],"about":[{"href":"https:\/\/bno-travel.com\/sv\/wp-json\/wp\/v2\/types\/page"}],"author":[{"embeddable":true,"href":"https:\/\/bno-travel.com\/sv\/wp-json\/wp\/v2\/users\/260013438"}],"replies":[{"embeddable":true,"href":"https:\/\/bno-travel.com\/sv\/wp-json\/wp\/v2\/comments?post=34899"}],"version-history":[{"count":1,"href":"https:\/\/bno-travel.com\/sv\/wp-json\/wp\/v2\/pages\/34899\/revisions"}],"predecessor-version":[{"id":34900,"href":"https:\/\/bno-travel.com\/sv\/wp-json\/wp\/v2\/pages\/34899\/revisions\/34900"}],"wp:attachment":[{"href":"https:\/\/bno-travel.com\/sv\/wp-json\/wp\/v2\/media?parent=34899"}],"curies":[{"name":"wp","href":"https:\/\/api.w.org\/{rel}","templated":true}]}}