{"id":4192,"date":"2025-07-18T20:35:21","date_gmt":"2025-07-18T18:35:21","guid":{"rendered":"https:\/\/bno-travel.com\/?page_id=4192"},"modified":"2025-07-18T20:36:02","modified_gmt":"2025-07-18T18:36:02","slug":"klatterpark-i-salen","status":"publish","type":"page","link":"https:\/\/bno-travel.com\/sv\/klatterpark-i-salen\/","title":{"rendered":"Kl\u00e4tterpark i S\u00e4len"},"content":{"rendered":"\n<p class=\"wp-block-paragraph\"><\/p>\n\n<div class=\"wp-block-cover alignfull\" style=\"margin-top:0;margin-bottom:0;padding-top:var(--wp--preset--spacing--20);padding-right:var(--wp--preset--spacing--40);padding-bottom:var(--wp--preset--spacing--20);padding-left:var(--wp--preset--spacing--40);min-height:917px;aspect-ratio:unset;\"><img data-recalc-dims=\"1\" fetchpriority=\"high\" decoding=\"async\" width=\"800\" height=\"534\" class=\"wp-block-cover__image-background wp-image-2239 size-full\" alt=\"\" src=\"https:\/\/i0.wp.com\/bno-travel.com\/wp-content\/uploads\/2025\/06\/43124442155_8f90996eef_c.jpg?resize=800%2C534&#038;ssl=1\" style=\"object-position:54% 56%\" data-object-fit=\"cover\" data-object-position=\"54% 56%\" srcset=\"https:\/\/i0.wp.com\/bno-travel.com\/wp-content\/uploads\/2025\/06\/43124442155_8f90996eef_c.jpg?w=800&amp;ssl=1 800w, https:\/\/i0.wp.com\/bno-travel.com\/wp-content\/uploads\/2025\/06\/43124442155_8f90996eef_c.jpg?resize=300%2C200&amp;ssl=1 300w, https:\/\/i0.wp.com\/bno-travel.com\/wp-content\/uploads\/2025\/06\/43124442155_8f90996eef_c.jpg?resize=768%2C513&amp;ssl=1 768w\" sizes=\"(max-width: 800px) 100vw, 800px\" \/><span aria-hidden=\"true\" class=\"wp-block-cover__background has-theme-1-background-color has-background-dim-30 has-background-dim\"><\/span><div class=\"wp-block-cover__inner-container is-layout-flow wp-block-cover-is-layout-flow\">\n<div style=\"height:var(--wp--preset--spacing--50)\" aria-hidden=\"true\" class=\"wp-block-spacer\"><\/div>\n\n\n\n<div style=\"height:var(--wp--preset--spacing--50)\" aria-hidden=\"true\" class=\"wp-block-spacer\"><\/div>\n<\/div><\/div>\n\n<div class=\"wp-block-group alignfull is-style-section-3 is-layout-constrained wp-block-group-is-layout-constrained\" style=\"margin-top:0;margin-bottom:0;padding-top:var(--wp--preset--spacing--40);padding-bottom:var(--wp--preset--spacing--40)\">\n<div class=\"wp-block-columns alignwide are-vertically-aligned-center is-layout-flex wp-container-core-columns-is-layout-d9ad523d wp-block-columns-is-layout-flex\">\n<div class=\"wp-block-column is-vertically-aligned-center is-layout-flow wp-block-column-is-layout-flow\">\n<figure class=\"wp-block-image size-full\"><img data-recalc-dims=\"1\" decoding=\"async\" width=\"800\" height=\"534\" src=\"https:\/\/i0.wp.com\/bno-travel.com\/wp-content\/uploads\/2025\/06\/43311668904_2a700093da_c.jpg?resize=800%2C534&#038;ssl=1\" alt=\"Kl&#xE4;tterpark i S&#xE4;len\" class=\"wp-image-2434\" style=\"aspect-ratio:3\/4;object-fit:cover\" title=\"titel\" srcset=\"https:\/\/i0.wp.com\/bno-travel.com\/wp-content\/uploads\/2025\/06\/43311668904_2a700093da_c.jpg?w=800&amp;ssl=1 800w, https:\/\/i0.wp.com\/bno-travel.com\/wp-content\/uploads\/2025\/06\/43311668904_2a700093da_c.jpg?resize=300%2C200&amp;ssl=1 300w, https:\/\/i0.wp.com\/bno-travel.com\/wp-content\/uploads\/2025\/06\/43311668904_2a700093da_c.jpg?resize=768%2C513&amp;ssl=1 768w\" sizes=\"(max-width: 800px) 100vw, 800px\" \/><\/figure>\n<\/div>\n\n\n\n<div class=\"wp-block-column is-vertically-aligned-center is-content-justification-left is-layout-constrained wp-container-core-column-is-layout-b64f6bf5 wp-block-column-is-layout-constrained\">\n<p class=\"wp-block-paragraph\"><\/p>\n\n\n\n<h2 class=\"wp-block-heading\"><strong>Kl\u00e4tterparken i S\u00e4len - sp\u00e4nning, skicklighet och skoj f\u00f6r hela familjen<\/strong><\/h2>\n\n\n\n<p class=\"wp-block-paragraph\">V\u00e4lkommen till <a href=\"https:\/\/www.skistar.com\/sv\/vara-skidorter\/salen\/sommar-i-salen\/aktiviteter\/klatterpark\/\" target=\"_blank\" rel=\"noopener\"><strong>H\u00f6gt &amp; L\u00e5gt S\u00e4len<\/strong>, en modern och familjev\u00e4nlig kl\u00e4tterpark<\/a> vackert bel\u00e4gen vid Svansj\u00f6n i Lindvallen. H\u00e4r finns luftiga ziplines, sp\u00e4nnande hinderbanor i tr\u00e4den och utmaningar som passar b\u00e5de sm\u00e5 barn, ton\u00e5ringar, vuxna och adrenalinsugna \u00e4ventyrare. <\/p>\n\n\n\n<p class=\"wp-block-paragraph\">Med <strong>BNO TRAVEL<\/strong> kan du enkelt planera och boka en aktiv semester i S\u00e4len, d\u00e4r kl\u00e4tterparken blir en naturlig h\u00f6jdpunkt - oavsett om du reser med familj, v\u00e4nner eller p\u00e5 en f\u00f6retagsresa.<\/p>\n\n\n\n<p class=\"wp-block-paragraph\"><strong>En upplevelse f\u00f6r alla \u00e5ldrar<\/strong><\/p>\n\n\n\n<p class=\"wp-block-paragraph\">Kl\u00e4tterparken i S\u00e4len har leder som passar f\u00f6r barn fr\u00e5n 3 \u00e5r (fr\u00e5n 80 cm h\u00f6jd) och flera leder f\u00f6r ungdomar och vuxna som vill ha mer sp\u00e4nning och h\u00f6gre utmaningar. H\u00e4r kombineras beh\u00e4rskning, r\u00f6relse och naturupplevelse p\u00e5 ett s\u00e4kert och roligt s\u00e4tt. <\/p>\n\n\n\n<p class=\"wp-block-paragraph\">Detta \u00e4r en idealisk aktivitet f\u00f6r:<\/p>\n\n\n\n<ul class=\"wp-block-list\">\n<li>Semester f\u00f6r hela familjen<\/li>\n\n\n\n<li>Teambuilding och f\u00f6retagsresor<\/li>\n\n\n\n<li>V\u00e4nskapsgrupper och svensexor<\/li>\n\n\n\n<li>Aktiva par och ensamresen\u00e4rer<\/li>\n<\/ul>\n\n\n\n<p class=\"wp-block-paragraph\">Att kl\u00e4ttra tillsammans, utmana sina egna gr\u00e4nser och uppleva m\u00e4sterskap p\u00e5 h\u00f6jderna ger b\u00e5de gemenskap och goda minnen. Kl\u00e4tterparken i S\u00e4len \u00e4r ett m\u00e5ste f\u00f6r alla som vill ha en aktiv sommarupplevelse i fj\u00e4llen, med fina minnen och \u00e4kta kamratskap.<\/p>\n<\/div>\n<\/div>\n<\/div>\n\n<div class=\"wp-block-group alignfull is-style-default is-content-justification-center is-layout-constrained wp-container-core-group-is-layout-69af11d0 wp-block-group-is-layout-constrained\" style=\"margin-top:0;margin-bottom:0;padding-top:var(--wp--preset--spacing--40);padding-bottom:var(--wp--preset--spacing--40)\">\n<div class=\"wp-block-group alignwide is-content-justification-left is-layout-constrained wp-container-core-group-is-layout-54d22900 wp-block-group-is-layout-constrained\"><\/div>\n<\/div>\n\n<div class=\"wp-block-group alignfull is-content-justification-center is-layout-constrained wp-block-group-is-layout-constrained\" style=\"margin-top:0;margin-bottom:0;padding-top:var(--wp--preset--spacing--40);padding-bottom:var(--wp--preset--spacing--40)\">\n<div class=\"wp-block-columns alignwide are-vertically-aligned-center is-layout-flex wp-container-core-columns-is-layout-7387b849 wp-block-columns-is-layout-flex\">\n<div class=\"wp-block-column is-vertically-aligned-center is-content-justification-left is-layout-constrained wp-container-core-column-is-layout-b64f6bf5 wp-block-column-is-layout-constrained\">\n<h2 class=\"wp-block-heading has-xx-large-font-size\"><strong>Fakta om kl\u00e4tterparken i S\u00e4len<\/strong><\/h2>\n\n\n\n<p class=\"wp-block-paragraph\">Kl\u00e4tterparken i S\u00e4len \u00e4r idylliskt bel\u00e4gen vid Svansj\u00f6n i Lindvallen, mitt i hj\u00e4rtat av S\u00e4lenfj\u00e4llen. Parken \u00e4r en del av SkiStars breda utbud av sommar- och h\u00f6staktiviteter och erbjuder en sp\u00e4nnande kombination av natur, fysisk aktivitet och m\u00e4sterskap f\u00f6r hela familjen. H\u00e4r hittar du bland annat:  <\/p>\n\n\n\n<ul class=\"wp-block-list\">\n<li>\u00d6ver <strong>75 hinder och aktiviteter<\/strong> p\u00e5 h\u00f6g h\u00f6jd<\/li>\n\n\n\n<li><strong>9 olika kl\u00e4tterv\u00e4gar<\/strong>, anpassade till olika h\u00f6jder, \u00e5ldrar och f\u00e4rdighetsniv\u00e5er<\/li>\n\n\n\n<li><strong>11 ziplines<\/strong>, varav tre sv\u00e4var \u00f6ver vatten<\/li>\n\n\n\n<li>S\u00e4rskilda <strong>barnleder fr\u00e5n 80 cm h\u00f6jd<\/strong> och mer kr\u00e4vande leder f\u00f6r erfarna kl\u00e4ttrare<\/li>\n\n\n\n<li>Fokus p\u00e5 s\u00e4kerhet med moderna <strong>selar och kontinuerligt s\u00e4kringssystem<\/strong><\/li>\n\n\n\n<li>Anl\u00e4ggningar som uteplatser <strong>, b\u00e4nkar och picknickomr\u00e5den<\/strong> vid sj\u00f6n<\/li>\n<\/ul>\n\n\n\n<p class=\"wp-block-paragraph\">Parken \u00e4r noggrant kategoriserad efter sv\u00e5righetsgrad s\u00e5 att alla - fr\u00e5n de minsta barnen till vuxna med kl\u00e4ttererfarenhet - kan hitta l\u00e4mpliga utmaningar. Du kan b\u00f6rja med de enklaste gr\u00f6na lederna och arbeta dig upp till bl\u00e5, r\u00f6da och svarta leder f\u00f6r maximal h\u00f6jd och sp\u00e4nning. <\/p>\n\n\n\n<p class=\"wp-block-paragraph\"><strong>Extra tips: Upplev sommaren i S\u00e4len<\/strong><\/p>\n\n\n\n<p class=\"wp-block-paragraph\">Kl\u00e4tterparken \u00e4r bara en av m\u00e5nga sommaraktiviteter i S\u00e4len! N\u00e4r du v\u00e4l \u00e4r h\u00e4r kan du ocks\u00e5 utforska vandring, cykling, kanotpaddling och fiske - allt i vacker svensk fj\u00e4llnatur. F\u00f6r den som s\u00f6ker en aktiv semester med b\u00e5de tempo och lugn erbjuder S\u00e4len ett brett utbud av upplevelser.  <\/p>\n<\/div>\n\n\n\n<div class=\"wp-block-column is-vertically-aligned-center is-layout-flow wp-block-column-is-layout-flow\">\n<figure class=\"wp-block-image size-full\"><img data-recalc-dims=\"1\" decoding=\"async\" width=\"800\" height=\"534\" src=\"https:\/\/i0.wp.com\/bno-travel.com\/wp-content\/uploads\/2025\/06\/43124440865_479eca7e07_c.jpg?resize=800%2C534&#038;ssl=1\" alt=\"Kl&#xE4;tterpark i Trysil\" class=\"wp-image-2421\" style=\"aspect-ratio:3\/4;object-fit:cover\" srcset=\"https:\/\/i0.wp.com\/bno-travel.com\/wp-content\/uploads\/2025\/06\/43124440865_479eca7e07_c.jpg?w=800&amp;ssl=1 800w, https:\/\/i0.wp.com\/bno-travel.com\/wp-content\/uploads\/2025\/06\/43124440865_479eca7e07_c.jpg?resize=300%2C200&amp;ssl=1 300w, https:\/\/i0.wp.com\/bno-travel.com\/wp-content\/uploads\/2025\/06\/43124440865_479eca7e07_c.jpg?resize=768%2C513&amp;ssl=1 768w\" sizes=\"(max-width: 800px) 100vw, 800px\" \/><\/figure>\n<\/div>\n<\/div>\n<\/div>\n\n<div class=\"wp-block-group alignfull is-style-default is-content-justification-center is-layout-constrained wp-container-core-group-is-layout-69af11d0 wp-block-group-is-layout-constrained\" style=\"margin-top:0;margin-bottom:0;padding-top:var(--wp--preset--spacing--40);padding-bottom:var(--wp--preset--spacing--40)\">\n<div class=\"wp-block-group alignfull is-content-justification-center is-layout-constrained wp-container-core-group-is-layout-4853c3a7 wp-block-group-is-layout-constrained\" style=\"margin-top:0;margin-bottom:0;padding-top:calc( 0.5 * var(u002du002dwpu002du002dstyleu002du002drootu002du002dpadding-right, var(u002du002dwpu002du002dcustomu002du002dgapu002du002dhorizontal)));padding-right:var(u002du002dwpu002du002dstyleu002du002drootu002du002dpadding-right, var(u002du002dwpu002du002dcustomu002du002dgapu002du002dhorizontal));padding-bottom:calc( 0.5 * var(u002du002dwpu002du002dstyleu002du002drootu002du002dpadding-right, var(u002du002dwpu002du002dcustomu002du002dgapu002du002dhorizontal)));padding-left:var(u002du002dwpu002du002dstyleu002du002drootu002du002dpadding-left, var(u002du002dwpu002du002dcustomu002du002dgapu002du002dhorizontal))\">\n<div style=\"height:calc( 0.25 * var(u002du002dwpu002du002dstyleu002du002drootu002du002dpadding-right, var(u002du002dwpu002du002dcustomu002du002dgapu002du002dhorizontal)))\" aria-hidden=\"true\" class=\"wp-block-spacer\"><\/div>\n\n\n\n<div class=\"wp-block-columns alignwide is-layout-flex wp-container-core-columns-is-layout-7387b849 wp-block-columns-is-layout-flex\">\n<div class=\"wp-block-column is-vertically-aligned-center is-layout-flow wp-block-column-is-layout-flow\">\n<figure class=\"wp-block-image size-full\"><img data-recalc-dims=\"1\" loading=\"lazy\" decoding=\"async\" width=\"800\" height=\"534\" src=\"https:\/\/i0.wp.com\/bno-travel.com\/wp-content\/uploads\/2025\/07\/20D.jpg?resize=800%2C534&#038;ssl=1\" alt=\"Platser att bo p&#xE5; i S&#xE4;len\" class=\"wp-image-5262\" style=\"aspect-ratio:3\/4;object-fit:cover\" srcset=\"https:\/\/i0.wp.com\/bno-travel.com\/wp-content\/uploads\/2025\/07\/20D.jpg?w=1200&amp;ssl=1 1200w, https:\/\/i0.wp.com\/bno-travel.com\/wp-content\/uploads\/2025\/07\/20D.jpg?resize=300%2C200&amp;ssl=1 300w, https:\/\/i0.wp.com\/bno-travel.com\/wp-content\/uploads\/2025\/07\/20D.jpg?resize=1024%2C684&amp;ssl=1 1024w, https:\/\/i0.wp.com\/bno-travel.com\/wp-content\/uploads\/2025\/07\/20D.jpg?resize=768%2C513&amp;ssl=1 768w\" sizes=\"(max-width: 800px) 100vw, 800px\" \/><\/figure>\n<\/div>\n\n\n\n<div class=\"wp-block-column is-vertically-aligned-center is-layout-flow wp-block-column-is-layout-flow\">\n<p class=\"has-text-align-left wp-block-paragraph\"><strong>Dessa aktiviteter kombinerar naturupplevelser, adrenalin och avkoppling p\u00e5 ett unikt s\u00e4tt.<\/strong><\/p>\n\n\n\n<p class=\"wp-block-paragraph\"><strong>Boende i S\u00e4len - bo n\u00e4ra aktiviteterna<\/strong><\/p>\n\n\n\n<p class=\"wp-block-paragraph\"><strong>BNO TRAVEL<\/strong> erbjuder ett varierat utbud av <a href=\"https:\/\/bno-travel.com\/sv\/boende\/\">boendealternativ <\/a>i S\u00e4len, bel\u00e4get i och omkring Lindvallen, H\u00f6gfj\u00e4llet, Tand\u00e5dalen och Hundfj\u00e4llet. H\u00e4r kan du v\u00e4lja mellan: <\/p>\n\n\n\n<ul class=\"wp-block-list\">\n<li>Moderna stugor och l\u00e4genheter med h\u00f6g standard och kort avst\u00e5nd till kl\u00e4tterparken<\/li>\n\n\n\n<li>Familjev\u00e4nliga enheter med gott om utrymme och praktiska bekv\u00e4mligheter<\/li>\n\n\n\n<li>Boende i lugna omgivningar - n\u00e4ra till berg, vatten och vandringsm\u00f6jligheter<\/li>\n<\/ul>\n\n\n\n<p class=\"wp-block-paragraph\">Alla boendealternativ ger dig enkel tillg\u00e5ng till naturupplevelser, vandringsleder, cykelv\u00e4gar och aktivitetsomr\u00e5den. Med v\u00e5r hj\u00e4lp hittar du den plats som passar dig b\u00e4st - oavsett om du s\u00f6ker h\u00f6g komfort, ett budgetv\u00e4nligt alternativ eller n\u00e5got d\u00e4remellan. Priserna under sommars\u00e4songen \u00e4r ofta mycket f\u00f6rm\u00e5nliga, vilket g\u00f6r <strong>S\u00e4len till ett prisv\u00e4rt val f\u00f6r en aktiv semester.<\/strong>  <\/p>\n\n\n\n<p class=\"wp-block-paragraph\">Ett extra tips: Ta med cykel och vandringsk\u00e4ngor - omr\u00e5det erbjuder otaliga m\u00f6jligheter till b\u00e5de lugna och utmanande vandringar i vacker svensk fj\u00e4llnatur.<\/p>\n\n\n\n<p class=\"wp-block-paragraph\"><strong>Planera din aktiva semester med BNO TRAVEL<\/strong><\/p>\n\n\n\n<p class=\"wp-block-paragraph\">P\u00e5 <strong>BNO TRAVEL<\/strong> kan du enkelt skr\u00e4ddarsy en semester fylld av aktivitet, natur och stora upplevelser. Vi hj\u00e4lper dig med: <\/p>\n\n\n\n<ul class=\"wp-block-list\">\n<li>Bokning av kl\u00e4tterparken och andra aktiviteter i omr\u00e5det<\/li>\n\n\n\n<li>Boende i hela S\u00e4lenregionen<\/li>\n\n\n\n<li>Tips f\u00f6r m\u00e5ltider, utflykter och lokala h\u00f6jdpunkter<\/li>\n\n\n\n<li>Lokalk\u00e4nnedom och personlig service f\u00f6re och under din vistelse<\/li>\n<\/ul>\n\n\n\n<p class=\"wp-block-paragraph\">S\u00e4len \u00e4r mycket mer \u00e4n ett vintersportcenter - det \u00e4r en \u00e5ret-runt-destination d\u00e4r natur, aktivitet och familjeupplevelser m\u00f6ts. Oavsett om du vill kl\u00e4ttra i tr\u00e4dtopparna, bada i fj\u00e4llsj\u00f6ar, cykla p\u00e5 leder eller bara njuta av lugnet och tystnaden i fj\u00e4lluften s\u00e5 hittar du det h\u00e4r. <\/p>\n<\/div>\n<\/div>\n\n\n\n<div style=\"height:calc( 0.25 * var(u002du002dwpu002du002dstyleu002du002drootu002du002dpadding-right, var(u002du002dwpu002du002dcustomu002du002dgapu002du002dhorizontal)))\" aria-hidden=\"true\" class=\"wp-block-spacer\"><\/div>\n<\/div>\n\n\n\n<div class=\"wp-block-group alignwide is-content-justification-left is-layout-constrained wp-container-core-group-is-layout-54d22900 wp-block-group-is-layout-constrained\"><\/div>\n<\/div>\n\n<div class=\"wp-block-group alignfull is-style-default is-content-justification-center is-layout-constrained wp-container-core-group-is-layout-cdf99998 wp-block-group-is-layout-constrained\" style=\"margin-top:0;margin-bottom:0;padding-top:var(--wp--preset--spacing--40);padding-bottom:var(--wp--preset--spacing--40)\"><\/div>\n\n<p class=\"wp-block-paragraph\"><\/p>\n","protected":false},"excerpt":{"rendered":"<p>Kl\u00e4tterparken i S\u00e4len - sp\u00e4nning, skicklighet och skoj f\u00f6r hela familjen V\u00e4lkommen till H\u00f6gt &amp; L\u00e5gt S\u00e4len, en modern och familjev\u00e4nlig kl\u00e4tterpark vackert bel\u00e4gen vid Svansj\u00f6n i Lindvallen. H\u00e4r finns luftiga ziplines, sp\u00e4nnande hinderbanor i tr\u00e4den och utmaningar som passar b\u00e5de sm\u00e5 barn, ton\u00e5ringar, vuxna och adrenalinsugna \u00e4ventyrare. Med BNO TRAVEL kan du enkelt planera [&hellip;]<\/p>\n","protected":false},"author":260013438,"featured_media":0,"parent":0,"menu_order":0,"comment_status":"closed","ping_status":"closed","template":"","meta":{"_crdt_document":"","footnotes":""},"class_list":["post-4192","page","type-page","status-publish","hentry"],"jetpack_likes_enabled":true,"jetpack_sharing_enabled":true,"jetpack_shortlink":"https:\/\/wp.me\/PgDuwj-15C","jetpack-related-posts":[{"id":2733,"url":"https:\/\/bno-travel.com\/sv\/upptack-salenfjellet-aret-runt-for-aktiva-semesterfirare\/","url_meta":{"origin":4192,"position":0},"title":"Uppt\u00e4ck S\u00e4lenfjellet - \u00c4ventyret b\u00f6rjar h\u00e4r","author":"Jan Terje \u00c5s","date":"18 juli 2025","format":false,"excerpt":"Uppt\u00e4ck S\u00e4len \u2605\u2605\u2605\u2605\u2605 H\u00e4r hittar du boende i S\u00e4len Uppt\u00e4ck S\u00e4len och S\u00e4lenfjellet, en \u00e5ret-runt-destination som kombinerar fantastisk natur med ett brett utbud av aktiviteter och upplevelser. Med BNO TRAVEL \u00e4r det enkelt och bekv\u00e4mt att resa till S\u00e4len - oavsett om du letar efter sn\u00f6iga vinter\u00e4ventyr eller soliga sommardagar\u2026","rel":"","context":"Liknande inl\u00e4gg","block_context":{"text":"Liknande inl\u00e4gg","link":""},"img":{"alt_text":"","src":"https:\/\/i0.wp.com\/bno-travel.com\/wp-content\/uploads\/2025\/06\/2016JH070404.jpg?resize=350%2C200&ssl=1","width":350,"height":200,"srcset":"https:\/\/i0.wp.com\/bno-travel.com\/wp-content\/uploads\/2025\/06\/2016JH070404.jpg?resize=350%2C200&ssl=1 1x, https:\/\/i0.wp.com\/bno-travel.com\/wp-content\/uploads\/2025\/06\/2016JH070404.jpg?resize=525%2C300&ssl=1 1.5x, https:\/\/i0.wp.com\/bno-travel.com\/wp-content\/uploads\/2025\/06\/2016JH070404.jpg?resize=700%2C400&ssl=1 2x, https:\/\/i0.wp.com\/bno-travel.com\/wp-content\/uploads\/2025\/06\/2016JH070404.jpg?resize=1050%2C600&ssl=1 3x, https:\/\/i0.wp.com\/bno-travel.com\/wp-content\/uploads\/2025\/06\/2016JH070404.jpg?resize=1400%2C800&ssl=1 4x"},"classes":[]},{"id":4199,"url":"https:\/\/bno-travel.com\/sv\/vandring-i-salen\/","url_meta":{"origin":4192,"position":1},"title":"Vandring i S\u00e4len","author":"Jan Terje \u00c5s","date":"18 juli 2025","format":false,"excerpt":"Vandring i S\u00e4len - Fj\u00e4llvandringar, vyer och naturupplevelser f\u00f6r alla V\u00e4lkommen till S\u00e4len - en \u00e5ret-runt-destination k\u00e4nd f\u00f6r skid\u00e5kning p\u00e5 vintern och vackra vandringsupplevelser p\u00e5 sommaren! N\u00e4r sn\u00f6n sm\u00e4lter och fj\u00e4llen blir gr\u00f6na \u00f6ppnar S\u00e4len upp f\u00f6r ett brett utbud av fj\u00e4llvandringar, toppturer och familjev\u00e4nlig vandring i storslagen svensk natur.\u2026","rel":"","context":"Liknande inl\u00e4gg","block_context":{"text":"Liknande inl\u00e4gg","link":""},"img":{"alt_text":"Vandring i Trysil","src":"https:\/\/i0.wp.com\/bno-travel.com\/wp-content\/uploads\/2025\/06\/27930399740_e3e100021e_c.jpg?resize=350%2C200&ssl=1","width":350,"height":200,"srcset":"https:\/\/i0.wp.com\/bno-travel.com\/wp-content\/uploads\/2025\/06\/27930399740_e3e100021e_c.jpg?resize=350%2C200&ssl=1 1x, https:\/\/i0.wp.com\/bno-travel.com\/wp-content\/uploads\/2025\/06\/27930399740_e3e100021e_c.jpg?resize=525%2C300&ssl=1 1.5x, https:\/\/i0.wp.com\/bno-travel.com\/wp-content\/uploads\/2025\/06\/27930399740_e3e100021e_c.jpg?resize=700%2C400&ssl=1 2x"},"classes":[]},{"id":4197,"url":"https:\/\/bno-travel.com\/sv\/restauranger-i-salen\/","url_meta":{"origin":4192,"position":2},"title":"Restauranger i S\u00e4len","author":"Jan Terje \u00c5s","date":"18 juli 2025","format":false,"excerpt":"Restauranger i S\u00e4len - Smakupplevelser \u00e5ret runt S\u00e4len \u00e4r k\u00e4nt f\u00f6r sina fantastiska skid- och cykelm\u00f6jligheter, men destinationen erbjuder ocks\u00e5 ett varierat och smakrikt utbud av restauranger, caf\u00e9er och matst\u00e4llen - \u00e5ret runt. Oavsett om du bes\u00f6ker S\u00e4len p\u00e5 vintern eller sommaren hittar du n\u00e5got som passar b\u00e5de smak och\u2026","rel":"","context":"Liknande inl\u00e4gg","block_context":{"text":"Liknande inl\u00e4gg","link":""},"img":{"alt_text":"Restauranter i S\u00e4len","src":"https:\/\/i0.wp.com\/bno-travel.com\/wp-content\/uploads\/2025\/07\/AdobeStock_206047084.jpeg?resize=350%2C200&ssl=1","width":350,"height":200,"srcset":"https:\/\/i0.wp.com\/bno-travel.com\/wp-content\/uploads\/2025\/07\/AdobeStock_206047084.jpeg?resize=350%2C200&ssl=1 1x, https:\/\/i0.wp.com\/bno-travel.com\/wp-content\/uploads\/2025\/07\/AdobeStock_206047084.jpeg?resize=525%2C300&ssl=1 1.5x, https:\/\/i0.wp.com\/bno-travel.com\/wp-content\/uploads\/2025\/07\/AdobeStock_206047084.jpeg?resize=700%2C400&ssl=1 2x, https:\/\/i0.wp.com\/bno-travel.com\/wp-content\/uploads\/2025\/07\/AdobeStock_206047084.jpeg?resize=1050%2C600&ssl=1 3x, https:\/\/i0.wp.com\/bno-travel.com\/wp-content\/uploads\/2025\/07\/AdobeStock_206047084.jpeg?resize=1400%2C800&ssl=1 4x"},"classes":[]},{"id":4207,"url":"https:\/\/bno-travel.com\/sv\/cykling-i-salen\/","url_meta":{"origin":4192,"position":3},"title":"Cykling i S\u00e4len","author":"Jan Terje \u00c5s","date":"18 juli 2025","format":false,"excerpt":"Cykling i S\u00e4len - Trailcykling i natursk\u00f6na fj\u00e4llmilj\u00f6er V\u00e4lkommen till S\u00e4len - en av Sveriges mest popul\u00e4ra sommardestinationer f\u00f6r mountainbike och cykelupplevelser f\u00f6r hela familjen. H\u00e4r hittar du varierad terr\u00e4ng som passar b\u00e5de nyb\u00f6rjare och erfarna cyklister. Med anlagda leder, naturliga skogsstigar och h\u00f6gfj\u00e4llsterr\u00e4ng \u00e4r S\u00e4len en perfekt destination f\u00f6r\u2026","rel":"","context":"Liknande inl\u00e4gg","block_context":{"text":"Liknande inl\u00e4gg","link":""},"img":{"alt_text":"Sykkel i S\u00e4len","src":"https:\/\/i0.wp.com\/bno-travel.com\/wp-content\/uploads\/2025\/07\/2016JH070360.jpg?resize=350%2C200&ssl=1","width":350,"height":200,"srcset":"https:\/\/i0.wp.com\/bno-travel.com\/wp-content\/uploads\/2025\/07\/2016JH070360.jpg?resize=350%2C200&ssl=1 1x, https:\/\/i0.wp.com\/bno-travel.com\/wp-content\/uploads\/2025\/07\/2016JH070360.jpg?resize=525%2C300&ssl=1 1.5x, https:\/\/i0.wp.com\/bno-travel.com\/wp-content\/uploads\/2025\/07\/2016JH070360.jpg?resize=700%2C400&ssl=1 2x, https:\/\/i0.wp.com\/bno-travel.com\/wp-content\/uploads\/2025\/07\/2016JH070360.jpg?resize=1050%2C600&ssl=1 3x, https:\/\/i0.wp.com\/bno-travel.com\/wp-content\/uploads\/2025\/07\/2016JH070360.jpg?resize=1400%2C800&ssl=1 4x"},"classes":[]},{"id":4381,"url":"https:\/\/bno-travel.com\/sv\/klatterpark-i-trysil\/","url_meta":{"origin":4192,"position":4},"title":"Kl\u00e4tterpark i Trysil","author":"Jan Terje \u00c5s","date":"18 juli 2025","format":false,"excerpt":"Kl\u00e4tterpark i Trysil - Sp\u00e4nning, skicklighet och n\u00f6je f\u00f6r hela familjen V\u00e4lkommen till H\u00f8yt & Lavt H\u00f8yt & Lavt TrysilH\u00f8yt & Lavt Trysil \u00e4r en av Norges mest popul\u00e4ra och moderna kl\u00e4tterparker - mitt i Trysils natursk\u00f6na skogar. H\u00e4r hittar du svindlande ziplines, hinderbanor i tr\u00e4den och utmaningar f\u00f6r b\u00e5de\u2026","rel":"","context":"Liknande inl\u00e4gg","block_context":{"text":"Liknande inl\u00e4gg","link":""},"img":{"alt_text":"Klatrepark i S\u00e4len","src":"https:\/\/i0.wp.com\/bno-travel.com\/wp-content\/uploads\/2025\/06\/43311668904_2a700093da_c.jpg?resize=350%2C200&ssl=1","width":350,"height":200,"srcset":"https:\/\/i0.wp.com\/bno-travel.com\/wp-content\/uploads\/2025\/06\/43311668904_2a700093da_c.jpg?resize=350%2C200&ssl=1 1x, https:\/\/i0.wp.com\/bno-travel.com\/wp-content\/uploads\/2025\/06\/43311668904_2a700093da_c.jpg?resize=525%2C300&ssl=1 1.5x, https:\/\/i0.wp.com\/bno-travel.com\/wp-content\/uploads\/2025\/06\/43311668904_2a700093da_c.jpg?resize=700%2C400&ssl=1 2x"},"classes":[]},{"id":3556,"url":"https:\/\/bno-travel.com\/langrenn-i-salen-perfekt-for-den-aktive-familien\/","url_meta":{"origin":4192,"position":5},"title":"Langrenn i S\u00e4len","author":"Jan Terje \u00c5s","date":"18 juli 2025","format":false,"excerpt":"","rel":"","context":"Liknande inl\u00e4gg","block_context":{"text":"Liknande inl\u00e4gg","link":""},"img":{"alt_text":"","src":"","width":0,"height":0},"classes":[]}],"_links":{"self":[{"href":"https:\/\/bno-travel.com\/sv\/wp-json\/wp\/v2\/pages\/4192","targetHints":{"allow":["GET"]}}],"collection":[{"href":"https:\/\/bno-travel.com\/sv\/wp-json\/wp\/v2\/pages"}],"about":[{"href":"https:\/\/bno-travel.com\/sv\/wp-json\/wp\/v2\/types\/page"}],"author":[{"embeddable":true,"href":"https:\/\/bno-travel.com\/sv\/wp-json\/wp\/v2\/users\/260013438"}],"replies":[{"embeddable":true,"href":"https:\/\/bno-travel.com\/sv\/wp-json\/wp\/v2\/comments?post=4192"}],"version-history":[{"count":3,"href":"https:\/\/bno-travel.com\/sv\/wp-json\/wp\/v2\/pages\/4192\/revisions"}],"predecessor-version":[{"id":5277,"href":"https:\/\/bno-travel.com\/sv\/wp-json\/wp\/v2\/pages\/4192\/revisions\/5277"}],"wp:attachment":[{"href":"https:\/\/bno-travel.com\/sv\/wp-json\/wp\/v2\/media?parent=4192"}],"curies":[{"name":"wp","href":"https:\/\/api.w.org\/{rel}","templated":true}]}}