{"id":4224,"date":"2025-07-18T20:51:11","date_gmt":"2025-07-18T18:51:11","guid":{"rendered":"https:\/\/bno-travel.com\/?page_id=4224"},"modified":"2025-07-18T20:51:36","modified_gmt":"2025-07-18T18:51:36","slug":"snoskotrar-i-salen","status":"publish","type":"page","link":"https:\/\/bno-travel.com\/sv\/snoskotrar-i-salen\/","title":{"rendered":"Sn\u00f6skotrar i S\u00e4len"},"content":{"rendered":"\n<p class=\"wp-block-paragraph\"><\/p>\n\n<div class=\"wp-block-cover alignfull\" style=\"margin-top:0;margin-bottom:0;padding-top:var(--wp--preset--spacing--20);padding-right:var(--wp--preset--spacing--40);padding-bottom:var(--wp--preset--spacing--20);padding-left:var(--wp--preset--spacing--40);min-height:946px;aspect-ratio:unset;\"><img data-recalc-dims=\"1\" fetchpriority=\"high\" decoding=\"async\" width=\"800\" height=\"534\" class=\"wp-block-cover__image-background wp-image-3280 size-large\" alt=\"Sn\u00f8scooter i Trysil\" src=\"https:\/\/i0.wp.com\/bno-travel.com\/wp-content\/uploads\/2025\/07\/10000-4718.jpg?resize=800%2C534&#038;ssl=1\" style=\"object-position:49% 68%\" data-object-fit=\"cover\" data-object-position=\"49% 68%\" srcset=\"https:\/\/i0.wp.com\/bno-travel.com\/wp-content\/uploads\/2025\/07\/10000-4718.jpg?resize=1024%2C683&amp;ssl=1 1024w, https:\/\/i0.wp.com\/bno-travel.com\/wp-content\/uploads\/2025\/07\/10000-4718.jpg?resize=300%2C200&amp;ssl=1 300w, https:\/\/i0.wp.com\/bno-travel.com\/wp-content\/uploads\/2025\/07\/10000-4718.jpg?resize=768%2C512&amp;ssl=1 768w, https:\/\/i0.wp.com\/bno-travel.com\/wp-content\/uploads\/2025\/07\/10000-4718.jpg?resize=1536%2C1024&amp;ssl=1 1536w, https:\/\/i0.wp.com\/bno-travel.com\/wp-content\/uploads\/2025\/07\/10000-4718.jpg?resize=2048%2C1365&amp;ssl=1 2048w, https:\/\/i0.wp.com\/bno-travel.com\/wp-content\/uploads\/2025\/07\/10000-4718.jpg?w=1600&amp;ssl=1 1600w, https:\/\/i0.wp.com\/bno-travel.com\/wp-content\/uploads\/2025\/07\/10000-4718.jpg?w=2400&amp;ssl=1 2400w\" sizes=\"(max-width: 800px) 100vw, 800px\" \/><span aria-hidden=\"true\" class=\"wp-block-cover__background has-theme-1-background-color has-background-dim-30 has-background-dim\"><\/span><div class=\"wp-block-cover__inner-container is-layout-flow wp-block-cover-is-layout-flow\">\n<div style=\"height:var(--wp--preset--spacing--50)\" aria-hidden=\"true\" class=\"wp-block-spacer\"><\/div>\n\n\n\n<div class=\"wp-block-group is-layout-constrained wp-block-group-is-layout-constrained\">\n<p class=\"has-text-align-center wp-block-paragraph\"><\/p>\n<\/div>\n\n\n\n<div style=\"height:var(--wp--preset--spacing--50)\" aria-hidden=\"true\" class=\"wp-block-spacer\"><\/div>\n<\/div><\/div>\n\n<div class=\"wp-block-group alignfull is-style-section-3 is-layout-constrained wp-block-group-is-layout-constrained\" style=\"margin-top:0;margin-bottom:0;padding-top:var(--wp--preset--spacing--40);padding-bottom:var(--wp--preset--spacing--40)\">\n<div class=\"wp-block-columns alignwide are-vertically-aligned-center is-layout-flex wp-container-core-columns-is-layout-d9ad523d wp-block-columns-is-layout-flex\">\n<div class=\"wp-block-column is-vertically-aligned-center is-layout-flow wp-block-column-is-layout-flow\">\n<figure class=\"wp-block-image size-full\"><img data-recalc-dims=\"1\" decoding=\"async\" width=\"800\" height=\"533\" src=\"https:\/\/i0.wp.com\/bno-travel.com\/wp-content\/uploads\/2025\/07\/10001-4713.jpg?resize=800%2C533&#038;ssl=1\" alt=\"Sn&#xF6;skotrar i S&#xE4;len\" class=\"wp-image-3618\" style=\"aspect-ratio:3\/4;object-fit:cover\" title=\"titel\" srcset=\"https:\/\/i0.wp.com\/bno-travel.com\/wp-content\/uploads\/2025\/07\/10001-4713.jpg?w=4413&amp;ssl=1 4413w, https:\/\/i0.wp.com\/bno-travel.com\/wp-content\/uploads\/2025\/07\/10001-4713.jpg?resize=300%2C200&amp;ssl=1 300w, https:\/\/i0.wp.com\/bno-travel.com\/wp-content\/uploads\/2025\/07\/10001-4713.jpg?resize=1024%2C683&amp;ssl=1 1024w, https:\/\/i0.wp.com\/bno-travel.com\/wp-content\/uploads\/2025\/07\/10001-4713.jpg?resize=768%2C512&amp;ssl=1 768w, https:\/\/i0.wp.com\/bno-travel.com\/wp-content\/uploads\/2025\/07\/10001-4713.jpg?resize=1536%2C1024&amp;ssl=1 1536w, https:\/\/i0.wp.com\/bno-travel.com\/wp-content\/uploads\/2025\/07\/10001-4713.jpg?resize=2048%2C1365&amp;ssl=1 2048w, https:\/\/i0.wp.com\/bno-travel.com\/wp-content\/uploads\/2025\/07\/10001-4713.jpg?w=1600&amp;ssl=1 1600w, https:\/\/i0.wp.com\/bno-travel.com\/wp-content\/uploads\/2025\/07\/10001-4713.jpg?w=2400&amp;ssl=1 2400w\" sizes=\"(max-width: 800px) 100vw, 800px\" \/><\/figure>\n<\/div>\n\n\n\n<div class=\"wp-block-column is-vertically-aligned-center is-content-justification-left is-layout-constrained wp-container-core-column-is-layout-b64f6bf5 wp-block-column-is-layout-constrained\">\n<p class=\"wp-block-paragraph\"><\/p>\n\n\n\n<h2 class=\"wp-block-heading\"><strong>Sn\u00f6skoter\u00e5kning i S\u00e4len - Fartfyllda \u00e4ventyr i \u00e4kta svensk fj\u00e4llnatur<\/strong><\/h2>\n\n\n\n<p class=\"wp-block-paragraph\">V\u00e4lkommen till <strong>S\u00e4len<\/strong> - en av Sveriges mest popul\u00e4ra vinterdestinationer, d\u00e4r du inte bara kan \u00e5ka skidor utan \u00e4ven uppleva <strong>adrenalin och frihet p\u00e5 sn\u00f6skoter<\/strong>! H\u00e4r hittar du <strong>godk\u00e4nda skoterleder<\/strong>, vacker fj\u00e4llnatur och m\u00f6jlighet att f\u00f6lja med p\u00e5 <strong>guidade turer<\/strong> i trygga och natursk\u00f6na omgivningar.<\/p>\n\n\n\n<p class=\"wp-block-paragraph\">Oavsett om du \u00e4r ute efter <strong>sp\u00e4nning, utsikt eller bara vill prova n\u00e5got nytt<\/strong> \u00e4r skoter\u00e5kning i S\u00e4len det perfekta alternativet till skid\u00e5kning och snowboard - och en upplevelse du sent kommer att gl\u00f6mma.<\/p>\n\n\n\n<p class=\"wp-block-paragraph\"><strong>Planera din sn\u00f6skoterresa med BNO TRAVEL<\/strong><\/p>\n\n\n\n<p class=\"wp-block-paragraph\">P\u00e5 <strong>BNO TRAVEL<\/strong> hj\u00e4lper vi dig att <strong>planera hela din upplevelse<\/strong> - fr\u00e5n boende och skoteruthyrning till guide och transport. Du f\u00e5r ett komplett paket som \u00e4r skr\u00e4ddarsytt efter dina behov, s\u00e5 att du kan fokusera p\u00e5 en sak: att njuta av din resa. <\/p>\n\n\n\n<p class=\"wp-block-paragraph\"><strong>Tre sp\u00e4nnande omr\u00e5den att utforska med sn\u00f6skoter i och runt S\u00e4len<\/strong><\/p>\n\n\n\n<ol class=\"wp-block-list\">\n<li><strong>\u00d6stra Tand\u00e5dalen och Myrflodammen<\/strong><br\/>\u00c5k genom \u00f6ppna fj\u00e4llomr\u00e5den och sn\u00f6t\u00e4ckta skogar med fantastisk utsikt \u00f6ver S\u00e4lenfj\u00e4llen. En popul\u00e4r startpunkt f\u00f6r b\u00e5de korta och l\u00e4ngre skoterturer. <\/li>\n\n\n\n<li><strong>Lima och Transtrand<\/strong><br\/>Varierad terr\u00e4ng med markerade skoterleder som passar b\u00e5de nyb\u00f6rjare och erfarna \u00e5kare. H\u00e4r f\u00e5r du naturupplevelser n\u00e4ra de svenska h\u00f6gfj\u00e4llen. <\/li>\n\n\n\n<li><strong>S\u00e4lenfj\u00e4llen runt Hundfj\u00e4llet och H\u00f6gfj\u00e4llet<\/strong><br\/>Organiserade guidade turer genom vinterlandskapet med m\u00f6jlighet till fikapauser, fotografering och en helhetsupplevelse av naturen. Perfekt f\u00f6r dig som vill kombinera skid\u00e5kning och \u00e4ventyr. <\/li>\n<\/ol>\n\n\n\n<p class=\"wp-block-paragraph\"><strong>Boka din skoterupplevelse i S\u00e4len redan idag och g\u00f6r din vintersemester \u00e4nnu mer of\u00f6rgl\u00f6mlig.<\/strong><\/p>\n<\/div>\n<\/div>\n<\/div>\n\n<div class=\"wp-block-group alignfull is-style-default is-content-justification-center is-layout-constrained wp-container-core-group-is-layout-69af11d0 wp-block-group-is-layout-constrained\" style=\"margin-top:0;margin-bottom:0;padding-top:var(--wp--preset--spacing--40);padding-bottom:var(--wp--preset--spacing--40)\">\n<div class=\"wp-block-group alignwide is-content-justification-left is-layout-constrained wp-container-core-group-is-layout-54d22900 wp-block-group-is-layout-constrained\">\n<p class=\"wp-block-paragraph\">Sn\u00f6skoterturer och <a href=\"https:\/\/www.salenskoter.com\/\" target=\"_blank\" rel=\"noopener\">sn\u00f6skoteruthyrning<\/a><\/p>\n\n\n\n<p class=\"wp-block-paragraph\">Du kan v\u00e4lja mellan:<\/p>\n\n\n\n<ul class=\"wp-block-list\">\n<li><strong>Guidade turer p\u00e5 1-4 timmar,<\/strong> med lokala guider som tar dig genom jungfruliga sl\u00e4tter och tysta skogar<\/li>\n<\/ul>\n\n\n\n<ul class=\"wp-block-list\">\n<li><strong>Heldagsupplevelser<\/strong> med matpauser vid utsiktsplatser som Storfj\u00e4llsgraven - inklusive lunch<\/li>\n\n\n\n<li><strong>Sj\u00e4lvk\u00f6rande sn\u00f6skoteruthyrning<\/strong> p\u00e5 mer \u00e4n 40 mil preparerade sn\u00f6skoterleder - perfekt f\u00f6r dem som vill utforska p\u00e5 egen hand<\/li>\n\n\n\n<li><strong>Kombinationspaket<\/strong> som inkluderar isfiske, vildmarkslunch eller stugboende l\u00e4ngs v\u00e4gen<\/li>\n<\/ul>\n\n\n\n<p class=\"wp-block-paragraph\"><\/p>\n<\/div>\n<\/div>\n\n<div class=\"wp-block-group alignfull is-content-justification-center is-layout-constrained wp-block-group-is-layout-constrained\" style=\"margin-top:0;margin-bottom:0;padding-top:var(--wp--preset--spacing--40);padding-bottom:var(--wp--preset--spacing--40)\">\n<div class=\"wp-block-columns alignwide are-vertically-aligned-center is-layout-flex wp-container-core-columns-is-layout-7387b849 wp-block-columns-is-layout-flex\">\n<div class=\"wp-block-column is-vertically-aligned-center is-content-justification-left is-layout-constrained wp-container-core-column-is-layout-b64f6bf5 wp-block-column-is-layout-constrained\">\n<h2 class=\"wp-block-heading has-xx-large-font-size\">Fakta om sn\u00f6skoterupplevelser i S\u00e4len<\/h2>\n\n\n\n<p class=\"wp-block-paragraph\">S\u00e4len \u00e4r inte bara k\u00e4nt f\u00f6r sina skidbackar och l\u00e4ngdskidsp\u00e5r - omr\u00e5det erbjuder ocks\u00e5 <strong>lagliga, markerade sk<\/strong> oterleder och sp\u00e4nnande skoterupplevelser genom <strong>fj\u00e4ll, skog och vinterlandskap<\/strong>. Detta \u00e4r en unik m\u00f6jlighet att uppleva de svenska fj\u00e4llen p\u00e5 ett <strong>fartfyllt och naturligt s\u00e4tt.<\/strong> <\/p>\n\n\n\n<p class=\"wp-block-paragraph\">H\u00e4r \u00e4r n\u00e5gra h\u00f6jdpunkter:<\/p>\n\n\n\n<ul class=\"wp-block-list\">\n<li><strong>\u00d6ver 200 km skyltade skoterleder<\/strong> i S\u00e4len med omnejd<\/li>\n\n\n\n<li><strong>Guidade turer med erfarna scooterf\u00f6rare<\/strong> och lokala guider<\/li>\n\n\n\n<li><strong>Sn\u00f6skoteruthyrning<\/strong> f\u00f6r b\u00e5de dag- och helguthyrning<\/li>\n\n\n\n<li><strong>S\u00e4kra och organiserade rutter<\/strong> i skogar, \u00f6ver myrar och berg<\/li>\n\n\n\n<li><strong>Nyb\u00f6rjarv\u00e4nligt<\/strong>, men med alternativ f\u00f6r erfarna f\u00f6rare<\/li>\n\n\n\n<li><strong>Passageraralternativ<\/strong>, perfekt f\u00f6r par eller f\u00f6r\u00e4ldrar med barn<\/li>\n<\/ul>\n\n\n\n<p class=\"wp-block-paragraph\">All k\u00f6rning sker p\u00e5 <strong>godk\u00e4nda sn\u00f6skoterleder<\/strong> och <strong>s\u00e4kerhetsutrustning ing\u00e5r<\/strong> i hyran. <strong>F\u00f6r bil<\/strong> kr\u00e4vs giltigt <strong>k\u00f6rkort (klass B)<\/strong> och om du vill k\u00f6ra sj\u00e4lv f\u00e5r du en utbildning innan resan b\u00f6rjar. <\/p>\n\n\n\n<p class=\"wp-block-paragraph\"><strong>S\u00e4len - mer \u00e4n bara skid\u00e5kning<\/strong><\/p>\n\n\n\n<p class=\"wp-block-paragraph\">Sn\u00f6skoter\u00e5kning \u00e4r ett sp\u00e4nnande s\u00e4tt att utforska bergen - antingen som ett alternativ till skid\u00e5kning eller som ett <strong>fartfyllt komplement till din vintersemester<\/strong>. Turerna kombinerar <strong>sp\u00e4nning, naturupplevelser och en riktig bergsk\u00e4nsla<\/strong>. Efter turen kan du koppla av i <strong>bastun, njuta av lokal mat eller mysa framf\u00f6r den \u00f6ppna spisen<\/strong> i stugan.  <\/p>\n\n\n\n<p class=\"wp-block-paragraph\"><strong>Boka din sn\u00f6skoterupplevelse i S\u00e4len med BNO TRAVEL och g\u00f6r din vintersemester komplett med fart och vildmarksk\u00e4nsla!<\/strong><\/p>\n\n\n\n<p class=\"wp-block-paragraph\"><\/p>\n\n\n\n<p class=\"wp-block-paragraph\"><strong>Boka din skoterupplevelse i S\u00e4len redan idag - och g\u00f6r din vintersemester komplett med fart och vildmarksk\u00e4nsla!<\/strong><\/p>\n<\/div>\n\n\n\n<div class=\"wp-block-column is-vertically-aligned-center is-layout-flow wp-block-column-is-layout-flow\">\n<figure class=\"wp-block-image size-full\"><img data-recalc-dims=\"1\" decoding=\"async\" width=\"800\" height=\"533\" src=\"https:\/\/i0.wp.com\/bno-travel.com\/wp-content\/uploads\/2025\/07\/10000-5116.jpg?resize=800%2C533&#038;ssl=1\" alt=\"Sn&#xF6;skoter BNO TRAVEL\" class=\"wp-image-3637\" style=\"aspect-ratio:3\/4;object-fit:cover\" srcset=\"https:\/\/i0.wp.com\/bno-travel.com\/wp-content\/uploads\/2025\/07\/10000-5116.jpg?w=5074&amp;ssl=1 5074w, https:\/\/i0.wp.com\/bno-travel.com\/wp-content\/uploads\/2025\/07\/10000-5116.jpg?resize=300%2C200&amp;ssl=1 300w, https:\/\/i0.wp.com\/bno-travel.com\/wp-content\/uploads\/2025\/07\/10000-5116.jpg?resize=1024%2C683&amp;ssl=1 1024w, https:\/\/i0.wp.com\/bno-travel.com\/wp-content\/uploads\/2025\/07\/10000-5116.jpg?resize=768%2C512&amp;ssl=1 768w, https:\/\/i0.wp.com\/bno-travel.com\/wp-content\/uploads\/2025\/07\/10000-5116.jpg?resize=1536%2C1024&amp;ssl=1 1536w, https:\/\/i0.wp.com\/bno-travel.com\/wp-content\/uploads\/2025\/07\/10000-5116.jpg?resize=2048%2C1365&amp;ssl=1 2048w, https:\/\/i0.wp.com\/bno-travel.com\/wp-content\/uploads\/2025\/07\/10000-5116.jpg?w=1600&amp;ssl=1 1600w, https:\/\/i0.wp.com\/bno-travel.com\/wp-content\/uploads\/2025\/07\/10000-5116.jpg?w=2400&amp;ssl=1 2400w\" sizes=\"(max-width: 800px) 100vw, 800px\" \/><\/figure>\n<\/div>\n<\/div>\n<\/div>\n\n<div class=\"wp-block-group alignfull is-style-default is-content-justification-center is-layout-constrained wp-container-core-group-is-layout-69af11d0 wp-block-group-is-layout-constrained\" style=\"margin-top:0;margin-bottom:0;padding-top:var(--wp--preset--spacing--40);padding-bottom:var(--wp--preset--spacing--40)\">\n<div class=\"wp-block-group alignfull is-content-justification-center is-layout-constrained wp-container-core-group-is-layout-4853c3a7 wp-block-group-is-layout-constrained\" style=\"margin-top:0;margin-bottom:0;padding-top:calc( 0.5 * var(u002du002dwpu002du002dstyleu002du002drootu002du002dpadding-right, var(u002du002dwpu002du002dcustomu002du002dgapu002du002dhorizontal)));padding-right:var(u002du002dwpu002du002dstyleu002du002drootu002du002dpadding-right, var(u002du002dwpu002du002dcustomu002du002dgapu002du002dhorizontal));padding-bottom:calc( 0.5 * var(u002du002dwpu002du002dstyleu002du002drootu002du002dpadding-right, var(u002du002dwpu002du002dcustomu002du002dgapu002du002dhorizontal)));padding-left:var(u002du002dwpu002du002dstyleu002du002drootu002du002dpadding-left, var(u002du002dwpu002du002dcustomu002du002dgapu002du002dhorizontal))\">\n<div style=\"height:calc( 0.25 * var(u002du002dwpu002du002dstyleu002du002drootu002du002dpadding-right, var(u002du002dwpu002du002dcustomu002du002dgapu002du002dhorizontal)))\" aria-hidden=\"true\" class=\"wp-block-spacer\"><\/div>\n\n\n\n<div class=\"wp-block-columns alignwide is-layout-flex wp-container-core-columns-is-layout-7387b849 wp-block-columns-is-layout-flex\">\n<div class=\"wp-block-column is-vertically-aligned-center is-layout-flow wp-block-column-is-layout-flow\">\n<figure class=\"wp-block-image size-full\"><img data-recalc-dims=\"1\" decoding=\"async\" src=\"https:\/\/i0.wp.com\/bno-travel.com\/wp-content\/uploads\/2025\/07\/IMG_3633-%E2%80%93-Kopi.jpg?w=800&#038;ssl=1\" alt=\"Rum 726 kombinerat med sn&#xF6;skoter\" class=\"wp-image-3324\" style=\"aspect-ratio:3\/4;object-fit:cover\"\/><\/figure>\n<\/div>\n\n\n\n<div class=\"wp-block-column is-vertically-aligned-center is-layout-flow wp-block-column-is-layout-flow\">\n<p class=\"has-text-align-left wp-block-paragraph\">Unikt boende i Norge i kombination med sn\u00f6skoter\u00e5kning (Kommer snart)<\/p>\n\n\n\n<p class=\"wp-block-paragraph\">Snart kan du uppleva n\u00e5got helt unikt i Engerdal! <strong>Room 726<\/strong> \u00e4r en ny och exklusiv boendeupplevelse som kommer att finnas tillg\u00e4nglig f\u00f6r uthyrning - mitt i naturen och precis vid skoterlederna. Det h\u00e4r \u00e4r hotellrum ute i vildmarken d\u00e4r du kombinerar komfort med verklig n\u00e4rhet till naturen. <\/p>\n\n\n\n<p class=\"wp-block-paragraph\">H\u00e4r f\u00e5r du <strong>hotellstandard med eget badrum, mjuka s\u00e4ngar, bastu och utsikt \u00f6ver skogen<\/strong> samt direkt tillg\u00e5ng till skoterleder och vinter\u00e4ventyr. Perfekt f\u00f6r dig som vill uppleva fj\u00e4llen p\u00e5 ett annorlunda s\u00e4tt - oavsett om du reser med flickv\u00e4nnen, v\u00e4nnerna eller bara vill koppla av. <\/p>\n\n\n\n<p class=\"has-text-align-left wp-block-paragraph\">Med <strong>rum 726<\/strong> f\u00e5r du lugn, lyx och en \u00e4kta vildmarksk\u00e4nsla i ett och samma paket. Snart kan du boka detta mycket speciella rum via BNO TRAVEL - och uppleva Engerdal p\u00e5 ett s\u00e4tt som du aldrig kommer att gl\u00f6mma. <\/p>\n\n\n\n<p class=\"has-text-align-left wp-block-paragraph\">Planera din sn\u00f6skoterresa med BNO TRAVEL<\/p>\n\n\n\n<p class=\"wp-block-paragraph\">BNO TRAVEL skr\u00e4ddarsyr sn\u00f6skoterupplevelser f\u00f6r individer, par, familjer och grupper. Vi hj\u00e4lper dig att boka sn\u00f6skoter, guide och <a href=\"https:\/\/bno-travel.com\/sv\/?page_id=2738\">boende<\/a> - och du kan vara s\u00e4ker p\u00e5 att vi \u00e4r redo att hj\u00e4lpa dig. <\/p>\n\n\n\n<p class=\"has-text-align-left wp-block-paragraph\"><\/p>\n<\/div>\n<\/div>\n\n\n\n<div style=\"height:calc( 0.25 * var(u002du002dwpu002du002dstyleu002du002drootu002du002dpadding-right, var(u002du002dwpu002du002dcustomu002du002dgapu002du002dhorizontal)))\" aria-hidden=\"true\" class=\"wp-block-spacer\"><\/div>\n<\/div>\n\n\n\n<div class=\"wp-block-group alignwide is-content-justification-left is-layout-constrained wp-container-core-group-is-layout-54d22900 wp-block-group-is-layout-constrained\"><\/div>\n<\/div>\n\n<div class=\"wp-block-group alignfull is-style-default is-content-justification-center is-layout-constrained wp-container-core-group-is-layout-cdf99998 wp-block-group-is-layout-constrained\" style=\"margin-top:0;margin-bottom:0;padding-top:var(--wp--preset--spacing--40);padding-bottom:var(--wp--preset--spacing--40)\"><\/div>\n\n<p class=\"wp-block-paragraph\"><\/p>\n","protected":false},"excerpt":{"rendered":"<p>Sn\u00f6skoter\u00e5kning i S\u00e4len - Fartfyllda \u00e4ventyr i \u00e4kta svensk fj\u00e4llnatur V\u00e4lkommen till S\u00e4len - en av Sveriges mest popul\u00e4ra vinterdestinationer, d\u00e4r du inte bara kan \u00e5ka skidor utan \u00e4ven uppleva adrenalin och frihet p\u00e5 sn\u00f6skoter! H\u00e4r hittar du godk\u00e4nda skoterleder, vacker fj\u00e4llnatur och m\u00f6jlighet att f\u00f6lja med p\u00e5 guidade turer i trygga och natursk\u00f6na omgivningar. [&hellip;]<\/p>\n","protected":false},"author":260013438,"featured_media":0,"parent":0,"menu_order":0,"comment_status":"closed","ping_status":"closed","template":"","meta":{"_crdt_document":"","footnotes":""},"class_list":["post-4224","page","type-page","status-publish","hentry"],"jetpack_likes_enabled":true,"jetpack_sharing_enabled":true,"jetpack_shortlink":"https:\/\/wp.me\/PgDuwj-168","jetpack-related-posts":[{"id":2733,"url":"https:\/\/bno-travel.com\/sv\/upptack-salenfjellet-aret-runt-for-aktiva-semesterfirare\/","url_meta":{"origin":4224,"position":0},"title":"Uppt\u00e4ck S\u00e4lenfjellet - \u00c4ventyret b\u00f6rjar h\u00e4r","author":"Jan Terje \u00c5s","date":"18 juli 2025","format":false,"excerpt":"Uppt\u00e4ck S\u00e4len \u2605\u2605\u2605\u2605\u2605 H\u00e4r hittar du boende i S\u00e4len Uppt\u00e4ck S\u00e4len och S\u00e4lenfjellet, en \u00e5ret-runt-destination som kombinerar fantastisk natur med ett brett utbud av aktiviteter och upplevelser. Med BNO TRAVEL \u00e4r det enkelt och bekv\u00e4mt att resa till S\u00e4len - oavsett om du letar efter sn\u00f6iga vinter\u00e4ventyr eller soliga sommardagar\u2026","rel":"","context":"Liknande inl\u00e4gg","block_context":{"text":"Liknande inl\u00e4gg","link":""},"img":{"alt_text":"","src":"https:\/\/i0.wp.com\/bno-travel.com\/wp-content\/uploads\/2025\/06\/2016JH070404.jpg?resize=350%2C200&ssl=1","width":350,"height":200,"srcset":"https:\/\/i0.wp.com\/bno-travel.com\/wp-content\/uploads\/2025\/06\/2016JH070404.jpg?resize=350%2C200&ssl=1 1x, https:\/\/i0.wp.com\/bno-travel.com\/wp-content\/uploads\/2025\/06\/2016JH070404.jpg?resize=525%2C300&ssl=1 1.5x, https:\/\/i0.wp.com\/bno-travel.com\/wp-content\/uploads\/2025\/06\/2016JH070404.jpg?resize=700%2C400&ssl=1 2x, https:\/\/i0.wp.com\/bno-travel.com\/wp-content\/uploads\/2025\/06\/2016JH070404.jpg?resize=1050%2C600&ssl=1 3x, https:\/\/i0.wp.com\/bno-travel.com\/wp-content\/uploads\/2025\/06\/2016JH070404.jpg?resize=1400%2C800&ssl=1 4x"},"classes":[]},{"id":4388,"url":"https:\/\/bno-travel.com\/sv\/snoskotrar-i-trysil\/","url_meta":{"origin":4224,"position":1},"title":"Sn\u00f6skotrar i Trysil","author":"Jan Terje \u00c5s","date":"11 oktober 2025","format":false,"excerpt":"Sn\u00f6skoter\u00e5kning i Trysil och Engerdal - fartfyllda \u00e4ventyr i vild norsk natur V\u00e4lkommen till Trysil och Engerdal - tv\u00e5 av Norges vackraste sn\u00f6skoteromr\u00e5den, d\u00e4r du kan uppleva ett riktigt vinter\u00e4ventyr p\u00e5 sn\u00f6skoter! H\u00e4r finns miltals med skyltade leder, professionella guidade turer och m\u00f6jlighet att hyra en sn\u00f6skoter f\u00f6r en dag\u2026","rel":"","context":"Liknande inl\u00e4gg","block_context":{"text":"Liknande inl\u00e4gg","link":""},"img":{"alt_text":"Room 726 kombinert med sn\u00f8scooter","src":"https:\/\/i0.wp.com\/bno-travel.com\/wp-content\/uploads\/2025\/07\/IMG_3633-%E2%80%93-Kopi.jpg?resize=350%2C200&ssl=1","width":350,"height":200,"srcset":"https:\/\/i0.wp.com\/bno-travel.com\/wp-content\/uploads\/2025\/07\/IMG_3633-%E2%80%93-Kopi.jpg?resize=350%2C200&ssl=1 1x, https:\/\/i0.wp.com\/bno-travel.com\/wp-content\/uploads\/2025\/07\/IMG_3633-%E2%80%93-Kopi.jpg?resize=525%2C300&ssl=1 1.5x, https:\/\/i0.wp.com\/bno-travel.com\/wp-content\/uploads\/2025\/07\/IMG_3633-%E2%80%93-Kopi.jpg?resize=700%2C400&ssl=1 2x, https:\/\/i0.wp.com\/bno-travel.com\/wp-content\/uploads\/2025\/07\/IMG_3633-%E2%80%93-Kopi.jpg?resize=1050%2C600&ssl=1 3x, https:\/\/i0.wp.com\/bno-travel.com\/wp-content\/uploads\/2025\/07\/IMG_3633-%E2%80%93-Kopi.jpg?resize=1400%2C800&ssl=1 4x"},"classes":[]},{"id":3556,"url":"https:\/\/bno-travel.com\/langrenn-i-salen-perfekt-for-den-aktive-familien\/","url_meta":{"origin":4224,"position":2},"title":"Langrenn i S\u00e4len","author":"Jan Terje \u00c5s","date":"18 juli 2025","format":false,"excerpt":"","rel":"","context":"Liknande inl\u00e4gg","block_context":{"text":"Liknande inl\u00e4gg","link":""},"img":{"alt_text":"","src":"","width":0,"height":0},"classes":[]},{"id":2633,"url":"https:\/\/bno-travel.com\/oppdag-salen-familiens-feriefavoritt-i-sverige\/","url_meta":{"origin":4224,"position":3},"title":"Oppdag S\u00e4lenfjellet \u2013 Eventyret starter her","author":"Jan Terje \u00c5s","date":"18 juli 2025","format":false,"excerpt":"Oppdag S\u00e4len Hel\u00e5rsdestinasjonen for gode opplevelser, aktivitet og minner i naturen Oppdag S\u00e4len og S\u00e4lenfjellet, en destinasjon der vintereventyr, sommerdager i fjellet og roligere naturopplevelser m\u00f8tes i samme reise. Med BNO Travel blir det enklere \u00e5 planlegge opphold, aktiviteter og opplevelser \u2013 med naturen i sentrum. Oppdag S\u00e4len Se aktiviteter\u2026","rel":"","context":"Liknande inl\u00e4gg","block_context":{"text":"Liknande inl\u00e4gg","link":""},"img":{"alt_text":"","src":"","width":0,"height":0},"classes":[]},{"id":28637,"url":"https:\/\/bno-travel.com\/overnatting-i-salen\/","url_meta":{"origin":4224,"position":4},"title":"overnatting-i-salen","author":"Jan Terje \u00c5s","date":"4 april 2026","format":false,"excerpt":"Destinasjon \u00b7 S\u00e4len Overnatting i S\u00e4len med tilgang til omr\u00e5dene som passer best for oppholdet ditt Utforsk omr\u00e5der i S\u00e4len som Lindvallen, Tand\u00e5dalen, H\u00f6gfj\u00e4llet og Hundfj\u00e4llet \u2013 og finn et opphold som gir riktig balanse mellom beliggenhet, natur og aktiviteter. Se omr\u00e5der i S\u00e4len Oppdag S\u00e4len Finn riktig omr\u00e5de for\u2026","rel":"","context":"Liknande inl\u00e4gg","block_context":{"text":"Liknande inl\u00e4gg","link":""},"img":{"alt_text":"","src":"","width":0,"height":0},"classes":[]},{"id":2875,"url":"https:\/\/bno-travel.com\/is\/uppgotvadu-salenfjellet-allt-arid-um-kring-fyrir-virka-ferdamenn\/","url_meta":{"origin":4224,"position":5},"title":"Uppg\u00f6tva\u00f0u S\u00e4lenfjellet \u2013 \u00c6vint\u00fdri\u00f0 byrjar h\u00e9r","author":"Jan Terje \u00c5s","date":"18 juli 2025","format":false,"excerpt":"Uppg\u00f6tva\u00f0u Salen \u2605 \u2605 \u2605 \u2605 \u2605 H\u00e9r finnur \u00fe\u00fa gistingu \u00ed S\u00e4len Uppg\u00f6tva\u00f0u S\u00e4len og S\u00e4lenfjellet , \u00e1fangasta\u00f0 sem er opinn allt \u00e1ri\u00f0 um kring og sameinar st\u00f3rkostlega n\u00e1tt\u00faru me\u00f0 fj\u00f6lbreyttu \u00farvali af af\u00fereyingu og upplifunum. Me\u00f0 BNO TRAVEL ver\u00f0ur fer\u00f0 \u00fe\u00edn til S\u00e4len au\u00f0veld og \u00fe\u00e6gileg \u2013 hvort\u2026","rel":"","context":"Liknande inl\u00e4gg","block_context":{"text":"Liknande inl\u00e4gg","link":""},"img":{"alt_text":"","src":"https:\/\/i0.wp.com\/bno-travel.com\/wp-content\/uploads\/2025\/06\/2016JH070404.jpg?resize=350%2C200&ssl=1","width":350,"height":200,"srcset":"https:\/\/i0.wp.com\/bno-travel.com\/wp-content\/uploads\/2025\/06\/2016JH070404.jpg?resize=350%2C200&ssl=1 1x, https:\/\/i0.wp.com\/bno-travel.com\/wp-content\/uploads\/2025\/06\/2016JH070404.jpg?resize=525%2C300&ssl=1 1.5x, https:\/\/i0.wp.com\/bno-travel.com\/wp-content\/uploads\/2025\/06\/2016JH070404.jpg?resize=700%2C400&ssl=1 2x, https:\/\/i0.wp.com\/bno-travel.com\/wp-content\/uploads\/2025\/06\/2016JH070404.jpg?resize=1050%2C600&ssl=1 3x, https:\/\/i0.wp.com\/bno-travel.com\/wp-content\/uploads\/2025\/06\/2016JH070404.jpg?resize=1400%2C800&ssl=1 4x"},"classes":[]}],"_links":{"self":[{"href":"https:\/\/bno-travel.com\/sv\/wp-json\/wp\/v2\/pages\/4224","targetHints":{"allow":["GET"]}}],"collection":[{"href":"https:\/\/bno-travel.com\/sv\/wp-json\/wp\/v2\/pages"}],"about":[{"href":"https:\/\/bno-travel.com\/sv\/wp-json\/wp\/v2\/types\/page"}],"author":[{"embeddable":true,"href":"https:\/\/bno-travel.com\/sv\/wp-json\/wp\/v2\/users\/260013438"}],"replies":[{"embeddable":true,"href":"https:\/\/bno-travel.com\/sv\/wp-json\/wp\/v2\/comments?post=4224"}],"version-history":[{"count":2,"href":"https:\/\/bno-travel.com\/sv\/wp-json\/wp\/v2\/pages\/4224\/revisions"}],"predecessor-version":[{"id":4827,"href":"https:\/\/bno-travel.com\/sv\/wp-json\/wp\/v2\/pages\/4224\/revisions\/4827"}],"wp:attachment":[{"href":"https:\/\/bno-travel.com\/sv\/wp-json\/wp\/v2\/media?parent=4224"}],"curies":[{"name":"wp","href":"https:\/\/api.w.org\/{rel}","templated":true}]}}