{"id":4227,"date":"2025-07-18T20:52:57","date_gmt":"2025-07-18T18:52:57","guid":{"rendered":"https:\/\/bno-travel.com\/?page_id=4227"},"modified":"2025-07-18T20:53:03","modified_gmt":"2025-07-18T18:53:03","slug":"vandring-i-trysil","status":"publish","type":"page","link":"https:\/\/bno-travel.com\/sv\/vandring-i-trysil\/","title":{"rendered":"Vandring i Trysil"},"content":{"rendered":"\n<p class=\"wp-block-paragraph\"><\/p>\n\n<div class=\"wp-block-cover alignfull\" style=\"margin-top:0;margin-bottom:0;padding-top:var(--wp--preset--spacing--20);padding-right:var(--wp--preset--spacing--40);padding-bottom:var(--wp--preset--spacing--20);padding-left:var(--wp--preset--spacing--40);min-height:965px;aspect-ratio:unset;\"><img data-recalc-dims=\"1\" fetchpriority=\"high\" decoding=\"async\" width=\"799\" height=\"534\" class=\"wp-block-cover__image-background wp-image-2382 size-full\" alt=\"Vandring i Trysil Skagsvola - en herlig vandretur for hele familien.\" src=\"https:\/\/i0.wp.com\/bno-travel.com\/wp-content\/uploads\/2025\/06\/28177379886_c8a50193b0_c.jpg?resize=799%2C534&#038;ssl=1\" style=\"object-position:53% 63%\" data-object-fit=\"cover\" data-object-position=\"53% 63%\" srcset=\"https:\/\/i0.wp.com\/bno-travel.com\/wp-content\/uploads\/2025\/06\/28177379886_c8a50193b0_c.jpg?w=799&amp;ssl=1 799w, https:\/\/i0.wp.com\/bno-travel.com\/wp-content\/uploads\/2025\/06\/28177379886_c8a50193b0_c.jpg?resize=300%2C201&amp;ssl=1 300w, https:\/\/i0.wp.com\/bno-travel.com\/wp-content\/uploads\/2025\/06\/28177379886_c8a50193b0_c.jpg?resize=768%2C513&amp;ssl=1 768w\" sizes=\"(max-width: 799px) 100vw, 799px\" \/><span aria-hidden=\"true\" class=\"wp-block-cover__background has-theme-1-background-color has-background-dim-30 has-background-dim\"><\/span><div class=\"wp-block-cover__inner-container is-layout-flow wp-block-cover-is-layout-flow\">\n<div style=\"height:var(--wp--preset--spacing--50)\" aria-hidden=\"true\" class=\"wp-block-spacer\"><\/div>\n\n\n\n<div style=\"height:var(--wp--preset--spacing--50)\" aria-hidden=\"true\" class=\"wp-block-spacer\"><\/div>\n<\/div><\/div>\n\n<div class=\"wp-block-group alignfull is-style-section-3 is-layout-constrained wp-block-group-is-layout-constrained\" style=\"margin-top:0;margin-bottom:0;padding-top:var(--wp--preset--spacing--40);padding-bottom:var(--wp--preset--spacing--40)\">\n<div class=\"wp-block-columns alignwide are-vertically-aligned-center is-layout-flex wp-container-core-columns-is-layout-d9ad523d wp-block-columns-is-layout-flex\">\n<div class=\"wp-block-column is-vertically-aligned-center is-layout-flow wp-block-column-is-layout-flow\">\n<figure class=\"wp-block-image size-full\"><img data-recalc-dims=\"1\" decoding=\"async\" width=\"799\" height=\"534\" src=\"https:\/\/i0.wp.com\/bno-travel.com\/wp-content\/uploads\/2025\/06\/27930399740_e3e100021e_c.jpg?resize=799%2C534&#038;ssl=1\" alt=\"Vandring i Trysil\" class=\"wp-image-2369\" style=\"aspect-ratio:3\/4;object-fit:cover\" title=\"titel\" srcset=\"https:\/\/i0.wp.com\/bno-travel.com\/wp-content\/uploads\/2025\/06\/27930399740_e3e100021e_c.jpg?w=799&amp;ssl=1 799w, https:\/\/i0.wp.com\/bno-travel.com\/wp-content\/uploads\/2025\/06\/27930399740_e3e100021e_c.jpg?resize=300%2C201&amp;ssl=1 300w, https:\/\/i0.wp.com\/bno-travel.com\/wp-content\/uploads\/2025\/06\/27930399740_e3e100021e_c.jpg?resize=768%2C513&amp;ssl=1 768w\" sizes=\"(max-width: 799px) 100vw, 799px\" \/><\/figure>\n<\/div>\n\n\n\n<div class=\"wp-block-column is-vertically-aligned-center is-content-justification-left is-layout-constrained wp-container-core-column-is-layout-b64f6bf5 wp-block-column-is-layout-constrained\">\n<p class=\"wp-block-paragraph\"><\/p>\n\n\n\n<h2 class=\"wp-block-heading\">Vandring i Trysil - Fantastiska vandringar, toppar och naturupplevelser<\/h2>\n\n\n\n<p class=\"wp-block-paragraph\">V\u00e4lkommen till Trysil - en \u00e5ret-runt-destination som erbjuder mycket mer \u00e4n sn\u00f6 och skid\u00e5kning! N\u00e4r bergen blir gr\u00f6na och luften varm \u00f6ppnar Trysil upp f\u00f6r ett brett utbud av <strong>vandringar, toppturer och sp\u00e4nnande naturupplevelser<\/strong>. Oavsett om du letar efter en <a href=\"https:\/\/www.trysil.com\/fjelltur\/turtilbudet-i-trysil\/\" target=\"_blank\" rel=\"noopener\">lugn promenad i skogen, en familjev\u00e4nlig stavjakt eller en utmanande topptur med spektakul\u00e4r utsikt,<\/a> har Trysil det du beh\u00f6ver.  <\/p>\n\n\n\n<p class=\"wp-block-paragraph\">Med <strong>BNO TRAVEL<\/strong> som din lokala partner kan du enkelt planera ditt bergs\u00e4ventyr. Vi hj\u00e4lper dig med boende, restips och aktivitetspaket - allt anpassat efter dina \u00f6nskem\u00e5l f\u00f6r en minnesv\u00e4rd semester i bergen. skapar b\u00e5de goda minnen och sann gemenskap.  <\/p>\n\n\n\n<p class=\"wp-block-paragraph\">Stolpjakt i Trysil<\/p>\n\n\n\n<p class=\"wp-block-paragraph\">En rolig aktivitet med l\u00e5g tr\u00f6skel f\u00f6r hela familjen \u00e4r <strong>Stolpejakten i Trysil<\/strong>. H\u00e4r kombineras en naturupplevelse med orientering och en utmaning. En karta och app visar var stolparna \u00e4r placerade - i centrum, i skogen eller p\u00e5 fj\u00e4llet. Du v\u00e4ljer din egen takt och aktiviteten passar lika bra f\u00f6r barn som f\u00f6r vuxna.   <\/p>\n\n\n\n<p class=\"wp-block-paragraph\">Stolpjakten \u00e4r kostnadsfri, tillg\u00e4nglig under hela sommarhalv\u00e5ret och ger dig m\u00f6jlighet att uppt\u00e4cka nya delar av Trysil som du kanske inte annars hade bes\u00f6kt. Perfekt som en aktivitet mellan andra utflykter! <\/p>\n\n\n\n<div class=\"wp-block-buttons is-layout-flex wp-block-buttons-is-layout-flex\"><\/div>\n<\/div>\n<\/div>\n<\/div>\n\n<div class=\"wp-block-group alignfull is-style-default is-content-justification-center is-layout-constrained wp-container-core-group-is-layout-69af11d0 wp-block-group-is-layout-constrained\" style=\"margin-top:0;margin-bottom:0;padding-top:var(--wp--preset--spacing--40);padding-bottom:var(--wp--preset--spacing--40)\">\n<div class=\"wp-block-group alignwide is-content-justification-left is-layout-constrained wp-container-core-group-is-layout-54d22900 wp-block-group-is-layout-constrained\">\n<div class=\"wp-block-buttons is-layout-flex wp-block-buttons-is-layout-flex\"><\/div>\n<\/div>\n<\/div>\n\n<div class=\"wp-block-group alignfull is-content-justification-center is-layout-constrained wp-block-group-is-layout-constrained\" style=\"margin-top:0;margin-bottom:0;padding-top:var(--wp--preset--spacing--40);padding-bottom:var(--wp--preset--spacing--40)\">\n<div class=\"wp-block-columns alignwide are-vertically-aligned-center is-layout-flex wp-container-core-columns-is-layout-7387b849 wp-block-columns-is-layout-flex\">\n<div class=\"wp-block-column is-vertically-aligned-center is-content-justification-left is-layout-constrained wp-container-core-column-is-layout-b64f6bf5 wp-block-column-is-layout-constrained\">\n<h2 class=\"wp-block-heading has-xx-large-font-size\">Fakta om vandring i Trysil<\/h2>\n\n\n\n<p class=\"wp-block-paragraph\">Trysil \u00e4r k\u00e4nt f\u00f6r sin omv\u00e4xlande och l\u00e4ttillg\u00e4ngliga natur. H\u00e4r hittar du: <\/p>\n\n\n\n<ul class=\"wp-block-list\">\n<li>\u00d6ver <strong>100 kilometer markerade vandringsleder<\/strong><\/li>\n\n\n\n<li>Flera v\u00e4lk\u00e4nda <strong>toppturer<\/strong>, till exempel Trysilfjellet (1.132 meter \u00f6ver havet), Skagsvola och L\u00e6geret<\/li>\n\n\n\n<li>Familjev\u00e4nliga v\u00e4gar, b\u00e4nkar och picknickplatser<\/li>\n\n\n\n<li>Fantastiska utsiktsplatser, vattenfall och bergssj\u00f6ar<\/li>\n\n\n\n<li>Bra skyltning, kartor och beskrivningar av turer<\/li>\n<\/ul>\n\n\n\n<p class=\"wp-block-paragraph\">Turerna \u00e4r l\u00e4mpliga f\u00f6r alla niv\u00e5er - fr\u00e5n nyb\u00f6rjare till erfarna vandrare. M\u00e5nga av lederna har startpunkter precis intill boenden eller parkeringsplatser, vilket g\u00f6r det enkelt att komma ig\u00e5ng utan l\u00e5nga resor. <\/p>\n\n\n\n<p class=\"wp-block-paragraph\">Topp 3 vandringar i Trysil<\/p>\n\n\n\n<p class=\"wp-block-paragraph\">1. Trysilfjellet (1132 meter \u00f6ver havet)<\/p>\n\n\n\n<p class=\"wp-block-paragraph\">Fr\u00e5n Trysil Turistsenter g\u00e5r det en tydligt markerad stig hela v\u00e4gen till toppen. Vandringen tar 1-2 timmar \u00e5t vardera h\u00e5llet och bel\u00f6nar dig med panoramautsikt \u00f6ver berg och skog. L\u00e4mplig f\u00f6r b\u00e5de vuxna och barn som \u00e4r vana vid vandring.  <\/p>\n\n\n\n<p class=\"wp-block-paragraph\">2. Skagsvola<\/p>\n\n\n\n<p class=\"wp-block-paragraph\">Det h\u00e4r \u00e4r en spektakul\u00e4r vandring som tar dig till kanten av branta klippor med utsikt \u00f6ver Engerdalfj\u00e4llen och Trysil\u00e4lven. Vandringen startar vid Fulufjellet och tar cirka 2-3 timmar tur och retur. <\/p>\n\n\n\n<p class=\"wp-block-paragraph\">3. Medicinsk lagstiftning<\/p>\n\n\n\n<p class=\"wp-block-paragraph\">En familjev\u00e4nlig vandring fr\u00e5n Trysil H\u00f8yfjellssenter. Stigen slingrar sig genom skogen och upp till en h\u00e4rlig utsiktsplats med picknickb\u00e4nk och informationstavla. Vandringen \u00e4r perfekt f\u00f6r en lugn eftermiddag.  <\/p>\n\n\n\n<div class=\"wp-block-buttons is-layout-flex wp-block-buttons-is-layout-flex\"><\/div>\n<\/div>\n\n\n\n<div class=\"wp-block-column is-vertically-aligned-center is-layout-flow wp-block-column-is-layout-flow\">\n<figure class=\"wp-block-image size-full\"><img data-recalc-dims=\"1\" decoding=\"async\" width=\"799\" height=\"533\" src=\"https:\/\/i0.wp.com\/bno-travel.com\/wp-content\/uploads\/2025\/06\/30949653687_c4216d72e9_c.jpg?resize=799%2C533&#038;ssl=1\" alt=\"Vandring i Trysil\" class=\"wp-image-2408\" style=\"aspect-ratio:3\/4;object-fit:cover\" srcset=\"https:\/\/i0.wp.com\/bno-travel.com\/wp-content\/uploads\/2025\/06\/30949653687_c4216d72e9_c.jpg?w=799&amp;ssl=1 799w, https:\/\/i0.wp.com\/bno-travel.com\/wp-content\/uploads\/2025\/06\/30949653687_c4216d72e9_c.jpg?resize=300%2C200&amp;ssl=1 300w, https:\/\/i0.wp.com\/bno-travel.com\/wp-content\/uploads\/2025\/06\/30949653687_c4216d72e9_c.jpg?resize=768%2C512&amp;ssl=1 768w\" sizes=\"(max-width: 799px) 100vw, 799px\" \/><\/figure>\n<\/div>\n<\/div>\n<\/div>\n\n<div class=\"wp-block-group alignfull is-style-default is-content-justification-center is-layout-constrained wp-container-core-group-is-layout-69af11d0 wp-block-group-is-layout-constrained\" style=\"margin-top:0;margin-bottom:0;padding-top:var(--wp--preset--spacing--40);padding-bottom:var(--wp--preset--spacing--40)\">\n<div class=\"wp-block-group alignfull is-content-justification-center is-layout-constrained wp-container-core-group-is-layout-4853c3a7 wp-block-group-is-layout-constrained\" style=\"margin-top:0;margin-bottom:0;padding-top:calc( 0.5 * var(u002du002dwpu002du002dstyleu002du002drootu002du002dpadding-right, var(u002du002dwpu002du002dcustomu002du002dgapu002du002dhorizontal)));padding-right:var(u002du002dwpu002du002dstyleu002du002drootu002du002dpadding-right, var(u002du002dwpu002du002dcustomu002du002dgapu002du002dhorizontal));padding-bottom:calc( 0.5 * var(u002du002dwpu002du002dstyleu002du002drootu002du002dpadding-right, var(u002du002dwpu002du002dcustomu002du002dgapu002du002dhorizontal)));padding-left:var(u002du002dwpu002du002dstyleu002du002drootu002du002dpadding-left, var(u002du002dwpu002du002dcustomu002du002dgapu002du002dhorizontal))\">\n<div style=\"height:calc( 0.25 * var(u002du002dwpu002du002dstyleu002du002drootu002du002dpadding-right, var(u002du002dwpu002du002dcustomu002du002dgapu002du002dhorizontal)))\" aria-hidden=\"true\" class=\"wp-block-spacer\"><\/div>\n\n\n\n<div class=\"wp-block-columns alignwide is-layout-flex wp-container-core-columns-is-layout-7387b849 wp-block-columns-is-layout-flex\">\n<div class=\"wp-block-column is-vertically-aligned-center is-layout-flow wp-block-column-is-layout-flow\">\n<figure class=\"wp-block-image size-full\"><img data-recalc-dims=\"1\" loading=\"lazy\" decoding=\"async\" width=\"799\" height=\"533\" src=\"https:\/\/i0.wp.com\/bno-travel.com\/wp-content\/uploads\/2025\/06\/30949654317_6b7658a402_c.jpg?resize=799%2C533&#038;ssl=1\" alt=\"\" class=\"wp-image-2395\" style=\"aspect-ratio:3\/4;object-fit:cover\" srcset=\"https:\/\/i0.wp.com\/bno-travel.com\/wp-content\/uploads\/2025\/06\/30949654317_6b7658a402_c.jpg?w=799&amp;ssl=1 799w, https:\/\/i0.wp.com\/bno-travel.com\/wp-content\/uploads\/2025\/06\/30949654317_6b7658a402_c.jpg?resize=300%2C200&amp;ssl=1 300w, https:\/\/i0.wp.com\/bno-travel.com\/wp-content\/uploads\/2025\/06\/30949654317_6b7658a402_c.jpg?resize=768%2C512&amp;ssl=1 768w\" sizes=\"(max-width: 799px) 100vw, 799px\" \/><\/figure>\n<\/div>\n\n\n\n<div class=\"wp-block-column is-vertically-aligned-center is-layout-flow wp-block-column-is-layout-flow\">\n<p class=\"has-text-align-left wp-block-paragraph\">Sommaraktiviteter i Trysil - mer \u00e4n bara vandring<\/p>\n\n\n\n<p class=\"wp-block-paragraph\">Trysil erbjuder m\u00e5nga sp\u00e4nnande aktiviteter under sommaren. H\u00e4r \u00e4r n\u00e5gra tips p\u00e5 vad du kan kombinera med din vandring: <\/p>\n\n\n\n<ul class=\"wp-block-list\">\n<li><a href=\"https:\/\/www.trysil.com\/stisykling\/gullia\/\" target=\"_blank\" rel=\"noopener\"><strong>Trysil Bike Arena\/Gullia<\/strong><\/a>: Ett av Norges b\u00e4sta stigcyklingsomr\u00e5den - med stigar f\u00f6r alla niv\u00e5er<\/li>\n\n\n\n<li><strong><a href=\"https:\/\/bno-travel.com\/sv\/?page_id=4381\">Kl\u00e4tterpark och zipline<\/a><\/strong>: Kul f\u00f6r hela familjen, precis vid turistcentret<\/li>\n\n\n\n<li><strong>Golf:<\/strong> Spela p\u00e5 den vackra <a href=\"https:\/\/bno-travel.com\/sv\/?page_id=4395\">golfbanan Trysilfjellet Golf Course<\/a>, med fantastisk utsikt<\/li>\n\n\n\n<li><strong>Kanot och kajak<\/strong>: Paddla i Trysil\u00e4lven eller lugna fj\u00e4llsj\u00f6ar<\/li>\n\n\n\n<li><strong>Fiske<\/strong>: Trysil har m\u00e5nga bra fiskevatten, b\u00e5de f\u00f6r flugfiske och trolling.<\/li>\n<\/ul>\n\n\n\n<p class=\"wp-block-paragraph\">Med andra ord kan du fylla hela veckan med aktiviteter, eller kombinera vandring med avkoppling och v\u00e4lbefinnande i bergen.<\/p>\n\n\n\n<hr class=\"wp-block-separator has-alpha-channel-opacity\"\/>\n\n\n\n<p class=\"wp-block-paragraph\">Boende i Trysil<\/p>\n\n\n\n<p class=\"wp-block-paragraph\">Oavsett om du vill bo vid sp\u00e5rhuvudet, n\u00e4ra stadens centrum eller med utsikt \u00f6ver bergen - BNO TRAVEL har <a href=\"https:\/\/bno-travel.com\/sv\/?page_id=2738\">boendealternativ <\/a>f\u00f6r alla behov. Vi erbjuder: <\/p>\n\n\n\n<ul class=\"wp-block-list\">\n<li><strong>Stugor och l\u00e4genheter<\/strong> med direkt tillg\u00e5ng till vandringsleder<\/li>\n\n\n\n<li><strong>Fj\u00e4llstugor<\/strong> i rofyllda omgivningar p\u00e5 High Mountain Centre<\/li>\n\n\n\n<li>Boende med k\u00f6k, uteplats och bra faciliteter<\/li>\n<\/ul>\n\n\n\n<p class=\"wp-block-paragraph\">Vi skr\u00e4ddarsyr l\u00f6sningar f\u00f6r par, barnfamiljer och kompisg\u00e4ng och hj\u00e4lper g\u00e4rna till med f\u00f6rslag p\u00e5 vandringsleder och aktiviteter. Att tillbringa din semester i Trysil p\u00e5 sommaren erbjuder en prisv\u00e4rd aktivitetssemester f\u00f6r hela familjen.   <\/p>\n\n\n\n<hr class=\"wp-block-separator has-alpha-channel-opacity\"\/>\n\n\n\n<p class=\"wp-block-paragraph\">Planera din fj\u00e4llsemester med BNO TRAVEL<\/p>\n\n\n\n<p class=\"wp-block-paragraph\">Trysil \u00e4r ett vandrarparadis - fyllt av kontraster, naturupplevelser och aktiviteter f\u00f6r alla \u00e5ldrar. Med <strong>BNO TRAVEL<\/strong> f\u00e5r du ett tryggt, personligt och flexibelt s\u00e4tt att planera din semester. <\/p>\n\n\n\n<p class=\"wp-block-paragraph\">Vi k\u00e4nner till berget - och vi hj\u00e4lper dig att uppleva det p\u00e5 b\u00e4sta m\u00f6jliga s\u00e4tt.<\/p>\n\n\n\n<p class=\"wp-block-paragraph\"><strong>Boka din fj\u00e4llresa till Trysil idag - och uppt\u00e4ck en ny sida av Norges st\u00f6rsta fj\u00e4lldestination!<\/strong><\/p>\n\n\n\n<div class=\"wp-block-buttons is-content-justification-center is-layout-flex wp-container-core-buttons-is-layout-3e41869c wp-block-buttons-is-layout-flex\"><\/div>\n<\/div>\n<\/div>\n\n\n\n<div style=\"height:calc( 0.25 * var(u002du002dwpu002du002dstyleu002du002drootu002du002dpadding-right, var(u002du002dwpu002du002dcustomu002du002dgapu002du002dhorizontal)))\" aria-hidden=\"true\" class=\"wp-block-spacer\"><\/div>\n<\/div>\n\n\n\n<div class=\"wp-block-group alignwide is-content-justification-left is-layout-constrained wp-container-core-group-is-layout-54d22900 wp-block-group-is-layout-constrained\">\n<div class=\"wp-block-buttons is-layout-flex wp-block-buttons-is-layout-flex\"><\/div>\n<\/div>\n<\/div>\n\n<div class=\"wp-block-group alignfull is-style-default is-content-justification-center is-layout-constrained wp-container-core-group-is-layout-cdf99998 wp-block-group-is-layout-constrained\" style=\"margin-top:0;margin-bottom:0;padding-top:var(--wp--preset--spacing--40);padding-bottom:var(--wp--preset--spacing--40)\"><\/div>\n\n<p class=\"wp-block-paragraph\"><\/p>\n","protected":false},"excerpt":{"rendered":"<p>Vandring i Trysil - Fantastiska vandringar, toppar och naturupplevelser V\u00e4lkommen till Trysil - en \u00e5ret-runt-destination som erbjuder mycket mer \u00e4n sn\u00f6 och skid\u00e5kning! N\u00e4r bergen blir gr\u00f6na och luften varm \u00f6ppnar Trysil upp f\u00f6r ett brett utbud av vandringar, toppturer och sp\u00e4nnande naturupplevelser. Oavsett om du letar efter en lugn promenad i skogen, en familjev\u00e4nlig [&hellip;]<\/p>\n","protected":false},"author":260013438,"featured_media":0,"parent":0,"menu_order":0,"comment_status":"closed","ping_status":"closed","template":"","meta":{"_crdt_document":"","footnotes":""},"class_list":["post-4227","page","type-page","status-publish","hentry"],"jetpack_likes_enabled":true,"jetpack_sharing_enabled":true,"jetpack_shortlink":"https:\/\/wp.me\/PgDuwj-16b","jetpack-related-posts":[{"id":4190,"url":"https:\/\/bno-travel.com\/da\/vandring-i-trysil\/","url_meta":{"origin":4227,"position":0},"title":"Vandring i Trysil","author":"Jan Terje \u00c5s","date":"18 juli 2025","format":false,"excerpt":"Vandring i Trysil - Fantastiske vandreture, tinder og naturoplevelser Velkommen til Trysil - en hel\u00e5rsdestination, der byder p\u00e5 langt mere end sne og skil\u00f8b! N\u00e5r bjergene bliver gr\u00f8nne, og luften er varm, \u00e5bner Trysil op for en bred vifte af vandreture, topture og sp\u00e6ndende naturoplevelser. Uanset om du er p\u00e5\u2026","rel":"","context":"Liknande inl\u00e4gg","block_context":{"text":"Liknande inl\u00e4gg","link":""},"img":{"alt_text":"Vandring i Trysil","src":"https:\/\/i0.wp.com\/bno-travel.com\/wp-content\/uploads\/2025\/06\/27930399740_e3e100021e_c.jpg?resize=350%2C200&ssl=1","width":350,"height":200,"srcset":"https:\/\/i0.wp.com\/bno-travel.com\/wp-content\/uploads\/2025\/06\/27930399740_e3e100021e_c.jpg?resize=350%2C200&ssl=1 1x, https:\/\/i0.wp.com\/bno-travel.com\/wp-content\/uploads\/2025\/06\/27930399740_e3e100021e_c.jpg?resize=525%2C300&ssl=1 1.5x, https:\/\/i0.wp.com\/bno-travel.com\/wp-content\/uploads\/2025\/06\/27930399740_e3e100021e_c.jpg?resize=700%2C400&ssl=1 2x"},"classes":[]},{"id":3359,"url":"https:\/\/bno-travel.com\/vandring-i-trysil-perfekt-for-hele-familien\/","url_meta":{"origin":4227,"position":1},"title":"Vandring i Trysil","author":"Jan Terje \u00c5s","date":"18 juli 2025","format":false,"excerpt":"Vandring i Trysil Fantastiske turer, toppturer og naturopplevelser i fjellet \u2013 fra rolige skogsstier til utsiktspunkter du sent vil glemme N\u00e5r sn\u00f8en slipper taket og fjellet blir gr\u00f8nt, viser Trysil en ny side av seg selv. Her venter merkede stier, familievennlige turer, toppturer med stor utsikt og lavterskelaktiviteter som gj\u00f8r\u2026","rel":"","context":"Liknande inl\u00e4gg","block_context":{"text":"Liknande inl\u00e4gg","link":""},"img":{"alt_text":"","src":"","width":0,"height":0},"classes":[]},{"id":2746,"url":"https:\/\/bno-travel.com\/sv\/upptack-trysil-aret-runt-for-aktiva-semesterfirare\/","url_meta":{"origin":4227,"position":2},"title":"Uppt\u00e4ck Trysil: \u00c5ret runt f\u00f6r aktiva semesterfirare","author":"Jan Terje \u00c5s","date":"18 juli 2025","format":false,"excerpt":"Upplevelse Trysil \u2605\u2605\u2605\u2605\u2605 H\u00e4r hittar du boende i Trysil Trysil \u00e4r inte bara Norges st\u00f6rsta skiddestination - det \u00e4r ocks\u00e5 ett paradis \u00e5ret runt f\u00f6r aktiva g\u00e4ster, familjer och natur\u00e4lskare. Oavsett om du bes\u00f6ker berget f\u00f6r hastighet och sp\u00e4nning, avkoppling eller kvalitetstid f\u00f6r familjen, hittar du upplevelser som passar dig.\u2026","rel":"","context":"Liknande inl\u00e4gg","block_context":{"text":"Liknande inl\u00e4gg","link":""},"img":{"alt_text":"Opplev Trysil","src":"https:\/\/i0.wp.com\/bno-travel.com\/wp-content\/uploads\/2025\/07\/20.06.19_Dronebilder-Sentrum_FULLSIZE-2.jpg?resize=350%2C200&ssl=1","width":350,"height":200,"srcset":"https:\/\/i0.wp.com\/bno-travel.com\/wp-content\/uploads\/2025\/07\/20.06.19_Dronebilder-Sentrum_FULLSIZE-2.jpg?resize=350%2C200&ssl=1 1x, https:\/\/i0.wp.com\/bno-travel.com\/wp-content\/uploads\/2025\/07\/20.06.19_Dronebilder-Sentrum_FULLSIZE-2.jpg?resize=525%2C300&ssl=1 1.5x, https:\/\/i0.wp.com\/bno-travel.com\/wp-content\/uploads\/2025\/07\/20.06.19_Dronebilder-Sentrum_FULLSIZE-2.jpg?resize=700%2C400&ssl=1 2x, https:\/\/i0.wp.com\/bno-travel.com\/wp-content\/uploads\/2025\/07\/20.06.19_Dronebilder-Sentrum_FULLSIZE-2.jpg?resize=1050%2C600&ssl=1 3x, https:\/\/i0.wp.com\/bno-travel.com\/wp-content\/uploads\/2025\/07\/20.06.19_Dronebilder-Sentrum_FULLSIZE-2.jpg?resize=1400%2C800&ssl=1 4x"},"classes":[]},{"id":2727,"url":"https:\/\/bno-travel.com\/sv\/trysil-hogfjallscenter\/","url_meta":{"origin":4227,"position":3},"title":"Trysil h\u00f6gfj\u00e4llscenter","author":"Jan Terje \u00c5s","date":"18 juli 2025","format":false,"excerpt":"Trysil H\u00f8yfjellssenter - Fager\u00e5sen V\u00e4lkommen till f\u00f6rstklassig fj\u00e4llfrid och skidupplevelser! BNO TRAVEL ger dig tillg\u00e5ng till bekv\u00e4ma stugor och l\u00e4genheter p\u00e5 Trysil H\u00f8yfjellssenter \/ Fager\u00e5sen, k\u00e4nt f\u00f6r sitt sn\u00f6s\u00e4kra l\u00e4ge, familjev\u00e4nliga atmosf\u00e4r och panoramautsikt \u00f6ver Trysilfjellet. V\u00e5ra erbjudanden p\u00e5 Fager\u00e5sen \/ Trysil H\u00f8yfjellssenter: Skidor in\/skidor ut: Direkt tillg\u00e5ng till l\u00e4ngdskid\u00e5kning\u2026","rel":"","context":"Liknande inl\u00e4gg","block_context":{"text":"Liknande inl\u00e4gg","link":""},"img":{"alt_text":"Fager\u00e5sen og Trysil H\u00f8yfjellssenter ","src":"https:\/\/i0.wp.com\/bno-travel.com\/wp-content\/uploads\/2025\/07\/10001-Fagerasen1122_006.jpg?resize=350%2C200&ssl=1","width":350,"height":200,"srcset":"https:\/\/i0.wp.com\/bno-travel.com\/wp-content\/uploads\/2025\/07\/10001-Fagerasen1122_006.jpg?resize=350%2C200&ssl=1 1x, https:\/\/i0.wp.com\/bno-travel.com\/wp-content\/uploads\/2025\/07\/10001-Fagerasen1122_006.jpg?resize=525%2C300&ssl=1 1.5x, https:\/\/i0.wp.com\/bno-travel.com\/wp-content\/uploads\/2025\/07\/10001-Fagerasen1122_006.jpg?resize=700%2C400&ssl=1 2x, https:\/\/i0.wp.com\/bno-travel.com\/wp-content\/uploads\/2025\/07\/10001-Fagerasen1122_006.jpg?resize=1050%2C600&ssl=1 3x, https:\/\/i0.wp.com\/bno-travel.com\/wp-content\/uploads\/2025\/07\/10001-Fagerasen1122_006.jpg?resize=1400%2C800&ssl=1 4x"},"classes":[]},{"id":2836,"url":"https:\/\/bno-travel.com\/da\/oplev-trysil-hele-aret-rundt-for-aktive-feriegaester\/","url_meta":{"origin":4227,"position":4},"title":"Oplev Trysil: Hele \u00e5ret rundt for aktive ferieg\u00e6ster","author":"Jan Terje \u00c5s","date":"18 juli 2025","format":false,"excerpt":"Oplev Trysil \u2605\u2605\u2605\u2605\u2605 Her finder du overnatningsmuligheder i Trysil Trysil er ikke kun Norges st\u00f8rste skidestination - det er ogs\u00e5 et paradis for aktive g\u00e6ster, familier og naturelskere \u00e5ret rundt. Uanset om du bes\u00f8ger bjerget for at f\u00e5 fart og sp\u00e6nding, afslapning eller kvalitetstid med familien, vil du finde oplevelser,\u2026","rel":"","context":"Liknande inl\u00e4gg","block_context":{"text":"Liknande inl\u00e4gg","link":""},"img":{"alt_text":"","src":"https:\/\/i0.wp.com\/bno-travel.com\/wp-content\/uploads\/2025\/06\/2016JH070404.jpg?resize=350%2C200&ssl=1","width":350,"height":200,"srcset":"https:\/\/i0.wp.com\/bno-travel.com\/wp-content\/uploads\/2025\/06\/2016JH070404.jpg?resize=350%2C200&ssl=1 1x, https:\/\/i0.wp.com\/bno-travel.com\/wp-content\/uploads\/2025\/06\/2016JH070404.jpg?resize=525%2C300&ssl=1 1.5x, https:\/\/i0.wp.com\/bno-travel.com\/wp-content\/uploads\/2025\/06\/2016JH070404.jpg?resize=700%2C400&ssl=1 2x, https:\/\/i0.wp.com\/bno-travel.com\/wp-content\/uploads\/2025\/06\/2016JH070404.jpg?resize=1050%2C600&ssl=1 3x, https:\/\/i0.wp.com\/bno-travel.com\/wp-content\/uploads\/2025\/06\/2016JH070404.jpg?resize=1400%2C800&ssl=1 4x"},"classes":[]},{"id":4395,"url":"https:\/\/bno-travel.com\/sv\/golf-i-trysil\/","url_meta":{"origin":4227,"position":5},"title":"Golf i Trysil","author":"Jan Terje \u00c5s","date":"18 juli 2025","format":false,"excerpt":"Golf i Trysil och Engerdal - Spela med utsikt \u00f6ver berg, skogar och tystnad V\u00e4lkommen till Trysil och Engerdal - ett riktigt golfparadis i natursk\u00f6na omgivningar! H\u00e4r hittar du v\u00e4lsk\u00f6tta banor, spektakul\u00e4ra vyer och rofyllda omgivningar som g\u00f6r golfupplevelsen till n\u00e5got alldeles extra. Oavsett om du \u00e4r en erfaren golfare\u2026","rel":"","context":"Liknande inl\u00e4gg","block_context":{"text":"Liknande inl\u00e4gg","link":""},"img":{"alt_text":"Golf i Trysil","src":"https:\/\/i0.wp.com\/bno-travel.com\/wp-content\/uploads\/2025\/06\/18670754034_e10bf74a7e_c.jpg?resize=350%2C200&ssl=1","width":350,"height":200,"srcset":"https:\/\/i0.wp.com\/bno-travel.com\/wp-content\/uploads\/2025\/06\/18670754034_e10bf74a7e_c.jpg?resize=350%2C200&ssl=1 1x, https:\/\/i0.wp.com\/bno-travel.com\/wp-content\/uploads\/2025\/06\/18670754034_e10bf74a7e_c.jpg?resize=525%2C300&ssl=1 1.5x"},"classes":[]}],"_links":{"self":[{"href":"https:\/\/bno-travel.com\/sv\/wp-json\/wp\/v2\/pages\/4227","targetHints":{"allow":["GET"]}}],"collection":[{"href":"https:\/\/bno-travel.com\/sv\/wp-json\/wp\/v2\/pages"}],"about":[{"href":"https:\/\/bno-travel.com\/sv\/wp-json\/wp\/v2\/types\/page"}],"author":[{"embeddable":true,"href":"https:\/\/bno-travel.com\/sv\/wp-json\/wp\/v2\/users\/260013438"}],"replies":[{"embeddable":true,"href":"https:\/\/bno-travel.com\/sv\/wp-json\/wp\/v2\/comments?post=4227"}],"version-history":[{"count":2,"href":"https:\/\/bno-travel.com\/sv\/wp-json\/wp\/v2\/pages\/4227\/revisions"}],"predecessor-version":[{"id":4907,"href":"https:\/\/bno-travel.com\/sv\/wp-json\/wp\/v2\/pages\/4227\/revisions\/4907"}],"wp:attachment":[{"href":"https:\/\/bno-travel.com\/sv\/wp-json\/wp\/v2\/media?parent=4227"}],"curies":[{"name":"wp","href":"https:\/\/api.w.org\/{rel}","templated":true}]}}