{"id":4233,"date":"2025-07-18T20:52:27","date_gmt":"2025-07-18T18:52:27","guid":{"rendered":"https:\/\/bno-travel.com\/?page_id=4233"},"modified":"2025-07-18T20:52:34","modified_gmt":"2025-07-18T18:52:34","slug":"spa-och-bad-i-trysil","status":"publish","type":"page","link":"https:\/\/bno-travel.com\/sv\/spa-och-bad-i-trysil\/","title":{"rendered":"Spa och bad i Trysil"},"content":{"rendered":"\n<p class=\"wp-block-paragraph\"><\/p>\n\n<div class=\"wp-block-cover alignfull\" style=\"margin-top:0;margin-bottom:0;padding-top:var(--wp--preset--spacing--20);padding-right:var(--wp--preset--spacing--40);padding-bottom:var(--wp--preset--spacing--20);padding-left:var(--wp--preset--spacing--40);min-height:953px;aspect-ratio:unset;\"><img data-recalc-dims=\"1\" fetchpriority=\"high\" decoding=\"async\" width=\"799\" height=\"616\" class=\"wp-block-cover__image-background wp-image-3469 size-full\" alt=\"Spa og bad i Trysil\" src=\"https:\/\/i0.wp.com\/bno-travel.com\/wp-content\/uploads\/2025\/07\/52199820901_706171c188_c.jpg?resize=799%2C616&#038;ssl=1\" style=\"object-position:51% 84%\" data-object-fit=\"cover\" data-object-position=\"51% 84%\" srcset=\"https:\/\/i0.wp.com\/bno-travel.com\/wp-content\/uploads\/2025\/07\/52199820901_706171c188_c.jpg?w=799&amp;ssl=1 799w, https:\/\/i0.wp.com\/bno-travel.com\/wp-content\/uploads\/2025\/07\/52199820901_706171c188_c.jpg?resize=300%2C231&amp;ssl=1 300w, https:\/\/i0.wp.com\/bno-travel.com\/wp-content\/uploads\/2025\/07\/52199820901_706171c188_c.jpg?resize=768%2C592&amp;ssl=1 768w\" sizes=\"(max-width: 799px) 100vw, 799px\" \/><span aria-hidden=\"true\" class=\"wp-block-cover__background has-theme-1-background-color has-background-dim-30 has-background-dim\"><\/span><div class=\"wp-block-cover__inner-container is-layout-flow wp-block-cover-is-layout-flow\">\n<div style=\"height:var(--wp--preset--spacing--50)\" aria-hidden=\"true\" class=\"wp-block-spacer\"><\/div>\n\n\n\n<div style=\"height:var(--wp--preset--spacing--50)\" aria-hidden=\"true\" class=\"wp-block-spacer\"><\/div>\n<\/div><\/div>\n\n<div class=\"wp-block-group alignfull is-style-section-3 is-layout-constrained wp-block-group-is-layout-constrained\" style=\"margin-top:0;margin-bottom:0;padding-top:var(--wp--preset--spacing--40);padding-bottom:var(--wp--preset--spacing--40)\">\n<div class=\"wp-block-columns alignwide are-vertically-aligned-center is-layout-flex wp-container-core-columns-is-layout-d9ad523d wp-block-columns-is-layout-flex\">\n<div class=\"wp-block-column is-vertically-aligned-center is-layout-flow wp-block-column-is-layout-flow\">\n<figure class=\"wp-block-image size-full\"><img data-recalc-dims=\"1\" decoding=\"async\" width=\"799\" height=\"597\" src=\"https:\/\/i0.wp.com\/bno-travel.com\/wp-content\/uploads\/2025\/07\/52200128044_b550a6c33d_c.jpg?resize=799%2C597&#038;ssl=1\" alt=\"\" class=\"wp-image-3443\" style=\"aspect-ratio:3\/4;object-fit:cover\" title=\"titel\" srcset=\"https:\/\/i0.wp.com\/bno-travel.com\/wp-content\/uploads\/2025\/07\/52200128044_b550a6c33d_c.jpg?w=799&amp;ssl=1 799w, https:\/\/i0.wp.com\/bno-travel.com\/wp-content\/uploads\/2025\/07\/52200128044_b550a6c33d_c.jpg?resize=300%2C224&amp;ssl=1 300w, https:\/\/i0.wp.com\/bno-travel.com\/wp-content\/uploads\/2025\/07\/52200128044_b550a6c33d_c.jpg?resize=768%2C574&amp;ssl=1 768w\" sizes=\"(max-width: 799px) 100vw, 799px\" \/><\/figure>\n<\/div>\n\n\n\n<div class=\"wp-block-column is-vertically-aligned-center is-content-justification-left is-layout-constrained wp-container-core-column-is-layout-b64f6bf5 wp-block-column-is-layout-constrained\">\n<p class=\"wp-block-paragraph\"><\/p>\n\n\n\n<h2 class=\"wp-block-heading\">Spa och bad i Trysil - Avkoppling och v\u00e4lbefinnande i bergen<\/h2>\n\n\n\n<p class=\"wp-block-paragraph\">Trysil \u00e4r inte bara f\u00f6r dem som s\u00f6ker fart och sp\u00e4nning - det \u00e4r ocks\u00e5 ett resm\u00e5l f\u00f6r dem som s\u00f6ker lugn, v\u00e4lbefinnande och \u00e4kta fj\u00e4llmys. Med ett bra utbud av spa- och badupplevelser f\u00f6r b\u00e5de familjer och par \u00e4r Trysil den perfekta platsen f\u00f6r att kombinera aktiva dagar med avkoppling och egenv\u00e5rd. <\/p>\n\n\n\n<p class=\"wp-block-paragraph\">Oavsett om du bes\u00f6ker bergen p\u00e5 vintern med sn\u00f6iga toppar och frostig luft, eller p\u00e5 sommaren n\u00e4r naturen \u00e4r i full blom, \u00e4r ett spa och bad ett underbart avbrott fr\u00e5n dagens aktiviteter.<\/p>\n\n\n\n<p class=\"wp-block-paragraph\">Wellness- och spaupplevelser i Trysil<\/p>\n\n\n\n<p class=\"wp-block-paragraph\">Trysil erbjuder flera spa och h\u00e4lsocenter d\u00e4r du kan varva ner efter en aktiv dag. Tv\u00e5 av de mest popul\u00e4ra anl\u00e4ggningarna finns p\u00e5 Radisson Blu Resort och Radisson Blu Mountain Resort &amp; Residences. <\/p>\n\n\n\n<p class=\"wp-block-paragraph\">1. <strong>Radisson Blu Resort Trysil - vattenpark och wellnessavdelning<\/strong><\/p>\n\n\n\n<p class=\"wp-block-paragraph\">P\u00e5 <a href=\"https:\/\/www.trysil.com\/bedrifter\/radisson-blu-resort-trysil\/radisson-blu-resort-trysil\/\" target=\"_blank\" rel=\"noopener\">Radisson Blu Resort Trysil<\/a> finns en inomhusbadanl\u00e4ggning f\u00f6r hela familjen. H\u00e4r kommer du att hitta: <\/p>\n\n\n\n<ul class=\"wp-block-list\">\n<li>Uppv\u00e4rmda pooler<\/li>\n\n\n\n<li>Barnpool och rutschkanor<\/li>\n\n\n\n<li>Bubbelpool och vattenfall<\/li>\n\n\n\n<li>Avkopplingsomr\u00e5den med varma stolar<\/li>\n\n\n\n<li>Surfsimulator (FlowRider) - unik i norska fj\u00e4llen!<\/li>\n<\/ul>\n\n\n\n<p class=\"wp-block-paragraph\"><\/p>\n<\/div>\n<\/div>\n<\/div>\n\n<div class=\"wp-block-group alignfull is-style-default is-content-justification-center is-layout-constrained wp-container-core-group-is-layout-69af11d0 wp-block-group-is-layout-constrained\" style=\"margin-top:0;margin-bottom:0;padding-top:var(--wp--preset--spacing--40);padding-bottom:var(--wp--preset--spacing--40)\"><\/div>\n\n<div class=\"wp-block-group alignfull is-content-justification-center is-layout-constrained wp-block-group-is-layout-constrained\" style=\"margin-top:0;margin-bottom:0;padding-top:var(--wp--preset--spacing--40);padding-bottom:var(--wp--preset--spacing--40)\">\n<div class=\"wp-block-columns alignwide are-vertically-aligned-center is-layout-flex wp-container-core-columns-is-layout-7387b849 wp-block-columns-is-layout-flex\">\n<div class=\"wp-block-column is-vertically-aligned-center is-content-justification-left is-layout-constrained wp-container-core-column-is-layout-b64f6bf5 wp-block-column-is-layout-constrained\">\n<p class=\"wp-block-paragraph\">Det h\u00e4r \u00e4r en plats d\u00e4r b\u00e5de barn och vuxna kan ha roligt, oavsett v\u00e4der och \u00e5rstid. Perfekt f\u00f6r regniga dagar, vilodagar eller som en kv\u00e4llsaktivitet efter vandring eller skid\u00e5kning. <\/p>\n\n\n\n<p class=\"wp-block-paragraph\">2. <strong>Skistar Logde Trysil - <a href=\"https:\/\/www.trysil.com\/bedrifter\/skistar-lodge-trysil\/kulpen-spa\/\" target=\"_blank\" rel=\"noopener\">Spa &amp; Relax<\/a><\/strong><\/p>\n\n\n\n<p class=\"wp-block-paragraph\">P\u00e5 <strong>Skistar Logde Trysil<\/strong> i Fager\u00e5sen hittar du ett mer avkopplande spaprogram f\u00f6r vuxna och par. Det erbjuder: <\/p>\n\n\n\n<ul class=\"wp-block-list\">\n<li>H\u00e4lsocenter med bubbelpool, bastu och \u00e5ngbastu<\/li>\n\n\n\n<li>Spa-behandlingar som massage, ansiktsbehandlingar och aromaterapi<\/li>\n\n\n\n<li>En lugn milj\u00f6 med utsikt \u00f6ver bergen och fokus p\u00e5 mental avkoppling<\/li>\n<\/ul>\n\n\n\n<p class=\"wp-block-paragraph\">Spaet \u00e4r perfekt f\u00f6r par, grupper av v\u00e4nner eller f\u00f6r dem som vill sk\u00e4mma bort sig sj\u00e4lva med lite lyx efter en aktiv dag.<\/p>\n\n\n\n<p class=\"wp-block-paragraph\">Sommar- och vinteraktiviteter som ger balans<\/p>\n\n\n\n<p class=\"wp-block-paragraph\">Trysil \u00e4r k\u00e4nt f\u00f6r sitt breda utbud av aktiviteter, och spa- och badupplevelser \u00e4r ett bra komplement till dessa. H\u00e4r kommer n\u00e5gra tips p\u00e5 vad du kan kombinera med en spaweekend eller semester i Trysil: <\/p>\n\n\n\n<p class=\"wp-block-paragraph\">Vinteraktiviteter (exklusive alpin skid\u00e5kning):<\/p>\n\n\n\n<ul class=\"wp-block-list\">\n<li><strong>L\u00e4ngdskid\u00e5kning:<\/strong> \u00d6ver 100 km preparerade sp\u00e5r i skogar och berg<\/li>\n\n\n\n<li><strong>Sn\u00f6skovandring:<\/strong> G\u00e5 lugnt i sn\u00f6n och njut av vinterlandskapet<\/li>\n\n\n\n<li><strong>Hundspannsk\u00f6rning:<\/strong> En unik upplevelse f\u00f6r b\u00e5de barn och vuxna<\/li>\n\n\n\n<li><strong>Pulka\u00e5kning och k\u00e4lk\u00e5kning:<\/strong> Kul f\u00f6r hela familjen<\/li>\n\n\n\n<li><strong>Isfiske och sn\u00f6skoter\u00e5kning:<\/strong> Guidade vinter\u00e4ventyr utan skidor<\/li>\n<\/ul>\n<\/div>\n\n\n\n<div class=\"wp-block-column is-vertically-aligned-center is-layout-flow wp-block-column-is-layout-flow\">\n<figure class=\"wp-block-image size-full\"><img data-recalc-dims=\"1\" decoding=\"async\" width=\"800\" height=\"644\" src=\"https:\/\/i0.wp.com\/bno-travel.com\/wp-content\/uploads\/2025\/07\/52200319610_bcc6ac05f8_c.jpg?resize=800%2C644&#038;ssl=1\" alt=\"Spa och bad i Trysil\" class=\"wp-image-3456\" style=\"aspect-ratio:3\/4;object-fit:cover\" srcset=\"https:\/\/i0.wp.com\/bno-travel.com\/wp-content\/uploads\/2025\/07\/52200319610_bcc6ac05f8_c.jpg?w=800&amp;ssl=1 800w, https:\/\/i0.wp.com\/bno-travel.com\/wp-content\/uploads\/2025\/07\/52200319610_bcc6ac05f8_c.jpg?resize=300%2C242&amp;ssl=1 300w, https:\/\/i0.wp.com\/bno-travel.com\/wp-content\/uploads\/2025\/07\/52200319610_bcc6ac05f8_c.jpg?resize=768%2C618&amp;ssl=1 768w\" sizes=\"(max-width: 800px) 100vw, 800px\" \/><\/figure>\n<\/div>\n<\/div>\n<\/div>\n\n<div class=\"wp-block-group alignfull is-style-default is-content-justification-center is-layout-constrained wp-container-core-group-is-layout-69af11d0 wp-block-group-is-layout-constrained\" style=\"margin-top:0;margin-bottom:0;padding-top:var(--wp--preset--spacing--40);padding-bottom:var(--wp--preset--spacing--40)\">\n<div class=\"wp-block-group alignfull is-content-justification-center is-layout-constrained wp-container-core-group-is-layout-4853c3a7 wp-block-group-is-layout-constrained\" style=\"margin-top:0;margin-bottom:0;padding-top:calc( 0.5 * var(u002du002dwpu002du002dstyleu002du002drootu002du002dpadding-right, var(u002du002dwpu002du002dcustomu002du002dgapu002du002dhorizontal)));padding-right:var(u002du002dwpu002du002dstyleu002du002drootu002du002dpadding-right, var(u002du002dwpu002du002dcustomu002du002dgapu002du002dhorizontal));padding-bottom:calc( 0.5 * var(u002du002dwpu002du002dstyleu002du002drootu002du002dpadding-right, var(u002du002dwpu002du002dcustomu002du002dgapu002du002dhorizontal)));padding-left:var(u002du002dwpu002du002dstyleu002du002drootu002du002dpadding-left, var(u002du002dwpu002du002dcustomu002du002dgapu002du002dhorizontal))\">\n<div style=\"height:calc( 0.25 * var(u002du002dwpu002du002dstyleu002du002drootu002du002dpadding-right, var(u002du002dwpu002du002dcustomu002du002dgapu002du002dhorizontal)))\" aria-hidden=\"true\" class=\"wp-block-spacer\"><\/div>\n\n\n\n<div class=\"wp-block-columns alignwide is-layout-flex wp-container-core-columns-is-layout-7387b849 wp-block-columns-is-layout-flex\">\n<div class=\"wp-block-column is-vertically-aligned-center is-layout-flow wp-block-column-is-layout-flow\">\n<figure class=\"wp-block-image size-full\"><img data-recalc-dims=\"1\" loading=\"lazy\" decoding=\"async\" width=\"467\" height=\"579\" src=\"https:\/\/i0.wp.com\/bno-travel.com\/wp-content\/uploads\/2025\/06\/52200127764_e04c4f3d8d_c-e1751028430750.jpg?resize=467%2C579&#038;ssl=1\" alt=\"Simning i Trysil\" class=\"wp-image-2512\" style=\"aspect-ratio:3\/4;object-fit:cover\" srcset=\"https:\/\/i0.wp.com\/bno-travel.com\/wp-content\/uploads\/2025\/06\/52200127764_e04c4f3d8d_c-e1751028430750.jpg?w=467&amp;ssl=1 467w, https:\/\/i0.wp.com\/bno-travel.com\/wp-content\/uploads\/2025\/06\/52200127764_e04c4f3d8d_c-e1751028430750.jpg?resize=242%2C300&amp;ssl=1 242w\" sizes=\"(max-width: 467px) 100vw, 467px\" \/><\/figure>\n<\/div>\n\n\n\n<div class=\"wp-block-column is-vertically-aligned-center is-layout-flow wp-block-column-is-layout-flow\">\n<p class=\"has-text-align-left wp-block-paragraph\">Boka din semester med BNO TRAVEL<\/p>\n\n\n\n<p class=\"wp-block-paragraph\">Oavsett om du planerar en aktiv vintersemester, ett sommar\u00e4ventyr i bergen eller en avkopplande weekendresa, kan <strong>BNO TRAVEL<\/strong> hj\u00e4lpa dig att skr\u00e4ddarsy en vistelse som passar dina behov. Vi erbjuder kompletta paket med boende, tips och r\u00e5d om aktiviteter - inklusive bowling och mycket mer.   <\/p>\n\n\n\n<p class=\"wp-block-paragraph\">Unna dig en nypa frisk luft. Upplev <strong>spa och bad i Trysil<\/strong> - med varma bad, fj\u00e4llutsikt och \u00e4kta v\u00e4lbefinnande. Kontakta oss idag f\u00f6r att hitta din perfekta kombination av \u00e4ventyr och avkoppling.  <\/p>\n\n\n\n<p class=\"wp-block-paragraph\">N\u00e4r det g\u00e4ller boende i Trysil erbjuder vi tre huvudomr\u00e5den<\/p>\n\n\n\n<p class=\"wp-block-paragraph\"><a href=\"https:\/\/bno-travel.com\/sv\/?page_id=2723\">Trysil turistcenter<\/a><\/p>\n\n\n\n<p class=\"wp-block-paragraph\">Detta \u00e4r det mest centrala och livliga omr\u00e5det i Trysil. H\u00e4r bor du precis intill liftar, barnomr\u00e5den, skidskolor, butiker, restauranger och afterski. Perfekt f\u00f6r dig som vill ha allt inom g\u00e5ngavst\u00e5nd och en gemytlig atmosf\u00e4r. L\u00e4genheter och hotell med h\u00f6g komfort g\u00f6r detta till ett popul\u00e4rt val f\u00f6r b\u00e5de vinter- och sommarsemester.   <\/p>\n\n\n\n<p class=\"wp-block-paragraph\"><a href=\"https:\/\/bno-travel.com\/sv\/?page_id=2732\">Trysilfjell Stugomr\u00e5de<\/a><\/p>\n\n\n\n<p class=\"wp-block-paragraph\">Bel\u00e4get i skogskl\u00e4dda och fridfulla omgivningar mellan turistcentret och High Mountain Centre. H\u00e4r hittar du traditionella stugor och moderna fj\u00e4llstugor - m\u00e5nga med ski-in\/ski-out och vacker utsikt. Ett bra val f\u00f6r dig som vill ha mer avskildhet samtidigt som du har n\u00e4ra till allt som bergen har att erbjuda.  <\/p>\n\n\n\n<p class=\"wp-block-paragraph\"><a href=\"https:\/\/bno-travel.com\/sv\/?page_id=2727\">Trysil H\u00f8yfjellssenter \/ Fager\u00e5sen<\/a><\/p>\n\n\n\n<p class=\"wp-block-paragraph\">Detta omr\u00e5de \u00e4r h\u00f6gt och \u00f6ppet med panoramautsikt och mycket solsken. H\u00e4r finns familjev\u00e4nliga pister, bra barnomr\u00e5den, skiduthyrning, livsmedelsbutik och lugna omgivningar. Stugorna och l\u00e4genheterna h\u00e4r \u00e4r perfekta f\u00f6r barnfamiljer och f\u00f6r dem som vill ha en avkopplande upplevelse i bergen.  <\/p>\n\n\n\n<p class=\"wp-block-paragraph\">Kontakta oss idag f\u00f6r att planera din n\u00e4sta Trysil-upplevelse - och gl\u00f6m inte att ta dig tid f\u00f6r en omg\u00e5ng bowling!<\/p>\n<\/div>\n<\/div>\n\n\n\n<div style=\"height:calc( 0.25 * var(u002du002dwpu002du002dstyleu002du002drootu002du002dpadding-right, var(u002du002dwpu002du002dcustomu002du002dgapu002du002dhorizontal)))\" aria-hidden=\"true\" class=\"wp-block-spacer\"><\/div>\n<\/div>\n<\/div>\n\n<div class=\"wp-block-group alignfull is-style-default is-content-justification-center is-layout-constrained wp-container-core-group-is-layout-cdf99998 wp-block-group-is-layout-constrained\" style=\"margin-top:0;margin-bottom:0;padding-top:var(--wp--preset--spacing--40);padding-bottom:var(--wp--preset--spacing--40)\"><\/div>\n\n<p class=\"wp-block-paragraph\"><\/p>\n","protected":false},"excerpt":{"rendered":"<p>Spa och bad i Trysil - Avkoppling och v\u00e4lbefinnande i bergen Trysil \u00e4r inte bara f\u00f6r dem som s\u00f6ker fart och sp\u00e4nning - det \u00e4r ocks\u00e5 ett resm\u00e5l f\u00f6r dem som s\u00f6ker lugn, v\u00e4lbefinnande och \u00e4kta fj\u00e4llmys. Med ett bra utbud av spa- och badupplevelser f\u00f6r b\u00e5de familjer och par \u00e4r Trysil den perfekta platsen [&hellip;]<\/p>\n","protected":false},"author":260013438,"featured_media":0,"parent":0,"menu_order":0,"comment_status":"closed","ping_status":"closed","template":"","meta":{"_crdt_document":"","footnotes":""},"class_list":["post-4233","page","type-page","status-publish","hentry"],"jetpack_likes_enabled":true,"jetpack_sharing_enabled":true,"jetpack_shortlink":"https:\/\/wp.me\/PgDuwj-16h","jetpack-related-posts":[{"id":4174,"url":"https:\/\/bno-travel.com\/sv\/spa-och-bad-i-salen\/","url_meta":{"origin":4233,"position":0},"title":"Spa och bad i S\u00e4len","author":"Jan Terje \u00c5s","date":"18 juli 2025","format":false,"excerpt":"Spa och bad i S\u00e4len - Wellness och avkoppling i fj\u00e4llmilj\u00f6 S\u00e4len \u00e4r inte bara skid\u00e5kning, cykling och friluftsliv - det \u00e4r ocks\u00e5 en fantastisk destination f\u00f6r dig som s\u00f6ker lugn, \u00e5terh\u00e4mtning och sann fj\u00e4llharmoni. Oavsett om du kommer f\u00f6r en romantisk weekend, en familjesemester eller bara vill ladda batterierna\u2026","rel":"","context":"Liknande inl\u00e4gg","block_context":{"text":"Liknande inl\u00e4gg","link":""},"img":{"alt_text":"","src":"https:\/\/i0.wp.com\/bno-travel.com\/wp-content\/uploads\/2025\/07\/52200128044_b550a6c33d_c.jpg?resize=350%2C200&ssl=1","width":350,"height":200,"srcset":"https:\/\/i0.wp.com\/bno-travel.com\/wp-content\/uploads\/2025\/07\/52200128044_b550a6c33d_c.jpg?resize=350%2C200&ssl=1 1x, https:\/\/i0.wp.com\/bno-travel.com\/wp-content\/uploads\/2025\/07\/52200128044_b550a6c33d_c.jpg?resize=525%2C300&ssl=1 1.5x, https:\/\/i0.wp.com\/bno-travel.com\/wp-content\/uploads\/2025\/07\/52200128044_b550a6c33d_c.jpg?resize=700%2C400&ssl=1 2x"},"classes":[]},{"id":3442,"url":"https:\/\/bno-travel.com\/spa-og-bad-i-trysil-varme-bad-og-nyttelse\/","url_meta":{"origin":4233,"position":1},"title":"Spa og bad i Trysil","author":"Jan Terje \u00c5s","date":"18 juli 2025","format":false,"excerpt":"Spa og bad i Trysil Avslapning og velv\u00e6re i fjellene \u2013 for deg som vil kombinere aktive dager med varme pauser og ekte avkobling Trysil er ikke bare et reisem\u00e5l for fart og aktivitet, men ogs\u00e5 for ro, velv\u00e6re og gode pusterom i fjellet. Med familievennlige badeopplevelser, varme bassenger og\u2026","rel":"","context":"Liknande inl\u00e4gg","block_context":{"text":"Liknande inl\u00e4gg","link":""},"img":{"alt_text":"","src":"","width":0,"height":0},"classes":[]},{"id":4064,"url":"https:\/\/bno-travel.com\/da\/spa-og-bad-i-trysil\/","url_meta":{"origin":4233,"position":2},"title":"Spa og bad i Trysil","author":"Jan Terje \u00c5s","date":"18 juli 2025","format":false,"excerpt":"Spa og bad i Trysil - Afslapning og wellness i fjeldene Trysil er ikke kun for dem, der s\u00f8ger fart og sp\u00e6nding - det er ogs\u00e5 en destination for dem, der s\u00f8ger ro, velv\u00e6re og \u00e6gte fjeldhygge. Med et godt udvalg af spa- og badeoplevelser for b\u00e5de familier og par\u2026","rel":"","context":"Liknande inl\u00e4gg","block_context":{"text":"Liknande inl\u00e4gg","link":""},"img":{"alt_text":"","src":"https:\/\/i0.wp.com\/bno-travel.com\/wp-content\/uploads\/2025\/07\/52200128044_b550a6c33d_c.jpg?resize=350%2C200&ssl=1","width":350,"height":200,"srcset":"https:\/\/i0.wp.com\/bno-travel.com\/wp-content\/uploads\/2025\/07\/52200128044_b550a6c33d_c.jpg?resize=350%2C200&ssl=1 1x, https:\/\/i0.wp.com\/bno-travel.com\/wp-content\/uploads\/2025\/07\/52200128044_b550a6c33d_c.jpg?resize=525%2C300&ssl=1 1.5x, https:\/\/i0.wp.com\/bno-travel.com\/wp-content\/uploads\/2025\/07\/52200128044_b550a6c33d_c.jpg?resize=700%2C400&ssl=1 2x"},"classes":[]},{"id":2746,"url":"https:\/\/bno-travel.com\/sv\/upptack-trysil-aret-runt-for-aktiva-semesterfirare\/","url_meta":{"origin":4233,"position":3},"title":"Uppt\u00e4ck Trysil: \u00c5ret runt f\u00f6r aktiva semesterfirare","author":"Jan Terje \u00c5s","date":"18 juli 2025","format":false,"excerpt":"Upplevelse Trysil \u2605\u2605\u2605\u2605\u2605 H\u00e4r hittar du boende i Trysil Trysil \u00e4r inte bara Norges st\u00f6rsta skiddestination - det \u00e4r ocks\u00e5 ett paradis \u00e5ret runt f\u00f6r aktiva g\u00e4ster, familjer och natur\u00e4lskare. Oavsett om du bes\u00f6ker berget f\u00f6r hastighet och sp\u00e4nning, avkoppling eller kvalitetstid f\u00f6r familjen, hittar du upplevelser som passar dig.\u2026","rel":"","context":"Liknande inl\u00e4gg","block_context":{"text":"Liknande inl\u00e4gg","link":""},"img":{"alt_text":"Opplev Trysil","src":"https:\/\/i0.wp.com\/bno-travel.com\/wp-content\/uploads\/2025\/07\/20.06.19_Dronebilder-Sentrum_FULLSIZE-2.jpg?resize=350%2C200&ssl=1","width":350,"height":200,"srcset":"https:\/\/i0.wp.com\/bno-travel.com\/wp-content\/uploads\/2025\/07\/20.06.19_Dronebilder-Sentrum_FULLSIZE-2.jpg?resize=350%2C200&ssl=1 1x, https:\/\/i0.wp.com\/bno-travel.com\/wp-content\/uploads\/2025\/07\/20.06.19_Dronebilder-Sentrum_FULLSIZE-2.jpg?resize=525%2C300&ssl=1 1.5x, https:\/\/i0.wp.com\/bno-travel.com\/wp-content\/uploads\/2025\/07\/20.06.19_Dronebilder-Sentrum_FULLSIZE-2.jpg?resize=700%2C400&ssl=1 2x, https:\/\/i0.wp.com\/bno-travel.com\/wp-content\/uploads\/2025\/07\/20.06.19_Dronebilder-Sentrum_FULLSIZE-2.jpg?resize=1050%2C600&ssl=1 3x, https:\/\/i0.wp.com\/bno-travel.com\/wp-content\/uploads\/2025\/07\/20.06.19_Dronebilder-Sentrum_FULLSIZE-2.jpg?resize=1400%2C800&ssl=1 4x"},"classes":[]},{"id":4059,"url":"https:\/\/bno-travel.com\/pl\/spa-i-laznie-w-trysil\/","url_meta":{"origin":4233,"position":4},"title":"Spa i \u0142a\u017anie w Trysil","author":"Jan Terje \u00c5s","date":"18 juli 2025","format":false,"excerpt":"Spa i \u0142a\u017ania w Trysil - relaks i dobre samopoczucie w g\u00f3rach Trysil to nie tylko miejsce dla tych, kt\u00f3rzy szukaj\u0105 pr\u0119dko\u015bci i emocji - to tak\u017ce miejsce dla tych, kt\u00f3rzy szukaj\u0105 spokoju, dobrego samopoczucia i prawdziwej g\u00f3rskiej przytulno\u015bci. Dzi\u0119ki du\u017cemu wyborowi spa i k\u0105pieli zar\u00f3wno dla rodzin, jak i\u2026","rel":"","context":"Liknande inl\u00e4gg","block_context":{"text":"Liknande inl\u00e4gg","link":""},"img":{"alt_text":"","src":"https:\/\/i0.wp.com\/bno-travel.com\/wp-content\/uploads\/2025\/07\/52200128044_b550a6c33d_c.jpg?resize=350%2C200&ssl=1","width":350,"height":200,"srcset":"https:\/\/i0.wp.com\/bno-travel.com\/wp-content\/uploads\/2025\/07\/52200128044_b550a6c33d_c.jpg?resize=350%2C200&ssl=1 1x, https:\/\/i0.wp.com\/bno-travel.com\/wp-content\/uploads\/2025\/07\/52200128044_b550a6c33d_c.jpg?resize=525%2C300&ssl=1 1.5x, https:\/\/i0.wp.com\/bno-travel.com\/wp-content\/uploads\/2025\/07\/52200128044_b550a6c33d_c.jpg?resize=700%2C400&ssl=1 2x"},"classes":[]},{"id":4239,"url":"https:\/\/bno-travel.com\/sv\/restauranger-i-trysil\/","url_meta":{"origin":4233,"position":5},"title":"Restauranger i Trysil","author":"Jan Terje \u00c5s","date":"18 juli 2025","format":false,"excerpt":"Restauranger och matst\u00e4llen i Trysil - Smakrikt \u00e5ret runt Trysil erbjuder mycket mer \u00e4n fantastiska skidbackar och bergslandskap. Oavsett om du bes\u00f6ker omr\u00e5det p\u00e5 vintern eller sommaren kan du njuta av ett rikt utbud av restauranger, caf\u00e9er och afterski-st\u00e4llen - allt fr\u00e5n gourmet till snabbmat. Det finns n\u00e5got f\u00f6r alla,\u2026","rel":"","context":"Liknande inl\u00e4gg","block_context":{"text":"Liknande inl\u00e4gg","link":""},"img":{"alt_text":"Skistar Logde Trysil","src":"https:\/\/i0.wp.com\/bno-travel.com\/wp-content\/uploads\/2025\/07\/52199845033_2c000ed2d7_c.jpg?resize=350%2C200&ssl=1","width":350,"height":200,"srcset":"https:\/\/i0.wp.com\/bno-travel.com\/wp-content\/uploads\/2025\/07\/52199845033_2c000ed2d7_c.jpg?resize=350%2C200&ssl=1 1x, https:\/\/i0.wp.com\/bno-travel.com\/wp-content\/uploads\/2025\/07\/52199845033_2c000ed2d7_c.jpg?resize=525%2C300&ssl=1 1.5x, https:\/\/i0.wp.com\/bno-travel.com\/wp-content\/uploads\/2025\/07\/52199845033_2c000ed2d7_c.jpg?resize=700%2C400&ssl=1 2x"},"classes":[]}],"_links":{"self":[{"href":"https:\/\/bno-travel.com\/sv\/wp-json\/wp\/v2\/pages\/4233","targetHints":{"allow":["GET"]}}],"collection":[{"href":"https:\/\/bno-travel.com\/sv\/wp-json\/wp\/v2\/pages"}],"about":[{"href":"https:\/\/bno-travel.com\/sv\/wp-json\/wp\/v2\/types\/page"}],"author":[{"embeddable":true,"href":"https:\/\/bno-travel.com\/sv\/wp-json\/wp\/v2\/users\/260013438"}],"replies":[{"embeddable":true,"href":"https:\/\/bno-travel.com\/sv\/wp-json\/wp\/v2\/comments?post=4233"}],"version-history":[{"count":2,"href":"https:\/\/bno-travel.com\/sv\/wp-json\/wp\/v2\/pages\/4233\/revisions"}],"predecessor-version":[{"id":4854,"href":"https:\/\/bno-travel.com\/sv\/wp-json\/wp\/v2\/pages\/4233\/revisions\/4854"}],"wp:attachment":[{"href":"https:\/\/bno-travel.com\/sv\/wp-json\/wp\/v2\/media?parent=4233"}],"curies":[{"name":"wp","href":"https:\/\/api.w.org\/{rel}","templated":true}]}}