{"id":4239,"date":"2025-07-18T20:48:07","date_gmt":"2025-07-18T18:48:07","guid":{"rendered":"https:\/\/bno-travel.com\/?page_id=4239"},"modified":"2025-07-18T20:48:49","modified_gmt":"2025-07-18T18:48:49","slug":"restauranger-i-trysil","status":"publish","type":"page","link":"https:\/\/bno-travel.com\/sv\/restauranger-i-trysil\/","title":{"rendered":"Restauranger i Trysil"},"content":{"rendered":"\n<p class=\"wp-block-paragraph\"><\/p>\n\n<div class=\"wp-block-cover alignfull\" style=\"margin-top:0;margin-bottom:0;padding-top:var(--wp--preset--spacing--20);padding-right:var(--wp--preset--spacing--40);padding-bottom:var(--wp--preset--spacing--20);padding-left:var(--wp--preset--spacing--40);min-height:1052px;aspect-ratio:unset;\"><img data-recalc-dims=\"1\" fetchpriority=\"high\" decoding=\"async\" width=\"799\" height=\"582\" class=\"wp-block-cover__image-background wp-image-3406 size-full\" alt=\"Restauranter i Trysil\" src=\"https:\/\/i0.wp.com\/bno-travel.com\/wp-content\/uploads\/2025\/07\/52200124434_fe05c58713_c.jpg?resize=799%2C582&#038;ssl=1\" data-object-fit=\"cover\" srcset=\"https:\/\/i0.wp.com\/bno-travel.com\/wp-content\/uploads\/2025\/07\/52200124434_fe05c58713_c.jpg?w=799&amp;ssl=1 799w, https:\/\/i0.wp.com\/bno-travel.com\/wp-content\/uploads\/2025\/07\/52200124434_fe05c58713_c.jpg?resize=300%2C219&amp;ssl=1 300w, https:\/\/i0.wp.com\/bno-travel.com\/wp-content\/uploads\/2025\/07\/52200124434_fe05c58713_c.jpg?resize=768%2C559&amp;ssl=1 768w\" sizes=\"(max-width: 799px) 100vw, 799px\" \/><span aria-hidden=\"true\" class=\"wp-block-cover__background has-theme-1-background-color has-background-dim-30 has-background-dim\"><\/span><div class=\"wp-block-cover__inner-container is-layout-flow wp-block-cover-is-layout-flow\">\n<p class=\"wp-block-paragraph\"><\/p>\n\n\n\n<p class=\"wp-block-paragraph\"><\/p>\n\n\n\n<div style=\"height:117px\" aria-hidden=\"true\" class=\"wp-block-spacer\"><\/div>\n\n\n\n<div style=\"height:var(--wp--preset--spacing--50)\" aria-hidden=\"true\" class=\"wp-block-spacer\"><\/div>\n<\/div><\/div>\n\n<div class=\"wp-block-group alignfull is-style-section-3 is-layout-constrained wp-block-group-is-layout-constrained\" style=\"margin-top:0;margin-bottom:0;padding-top:var(--wp--preset--spacing--40);padding-bottom:var(--wp--preset--spacing--40)\">\n<div class=\"wp-block-columns alignwide are-vertically-aligned-center is-layout-flex wp-container-core-columns-is-layout-d9ad523d wp-block-columns-is-layout-flex\">\n<div class=\"wp-block-column is-vertically-aligned-center is-layout-flow wp-block-column-is-layout-flow\">\n<figure class=\"wp-block-image size-full\"><img data-recalc-dims=\"1\" decoding=\"async\" width=\"800\" height=\"449\" src=\"https:\/\/i0.wp.com\/bno-travel.com\/wp-content\/uploads\/2025\/07\/20.06.19_Dronebilder-Sentrum_FULLSIZE-2.jpg?resize=800%2C449&#038;ssl=1\" alt=\"Upplevelse Trysil\" class=\"wp-image-3199\" style=\"aspect-ratio:3\/4;object-fit:cover\" title=\"titel\" srcset=\"https:\/\/i0.wp.com\/bno-travel.com\/wp-content\/uploads\/2025\/07\/20.06.19_Dronebilder-Sentrum_FULLSIZE-2.jpg?w=5464&amp;ssl=1 5464w, https:\/\/i0.wp.com\/bno-travel.com\/wp-content\/uploads\/2025\/07\/20.06.19_Dronebilder-Sentrum_FULLSIZE-2.jpg?resize=300%2C169&amp;ssl=1 300w, https:\/\/i0.wp.com\/bno-travel.com\/wp-content\/uploads\/2025\/07\/20.06.19_Dronebilder-Sentrum_FULLSIZE-2.jpg?resize=1024%2C575&amp;ssl=1 1024w, https:\/\/i0.wp.com\/bno-travel.com\/wp-content\/uploads\/2025\/07\/20.06.19_Dronebilder-Sentrum_FULLSIZE-2.jpg?resize=768%2C432&amp;ssl=1 768w, https:\/\/i0.wp.com\/bno-travel.com\/wp-content\/uploads\/2025\/07\/20.06.19_Dronebilder-Sentrum_FULLSIZE-2.jpg?resize=1536%2C863&amp;ssl=1 1536w, https:\/\/i0.wp.com\/bno-travel.com\/wp-content\/uploads\/2025\/07\/20.06.19_Dronebilder-Sentrum_FULLSIZE-2.jpg?resize=2048%2C1151&amp;ssl=1 2048w, https:\/\/i0.wp.com\/bno-travel.com\/wp-content\/uploads\/2025\/07\/20.06.19_Dronebilder-Sentrum_FULLSIZE-2.jpg?w=1600&amp;ssl=1 1600w, https:\/\/i0.wp.com\/bno-travel.com\/wp-content\/uploads\/2025\/07\/20.06.19_Dronebilder-Sentrum_FULLSIZE-2.jpg?w=2400&amp;ssl=1 2400w\" sizes=\"(max-width: 800px) 100vw, 800px\" \/><\/figure>\n<\/div>\n\n\n\n<div class=\"wp-block-column is-vertically-aligned-center is-content-justification-left is-layout-constrained wp-container-core-column-is-layout-b64f6bf5 wp-block-column-is-layout-constrained\">\n<p class=\"wp-block-paragraph\"><\/p>\n\n\n\n<h2 class=\"wp-block-heading\">Restauranger och matst\u00e4llen i Trysil - Smakrikt \u00e5ret runt<\/h2>\n\n\n\n<p class=\"wp-block-paragraph\">Trysil erbjuder mycket mer \u00e4n fantastiska skidbackar och bergslandskap. Oavsett om du bes\u00f6ker omr\u00e5det p\u00e5 vintern eller sommaren kan du njuta av <a href=\"https:\/\/www.trysil.com\/spisesteder\/?open=false&amp;pagesize=12\" target=\"_blank\" rel=\"noopener\">ett rikt utbud av restauranger, caf\u00e9er och afterski-st\u00e4llen - allt fr\u00e5n gourmet till snabbmat<\/a>. Det finns n\u00e5got f\u00f6r alla, oavsett var du bor i bergen. Vi ger dig en \u00f6versikt \u00f6ver matst\u00e4llen i <strong>Trysil Sentrum<\/strong>, <strong>Trysil<\/strong> <strong>Turistsenter<\/strong>, <strong>Trysilfjell Hytteomr\u00e5de<\/strong> och <strong>Trysil H\u00f8yfjellssenter \/ Fager\u00e5sen<\/strong>.   <\/p>\n\n\n\n<p class=\"wp-block-paragraph\">Restauranger i Trysil Sentrum<\/p>\n\n\n\n<p class=\"wp-block-paragraph\">Trysil Sentrum \u00e4r hj\u00e4rtat i det lokala samh\u00e4llet och erbjuder ett antal mysiga restauranger och kaf\u00e9er, perfekt f\u00f6r en lunchpaus eller en lugn middag efter en dag i bergen.<\/p>\n\n\n\n<ul class=\"wp-block-list\">\n<li><a href=\"https:\/\/www.trysil.com\/bedrifter\/lokja-as\/lokja\/\" target=\"_blank\" rel=\"noopener\"><strong>L\u00f8kja<\/strong>:<\/a> Ett popul\u00e4rt matst\u00e4lle med en modern, norsk meny med lokala r\u00e5varor. Perfekt f\u00f6r par och kompisg\u00e4ng. <\/li>\n\n\n\n<li><strong>Trysil Hotell - Restaurang Parken<\/strong>: Lokal mat i elegant milj\u00f6. Menyn \u00e4ndras efter s\u00e4song, med fokus p\u00e5 n\u00e4rproducerade r\u00e5varor. <\/li>\n\n\n\n<li><strong>Restaurang Kina<\/strong>: Familjev\u00e4nliga alternativ med b\u00e5de takeaway och mat.<\/li>\n<\/ul>\n\n\n\n<p class=\"wp-block-paragraph\">Trysil centrum \u00e4r perfekt f\u00f6r den som vill kombinera god mat med shopping, kultur och aktiviteter som bio, bowling eller en konsert i kulturhuset Hagelund.<\/p>\n<\/div>\n<\/div>\n<\/div>\n\n<div class=\"wp-block-group alignfull is-style-default is-content-justification-center is-layout-constrained wp-container-core-group-is-layout-69af11d0 wp-block-group-is-layout-constrained\" style=\"margin-top:0;margin-bottom:0;padding-top:var(--wp--preset--spacing--40);padding-bottom:var(--wp--preset--spacing--40)\">\n<div class=\"wp-block-group alignwide is-content-justification-left is-layout-constrained wp-container-core-group-is-layout-54d22900 wp-block-group-is-layout-constrained\">\n<p class=\"wp-block-paragraph\"><\/p>\n<\/div>\n<\/div>\n\n<div class=\"wp-block-group alignfull is-content-justification-center is-layout-constrained wp-block-group-is-layout-constrained\" style=\"margin-top:0;margin-bottom:0;padding-top:var(--wp--preset--spacing--40);padding-bottom:var(--wp--preset--spacing--40)\">\n<div class=\"wp-block-columns alignwide are-vertically-aligned-center is-layout-flex wp-container-core-columns-is-layout-7387b849 wp-block-columns-is-layout-flex\">\n<div class=\"wp-block-column is-vertically-aligned-center is-content-justification-left is-layout-constrained wp-container-core-column-is-layout-b64f6bf5 wp-block-column-is-layout-constrained\">\n<p class=\"wp-block-paragraph\">Restauranger p\u00e5 Trysil Turistsenter<\/p>\n\n\n\n<p class=\"wp-block-paragraph\">Detta omr\u00e5de \u00e4r det livligaste och mest popul\u00e4ra bland skid\u00e5karna, och h\u00e4r finns ocks\u00e5 flera av Trysils mest popul\u00e4ra restauranger.<\/p>\n\n\n\n<ul class=\"wp-block-list\">\n<li><strong>Laaven 1790<\/strong>: En ikonisk afterski- och restaurang som \u00e4r k\u00e4nd f\u00f6r sin atmosf\u00e4r och sin rej\u00e4la meny med hamburgare, pasta och bergsr\u00e4tter.<\/li>\n\n\n\n<li><strong>Barbacoa<\/strong>: <a href=\"https:\/\/barbacoa.no\/\" target=\"_blank\" rel=\"noopener\">Tex-Mex och internationella<\/a> r\u00e4tter med en fr\u00e4sch twist - passar s\u00e5v\u00e4l barnfamiljer som kompisg\u00e4ng.<\/li>\n\n\n\n<li><strong>La Pasteria<\/strong>: Familjev\u00e4nlig restaurang med stort utbud och gott om plats - perfekt f\u00f6r b\u00e5de lunch och middag.<\/li>\n\n\n\n<li><strong>Hill Restaurant<\/strong> p\u00e5 Radisson Blu Resort: Gourmetupplevelser med utsikt \u00f6ver bergen och vinmeny.<\/li>\n<\/ul>\n\n\n\n<p class=\"wp-block-paragraph\">Turistcentret ger enkel tillg\u00e5ng till skidliftar, butiker och aktiviteter - och \u00e4r perfekt f\u00f6r dem som vill ha allt i omedelbar n\u00e4rhet.<\/p>\n\n\n\n<p class=\"wp-block-paragraph\">Matst\u00e4llen vid Trysilfjell Hytteomr\u00e5de<\/p>\n\n\n\n<p class=\"wp-block-paragraph\">Trysilfjell Hytteomr\u00e5de ligger mellan Turistsenteret och H\u00f8yfjellssenteret, med flera mysiga stugor och lugnare omgivningar. H\u00e4r hittar du: <\/p>\n\n\n\n<ul class=\"wp-block-list\">\n<li><strong>Restaurang Skihytta<\/strong>: En dold p\u00e4rla med utsikt \u00f6ver dalen. H\u00e4r serveras b\u00e5de lokala r\u00e4tter och internationella favoriter. <\/li>\n\n\n\n<li><strong>Knettsetra<\/strong> (i n\u00e4rheten): En fj\u00e4llrestaurang som ligger mitt i skidbacken - n\u00e5s med skidor eller till fots. Traditionell meny, stor uteservering och bra afterski. <\/li>\n<\/ul>\n\n\n\n<p class=\"wp-block-paragraph\">Omr\u00e5det \u00e4r perfekt f\u00f6r den som vill ha en mer traditionell fj\u00e4llupplevelse med lugn, ski-in\/ski-out och kort avst\u00e5nd till b\u00e5de aktiviteter och restauranger.<\/p>\n<\/div>\n\n\n\n<div class=\"wp-block-column is-vertically-aligned-center is-layout-flow wp-block-column-is-layout-flow\">\n<figure class=\"wp-block-image size-full\"><img data-recalc-dims=\"1\" decoding=\"async\" width=\"799\" height=\"582\" src=\"https:\/\/i0.wp.com\/bno-travel.com\/wp-content\/uploads\/2025\/07\/52200124434_fe05c58713_c.jpg?resize=799%2C582&#038;ssl=1\" alt=\"Restauranger i Trysil\" class=\"wp-image-3406\" style=\"aspect-ratio:3\/4;object-fit:cover\" srcset=\"https:\/\/i0.wp.com\/bno-travel.com\/wp-content\/uploads\/2025\/07\/52200124434_fe05c58713_c.jpg?w=799&amp;ssl=1 799w, https:\/\/i0.wp.com\/bno-travel.com\/wp-content\/uploads\/2025\/07\/52200124434_fe05c58713_c.jpg?resize=300%2C219&amp;ssl=1 300w, https:\/\/i0.wp.com\/bno-travel.com\/wp-content\/uploads\/2025\/07\/52200124434_fe05c58713_c.jpg?resize=768%2C559&amp;ssl=1 768w\" sizes=\"(max-width: 799px) 100vw, 799px\" \/><\/figure>\n<\/div>\n<\/div>\n<\/div>\n\n<div class=\"wp-block-group alignfull is-style-default is-content-justification-center is-layout-constrained wp-container-core-group-is-layout-69af11d0 wp-block-group-is-layout-constrained\" style=\"margin-top:0;margin-bottom:0;padding-top:var(--wp--preset--spacing--40);padding-bottom:var(--wp--preset--spacing--40)\">\n<div class=\"wp-block-group alignfull is-content-justification-center is-layout-constrained wp-container-core-group-is-layout-4853c3a7 wp-block-group-is-layout-constrained\" style=\"margin-top:0;margin-bottom:0;padding-top:calc( 0.5 * var(u002du002dwpu002du002dstyleu002du002drootu002du002dpadding-right, var(u002du002dwpu002du002dcustomu002du002dgapu002du002dhorizontal)));padding-right:var(u002du002dwpu002du002dstyleu002du002drootu002du002dpadding-right, var(u002du002dwpu002du002dcustomu002du002dgapu002du002dhorizontal));padding-bottom:calc( 0.5 * var(u002du002dwpu002du002dstyleu002du002drootu002du002dpadding-right, var(u002du002dwpu002du002dcustomu002du002dgapu002du002dhorizontal)));padding-left:var(u002du002dwpu002du002dstyleu002du002drootu002du002dpadding-left, var(u002du002dwpu002du002dcustomu002du002dgapu002du002dhorizontal))\">\n<div style=\"height:calc( 0.25 * var(u002du002dwpu002du002dstyleu002du002drootu002du002dpadding-right, var(u002du002dwpu002du002dcustomu002du002dgapu002du002dhorizontal)))\" aria-hidden=\"true\" class=\"wp-block-spacer\"><\/div>\n\n\n\n<div class=\"wp-block-columns alignwide is-layout-flex wp-container-core-columns-is-layout-7387b849 wp-block-columns-is-layout-flex\">\n<div class=\"wp-block-column is-vertically-aligned-center is-layout-flow wp-block-column-is-layout-flow\">\n<figure class=\"wp-block-image size-full\"><img data-recalc-dims=\"1\" loading=\"lazy\" decoding=\"async\" width=\"800\" height=\"616\" src=\"https:\/\/i0.wp.com\/bno-travel.com\/wp-content\/uploads\/2025\/07\/52199845033_2c000ed2d7_c.jpg?resize=800%2C616&#038;ssl=1\" alt=\"Skistar Logde Trysil\" class=\"wp-image-3419\" style=\"aspect-ratio:3\/4;object-fit:cover\" srcset=\"https:\/\/i0.wp.com\/bno-travel.com\/wp-content\/uploads\/2025\/07\/52199845033_2c000ed2d7_c.jpg?w=800&amp;ssl=1 800w, https:\/\/i0.wp.com\/bno-travel.com\/wp-content\/uploads\/2025\/07\/52199845033_2c000ed2d7_c.jpg?resize=300%2C231&amp;ssl=1 300w, https:\/\/i0.wp.com\/bno-travel.com\/wp-content\/uploads\/2025\/07\/52199845033_2c000ed2d7_c.jpg?resize=768%2C591&amp;ssl=1 768w\" sizes=\"(max-width: 800px) 100vw, 800px\" \/><\/figure>\n<\/div>\n\n\n\n<div class=\"wp-block-column is-vertically-aligned-center is-layout-flow wp-block-column-is-layout-flow\">\n<p class=\"has-text-align-left wp-block-paragraph\">Restauranger i Fager\u00e5sen \/ Trysil H\u00f8yfjellssenter<\/p>\n\n\n\n<p class=\"wp-block-paragraph\">High Mountain Center ligger h\u00f6gre upp i bergen och \u00e4r k\u00e4nt f\u00f6r sin vackra utsikt och familjev\u00e4nliga atmosf\u00e4r. H\u00e4r hittar du flera matst\u00e4llen som kombinerar matgl\u00e4dje med lugnet i bergen: <\/p>\n\n\n\n<ul class=\"wp-block-list\">\n<li><strong>Fjellroa<\/strong>: K\u00e4nd f\u00f6r sina hemlagade r\u00e4tter och sin varma atmosf\u00e4r. Fantastiskt l\u00e4ge precis vid backen. <\/li>\n\n\n\n<li>Spiseriet Trysil: Lite n\u00e4rmare liften, p\u00e5 toppen av backen, hittar du <strong>Spiseriet Trysil<\/strong> - en naturlig samlingsplats med en italienskinspirerad meny.<\/li>\n\n\n\n<li><strong>SkiStar Lodge Trysil<\/strong>, som ligger centralt i Fager\u00e5sen, har b\u00e5de <strong>Barken<\/strong> <strong>Restaurant och Stabben Restaurant &amp; Aftersk<\/strong><\/li>\n<\/ul>\n\n\n\n<p class=\"has-text-align-left wp-block-paragraph\">H\u00f6gfj\u00e4llscentret \u00e4r perfekt f\u00f6r den som s\u00f6ker lugn och ro och en upplevelse n\u00e4ra naturen - med god mat inom bekv\u00e4mt r\u00e4ckh\u00e5ll.<\/p>\n\n\n\n<p class=\"wp-block-paragraph\">Icke-alpina aktiviteter - sommar och vinter<\/p>\n\n\n\n<p class=\"wp-block-paragraph\">Trysil \u00e4r inte bara f\u00f6r skidentusiaster! P\u00e5 vintern kan du njuta av: <\/p>\n\n\n\n<ul class=\"wp-block-list\">\n<li>\u00d6ver 100 kilometer l\u00e4ngdskid\u00e5kningssp\u00e5r<\/li>\n\n\n\n<li>Hundspann, sn\u00f6skovandring och isfiske<\/li>\n\n\n\n<li>Pulka\u00e5kning och aktiviteter f\u00f6r barn<\/li>\n\n\n\n<li>Spa- och h\u00e4lsoupplevelser p\u00e5 Radisson Blu och flera stuganl\u00e4ggningar<\/li>\n<\/ul>\n\n\n\n<p class=\"wp-block-paragraph\">P\u00e5 sommaren lockar Trysil:<\/p>\n\n\n\n<ul class=\"wp-block-list\">\n<li><strong>Trysil Bike Arena<\/strong> - Norges b\u00e4sta omr\u00e5de f\u00f6r stigcykling<\/li>\n\n\n\n<li>Vandring i bergen, bergsexpeditioner och kl\u00e4tterpark<\/li>\n\n\n\n<li>Golf, kanotpaddling och fiske i floden Trysil<\/li>\n\n\n\n<li>Familjeparker och naturupplevelser<\/li>\n<\/ul>\n\n\n\n<hr class=\"wp-block-separator has-alpha-channel-opacity\"\/>\n\n\n\n<p class=\"wp-block-paragraph\">Boende med BNO TRAVEL<\/p>\n\n\n\n<p class=\"wp-block-paragraph\">BNO TRAVEL erbjuder ett brett utbud av <a href=\"https:\/\/bno-travel.com\/sv\/boende\/\">boende <\/a>i Trysil - fr\u00e5n moderna l\u00e4genheter till mysiga stugor och hotell. Du kan v\u00e4lja mellan omr\u00e5den som Trysil Turistsenter, H\u00f8yfjellssenteret, Trysilfjell Hytteomr\u00e5de och Trysil Sentrum - alla inom bekv\u00e4mt r\u00e4ckh\u00e5ll fr\u00e5n restauranger och aktiviteter. <\/p>\n\n\n\n<p class=\"wp-block-paragraph\">Vi hj\u00e4lper dig att hitta det boende som passar dig b\u00e4st - oavsett om du reser ensam, med familjen eller i grupp. och uppt\u00e4cka hur mycket Trysil har att erbjuda - \u00e5ret runt. Och naturligtvis kan vi hj\u00e4lpa dig med tips f\u00f6r att g\u00f6ra din vistelse i Trysil \u00e4nnu b\u00e4ttre.    <\/p>\n<\/div>\n<\/div>\n\n\n\n<div style=\"height:calc( 0.25 * var(u002du002dwpu002du002dstyleu002du002drootu002du002dpadding-right, var(u002du002dwpu002du002dcustomu002du002dgapu002du002dhorizontal)))\" aria-hidden=\"true\" class=\"wp-block-spacer\"><\/div>\n<\/div>\n<\/div>\n\n<div class=\"wp-block-group alignfull is-style-default is-content-justification-center is-layout-constrained wp-container-core-group-is-layout-cdf99998 wp-block-group-is-layout-constrained\" style=\"margin-top:0;margin-bottom:0;padding-top:var(--wp--preset--spacing--40);padding-bottom:var(--wp--preset--spacing--40)\"><\/div>\n\n<p class=\"wp-block-paragraph\"><\/p>\n","protected":false},"excerpt":{"rendered":"<p>Restauranger och matst\u00e4llen i Trysil - Smakrikt \u00e5ret runt Trysil erbjuder mycket mer \u00e4n fantastiska skidbackar och bergslandskap. Oavsett om du bes\u00f6ker omr\u00e5det p\u00e5 vintern eller sommaren kan du njuta av ett rikt utbud av restauranger, caf\u00e9er och afterski-st\u00e4llen - allt fr\u00e5n gourmet till snabbmat. Det finns n\u00e5got f\u00f6r alla, oavsett var du bor i [&hellip;]<\/p>\n","protected":false},"author":260013438,"featured_media":0,"parent":0,"menu_order":0,"comment_status":"closed","ping_status":"closed","template":"","meta":{"_crdt_document":"","footnotes":""},"class_list":["post-4239","page","type-page","status-publish","hentry"],"jetpack_likes_enabled":true,"jetpack_sharing_enabled":true,"jetpack_shortlink":"https:\/\/wp.me\/PgDuwj-16n","jetpack-related-posts":[{"id":2727,"url":"https:\/\/bno-travel.com\/sv\/trysil-hogfjallscenter\/","url_meta":{"origin":4239,"position":0},"title":"Trysil h\u00f6gfj\u00e4llscenter","author":"Jan Terje \u00c5s","date":"18 juli 2025","format":false,"excerpt":"Trysil H\u00f8yfjellssenter - Fager\u00e5sen V\u00e4lkommen till f\u00f6rstklassig fj\u00e4llfrid och skidupplevelser! BNO TRAVEL ger dig tillg\u00e5ng till bekv\u00e4ma stugor och l\u00e4genheter p\u00e5 Trysil H\u00f8yfjellssenter \/ Fager\u00e5sen, k\u00e4nt f\u00f6r sitt sn\u00f6s\u00e4kra l\u00e4ge, familjev\u00e4nliga atmosf\u00e4r och panoramautsikt \u00f6ver Trysilfjellet. V\u00e5ra erbjudanden p\u00e5 Fager\u00e5sen \/ Trysil H\u00f8yfjellssenter: Skidor in\/skidor ut: Direkt tillg\u00e5ng till l\u00e4ngdskid\u00e5kning\u2026","rel":"","context":"Liknande inl\u00e4gg","block_context":{"text":"Liknande inl\u00e4gg","link":""},"img":{"alt_text":"Fager\u00e5sen og Trysil H\u00f8yfjellssenter ","src":"https:\/\/i0.wp.com\/bno-travel.com\/wp-content\/uploads\/2025\/07\/10001-Fagerasen1122_006.jpg?resize=350%2C200&ssl=1","width":350,"height":200,"srcset":"https:\/\/i0.wp.com\/bno-travel.com\/wp-content\/uploads\/2025\/07\/10001-Fagerasen1122_006.jpg?resize=350%2C200&ssl=1 1x, https:\/\/i0.wp.com\/bno-travel.com\/wp-content\/uploads\/2025\/07\/10001-Fagerasen1122_006.jpg?resize=525%2C300&ssl=1 1.5x, https:\/\/i0.wp.com\/bno-travel.com\/wp-content\/uploads\/2025\/07\/10001-Fagerasen1122_006.jpg?resize=700%2C400&ssl=1 2x, https:\/\/i0.wp.com\/bno-travel.com\/wp-content\/uploads\/2025\/07\/10001-Fagerasen1122_006.jpg?resize=1050%2C600&ssl=1 3x, https:\/\/i0.wp.com\/bno-travel.com\/wp-content\/uploads\/2025\/07\/10001-Fagerasen1122_006.jpg?resize=1400%2C800&ssl=1 4x"},"classes":[]},{"id":4432,"url":"https:\/\/bno-travel.com\/sv\/langdskidakning-i-trysil\/","url_meta":{"origin":4239,"position":1},"title":"L\u00e4ngdskid\u00e5kning i Trysil","author":"Jan Terje \u00c5s","date":"18 juli 2025","format":false,"excerpt":"L\u00e4ngdskid\u00e5kning i Trysil - Upplev Norges vackraste och mest varierade l\u00e4ngdskidsp\u00e5r V\u00e4lkommen till Trysil - ett vinterparadis f\u00f6r l\u00e4ngdskid\u00e5kningsentusiaster! Med \u00f6ver 100 kilometer preparerade sp\u00e5r, varierade rutter genom skogar och berg, familjev\u00e4nliga omr\u00e5den och storslagen natur \u00e4r Trysilfjellet med omnejd en av Norges mest kompletta destinationer f\u00f6r dig som \u00e4lskar\u2026","rel":"","context":"Liknande inl\u00e4gg","block_context":{"text":"Liknande inl\u00e4gg","link":""},"img":{"alt_text":"Langrenn i Trysil","src":"https:\/\/i0.wp.com\/bno-travel.com\/wp-content\/uploads\/2025\/07\/IMG_5369-rotated.jpg?resize=350%2C200&ssl=1","width":350,"height":200,"srcset":"https:\/\/i0.wp.com\/bno-travel.com\/wp-content\/uploads\/2025\/07\/IMG_5369-rotated.jpg?resize=350%2C200&ssl=1 1x, https:\/\/i0.wp.com\/bno-travel.com\/wp-content\/uploads\/2025\/07\/IMG_5369-rotated.jpg?resize=525%2C300&ssl=1 1.5x, https:\/\/i0.wp.com\/bno-travel.com\/wp-content\/uploads\/2025\/07\/IMG_5369-rotated.jpg?resize=700%2C400&ssl=1 2x, https:\/\/i0.wp.com\/bno-travel.com\/wp-content\/uploads\/2025\/07\/IMG_5369-rotated.jpg?resize=1050%2C600&ssl=1 3x, https:\/\/i0.wp.com\/bno-travel.com\/wp-content\/uploads\/2025\/07\/IMG_5369-rotated.jpg?resize=1400%2C800&ssl=1 4x"},"classes":[]},{"id":2746,"url":"https:\/\/bno-travel.com\/sv\/upptack-trysil-aret-runt-for-aktiva-semesterfirare\/","url_meta":{"origin":4239,"position":2},"title":"Uppt\u00e4ck Trysil: \u00c5ret runt f\u00f6r aktiva semesterfirare","author":"Jan Terje \u00c5s","date":"18 juli 2025","format":false,"excerpt":"Upplevelse Trysil \u2605\u2605\u2605\u2605\u2605 H\u00e4r hittar du boende i Trysil Trysil \u00e4r inte bara Norges st\u00f6rsta skiddestination - det \u00e4r ocks\u00e5 ett paradis \u00e5ret runt f\u00f6r aktiva g\u00e4ster, familjer och natur\u00e4lskare. Oavsett om du bes\u00f6ker berget f\u00f6r hastighet och sp\u00e4nning, avkoppling eller kvalitetstid f\u00f6r familjen, hittar du upplevelser som passar dig.\u2026","rel":"","context":"Liknande inl\u00e4gg","block_context":{"text":"Liknande inl\u00e4gg","link":""},"img":{"alt_text":"Opplev Trysil","src":"https:\/\/i0.wp.com\/bno-travel.com\/wp-content\/uploads\/2025\/07\/20.06.19_Dronebilder-Sentrum_FULLSIZE-2.jpg?resize=350%2C200&ssl=1","width":350,"height":200,"srcset":"https:\/\/i0.wp.com\/bno-travel.com\/wp-content\/uploads\/2025\/07\/20.06.19_Dronebilder-Sentrum_FULLSIZE-2.jpg?resize=350%2C200&ssl=1 1x, https:\/\/i0.wp.com\/bno-travel.com\/wp-content\/uploads\/2025\/07\/20.06.19_Dronebilder-Sentrum_FULLSIZE-2.jpg?resize=525%2C300&ssl=1 1.5x, https:\/\/i0.wp.com\/bno-travel.com\/wp-content\/uploads\/2025\/07\/20.06.19_Dronebilder-Sentrum_FULLSIZE-2.jpg?resize=700%2C400&ssl=1 2x, https:\/\/i0.wp.com\/bno-travel.com\/wp-content\/uploads\/2025\/07\/20.06.19_Dronebilder-Sentrum_FULLSIZE-2.jpg?resize=1050%2C600&ssl=1 3x, https:\/\/i0.wp.com\/bno-travel.com\/wp-content\/uploads\/2025\/07\/20.06.19_Dronebilder-Sentrum_FULLSIZE-2.jpg?resize=1400%2C800&ssl=1 4x"},"classes":[]},{"id":4426,"url":"https:\/\/bno-travel.com\/sv\/alpin-skidakning-i-trysil\/","url_meta":{"origin":4239,"position":3},"title":"Alpin skid\u00e5kning i Trysil","author":"Jan Terje \u00c5s","date":"18 juli 2025","format":false,"excerpt":"Alpin skid\u00e5kning i Trysil - Upplev Norges st\u00f6rsta och mest popul\u00e4ra skidort V\u00e4lkommen till Trysil - Norges st\u00f6rsta alpina skidort och ett riktigt vinterparadis f\u00f6r hela familjen! Med milsl\u00e5nga preparerade pister, ett modernt liftsystem, barnv\u00e4nliga omr\u00e5den och en fantastisk fj\u00e4llnatur \u00e4r Trysilfjellet den ultimata destinationen f\u00f6r dig som \u00e4lskar alpin\u2026","rel":"","context":"Liknande inl\u00e4gg","block_context":{"text":"Liknande inl\u00e4gg","link":""},"img":{"alt_text":"Alpint i Trysil","src":"https:\/\/i0.wp.com\/bno-travel.com\/wp-content\/uploads\/2025\/06\/AdobeStock_182554441-e1750784403298.jpeg?resize=350%2C200&ssl=1","width":350,"height":200,"srcset":"https:\/\/i0.wp.com\/bno-travel.com\/wp-content\/uploads\/2025\/06\/AdobeStock_182554441-e1750784403298.jpeg?resize=350%2C200&ssl=1 1x, https:\/\/i0.wp.com\/bno-travel.com\/wp-content\/uploads\/2025\/06\/AdobeStock_182554441-e1750784403298.jpeg?resize=525%2C300&ssl=1 1.5x, https:\/\/i0.wp.com\/bno-travel.com\/wp-content\/uploads\/2025\/06\/AdobeStock_182554441-e1750784403298.jpeg?resize=700%2C400&ssl=1 2x"},"classes":[]},{"id":2723,"url":"https:\/\/bno-travel.com\/sv\/trysil-turistcenter\/","url_meta":{"origin":4239,"position":4},"title":"Trysil turistcenter","author":"Jan Terje \u00c5s","date":"18 juli 2025","format":false,"excerpt":"Trysil - Huvudomr\u00e5de Trysil Turistsenter - boende i Trysil med enkel tillg\u00e5ng till aktiviteter, skidskola och skiduthyrning Trysil Turistsenter \u00e4r ett av de mest popul\u00e4ra omr\u00e5dena f\u00f6r boende i Trysil, med n\u00e4rhet till aktiviteter, service och en bra utg\u00e5ngspunkt f\u00f6r b\u00e5de vinter- och sommarvistelse. Se enheter Se karta Bo mitt\u2026","rel":"","context":"Liknande inl\u00e4gg","block_context":{"text":"Liknande inl\u00e4gg","link":""},"img":{"alt_text":"","src":"","width":0,"height":0},"classes":[]}],"_links":{"self":[{"href":"https:\/\/bno-travel.com\/sv\/wp-json\/wp\/v2\/pages\/4239","targetHints":{"allow":["GET"]}}],"collection":[{"href":"https:\/\/bno-travel.com\/sv\/wp-json\/wp\/v2\/pages"}],"about":[{"href":"https:\/\/bno-travel.com\/sv\/wp-json\/wp\/v2\/types\/page"}],"author":[{"embeddable":true,"href":"https:\/\/bno-travel.com\/sv\/wp-json\/wp\/v2\/users\/260013438"}],"replies":[{"embeddable":true,"href":"https:\/\/bno-travel.com\/sv\/wp-json\/wp\/v2\/comments?post=4239"}],"version-history":[{"count":3,"href":"https:\/\/bno-travel.com\/sv\/wp-json\/wp\/v2\/pages\/4239\/revisions"}],"predecessor-version":[{"id":5377,"href":"https:\/\/bno-travel.com\/sv\/wp-json\/wp\/v2\/pages\/4239\/revisions\/5377"}],"wp:attachment":[{"href":"https:\/\/bno-travel.com\/sv\/wp-json\/wp\/v2\/media?parent=4239"}],"curies":[{"name":"wp","href":"https:\/\/api.w.org\/{rel}","templated":true}]}}