{"id":4381,"date":"2025-07-18T20:36:15","date_gmt":"2025-07-18T18:36:15","guid":{"rendered":"https:\/\/bno-travel.com\/?page_id=4381"},"modified":"2025-07-18T20:36:43","modified_gmt":"2025-07-18T18:36:43","slug":"klatterpark-i-trysil","status":"publish","type":"page","link":"https:\/\/bno-travel.com\/sv\/klatterpark-i-trysil\/","title":{"rendered":"Kl\u00e4tterpark i Trysil"},"content":{"rendered":"\n<p class=\"wp-block-paragraph\"><\/p>\n\n<div class=\"wp-block-cover alignfull\" style=\"margin-top:0;margin-bottom:0;padding-top:var(--wp--preset--spacing--20);padding-right:var(--wp--preset--spacing--40);padding-bottom:var(--wp--preset--spacing--20);padding-left:var(--wp--preset--spacing--40);min-height:906px;aspect-ratio:unset;\"><img data-recalc-dims=\"1\" fetchpriority=\"high\" decoding=\"async\" width=\"800\" height=\"534\" class=\"wp-block-cover__image-background wp-image-2239 size-full\" alt=\"\" src=\"https:\/\/i0.wp.com\/bno-travel.com\/wp-content\/uploads\/2025\/06\/43124442155_8f90996eef_c.jpg?resize=800%2C534&#038;ssl=1\" style=\"object-position:54% 56%\" data-object-fit=\"cover\" data-object-position=\"54% 56%\" srcset=\"https:\/\/i0.wp.com\/bno-travel.com\/wp-content\/uploads\/2025\/06\/43124442155_8f90996eef_c.jpg?w=800&amp;ssl=1 800w, https:\/\/i0.wp.com\/bno-travel.com\/wp-content\/uploads\/2025\/06\/43124442155_8f90996eef_c.jpg?resize=300%2C200&amp;ssl=1 300w, https:\/\/i0.wp.com\/bno-travel.com\/wp-content\/uploads\/2025\/06\/43124442155_8f90996eef_c.jpg?resize=768%2C513&amp;ssl=1 768w\" sizes=\"(max-width: 800px) 100vw, 800px\" \/><span aria-hidden=\"true\" class=\"wp-block-cover__background has-theme-1-background-color has-background-dim-30 has-background-dim\"><\/span><div class=\"wp-block-cover__inner-container is-layout-flow wp-block-cover-is-layout-flow\">\n<div style=\"height:var(--wp--preset--spacing--50)\" aria-hidden=\"true\" class=\"wp-block-spacer\"><\/div>\n\n\n\n<div style=\"height:var(--wp--preset--spacing--50)\" aria-hidden=\"true\" class=\"wp-block-spacer\"><\/div>\n<\/div><\/div>\n\n<div class=\"wp-block-group alignfull is-style-section-3 is-layout-constrained wp-block-group-is-layout-constrained\" style=\"margin-top:0;margin-bottom:0;padding-top:var(--wp--preset--spacing--40);padding-bottom:var(--wp--preset--spacing--40)\">\n<div class=\"wp-block-columns alignwide are-vertically-aligned-center is-layout-flex wp-container-core-columns-is-layout-d9ad523d wp-block-columns-is-layout-flex\">\n<div class=\"wp-block-column is-vertically-aligned-center is-layout-flow wp-block-column-is-layout-flow\">\n<figure class=\"wp-block-image size-full\"><img data-recalc-dims=\"1\" decoding=\"async\" width=\"800\" height=\"534\" src=\"https:\/\/i0.wp.com\/bno-travel.com\/wp-content\/uploads\/2025\/06\/43311668904_2a700093da_c.jpg?resize=800%2C534&#038;ssl=1\" alt=\"\" class=\"wp-image-2434\" style=\"aspect-ratio:3\/4;object-fit:cover\" title=\"titel\" srcset=\"https:\/\/i0.wp.com\/bno-travel.com\/wp-content\/uploads\/2025\/06\/43311668904_2a700093da_c.jpg?w=800&amp;ssl=1 800w, https:\/\/i0.wp.com\/bno-travel.com\/wp-content\/uploads\/2025\/06\/43311668904_2a700093da_c.jpg?resize=300%2C200&amp;ssl=1 300w, https:\/\/i0.wp.com\/bno-travel.com\/wp-content\/uploads\/2025\/06\/43311668904_2a700093da_c.jpg?resize=768%2C513&amp;ssl=1 768w\" sizes=\"(max-width: 800px) 100vw, 800px\" \/><\/figure>\n<\/div>\n\n\n\n<div class=\"wp-block-column is-vertically-aligned-center is-content-justification-left is-layout-constrained wp-container-core-column-is-layout-b64f6bf5 wp-block-column-is-layout-constrained\">\n<p class=\"wp-block-paragraph\"><\/p>\n\n\n\n<h2 class=\"wp-block-heading\">Kl\u00e4tterpark i Trysil - Sp\u00e4nning, skicklighet och n\u00f6je f\u00f6r hela familjen<\/h2>\n\n\n\n<p class=\"wp-block-paragraph\">V\u00e4lkommen till H\u00f8yt &amp; Lavt <strong><a href=\"https:\/\/www.trysil.com\/bedrifter\/skistar-trysil\/hoyt--lavt-klatrepark\/\" target=\"_blank\" rel=\"noopener\">H\u00f8yt &amp; Lavt Trysil<\/a><\/strong>H\u00f8yt &amp; Lavt Trysil \u00e4r en av Norges mest popul\u00e4ra och moderna kl\u00e4tterparker - mitt i Trysils natursk\u00f6na skogar. H\u00e4r hittar du svindlande ziplines, hinderbanor i tr\u00e4den och utmaningar f\u00f6r b\u00e5de barn, vuxna och adrenalins\u00f6kande \u00e4ventyrare. <\/p>\n\n\n\n<p class=\"wp-block-paragraph\">Med BNO TRAVEL kan du enkelt planera och boka en aktiv semester i Trysil, d\u00e4r kl\u00e4tterparken kommer att bli en h\u00f6jdpunkt - oavsett om du kommer med familjen, kompisg\u00e4nget eller kollegorna.<\/p>\n\n\n\n<p class=\"wp-block-paragraph\">En upplevelse som passar alla<\/p>\n\n\n\n<p class=\"wp-block-paragraph\"><a href=\"https:\/\/www.trysil.com\/bedrifter\/skistar-trysil\/hoyt--lavt-klatrepark\/\" target=\"_blank\" rel=\"noopener\">H\u00f8yt &amp; Lavt i Trysil <\/a>\u00e4r utformat f\u00f6r att passa b\u00e5de stora och sm\u00e5 - barn fr\u00e5n 2 \u00e5r och upp\u00e5t kan kl\u00e4ttra p\u00e5 s\u00e4kra och roliga leder, medan ungdomar och vuxna kan ta sig an h\u00f6gre och mer kr\u00e4vande partier.<\/p>\n\n\n\n<p class=\"wp-block-paragraph\">Detta \u00e4r en perfekt aktivitet f\u00f6r:<\/p>\n\n\n\n<ul class=\"wp-block-list\">\n<li><strong>Semester f\u00f6r hela familjen<\/strong><\/li>\n\n\n\n<li><strong>Teambuilding och f\u00f6retagsresor<\/strong><\/li>\n\n\n\n<li><strong>V\u00e4nskapsgrupper och svensexor<\/strong><\/li>\n\n\n\n<li><strong>Aktiv semester f\u00f6r par och singlar<\/strong><\/li>\n<\/ul>\n\n\n\n<p class=\"wp-block-paragraph\">Att vara p\u00e5 h\u00f6g h\u00f6jd, utmana sina egna gr\u00e4nser och uppleva m\u00e4sterskap tillsammans med andra skapar b\u00e5de goda minnen och verklig gemenskap.<\/p>\n\n\n\n<div class=\"wp-block-buttons is-layout-flex wp-block-buttons-is-layout-flex\"><\/div>\n<\/div>\n<\/div>\n<\/div>\n\n<div class=\"wp-block-group alignfull is-style-default is-content-justification-center is-layout-constrained wp-container-core-group-is-layout-69af11d0 wp-block-group-is-layout-constrained\" style=\"margin-top:0;margin-bottom:0;padding-top:var(--wp--preset--spacing--40);padding-bottom:var(--wp--preset--spacing--40)\">\n<div class=\"wp-block-group alignwide is-content-justification-left is-layout-constrained wp-container-core-group-is-layout-54d22900 wp-block-group-is-layout-constrained\">\n<div class=\"wp-block-buttons is-layout-flex wp-block-buttons-is-layout-flex\"><\/div>\n<\/div>\n<\/div>\n\n<div class=\"wp-block-group alignfull is-content-justification-center is-layout-constrained wp-block-group-is-layout-constrained\" style=\"margin-top:0;margin-bottom:0;padding-top:var(--wp--preset--spacing--40);padding-bottom:var(--wp--preset--spacing--40)\">\n<div class=\"wp-block-columns alignwide are-vertically-aligned-center is-layout-flex wp-container-core-columns-is-layout-7387b849 wp-block-columns-is-layout-flex\">\n<div class=\"wp-block-column is-vertically-aligned-center is-content-justification-left is-layout-constrained wp-container-core-column-is-layout-b64f6bf5 wp-block-column-is-layout-constrained\">\n<h2 class=\"wp-block-heading has-xx-large-font-size\">Fakta om Klatreparken i Trysil<\/h2>\n\n\n\n<p class=\"wp-block-paragraph\">Kl\u00e4tterparken \u00e4r centralt bel\u00e4gen vid Trysil Turistsenter och \u00e4r en del av det stora utbudet av sommar- och h\u00f6staktiviteter i regionen. H\u00e4r hittar du: <\/p>\n\n\n\n<ul class=\"wp-block-list\">\n<li><strong>\u00d6ver 130 olika hinder och aktiviteter i tr\u00e4den<\/strong><\/li>\n\n\n\n<li><strong>10 olika kl\u00e4tterv\u00e4gar<\/strong>, anpassade till olika h\u00f6jder och skicklighetsniv\u00e5er<\/li>\n\n\n\n<li><strong>Ziplines<\/strong> av varierande l\u00e4ngd - flera \u00f6ver 100 meter<\/li>\n\n\n\n<li>S\u00e4rskilda <strong>barnsp\u00e5r fr\u00e5n 80 cm h\u00f6jd<\/strong> och utmaningar f\u00f6r de mest erfarna<\/li>\n\n\n\n<li>Fokus p\u00e5 s\u00e4kerhet med moderna sele- och fasth\u00e5llningssystem<\/li>\n\n\n\n<li>Kiosk, uteplatser och lugna zoner f\u00f6r pauser och picknick<\/li>\n<\/ul>\n\n\n\n<p class=\"wp-block-paragraph\">Parken \u00e4r kategoriserad efter sv\u00e5righetsgrad s\u00e5 att alla kan hitta en passande bana. Du kan b\u00f6rja p\u00e5 den gr\u00f6na banan f\u00f6r att f\u00e5 en \u00f6verblick och beh\u00e4rska den, och arbeta dig upp till r\u00f6d och svart f\u00f6r maximal utmaning och sp\u00e4nning. <\/p>\n\n\n\n<p class=\"wp-block-paragraph\">Extra tips: <a href=\"https:\/\/www.trysil.com\/bedrifter\/skistar-trysil\/rafting\/\" target=\"_blank\" rel=\"noopener\">Prova p\u00e5 forsr\u00e4nning och \u00e4lvaktiviteter i Trysilelva<\/a><\/p>\n\n\n\n<p class=\"wp-block-paragraph\">Kl\u00e4tterparken \u00e4r bara en av m\u00e5nga sp\u00e4nnande aktiviteter i Trysil! N\u00e4r du v\u00e4l \u00e4r h\u00e4r b\u00f6r du ocks\u00e5 \u00f6verv\u00e4ga att uppleva <strong>Trysilelva<\/strong> - en vacker och kraftfull \u00e4lv som erbjuder sp\u00e4nnande vattenaktiviteter. <\/p>\n\n\n\n<p class=\"wp-block-paragraph\"><strong>Rafting i Trysil<\/strong> \u00e4r en av de mest popul\u00e4ra sommaraktiviteterna. Turerna leds av professionella guider och passar b\u00e5de nyb\u00f6rjare och de som vill ha lite extra action. Du kan v\u00e4lja mellan lugnare familjeturer med forsr\u00e4nning och mer utmanande turer i branta forsar.  <\/p>\n\n\n\n<div class=\"wp-block-buttons is-layout-flex wp-block-buttons-is-layout-flex\"><\/div>\n<\/div>\n\n\n\n<div class=\"wp-block-column is-vertically-aligned-center is-layout-flow wp-block-column-is-layout-flow\">\n<figure class=\"wp-block-image size-full\"><img data-recalc-dims=\"1\" decoding=\"async\" width=\"800\" height=\"534\" src=\"https:\/\/i0.wp.com\/bno-travel.com\/wp-content\/uploads\/2025\/06\/43124440865_479eca7e07_c.jpg?resize=800%2C534&#038;ssl=1\" alt=\"Kl&#xE4;tterpark i Trysil\" class=\"wp-image-2421\" style=\"aspect-ratio:3\/4;object-fit:cover\" srcset=\"https:\/\/i0.wp.com\/bno-travel.com\/wp-content\/uploads\/2025\/06\/43124440865_479eca7e07_c.jpg?w=800&amp;ssl=1 800w, https:\/\/i0.wp.com\/bno-travel.com\/wp-content\/uploads\/2025\/06\/43124440865_479eca7e07_c.jpg?resize=300%2C200&amp;ssl=1 300w, https:\/\/i0.wp.com\/bno-travel.com\/wp-content\/uploads\/2025\/06\/43124440865_479eca7e07_c.jpg?resize=768%2C513&amp;ssl=1 768w\" sizes=\"(max-width: 800px) 100vw, 800px\" \/><\/figure>\n<\/div>\n<\/div>\n<\/div>\n\n<div class=\"wp-block-group alignfull is-style-default is-content-justification-center is-layout-constrained wp-container-core-group-is-layout-69af11d0 wp-block-group-is-layout-constrained\" style=\"margin-top:0;margin-bottom:0;padding-top:var(--wp--preset--spacing--40);padding-bottom:var(--wp--preset--spacing--40)\">\n<div class=\"wp-block-group alignfull is-content-justification-center is-layout-constrained wp-container-core-group-is-layout-4853c3a7 wp-block-group-is-layout-constrained\" style=\"margin-top:0;margin-bottom:0;padding-top:calc( 0.5 * var(u002du002dwpu002du002dstyleu002du002drootu002du002dpadding-right, var(u002du002dwpu002du002dcustomu002du002dgapu002du002dhorizontal)));padding-right:var(u002du002dwpu002du002dstyleu002du002drootu002du002dpadding-right, var(u002du002dwpu002du002dcustomu002du002dgapu002du002dhorizontal));padding-bottom:calc( 0.5 * var(u002du002dwpu002du002dstyleu002du002drootu002du002dpadding-right, var(u002du002dwpu002du002dcustomu002du002dgapu002du002dhorizontal)));padding-left:var(u002du002dwpu002du002dstyleu002du002drootu002du002dpadding-left, var(u002du002dwpu002du002dcustomu002du002dgapu002du002dhorizontal))\">\n<div style=\"height:calc( 0.25 * var(u002du002dwpu002du002dstyleu002du002drootu002du002dpadding-right, var(u002du002dwpu002du002dcustomu002du002dgapu002du002dhorizontal)))\" aria-hidden=\"true\" class=\"wp-block-spacer\"><\/div>\n\n\n\n<div class=\"wp-block-columns alignwide is-layout-flex wp-container-core-columns-is-layout-7387b849 wp-block-columns-is-layout-flex\">\n<div class=\"wp-block-column is-vertically-aligned-center is-layout-flow wp-block-column-is-layout-flow\">\n<figure class=\"wp-block-image size-full\"><img data-recalc-dims=\"1\" loading=\"lazy\" decoding=\"async\" width=\"800\" height=\"530\" src=\"https:\/\/i0.wp.com\/bno-travel.com\/wp-content\/uploads\/2025\/06\/19105869168_e052658c34_c.jpg?resize=800%2C530&#038;ssl=1\" alt=\"Forsr&#xE4;nning i Trysil\" class=\"wp-image-2317\" style=\"aspect-ratio:3\/4;object-fit:cover\" srcset=\"https:\/\/i0.wp.com\/bno-travel.com\/wp-content\/uploads\/2025\/06\/19105869168_e052658c34_c.jpg?w=800&amp;ssl=1 800w, https:\/\/i0.wp.com\/bno-travel.com\/wp-content\/uploads\/2025\/06\/19105869168_e052658c34_c.jpg?resize=300%2C199&amp;ssl=1 300w, https:\/\/i0.wp.com\/bno-travel.com\/wp-content\/uploads\/2025\/06\/19105869168_e052658c34_c.jpg?resize=768%2C509&amp;ssl=1 768w\" sizes=\"(max-width: 800px) 100vw, 800px\" \/><\/figure>\n<\/div>\n\n\n\n<div class=\"wp-block-column is-vertically-aligned-center is-layout-flow wp-block-column-is-layout-flow\">\n<p class=\"has-text-align-left wp-block-paragraph\">Andra aktiviteter p\u00e5 floden inkluderar:<\/p>\n\n\n\n<ul class=\"wp-block-list\">\n<li><strong>Flodpaddling och kajakpaddling<\/strong><\/li>\n\n\n\n<li><strong>Badplatser och flodpromenader<\/strong><\/li>\n\n\n\n<li><strong>SUP (Stand Up Paddle) i lugnare omr\u00e5den<\/strong><\/li>\n\n\n\n<li><strong>Fiske<\/strong> i Trysilelva - k\u00e4nd f\u00f6r \u00f6ring och harr<\/li>\n<\/ul>\n\n\n\n<p class=\"wp-block-paragraph\">Dessa aktiviteter kombinerar naturupplevelser, adrenalin och avkoppling p\u00e5 ett unikt s\u00e4tt.<\/p>\n\n\n\n<p class=\"wp-block-paragraph\"><a href=\"https:\/\/bno-travel.com\/sv\/?page_id=2738\">Boende i Trysil<\/a> - bo n\u00e4ra aktiviteterna<\/p>\n\n\n\n<p class=\"wp-block-paragraph\">BNO TRAVEL erbjuder ett brett utbud av <strong>boendealternativ<\/strong> i Trysil, b\u00e5de i och runt Trysil Turistsenter och Trysil H\u00f8yfjellssenter\/Fager\u00e5sen. Du kan v\u00e4lja mellan: <\/p>\n\n\n\n<ul class=\"wp-block-list\">\n<li><strong>Moderna stugor och l\u00e4genheter med h\u00f6g standard och n\u00e4rhet till kl\u00e4tterparken<\/strong><\/li>\n\n\n\n<li><strong>Familjev\u00e4nliga enheter<\/strong> med plats f\u00f6r fler och bra faciliteter<\/li>\n<\/ul>\n\n\n\n<p class=\"wp-block-paragraph\">Alla boendealternativ ger dig tillg\u00e5ng till naturupplevelser, vandringsleder, cykelv\u00e4gar och aktivitetsomr\u00e5den. Med v\u00e5r hj\u00e4lp hittar du den plats som passar dig b\u00e4st - oavsett om du vill ha h\u00f6g komfort, en budgetv\u00e4nlig l\u00f6sning eller n\u00e5got d\u00e4remellan. Gl\u00f6m inte att priserna p\u00e5 boende \u00e4r s\u00e4rskilt gynnsamma p\u00e5 sommaren. Det betyder att du f\u00e5r extra mycket f\u00f6r pengarna n\u00e4r du tillbringar din semester i Trysil. M\u00e5nga aktiviteter \u00e4r v\u00e4lorganiserade och ofta helt kostnadsfria, s\u00e5 h\u00e4r \u00e4r ett extra tips: ta cykeln och vandringsk\u00e4ngorna och bege dig till Trysil.    <\/p>\n\n\n\n<hr class=\"wp-block-separator has-alpha-channel-opacity\"\/>\n\n\n\n<p class=\"wp-block-paragraph\">Planera din aktiva semester med BNO TRAVEL<\/p>\n\n\n\n<p class=\"wp-block-paragraph\">Hos BNO TRAVEL kan du enkelt <strong>skr\u00e4ddarsy en semester fylld av aktiviteter, natur och upplevelser<\/strong>. Vi hj\u00e4lper dig med: <\/p>\n\n\n\n<ul class=\"wp-block-list\">\n<li>Bokning av kl\u00e4tterparken och andra aktiviteter<\/li>\n\n\n\n<li>Boende i hela Trysil-omr\u00e5det<\/li>\n\n\n\n<li>Tips p\u00e5 matst\u00e4llen och saker att g\u00f6ra<\/li>\n\n\n\n<li>Lokal k\u00e4nnedom och personlig service<\/li>\n<\/ul>\n\n\n\n<p class=\"wp-block-paragraph\">Trysil \u00e4r mer \u00e4n bara skid\u00e5kning - det \u00e4r en \u00e5ret-runt-destination d\u00e4r natur, aktivitet och familjeupplevelser m\u00f6ts. Oavsett om du vill kl\u00e4ttra i tr\u00e4d, paddla i \u00e4lven, cykla i bergen eller bara njuta av den friska luften och lugnet i bergen, s\u00e5 \u00e4r Trysil platsen f\u00f6r dig. <\/p>\n\n\n\n<div class=\"wp-block-buttons is-content-justification-center is-layout-flex wp-container-core-buttons-is-layout-3e41869c wp-block-buttons-is-layout-flex\"><\/div>\n<\/div>\n<\/div>\n\n\n\n<div style=\"height:calc( 0.25 * var(u002du002dwpu002du002dstyleu002du002drootu002du002dpadding-right, var(u002du002dwpu002du002dcustomu002du002dgapu002du002dhorizontal)))\" aria-hidden=\"true\" class=\"wp-block-spacer\"><\/div>\n<\/div>\n\n\n\n<div class=\"wp-block-group alignwide is-content-justification-left is-layout-constrained wp-container-core-group-is-layout-54d22900 wp-block-group-is-layout-constrained\">\n<div class=\"wp-block-buttons is-layout-flex wp-block-buttons-is-layout-flex\"><\/div>\n<\/div>\n<\/div>\n\n<div class=\"wp-block-group alignfull is-style-default is-content-justification-center is-layout-constrained wp-container-core-group-is-layout-cdf99998 wp-block-group-is-layout-constrained\" style=\"margin-top:0;margin-bottom:0;padding-top:var(--wp--preset--spacing--40);padding-bottom:var(--wp--preset--spacing--40)\"><\/div>\n\n<p class=\"wp-block-paragraph\"><\/p>\n","protected":false},"excerpt":{"rendered":"<p>Kl\u00e4tterpark i Trysil - Sp\u00e4nning, skicklighet och n\u00f6je f\u00f6r hela familjen V\u00e4lkommen till H\u00f8yt &amp; Lavt H\u00f8yt &amp; Lavt TrysilH\u00f8yt &amp; Lavt Trysil \u00e4r en av Norges mest popul\u00e4ra och moderna kl\u00e4tterparker - mitt i Trysils natursk\u00f6na skogar. H\u00e4r hittar du svindlande ziplines, hinderbanor i tr\u00e4den och utmaningar f\u00f6r b\u00e5de barn, vuxna och adrenalins\u00f6kande \u00e4ventyrare. [&hellip;]<\/p>\n","protected":false},"author":260013438,"featured_media":0,"parent":0,"menu_order":0,"comment_status":"closed","ping_status":"closed","template":"","meta":{"_crdt_document":"","footnotes":""},"class_list":["post-4381","page","type-page","status-publish","hentry"],"jetpack_likes_enabled":true,"jetpack_sharing_enabled":true,"jetpack_shortlink":"https:\/\/wp.me\/PgDuwj-18F","jetpack-related-posts":[{"id":2746,"url":"https:\/\/bno-travel.com\/sv\/upptack-trysil-aret-runt-for-aktiva-semesterfirare\/","url_meta":{"origin":4381,"position":0},"title":"Uppt\u00e4ck Trysil: \u00c5ret runt f\u00f6r aktiva semesterfirare","author":"Jan Terje \u00c5s","date":"18 juli 2025","format":false,"excerpt":"Upplevelse Trysil \u2605\u2605\u2605\u2605\u2605 H\u00e4r hittar du boende i Trysil Trysil \u00e4r inte bara Norges st\u00f6rsta skiddestination - det \u00e4r ocks\u00e5 ett paradis \u00e5ret runt f\u00f6r aktiva g\u00e4ster, familjer och natur\u00e4lskare. Oavsett om du bes\u00f6ker berget f\u00f6r hastighet och sp\u00e4nning, avkoppling eller kvalitetstid f\u00f6r familjen, hittar du upplevelser som passar dig.\u2026","rel":"","context":"Liknande inl\u00e4gg","block_context":{"text":"Liknande inl\u00e4gg","link":""},"img":{"alt_text":"Opplev Trysil","src":"https:\/\/i0.wp.com\/bno-travel.com\/wp-content\/uploads\/2025\/07\/20.06.19_Dronebilder-Sentrum_FULLSIZE-2.jpg?resize=350%2C200&ssl=1","width":350,"height":200,"srcset":"https:\/\/i0.wp.com\/bno-travel.com\/wp-content\/uploads\/2025\/07\/20.06.19_Dronebilder-Sentrum_FULLSIZE-2.jpg?resize=350%2C200&ssl=1 1x, https:\/\/i0.wp.com\/bno-travel.com\/wp-content\/uploads\/2025\/07\/20.06.19_Dronebilder-Sentrum_FULLSIZE-2.jpg?resize=525%2C300&ssl=1 1.5x, https:\/\/i0.wp.com\/bno-travel.com\/wp-content\/uploads\/2025\/07\/20.06.19_Dronebilder-Sentrum_FULLSIZE-2.jpg?resize=700%2C400&ssl=1 2x, https:\/\/i0.wp.com\/bno-travel.com\/wp-content\/uploads\/2025\/07\/20.06.19_Dronebilder-Sentrum_FULLSIZE-2.jpg?resize=1050%2C600&ssl=1 3x, https:\/\/i0.wp.com\/bno-travel.com\/wp-content\/uploads\/2025\/07\/20.06.19_Dronebilder-Sentrum_FULLSIZE-2.jpg?resize=1400%2C800&ssl=1 4x"},"classes":[]},{"id":4192,"url":"https:\/\/bno-travel.com\/sv\/klatterpark-i-salen\/","url_meta":{"origin":4381,"position":1},"title":"Kl\u00e4tterpark i S\u00e4len","author":"Jan Terje \u00c5s","date":"18 juli 2025","format":false,"excerpt":"Kl\u00e4tterparken i S\u00e4len - sp\u00e4nning, skicklighet och skoj f\u00f6r hela familjen V\u00e4lkommen till H\u00f6gt & L\u00e5gt S\u00e4len, en modern och familjev\u00e4nlig kl\u00e4tterpark vackert bel\u00e4gen vid Svansj\u00f6n i Lindvallen. H\u00e4r finns luftiga ziplines, sp\u00e4nnande hinderbanor i tr\u00e4den och utmaningar som passar b\u00e5de sm\u00e5 barn, ton\u00e5ringar, vuxna och adrenalinsugna \u00e4ventyrare. Med BNO\u2026","rel":"","context":"Liknande inl\u00e4gg","block_context":{"text":"Liknande inl\u00e4gg","link":""},"img":{"alt_text":"Overnatting i S\u00e4len","src":"https:\/\/i0.wp.com\/bno-travel.com\/wp-content\/uploads\/2025\/07\/20D.jpg?resize=350%2C200&ssl=1","width":350,"height":200,"srcset":"https:\/\/i0.wp.com\/bno-travel.com\/wp-content\/uploads\/2025\/07\/20D.jpg?resize=350%2C200&ssl=1 1x, https:\/\/i0.wp.com\/bno-travel.com\/wp-content\/uploads\/2025\/07\/20D.jpg?resize=525%2C300&ssl=1 1.5x, https:\/\/i0.wp.com\/bno-travel.com\/wp-content\/uploads\/2025\/07\/20D.jpg?resize=700%2C400&ssl=1 2x, https:\/\/i0.wp.com\/bno-travel.com\/wp-content\/uploads\/2025\/07\/20D.jpg?resize=1050%2C600&ssl=1 3x"},"classes":[]},{"id":4239,"url":"https:\/\/bno-travel.com\/sv\/restauranger-i-trysil\/","url_meta":{"origin":4381,"position":2},"title":"Restauranger i Trysil","author":"Jan Terje \u00c5s","date":"18 juli 2025","format":false,"excerpt":"Restauranger och matst\u00e4llen i Trysil - Smakrikt \u00e5ret runt Trysil erbjuder mycket mer \u00e4n fantastiska skidbackar och bergslandskap. Oavsett om du bes\u00f6ker omr\u00e5det p\u00e5 vintern eller sommaren kan du njuta av ett rikt utbud av restauranger, caf\u00e9er och afterski-st\u00e4llen - allt fr\u00e5n gourmet till snabbmat. Det finns n\u00e5got f\u00f6r alla,\u2026","rel":"","context":"Liknande inl\u00e4gg","block_context":{"text":"Liknande inl\u00e4gg","link":""},"img":{"alt_text":"Skistar Logde Trysil","src":"https:\/\/i0.wp.com\/bno-travel.com\/wp-content\/uploads\/2025\/07\/52199845033_2c000ed2d7_c.jpg?resize=350%2C200&ssl=1","width":350,"height":200,"srcset":"https:\/\/i0.wp.com\/bno-travel.com\/wp-content\/uploads\/2025\/07\/52199845033_2c000ed2d7_c.jpg?resize=350%2C200&ssl=1 1x, https:\/\/i0.wp.com\/bno-travel.com\/wp-content\/uploads\/2025\/07\/52199845033_2c000ed2d7_c.jpg?resize=525%2C300&ssl=1 1.5x, https:\/\/i0.wp.com\/bno-travel.com\/wp-content\/uploads\/2025\/07\/52199845033_2c000ed2d7_c.jpg?resize=700%2C400&ssl=1 2x"},"classes":[]},{"id":4227,"url":"https:\/\/bno-travel.com\/sv\/vandring-i-trysil\/","url_meta":{"origin":4381,"position":3},"title":"Vandring i Trysil","author":"Jan Terje \u00c5s","date":"18 juli 2025","format":false,"excerpt":"Vandring i Trysil - Fantastiska vandringar, toppar och naturupplevelser V\u00e4lkommen till Trysil - en \u00e5ret-runt-destination som erbjuder mycket mer \u00e4n sn\u00f6 och skid\u00e5kning! N\u00e4r bergen blir gr\u00f6na och luften varm \u00f6ppnar Trysil upp f\u00f6r ett brett utbud av vandringar, toppturer och sp\u00e4nnande naturupplevelser. Oavsett om du letar efter en lugn\u2026","rel":"","context":"Liknande inl\u00e4gg","block_context":{"text":"Liknande inl\u00e4gg","link":""},"img":{"alt_text":"Vandring i Trysil","src":"https:\/\/i0.wp.com\/bno-travel.com\/wp-content\/uploads\/2025\/06\/27930399740_e3e100021e_c.jpg?resize=350%2C200&ssl=1","width":350,"height":200,"srcset":"https:\/\/i0.wp.com\/bno-travel.com\/wp-content\/uploads\/2025\/06\/27930399740_e3e100021e_c.jpg?resize=350%2C200&ssl=1 1x, https:\/\/i0.wp.com\/bno-travel.com\/wp-content\/uploads\/2025\/06\/27930399740_e3e100021e_c.jpg?resize=525%2C300&ssl=1 1.5x, https:\/\/i0.wp.com\/bno-travel.com\/wp-content\/uploads\/2025\/06\/27930399740_e3e100021e_c.jpg?resize=700%2C400&ssl=1 2x"},"classes":[]},{"id":4226,"url":"https:\/\/bno-travel.com\/sv\/bowling-i-trysil\/","url_meta":{"origin":4381,"position":4},"title":"Bowling i Trysil","author":"Jan Terje \u00c5s","date":"18 juli 2025","format":false,"excerpt":"Bowling i Trysil - den perfekta aktiviteten f\u00f6r hela familjen Bowling \u00e4r en popul\u00e4r och social aktivitet f\u00f6r b\u00e5de unga och gamla, och i Trysil hittar du ett modernt och inbjudande bowlingcenter mitt i hj\u00e4rtat av fj\u00e4lldestinationen. Oavsett om du \u00e4r i Trysil p\u00e5 semester med familjen, ett kompisg\u00e4ng eller\u2026","rel":"","context":"Liknande inl\u00e4gg","block_context":{"text":"Liknande inl\u00e4gg","link":""},"img":{"alt_text":"Bowling i Trysil","src":"https:\/\/i0.wp.com\/bno-travel.com\/wp-content\/uploads\/2025\/06\/52198855347_f963be3dbf_c.jpg?resize=350%2C200&ssl=1","width":350,"height":200,"srcset":"https:\/\/i0.wp.com\/bno-travel.com\/wp-content\/uploads\/2025\/06\/52198855347_f963be3dbf_c.jpg?resize=350%2C200&ssl=1 1x, https:\/\/i0.wp.com\/bno-travel.com\/wp-content\/uploads\/2025\/06\/52198855347_f963be3dbf_c.jpg?resize=525%2C300&ssl=1 1.5x, https:\/\/i0.wp.com\/bno-travel.com\/wp-content\/uploads\/2025\/06\/52198855347_f963be3dbf_c.jpg?resize=700%2C400&ssl=1 2x"},"classes":[]},{"id":4395,"url":"https:\/\/bno-travel.com\/sv\/golf-i-trysil\/","url_meta":{"origin":4381,"position":5},"title":"Golf i Trysil","author":"Jan Terje \u00c5s","date":"18 juli 2025","format":false,"excerpt":"Golf i Trysil och Engerdal - Spela med utsikt \u00f6ver berg, skogar och tystnad V\u00e4lkommen till Trysil och Engerdal - ett riktigt golfparadis i natursk\u00f6na omgivningar! H\u00e4r hittar du v\u00e4lsk\u00f6tta banor, spektakul\u00e4ra vyer och rofyllda omgivningar som g\u00f6r golfupplevelsen till n\u00e5got alldeles extra. Oavsett om du \u00e4r en erfaren golfare\u2026","rel":"","context":"Liknande inl\u00e4gg","block_context":{"text":"Liknande inl\u00e4gg","link":""},"img":{"alt_text":"Golf i Trysil","src":"https:\/\/i0.wp.com\/bno-travel.com\/wp-content\/uploads\/2025\/06\/18670754034_e10bf74a7e_c.jpg?resize=350%2C200&ssl=1","width":350,"height":200,"srcset":"https:\/\/i0.wp.com\/bno-travel.com\/wp-content\/uploads\/2025\/06\/18670754034_e10bf74a7e_c.jpg?resize=350%2C200&ssl=1 1x, https:\/\/i0.wp.com\/bno-travel.com\/wp-content\/uploads\/2025\/06\/18670754034_e10bf74a7e_c.jpg?resize=525%2C300&ssl=1 1.5x"},"classes":[]}],"_links":{"self":[{"href":"https:\/\/bno-travel.com\/sv\/wp-json\/wp\/v2\/pages\/4381","targetHints":{"allow":["GET"]}}],"collection":[{"href":"https:\/\/bno-travel.com\/sv\/wp-json\/wp\/v2\/pages"}],"about":[{"href":"https:\/\/bno-travel.com\/sv\/wp-json\/wp\/v2\/types\/page"}],"author":[{"embeddable":true,"href":"https:\/\/bno-travel.com\/sv\/wp-json\/wp\/v2\/users\/260013438"}],"replies":[{"embeddable":true,"href":"https:\/\/bno-travel.com\/sv\/wp-json\/wp\/v2\/comments?post=4381"}],"version-history":[{"count":2,"href":"https:\/\/bno-travel.com\/sv\/wp-json\/wp\/v2\/pages\/4381\/revisions"}],"predecessor-version":[{"id":4732,"href":"https:\/\/bno-travel.com\/sv\/wp-json\/wp\/v2\/pages\/4381\/revisions\/4732"}],"wp:attachment":[{"href":"https:\/\/bno-travel.com\/sv\/wp-json\/wp\/v2\/media?parent=4381"}],"curies":[{"name":"wp","href":"https:\/\/api.w.org\/{rel}","templated":true}]}}